{"id":3892,"date":"2025-01-30T18:13:29","date_gmt":"2025-01-30T17:13:29","guid":{"rendered":"https:\/\/lechappeeclose.it\/produit\/cinemode-par-jean-paul-gaultier\/"},"modified":"2026-01-16T11:05:01","modified_gmt":"2026-01-16T10:05:01","slug":"cinemode-par-jean-paul-gaultier","status":"publish","type":"product","link":"http:\/\/lechappeeclose.it\/it\/boutique\/livres\/arts\/cinema\/cinemode-par-jean-paul-gaultier\/","title":{"rendered":"Cin\u00e9Mode par Jean Paul Gaultier"},"content":{"rendered":"<p>Falbalas, Funny Face, Catherine Deneuve, William Klein, Yves Saint Laurent, Chanel : certains films, com\u00e9diennes et couturiers renomm\u00e9s nous rappellent imm\u00e9diatement ce que le cin\u00e9ma et la mode ont pu engendrer en termes de collaborations f\u00e9condes, de magie, de renouveau des corps et de leurs images. Jean Paul Gaultier fait partie de ces incontournables, transformant le d\u00e9fil\u00e9 de mode en un spectacle proprement cin\u00e9matographique. Il collabora \u00e9galement comme costumier de cin\u00e9ma avec Pedro Almod\u00f3var, Peter Greenaway ou Tonie Marshall. Et Dieu cr\u00e9a l&#8217;Homme, Le Charme coinc\u00e9 de la bourgeoisie, James Blonde, Sleepy Hollow sont autant de collections plac\u00e9es sous le signe du septi\u00e8me art dont les titres t\u00e9moignent d&#8217;un m\u00e9lange de genres, d&#8217;humour, de sexualisation, de cin\u00e9philie et de pop culture. De souvenirs personnels en confidences impertinentes, Jean Paul Gaultier livre ici un regard fort sur les liens crois\u00e9s entre la mode et le cin\u00e9ma et se confie sur les films qui ont inspir\u00e9 sa vocation et ses cr\u00e9ations. \u00c0 l&#8217;image de son auteur, cet ouvrage est foisonnant de photographies de mode et de films, il pr\u00e9sente les t\u00e9moignages in\u00e9dits de Josiane Balasko, William Klein et Pedro Almod\u00f3var, ainsi qu&#8217;une bio-filmographie de Jean Paul Gaultier.<\/p>","protected":false},"excerpt":{"rendered":"<p>Falbalas, Funny Face, Catherine Deneuve, William Klein, Yves Saint Laurent, Chanel : certains films, com\u00e9diennes et couturiers renomm\u00e9s nous rappellent imm\u00e9diatement ce que le cin\u00e9ma et la mode ont pu engendrer en termes de collaborations f\u00e9condes, de magie, de renouveau des corps et de leurs images. Jean Paul Gaultier fait partie de ces incontournables, transformant [&hellip;]<\/p>","protected":false},"featured_media":3891,"comment_status":"open","ping_status":"closed","template":"","meta":[],"product_brand":[],"product_cat":[40,209],"product_tag":[],"class_list":{"0":"post-3892","1":"product","2":"type-product","3":"status-publish","4":"has-post-thumbnail","6":"product_cat-cinema","7":"product_cat-mode","9":"first","10":"instock","11":"taxable","12":"shipping-taxable","13":"purchasable","14":"product-type-simple"},"yoast_head":"<!-- This site is optimized with the Yoast SEO plugin v27.4 - https:\/\/yoast.com\/product\/yoast-seo-wordpress\/ -->\n<title>Cin\u00e9Mode par Jean Paul Gaultier - l&#039;\u00e9chapp\u00e9e close<\/title>\n<meta name=\"robots\" content=\"index, follow, max-snippet:-1, max-image-preview:large, max-video-preview:-1\" \/>\n<link rel=\"canonical\" href=\"http:\/\/lechappeeclose.it\/it\/boutique\/livres\/arts\/cinema\/cinemode-par-jean-paul-gaultier\/\" \/>\n<meta property=\"og:locale\" content=\"it_IT\" \/>\n<meta property=\"og:type\" content=\"article\" \/>\n<meta property=\"og:title\" content=\"Cin\u00e9Mode par Jean Paul Gaultier - l&#039;\u00e9chapp\u00e9e close\" \/>\n<meta property=\"og:description\" content=\"Falbalas, Funny Face, Catherine Deneuve, William Klein, Yves Saint Laurent, Chanel : certains films, com\u00e9diennes et couturiers renomm\u00e9s nous rappellent imm\u00e9diatement ce que le cin\u00e9ma et la mode ont pu engendrer en termes de collaborations f\u00e9condes, de magie, de renouveau des corps et de leurs images. Jean Paul Gaultier fait partie de ces incontournables, transformant [&hellip;]\" \/>\n<meta property=\"og:url\" content=\"http:\/\/lechappeeclose.it\/it\/boutique\/livres\/arts\/cinema\/cinemode-par-jean-paul-gaultier\/\" \/>\n<meta property=\"og:site_name\" content=\"l&#039;\u00e9chapp\u00e9e close\" \/>\n<meta property=\"article:modified_time\" content=\"2026-01-16T10:05:01+00:00\" \/>\n<meta property=\"og:image\" content=\"http:\/\/lechappeeclose.it\/wp-content\/uploads\/2025\/01\/CineMode-par-Jean-Paul-Gaultier.jpg\" \/>\n\t<meta property=\"og:image:width\" content=\"1358\" \/>\n\t<meta property=\"og:image:height\" content=\"1893\" \/>\n\t<meta property=\"og:image:type\" content=\"image\/jpeg\" \/>\n<meta name=\"twitter:card\" content=\"summary_large_image\" \/>\n<meta name=\"twitter:label1\" content=\"Tempo di lettura stimato\" \/>\n\t<meta name=\"twitter:data1\" content=\"1 minuto\" \/>\n<script type=\"application\/ld+json\" class=\"yoast-schema-graph\">{\"@context\":\"https:\\\/\\\/schema.org\",\"@graph\":[{\"@type\":\"WebPage\",\"@id\":\"http:\\\/\\\/lechappeeclose.it\\\/boutique\\\/livres\\\/arts\\\/cinema\\\/cinemode-par-jean-paul-gaultier\\\/\",\"url\":\"http:\\\/\\\/lechappeeclose.it\\\/boutique\\\/livres\\\/arts\\\/cinema\\\/cinemode-par-jean-paul-gaultier\\\/\",\"name\":\"Cin\u00e9Mode par Jean Paul Gaultier - l&#039;\u00e9chapp\u00e9e close\",\"isPartOf\":{\"@id\":\"http:\\\/\\\/lechappeeclose.it\\\/#website\"},\"primaryImageOfPage\":{\"@id\":\"http:\\\/\\\/lechappeeclose.it\\\/boutique\\\/livres\\\/arts\\\/cinema\\\/cinemode-par-jean-paul-gaultier\\\/#primaryimage\"},\"image\":{\"@id\":\"http:\\\/\\\/lechappeeclose.it\\\/boutique\\\/livres\\\/arts\\\/cinema\\\/cinemode-par-jean-paul-gaultier\\\/#primaryimage\"},\"thumbnailUrl\":\"http:\\\/\\\/lechappeeclose.it\\\/wp-content\\\/uploads\\\/2025\\\/01\\\/CineMode-par-Jean-Paul-Gaultier.jpg\",\"datePublished\":\"2025-01-30T17:13:29+00:00\",\"dateModified\":\"2026-01-16T10:05:01+00:00\",\"breadcrumb\":{\"@id\":\"http:\\\/\\\/lechappeeclose.it\\\/boutique\\\/livres\\\/arts\\\/cinema\\\/cinemode-par-jean-paul-gaultier\\\/#breadcrumb\"},\"inLanguage\":\"it-IT\",\"potentialAction\":[{\"@type\":\"ReadAction\",\"target\":[\"http:\\\/\\\/lechappeeclose.it\\\/boutique\\\/livres\\\/arts\\\/cinema\\\/cinemode-par-jean-paul-gaultier\\\/\"]}]},{\"@type\":\"ImageObject\",\"inLanguage\":\"it-IT\",\"@id\":\"http:\\\/\\\/lechappeeclose.it\\\/boutique\\\/livres\\\/arts\\\/cinema\\\/cinemode-par-jean-paul-gaultier\\\/#primaryimage\",\"url\":\"http:\\\/\\\/lechappeeclose.it\\\/wp-content\\\/uploads\\\/2025\\\/01\\\/CineMode-par-Jean-Paul-Gaultier.jpg\",\"contentUrl\":\"http:\\\/\\\/lechappeeclose.it\\\/wp-content\\\/uploads\\\/2025\\\/01\\\/CineMode-par-Jean-Paul-Gaultier.jpg\",\"width\":1358,\"height\":1893},{\"@type\":\"BreadcrumbList\",\"@id\":\"http:\\\/\\\/lechappeeclose.it\\\/boutique\\\/livres\\\/arts\\\/cinema\\\/cinemode-par-jean-paul-gaultier\\\/#breadcrumb\",\"itemListElement\":[{\"@type\":\"ListItem\",\"position\":1,\"name\":\"Accueil\",\"item\":\"http:\\\/\\\/lechappeeclose.it\\\/\"},{\"@type\":\"ListItem\",\"position\":2,\"name\":\"Boutique\",\"item\":\"http:\\\/\\\/lechappeeclose.it\\\/it\\\/boutique\\\/\"},{\"@type\":\"ListItem\",\"position\":3,\"name\":\"Cin\u00e9Mode par Jean Paul Gaultier\"}]},{\"@type\":\"WebSite\",\"@id\":\"http:\\\/\\\/lechappeeclose.it\\\/#website\",\"url\":\"http:\\\/\\\/lechappeeclose.it\\\/\",\"name\":\"l&#039;\u00e9chapp\u00e9e close\",\"description\":\"la librairie fran\u00e7aise de Milan\",\"publisher\":{\"@id\":\"http:\\\/\\\/lechappeeclose.it\\\/#organization\"},\"alternateName\":\"La librairie fran\u00e7aise de Milan\",\"potentialAction\":[{\"@type\":\"SearchAction\",\"target\":{\"@type\":\"EntryPoint\",\"urlTemplate\":\"http:\\\/\\\/lechappeeclose.it\\\/?s={search_term_string}\"},\"query-input\":{\"@type\":\"PropertyValueSpecification\",\"valueRequired\":true,\"valueName\":\"search_term_string\"}}],\"inLanguage\":\"it-IT\"},{\"@type\":\"Organization\",\"@id\":\"http:\\\/\\\/lechappeeclose.it\\\/#organization\",\"name\":\"l&#039;\u00e9chapp\u00e9e close\",\"url\":\"http:\\\/\\\/lechappeeclose.it\\\/\",\"logo\":{\"@type\":\"ImageObject\",\"inLanguage\":\"it-IT\",\"@id\":\"http:\\\/\\\/lechappeeclose.it\\\/#\\\/schema\\\/logo\\\/image\\\/\",\"url\":\"http:\\\/\\\/lechappeeclose.it\\\/wp-content\\\/uploads\\\/2025\\\/02\\\/cropped-logo-rond.png\",\"contentUrl\":\"http:\\\/\\\/lechappeeclose.it\\\/wp-content\\\/uploads\\\/2025\\\/02\\\/cropped-logo-rond.png\",\"width\":1080,\"height\":1080,\"caption\":\"l&#039;\u00e9chapp\u00e9e close\"},\"image\":{\"@id\":\"http:\\\/\\\/lechappeeclose.it\\\/#\\\/schema\\\/logo\\\/image\\\/\"},\"sameAs\":[\"https:\\\/\\\/www.instagram.com\\\/lechappeeclose\\\/\"]}]}<\/script>\n<!-- \/ Yoast SEO plugin. -->","yoast_head_json":{"title":"Cin\u00e9Mode par Jean Paul Gaultier - l&#039;\u00e9chapp\u00e9e close","robots":{"index":"index","follow":"follow","max-snippet":"max-snippet:-1","max-image-preview":"max-image-preview:large","max-video-preview":"max-video-preview:-1"},"canonical":"http:\/\/lechappeeclose.it\/it\/boutique\/livres\/arts\/cinema\/cinemode-par-jean-paul-gaultier\/","og_locale":"it_IT","og_type":"article","og_title":"Cin\u00e9Mode par Jean Paul Gaultier - l&#039;\u00e9chapp\u00e9e close","og_description":"Falbalas, Funny Face, Catherine Deneuve, William Klein, Yves Saint Laurent, Chanel : certains films, com\u00e9diennes et couturiers renomm\u00e9s nous rappellent imm\u00e9diatement ce que le cin\u00e9ma et la mode ont pu engendrer en termes de collaborations f\u00e9condes, de magie, de renouveau des corps et de leurs images. Jean Paul Gaultier fait partie de ces incontournables, transformant [&hellip;]","og_url":"http:\/\/lechappeeclose.it\/it\/boutique\/livres\/arts\/cinema\/cinemode-par-jean-paul-gaultier\/","og_site_name":"l&#039;\u00e9chapp\u00e9e close","article_modified_time":"2026-01-16T10:05:01+00:00","og_image":[{"width":1358,"height":1893,"url":"http:\/\/lechappeeclose.it\/wp-content\/uploads\/2025\/01\/CineMode-par-Jean-Paul-Gaultier.jpg","type":"image\/jpeg"}],"twitter_card":"summary_large_image","twitter_misc":{"Tempo di lettura stimato":"1 minuto"},"schema":{"@context":"https:\/\/schema.org","@graph":[{"@type":"WebPage","@id":"http:\/\/lechappeeclose.it\/boutique\/livres\/arts\/cinema\/cinemode-par-jean-paul-gaultier\/","url":"http:\/\/lechappeeclose.it\/boutique\/livres\/arts\/cinema\/cinemode-par-jean-paul-gaultier\/","name":"Cin\u00e9Mode par Jean Paul Gaultier - l&#039;\u00e9chapp\u00e9e close","isPartOf":{"@id":"http:\/\/lechappeeclose.it\/#website"},"primaryImageOfPage":{"@id":"http:\/\/lechappeeclose.it\/boutique\/livres\/arts\/cinema\/cinemode-par-jean-paul-gaultier\/#primaryimage"},"image":{"@id":"http:\/\/lechappeeclose.it\/boutique\/livres\/arts\/cinema\/cinemode-par-jean-paul-gaultier\/#primaryimage"},"thumbnailUrl":"http:\/\/lechappeeclose.it\/wp-content\/uploads\/2025\/01\/CineMode-par-Jean-Paul-Gaultier.jpg","datePublished":"2025-01-30T17:13:29+00:00","dateModified":"2026-01-16T10:05:01+00:00","breadcrumb":{"@id":"http:\/\/lechappeeclose.it\/boutique\/livres\/arts\/cinema\/cinemode-par-jean-paul-gaultier\/#breadcrumb"},"inLanguage":"it-IT","potentialAction":[{"@type":"ReadAction","target":["http:\/\/lechappeeclose.it\/boutique\/livres\/arts\/cinema\/cinemode-par-jean-paul-gaultier\/"]}]},{"@type":"ImageObject","inLanguage":"it-IT","@id":"http:\/\/lechappeeclose.it\/boutique\/livres\/arts\/cinema\/cinemode-par-jean-paul-gaultier\/#primaryimage","url":"http:\/\/lechappeeclose.it\/wp-content\/uploads\/2025\/01\/CineMode-par-Jean-Paul-Gaultier.jpg","contentUrl":"http:\/\/lechappeeclose.it\/wp-content\/uploads\/2025\/01\/CineMode-par-Jean-Paul-Gaultier.jpg","width":1358,"height":1893},{"@type":"BreadcrumbList","@id":"http:\/\/lechappeeclose.it\/boutique\/livres\/arts\/cinema\/cinemode-par-jean-paul-gaultier\/#breadcrumb","itemListElement":[{"@type":"ListItem","position":1,"name":"Accueil","item":"http:\/\/lechappeeclose.it\/"},{"@type":"ListItem","position":2,"name":"Boutique","item":"http:\/\/lechappeeclose.it\/it\/boutique\/"},{"@type":"ListItem","position":3,"name":"Cin\u00e9Mode par Jean Paul Gaultier"}]},{"@type":"WebSite","@id":"http:\/\/lechappeeclose.it\/#website","url":"http:\/\/lechappeeclose.it\/","name":"l&#039;\u00e9chapp\u00e9e close","description":"La libreria francese di Milano","publisher":{"@id":"http:\/\/lechappeeclose.it\/#organization"},"alternateName":"La librairie fran\u00e7aise de Milan","potentialAction":[{"@type":"SearchAction","target":{"@type":"EntryPoint","urlTemplate":"http:\/\/lechappeeclose.it\/?s={search_term_string}"},"query-input":{"@type":"PropertyValueSpecification","valueRequired":true,"valueName":"search_term_string"}}],"inLanguage":"it-IT"},{"@type":"Organization","@id":"http:\/\/lechappeeclose.it\/#organization","name":"l&#039;\u00e9chapp\u00e9e close","url":"http:\/\/lechappeeclose.it\/","logo":{"@type":"ImageObject","inLanguage":"it-IT","@id":"http:\/\/lechappeeclose.it\/#\/schema\/logo\/image\/","url":"http:\/\/lechappeeclose.it\/wp-content\/uploads\/2025\/02\/cropped-logo-rond.png","contentUrl":"http:\/\/lechappeeclose.it\/wp-content\/uploads\/2025\/02\/cropped-logo-rond.png","width":1080,"height":1080,"caption":"l&#039;\u00e9chapp\u00e9e close"},"image":{"@id":"http:\/\/lechappeeclose.it\/#\/schema\/logo\/image\/"},"sameAs":["https:\/\/www.instagram.com\/lechappeeclose\/"]}]}},"_links":{"self":[{"href":"http:\/\/lechappeeclose.it\/it\/wp-json\/wp\/v2\/product\/3892","targetHints":{"allow":["GET"]}}],"collection":[{"href":"http:\/\/lechappeeclose.it\/it\/wp-json\/wp\/v2\/product"}],"about":[{"href":"http:\/\/lechappeeclose.it\/it\/wp-json\/wp\/v2\/types\/product"}],"replies":[{"embeddable":true,"href":"http:\/\/lechappeeclose.it\/it\/wp-json\/wp\/v2\/comments?post=3892"}],"wp:featuredmedia":[{"embeddable":true,"href":"http:\/\/lechappeeclose.it\/it\/wp-json\/wp\/v2\/media\/3891"}],"wp:attachment":[{"href":"http:\/\/lechappeeclose.it\/it\/wp-json\/wp\/v2\/media?parent=3892"}],"wp:term":[{"taxonomy":"product_brand","embeddable":true,"href":"http:\/\/lechappeeclose.it\/it\/wp-json\/wp\/v2\/product_brand?post=3892"},{"taxonomy":"product_cat","embeddable":true,"href":"http:\/\/lechappeeclose.it\/it\/wp-json\/wp\/v2\/product_cat?post=3892"},{"taxonomy":"product_tag","embeddable":true,"href":"http:\/\/lechappeeclose.it\/it\/wp-json\/wp\/v2\/product_tag?post=3892"}],"curies":[{"name":"wp","href":"https:\/\/api.w.org\/{rel}","templated":true}]}}