{"id":3796,"date":"2025-01-30T17:36:51","date_gmt":"2025-01-30T16:36:51","guid":{"rendered":"https:\/\/lechappeeclose.it\/produit\/nous-ne-vieillirons-pas-ensemble\/"},"modified":"2025-01-30T17:36:51","modified_gmt":"2025-01-30T16:36:51","slug":"nous-ne-vieillirons-pas-ensemble","status":"publish","type":"product","link":"http:\/\/lechappeeclose.it\/it\/boutique\/livres\/arts\/cinema\/nous-ne-vieillirons-pas-ensemble\/","title":{"rendered":"Nous ne vieillirons pas ensemble"},"content":{"rendered":"<p>\u00ab Nous ne vieillirons pas ensemble s&#8217;apparente \u00e0 ces grands romans de la faiblesse masculine. Insidieusement la r\u00e9alit\u00e9 de l&#8217;abandon s&#8217;impose \u00e0 un homme incr\u00e9dule qui abusait de son pouvoir, r\u00eavait sa vie et r\u00eavait sa violence. L&#8217;art de Pialat est un art d&#8217;une puissante humanit\u00e9, sans pr\u00e9caution, sans scrupule, sans effort pour rendre les personnages sympathiques. On est dans la peau, le gros grain, &#8220;l&#8217;homme nu&#8221; disait Simenon. \u00bbCes paroles de Jacques Fieschi (c\u00e9l\u00e8bre critique de cin\u00e9ma, r\u00e9alisateur et \u00e9crivain) r\u00e9sument bien la m\u00e9thode Pialat, qui diss\u00e8que sans complaisance les tourments amoureux, o\u00f9 chacun \u00e9pouse tour \u00e0 tour le r\u00f4le du fort et du faible. Un grand film, mais aussi un roman m\u00e9morable.<\/p>","protected":false},"excerpt":{"rendered":"<p>\u00ab Nous ne vieillirons pas ensemble s&#8217;apparente \u00e0 ces grands romans de la faiblesse masculine. Insidieusement la r\u00e9alit\u00e9 de l&#8217;abandon s&#8217;impose \u00e0 un homme incr\u00e9dule qui abusait de son pouvoir, r\u00eavait sa vie et r\u00eavait sa violence. L&#8217;art de Pialat est un art d&#8217;une puissante humanit\u00e9, sans pr\u00e9caution, sans scrupule, sans effort pour rendre les [&hellip;]<\/p>","protected":false},"featured_media":3795,"comment_status":"open","ping_status":"closed","template":"","meta":[],"product_brand":[],"product_cat":[40],"product_tag":[],"class_list":{"0":"post-3796","1":"product","2":"type-product","3":"status-publish","4":"has-post-thumbnail","6":"product_cat-cinema","8":"first","9":"instock","10":"taxable","11":"shipping-taxable","12":"purchasable","13":"product-type-simple"},"yoast_head":"<!-- This site is optimized with the Yoast SEO plugin v27.4 - https:\/\/yoast.com\/product\/yoast-seo-wordpress\/ -->\n<title>Nous ne vieillirons pas ensemble - l&#039;\u00e9chapp\u00e9e close<\/title>\n<meta name=\"robots\" content=\"index, follow, max-snippet:-1, max-image-preview:large, max-video-preview:-1\" \/>\n<link rel=\"canonical\" href=\"http:\/\/lechappeeclose.it\/it\/boutique\/livres\/arts\/cinema\/nous-ne-vieillirons-pas-ensemble\/\" \/>\n<meta property=\"og:locale\" content=\"it_IT\" \/>\n<meta property=\"og:type\" content=\"article\" \/>\n<meta property=\"og:title\" content=\"Nous ne vieillirons pas ensemble - l&#039;\u00e9chapp\u00e9e close\" \/>\n<meta property=\"og:description\" content=\"\u00ab Nous ne vieillirons pas ensemble s&#8217;apparente \u00e0 ces grands romans de la faiblesse masculine. Insidieusement la r\u00e9alit\u00e9 de l&#8217;abandon s&#8217;impose \u00e0 un homme incr\u00e9dule qui abusait de son pouvoir, r\u00eavait sa vie et r\u00eavait sa violence. L&#8217;art de Pialat est un art d&#8217;une puissante humanit\u00e9, sans pr\u00e9caution, sans scrupule, sans effort pour rendre les [&hellip;]\" \/>\n<meta property=\"og:url\" content=\"http:\/\/lechappeeclose.it\/it\/boutique\/livres\/arts\/cinema\/nous-ne-vieillirons-pas-ensemble\/\" \/>\n<meta property=\"og:site_name\" content=\"l&#039;\u00e9chapp\u00e9e close\" \/>\n<meta property=\"og:image\" content=\"http:\/\/lechappeeclose.it\/wp-content\/uploads\/2025\/01\/Nous-ne-vieillirons-pas-ensemble.jpg\" \/>\n\t<meta property=\"og:image:width\" content=\"1649\" \/>\n\t<meta property=\"og:image:height\" content=\"2500\" \/>\n\t<meta property=\"og:image:type\" content=\"image\/jpeg\" \/>\n<meta name=\"twitter:card\" content=\"summary_large_image\" \/>\n<meta name=\"twitter:label1\" content=\"Tempo di lettura stimato\" \/>\n\t<meta name=\"twitter:data1\" content=\"1 minuto\" \/>\n<script type=\"application\/ld+json\" class=\"yoast-schema-graph\">{\"@context\":\"https:\\\/\\\/schema.org\",\"@graph\":[{\"@type\":\"WebPage\",\"@id\":\"http:\\\/\\\/lechappeeclose.it\\\/it\\\/boutique\\\/livres\\\/arts\\\/cinema\\\/nous-ne-vieillirons-pas-ensemble\\\/\",\"url\":\"http:\\\/\\\/lechappeeclose.it\\\/it\\\/boutique\\\/livres\\\/arts\\\/cinema\\\/nous-ne-vieillirons-pas-ensemble\\\/\",\"name\":\"Nous ne vieillirons pas ensemble - l&#039;\u00e9chapp\u00e9e close\",\"isPartOf\":{\"@id\":\"http:\\\/\\\/lechappeeclose.it\\\/#website\"},\"primaryImageOfPage\":{\"@id\":\"http:\\\/\\\/lechappeeclose.it\\\/it\\\/boutique\\\/livres\\\/arts\\\/cinema\\\/nous-ne-vieillirons-pas-ensemble\\\/#primaryimage\"},\"image\":{\"@id\":\"http:\\\/\\\/lechappeeclose.it\\\/it\\\/boutique\\\/livres\\\/arts\\\/cinema\\\/nous-ne-vieillirons-pas-ensemble\\\/#primaryimage\"},\"thumbnailUrl\":\"http:\\\/\\\/lechappeeclose.it\\\/wp-content\\\/uploads\\\/2025\\\/01\\\/Nous-ne-vieillirons-pas-ensemble.jpg\",\"datePublished\":\"2025-01-30T16:36:51+00:00\",\"breadcrumb\":{\"@id\":\"http:\\\/\\\/lechappeeclose.it\\\/it\\\/boutique\\\/livres\\\/arts\\\/cinema\\\/nous-ne-vieillirons-pas-ensemble\\\/#breadcrumb\"},\"inLanguage\":\"it-IT\",\"potentialAction\":[{\"@type\":\"ReadAction\",\"target\":[\"http:\\\/\\\/lechappeeclose.it\\\/it\\\/boutique\\\/livres\\\/arts\\\/cinema\\\/nous-ne-vieillirons-pas-ensemble\\\/\"]}]},{\"@type\":\"ImageObject\",\"inLanguage\":\"it-IT\",\"@id\":\"http:\\\/\\\/lechappeeclose.it\\\/it\\\/boutique\\\/livres\\\/arts\\\/cinema\\\/nous-ne-vieillirons-pas-ensemble\\\/#primaryimage\",\"url\":\"http:\\\/\\\/lechappeeclose.it\\\/wp-content\\\/uploads\\\/2025\\\/01\\\/Nous-ne-vieillirons-pas-ensemble.jpg\",\"contentUrl\":\"http:\\\/\\\/lechappeeclose.it\\\/wp-content\\\/uploads\\\/2025\\\/01\\\/Nous-ne-vieillirons-pas-ensemble.jpg\",\"width\":1649,\"height\":2500},{\"@type\":\"BreadcrumbList\",\"@id\":\"http:\\\/\\\/lechappeeclose.it\\\/it\\\/boutique\\\/livres\\\/arts\\\/cinema\\\/nous-ne-vieillirons-pas-ensemble\\\/#breadcrumb\",\"itemListElement\":[{\"@type\":\"ListItem\",\"position\":1,\"name\":\"Accueil\",\"item\":\"http:\\\/\\\/lechappeeclose.it\\\/\"},{\"@type\":\"ListItem\",\"position\":2,\"name\":\"Boutique\",\"item\":\"http:\\\/\\\/lechappeeclose.it\\\/it\\\/boutique\\\/\"},{\"@type\":\"ListItem\",\"position\":3,\"name\":\"Nous ne vieillirons pas ensemble\"}]},{\"@type\":\"WebSite\",\"@id\":\"http:\\\/\\\/lechappeeclose.it\\\/#website\",\"url\":\"http:\\\/\\\/lechappeeclose.it\\\/\",\"name\":\"l&#039;\u00e9chapp\u00e9e close\",\"description\":\"la librairie fran\u00e7aise de Milan\",\"publisher\":{\"@id\":\"http:\\\/\\\/lechappeeclose.it\\\/#organization\"},\"alternateName\":\"La librairie fran\u00e7aise de Milan\",\"potentialAction\":[{\"@type\":\"SearchAction\",\"target\":{\"@type\":\"EntryPoint\",\"urlTemplate\":\"http:\\\/\\\/lechappeeclose.it\\\/?s={search_term_string}\"},\"query-input\":{\"@type\":\"PropertyValueSpecification\",\"valueRequired\":true,\"valueName\":\"search_term_string\"}}],\"inLanguage\":\"it-IT\"},{\"@type\":\"Organization\",\"@id\":\"http:\\\/\\\/lechappeeclose.it\\\/#organization\",\"name\":\"l&#039;\u00e9chapp\u00e9e close\",\"url\":\"http:\\\/\\\/lechappeeclose.it\\\/\",\"logo\":{\"@type\":\"ImageObject\",\"inLanguage\":\"it-IT\",\"@id\":\"http:\\\/\\\/lechappeeclose.it\\\/#\\\/schema\\\/logo\\\/image\\\/\",\"url\":\"http:\\\/\\\/lechappeeclose.it\\\/wp-content\\\/uploads\\\/2025\\\/02\\\/cropped-logo-rond.png\",\"contentUrl\":\"http:\\\/\\\/lechappeeclose.it\\\/wp-content\\\/uploads\\\/2025\\\/02\\\/cropped-logo-rond.png\",\"width\":1080,\"height\":1080,\"caption\":\"l&#039;\u00e9chapp\u00e9e close\"},\"image\":{\"@id\":\"http:\\\/\\\/lechappeeclose.it\\\/#\\\/schema\\\/logo\\\/image\\\/\"},\"sameAs\":[\"https:\\\/\\\/www.instagram.com\\\/lechappeeclose\\\/\"]}]}<\/script>\n<!-- \/ Yoast SEO plugin. -->","yoast_head_json":{"title":"Nous ne vieillirons pas ensemble - l&#039;\u00e9chapp\u00e9e close","robots":{"index":"index","follow":"follow","max-snippet":"max-snippet:-1","max-image-preview":"max-image-preview:large","max-video-preview":"max-video-preview:-1"},"canonical":"http:\/\/lechappeeclose.it\/it\/boutique\/livres\/arts\/cinema\/nous-ne-vieillirons-pas-ensemble\/","og_locale":"it_IT","og_type":"article","og_title":"Nous ne vieillirons pas ensemble - l&#039;\u00e9chapp\u00e9e close","og_description":"\u00ab Nous ne vieillirons pas ensemble s&#8217;apparente \u00e0 ces grands romans de la faiblesse masculine. Insidieusement la r\u00e9alit\u00e9 de l&#8217;abandon s&#8217;impose \u00e0 un homme incr\u00e9dule qui abusait de son pouvoir, r\u00eavait sa vie et r\u00eavait sa violence. L&#8217;art de Pialat est un art d&#8217;une puissante humanit\u00e9, sans pr\u00e9caution, sans scrupule, sans effort pour rendre les [&hellip;]","og_url":"http:\/\/lechappeeclose.it\/it\/boutique\/livres\/arts\/cinema\/nous-ne-vieillirons-pas-ensemble\/","og_site_name":"l&#039;\u00e9chapp\u00e9e close","og_image":[{"width":1649,"height":2500,"url":"http:\/\/lechappeeclose.it\/wp-content\/uploads\/2025\/01\/Nous-ne-vieillirons-pas-ensemble.jpg","type":"image\/jpeg"}],"twitter_card":"summary_large_image","twitter_misc":{"Tempo di lettura stimato":"1 minuto"},"schema":{"@context":"https:\/\/schema.org","@graph":[{"@type":"WebPage","@id":"http:\/\/lechappeeclose.it\/it\/boutique\/livres\/arts\/cinema\/nous-ne-vieillirons-pas-ensemble\/","url":"http:\/\/lechappeeclose.it\/it\/boutique\/livres\/arts\/cinema\/nous-ne-vieillirons-pas-ensemble\/","name":"Nous ne vieillirons pas ensemble - l&#039;\u00e9chapp\u00e9e close","isPartOf":{"@id":"http:\/\/lechappeeclose.it\/#website"},"primaryImageOfPage":{"@id":"http:\/\/lechappeeclose.it\/it\/boutique\/livres\/arts\/cinema\/nous-ne-vieillirons-pas-ensemble\/#primaryimage"},"image":{"@id":"http:\/\/lechappeeclose.it\/it\/boutique\/livres\/arts\/cinema\/nous-ne-vieillirons-pas-ensemble\/#primaryimage"},"thumbnailUrl":"http:\/\/lechappeeclose.it\/wp-content\/uploads\/2025\/01\/Nous-ne-vieillirons-pas-ensemble.jpg","datePublished":"2025-01-30T16:36:51+00:00","breadcrumb":{"@id":"http:\/\/lechappeeclose.it\/it\/boutique\/livres\/arts\/cinema\/nous-ne-vieillirons-pas-ensemble\/#breadcrumb"},"inLanguage":"it-IT","potentialAction":[{"@type":"ReadAction","target":["http:\/\/lechappeeclose.it\/it\/boutique\/livres\/arts\/cinema\/nous-ne-vieillirons-pas-ensemble\/"]}]},{"@type":"ImageObject","inLanguage":"it-IT","@id":"http:\/\/lechappeeclose.it\/it\/boutique\/livres\/arts\/cinema\/nous-ne-vieillirons-pas-ensemble\/#primaryimage","url":"http:\/\/lechappeeclose.it\/wp-content\/uploads\/2025\/01\/Nous-ne-vieillirons-pas-ensemble.jpg","contentUrl":"http:\/\/lechappeeclose.it\/wp-content\/uploads\/2025\/01\/Nous-ne-vieillirons-pas-ensemble.jpg","width":1649,"height":2500},{"@type":"BreadcrumbList","@id":"http:\/\/lechappeeclose.it\/it\/boutique\/livres\/arts\/cinema\/nous-ne-vieillirons-pas-ensemble\/#breadcrumb","itemListElement":[{"@type":"ListItem","position":1,"name":"Accueil","item":"http:\/\/lechappeeclose.it\/"},{"@type":"ListItem","position":2,"name":"Boutique","item":"http:\/\/lechappeeclose.it\/it\/boutique\/"},{"@type":"ListItem","position":3,"name":"Nous ne vieillirons pas ensemble"}]},{"@type":"WebSite","@id":"http:\/\/lechappeeclose.it\/#website","url":"http:\/\/lechappeeclose.it\/","name":"l&#039;\u00e9chapp\u00e9e close","description":"La libreria francese di Milano","publisher":{"@id":"http:\/\/lechappeeclose.it\/#organization"},"alternateName":"La librairie fran\u00e7aise de Milan","potentialAction":[{"@type":"SearchAction","target":{"@type":"EntryPoint","urlTemplate":"http:\/\/lechappeeclose.it\/?s={search_term_string}"},"query-input":{"@type":"PropertyValueSpecification","valueRequired":true,"valueName":"search_term_string"}}],"inLanguage":"it-IT"},{"@type":"Organization","@id":"http:\/\/lechappeeclose.it\/#organization","name":"l&#039;\u00e9chapp\u00e9e close","url":"http:\/\/lechappeeclose.it\/","logo":{"@type":"ImageObject","inLanguage":"it-IT","@id":"http:\/\/lechappeeclose.it\/#\/schema\/logo\/image\/","url":"http:\/\/lechappeeclose.it\/wp-content\/uploads\/2025\/02\/cropped-logo-rond.png","contentUrl":"http:\/\/lechappeeclose.it\/wp-content\/uploads\/2025\/02\/cropped-logo-rond.png","width":1080,"height":1080,"caption":"l&#039;\u00e9chapp\u00e9e close"},"image":{"@id":"http:\/\/lechappeeclose.it\/#\/schema\/logo\/image\/"},"sameAs":["https:\/\/www.instagram.com\/lechappeeclose\/"]}]}},"_links":{"self":[{"href":"http:\/\/lechappeeclose.it\/it\/wp-json\/wp\/v2\/product\/3796","targetHints":{"allow":["GET"]}}],"collection":[{"href":"http:\/\/lechappeeclose.it\/it\/wp-json\/wp\/v2\/product"}],"about":[{"href":"http:\/\/lechappeeclose.it\/it\/wp-json\/wp\/v2\/types\/product"}],"replies":[{"embeddable":true,"href":"http:\/\/lechappeeclose.it\/it\/wp-json\/wp\/v2\/comments?post=3796"}],"wp:featuredmedia":[{"embeddable":true,"href":"http:\/\/lechappeeclose.it\/it\/wp-json\/wp\/v2\/media\/3795"}],"wp:attachment":[{"href":"http:\/\/lechappeeclose.it\/it\/wp-json\/wp\/v2\/media?parent=3796"}],"wp:term":[{"taxonomy":"product_brand","embeddable":true,"href":"http:\/\/lechappeeclose.it\/it\/wp-json\/wp\/v2\/product_brand?post=3796"},{"taxonomy":"product_cat","embeddable":true,"href":"http:\/\/lechappeeclose.it\/it\/wp-json\/wp\/v2\/product_cat?post=3796"},{"taxonomy":"product_tag","embeddable":true,"href":"http:\/\/lechappeeclose.it\/it\/wp-json\/wp\/v2\/product_tag?post=3796"}],"curies":[{"name":"wp","href":"https:\/\/api.w.org\/{rel}","templated":true}]}}