{"id":3786,"date":"2025-01-30T17:34:07","date_gmt":"2025-01-30T16:34:07","guid":{"rendered":"https:\/\/lechappeeclose.it\/produit\/tu-nas-rien-vu-a-hiroshima\/"},"modified":"2025-01-30T17:34:07","modified_gmt":"2025-01-30T16:34:07","slug":"tu-nas-rien-vu-a-hiroshima","status":"publish","type":"product","link":"http:\/\/lechappeeclose.it\/it\/boutique\/livres\/arts\/photographie\/tu-nas-rien-vu-a-hiroshima\/","title":{"rendered":"Tu n&#8217;as rien vu \u00e0 Hiroshima"},"content":{"rendered":"<p>Le 28 juillet 1958, le cin\u00e9aste Alain Resnais partait au Japon tourner l&#8217;essentiel de ce qui allait devenir un film mythique de l&#8217;histoire du cin\u00e9ma : Hiroshima mon amour. C&#8217;est son premier long-m\u00e9trage et le premier sc\u00e9nario de l&#8217;\u00e9crivain Marguerite Duras. Le cinquanti\u00e8me anniversaire de ce tournage historique est l&#8217;occasion de proposer un regard nouveau sur ce film \u00e0 travers des textes de Chihiro Minato, Marie-Christine de Navacelle, Dominique Noguez, et aussi d&#8217;un entretien avec Emmanuelle Riva. Un remarquable ensemble de photographies, qu&#8217;elle a prises avant le tournage, de la ville d&#8217;Hiroshima, de ses habitants et surtout de ses enfants, est pr\u00e9sent\u00e9 pour le premi\u00e8re fois. Ces images exceptionnelles \u00e9clairent le film comme elles \u00e9clairent la r\u00e9surrection, treize ans apr\u00e8s le drame du 6 ao\u00fbt 1945, de la premi\u00e8re ville frapp\u00e9e par la bombe atomique. \u00c0 ces documents s&#8217;en ajoutent d&#8217;autres, tout aussi rares, des lettres d&#8217;Alain Resnais \u00e0 Marguerite Duras, des photos du tournage, des pages du journal et des carnets de la scripte, Sylvette Baudrot.<\/p>","protected":false},"excerpt":{"rendered":"<p>Le 28 juillet 1958, le cin\u00e9aste Alain Resnais partait au Japon tourner l&#8217;essentiel de ce qui allait devenir un film mythique de l&#8217;histoire du cin\u00e9ma : Hiroshima mon amour. C&#8217;est son premier long-m\u00e9trage et le premier sc\u00e9nario de l&#8217;\u00e9crivain Marguerite Duras. Le cinquanti\u00e8me anniversaire de ce tournage historique est l&#8217;occasion de proposer un regard nouveau [&hellip;]<\/p>","protected":false},"featured_media":3785,"comment_status":"open","ping_status":"closed","template":"","meta":[],"product_brand":[],"product_cat":[40,39],"product_tag":[],"class_list":{"0":"post-3786","1":"product","2":"type-product","3":"status-publish","4":"has-post-thumbnail","6":"product_cat-cinema","7":"product_cat-photographie","9":"first","10":"instock","11":"taxable","12":"shipping-taxable","13":"purchasable","14":"product-type-simple"},"yoast_head":"<!-- This site is optimized with the Yoast SEO plugin v27.4 - https:\/\/yoast.com\/product\/yoast-seo-wordpress\/ -->\n<title>Tu n&#039;as rien vu \u00e0 Hiroshima - l&#039;\u00e9chapp\u00e9e close<\/title>\n<meta name=\"robots\" content=\"index, follow, max-snippet:-1, max-image-preview:large, max-video-preview:-1\" \/>\n<link rel=\"canonical\" href=\"http:\/\/lechappeeclose.it\/it\/boutique\/livres\/arts\/photographie\/tu-nas-rien-vu-a-hiroshima\/\" \/>\n<meta property=\"og:locale\" content=\"it_IT\" \/>\n<meta property=\"og:type\" content=\"article\" \/>\n<meta property=\"og:title\" content=\"Tu n&#039;as rien vu \u00e0 Hiroshima - l&#039;\u00e9chapp\u00e9e close\" \/>\n<meta property=\"og:description\" content=\"Le 28 juillet 1958, le cin\u00e9aste Alain Resnais partait au Japon tourner l&#8217;essentiel de ce qui allait devenir un film mythique de l&#8217;histoire du cin\u00e9ma : Hiroshima mon amour. C&#8217;est son premier long-m\u00e9trage et le premier sc\u00e9nario de l&#8217;\u00e9crivain Marguerite Duras. Le cinquanti\u00e8me anniversaire de ce tournage historique est l&#8217;occasion de proposer un regard nouveau [&hellip;]\" \/>\n<meta property=\"og:url\" content=\"http:\/\/lechappeeclose.it\/it\/boutique\/livres\/arts\/photographie\/tu-nas-rien-vu-a-hiroshima\/\" \/>\n<meta property=\"og:site_name\" content=\"l&#039;\u00e9chapp\u00e9e close\" \/>\n<meta property=\"og:image\" content=\"http:\/\/lechappeeclose.it\/wp-content\/uploads\/2025\/01\/Tu-nas-rien-vu-a-Hiroshima.jpg\" \/>\n\t<meta property=\"og:image:width\" content=\"318\" \/>\n\t<meta property=\"og:image:height\" content=\"293\" \/>\n\t<meta property=\"og:image:type\" content=\"image\/jpeg\" \/>\n<meta name=\"twitter:card\" content=\"summary_large_image\" \/>\n<meta name=\"twitter:label1\" content=\"Tempo di lettura stimato\" \/>\n\t<meta name=\"twitter:data1\" content=\"1 minuto\" \/>\n<script type=\"application\/ld+json\" class=\"yoast-schema-graph\">{\"@context\":\"https:\\\/\\\/schema.org\",\"@graph\":[{\"@type\":\"WebPage\",\"@id\":\"http:\\\/\\\/lechappeeclose.it\\\/it\\\/boutique\\\/livres\\\/arts\\\/photographie\\\/tu-nas-rien-vu-a-hiroshima\\\/\",\"url\":\"http:\\\/\\\/lechappeeclose.it\\\/it\\\/boutique\\\/livres\\\/arts\\\/photographie\\\/tu-nas-rien-vu-a-hiroshima\\\/\",\"name\":\"Tu n'as rien vu \u00e0 Hiroshima - l&#039;\u00e9chapp\u00e9e close\",\"isPartOf\":{\"@id\":\"http:\\\/\\\/lechappeeclose.it\\\/#website\"},\"primaryImageOfPage\":{\"@id\":\"http:\\\/\\\/lechappeeclose.it\\\/it\\\/boutique\\\/livres\\\/arts\\\/photographie\\\/tu-nas-rien-vu-a-hiroshima\\\/#primaryimage\"},\"image\":{\"@id\":\"http:\\\/\\\/lechappeeclose.it\\\/it\\\/boutique\\\/livres\\\/arts\\\/photographie\\\/tu-nas-rien-vu-a-hiroshima\\\/#primaryimage\"},\"thumbnailUrl\":\"http:\\\/\\\/lechappeeclose.it\\\/wp-content\\\/uploads\\\/2025\\\/01\\\/Tu-nas-rien-vu-a-Hiroshima.jpg\",\"datePublished\":\"2025-01-30T16:34:07+00:00\",\"breadcrumb\":{\"@id\":\"http:\\\/\\\/lechappeeclose.it\\\/it\\\/boutique\\\/livres\\\/arts\\\/photographie\\\/tu-nas-rien-vu-a-hiroshima\\\/#breadcrumb\"},\"inLanguage\":\"it-IT\",\"potentialAction\":[{\"@type\":\"ReadAction\",\"target\":[\"http:\\\/\\\/lechappeeclose.it\\\/it\\\/boutique\\\/livres\\\/arts\\\/photographie\\\/tu-nas-rien-vu-a-hiroshima\\\/\"]}]},{\"@type\":\"ImageObject\",\"inLanguage\":\"it-IT\",\"@id\":\"http:\\\/\\\/lechappeeclose.it\\\/it\\\/boutique\\\/livres\\\/arts\\\/photographie\\\/tu-nas-rien-vu-a-hiroshima\\\/#primaryimage\",\"url\":\"http:\\\/\\\/lechappeeclose.it\\\/wp-content\\\/uploads\\\/2025\\\/01\\\/Tu-nas-rien-vu-a-Hiroshima.jpg\",\"contentUrl\":\"http:\\\/\\\/lechappeeclose.it\\\/wp-content\\\/uploads\\\/2025\\\/01\\\/Tu-nas-rien-vu-a-Hiroshima.jpg\",\"width\":318,\"height\":293},{\"@type\":\"BreadcrumbList\",\"@id\":\"http:\\\/\\\/lechappeeclose.it\\\/it\\\/boutique\\\/livres\\\/arts\\\/photographie\\\/tu-nas-rien-vu-a-hiroshima\\\/#breadcrumb\",\"itemListElement\":[{\"@type\":\"ListItem\",\"position\":1,\"name\":\"Accueil\",\"item\":\"http:\\\/\\\/lechappeeclose.it\\\/\"},{\"@type\":\"ListItem\",\"position\":2,\"name\":\"Boutique\",\"item\":\"http:\\\/\\\/lechappeeclose.it\\\/it\\\/boutique\\\/\"},{\"@type\":\"ListItem\",\"position\":3,\"name\":\"Tu n&#8217;as rien vu \u00e0 Hiroshima\"}]},{\"@type\":\"WebSite\",\"@id\":\"http:\\\/\\\/lechappeeclose.it\\\/#website\",\"url\":\"http:\\\/\\\/lechappeeclose.it\\\/\",\"name\":\"l&#039;\u00e9chapp\u00e9e close\",\"description\":\"la librairie fran\u00e7aise de Milan\",\"publisher\":{\"@id\":\"http:\\\/\\\/lechappeeclose.it\\\/#organization\"},\"alternateName\":\"La librairie fran\u00e7aise de Milan\",\"potentialAction\":[{\"@type\":\"SearchAction\",\"target\":{\"@type\":\"EntryPoint\",\"urlTemplate\":\"http:\\\/\\\/lechappeeclose.it\\\/?s={search_term_string}\"},\"query-input\":{\"@type\":\"PropertyValueSpecification\",\"valueRequired\":true,\"valueName\":\"search_term_string\"}}],\"inLanguage\":\"it-IT\"},{\"@type\":\"Organization\",\"@id\":\"http:\\\/\\\/lechappeeclose.it\\\/#organization\",\"name\":\"l&#039;\u00e9chapp\u00e9e close\",\"url\":\"http:\\\/\\\/lechappeeclose.it\\\/\",\"logo\":{\"@type\":\"ImageObject\",\"inLanguage\":\"it-IT\",\"@id\":\"http:\\\/\\\/lechappeeclose.it\\\/#\\\/schema\\\/logo\\\/image\\\/\",\"url\":\"http:\\\/\\\/lechappeeclose.it\\\/wp-content\\\/uploads\\\/2025\\\/02\\\/cropped-logo-rond.png\",\"contentUrl\":\"http:\\\/\\\/lechappeeclose.it\\\/wp-content\\\/uploads\\\/2025\\\/02\\\/cropped-logo-rond.png\",\"width\":1080,\"height\":1080,\"caption\":\"l&#039;\u00e9chapp\u00e9e close\"},\"image\":{\"@id\":\"http:\\\/\\\/lechappeeclose.it\\\/#\\\/schema\\\/logo\\\/image\\\/\"},\"sameAs\":[\"https:\\\/\\\/www.instagram.com\\\/lechappeeclose\\\/\"]}]}<\/script>\n<!-- \/ Yoast SEO plugin. -->","yoast_head_json":{"title":"Tu n'as rien vu \u00e0 Hiroshima - l&#039;\u00e9chapp\u00e9e close","robots":{"index":"index","follow":"follow","max-snippet":"max-snippet:-1","max-image-preview":"max-image-preview:large","max-video-preview":"max-video-preview:-1"},"canonical":"http:\/\/lechappeeclose.it\/it\/boutique\/livres\/arts\/photographie\/tu-nas-rien-vu-a-hiroshima\/","og_locale":"it_IT","og_type":"article","og_title":"Tu n'as rien vu \u00e0 Hiroshima - l&#039;\u00e9chapp\u00e9e close","og_description":"Le 28 juillet 1958, le cin\u00e9aste Alain Resnais partait au Japon tourner l&#8217;essentiel de ce qui allait devenir un film mythique de l&#8217;histoire du cin\u00e9ma : Hiroshima mon amour. C&#8217;est son premier long-m\u00e9trage et le premier sc\u00e9nario de l&#8217;\u00e9crivain Marguerite Duras. Le cinquanti\u00e8me anniversaire de ce tournage historique est l&#8217;occasion de proposer un regard nouveau [&hellip;]","og_url":"http:\/\/lechappeeclose.it\/it\/boutique\/livres\/arts\/photographie\/tu-nas-rien-vu-a-hiroshima\/","og_site_name":"l&#039;\u00e9chapp\u00e9e close","og_image":[{"width":318,"height":293,"url":"http:\/\/lechappeeclose.it\/wp-content\/uploads\/2025\/01\/Tu-nas-rien-vu-a-Hiroshima.jpg","type":"image\/jpeg"}],"twitter_card":"summary_large_image","twitter_misc":{"Tempo di lettura stimato":"1 minuto"},"schema":{"@context":"https:\/\/schema.org","@graph":[{"@type":"WebPage","@id":"http:\/\/lechappeeclose.it\/it\/boutique\/livres\/arts\/photographie\/tu-nas-rien-vu-a-hiroshima\/","url":"http:\/\/lechappeeclose.it\/it\/boutique\/livres\/arts\/photographie\/tu-nas-rien-vu-a-hiroshima\/","name":"Tu n'as rien vu \u00e0 Hiroshima - l&#039;\u00e9chapp\u00e9e close","isPartOf":{"@id":"http:\/\/lechappeeclose.it\/#website"},"primaryImageOfPage":{"@id":"http:\/\/lechappeeclose.it\/it\/boutique\/livres\/arts\/photographie\/tu-nas-rien-vu-a-hiroshima\/#primaryimage"},"image":{"@id":"http:\/\/lechappeeclose.it\/it\/boutique\/livres\/arts\/photographie\/tu-nas-rien-vu-a-hiroshima\/#primaryimage"},"thumbnailUrl":"http:\/\/lechappeeclose.it\/wp-content\/uploads\/2025\/01\/Tu-nas-rien-vu-a-Hiroshima.jpg","datePublished":"2025-01-30T16:34:07+00:00","breadcrumb":{"@id":"http:\/\/lechappeeclose.it\/it\/boutique\/livres\/arts\/photographie\/tu-nas-rien-vu-a-hiroshima\/#breadcrumb"},"inLanguage":"it-IT","potentialAction":[{"@type":"ReadAction","target":["http:\/\/lechappeeclose.it\/it\/boutique\/livres\/arts\/photographie\/tu-nas-rien-vu-a-hiroshima\/"]}]},{"@type":"ImageObject","inLanguage":"it-IT","@id":"http:\/\/lechappeeclose.it\/it\/boutique\/livres\/arts\/photographie\/tu-nas-rien-vu-a-hiroshima\/#primaryimage","url":"http:\/\/lechappeeclose.it\/wp-content\/uploads\/2025\/01\/Tu-nas-rien-vu-a-Hiroshima.jpg","contentUrl":"http:\/\/lechappeeclose.it\/wp-content\/uploads\/2025\/01\/Tu-nas-rien-vu-a-Hiroshima.jpg","width":318,"height":293},{"@type":"BreadcrumbList","@id":"http:\/\/lechappeeclose.it\/it\/boutique\/livres\/arts\/photographie\/tu-nas-rien-vu-a-hiroshima\/#breadcrumb","itemListElement":[{"@type":"ListItem","position":1,"name":"Accueil","item":"http:\/\/lechappeeclose.it\/"},{"@type":"ListItem","position":2,"name":"Boutique","item":"http:\/\/lechappeeclose.it\/it\/boutique\/"},{"@type":"ListItem","position":3,"name":"Tu n&#8217;as rien vu \u00e0 Hiroshima"}]},{"@type":"WebSite","@id":"http:\/\/lechappeeclose.it\/#website","url":"http:\/\/lechappeeclose.it\/","name":"l&#039;\u00e9chapp\u00e9e close","description":"La libreria francese di Milano","publisher":{"@id":"http:\/\/lechappeeclose.it\/#organization"},"alternateName":"La librairie fran\u00e7aise de Milan","potentialAction":[{"@type":"SearchAction","target":{"@type":"EntryPoint","urlTemplate":"http:\/\/lechappeeclose.it\/?s={search_term_string}"},"query-input":{"@type":"PropertyValueSpecification","valueRequired":true,"valueName":"search_term_string"}}],"inLanguage":"it-IT"},{"@type":"Organization","@id":"http:\/\/lechappeeclose.it\/#organization","name":"l&#039;\u00e9chapp\u00e9e close","url":"http:\/\/lechappeeclose.it\/","logo":{"@type":"ImageObject","inLanguage":"it-IT","@id":"http:\/\/lechappeeclose.it\/#\/schema\/logo\/image\/","url":"http:\/\/lechappeeclose.it\/wp-content\/uploads\/2025\/02\/cropped-logo-rond.png","contentUrl":"http:\/\/lechappeeclose.it\/wp-content\/uploads\/2025\/02\/cropped-logo-rond.png","width":1080,"height":1080,"caption":"l&#039;\u00e9chapp\u00e9e close"},"image":{"@id":"http:\/\/lechappeeclose.it\/#\/schema\/logo\/image\/"},"sameAs":["https:\/\/www.instagram.com\/lechappeeclose\/"]}]}},"_links":{"self":[{"href":"http:\/\/lechappeeclose.it\/it\/wp-json\/wp\/v2\/product\/3786","targetHints":{"allow":["GET"]}}],"collection":[{"href":"http:\/\/lechappeeclose.it\/it\/wp-json\/wp\/v2\/product"}],"about":[{"href":"http:\/\/lechappeeclose.it\/it\/wp-json\/wp\/v2\/types\/product"}],"replies":[{"embeddable":true,"href":"http:\/\/lechappeeclose.it\/it\/wp-json\/wp\/v2\/comments?post=3786"}],"wp:featuredmedia":[{"embeddable":true,"href":"http:\/\/lechappeeclose.it\/it\/wp-json\/wp\/v2\/media\/3785"}],"wp:attachment":[{"href":"http:\/\/lechappeeclose.it\/it\/wp-json\/wp\/v2\/media?parent=3786"}],"wp:term":[{"taxonomy":"product_brand","embeddable":true,"href":"http:\/\/lechappeeclose.it\/it\/wp-json\/wp\/v2\/product_brand?post=3786"},{"taxonomy":"product_cat","embeddable":true,"href":"http:\/\/lechappeeclose.it\/it\/wp-json\/wp\/v2\/product_cat?post=3786"},{"taxonomy":"product_tag","embeddable":true,"href":"http:\/\/lechappeeclose.it\/it\/wp-json\/wp\/v2\/product_tag?post=3786"}],"curies":[{"name":"wp","href":"https:\/\/api.w.org\/{rel}","templated":true}]}}