{"id":3780,"date":"2025-01-30T17:32:40","date_gmt":"2025-01-30T16:32:40","guid":{"rendered":"https:\/\/lechappeeclose.it\/produit\/jean-painleve-les-pieds-dans-leau\/"},"modified":"2025-01-30T17:32:40","modified_gmt":"2025-01-30T16:32:40","slug":"jean-painleve-les-pieds-dans-leau","status":"publish","type":"product","link":"http:\/\/lechappeeclose.it\/it\/boutique\/livres\/arts\/cinema\/jean-painleve-les-pieds-dans-leau\/","title":{"rendered":"Jean Painlev\u00e9. Les pieds dans l&#8217;eau"},"content":{"rendered":"<p>Jean Painlev\u00e9 (1902-1989), cin\u00e9aste pr\u00e9curseur en mati\u00e8re de vulgarisation scientifique, a acquis sa plus grande notori\u00e9t\u00e9 dans le domaine de la biologie marine et des techniques cin\u00e9matographiques. Caract\u00e9ris\u00e9s par le souci de l&#8217;exactitude descriptive de ses sujets, ses courts-m\u00e9trages rendent compte de son d\u00e9sir profond de partager l&#8217;\u00e9merveillement qui surgit face aux mouvements naturels de la faune aquatique. Son oeuvre des ann\u00e9es 1920-1930 est identifi\u00e9e par les avant-gardes et le mouvement surr\u00e9aliste; ses formes organiques et myst\u00e9rieuses nourrissent la puissante imaginaire de l&#8217;\u00e9poque.0L&#8217;ouvrage couvre une p\u00e9riode de plus de cinquante ann\u00e9es de travail (1925 \u00e0 1982) et propose une analyse minutieuse de l&#8217;oeuvre. Entre les films mont\u00e9s en vue de leur diffusion aupr\u00e8s d&#8217;un public large et les films de commande purement scientifiques, le lecteur sera immerg\u00e9 dans l&#8217;univers fascinant et atypique de cet auteur ind\u00e9pendant, engag\u00e9, dans la cr\u00e9ation par l&#8217;image en mouvement.00Exhibition: Mus\u00e9e du Jeu de Paume, Paris, France (08.06-18.09.2022).<\/p>","protected":false},"excerpt":{"rendered":"<p>Jean Painlev\u00e9 (1902-1989), cin\u00e9aste pr\u00e9curseur en mati\u00e8re de vulgarisation scientifique, a acquis sa plus grande notori\u00e9t\u00e9 dans le domaine de la biologie marine et des techniques cin\u00e9matographiques. Caract\u00e9ris\u00e9s par le souci de l&#8217;exactitude descriptive de ses sujets, ses courts-m\u00e9trages rendent compte de son d\u00e9sir profond de partager l&#8217;\u00e9merveillement qui surgit face aux mouvements naturels de [&hellip;]<\/p>","protected":false},"featured_media":3779,"comment_status":"open","ping_status":"closed","template":"","meta":[],"product_brand":[],"product_cat":[40],"product_tag":[],"class_list":{"0":"post-3780","1":"product","2":"type-product","3":"status-publish","4":"has-post-thumbnail","6":"product_cat-cinema","8":"first","9":"instock","10":"taxable","11":"shipping-taxable","12":"purchasable","13":"product-type-simple"},"yoast_head":"<!-- This site is optimized with the Yoast SEO plugin v27.3 - https:\/\/yoast.com\/product\/yoast-seo-wordpress\/ -->\n<title>Jean Painlev\u00e9. Les pieds dans l&#039;eau - l&#039;\u00e9chapp\u00e9e close<\/title>\n<meta name=\"robots\" content=\"index, follow, max-snippet:-1, max-image-preview:large, max-video-preview:-1\" \/>\n<link rel=\"canonical\" href=\"http:\/\/lechappeeclose.it\/it\/boutique\/livres\/arts\/cinema\/jean-painleve-les-pieds-dans-leau\/\" \/>\n<meta property=\"og:locale\" content=\"it_IT\" \/>\n<meta property=\"og:type\" content=\"article\" \/>\n<meta property=\"og:title\" content=\"Jean Painlev\u00e9. Les pieds dans l&#039;eau - l&#039;\u00e9chapp\u00e9e close\" \/>\n<meta property=\"og:description\" content=\"Jean Painlev\u00e9 (1902-1989), cin\u00e9aste pr\u00e9curseur en mati\u00e8re de vulgarisation scientifique, a acquis sa plus grande notori\u00e9t\u00e9 dans le domaine de la biologie marine et des techniques cin\u00e9matographiques. Caract\u00e9ris\u00e9s par le souci de l&#8217;exactitude descriptive de ses sujets, ses courts-m\u00e9trages rendent compte de son d\u00e9sir profond de partager l&#8217;\u00e9merveillement qui surgit face aux mouvements naturels de [&hellip;]\" \/>\n<meta property=\"og:url\" content=\"http:\/\/lechappeeclose.it\/it\/boutique\/livres\/arts\/cinema\/jean-painleve-les-pieds-dans-leau\/\" \/>\n<meta property=\"og:site_name\" content=\"l&#039;\u00e9chapp\u00e9e close\" \/>\n<meta property=\"og:image\" content=\"http:\/\/lechappeeclose.it\/wp-content\/uploads\/2025\/01\/Jean-Painleve.-Les-pieds-dans-leau.jpg\" \/>\n\t<meta property=\"og:image:width\" content=\"374\" \/>\n\t<meta property=\"og:image:height\" content=\"500\" \/>\n\t<meta property=\"og:image:type\" content=\"image\/jpeg\" \/>\n<meta name=\"twitter:card\" content=\"summary_large_image\" \/>\n<meta name=\"twitter:label1\" content=\"Tempo di lettura stimato\" \/>\n\t<meta name=\"twitter:data1\" content=\"1 minuto\" \/>\n<script type=\"application\/ld+json\" class=\"yoast-schema-graph\">{\"@context\":\"https:\\\/\\\/schema.org\",\"@graph\":[{\"@type\":\"WebPage\",\"@id\":\"http:\\\/\\\/lechappeeclose.it\\\/it\\\/boutique\\\/livres\\\/arts\\\/cinema\\\/jean-painleve-les-pieds-dans-leau\\\/\",\"url\":\"http:\\\/\\\/lechappeeclose.it\\\/it\\\/boutique\\\/livres\\\/arts\\\/cinema\\\/jean-painleve-les-pieds-dans-leau\\\/\",\"name\":\"Jean Painlev\u00e9. Les pieds dans l'eau - l&#039;\u00e9chapp\u00e9e close\",\"isPartOf\":{\"@id\":\"https:\\\/\\\/lechappeeclose.it\\\/it\\\/#website\"},\"primaryImageOfPage\":{\"@id\":\"http:\\\/\\\/lechappeeclose.it\\\/it\\\/boutique\\\/livres\\\/arts\\\/cinema\\\/jean-painleve-les-pieds-dans-leau\\\/#primaryimage\"},\"image\":{\"@id\":\"http:\\\/\\\/lechappeeclose.it\\\/it\\\/boutique\\\/livres\\\/arts\\\/cinema\\\/jean-painleve-les-pieds-dans-leau\\\/#primaryimage\"},\"thumbnailUrl\":\"http:\\\/\\\/lechappeeclose.it\\\/wp-content\\\/uploads\\\/2025\\\/01\\\/Jean-Painleve.-Les-pieds-dans-leau.jpg\",\"datePublished\":\"2025-01-30T16:32:40+00:00\",\"breadcrumb\":{\"@id\":\"http:\\\/\\\/lechappeeclose.it\\\/it\\\/boutique\\\/livres\\\/arts\\\/cinema\\\/jean-painleve-les-pieds-dans-leau\\\/#breadcrumb\"},\"inLanguage\":\"it-IT\",\"potentialAction\":[{\"@type\":\"ReadAction\",\"target\":[\"http:\\\/\\\/lechappeeclose.it\\\/it\\\/boutique\\\/livres\\\/arts\\\/cinema\\\/jean-painleve-les-pieds-dans-leau\\\/\"]}]},{\"@type\":\"ImageObject\",\"inLanguage\":\"it-IT\",\"@id\":\"http:\\\/\\\/lechappeeclose.it\\\/it\\\/boutique\\\/livres\\\/arts\\\/cinema\\\/jean-painleve-les-pieds-dans-leau\\\/#primaryimage\",\"url\":\"http:\\\/\\\/lechappeeclose.it\\\/wp-content\\\/uploads\\\/2025\\\/01\\\/Jean-Painleve.-Les-pieds-dans-leau.jpg\",\"contentUrl\":\"http:\\\/\\\/lechappeeclose.it\\\/wp-content\\\/uploads\\\/2025\\\/01\\\/Jean-Painleve.-Les-pieds-dans-leau.jpg\",\"width\":374,\"height\":500},{\"@type\":\"BreadcrumbList\",\"@id\":\"http:\\\/\\\/lechappeeclose.it\\\/it\\\/boutique\\\/livres\\\/arts\\\/cinema\\\/jean-painleve-les-pieds-dans-leau\\\/#breadcrumb\",\"itemListElement\":[{\"@type\":\"ListItem\",\"position\":1,\"name\":\"Accueil\",\"item\":\"https:\\\/\\\/lechappeeclose.it\\\/it\\\/\"},{\"@type\":\"ListItem\",\"position\":2,\"name\":\"Boutique\",\"item\":\"https:\\\/\\\/lechappeeclose.it\\\/it\\\/boutique\\\/\"},{\"@type\":\"ListItem\",\"position\":3,\"name\":\"Jean Painlev\u00e9. Les pieds dans l&#8217;eau\"}]},{\"@type\":\"WebSite\",\"@id\":\"https:\\\/\\\/lechappeeclose.it\\\/it\\\/#website\",\"url\":\"https:\\\/\\\/lechappeeclose.it\\\/it\\\/\",\"name\":\"l&#039;\u00e9chapp\u00e9e close\",\"description\":\"la librairie fran\u00e7aise de Milan\",\"publisher\":{\"@id\":\"https:\\\/\\\/lechappeeclose.it\\\/it\\\/#organization\"},\"alternateName\":\"La librairie fran\u00e7aise de Milan\",\"potentialAction\":[{\"@type\":\"SearchAction\",\"target\":{\"@type\":\"EntryPoint\",\"urlTemplate\":\"https:\\\/\\\/lechappeeclose.it\\\/it\\\/?s={search_term_string}\"},\"query-input\":{\"@type\":\"PropertyValueSpecification\",\"valueRequired\":true,\"valueName\":\"search_term_string\"}}],\"inLanguage\":\"it-IT\"},{\"@type\":\"Organization\",\"@id\":\"https:\\\/\\\/lechappeeclose.it\\\/it\\\/#organization\",\"name\":\"l&#039;\u00e9chapp\u00e9e close\",\"url\":\"https:\\\/\\\/lechappeeclose.it\\\/it\\\/\",\"logo\":{\"@type\":\"ImageObject\",\"inLanguage\":\"it-IT\",\"@id\":\"https:\\\/\\\/lechappeeclose.it\\\/it\\\/#\\\/schema\\\/logo\\\/image\\\/\",\"url\":\"http:\\\/\\\/lechappeeclose.it\\\/wp-content\\\/uploads\\\/2025\\\/02\\\/cropped-logo-rond.png\",\"contentUrl\":\"http:\\\/\\\/lechappeeclose.it\\\/wp-content\\\/uploads\\\/2025\\\/02\\\/cropped-logo-rond.png\",\"width\":1080,\"height\":1080,\"caption\":\"l&#039;\u00e9chapp\u00e9e close\"},\"image\":{\"@id\":\"https:\\\/\\\/lechappeeclose.it\\\/it\\\/#\\\/schema\\\/logo\\\/image\\\/\"},\"sameAs\":[\"https:\\\/\\\/www.instagram.com\\\/lechappeeclose\\\/\"]}]}<\/script>\n<!-- \/ Yoast SEO plugin. -->","yoast_head_json":{"title":"Jean Painlev\u00e9. Les pieds dans l'eau - l&#039;\u00e9chapp\u00e9e close","robots":{"index":"index","follow":"follow","max-snippet":"max-snippet:-1","max-image-preview":"max-image-preview:large","max-video-preview":"max-video-preview:-1"},"canonical":"http:\/\/lechappeeclose.it\/it\/boutique\/livres\/arts\/cinema\/jean-painleve-les-pieds-dans-leau\/","og_locale":"it_IT","og_type":"article","og_title":"Jean Painlev\u00e9. Les pieds dans l'eau - l&#039;\u00e9chapp\u00e9e close","og_description":"Jean Painlev\u00e9 (1902-1989), cin\u00e9aste pr\u00e9curseur en mati\u00e8re de vulgarisation scientifique, a acquis sa plus grande notori\u00e9t\u00e9 dans le domaine de la biologie marine et des techniques cin\u00e9matographiques. Caract\u00e9ris\u00e9s par le souci de l&#8217;exactitude descriptive de ses sujets, ses courts-m\u00e9trages rendent compte de son d\u00e9sir profond de partager l&#8217;\u00e9merveillement qui surgit face aux mouvements naturels de [&hellip;]","og_url":"http:\/\/lechappeeclose.it\/it\/boutique\/livres\/arts\/cinema\/jean-painleve-les-pieds-dans-leau\/","og_site_name":"l&#039;\u00e9chapp\u00e9e close","og_image":[{"width":374,"height":500,"url":"http:\/\/lechappeeclose.it\/wp-content\/uploads\/2025\/01\/Jean-Painleve.-Les-pieds-dans-leau.jpg","type":"image\/jpeg"}],"twitter_card":"summary_large_image","twitter_misc":{"Tempo di lettura stimato":"1 minuto"},"schema":{"@context":"https:\/\/schema.org","@graph":[{"@type":"WebPage","@id":"http:\/\/lechappeeclose.it\/it\/boutique\/livres\/arts\/cinema\/jean-painleve-les-pieds-dans-leau\/","url":"http:\/\/lechappeeclose.it\/it\/boutique\/livres\/arts\/cinema\/jean-painleve-les-pieds-dans-leau\/","name":"Jean Painlev\u00e9. Les pieds dans l'eau - l&#039;\u00e9chapp\u00e9e close","isPartOf":{"@id":"https:\/\/lechappeeclose.it\/it\/#website"},"primaryImageOfPage":{"@id":"http:\/\/lechappeeclose.it\/it\/boutique\/livres\/arts\/cinema\/jean-painleve-les-pieds-dans-leau\/#primaryimage"},"image":{"@id":"http:\/\/lechappeeclose.it\/it\/boutique\/livres\/arts\/cinema\/jean-painleve-les-pieds-dans-leau\/#primaryimage"},"thumbnailUrl":"http:\/\/lechappeeclose.it\/wp-content\/uploads\/2025\/01\/Jean-Painleve.-Les-pieds-dans-leau.jpg","datePublished":"2025-01-30T16:32:40+00:00","breadcrumb":{"@id":"http:\/\/lechappeeclose.it\/it\/boutique\/livres\/arts\/cinema\/jean-painleve-les-pieds-dans-leau\/#breadcrumb"},"inLanguage":"it-IT","potentialAction":[{"@type":"ReadAction","target":["http:\/\/lechappeeclose.it\/it\/boutique\/livres\/arts\/cinema\/jean-painleve-les-pieds-dans-leau\/"]}]},{"@type":"ImageObject","inLanguage":"it-IT","@id":"http:\/\/lechappeeclose.it\/it\/boutique\/livres\/arts\/cinema\/jean-painleve-les-pieds-dans-leau\/#primaryimage","url":"http:\/\/lechappeeclose.it\/wp-content\/uploads\/2025\/01\/Jean-Painleve.-Les-pieds-dans-leau.jpg","contentUrl":"http:\/\/lechappeeclose.it\/wp-content\/uploads\/2025\/01\/Jean-Painleve.-Les-pieds-dans-leau.jpg","width":374,"height":500},{"@type":"BreadcrumbList","@id":"http:\/\/lechappeeclose.it\/it\/boutique\/livres\/arts\/cinema\/jean-painleve-les-pieds-dans-leau\/#breadcrumb","itemListElement":[{"@type":"ListItem","position":1,"name":"Accueil","item":"https:\/\/lechappeeclose.it\/it\/"},{"@type":"ListItem","position":2,"name":"Boutique","item":"https:\/\/lechappeeclose.it\/it\/boutique\/"},{"@type":"ListItem","position":3,"name":"Jean Painlev\u00e9. Les pieds dans l&#8217;eau"}]},{"@type":"WebSite","@id":"https:\/\/lechappeeclose.it\/it\/#website","url":"https:\/\/lechappeeclose.it\/it\/","name":"l&#039;\u00e9chapp\u00e9e close","description":"La libreria francese di Milano","publisher":{"@id":"https:\/\/lechappeeclose.it\/it\/#organization"},"alternateName":"La librairie fran\u00e7aise de Milan","potentialAction":[{"@type":"SearchAction","target":{"@type":"EntryPoint","urlTemplate":"https:\/\/lechappeeclose.it\/it\/?s={search_term_string}"},"query-input":{"@type":"PropertyValueSpecification","valueRequired":true,"valueName":"search_term_string"}}],"inLanguage":"it-IT"},{"@type":"Organization","@id":"https:\/\/lechappeeclose.it\/it\/#organization","name":"l&#039;\u00e9chapp\u00e9e close","url":"https:\/\/lechappeeclose.it\/it\/","logo":{"@type":"ImageObject","inLanguage":"it-IT","@id":"https:\/\/lechappeeclose.it\/it\/#\/schema\/logo\/image\/","url":"http:\/\/lechappeeclose.it\/wp-content\/uploads\/2025\/02\/cropped-logo-rond.png","contentUrl":"http:\/\/lechappeeclose.it\/wp-content\/uploads\/2025\/02\/cropped-logo-rond.png","width":1080,"height":1080,"caption":"l&#039;\u00e9chapp\u00e9e close"},"image":{"@id":"https:\/\/lechappeeclose.it\/it\/#\/schema\/logo\/image\/"},"sameAs":["https:\/\/www.instagram.com\/lechappeeclose\/"]}]}},"_links":{"self":[{"href":"http:\/\/lechappeeclose.it\/it\/wp-json\/wp\/v2\/product\/3780","targetHints":{"allow":["GET"]}}],"collection":[{"href":"http:\/\/lechappeeclose.it\/it\/wp-json\/wp\/v2\/product"}],"about":[{"href":"http:\/\/lechappeeclose.it\/it\/wp-json\/wp\/v2\/types\/product"}],"replies":[{"embeddable":true,"href":"http:\/\/lechappeeclose.it\/it\/wp-json\/wp\/v2\/comments?post=3780"}],"wp:featuredmedia":[{"embeddable":true,"href":"http:\/\/lechappeeclose.it\/it\/wp-json\/wp\/v2\/media\/3779"}],"wp:attachment":[{"href":"http:\/\/lechappeeclose.it\/it\/wp-json\/wp\/v2\/media?parent=3780"}],"wp:term":[{"taxonomy":"product_brand","embeddable":true,"href":"http:\/\/lechappeeclose.it\/it\/wp-json\/wp\/v2\/product_brand?post=3780"},{"taxonomy":"product_cat","embeddable":true,"href":"http:\/\/lechappeeclose.it\/it\/wp-json\/wp\/v2\/product_cat?post=3780"},{"taxonomy":"product_tag","embeddable":true,"href":"http:\/\/lechappeeclose.it\/it\/wp-json\/wp\/v2\/product_tag?post=3780"}],"curies":[{"name":"wp","href":"https:\/\/api.w.org\/{rel}","templated":true}]}}