{"id":3753,"date":"2025-01-30T17:24:51","date_gmt":"2025-01-30T16:24:51","guid":{"rendered":"https:\/\/lechappeeclose.it\/produit\/dictionnaire-amoureux-du-festival-de-cannes\/"},"modified":"2025-01-30T17:24:51","modified_gmt":"2025-01-30T16:24:51","slug":"dictionnaire-amoureux-du-festival-de-cannes","status":"publish","type":"product","link":"http:\/\/lechappeeclose.it\/it\/boutique\/livres\/arts\/cinema\/dictionnaire-amoureux-du-festival-de-cannes\/","title":{"rendered":"Dictionnaire amoureux du Festival de Cannes"},"content":{"rendered":"<p>Dans les coulisses du Festival de Cannes, guid\u00e9 par celui qui l&#8217;a longtemps pr\u00e9sid\u00e9 et qui en conna\u00eet les secrets mieux que personne. &#8221; Il y a les films, les \u00e9v\u00e9nements, les palmar\u00e8s. Il y a l&#8217;air du temps.Les stars que j&#8217;ai aim\u00e9es et dont je tire le portrait \u2013 personnel, artistique, r\u00e9el, r\u00eav\u00e9.Il y a les metteurs en sc\u00e8ne venus de partout, et qui me sont proches. Les pays, les \u00e9coles, les genres. La presse. Les photos.Les jurys, les discussions, les rires. Les pleurs aussi.Il y a la Palme d&#8217;or.Il y a les f\u00eates, les surprises, les pol\u00e9miques, les excentricit\u00e9s.Il y a les festivaliers, tout ce monde myst\u00e9rieux du cin\u00e9ma que le public envie et auquel chacun voudrait appartenir.Ce dictionnaire amoureux conte le roman vrai du plus grand festival de cin\u00e9ma au monde, et en r\u00e9v\u00e8le quelques secrets.J&#8217;aimerais que le lecteur se coule dans l&#8217;esprit d&#8217;un s\u00e9lectionneur, d&#8217;un jur\u00e9, d&#8217;un critique, d&#8217;un cin\u00e9aste, et suive en coulisses le spectacle inou\u00ef de ces ann\u00e9es \u00e9blouissantes. &#8220;<\/p>","protected":false},"excerpt":{"rendered":"<p>Dans les coulisses du Festival de Cannes, guid\u00e9 par celui qui l&#8217;a longtemps pr\u00e9sid\u00e9 et qui en conna\u00eet les secrets mieux que personne. &#8221; Il y a les films, les \u00e9v\u00e9nements, les palmar\u00e8s. Il y a l&#8217;air du temps.Les stars que j&#8217;ai aim\u00e9es et dont je tire le portrait \u2013 personnel, artistique, r\u00e9el, r\u00eav\u00e9.Il y [&hellip;]<\/p>","protected":false},"featured_media":3752,"comment_status":"open","ping_status":"closed","template":"","meta":[],"product_brand":[],"product_cat":[40],"product_tag":[],"class_list":{"0":"post-3753","1":"product","2":"type-product","3":"status-publish","4":"has-post-thumbnail","6":"product_cat-cinema","8":"first","9":"instock","10":"taxable","11":"shipping-taxable","12":"purchasable","13":"product-type-simple"},"yoast_head":"<!-- This site is optimized with the Yoast SEO plugin v27.4 - https:\/\/yoast.com\/product\/yoast-seo-wordpress\/ -->\n<title>Dictionnaire amoureux du Festival de Cannes - l&#039;\u00e9chapp\u00e9e close<\/title>\n<meta name=\"robots\" content=\"index, follow, max-snippet:-1, max-image-preview:large, max-video-preview:-1\" \/>\n<link rel=\"canonical\" href=\"http:\/\/lechappeeclose.it\/it\/boutique\/livres\/arts\/cinema\/dictionnaire-amoureux-du-festival-de-cannes\/\" \/>\n<meta property=\"og:locale\" content=\"it_IT\" \/>\n<meta property=\"og:type\" content=\"article\" \/>\n<meta property=\"og:title\" content=\"Dictionnaire amoureux du Festival de Cannes - l&#039;\u00e9chapp\u00e9e close\" \/>\n<meta property=\"og:description\" content=\"Dans les coulisses du Festival de Cannes, guid\u00e9 par celui qui l&#8217;a longtemps pr\u00e9sid\u00e9 et qui en conna\u00eet les secrets mieux que personne. &#8221; Il y a les films, les \u00e9v\u00e9nements, les palmar\u00e8s. Il y a l&#8217;air du temps.Les stars que j&#8217;ai aim\u00e9es et dont je tire le portrait \u2013 personnel, artistique, r\u00e9el, r\u00eav\u00e9.Il y [&hellip;]\" \/>\n<meta property=\"og:url\" content=\"http:\/\/lechappeeclose.it\/it\/boutique\/livres\/arts\/cinema\/dictionnaire-amoureux-du-festival-de-cannes\/\" \/>\n<meta property=\"og:site_name\" content=\"l&#039;\u00e9chapp\u00e9e close\" \/>\n<meta property=\"og:image\" content=\"http:\/\/lechappeeclose.it\/wp-content\/uploads\/2025\/01\/Dictionnaire-amoureux-du-Festival-de-Cannes.jpg\" \/>\n\t<meta property=\"og:image:width\" content=\"306\" \/>\n\t<meta property=\"og:image:height\" content=\"500\" \/>\n\t<meta property=\"og:image:type\" content=\"image\/jpeg\" \/>\n<meta name=\"twitter:card\" content=\"summary_large_image\" \/>\n<meta name=\"twitter:label1\" content=\"Tempo di lettura stimato\" \/>\n\t<meta name=\"twitter:data1\" content=\"1 minuto\" \/>\n<script type=\"application\/ld+json\" class=\"yoast-schema-graph\">{\"@context\":\"https:\\\/\\\/schema.org\",\"@graph\":[{\"@type\":\"WebPage\",\"@id\":\"http:\\\/\\\/lechappeeclose.it\\\/it\\\/boutique\\\/livres\\\/arts\\\/cinema\\\/dictionnaire-amoureux-du-festival-de-cannes\\\/\",\"url\":\"http:\\\/\\\/lechappeeclose.it\\\/it\\\/boutique\\\/livres\\\/arts\\\/cinema\\\/dictionnaire-amoureux-du-festival-de-cannes\\\/\",\"name\":\"Dictionnaire amoureux du Festival de Cannes - l&#039;\u00e9chapp\u00e9e close\",\"isPartOf\":{\"@id\":\"http:\\\/\\\/lechappeeclose.it\\\/#website\"},\"primaryImageOfPage\":{\"@id\":\"http:\\\/\\\/lechappeeclose.it\\\/it\\\/boutique\\\/livres\\\/arts\\\/cinema\\\/dictionnaire-amoureux-du-festival-de-cannes\\\/#primaryimage\"},\"image\":{\"@id\":\"http:\\\/\\\/lechappeeclose.it\\\/it\\\/boutique\\\/livres\\\/arts\\\/cinema\\\/dictionnaire-amoureux-du-festival-de-cannes\\\/#primaryimage\"},\"thumbnailUrl\":\"http:\\\/\\\/lechappeeclose.it\\\/wp-content\\\/uploads\\\/2025\\\/01\\\/Dictionnaire-amoureux-du-Festival-de-Cannes.jpg\",\"datePublished\":\"2025-01-30T16:24:51+00:00\",\"breadcrumb\":{\"@id\":\"http:\\\/\\\/lechappeeclose.it\\\/it\\\/boutique\\\/livres\\\/arts\\\/cinema\\\/dictionnaire-amoureux-du-festival-de-cannes\\\/#breadcrumb\"},\"inLanguage\":\"it-IT\",\"potentialAction\":[{\"@type\":\"ReadAction\",\"target\":[\"http:\\\/\\\/lechappeeclose.it\\\/it\\\/boutique\\\/livres\\\/arts\\\/cinema\\\/dictionnaire-amoureux-du-festival-de-cannes\\\/\"]}]},{\"@type\":\"ImageObject\",\"inLanguage\":\"it-IT\",\"@id\":\"http:\\\/\\\/lechappeeclose.it\\\/it\\\/boutique\\\/livres\\\/arts\\\/cinema\\\/dictionnaire-amoureux-du-festival-de-cannes\\\/#primaryimage\",\"url\":\"http:\\\/\\\/lechappeeclose.it\\\/wp-content\\\/uploads\\\/2025\\\/01\\\/Dictionnaire-amoureux-du-Festival-de-Cannes.jpg\",\"contentUrl\":\"http:\\\/\\\/lechappeeclose.it\\\/wp-content\\\/uploads\\\/2025\\\/01\\\/Dictionnaire-amoureux-du-Festival-de-Cannes.jpg\",\"width\":306,\"height\":500},{\"@type\":\"BreadcrumbList\",\"@id\":\"http:\\\/\\\/lechappeeclose.it\\\/it\\\/boutique\\\/livres\\\/arts\\\/cinema\\\/dictionnaire-amoureux-du-festival-de-cannes\\\/#breadcrumb\",\"itemListElement\":[{\"@type\":\"ListItem\",\"position\":1,\"name\":\"Accueil\",\"item\":\"http:\\\/\\\/lechappeeclose.it\\\/\"},{\"@type\":\"ListItem\",\"position\":2,\"name\":\"Boutique\",\"item\":\"http:\\\/\\\/lechappeeclose.it\\\/it\\\/boutique\\\/\"},{\"@type\":\"ListItem\",\"position\":3,\"name\":\"Dictionnaire amoureux du Festival de Cannes\"}]},{\"@type\":\"WebSite\",\"@id\":\"http:\\\/\\\/lechappeeclose.it\\\/#website\",\"url\":\"http:\\\/\\\/lechappeeclose.it\\\/\",\"name\":\"l&#039;\u00e9chapp\u00e9e close\",\"description\":\"la librairie fran\u00e7aise de Milan\",\"publisher\":{\"@id\":\"http:\\\/\\\/lechappeeclose.it\\\/#organization\"},\"alternateName\":\"La librairie fran\u00e7aise de Milan\",\"potentialAction\":[{\"@type\":\"SearchAction\",\"target\":{\"@type\":\"EntryPoint\",\"urlTemplate\":\"http:\\\/\\\/lechappeeclose.it\\\/?s={search_term_string}\"},\"query-input\":{\"@type\":\"PropertyValueSpecification\",\"valueRequired\":true,\"valueName\":\"search_term_string\"}}],\"inLanguage\":\"it-IT\"},{\"@type\":\"Organization\",\"@id\":\"http:\\\/\\\/lechappeeclose.it\\\/#organization\",\"name\":\"l&#039;\u00e9chapp\u00e9e close\",\"url\":\"http:\\\/\\\/lechappeeclose.it\\\/\",\"logo\":{\"@type\":\"ImageObject\",\"inLanguage\":\"it-IT\",\"@id\":\"http:\\\/\\\/lechappeeclose.it\\\/#\\\/schema\\\/logo\\\/image\\\/\",\"url\":\"http:\\\/\\\/lechappeeclose.it\\\/wp-content\\\/uploads\\\/2025\\\/02\\\/cropped-logo-rond.png\",\"contentUrl\":\"http:\\\/\\\/lechappeeclose.it\\\/wp-content\\\/uploads\\\/2025\\\/02\\\/cropped-logo-rond.png\",\"width\":1080,\"height\":1080,\"caption\":\"l&#039;\u00e9chapp\u00e9e close\"},\"image\":{\"@id\":\"http:\\\/\\\/lechappeeclose.it\\\/#\\\/schema\\\/logo\\\/image\\\/\"},\"sameAs\":[\"https:\\\/\\\/www.instagram.com\\\/lechappeeclose\\\/\"]}]}<\/script>\n<!-- \/ Yoast SEO plugin. -->","yoast_head_json":{"title":"Dictionnaire amoureux du Festival de Cannes - l&#039;\u00e9chapp\u00e9e close","robots":{"index":"index","follow":"follow","max-snippet":"max-snippet:-1","max-image-preview":"max-image-preview:large","max-video-preview":"max-video-preview:-1"},"canonical":"http:\/\/lechappeeclose.it\/it\/boutique\/livres\/arts\/cinema\/dictionnaire-amoureux-du-festival-de-cannes\/","og_locale":"it_IT","og_type":"article","og_title":"Dictionnaire amoureux du Festival de Cannes - l&#039;\u00e9chapp\u00e9e close","og_description":"Dans les coulisses du Festival de Cannes, guid\u00e9 par celui qui l&#8217;a longtemps pr\u00e9sid\u00e9 et qui en conna\u00eet les secrets mieux que personne. &#8221; Il y a les films, les \u00e9v\u00e9nements, les palmar\u00e8s. Il y a l&#8217;air du temps.Les stars que j&#8217;ai aim\u00e9es et dont je tire le portrait \u2013 personnel, artistique, r\u00e9el, r\u00eav\u00e9.Il y [&hellip;]","og_url":"http:\/\/lechappeeclose.it\/it\/boutique\/livres\/arts\/cinema\/dictionnaire-amoureux-du-festival-de-cannes\/","og_site_name":"l&#039;\u00e9chapp\u00e9e close","og_image":[{"width":306,"height":500,"url":"http:\/\/lechappeeclose.it\/wp-content\/uploads\/2025\/01\/Dictionnaire-amoureux-du-Festival-de-Cannes.jpg","type":"image\/jpeg"}],"twitter_card":"summary_large_image","twitter_misc":{"Tempo di lettura stimato":"1 minuto"},"schema":{"@context":"https:\/\/schema.org","@graph":[{"@type":"WebPage","@id":"http:\/\/lechappeeclose.it\/it\/boutique\/livres\/arts\/cinema\/dictionnaire-amoureux-du-festival-de-cannes\/","url":"http:\/\/lechappeeclose.it\/it\/boutique\/livres\/arts\/cinema\/dictionnaire-amoureux-du-festival-de-cannes\/","name":"Dictionnaire amoureux du Festival de Cannes - l&#039;\u00e9chapp\u00e9e close","isPartOf":{"@id":"http:\/\/lechappeeclose.it\/#website"},"primaryImageOfPage":{"@id":"http:\/\/lechappeeclose.it\/it\/boutique\/livres\/arts\/cinema\/dictionnaire-amoureux-du-festival-de-cannes\/#primaryimage"},"image":{"@id":"http:\/\/lechappeeclose.it\/it\/boutique\/livres\/arts\/cinema\/dictionnaire-amoureux-du-festival-de-cannes\/#primaryimage"},"thumbnailUrl":"http:\/\/lechappeeclose.it\/wp-content\/uploads\/2025\/01\/Dictionnaire-amoureux-du-Festival-de-Cannes.jpg","datePublished":"2025-01-30T16:24:51+00:00","breadcrumb":{"@id":"http:\/\/lechappeeclose.it\/it\/boutique\/livres\/arts\/cinema\/dictionnaire-amoureux-du-festival-de-cannes\/#breadcrumb"},"inLanguage":"it-IT","potentialAction":[{"@type":"ReadAction","target":["http:\/\/lechappeeclose.it\/it\/boutique\/livres\/arts\/cinema\/dictionnaire-amoureux-du-festival-de-cannes\/"]}]},{"@type":"ImageObject","inLanguage":"it-IT","@id":"http:\/\/lechappeeclose.it\/it\/boutique\/livres\/arts\/cinema\/dictionnaire-amoureux-du-festival-de-cannes\/#primaryimage","url":"http:\/\/lechappeeclose.it\/wp-content\/uploads\/2025\/01\/Dictionnaire-amoureux-du-Festival-de-Cannes.jpg","contentUrl":"http:\/\/lechappeeclose.it\/wp-content\/uploads\/2025\/01\/Dictionnaire-amoureux-du-Festival-de-Cannes.jpg","width":306,"height":500},{"@type":"BreadcrumbList","@id":"http:\/\/lechappeeclose.it\/it\/boutique\/livres\/arts\/cinema\/dictionnaire-amoureux-du-festival-de-cannes\/#breadcrumb","itemListElement":[{"@type":"ListItem","position":1,"name":"Accueil","item":"http:\/\/lechappeeclose.it\/"},{"@type":"ListItem","position":2,"name":"Boutique","item":"http:\/\/lechappeeclose.it\/it\/boutique\/"},{"@type":"ListItem","position":3,"name":"Dictionnaire amoureux du Festival de Cannes"}]},{"@type":"WebSite","@id":"http:\/\/lechappeeclose.it\/#website","url":"http:\/\/lechappeeclose.it\/","name":"l&#039;\u00e9chapp\u00e9e close","description":"La libreria francese di Milano","publisher":{"@id":"http:\/\/lechappeeclose.it\/#organization"},"alternateName":"La librairie fran\u00e7aise de Milan","potentialAction":[{"@type":"SearchAction","target":{"@type":"EntryPoint","urlTemplate":"http:\/\/lechappeeclose.it\/?s={search_term_string}"},"query-input":{"@type":"PropertyValueSpecification","valueRequired":true,"valueName":"search_term_string"}}],"inLanguage":"it-IT"},{"@type":"Organization","@id":"http:\/\/lechappeeclose.it\/#organization","name":"l&#039;\u00e9chapp\u00e9e close","url":"http:\/\/lechappeeclose.it\/","logo":{"@type":"ImageObject","inLanguage":"it-IT","@id":"http:\/\/lechappeeclose.it\/#\/schema\/logo\/image\/","url":"http:\/\/lechappeeclose.it\/wp-content\/uploads\/2025\/02\/cropped-logo-rond.png","contentUrl":"http:\/\/lechappeeclose.it\/wp-content\/uploads\/2025\/02\/cropped-logo-rond.png","width":1080,"height":1080,"caption":"l&#039;\u00e9chapp\u00e9e close"},"image":{"@id":"http:\/\/lechappeeclose.it\/#\/schema\/logo\/image\/"},"sameAs":["https:\/\/www.instagram.com\/lechappeeclose\/"]}]}},"_links":{"self":[{"href":"http:\/\/lechappeeclose.it\/it\/wp-json\/wp\/v2\/product\/3753","targetHints":{"allow":["GET"]}}],"collection":[{"href":"http:\/\/lechappeeclose.it\/it\/wp-json\/wp\/v2\/product"}],"about":[{"href":"http:\/\/lechappeeclose.it\/it\/wp-json\/wp\/v2\/types\/product"}],"replies":[{"embeddable":true,"href":"http:\/\/lechappeeclose.it\/it\/wp-json\/wp\/v2\/comments?post=3753"}],"wp:featuredmedia":[{"embeddable":true,"href":"http:\/\/lechappeeclose.it\/it\/wp-json\/wp\/v2\/media\/3752"}],"wp:attachment":[{"href":"http:\/\/lechappeeclose.it\/it\/wp-json\/wp\/v2\/media?parent=3753"}],"wp:term":[{"taxonomy":"product_brand","embeddable":true,"href":"http:\/\/lechappeeclose.it\/it\/wp-json\/wp\/v2\/product_brand?post=3753"},{"taxonomy":"product_cat","embeddable":true,"href":"http:\/\/lechappeeclose.it\/it\/wp-json\/wp\/v2\/product_cat?post=3753"},{"taxonomy":"product_tag","embeddable":true,"href":"http:\/\/lechappeeclose.it\/it\/wp-json\/wp\/v2\/product_tag?post=3753"}],"curies":[{"name":"wp","href":"https:\/\/api.w.org\/{rel}","templated":true}]}}