{"id":3702,"date":"2025-01-30T16:54:21","date_gmt":"2025-01-30T15:54:21","guid":{"rendered":"https:\/\/lechappeeclose.it\/produit\/un-demi-siecle-dans-lhimalaya\/"},"modified":"2026-01-16T13:13:17","modified_gmt":"2026-01-16T12:13:17","slug":"un-demi-siecle-dans-lhimalaya","status":"publish","type":"product","link":"http:\/\/lechappeeclose.it\/it\/boutique\/livres\/arts\/photographie\/un-demi-siecle-dans-lhimalaya\/","title":{"rendered":"Un demi-si\u00e8cle dans l&#8217;himalaya"},"content":{"rendered":"<p>Scientifique de formation, Matthieu Ricard s&#8217;est \u00e9tabli en Inde en 1967. Depuis, il n&#8217;a cess\u00e9 de photographier l&#8217;Himalaya, les ma\u00eetres spirituels du bouddhisme tib\u00e9tain et leur monde. A l&#8217;\u00e2ge de 30 ans, devenu moine bouddhiste, il a b\u00e9n\u00e9fici\u00e9 d&#8217;un acc\u00e8s privil\u00e9gi\u00e9 \u00e0 la vie intime des monast\u00e8res bouddhistes, des communaut\u00e9s nomades, des lieux sacr\u00e9s et des sites naturels les plus recul\u00e9s de l&#8217;Himalaya.Un demi-si\u00e8cle dans l&#8217;Himalaya retrace, \u00e0 travers textes et images, le parcours personnel de Matthieu Ricard. Une vie d\u00e9di\u00e9e au monde himalayen, \u00e0 la spiritualit\u00e9, au peuple tib\u00e9tain et \u00e0 sa culture. Cet ouvrage est une r\u00e9f\u00e9rence, une somme photographique sur les traces des grands ma\u00eetres du bouddhisme et un hommage \u00e9clatant \u00e0 l&#8217;Himalaya.<\/p>","protected":false},"excerpt":{"rendered":"<p>Scientifique de formation, Matthieu Ricard s&#8217;est \u00e9tabli en Inde en 1967. Depuis, il n&#8217;a cess\u00e9 de photographier l&#8217;Himalaya, les ma\u00eetres spirituels du bouddhisme tib\u00e9tain et leur monde. A l&#8217;\u00e2ge de 30 ans, devenu moine bouddhiste, il a b\u00e9n\u00e9fici\u00e9 d&#8217;un acc\u00e8s privil\u00e9gi\u00e9 \u00e0 la vie intime des monast\u00e8res bouddhistes, des communaut\u00e9s nomades, des lieux sacr\u00e9s et [&hellip;]<\/p>","protected":false},"featured_media":3701,"comment_status":"open","ping_status":"closed","template":"","meta":[],"product_brand":[],"product_cat":[39],"product_tag":[],"class_list":{"0":"post-3702","1":"product","2":"type-product","3":"status-publish","4":"has-post-thumbnail","6":"product_cat-photographie","8":"first","9":"onbackorder","10":"taxable","11":"shipping-taxable","12":"purchasable","13":"product-type-simple"},"yoast_head":"<!-- This site is optimized with the Yoast SEO plugin v27.4 - https:\/\/yoast.com\/product\/yoast-seo-wordpress\/ -->\n<title>Un demi-si\u00e8cle dans l&#039;himalaya - l&#039;\u00e9chapp\u00e9e close<\/title>\n<meta name=\"robots\" content=\"index, follow, max-snippet:-1, max-image-preview:large, max-video-preview:-1\" \/>\n<link rel=\"canonical\" href=\"http:\/\/lechappeeclose.it\/it\/boutique\/livres\/arts\/photographie\/un-demi-siecle-dans-lhimalaya\/\" \/>\n<meta property=\"og:locale\" content=\"it_IT\" \/>\n<meta property=\"og:type\" content=\"article\" \/>\n<meta property=\"og:title\" content=\"Un demi-si\u00e8cle dans l&#039;himalaya - l&#039;\u00e9chapp\u00e9e close\" \/>\n<meta property=\"og:description\" content=\"Scientifique de formation, Matthieu Ricard s&#8217;est \u00e9tabli en Inde en 1967. Depuis, il n&#8217;a cess\u00e9 de photographier l&#8217;Himalaya, les ma\u00eetres spirituels du bouddhisme tib\u00e9tain et leur monde. A l&#8217;\u00e2ge de 30 ans, devenu moine bouddhiste, il a b\u00e9n\u00e9fici\u00e9 d&#8217;un acc\u00e8s privil\u00e9gi\u00e9 \u00e0 la vie intime des monast\u00e8res bouddhistes, des communaut\u00e9s nomades, des lieux sacr\u00e9s et [&hellip;]\" \/>\n<meta property=\"og:url\" content=\"http:\/\/lechappeeclose.it\/it\/boutique\/livres\/arts\/photographie\/un-demi-siecle-dans-lhimalaya\/\" \/>\n<meta property=\"og:site_name\" content=\"l&#039;\u00e9chapp\u00e9e close\" \/>\n<meta property=\"article:modified_time\" content=\"2026-01-16T12:13:17+00:00\" \/>\n<meta property=\"og:image\" content=\"http:\/\/lechappeeclose.it\/wp-content\/uploads\/2025\/01\/Un-demi-siecle-dans-lhimalaya.jpg\" \/>\n\t<meta property=\"og:image:width\" content=\"340\" \/>\n\t<meta property=\"og:image:height\" content=\"340\" \/>\n\t<meta property=\"og:image:type\" content=\"image\/jpeg\" \/>\n<meta name=\"twitter:card\" content=\"summary_large_image\" \/>\n<meta name=\"twitter:label1\" content=\"Tempo di lettura stimato\" \/>\n\t<meta name=\"twitter:data1\" content=\"1 minuto\" \/>\n<script type=\"application\/ld+json\" class=\"yoast-schema-graph\">{\"@context\":\"https:\\\/\\\/schema.org\",\"@graph\":[{\"@type\":\"WebPage\",\"@id\":\"http:\\\/\\\/lechappeeclose.it\\\/it\\\/boutique\\\/livres\\\/arts\\\/photographie\\\/un-demi-siecle-dans-lhimalaya\\\/\",\"url\":\"http:\\\/\\\/lechappeeclose.it\\\/it\\\/boutique\\\/livres\\\/arts\\\/photographie\\\/un-demi-siecle-dans-lhimalaya\\\/\",\"name\":\"Un demi-si\u00e8cle dans l'himalaya - l&#039;\u00e9chapp\u00e9e close\",\"isPartOf\":{\"@id\":\"http:\\\/\\\/lechappeeclose.it\\\/#website\"},\"primaryImageOfPage\":{\"@id\":\"http:\\\/\\\/lechappeeclose.it\\\/it\\\/boutique\\\/livres\\\/arts\\\/photographie\\\/un-demi-siecle-dans-lhimalaya\\\/#primaryimage\"},\"image\":{\"@id\":\"http:\\\/\\\/lechappeeclose.it\\\/it\\\/boutique\\\/livres\\\/arts\\\/photographie\\\/un-demi-siecle-dans-lhimalaya\\\/#primaryimage\"},\"thumbnailUrl\":\"http:\\\/\\\/lechappeeclose.it\\\/wp-content\\\/uploads\\\/2025\\\/01\\\/Un-demi-siecle-dans-lhimalaya.jpg\",\"datePublished\":\"2025-01-30T15:54:21+00:00\",\"dateModified\":\"2026-01-16T12:13:17+00:00\",\"breadcrumb\":{\"@id\":\"http:\\\/\\\/lechappeeclose.it\\\/it\\\/boutique\\\/livres\\\/arts\\\/photographie\\\/un-demi-siecle-dans-lhimalaya\\\/#breadcrumb\"},\"inLanguage\":\"it-IT\",\"potentialAction\":[{\"@type\":\"ReadAction\",\"target\":[\"http:\\\/\\\/lechappeeclose.it\\\/it\\\/boutique\\\/livres\\\/arts\\\/photographie\\\/un-demi-siecle-dans-lhimalaya\\\/\"]}]},{\"@type\":\"ImageObject\",\"inLanguage\":\"it-IT\",\"@id\":\"http:\\\/\\\/lechappeeclose.it\\\/it\\\/boutique\\\/livres\\\/arts\\\/photographie\\\/un-demi-siecle-dans-lhimalaya\\\/#primaryimage\",\"url\":\"http:\\\/\\\/lechappeeclose.it\\\/wp-content\\\/uploads\\\/2025\\\/01\\\/Un-demi-siecle-dans-lhimalaya.jpg\",\"contentUrl\":\"http:\\\/\\\/lechappeeclose.it\\\/wp-content\\\/uploads\\\/2025\\\/01\\\/Un-demi-siecle-dans-lhimalaya.jpg\",\"width\":340,\"height\":340},{\"@type\":\"BreadcrumbList\",\"@id\":\"http:\\\/\\\/lechappeeclose.it\\\/it\\\/boutique\\\/livres\\\/arts\\\/photographie\\\/un-demi-siecle-dans-lhimalaya\\\/#breadcrumb\",\"itemListElement\":[{\"@type\":\"ListItem\",\"position\":1,\"name\":\"Accueil\",\"item\":\"http:\\\/\\\/lechappeeclose.it\\\/\"},{\"@type\":\"ListItem\",\"position\":2,\"name\":\"Boutique\",\"item\":\"http:\\\/\\\/lechappeeclose.it\\\/it\\\/boutique\\\/\"},{\"@type\":\"ListItem\",\"position\":3,\"name\":\"Un demi-si\u00e8cle dans l&#8217;himalaya\"}]},{\"@type\":\"WebSite\",\"@id\":\"http:\\\/\\\/lechappeeclose.it\\\/#website\",\"url\":\"http:\\\/\\\/lechappeeclose.it\\\/\",\"name\":\"l&#039;\u00e9chapp\u00e9e close\",\"description\":\"la librairie fran\u00e7aise de Milan\",\"publisher\":{\"@id\":\"http:\\\/\\\/lechappeeclose.it\\\/#organization\"},\"alternateName\":\"La librairie fran\u00e7aise de Milan\",\"potentialAction\":[{\"@type\":\"SearchAction\",\"target\":{\"@type\":\"EntryPoint\",\"urlTemplate\":\"http:\\\/\\\/lechappeeclose.it\\\/?s={search_term_string}\"},\"query-input\":{\"@type\":\"PropertyValueSpecification\",\"valueRequired\":true,\"valueName\":\"search_term_string\"}}],\"inLanguage\":\"it-IT\"},{\"@type\":\"Organization\",\"@id\":\"http:\\\/\\\/lechappeeclose.it\\\/#organization\",\"name\":\"l&#039;\u00e9chapp\u00e9e close\",\"url\":\"http:\\\/\\\/lechappeeclose.it\\\/\",\"logo\":{\"@type\":\"ImageObject\",\"inLanguage\":\"it-IT\",\"@id\":\"http:\\\/\\\/lechappeeclose.it\\\/#\\\/schema\\\/logo\\\/image\\\/\",\"url\":\"http:\\\/\\\/lechappeeclose.it\\\/wp-content\\\/uploads\\\/2025\\\/02\\\/cropped-logo-rond.png\",\"contentUrl\":\"http:\\\/\\\/lechappeeclose.it\\\/wp-content\\\/uploads\\\/2025\\\/02\\\/cropped-logo-rond.png\",\"width\":1080,\"height\":1080,\"caption\":\"l&#039;\u00e9chapp\u00e9e close\"},\"image\":{\"@id\":\"http:\\\/\\\/lechappeeclose.it\\\/#\\\/schema\\\/logo\\\/image\\\/\"},\"sameAs\":[\"https:\\\/\\\/www.instagram.com\\\/lechappeeclose\\\/\"]}]}<\/script>\n<!-- \/ Yoast SEO plugin. -->","yoast_head_json":{"title":"Un demi-si\u00e8cle dans l'himalaya - l&#039;\u00e9chapp\u00e9e close","robots":{"index":"index","follow":"follow","max-snippet":"max-snippet:-1","max-image-preview":"max-image-preview:large","max-video-preview":"max-video-preview:-1"},"canonical":"http:\/\/lechappeeclose.it\/it\/boutique\/livres\/arts\/photographie\/un-demi-siecle-dans-lhimalaya\/","og_locale":"it_IT","og_type":"article","og_title":"Un demi-si\u00e8cle dans l'himalaya - l&#039;\u00e9chapp\u00e9e close","og_description":"Scientifique de formation, Matthieu Ricard s&#8217;est \u00e9tabli en Inde en 1967. Depuis, il n&#8217;a cess\u00e9 de photographier l&#8217;Himalaya, les ma\u00eetres spirituels du bouddhisme tib\u00e9tain et leur monde. A l&#8217;\u00e2ge de 30 ans, devenu moine bouddhiste, il a b\u00e9n\u00e9fici\u00e9 d&#8217;un acc\u00e8s privil\u00e9gi\u00e9 \u00e0 la vie intime des monast\u00e8res bouddhistes, des communaut\u00e9s nomades, des lieux sacr\u00e9s et [&hellip;]","og_url":"http:\/\/lechappeeclose.it\/it\/boutique\/livres\/arts\/photographie\/un-demi-siecle-dans-lhimalaya\/","og_site_name":"l&#039;\u00e9chapp\u00e9e close","article_modified_time":"2026-01-16T12:13:17+00:00","og_image":[{"width":340,"height":340,"url":"http:\/\/lechappeeclose.it\/wp-content\/uploads\/2025\/01\/Un-demi-siecle-dans-lhimalaya.jpg","type":"image\/jpeg"}],"twitter_card":"summary_large_image","twitter_misc":{"Tempo di lettura stimato":"1 minuto"},"schema":{"@context":"https:\/\/schema.org","@graph":[{"@type":"WebPage","@id":"http:\/\/lechappeeclose.it\/it\/boutique\/livres\/arts\/photographie\/un-demi-siecle-dans-lhimalaya\/","url":"http:\/\/lechappeeclose.it\/it\/boutique\/livres\/arts\/photographie\/un-demi-siecle-dans-lhimalaya\/","name":"Un demi-si\u00e8cle dans l'himalaya - l&#039;\u00e9chapp\u00e9e close","isPartOf":{"@id":"http:\/\/lechappeeclose.it\/#website"},"primaryImageOfPage":{"@id":"http:\/\/lechappeeclose.it\/it\/boutique\/livres\/arts\/photographie\/un-demi-siecle-dans-lhimalaya\/#primaryimage"},"image":{"@id":"http:\/\/lechappeeclose.it\/it\/boutique\/livres\/arts\/photographie\/un-demi-siecle-dans-lhimalaya\/#primaryimage"},"thumbnailUrl":"http:\/\/lechappeeclose.it\/wp-content\/uploads\/2025\/01\/Un-demi-siecle-dans-lhimalaya.jpg","datePublished":"2025-01-30T15:54:21+00:00","dateModified":"2026-01-16T12:13:17+00:00","breadcrumb":{"@id":"http:\/\/lechappeeclose.it\/it\/boutique\/livres\/arts\/photographie\/un-demi-siecle-dans-lhimalaya\/#breadcrumb"},"inLanguage":"it-IT","potentialAction":[{"@type":"ReadAction","target":["http:\/\/lechappeeclose.it\/it\/boutique\/livres\/arts\/photographie\/un-demi-siecle-dans-lhimalaya\/"]}]},{"@type":"ImageObject","inLanguage":"it-IT","@id":"http:\/\/lechappeeclose.it\/it\/boutique\/livres\/arts\/photographie\/un-demi-siecle-dans-lhimalaya\/#primaryimage","url":"http:\/\/lechappeeclose.it\/wp-content\/uploads\/2025\/01\/Un-demi-siecle-dans-lhimalaya.jpg","contentUrl":"http:\/\/lechappeeclose.it\/wp-content\/uploads\/2025\/01\/Un-demi-siecle-dans-lhimalaya.jpg","width":340,"height":340},{"@type":"BreadcrumbList","@id":"http:\/\/lechappeeclose.it\/it\/boutique\/livres\/arts\/photographie\/un-demi-siecle-dans-lhimalaya\/#breadcrumb","itemListElement":[{"@type":"ListItem","position":1,"name":"Accueil","item":"http:\/\/lechappeeclose.it\/"},{"@type":"ListItem","position":2,"name":"Boutique","item":"http:\/\/lechappeeclose.it\/it\/boutique\/"},{"@type":"ListItem","position":3,"name":"Un demi-si\u00e8cle dans l&#8217;himalaya"}]},{"@type":"WebSite","@id":"http:\/\/lechappeeclose.it\/#website","url":"http:\/\/lechappeeclose.it\/","name":"l&#039;\u00e9chapp\u00e9e close","description":"La libreria francese di Milano","publisher":{"@id":"http:\/\/lechappeeclose.it\/#organization"},"alternateName":"La librairie fran\u00e7aise de Milan","potentialAction":[{"@type":"SearchAction","target":{"@type":"EntryPoint","urlTemplate":"http:\/\/lechappeeclose.it\/?s={search_term_string}"},"query-input":{"@type":"PropertyValueSpecification","valueRequired":true,"valueName":"search_term_string"}}],"inLanguage":"it-IT"},{"@type":"Organization","@id":"http:\/\/lechappeeclose.it\/#organization","name":"l&#039;\u00e9chapp\u00e9e close","url":"http:\/\/lechappeeclose.it\/","logo":{"@type":"ImageObject","inLanguage":"it-IT","@id":"http:\/\/lechappeeclose.it\/#\/schema\/logo\/image\/","url":"http:\/\/lechappeeclose.it\/wp-content\/uploads\/2025\/02\/cropped-logo-rond.png","contentUrl":"http:\/\/lechappeeclose.it\/wp-content\/uploads\/2025\/02\/cropped-logo-rond.png","width":1080,"height":1080,"caption":"l&#039;\u00e9chapp\u00e9e close"},"image":{"@id":"http:\/\/lechappeeclose.it\/#\/schema\/logo\/image\/"},"sameAs":["https:\/\/www.instagram.com\/lechappeeclose\/"]}]}},"_links":{"self":[{"href":"http:\/\/lechappeeclose.it\/it\/wp-json\/wp\/v2\/product\/3702","targetHints":{"allow":["GET"]}}],"collection":[{"href":"http:\/\/lechappeeclose.it\/it\/wp-json\/wp\/v2\/product"}],"about":[{"href":"http:\/\/lechappeeclose.it\/it\/wp-json\/wp\/v2\/types\/product"}],"replies":[{"embeddable":true,"href":"http:\/\/lechappeeclose.it\/it\/wp-json\/wp\/v2\/comments?post=3702"}],"wp:featuredmedia":[{"embeddable":true,"href":"http:\/\/lechappeeclose.it\/it\/wp-json\/wp\/v2\/media\/3701"}],"wp:attachment":[{"href":"http:\/\/lechappeeclose.it\/it\/wp-json\/wp\/v2\/media?parent=3702"}],"wp:term":[{"taxonomy":"product_brand","embeddable":true,"href":"http:\/\/lechappeeclose.it\/it\/wp-json\/wp\/v2\/product_brand?post=3702"},{"taxonomy":"product_cat","embeddable":true,"href":"http:\/\/lechappeeclose.it\/it\/wp-json\/wp\/v2\/product_cat?post=3702"},{"taxonomy":"product_tag","embeddable":true,"href":"http:\/\/lechappeeclose.it\/it\/wp-json\/wp\/v2\/product_tag?post=3702"}],"curies":[{"name":"wp","href":"https:\/\/api.w.org\/{rel}","templated":true}]}}