{"id":3560,"date":"2025-01-30T16:09:56","date_gmt":"2025-01-30T15:09:56","guid":{"rendered":"https:\/\/lechappeeclose.it\/produit\/beaute-congo-1926-2015\/"},"modified":"2025-01-30T16:09:56","modified_gmt":"2025-01-30T15:09:56","slug":"beaute-congo-1926-2015","status":"publish","type":"product","link":"http:\/\/lechappeeclose.it\/it\/boutique\/livres\/arts\/photographie\/beaute-congo-1926-2015\/","title":{"rendered":"Beaut\u00e9 Congo 1926-2015"},"content":{"rendered":"<p>Prenant pour point de d\u00e9part la naissance de la peinture moderne congolaise dans les ann\u00e9es 1920, le catalogue de l&#8217;exposition Beaut\u00e9 Congo 1926-2015, Congo Kitoko met \u00e0 l&#8217;honneur l&#8217;extraordinaire vitalit\u00e9 culturelle de la R\u00e9publique d\u00e9mocratique du Congo et retrace pr\u00e8s d&#8217;un si\u00e8cle de production artistique. Si la peinture est au coeur de cet ouvrage, la sculpture, la photographie, la musique et la bande dessin\u00e9e y ont aussi leur place, offrant une opportunit\u00e9 unique de d\u00e9couvrir la diversit\u00e9 et la vivacit\u00e9 de la sc\u00e8ne artistique du pays et de sa capitale Kinshasa. Des textes de sp\u00e9cialistes, accompagn\u00e9s d&#8217;entretiens avec les artistes et d&#8217;une chronologie d\u00e9taill\u00e9e, permettent d&#8217;approfondir les contextes artistiques et historiques dans lesquels ces oeuvres ont vu le jour. L&#8217;exposition Beaut\u00e9 Congo, 1926-2015, Congo Kitoko est pr\u00e9sent\u00e9e \u00e0 la Fondation Cartier pour l&#8217;art contemporain \u00e0 Paris du 11 juillet au 15 novembre 2015.<\/p>","protected":false},"excerpt":{"rendered":"<p>Prenant pour point de d\u00e9part la naissance de la peinture moderne congolaise dans les ann\u00e9es 1920, le catalogue de l&#8217;exposition Beaut\u00e9 Congo 1926-2015, Congo Kitoko met \u00e0 l&#8217;honneur l&#8217;extraordinaire vitalit\u00e9 culturelle de la R\u00e9publique d\u00e9mocratique du Congo et retrace pr\u00e8s d&#8217;un si\u00e8cle de production artistique. Si la peinture est au coeur de cet ouvrage, la [&hellip;]<\/p>","protected":false},"featured_media":3559,"comment_status":"open","ping_status":"closed","template":"","meta":[],"product_brand":[],"product_cat":[39],"product_tag":[],"class_list":{"0":"post-3560","1":"product","2":"type-product","3":"status-publish","4":"has-post-thumbnail","6":"product_cat-photographie","8":"first","9":"instock","10":"taxable","11":"shipping-taxable","12":"purchasable","13":"product-type-simple"},"yoast_head":"<!-- This site is optimized with the Yoast SEO plugin v27.4 - https:\/\/yoast.com\/product\/yoast-seo-wordpress\/ -->\n<title>Beaut\u00e9 Congo 1926-2015 - l&#039;\u00e9chapp\u00e9e close<\/title>\n<meta name=\"robots\" content=\"index, follow, max-snippet:-1, max-image-preview:large, max-video-preview:-1\" \/>\n<link rel=\"canonical\" href=\"https:\/\/lechappeeclose.it\/it\/boutique\/livres\/arts\/photographie\/beaute-congo-1926-2015\/\" \/>\n<meta property=\"og:locale\" content=\"it_IT\" \/>\n<meta property=\"og:type\" content=\"article\" \/>\n<meta property=\"og:title\" content=\"Beaut\u00e9 Congo 1926-2015 - l&#039;\u00e9chapp\u00e9e close\" \/>\n<meta property=\"og:description\" content=\"Prenant pour point de d\u00e9part la naissance de la peinture moderne congolaise dans les ann\u00e9es 1920, le catalogue de l&#8217;exposition Beaut\u00e9 Congo 1926-2015, Congo Kitoko met \u00e0 l&#8217;honneur l&#8217;extraordinaire vitalit\u00e9 culturelle de la R\u00e9publique d\u00e9mocratique du Congo et retrace pr\u00e8s d&#8217;un si\u00e8cle de production artistique. Si la peinture est au coeur de cet ouvrage, la [&hellip;]\" \/>\n<meta property=\"og:url\" content=\"https:\/\/lechappeeclose.it\/it\/boutique\/livres\/arts\/photographie\/beaute-congo-1926-2015\/\" \/>\n<meta property=\"og:site_name\" content=\"l&#039;\u00e9chapp\u00e9e close\" \/>\n<meta property=\"og:image\" content=\"https:\/\/lechappeeclose.it\/wp-content\/uploads\/2025\/01\/Beaute-Congo-1926-2015.jpg\" \/>\n\t<meta property=\"og:image:width\" content=\"383\" \/>\n\t<meta property=\"og:image:height\" content=\"500\" \/>\n\t<meta property=\"og:image:type\" content=\"image\/jpeg\" \/>\n<meta name=\"twitter:card\" content=\"summary_large_image\" \/>\n<meta name=\"twitter:label1\" content=\"Tempo di lettura stimato\" \/>\n\t<meta name=\"twitter:data1\" content=\"1 minuto\" \/>\n<script type=\"application\/ld+json\" class=\"yoast-schema-graph\">{\"@context\":\"https:\\\/\\\/schema.org\",\"@graph\":[{\"@type\":\"WebPage\",\"@id\":\"https:\\\/\\\/lechappeeclose.it\\\/boutique\\\/livres\\\/arts\\\/photographie\\\/beaute-congo-1926-2015\\\/\",\"url\":\"https:\\\/\\\/lechappeeclose.it\\\/boutique\\\/livres\\\/arts\\\/photographie\\\/beaute-congo-1926-2015\\\/\",\"name\":\"Beaut\u00e9 Congo 1926-2015 - l&#039;\u00e9chapp\u00e9e close\",\"isPartOf\":{\"@id\":\"http:\\\/\\\/lechappeeclose.it\\\/#website\"},\"primaryImageOfPage\":{\"@id\":\"https:\\\/\\\/lechappeeclose.it\\\/boutique\\\/livres\\\/arts\\\/photographie\\\/beaute-congo-1926-2015\\\/#primaryimage\"},\"image\":{\"@id\":\"https:\\\/\\\/lechappeeclose.it\\\/boutique\\\/livres\\\/arts\\\/photographie\\\/beaute-congo-1926-2015\\\/#primaryimage\"},\"thumbnailUrl\":\"http:\\\/\\\/lechappeeclose.it\\\/wp-content\\\/uploads\\\/2025\\\/01\\\/Beaute-Congo-1926-2015.jpg\",\"datePublished\":\"2025-01-30T15:09:56+00:00\",\"breadcrumb\":{\"@id\":\"https:\\\/\\\/lechappeeclose.it\\\/boutique\\\/livres\\\/arts\\\/photographie\\\/beaute-congo-1926-2015\\\/#breadcrumb\"},\"inLanguage\":\"it-IT\",\"potentialAction\":[{\"@type\":\"ReadAction\",\"target\":[\"https:\\\/\\\/lechappeeclose.it\\\/boutique\\\/livres\\\/arts\\\/photographie\\\/beaute-congo-1926-2015\\\/\"]}]},{\"@type\":\"ImageObject\",\"inLanguage\":\"it-IT\",\"@id\":\"https:\\\/\\\/lechappeeclose.it\\\/boutique\\\/livres\\\/arts\\\/photographie\\\/beaute-congo-1926-2015\\\/#primaryimage\",\"url\":\"http:\\\/\\\/lechappeeclose.it\\\/wp-content\\\/uploads\\\/2025\\\/01\\\/Beaute-Congo-1926-2015.jpg\",\"contentUrl\":\"http:\\\/\\\/lechappeeclose.it\\\/wp-content\\\/uploads\\\/2025\\\/01\\\/Beaute-Congo-1926-2015.jpg\",\"width\":383,\"height\":500},{\"@type\":\"BreadcrumbList\",\"@id\":\"https:\\\/\\\/lechappeeclose.it\\\/boutique\\\/livres\\\/arts\\\/photographie\\\/beaute-congo-1926-2015\\\/#breadcrumb\",\"itemListElement\":[{\"@type\":\"ListItem\",\"position\":1,\"name\":\"Accueil\",\"item\":\"http:\\\/\\\/lechappeeclose.it\\\/\"},{\"@type\":\"ListItem\",\"position\":2,\"name\":\"Boutique\",\"item\":\"http:\\\/\\\/lechappeeclose.it\\\/boutique\\\/\"},{\"@type\":\"ListItem\",\"position\":3,\"name\":\"Beaut\u00e9 Congo 1926-2015\"}]},{\"@type\":\"WebSite\",\"@id\":\"http:\\\/\\\/lechappeeclose.it\\\/#website\",\"url\":\"http:\\\/\\\/lechappeeclose.it\\\/\",\"name\":\"l&#039;\u00e9chapp\u00e9e close\",\"description\":\"la librairie fran\u00e7aise de Milan\",\"publisher\":{\"@id\":\"http:\\\/\\\/lechappeeclose.it\\\/#organization\"},\"alternateName\":\"La librairie fran\u00e7aise de Milan\",\"potentialAction\":[{\"@type\":\"SearchAction\",\"target\":{\"@type\":\"EntryPoint\",\"urlTemplate\":\"http:\\\/\\\/lechappeeclose.it\\\/?s={search_term_string}\"},\"query-input\":{\"@type\":\"PropertyValueSpecification\",\"valueRequired\":true,\"valueName\":\"search_term_string\"}}],\"inLanguage\":\"it-IT\"},{\"@type\":\"Organization\",\"@id\":\"http:\\\/\\\/lechappeeclose.it\\\/#organization\",\"name\":\"l&#039;\u00e9chapp\u00e9e close\",\"url\":\"http:\\\/\\\/lechappeeclose.it\\\/\",\"logo\":{\"@type\":\"ImageObject\",\"inLanguage\":\"it-IT\",\"@id\":\"http:\\\/\\\/lechappeeclose.it\\\/#\\\/schema\\\/logo\\\/image\\\/\",\"url\":\"http:\\\/\\\/lechappeeclose.it\\\/wp-content\\\/uploads\\\/2025\\\/02\\\/cropped-logo-rond.png\",\"contentUrl\":\"http:\\\/\\\/lechappeeclose.it\\\/wp-content\\\/uploads\\\/2025\\\/02\\\/cropped-logo-rond.png\",\"width\":1080,\"height\":1080,\"caption\":\"l&#039;\u00e9chapp\u00e9e close\"},\"image\":{\"@id\":\"http:\\\/\\\/lechappeeclose.it\\\/#\\\/schema\\\/logo\\\/image\\\/\"},\"sameAs\":[\"https:\\\/\\\/www.instagram.com\\\/lechappeeclose\\\/\"]}]}<\/script>\n<!-- \/ Yoast SEO plugin. -->","yoast_head_json":{"title":"Beaut\u00e9 Congo 1926-2015 - l&#039;\u00e9chapp\u00e9e close","robots":{"index":"index","follow":"follow","max-snippet":"max-snippet:-1","max-image-preview":"max-image-preview:large","max-video-preview":"max-video-preview:-1"},"canonical":"https:\/\/lechappeeclose.it\/it\/boutique\/livres\/arts\/photographie\/beaute-congo-1926-2015\/","og_locale":"it_IT","og_type":"article","og_title":"Beaut\u00e9 Congo 1926-2015 - l&#039;\u00e9chapp\u00e9e close","og_description":"Prenant pour point de d\u00e9part la naissance de la peinture moderne congolaise dans les ann\u00e9es 1920, le catalogue de l&#8217;exposition Beaut\u00e9 Congo 1926-2015, Congo Kitoko met \u00e0 l&#8217;honneur l&#8217;extraordinaire vitalit\u00e9 culturelle de la R\u00e9publique d\u00e9mocratique du Congo et retrace pr\u00e8s d&#8217;un si\u00e8cle de production artistique. Si la peinture est au coeur de cet ouvrage, la [&hellip;]","og_url":"https:\/\/lechappeeclose.it\/it\/boutique\/livres\/arts\/photographie\/beaute-congo-1926-2015\/","og_site_name":"l&#039;\u00e9chapp\u00e9e close","og_image":[{"width":383,"height":500,"url":"https:\/\/lechappeeclose.it\/wp-content\/uploads\/2025\/01\/Beaute-Congo-1926-2015.jpg","type":"image\/jpeg"}],"twitter_card":"summary_large_image","twitter_misc":{"Tempo di lettura stimato":"1 minuto"},"schema":{"@context":"https:\/\/schema.org","@graph":[{"@type":"WebPage","@id":"https:\/\/lechappeeclose.it\/boutique\/livres\/arts\/photographie\/beaute-congo-1926-2015\/","url":"https:\/\/lechappeeclose.it\/boutique\/livres\/arts\/photographie\/beaute-congo-1926-2015\/","name":"Beaut\u00e9 Congo 1926-2015 - l&#039;\u00e9chapp\u00e9e close","isPartOf":{"@id":"http:\/\/lechappeeclose.it\/#website"},"primaryImageOfPage":{"@id":"https:\/\/lechappeeclose.it\/boutique\/livres\/arts\/photographie\/beaute-congo-1926-2015\/#primaryimage"},"image":{"@id":"https:\/\/lechappeeclose.it\/boutique\/livres\/arts\/photographie\/beaute-congo-1926-2015\/#primaryimage"},"thumbnailUrl":"http:\/\/lechappeeclose.it\/wp-content\/uploads\/2025\/01\/Beaute-Congo-1926-2015.jpg","datePublished":"2025-01-30T15:09:56+00:00","breadcrumb":{"@id":"https:\/\/lechappeeclose.it\/boutique\/livres\/arts\/photographie\/beaute-congo-1926-2015\/#breadcrumb"},"inLanguage":"it-IT","potentialAction":[{"@type":"ReadAction","target":["https:\/\/lechappeeclose.it\/boutique\/livres\/arts\/photographie\/beaute-congo-1926-2015\/"]}]},{"@type":"ImageObject","inLanguage":"it-IT","@id":"https:\/\/lechappeeclose.it\/boutique\/livres\/arts\/photographie\/beaute-congo-1926-2015\/#primaryimage","url":"http:\/\/lechappeeclose.it\/wp-content\/uploads\/2025\/01\/Beaute-Congo-1926-2015.jpg","contentUrl":"http:\/\/lechappeeclose.it\/wp-content\/uploads\/2025\/01\/Beaute-Congo-1926-2015.jpg","width":383,"height":500},{"@type":"BreadcrumbList","@id":"https:\/\/lechappeeclose.it\/boutique\/livres\/arts\/photographie\/beaute-congo-1926-2015\/#breadcrumb","itemListElement":[{"@type":"ListItem","position":1,"name":"Accueil","item":"http:\/\/lechappeeclose.it\/"},{"@type":"ListItem","position":2,"name":"Boutique","item":"http:\/\/lechappeeclose.it\/boutique\/"},{"@type":"ListItem","position":3,"name":"Beaut\u00e9 Congo 1926-2015"}]},{"@type":"WebSite","@id":"http:\/\/lechappeeclose.it\/#website","url":"http:\/\/lechappeeclose.it\/","name":"l&#039;\u00e9chapp\u00e9e close","description":"La libreria francese di Milano","publisher":{"@id":"http:\/\/lechappeeclose.it\/#organization"},"alternateName":"La librairie fran\u00e7aise de Milan","potentialAction":[{"@type":"SearchAction","target":{"@type":"EntryPoint","urlTemplate":"http:\/\/lechappeeclose.it\/?s={search_term_string}"},"query-input":{"@type":"PropertyValueSpecification","valueRequired":true,"valueName":"search_term_string"}}],"inLanguage":"it-IT"},{"@type":"Organization","@id":"http:\/\/lechappeeclose.it\/#organization","name":"l&#039;\u00e9chapp\u00e9e close","url":"http:\/\/lechappeeclose.it\/","logo":{"@type":"ImageObject","inLanguage":"it-IT","@id":"http:\/\/lechappeeclose.it\/#\/schema\/logo\/image\/","url":"http:\/\/lechappeeclose.it\/wp-content\/uploads\/2025\/02\/cropped-logo-rond.png","contentUrl":"http:\/\/lechappeeclose.it\/wp-content\/uploads\/2025\/02\/cropped-logo-rond.png","width":1080,"height":1080,"caption":"l&#039;\u00e9chapp\u00e9e close"},"image":{"@id":"http:\/\/lechappeeclose.it\/#\/schema\/logo\/image\/"},"sameAs":["https:\/\/www.instagram.com\/lechappeeclose\/"]}]}},"_links":{"self":[{"href":"http:\/\/lechappeeclose.it\/it\/wp-json\/wp\/v2\/product\/3560","targetHints":{"allow":["GET"]}}],"collection":[{"href":"http:\/\/lechappeeclose.it\/it\/wp-json\/wp\/v2\/product"}],"about":[{"href":"http:\/\/lechappeeclose.it\/it\/wp-json\/wp\/v2\/types\/product"}],"replies":[{"embeddable":true,"href":"http:\/\/lechappeeclose.it\/it\/wp-json\/wp\/v2\/comments?post=3560"}],"wp:featuredmedia":[{"embeddable":true,"href":"http:\/\/lechappeeclose.it\/it\/wp-json\/wp\/v2\/media\/3559"}],"wp:attachment":[{"href":"http:\/\/lechappeeclose.it\/it\/wp-json\/wp\/v2\/media?parent=3560"}],"wp:term":[{"taxonomy":"product_brand","embeddable":true,"href":"http:\/\/lechappeeclose.it\/it\/wp-json\/wp\/v2\/product_brand?post=3560"},{"taxonomy":"product_cat","embeddable":true,"href":"http:\/\/lechappeeclose.it\/it\/wp-json\/wp\/v2\/product_cat?post=3560"},{"taxonomy":"product_tag","embeddable":true,"href":"http:\/\/lechappeeclose.it\/it\/wp-json\/wp\/v2\/product_tag?post=3560"}],"curies":[{"name":"wp","href":"https:\/\/api.w.org\/{rel}","templated":true}]}}