{"id":3523,"date":"2025-01-30T15:57:34","date_gmt":"2025-01-30T14:57:34","guid":{"rendered":"https:\/\/lechappeeclose.it\/produit\/vincent-van-gogh-lamour-de-la-nature\/"},"modified":"2026-01-16T17:06:49","modified_gmt":"2026-01-16T16:06:49","slug":"vincent-van-gogh-lamour-de-la-nature","status":"publish","type":"product","link":"http:\/\/lechappeeclose.it\/it\/boutique\/livres\/arts\/beaux-arts\/vincent-van-gogh-lamour-de-la-nature\/","title":{"rendered":"Vincent Van Gogh, l&#8217;amour de la nature"},"content":{"rendered":"<p>Exposition du 3 octobre 2023 au 4 f\u00e9vrier 2024 au mus\u00e9e d&#8217;Orsay. Derniers mois de la vie du peintre et tableaux iconiques. Les derni\u00e8res ann\u00e9es de Van Gogh pass\u00e9es dans l&#8217;Oise, ses tableaux qui refl\u00e8tent sa vie et son esprit tourment\u00e9, ce sont les th\u00e8mes de ce livre de la collection Peintres. Dans les deux derniers mois de sa vie, \u00e0 Auvers-sur-Oise, de 1980, Vincent Van Gogh y d\u00e9c\u00e8de le 29 juillet \u00e0 la suite d&#8217;une tentative de suicide. Bien que le peintre n&#8217;ait pass\u00e9 qu&#8217;un peu plus de deux mois \u00e0 Auvers, cette \u00e9riode marque la cr\u00e9ation de quelques-uns de ses plus grands chefs-d&#8217;\u0153uvre.Durement \u00e9prouv\u00e9 par les diff\u00e9rentes crises subies \u00e0 Arles puis dans l&#8217;asile de Saint-R\u00e9my, Van Gogh se rapproche de Paris et de son fr\u00e8re Th\u00e9o pour trouver un nouvel \u00e9lan cr\u00e9atif. Le choix d&#8217;Auvers tient \u00e0 la pr\u00e9sence du dr Gachet, m\u00e9decin sp\u00e9cialis\u00e9 dans le traitement de la m\u00e9lancolie, collectionneur et amis des impressionnistes. Van Gogh s&#8217;installe au centre du village, dans l&#8217;auberge Ravoux, et explore tous les aspects du nouveau monde qui s&#8217;offre \u00e0 lui, en luttant contre des inqui\u00e9tudes li\u00e9es \u00e0 son \u00e9tat de sant\u00e9, ses relations avec son fr\u00e8re, sa place dans le monde de l&#8217;Art.Des \u0153uvres iconiques peintes en cette p\u00e9riode : Le Docteur Paul Gachet , L&#8217;\u00e9glise d&#8217;Auvers-sur-Oise , ou encore Champ de bl\u00e9 aux corbeaux , village, portraits, natures mortes, paysages de la campagne environnante. 2.14.0.0 2.14.0.0 2.14.0.0<\/p>","protected":false},"excerpt":{"rendered":"<p>Exposition du 3 octobre 2023 au 4 f\u00e9vrier 2024 au mus\u00e9e d&#8217;Orsay. Derniers mois de la vie du peintre et tableaux iconiques. Les derni\u00e8res ann\u00e9es de Van Gogh pass\u00e9es dans l&#8217;Oise, ses tableaux qui refl\u00e8tent sa vie et son esprit tourment\u00e9, ce sont les th\u00e8mes de ce livre de la collection Peintres. Dans les deux [&hellip;]<\/p>","protected":false},"featured_media":3522,"comment_status":"open","ping_status":"closed","template":"","meta":[],"product_brand":[],"product_cat":[41],"product_tag":[],"class_list":{"0":"post-3523","1":"product","2":"type-product","3":"status-publish","4":"has-post-thumbnail","6":"product_cat-beaux-arts","8":"first","9":"onbackorder","10":"taxable","11":"shipping-taxable","12":"purchasable","13":"product-type-simple"},"yoast_head":"<!-- This site is optimized with the Yoast SEO plugin v27.3 - https:\/\/yoast.com\/product\/yoast-seo-wordpress\/ -->\n<title>Vincent Van Gogh, l&#039;amour de la nature - l&#039;\u00e9chapp\u00e9e close<\/title>\n<meta name=\"robots\" content=\"index, follow, max-snippet:-1, max-image-preview:large, max-video-preview:-1\" \/>\n<link rel=\"canonical\" href=\"http:\/\/lechappeeclose.it\/it\/boutique\/livres\/arts\/beaux-arts\/vincent-van-gogh-lamour-de-la-nature\/\" \/>\n<meta property=\"og:locale\" content=\"it_IT\" \/>\n<meta property=\"og:type\" content=\"article\" \/>\n<meta property=\"og:title\" content=\"Vincent Van Gogh, l&#039;amour de la nature - l&#039;\u00e9chapp\u00e9e close\" \/>\n<meta property=\"og:description\" content=\"Exposition du 3 octobre 2023 au 4 f\u00e9vrier 2024 au mus\u00e9e d&#8217;Orsay. Derniers mois de la vie du peintre et tableaux iconiques. Les derni\u00e8res ann\u00e9es de Van Gogh pass\u00e9es dans l&#8217;Oise, ses tableaux qui refl\u00e8tent sa vie et son esprit tourment\u00e9, ce sont les th\u00e8mes de ce livre de la collection Peintres. Dans les deux [&hellip;]\" \/>\n<meta property=\"og:url\" content=\"http:\/\/lechappeeclose.it\/it\/boutique\/livres\/arts\/beaux-arts\/vincent-van-gogh-lamour-de-la-nature\/\" \/>\n<meta property=\"og:site_name\" content=\"l&#039;\u00e9chapp\u00e9e close\" \/>\n<meta property=\"article:modified_time\" content=\"2026-01-16T16:06:49+00:00\" \/>\n<meta property=\"og:image\" content=\"http:\/\/lechappeeclose.it\/wp-content\/uploads\/2025\/01\/Vincent-Van-Gogh-lamour-de-la-nature.jpg\" \/>\n\t<meta property=\"og:image:width\" content=\"1070\" \/>\n\t<meta property=\"og:image:height\" content=\"808\" \/>\n\t<meta property=\"og:image:type\" content=\"image\/jpeg\" \/>\n<meta name=\"twitter:card\" content=\"summary_large_image\" \/>\n<meta name=\"twitter:label1\" content=\"Tempo di lettura stimato\" \/>\n\t<meta name=\"twitter:data1\" content=\"1 minuto\" \/>\n<script type=\"application\/ld+json\" class=\"yoast-schema-graph\">{\"@context\":\"https:\\\/\\\/schema.org\",\"@graph\":[{\"@type\":\"WebPage\",\"@id\":\"http:\\\/\\\/lechappeeclose.it\\\/boutique\\\/livres\\\/arts\\\/beaux-arts\\\/vincent-van-gogh-lamour-de-la-nature\\\/\",\"url\":\"http:\\\/\\\/lechappeeclose.it\\\/boutique\\\/livres\\\/arts\\\/beaux-arts\\\/vincent-van-gogh-lamour-de-la-nature\\\/\",\"name\":\"Vincent Van Gogh, l'amour de la nature - l&#039;\u00e9chapp\u00e9e close\",\"isPartOf\":{\"@id\":\"https:\\\/\\\/lechappeeclose.it\\\/#website\"},\"primaryImageOfPage\":{\"@id\":\"http:\\\/\\\/lechappeeclose.it\\\/boutique\\\/livres\\\/arts\\\/beaux-arts\\\/vincent-van-gogh-lamour-de-la-nature\\\/#primaryimage\"},\"image\":{\"@id\":\"http:\\\/\\\/lechappeeclose.it\\\/boutique\\\/livres\\\/arts\\\/beaux-arts\\\/vincent-van-gogh-lamour-de-la-nature\\\/#primaryimage\"},\"thumbnailUrl\":\"http:\\\/\\\/lechappeeclose.it\\\/wp-content\\\/uploads\\\/2025\\\/01\\\/Vincent-Van-Gogh-lamour-de-la-nature.jpg\",\"datePublished\":\"2025-01-30T14:57:34+00:00\",\"dateModified\":\"2026-01-16T16:06:49+00:00\",\"breadcrumb\":{\"@id\":\"http:\\\/\\\/lechappeeclose.it\\\/boutique\\\/livres\\\/arts\\\/beaux-arts\\\/vincent-van-gogh-lamour-de-la-nature\\\/#breadcrumb\"},\"inLanguage\":\"it-IT\",\"potentialAction\":[{\"@type\":\"ReadAction\",\"target\":[\"http:\\\/\\\/lechappeeclose.it\\\/boutique\\\/livres\\\/arts\\\/beaux-arts\\\/vincent-van-gogh-lamour-de-la-nature\\\/\"]}]},{\"@type\":\"ImageObject\",\"inLanguage\":\"it-IT\",\"@id\":\"http:\\\/\\\/lechappeeclose.it\\\/boutique\\\/livres\\\/arts\\\/beaux-arts\\\/vincent-van-gogh-lamour-de-la-nature\\\/#primaryimage\",\"url\":\"http:\\\/\\\/lechappeeclose.it\\\/wp-content\\\/uploads\\\/2025\\\/01\\\/Vincent-Van-Gogh-lamour-de-la-nature.jpg\",\"contentUrl\":\"http:\\\/\\\/lechappeeclose.it\\\/wp-content\\\/uploads\\\/2025\\\/01\\\/Vincent-Van-Gogh-lamour-de-la-nature.jpg\",\"width\":1070,\"height\":808},{\"@type\":\"BreadcrumbList\",\"@id\":\"http:\\\/\\\/lechappeeclose.it\\\/boutique\\\/livres\\\/arts\\\/beaux-arts\\\/vincent-van-gogh-lamour-de-la-nature\\\/#breadcrumb\",\"itemListElement\":[{\"@type\":\"ListItem\",\"position\":1,\"name\":\"Accueil\",\"item\":\"https:\\\/\\\/lechappeeclose.it\\\/\"},{\"@type\":\"ListItem\",\"position\":2,\"name\":\"Boutique\",\"item\":\"https:\\\/\\\/lechappeeclose.it\\\/boutique\\\/\"},{\"@type\":\"ListItem\",\"position\":3,\"name\":\"Vincent Van Gogh, l&#8217;amour de la nature\"}]},{\"@type\":\"WebSite\",\"@id\":\"https:\\\/\\\/lechappeeclose.it\\\/#website\",\"url\":\"https:\\\/\\\/lechappeeclose.it\\\/\",\"name\":\"l&#039;\u00e9chapp\u00e9e close\",\"description\":\"la librairie fran\u00e7aise de Milan\",\"publisher\":{\"@id\":\"https:\\\/\\\/lechappeeclose.it\\\/#organization\"},\"alternateName\":\"La librairie fran\u00e7aise de Milan\",\"potentialAction\":[{\"@type\":\"SearchAction\",\"target\":{\"@type\":\"EntryPoint\",\"urlTemplate\":\"https:\\\/\\\/lechappeeclose.it\\\/?s={search_term_string}\"},\"query-input\":{\"@type\":\"PropertyValueSpecification\",\"valueRequired\":true,\"valueName\":\"search_term_string\"}}],\"inLanguage\":\"it-IT\"},{\"@type\":\"Organization\",\"@id\":\"https:\\\/\\\/lechappeeclose.it\\\/#organization\",\"name\":\"l&#039;\u00e9chapp\u00e9e close\",\"url\":\"https:\\\/\\\/lechappeeclose.it\\\/\",\"logo\":{\"@type\":\"ImageObject\",\"inLanguage\":\"it-IT\",\"@id\":\"https:\\\/\\\/lechappeeclose.it\\\/#\\\/schema\\\/logo\\\/image\\\/\",\"url\":\"http:\\\/\\\/lechappeeclose.it\\\/wp-content\\\/uploads\\\/2025\\\/02\\\/cropped-logo-rond.png\",\"contentUrl\":\"http:\\\/\\\/lechappeeclose.it\\\/wp-content\\\/uploads\\\/2025\\\/02\\\/cropped-logo-rond.png\",\"width\":1080,\"height\":1080,\"caption\":\"l&#039;\u00e9chapp\u00e9e close\"},\"image\":{\"@id\":\"https:\\\/\\\/lechappeeclose.it\\\/#\\\/schema\\\/logo\\\/image\\\/\"},\"sameAs\":[\"https:\\\/\\\/www.instagram.com\\\/lechappeeclose\\\/\"]}]}<\/script>\n<!-- \/ Yoast SEO plugin. -->","yoast_head_json":{"title":"Vincent Van Gogh, l'amour de la nature - l&#039;\u00e9chapp\u00e9e close","robots":{"index":"index","follow":"follow","max-snippet":"max-snippet:-1","max-image-preview":"max-image-preview:large","max-video-preview":"max-video-preview:-1"},"canonical":"http:\/\/lechappeeclose.it\/it\/boutique\/livres\/arts\/beaux-arts\/vincent-van-gogh-lamour-de-la-nature\/","og_locale":"it_IT","og_type":"article","og_title":"Vincent Van Gogh, l'amour de la nature - l&#039;\u00e9chapp\u00e9e close","og_description":"Exposition du 3 octobre 2023 au 4 f\u00e9vrier 2024 au mus\u00e9e d&#8217;Orsay. Derniers mois de la vie du peintre et tableaux iconiques. Les derni\u00e8res ann\u00e9es de Van Gogh pass\u00e9es dans l&#8217;Oise, ses tableaux qui refl\u00e8tent sa vie et son esprit tourment\u00e9, ce sont les th\u00e8mes de ce livre de la collection Peintres. Dans les deux [&hellip;]","og_url":"http:\/\/lechappeeclose.it\/it\/boutique\/livres\/arts\/beaux-arts\/vincent-van-gogh-lamour-de-la-nature\/","og_site_name":"l&#039;\u00e9chapp\u00e9e close","article_modified_time":"2026-01-16T16:06:49+00:00","og_image":[{"width":1070,"height":808,"url":"http:\/\/lechappeeclose.it\/wp-content\/uploads\/2025\/01\/Vincent-Van-Gogh-lamour-de-la-nature.jpg","type":"image\/jpeg"}],"twitter_card":"summary_large_image","twitter_misc":{"Tempo di lettura stimato":"1 minuto"},"schema":{"@context":"https:\/\/schema.org","@graph":[{"@type":"WebPage","@id":"http:\/\/lechappeeclose.it\/boutique\/livres\/arts\/beaux-arts\/vincent-van-gogh-lamour-de-la-nature\/","url":"http:\/\/lechappeeclose.it\/boutique\/livres\/arts\/beaux-arts\/vincent-van-gogh-lamour-de-la-nature\/","name":"Vincent Van Gogh, l'amour de la nature - l&#039;\u00e9chapp\u00e9e close","isPartOf":{"@id":"https:\/\/lechappeeclose.it\/#website"},"primaryImageOfPage":{"@id":"http:\/\/lechappeeclose.it\/boutique\/livres\/arts\/beaux-arts\/vincent-van-gogh-lamour-de-la-nature\/#primaryimage"},"image":{"@id":"http:\/\/lechappeeclose.it\/boutique\/livres\/arts\/beaux-arts\/vincent-van-gogh-lamour-de-la-nature\/#primaryimage"},"thumbnailUrl":"http:\/\/lechappeeclose.it\/wp-content\/uploads\/2025\/01\/Vincent-Van-Gogh-lamour-de-la-nature.jpg","datePublished":"2025-01-30T14:57:34+00:00","dateModified":"2026-01-16T16:06:49+00:00","breadcrumb":{"@id":"http:\/\/lechappeeclose.it\/boutique\/livres\/arts\/beaux-arts\/vincent-van-gogh-lamour-de-la-nature\/#breadcrumb"},"inLanguage":"it-IT","potentialAction":[{"@type":"ReadAction","target":["http:\/\/lechappeeclose.it\/boutique\/livres\/arts\/beaux-arts\/vincent-van-gogh-lamour-de-la-nature\/"]}]},{"@type":"ImageObject","inLanguage":"it-IT","@id":"http:\/\/lechappeeclose.it\/boutique\/livres\/arts\/beaux-arts\/vincent-van-gogh-lamour-de-la-nature\/#primaryimage","url":"http:\/\/lechappeeclose.it\/wp-content\/uploads\/2025\/01\/Vincent-Van-Gogh-lamour-de-la-nature.jpg","contentUrl":"http:\/\/lechappeeclose.it\/wp-content\/uploads\/2025\/01\/Vincent-Van-Gogh-lamour-de-la-nature.jpg","width":1070,"height":808},{"@type":"BreadcrumbList","@id":"http:\/\/lechappeeclose.it\/boutique\/livres\/arts\/beaux-arts\/vincent-van-gogh-lamour-de-la-nature\/#breadcrumb","itemListElement":[{"@type":"ListItem","position":1,"name":"Accueil","item":"https:\/\/lechappeeclose.it\/"},{"@type":"ListItem","position":2,"name":"Boutique","item":"https:\/\/lechappeeclose.it\/boutique\/"},{"@type":"ListItem","position":3,"name":"Vincent Van Gogh, l&#8217;amour de la nature"}]},{"@type":"WebSite","@id":"https:\/\/lechappeeclose.it\/#website","url":"https:\/\/lechappeeclose.it\/","name":"l&#039;\u00e9chapp\u00e9e close","description":"La libreria francese di Milano","publisher":{"@id":"https:\/\/lechappeeclose.it\/#organization"},"alternateName":"La librairie fran\u00e7aise de Milan","potentialAction":[{"@type":"SearchAction","target":{"@type":"EntryPoint","urlTemplate":"https:\/\/lechappeeclose.it\/?s={search_term_string}"},"query-input":{"@type":"PropertyValueSpecification","valueRequired":true,"valueName":"search_term_string"}}],"inLanguage":"it-IT"},{"@type":"Organization","@id":"https:\/\/lechappeeclose.it\/#organization","name":"l&#039;\u00e9chapp\u00e9e close","url":"https:\/\/lechappeeclose.it\/","logo":{"@type":"ImageObject","inLanguage":"it-IT","@id":"https:\/\/lechappeeclose.it\/#\/schema\/logo\/image\/","url":"http:\/\/lechappeeclose.it\/wp-content\/uploads\/2025\/02\/cropped-logo-rond.png","contentUrl":"http:\/\/lechappeeclose.it\/wp-content\/uploads\/2025\/02\/cropped-logo-rond.png","width":1080,"height":1080,"caption":"l&#039;\u00e9chapp\u00e9e close"},"image":{"@id":"https:\/\/lechappeeclose.it\/#\/schema\/logo\/image\/"},"sameAs":["https:\/\/www.instagram.com\/lechappeeclose\/"]}]}},"_links":{"self":[{"href":"http:\/\/lechappeeclose.it\/it\/wp-json\/wp\/v2\/product\/3523","targetHints":{"allow":["GET"]}}],"collection":[{"href":"http:\/\/lechappeeclose.it\/it\/wp-json\/wp\/v2\/product"}],"about":[{"href":"http:\/\/lechappeeclose.it\/it\/wp-json\/wp\/v2\/types\/product"}],"replies":[{"embeddable":true,"href":"http:\/\/lechappeeclose.it\/it\/wp-json\/wp\/v2\/comments?post=3523"}],"wp:featuredmedia":[{"embeddable":true,"href":"http:\/\/lechappeeclose.it\/it\/wp-json\/wp\/v2\/media\/3522"}],"wp:attachment":[{"href":"http:\/\/lechappeeclose.it\/it\/wp-json\/wp\/v2\/media?parent=3523"}],"wp:term":[{"taxonomy":"product_brand","embeddable":true,"href":"http:\/\/lechappeeclose.it\/it\/wp-json\/wp\/v2\/product_brand?post=3523"},{"taxonomy":"product_cat","embeddable":true,"href":"http:\/\/lechappeeclose.it\/it\/wp-json\/wp\/v2\/product_cat?post=3523"},{"taxonomy":"product_tag","embeddable":true,"href":"http:\/\/lechappeeclose.it\/it\/wp-json\/wp\/v2\/product_tag?post=3523"}],"curies":[{"name":"wp","href":"https:\/\/api.w.org\/{rel}","templated":true}]}}