{"id":3500,"date":"2025-01-30T15:49:37","date_gmt":"2025-01-30T14:49:37","guid":{"rendered":"https:\/\/lechappeeclose.it\/produit\/je-veux-regarder-par-le-trou-de-la-serrure-textes-lettres-et-propos-choisis\/"},"modified":"2026-01-16T17:21:13","modified_gmt":"2026-01-16T16:21:13","slug":"je-veux-regarder-par-le-trou-de-la-serrure-textes-lettres-et-propos-choisis","status":"publish","type":"product","link":"http:\/\/lechappeeclose.it\/it\/boutique\/livres\/arts\/beaux-arts\/je-veux-regarder-par-le-trou-de-la-serrure-textes-lettres-et-propos-choisis\/","title":{"rendered":"Je veux regarder par le trou de la serrure: Textes, lettres et propos choisis"},"content":{"rendered":"<p>Edgar Degas (1834-1917), tout en se r\u00e9clamant de la tradition, est un acteur majeur de la r\u00e9volution que connut la peinture dans le dernier tiers du XIXe si\u00e8cle. Organisateur des huit \u00abExpositions impressionnistes\u00bb, il fut tour \u00e0 tour peintre, dessinateur, graveur, photographe, et enfin sculpteur; celui qui se m\u00e9fiait des milieux officiels n\u2019afficha pas davantage ses id\u00e9es esth\u00e9tiques. Il se qualifiait prosa\u00efquement de \u00abr\u00e9aliste \u00bb. \u00ab Du temps de Rembrandt, on peignait des Suzanne au bain ; moi, je peins des Femmes au tub \u00bb, aimait-il \u00e0 dire.Jean-Paul Morel a rassembl\u00e9 aphorismes, propos rapport\u00e9s, po\u00e8mes et lettres qui r\u00e9v\u00e8lent une personnalit\u00e9 piquante, loin du bourgeois conformiste jusque-l\u00e0 d\u00e9peint.<\/p>","protected":false},"excerpt":{"rendered":"<p>Edgar Degas (1834-1917), tout en se r\u00e9clamant de la tradition, est un acteur majeur de la r\u00e9volution que connut la peinture dans le dernier tiers du XIXe si\u00e8cle. Organisateur des huit \u00abExpositions impressionnistes\u00bb, il fut tour \u00e0 tour peintre, dessinateur, graveur, photographe, et enfin sculpteur; celui qui se m\u00e9fiait des milieux officiels n\u2019afficha pas davantage [&hellip;]<\/p>","protected":false},"featured_media":3499,"comment_status":"open","ping_status":"closed","template":"","meta":[],"product_brand":[],"product_cat":[41],"product_tag":[],"class_list":{"0":"post-3500","1":"product","2":"type-product","3":"status-publish","4":"has-post-thumbnail","6":"product_cat-beaux-arts","8":"first","9":"onbackorder","10":"taxable","11":"shipping-taxable","12":"purchasable","13":"product-type-simple"},"yoast_head":"<!-- This site is optimized with the Yoast SEO plugin v27.4 - https:\/\/yoast.com\/product\/yoast-seo-wordpress\/ -->\n<title>Je veux regarder par le trou de la serrure: Textes, lettres et propos choisis - l&#039;\u00e9chapp\u00e9e close<\/title>\n<meta name=\"robots\" content=\"index, follow, max-snippet:-1, max-image-preview:large, max-video-preview:-1\" \/>\n<link rel=\"canonical\" href=\"http:\/\/lechappeeclose.it\/it\/boutique\/livres\/arts\/beaux-arts\/je-veux-regarder-par-le-trou-de-la-serrure-textes-lettres-et-propos-choisis\/\" \/>\n<meta property=\"og:locale\" content=\"it_IT\" \/>\n<meta property=\"og:type\" content=\"article\" \/>\n<meta property=\"og:title\" content=\"Je veux regarder par le trou de la serrure: Textes, lettres et propos choisis - l&#039;\u00e9chapp\u00e9e close\" \/>\n<meta property=\"og:description\" content=\"Edgar Degas (1834-1917), tout en se r\u00e9clamant de la tradition, est un acteur majeur de la r\u00e9volution que connut la peinture dans le dernier tiers du XIXe si\u00e8cle. Organisateur des huit \u00abExpositions impressionnistes\u00bb, il fut tour \u00e0 tour peintre, dessinateur, graveur, photographe, et enfin sculpteur; celui qui se m\u00e9fiait des milieux officiels n\u2019afficha pas davantage [&hellip;]\" \/>\n<meta property=\"og:url\" content=\"http:\/\/lechappeeclose.it\/it\/boutique\/livres\/arts\/beaux-arts\/je-veux-regarder-par-le-trou-de-la-serrure-textes-lettres-et-propos-choisis\/\" \/>\n<meta property=\"og:site_name\" content=\"l&#039;\u00e9chapp\u00e9e close\" \/>\n<meta property=\"article:modified_time\" content=\"2026-01-16T16:21:13+00:00\" \/>\n<meta property=\"og:image\" content=\"http:\/\/lechappeeclose.it\/wp-content\/uploads\/2025\/01\/Je-veux-regarder-par-le-trou-de-la-serrure-Textes-lettres-et-propos-choisis.jpg\" \/>\n\t<meta property=\"og:image:width\" content=\"348\" \/>\n\t<meta property=\"og:image:height\" content=\"500\" \/>\n\t<meta property=\"og:image:type\" content=\"image\/jpeg\" \/>\n<meta name=\"twitter:card\" content=\"summary_large_image\" \/>\n<meta name=\"twitter:label1\" content=\"Tempo di lettura stimato\" \/>\n\t<meta name=\"twitter:data1\" content=\"1 minuto\" \/>\n<script type=\"application\/ld+json\" class=\"yoast-schema-graph\">{\"@context\":\"https:\\\/\\\/schema.org\",\"@graph\":[{\"@type\":\"WebPage\",\"@id\":\"http:\\\/\\\/lechappeeclose.it\\\/it\\\/boutique\\\/livres\\\/arts\\\/beaux-arts\\\/je-veux-regarder-par-le-trou-de-la-serrure-textes-lettres-et-propos-choisis\\\/\",\"url\":\"http:\\\/\\\/lechappeeclose.it\\\/it\\\/boutique\\\/livres\\\/arts\\\/beaux-arts\\\/je-veux-regarder-par-le-trou-de-la-serrure-textes-lettres-et-propos-choisis\\\/\",\"name\":\"Je veux regarder par le trou de la serrure: Textes, lettres et propos choisis - l&#039;\u00e9chapp\u00e9e close\",\"isPartOf\":{\"@id\":\"http:\\\/\\\/lechappeeclose.it\\\/#website\"},\"primaryImageOfPage\":{\"@id\":\"http:\\\/\\\/lechappeeclose.it\\\/it\\\/boutique\\\/livres\\\/arts\\\/beaux-arts\\\/je-veux-regarder-par-le-trou-de-la-serrure-textes-lettres-et-propos-choisis\\\/#primaryimage\"},\"image\":{\"@id\":\"http:\\\/\\\/lechappeeclose.it\\\/it\\\/boutique\\\/livres\\\/arts\\\/beaux-arts\\\/je-veux-regarder-par-le-trou-de-la-serrure-textes-lettres-et-propos-choisis\\\/#primaryimage\"},\"thumbnailUrl\":\"http:\\\/\\\/lechappeeclose.it\\\/wp-content\\\/uploads\\\/2025\\\/01\\\/Je-veux-regarder-par-le-trou-de-la-serrure-Textes-lettres-et-propos-choisis.jpg\",\"datePublished\":\"2025-01-30T14:49:37+00:00\",\"dateModified\":\"2026-01-16T16:21:13+00:00\",\"breadcrumb\":{\"@id\":\"http:\\\/\\\/lechappeeclose.it\\\/it\\\/boutique\\\/livres\\\/arts\\\/beaux-arts\\\/je-veux-regarder-par-le-trou-de-la-serrure-textes-lettres-et-propos-choisis\\\/#breadcrumb\"},\"inLanguage\":\"it-IT\",\"potentialAction\":[{\"@type\":\"ReadAction\",\"target\":[\"http:\\\/\\\/lechappeeclose.it\\\/it\\\/boutique\\\/livres\\\/arts\\\/beaux-arts\\\/je-veux-regarder-par-le-trou-de-la-serrure-textes-lettres-et-propos-choisis\\\/\"]}]},{\"@type\":\"ImageObject\",\"inLanguage\":\"it-IT\",\"@id\":\"http:\\\/\\\/lechappeeclose.it\\\/it\\\/boutique\\\/livres\\\/arts\\\/beaux-arts\\\/je-veux-regarder-par-le-trou-de-la-serrure-textes-lettres-et-propos-choisis\\\/#primaryimage\",\"url\":\"http:\\\/\\\/lechappeeclose.it\\\/wp-content\\\/uploads\\\/2025\\\/01\\\/Je-veux-regarder-par-le-trou-de-la-serrure-Textes-lettres-et-propos-choisis.jpg\",\"contentUrl\":\"http:\\\/\\\/lechappeeclose.it\\\/wp-content\\\/uploads\\\/2025\\\/01\\\/Je-veux-regarder-par-le-trou-de-la-serrure-Textes-lettres-et-propos-choisis.jpg\",\"width\":348,\"height\":500},{\"@type\":\"BreadcrumbList\",\"@id\":\"http:\\\/\\\/lechappeeclose.it\\\/it\\\/boutique\\\/livres\\\/arts\\\/beaux-arts\\\/je-veux-regarder-par-le-trou-de-la-serrure-textes-lettres-et-propos-choisis\\\/#breadcrumb\",\"itemListElement\":[{\"@type\":\"ListItem\",\"position\":1,\"name\":\"Accueil\",\"item\":\"http:\\\/\\\/lechappeeclose.it\\\/\"},{\"@type\":\"ListItem\",\"position\":2,\"name\":\"Boutique\",\"item\":\"http:\\\/\\\/lechappeeclose.it\\\/it\\\/boutique\\\/\"},{\"@type\":\"ListItem\",\"position\":3,\"name\":\"Je veux regarder par le trou de la serrure: Textes, lettres et propos choisis\"}]},{\"@type\":\"WebSite\",\"@id\":\"http:\\\/\\\/lechappeeclose.it\\\/#website\",\"url\":\"http:\\\/\\\/lechappeeclose.it\\\/\",\"name\":\"l&#039;\u00e9chapp\u00e9e close\",\"description\":\"la librairie fran\u00e7aise de Milan\",\"publisher\":{\"@id\":\"http:\\\/\\\/lechappeeclose.it\\\/#organization\"},\"alternateName\":\"La librairie fran\u00e7aise de Milan\",\"potentialAction\":[{\"@type\":\"SearchAction\",\"target\":{\"@type\":\"EntryPoint\",\"urlTemplate\":\"http:\\\/\\\/lechappeeclose.it\\\/?s={search_term_string}\"},\"query-input\":{\"@type\":\"PropertyValueSpecification\",\"valueRequired\":true,\"valueName\":\"search_term_string\"}}],\"inLanguage\":\"it-IT\"},{\"@type\":\"Organization\",\"@id\":\"http:\\\/\\\/lechappeeclose.it\\\/#organization\",\"name\":\"l&#039;\u00e9chapp\u00e9e close\",\"url\":\"http:\\\/\\\/lechappeeclose.it\\\/\",\"logo\":{\"@type\":\"ImageObject\",\"inLanguage\":\"it-IT\",\"@id\":\"http:\\\/\\\/lechappeeclose.it\\\/#\\\/schema\\\/logo\\\/image\\\/\",\"url\":\"http:\\\/\\\/lechappeeclose.it\\\/wp-content\\\/uploads\\\/2025\\\/02\\\/cropped-logo-rond.png\",\"contentUrl\":\"http:\\\/\\\/lechappeeclose.it\\\/wp-content\\\/uploads\\\/2025\\\/02\\\/cropped-logo-rond.png\",\"width\":1080,\"height\":1080,\"caption\":\"l&#039;\u00e9chapp\u00e9e close\"},\"image\":{\"@id\":\"http:\\\/\\\/lechappeeclose.it\\\/#\\\/schema\\\/logo\\\/image\\\/\"},\"sameAs\":[\"https:\\\/\\\/www.instagram.com\\\/lechappeeclose\\\/\"]}]}<\/script>\n<!-- \/ Yoast SEO plugin. -->","yoast_head_json":{"title":"Je veux regarder par le trou de la serrure: Textes, lettres et propos choisis - l&#039;\u00e9chapp\u00e9e close","robots":{"index":"index","follow":"follow","max-snippet":"max-snippet:-1","max-image-preview":"max-image-preview:large","max-video-preview":"max-video-preview:-1"},"canonical":"http:\/\/lechappeeclose.it\/it\/boutique\/livres\/arts\/beaux-arts\/je-veux-regarder-par-le-trou-de-la-serrure-textes-lettres-et-propos-choisis\/","og_locale":"it_IT","og_type":"article","og_title":"Je veux regarder par le trou de la serrure: Textes, lettres et propos choisis - l&#039;\u00e9chapp\u00e9e close","og_description":"Edgar Degas (1834-1917), tout en se r\u00e9clamant de la tradition, est un acteur majeur de la r\u00e9volution que connut la peinture dans le dernier tiers du XIXe si\u00e8cle. Organisateur des huit \u00abExpositions impressionnistes\u00bb, il fut tour \u00e0 tour peintre, dessinateur, graveur, photographe, et enfin sculpteur; celui qui se m\u00e9fiait des milieux officiels n\u2019afficha pas davantage [&hellip;]","og_url":"http:\/\/lechappeeclose.it\/it\/boutique\/livres\/arts\/beaux-arts\/je-veux-regarder-par-le-trou-de-la-serrure-textes-lettres-et-propos-choisis\/","og_site_name":"l&#039;\u00e9chapp\u00e9e close","article_modified_time":"2026-01-16T16:21:13+00:00","og_image":[{"width":348,"height":500,"url":"http:\/\/lechappeeclose.it\/wp-content\/uploads\/2025\/01\/Je-veux-regarder-par-le-trou-de-la-serrure-Textes-lettres-et-propos-choisis.jpg","type":"image\/jpeg"}],"twitter_card":"summary_large_image","twitter_misc":{"Tempo di lettura stimato":"1 minuto"},"schema":{"@context":"https:\/\/schema.org","@graph":[{"@type":"WebPage","@id":"http:\/\/lechappeeclose.it\/it\/boutique\/livres\/arts\/beaux-arts\/je-veux-regarder-par-le-trou-de-la-serrure-textes-lettres-et-propos-choisis\/","url":"http:\/\/lechappeeclose.it\/it\/boutique\/livres\/arts\/beaux-arts\/je-veux-regarder-par-le-trou-de-la-serrure-textes-lettres-et-propos-choisis\/","name":"Je veux regarder par le trou de la serrure: Textes, lettres et propos choisis - l&#039;\u00e9chapp\u00e9e close","isPartOf":{"@id":"http:\/\/lechappeeclose.it\/#website"},"primaryImageOfPage":{"@id":"http:\/\/lechappeeclose.it\/it\/boutique\/livres\/arts\/beaux-arts\/je-veux-regarder-par-le-trou-de-la-serrure-textes-lettres-et-propos-choisis\/#primaryimage"},"image":{"@id":"http:\/\/lechappeeclose.it\/it\/boutique\/livres\/arts\/beaux-arts\/je-veux-regarder-par-le-trou-de-la-serrure-textes-lettres-et-propos-choisis\/#primaryimage"},"thumbnailUrl":"http:\/\/lechappeeclose.it\/wp-content\/uploads\/2025\/01\/Je-veux-regarder-par-le-trou-de-la-serrure-Textes-lettres-et-propos-choisis.jpg","datePublished":"2025-01-30T14:49:37+00:00","dateModified":"2026-01-16T16:21:13+00:00","breadcrumb":{"@id":"http:\/\/lechappeeclose.it\/it\/boutique\/livres\/arts\/beaux-arts\/je-veux-regarder-par-le-trou-de-la-serrure-textes-lettres-et-propos-choisis\/#breadcrumb"},"inLanguage":"it-IT","potentialAction":[{"@type":"ReadAction","target":["http:\/\/lechappeeclose.it\/it\/boutique\/livres\/arts\/beaux-arts\/je-veux-regarder-par-le-trou-de-la-serrure-textes-lettres-et-propos-choisis\/"]}]},{"@type":"ImageObject","inLanguage":"it-IT","@id":"http:\/\/lechappeeclose.it\/it\/boutique\/livres\/arts\/beaux-arts\/je-veux-regarder-par-le-trou-de-la-serrure-textes-lettres-et-propos-choisis\/#primaryimage","url":"http:\/\/lechappeeclose.it\/wp-content\/uploads\/2025\/01\/Je-veux-regarder-par-le-trou-de-la-serrure-Textes-lettres-et-propos-choisis.jpg","contentUrl":"http:\/\/lechappeeclose.it\/wp-content\/uploads\/2025\/01\/Je-veux-regarder-par-le-trou-de-la-serrure-Textes-lettres-et-propos-choisis.jpg","width":348,"height":500},{"@type":"BreadcrumbList","@id":"http:\/\/lechappeeclose.it\/it\/boutique\/livres\/arts\/beaux-arts\/je-veux-regarder-par-le-trou-de-la-serrure-textes-lettres-et-propos-choisis\/#breadcrumb","itemListElement":[{"@type":"ListItem","position":1,"name":"Accueil","item":"http:\/\/lechappeeclose.it\/"},{"@type":"ListItem","position":2,"name":"Boutique","item":"http:\/\/lechappeeclose.it\/it\/boutique\/"},{"@type":"ListItem","position":3,"name":"Je veux regarder par le trou de la serrure: Textes, lettres et propos choisis"}]},{"@type":"WebSite","@id":"http:\/\/lechappeeclose.it\/#website","url":"http:\/\/lechappeeclose.it\/","name":"l&#039;\u00e9chapp\u00e9e close","description":"La libreria francese di Milano","publisher":{"@id":"http:\/\/lechappeeclose.it\/#organization"},"alternateName":"La librairie fran\u00e7aise de Milan","potentialAction":[{"@type":"SearchAction","target":{"@type":"EntryPoint","urlTemplate":"http:\/\/lechappeeclose.it\/?s={search_term_string}"},"query-input":{"@type":"PropertyValueSpecification","valueRequired":true,"valueName":"search_term_string"}}],"inLanguage":"it-IT"},{"@type":"Organization","@id":"http:\/\/lechappeeclose.it\/#organization","name":"l&#039;\u00e9chapp\u00e9e close","url":"http:\/\/lechappeeclose.it\/","logo":{"@type":"ImageObject","inLanguage":"it-IT","@id":"http:\/\/lechappeeclose.it\/#\/schema\/logo\/image\/","url":"http:\/\/lechappeeclose.it\/wp-content\/uploads\/2025\/02\/cropped-logo-rond.png","contentUrl":"http:\/\/lechappeeclose.it\/wp-content\/uploads\/2025\/02\/cropped-logo-rond.png","width":1080,"height":1080,"caption":"l&#039;\u00e9chapp\u00e9e close"},"image":{"@id":"http:\/\/lechappeeclose.it\/#\/schema\/logo\/image\/"},"sameAs":["https:\/\/www.instagram.com\/lechappeeclose\/"]}]}},"_links":{"self":[{"href":"http:\/\/lechappeeclose.it\/it\/wp-json\/wp\/v2\/product\/3500","targetHints":{"allow":["GET"]}}],"collection":[{"href":"http:\/\/lechappeeclose.it\/it\/wp-json\/wp\/v2\/product"}],"about":[{"href":"http:\/\/lechappeeclose.it\/it\/wp-json\/wp\/v2\/types\/product"}],"replies":[{"embeddable":true,"href":"http:\/\/lechappeeclose.it\/it\/wp-json\/wp\/v2\/comments?post=3500"}],"wp:featuredmedia":[{"embeddable":true,"href":"http:\/\/lechappeeclose.it\/it\/wp-json\/wp\/v2\/media\/3499"}],"wp:attachment":[{"href":"http:\/\/lechappeeclose.it\/it\/wp-json\/wp\/v2\/media?parent=3500"}],"wp:term":[{"taxonomy":"product_brand","embeddable":true,"href":"http:\/\/lechappeeclose.it\/it\/wp-json\/wp\/v2\/product_brand?post=3500"},{"taxonomy":"product_cat","embeddable":true,"href":"http:\/\/lechappeeclose.it\/it\/wp-json\/wp\/v2\/product_cat?post=3500"},{"taxonomy":"product_tag","embeddable":true,"href":"http:\/\/lechappeeclose.it\/it\/wp-json\/wp\/v2\/product_tag?post=3500"}],"curies":[{"name":"wp","href":"https:\/\/api.w.org\/{rel}","templated":true}]}}