{"id":3473,"date":"2025-01-30T15:35:13","date_gmt":"2025-01-30T14:35:13","guid":{"rendered":"https:\/\/lechappeeclose.it\/produit\/cezanne-et-les-maitres\/"},"modified":"2026-01-16T17:25:02","modified_gmt":"2026-01-16T16:25:02","slug":"cezanne-et-les-maitres","status":"publish","type":"product","link":"http:\/\/lechappeeclose.it\/it\/boutique\/livres\/arts\/beaux-arts\/cezanne-et-les-maitres\/","title":{"rendered":"C\u00e9zanne et les ma\u00eetres"},"content":{"rendered":"<p>Catalogue officiel de l&#8217;exposition Cezanne et les ma\u00eetres. R\u00eave d\u2019Italie au mus\u00e9e Marmottan Monet prolong\u00e9e jusqu&#8217;au 31 janvier 2021. Pour la premi\u00e8re fois, le travail de l\u2019Aixois sera mis en regard de chefs-d\u2019\u0153uvre des grands ma\u00eetres italiens du XVIe au XXe si\u00e8cle. Ainsi une remarquable s\u00e9lection de toiles de Cezanne, parmi lesquelles l\u2019iconique Montagne Sainte-Victoire, les incontournables Pastorale et natures mortes, fera face \u00e0 un rare ensemble de peintures anciennes sign\u00e9es Tintoret, Bassano, le Greco, Giordano, Poussin, Rosa, Munari et, pour les modernes, Boccioni, Carr\u00e0, Rosai, Sironi, Soffici, Pirandello ou encore Morandi. Cette manifestation in\u00e9dite a re\u00e7u le soutien exceptionnel de quarante-trois pr\u00eateurs : collections particuli\u00e8res ainsi que mus\u00e9es fran\u00e7ais, canadien, am\u00e9ricains, suisse, allemand, \u00e9cossais, espagnol, japonais et, bien s\u00fbr, italiens ont permis de r\u00e9unir une soixantaine de toiles. Venues du monde entier, ces \u0153uvres mettent en lumi\u00e8re l\u2019importance de la culture latine dans l\u2019art de C\u00e9zanne et la mani\u00e8re dont l\u2019Aixois s\u2019est nourri de l\u2019exemple de ses illustres pr\u00e9d\u00e9cesseurs pour asseoir une peinture \u00ab nouvelle \u00bb. Elles illustrent \u00e9galement l\u2019influence qu\u2019a exerc\u00e9e \u00e0 son tour le Fran\u00e7ais sur les artistes du Novecento.<\/p>","protected":false},"excerpt":{"rendered":"<p>Catalogue officiel de l&#8217;exposition Cezanne et les ma\u00eetres. R\u00eave d\u2019Italie au mus\u00e9e Marmottan Monet prolong\u00e9e jusqu&#8217;au 31 janvier 2021. Pour la premi\u00e8re fois, le travail de l\u2019Aixois sera mis en regard de chefs-d\u2019\u0153uvre des grands ma\u00eetres italiens du XVIe au XXe si\u00e8cle. Ainsi une remarquable s\u00e9lection de toiles de Cezanne, parmi lesquelles l\u2019iconique Montagne Sainte-Victoire, [&hellip;]<\/p>","protected":false},"featured_media":3472,"comment_status":"open","ping_status":"closed","template":"","meta":[],"product_brand":[],"product_cat":[41],"product_tag":[],"class_list":{"0":"post-3473","1":"product","2":"type-product","3":"status-publish","4":"has-post-thumbnail","6":"product_cat-beaux-arts","8":"first","9":"onbackorder","10":"taxable","11":"shipping-taxable","12":"purchasable","13":"product-type-simple"},"yoast_head":"<!-- This site is optimized with the Yoast SEO plugin v27.4 - https:\/\/yoast.com\/product\/yoast-seo-wordpress\/ -->\n<title>C\u00e9zanne et les ma\u00eetres - l&#039;\u00e9chapp\u00e9e close<\/title>\n<meta name=\"robots\" content=\"index, follow, max-snippet:-1, max-image-preview:large, max-video-preview:-1\" \/>\n<link rel=\"canonical\" href=\"http:\/\/lechappeeclose.it\/it\/boutique\/livres\/arts\/beaux-arts\/cezanne-et-les-maitres\/\" \/>\n<meta property=\"og:locale\" content=\"it_IT\" \/>\n<meta property=\"og:type\" content=\"article\" \/>\n<meta property=\"og:title\" content=\"C\u00e9zanne et les ma\u00eetres - l&#039;\u00e9chapp\u00e9e close\" \/>\n<meta property=\"og:description\" content=\"Catalogue officiel de l&#8217;exposition Cezanne et les ma\u00eetres. R\u00eave d\u2019Italie au mus\u00e9e Marmottan Monet prolong\u00e9e jusqu&#8217;au 31 janvier 2021. Pour la premi\u00e8re fois, le travail de l\u2019Aixois sera mis en regard de chefs-d\u2019\u0153uvre des grands ma\u00eetres italiens du XVIe au XXe si\u00e8cle. Ainsi une remarquable s\u00e9lection de toiles de Cezanne, parmi lesquelles l\u2019iconique Montagne Sainte-Victoire, [&hellip;]\" \/>\n<meta property=\"og:url\" content=\"http:\/\/lechappeeclose.it\/it\/boutique\/livres\/arts\/beaux-arts\/cezanne-et-les-maitres\/\" \/>\n<meta property=\"og:site_name\" content=\"l&#039;\u00e9chapp\u00e9e close\" \/>\n<meta property=\"article:modified_time\" content=\"2026-01-16T16:25:02+00:00\" \/>\n<meta property=\"og:image\" content=\"http:\/\/lechappeeclose.it\/wp-content\/uploads\/2025\/01\/Cezanne-et-les-maitres.jpg\" \/>\n\t<meta property=\"og:image:width\" content=\"1866\" \/>\n\t<meta property=\"og:image:height\" content=\"1400\" \/>\n\t<meta property=\"og:image:type\" content=\"image\/jpeg\" \/>\n<meta name=\"twitter:card\" content=\"summary_large_image\" \/>\n<meta name=\"twitter:label1\" content=\"Tempo di lettura stimato\" \/>\n\t<meta name=\"twitter:data1\" content=\"1 minuto\" \/>\n<script type=\"application\/ld+json\" class=\"yoast-schema-graph\">{\"@context\":\"https:\\\/\\\/schema.org\",\"@graph\":[{\"@type\":\"WebPage\",\"@id\":\"http:\\\/\\\/lechappeeclose.it\\\/boutique\\\/livres\\\/arts\\\/beaux-arts\\\/cezanne-et-les-maitres\\\/\",\"url\":\"http:\\\/\\\/lechappeeclose.it\\\/boutique\\\/livres\\\/arts\\\/beaux-arts\\\/cezanne-et-les-maitres\\\/\",\"name\":\"C\u00e9zanne et les ma\u00eetres - l&#039;\u00e9chapp\u00e9e close\",\"isPartOf\":{\"@id\":\"http:\\\/\\\/lechappeeclose.it\\\/#website\"},\"primaryImageOfPage\":{\"@id\":\"http:\\\/\\\/lechappeeclose.it\\\/boutique\\\/livres\\\/arts\\\/beaux-arts\\\/cezanne-et-les-maitres\\\/#primaryimage\"},\"image\":{\"@id\":\"http:\\\/\\\/lechappeeclose.it\\\/boutique\\\/livres\\\/arts\\\/beaux-arts\\\/cezanne-et-les-maitres\\\/#primaryimage\"},\"thumbnailUrl\":\"http:\\\/\\\/lechappeeclose.it\\\/wp-content\\\/uploads\\\/2025\\\/01\\\/Cezanne-et-les-maitres.jpg\",\"datePublished\":\"2025-01-30T14:35:13+00:00\",\"dateModified\":\"2026-01-16T16:25:02+00:00\",\"breadcrumb\":{\"@id\":\"http:\\\/\\\/lechappeeclose.it\\\/boutique\\\/livres\\\/arts\\\/beaux-arts\\\/cezanne-et-les-maitres\\\/#breadcrumb\"},\"inLanguage\":\"it-IT\",\"potentialAction\":[{\"@type\":\"ReadAction\",\"target\":[\"http:\\\/\\\/lechappeeclose.it\\\/boutique\\\/livres\\\/arts\\\/beaux-arts\\\/cezanne-et-les-maitres\\\/\"]}]},{\"@type\":\"ImageObject\",\"inLanguage\":\"it-IT\",\"@id\":\"http:\\\/\\\/lechappeeclose.it\\\/boutique\\\/livres\\\/arts\\\/beaux-arts\\\/cezanne-et-les-maitres\\\/#primaryimage\",\"url\":\"http:\\\/\\\/lechappeeclose.it\\\/wp-content\\\/uploads\\\/2025\\\/01\\\/Cezanne-et-les-maitres.jpg\",\"contentUrl\":\"http:\\\/\\\/lechappeeclose.it\\\/wp-content\\\/uploads\\\/2025\\\/01\\\/Cezanne-et-les-maitres.jpg\",\"width\":1866,\"height\":1400},{\"@type\":\"BreadcrumbList\",\"@id\":\"http:\\\/\\\/lechappeeclose.it\\\/boutique\\\/livres\\\/arts\\\/beaux-arts\\\/cezanne-et-les-maitres\\\/#breadcrumb\",\"itemListElement\":[{\"@type\":\"ListItem\",\"position\":1,\"name\":\"Accueil\",\"item\":\"http:\\\/\\\/lechappeeclose.it\\\/\"},{\"@type\":\"ListItem\",\"position\":2,\"name\":\"Boutique\",\"item\":\"http:\\\/\\\/lechappeeclose.it\\\/it\\\/boutique\\\/\"},{\"@type\":\"ListItem\",\"position\":3,\"name\":\"C\u00e9zanne et les ma\u00eetres\"}]},{\"@type\":\"WebSite\",\"@id\":\"http:\\\/\\\/lechappeeclose.it\\\/#website\",\"url\":\"http:\\\/\\\/lechappeeclose.it\\\/\",\"name\":\"l&#039;\u00e9chapp\u00e9e close\",\"description\":\"la librairie fran\u00e7aise de Milan\",\"publisher\":{\"@id\":\"http:\\\/\\\/lechappeeclose.it\\\/#organization\"},\"alternateName\":\"La librairie fran\u00e7aise de Milan\",\"potentialAction\":[{\"@type\":\"SearchAction\",\"target\":{\"@type\":\"EntryPoint\",\"urlTemplate\":\"http:\\\/\\\/lechappeeclose.it\\\/?s={search_term_string}\"},\"query-input\":{\"@type\":\"PropertyValueSpecification\",\"valueRequired\":true,\"valueName\":\"search_term_string\"}}],\"inLanguage\":\"it-IT\"},{\"@type\":\"Organization\",\"@id\":\"http:\\\/\\\/lechappeeclose.it\\\/#organization\",\"name\":\"l&#039;\u00e9chapp\u00e9e close\",\"url\":\"http:\\\/\\\/lechappeeclose.it\\\/\",\"logo\":{\"@type\":\"ImageObject\",\"inLanguage\":\"it-IT\",\"@id\":\"http:\\\/\\\/lechappeeclose.it\\\/#\\\/schema\\\/logo\\\/image\\\/\",\"url\":\"http:\\\/\\\/lechappeeclose.it\\\/wp-content\\\/uploads\\\/2025\\\/02\\\/cropped-logo-rond.png\",\"contentUrl\":\"http:\\\/\\\/lechappeeclose.it\\\/wp-content\\\/uploads\\\/2025\\\/02\\\/cropped-logo-rond.png\",\"width\":1080,\"height\":1080,\"caption\":\"l&#039;\u00e9chapp\u00e9e close\"},\"image\":{\"@id\":\"http:\\\/\\\/lechappeeclose.it\\\/#\\\/schema\\\/logo\\\/image\\\/\"},\"sameAs\":[\"https:\\\/\\\/www.instagram.com\\\/lechappeeclose\\\/\"]}]}<\/script>\n<!-- \/ Yoast SEO plugin. -->","yoast_head_json":{"title":"C\u00e9zanne et les ma\u00eetres - l&#039;\u00e9chapp\u00e9e close","robots":{"index":"index","follow":"follow","max-snippet":"max-snippet:-1","max-image-preview":"max-image-preview:large","max-video-preview":"max-video-preview:-1"},"canonical":"http:\/\/lechappeeclose.it\/it\/boutique\/livres\/arts\/beaux-arts\/cezanne-et-les-maitres\/","og_locale":"it_IT","og_type":"article","og_title":"C\u00e9zanne et les ma\u00eetres - l&#039;\u00e9chapp\u00e9e close","og_description":"Catalogue officiel de l&#8217;exposition Cezanne et les ma\u00eetres. R\u00eave d\u2019Italie au mus\u00e9e Marmottan Monet prolong\u00e9e jusqu&#8217;au 31 janvier 2021. Pour la premi\u00e8re fois, le travail de l\u2019Aixois sera mis en regard de chefs-d\u2019\u0153uvre des grands ma\u00eetres italiens du XVIe au XXe si\u00e8cle. Ainsi une remarquable s\u00e9lection de toiles de Cezanne, parmi lesquelles l\u2019iconique Montagne Sainte-Victoire, [&hellip;]","og_url":"http:\/\/lechappeeclose.it\/it\/boutique\/livres\/arts\/beaux-arts\/cezanne-et-les-maitres\/","og_site_name":"l&#039;\u00e9chapp\u00e9e close","article_modified_time":"2026-01-16T16:25:02+00:00","og_image":[{"width":1866,"height":1400,"url":"http:\/\/lechappeeclose.it\/wp-content\/uploads\/2025\/01\/Cezanne-et-les-maitres.jpg","type":"image\/jpeg"}],"twitter_card":"summary_large_image","twitter_misc":{"Tempo di lettura stimato":"1 minuto"},"schema":{"@context":"https:\/\/schema.org","@graph":[{"@type":"WebPage","@id":"http:\/\/lechappeeclose.it\/boutique\/livres\/arts\/beaux-arts\/cezanne-et-les-maitres\/","url":"http:\/\/lechappeeclose.it\/boutique\/livres\/arts\/beaux-arts\/cezanne-et-les-maitres\/","name":"C\u00e9zanne et les ma\u00eetres - l&#039;\u00e9chapp\u00e9e close","isPartOf":{"@id":"http:\/\/lechappeeclose.it\/#website"},"primaryImageOfPage":{"@id":"http:\/\/lechappeeclose.it\/boutique\/livres\/arts\/beaux-arts\/cezanne-et-les-maitres\/#primaryimage"},"image":{"@id":"http:\/\/lechappeeclose.it\/boutique\/livres\/arts\/beaux-arts\/cezanne-et-les-maitres\/#primaryimage"},"thumbnailUrl":"http:\/\/lechappeeclose.it\/wp-content\/uploads\/2025\/01\/Cezanne-et-les-maitres.jpg","datePublished":"2025-01-30T14:35:13+00:00","dateModified":"2026-01-16T16:25:02+00:00","breadcrumb":{"@id":"http:\/\/lechappeeclose.it\/boutique\/livres\/arts\/beaux-arts\/cezanne-et-les-maitres\/#breadcrumb"},"inLanguage":"it-IT","potentialAction":[{"@type":"ReadAction","target":["http:\/\/lechappeeclose.it\/boutique\/livres\/arts\/beaux-arts\/cezanne-et-les-maitres\/"]}]},{"@type":"ImageObject","inLanguage":"it-IT","@id":"http:\/\/lechappeeclose.it\/boutique\/livres\/arts\/beaux-arts\/cezanne-et-les-maitres\/#primaryimage","url":"http:\/\/lechappeeclose.it\/wp-content\/uploads\/2025\/01\/Cezanne-et-les-maitres.jpg","contentUrl":"http:\/\/lechappeeclose.it\/wp-content\/uploads\/2025\/01\/Cezanne-et-les-maitres.jpg","width":1866,"height":1400},{"@type":"BreadcrumbList","@id":"http:\/\/lechappeeclose.it\/boutique\/livres\/arts\/beaux-arts\/cezanne-et-les-maitres\/#breadcrumb","itemListElement":[{"@type":"ListItem","position":1,"name":"Accueil","item":"http:\/\/lechappeeclose.it\/"},{"@type":"ListItem","position":2,"name":"Boutique","item":"http:\/\/lechappeeclose.it\/it\/boutique\/"},{"@type":"ListItem","position":3,"name":"C\u00e9zanne et les ma\u00eetres"}]},{"@type":"WebSite","@id":"http:\/\/lechappeeclose.it\/#website","url":"http:\/\/lechappeeclose.it\/","name":"l&#039;\u00e9chapp\u00e9e close","description":"La libreria francese di Milano","publisher":{"@id":"http:\/\/lechappeeclose.it\/#organization"},"alternateName":"La librairie fran\u00e7aise de Milan","potentialAction":[{"@type":"SearchAction","target":{"@type":"EntryPoint","urlTemplate":"http:\/\/lechappeeclose.it\/?s={search_term_string}"},"query-input":{"@type":"PropertyValueSpecification","valueRequired":true,"valueName":"search_term_string"}}],"inLanguage":"it-IT"},{"@type":"Organization","@id":"http:\/\/lechappeeclose.it\/#organization","name":"l&#039;\u00e9chapp\u00e9e close","url":"http:\/\/lechappeeclose.it\/","logo":{"@type":"ImageObject","inLanguage":"it-IT","@id":"http:\/\/lechappeeclose.it\/#\/schema\/logo\/image\/","url":"http:\/\/lechappeeclose.it\/wp-content\/uploads\/2025\/02\/cropped-logo-rond.png","contentUrl":"http:\/\/lechappeeclose.it\/wp-content\/uploads\/2025\/02\/cropped-logo-rond.png","width":1080,"height":1080,"caption":"l&#039;\u00e9chapp\u00e9e close"},"image":{"@id":"http:\/\/lechappeeclose.it\/#\/schema\/logo\/image\/"},"sameAs":["https:\/\/www.instagram.com\/lechappeeclose\/"]}]}},"_links":{"self":[{"href":"http:\/\/lechappeeclose.it\/it\/wp-json\/wp\/v2\/product\/3473","targetHints":{"allow":["GET"]}}],"collection":[{"href":"http:\/\/lechappeeclose.it\/it\/wp-json\/wp\/v2\/product"}],"about":[{"href":"http:\/\/lechappeeclose.it\/it\/wp-json\/wp\/v2\/types\/product"}],"replies":[{"embeddable":true,"href":"http:\/\/lechappeeclose.it\/it\/wp-json\/wp\/v2\/comments?post=3473"}],"wp:featuredmedia":[{"embeddable":true,"href":"http:\/\/lechappeeclose.it\/it\/wp-json\/wp\/v2\/media\/3472"}],"wp:attachment":[{"href":"http:\/\/lechappeeclose.it\/it\/wp-json\/wp\/v2\/media?parent=3473"}],"wp:term":[{"taxonomy":"product_brand","embeddable":true,"href":"http:\/\/lechappeeclose.it\/it\/wp-json\/wp\/v2\/product_brand?post=3473"},{"taxonomy":"product_cat","embeddable":true,"href":"http:\/\/lechappeeclose.it\/it\/wp-json\/wp\/v2\/product_cat?post=3473"},{"taxonomy":"product_tag","embeddable":true,"href":"http:\/\/lechappeeclose.it\/it\/wp-json\/wp\/v2\/product_tag?post=3473"}],"curies":[{"name":"wp","href":"https:\/\/api.w.org\/{rel}","templated":true}]}}