{"id":3459,"date":"2025-01-30T15:30:14","date_gmt":"2025-01-30T14:30:14","guid":{"rendered":"https:\/\/lechappeeclose.it\/produit\/le-louvre-insolent\/"},"modified":"2026-01-16T17:29:09","modified_gmt":"2026-01-16T16:29:09","slug":"le-louvre-insolent","status":"publish","type":"product","link":"http:\/\/lechappeeclose.it\/it\/boutique\/livres\/arts\/beaux-arts\/le-louvre-insolent\/","title":{"rendered":"Le Louvre insolent"},"content":{"rendered":"<p>Gr\u00e2ce \u00e0 ce parcours buissonnier dans les salles de peinture du Louvre, c&#8217;est une autre mani\u00e8re, l\u00e9g\u00e8re et sans complexe, de d\u00e9couvrir le mus\u00e9e le plus visit\u00e9 au monde et l&#8217;histoire de l&#8217;art qui est propos\u00e9e ici. Parce qu&#8217;on peut aussi rire au mus\u00e9e ! Un Henri IV au sourire passablement niais bien gain\u00e9 dans sa tunique d&#8217;Hercule, un moine tonsur\u00e9 du XVe si\u00e8cle qui vole comme une fus\u00e9e, une toile de Rubens satur\u00e9e de putti&#8230; Et pourtant, vous \u00eates au Louvre, v\u00e9ritable temple de la Culture, or, en lieu et place d&#8217;un quelconque sentiment esth\u00e9tique ou philosophique de rigueur, c&#8217;est l&#8217;esprit qui divague, qui s&#8217;attache \u00e0 des d\u00e9tails incongrus et le fou rire qui point. Parce que le bon go\u00fbt est celui que l&#8217;on se forge, l&#8217;enjeu de ce parcours buissonnier, plaisamment iconoclaste mais surtout iconophile, est de s&#8217;autoriser \u00e0 railler gentiment des peintures parfois loufoques. Une entr\u00e9e \u00e0 la d\u00e9rob\u00e9e pour aller \u00e0 la rencontre, sans complexe et avec l\u00e9g\u00e8ret\u00e9, d&#8217;oeuvres, voire de chefs d&#8217;oeuvre, parfois m\u00e9connus.<\/p>","protected":false},"excerpt":{"rendered":"<p>Gr\u00e2ce \u00e0 ce parcours buissonnier dans les salles de peinture du Louvre, c&#8217;est une autre mani\u00e8re, l\u00e9g\u00e8re et sans complexe, de d\u00e9couvrir le mus\u00e9e le plus visit\u00e9 au monde et l&#8217;histoire de l&#8217;art qui est propos\u00e9e ici. Parce qu&#8217;on peut aussi rire au mus\u00e9e ! Un Henri IV au sourire passablement niais bien gain\u00e9 dans [&hellip;]<\/p>","protected":false},"featured_media":3458,"comment_status":"open","ping_status":"closed","template":"","meta":[],"product_brand":[],"product_cat":[41],"product_tag":[],"class_list":{"0":"post-3459","1":"product","2":"type-product","3":"status-publish","4":"has-post-thumbnail","6":"product_cat-beaux-arts","8":"first","9":"onbackorder","10":"taxable","11":"shipping-taxable","12":"purchasable","13":"product-type-simple"},"yoast_head":"<!-- This site is optimized with the Yoast SEO plugin v27.3 - https:\/\/yoast.com\/product\/yoast-seo-wordpress\/ -->\n<title>Le Louvre insolent - l&#039;\u00e9chapp\u00e9e close<\/title>\n<meta name=\"robots\" content=\"index, follow, max-snippet:-1, max-image-preview:large, max-video-preview:-1\" \/>\n<link rel=\"canonical\" href=\"https:\/\/lechappeeclose.it\/it\/boutique\/livres\/arts\/beaux-arts\/le-louvre-insolent\/\" \/>\n<meta property=\"og:locale\" content=\"it_IT\" \/>\n<meta property=\"og:type\" content=\"article\" \/>\n<meta property=\"og:title\" content=\"Le Louvre insolent - l&#039;\u00e9chapp\u00e9e close\" \/>\n<meta property=\"og:description\" content=\"Gr\u00e2ce \u00e0 ce parcours buissonnier dans les salles de peinture du Louvre, c&#8217;est une autre mani\u00e8re, l\u00e9g\u00e8re et sans complexe, de d\u00e9couvrir le mus\u00e9e le plus visit\u00e9 au monde et l&#8217;histoire de l&#8217;art qui est propos\u00e9e ici. Parce qu&#8217;on peut aussi rire au mus\u00e9e ! Un Henri IV au sourire passablement niais bien gain\u00e9 dans [&hellip;]\" \/>\n<meta property=\"og:url\" content=\"https:\/\/lechappeeclose.it\/it\/boutique\/livres\/arts\/beaux-arts\/le-louvre-insolent\/\" \/>\n<meta property=\"og:site_name\" content=\"l&#039;\u00e9chapp\u00e9e close\" \/>\n<meta property=\"article:modified_time\" content=\"2026-01-16T16:29:09+00:00\" \/>\n<meta property=\"og:image\" content=\"https:\/\/lechappeeclose.it\/wp-content\/uploads\/2025\/01\/Le-Louvre-insolent.jpg\" \/>\n\t<meta property=\"og:image:width\" content=\"376\" \/>\n\t<meta property=\"og:image:height\" content=\"500\" \/>\n\t<meta property=\"og:image:type\" content=\"image\/jpeg\" \/>\n<meta name=\"twitter:card\" content=\"summary_large_image\" \/>\n<meta name=\"twitter:label1\" content=\"Tempo di lettura stimato\" \/>\n\t<meta name=\"twitter:data1\" content=\"1 minuto\" \/>\n<script type=\"application\/ld+json\" class=\"yoast-schema-graph\">{\"@context\":\"https:\\\/\\\/schema.org\",\"@graph\":[{\"@type\":\"WebPage\",\"@id\":\"https:\\\/\\\/lechappeeclose.it\\\/boutique\\\/livres\\\/arts\\\/beaux-arts\\\/le-louvre-insolent\\\/\",\"url\":\"https:\\\/\\\/lechappeeclose.it\\\/boutique\\\/livres\\\/arts\\\/beaux-arts\\\/le-louvre-insolent\\\/\",\"name\":\"Le Louvre insolent - l&#039;\u00e9chapp\u00e9e close\",\"isPartOf\":{\"@id\":\"https:\\\/\\\/lechappeeclose.it\\\/it\\\/#website\"},\"primaryImageOfPage\":{\"@id\":\"https:\\\/\\\/lechappeeclose.it\\\/boutique\\\/livres\\\/arts\\\/beaux-arts\\\/le-louvre-insolent\\\/#primaryimage\"},\"image\":{\"@id\":\"https:\\\/\\\/lechappeeclose.it\\\/boutique\\\/livres\\\/arts\\\/beaux-arts\\\/le-louvre-insolent\\\/#primaryimage\"},\"thumbnailUrl\":\"http:\\\/\\\/lechappeeclose.it\\\/wp-content\\\/uploads\\\/2025\\\/01\\\/Le-Louvre-insolent.jpg\",\"datePublished\":\"2025-01-30T14:30:14+00:00\",\"dateModified\":\"2026-01-16T16:29:09+00:00\",\"breadcrumb\":{\"@id\":\"https:\\\/\\\/lechappeeclose.it\\\/boutique\\\/livres\\\/arts\\\/beaux-arts\\\/le-louvre-insolent\\\/#breadcrumb\"},\"inLanguage\":\"it-IT\",\"potentialAction\":[{\"@type\":\"ReadAction\",\"target\":[\"https:\\\/\\\/lechappeeclose.it\\\/boutique\\\/livres\\\/arts\\\/beaux-arts\\\/le-louvre-insolent\\\/\"]}]},{\"@type\":\"ImageObject\",\"inLanguage\":\"it-IT\",\"@id\":\"https:\\\/\\\/lechappeeclose.it\\\/boutique\\\/livres\\\/arts\\\/beaux-arts\\\/le-louvre-insolent\\\/#primaryimage\",\"url\":\"http:\\\/\\\/lechappeeclose.it\\\/wp-content\\\/uploads\\\/2025\\\/01\\\/Le-Louvre-insolent.jpg\",\"contentUrl\":\"http:\\\/\\\/lechappeeclose.it\\\/wp-content\\\/uploads\\\/2025\\\/01\\\/Le-Louvre-insolent.jpg\",\"width\":376,\"height\":500},{\"@type\":\"BreadcrumbList\",\"@id\":\"https:\\\/\\\/lechappeeclose.it\\\/boutique\\\/livres\\\/arts\\\/beaux-arts\\\/le-louvre-insolent\\\/#breadcrumb\",\"itemListElement\":[{\"@type\":\"ListItem\",\"position\":1,\"name\":\"Accueil\",\"item\":\"https:\\\/\\\/lechappeeclose.it\\\/it\\\/\"},{\"@type\":\"ListItem\",\"position\":2,\"name\":\"Boutique\",\"item\":\"https:\\\/\\\/lechappeeclose.it\\\/it\\\/boutique\\\/\"},{\"@type\":\"ListItem\",\"position\":3,\"name\":\"Le Louvre insolent\"}]},{\"@type\":\"WebSite\",\"@id\":\"https:\\\/\\\/lechappeeclose.it\\\/it\\\/#website\",\"url\":\"https:\\\/\\\/lechappeeclose.it\\\/it\\\/\",\"name\":\"l&#039;\u00e9chapp\u00e9e close\",\"description\":\"la librairie fran\u00e7aise de Milan\",\"publisher\":{\"@id\":\"https:\\\/\\\/lechappeeclose.it\\\/it\\\/#organization\"},\"alternateName\":\"La librairie fran\u00e7aise de Milan\",\"potentialAction\":[{\"@type\":\"SearchAction\",\"target\":{\"@type\":\"EntryPoint\",\"urlTemplate\":\"https:\\\/\\\/lechappeeclose.it\\\/it\\\/?s={search_term_string}\"},\"query-input\":{\"@type\":\"PropertyValueSpecification\",\"valueRequired\":true,\"valueName\":\"search_term_string\"}}],\"inLanguage\":\"it-IT\"},{\"@type\":\"Organization\",\"@id\":\"https:\\\/\\\/lechappeeclose.it\\\/it\\\/#organization\",\"name\":\"l&#039;\u00e9chapp\u00e9e close\",\"url\":\"https:\\\/\\\/lechappeeclose.it\\\/it\\\/\",\"logo\":{\"@type\":\"ImageObject\",\"inLanguage\":\"it-IT\",\"@id\":\"https:\\\/\\\/lechappeeclose.it\\\/it\\\/#\\\/schema\\\/logo\\\/image\\\/\",\"url\":\"http:\\\/\\\/lechappeeclose.it\\\/wp-content\\\/uploads\\\/2025\\\/02\\\/cropped-logo-rond.png\",\"contentUrl\":\"http:\\\/\\\/lechappeeclose.it\\\/wp-content\\\/uploads\\\/2025\\\/02\\\/cropped-logo-rond.png\",\"width\":1080,\"height\":1080,\"caption\":\"l&#039;\u00e9chapp\u00e9e close\"},\"image\":{\"@id\":\"https:\\\/\\\/lechappeeclose.it\\\/it\\\/#\\\/schema\\\/logo\\\/image\\\/\"},\"sameAs\":[\"https:\\\/\\\/www.instagram.com\\\/lechappeeclose\\\/\"]}]}<\/script>\n<!-- \/ Yoast SEO plugin. -->","yoast_head_json":{"title":"Le Louvre insolent - l&#039;\u00e9chapp\u00e9e close","robots":{"index":"index","follow":"follow","max-snippet":"max-snippet:-1","max-image-preview":"max-image-preview:large","max-video-preview":"max-video-preview:-1"},"canonical":"https:\/\/lechappeeclose.it\/it\/boutique\/livres\/arts\/beaux-arts\/le-louvre-insolent\/","og_locale":"it_IT","og_type":"article","og_title":"Le Louvre insolent - l&#039;\u00e9chapp\u00e9e close","og_description":"Gr\u00e2ce \u00e0 ce parcours buissonnier dans les salles de peinture du Louvre, c&#8217;est une autre mani\u00e8re, l\u00e9g\u00e8re et sans complexe, de d\u00e9couvrir le mus\u00e9e le plus visit\u00e9 au monde et l&#8217;histoire de l&#8217;art qui est propos\u00e9e ici. Parce qu&#8217;on peut aussi rire au mus\u00e9e ! Un Henri IV au sourire passablement niais bien gain\u00e9 dans [&hellip;]","og_url":"https:\/\/lechappeeclose.it\/it\/boutique\/livres\/arts\/beaux-arts\/le-louvre-insolent\/","og_site_name":"l&#039;\u00e9chapp\u00e9e close","article_modified_time":"2026-01-16T16:29:09+00:00","og_image":[{"width":376,"height":500,"url":"https:\/\/lechappeeclose.it\/wp-content\/uploads\/2025\/01\/Le-Louvre-insolent.jpg","type":"image\/jpeg"}],"twitter_card":"summary_large_image","twitter_misc":{"Tempo di lettura stimato":"1 minuto"},"schema":{"@context":"https:\/\/schema.org","@graph":[{"@type":"WebPage","@id":"https:\/\/lechappeeclose.it\/boutique\/livres\/arts\/beaux-arts\/le-louvre-insolent\/","url":"https:\/\/lechappeeclose.it\/boutique\/livres\/arts\/beaux-arts\/le-louvre-insolent\/","name":"Le Louvre insolent - l&#039;\u00e9chapp\u00e9e close","isPartOf":{"@id":"https:\/\/lechappeeclose.it\/it\/#website"},"primaryImageOfPage":{"@id":"https:\/\/lechappeeclose.it\/boutique\/livres\/arts\/beaux-arts\/le-louvre-insolent\/#primaryimage"},"image":{"@id":"https:\/\/lechappeeclose.it\/boutique\/livres\/arts\/beaux-arts\/le-louvre-insolent\/#primaryimage"},"thumbnailUrl":"http:\/\/lechappeeclose.it\/wp-content\/uploads\/2025\/01\/Le-Louvre-insolent.jpg","datePublished":"2025-01-30T14:30:14+00:00","dateModified":"2026-01-16T16:29:09+00:00","breadcrumb":{"@id":"https:\/\/lechappeeclose.it\/boutique\/livres\/arts\/beaux-arts\/le-louvre-insolent\/#breadcrumb"},"inLanguage":"it-IT","potentialAction":[{"@type":"ReadAction","target":["https:\/\/lechappeeclose.it\/boutique\/livres\/arts\/beaux-arts\/le-louvre-insolent\/"]}]},{"@type":"ImageObject","inLanguage":"it-IT","@id":"https:\/\/lechappeeclose.it\/boutique\/livres\/arts\/beaux-arts\/le-louvre-insolent\/#primaryimage","url":"http:\/\/lechappeeclose.it\/wp-content\/uploads\/2025\/01\/Le-Louvre-insolent.jpg","contentUrl":"http:\/\/lechappeeclose.it\/wp-content\/uploads\/2025\/01\/Le-Louvre-insolent.jpg","width":376,"height":500},{"@type":"BreadcrumbList","@id":"https:\/\/lechappeeclose.it\/boutique\/livres\/arts\/beaux-arts\/le-louvre-insolent\/#breadcrumb","itemListElement":[{"@type":"ListItem","position":1,"name":"Accueil","item":"https:\/\/lechappeeclose.it\/it\/"},{"@type":"ListItem","position":2,"name":"Boutique","item":"https:\/\/lechappeeclose.it\/it\/boutique\/"},{"@type":"ListItem","position":3,"name":"Le Louvre insolent"}]},{"@type":"WebSite","@id":"https:\/\/lechappeeclose.it\/it\/#website","url":"https:\/\/lechappeeclose.it\/it\/","name":"l&#039;\u00e9chapp\u00e9e close","description":"La libreria francese di Milano","publisher":{"@id":"https:\/\/lechappeeclose.it\/it\/#organization"},"alternateName":"La librairie fran\u00e7aise de Milan","potentialAction":[{"@type":"SearchAction","target":{"@type":"EntryPoint","urlTemplate":"https:\/\/lechappeeclose.it\/it\/?s={search_term_string}"},"query-input":{"@type":"PropertyValueSpecification","valueRequired":true,"valueName":"search_term_string"}}],"inLanguage":"it-IT"},{"@type":"Organization","@id":"https:\/\/lechappeeclose.it\/it\/#organization","name":"l&#039;\u00e9chapp\u00e9e close","url":"https:\/\/lechappeeclose.it\/it\/","logo":{"@type":"ImageObject","inLanguage":"it-IT","@id":"https:\/\/lechappeeclose.it\/it\/#\/schema\/logo\/image\/","url":"http:\/\/lechappeeclose.it\/wp-content\/uploads\/2025\/02\/cropped-logo-rond.png","contentUrl":"http:\/\/lechappeeclose.it\/wp-content\/uploads\/2025\/02\/cropped-logo-rond.png","width":1080,"height":1080,"caption":"l&#039;\u00e9chapp\u00e9e close"},"image":{"@id":"https:\/\/lechappeeclose.it\/it\/#\/schema\/logo\/image\/"},"sameAs":["https:\/\/www.instagram.com\/lechappeeclose\/"]}]}},"_links":{"self":[{"href":"http:\/\/lechappeeclose.it\/it\/wp-json\/wp\/v2\/product\/3459","targetHints":{"allow":["GET"]}}],"collection":[{"href":"http:\/\/lechappeeclose.it\/it\/wp-json\/wp\/v2\/product"}],"about":[{"href":"http:\/\/lechappeeclose.it\/it\/wp-json\/wp\/v2\/types\/product"}],"replies":[{"embeddable":true,"href":"http:\/\/lechappeeclose.it\/it\/wp-json\/wp\/v2\/comments?post=3459"}],"wp:featuredmedia":[{"embeddable":true,"href":"http:\/\/lechappeeclose.it\/it\/wp-json\/wp\/v2\/media\/3458"}],"wp:attachment":[{"href":"http:\/\/lechappeeclose.it\/it\/wp-json\/wp\/v2\/media?parent=3459"}],"wp:term":[{"taxonomy":"product_brand","embeddable":true,"href":"http:\/\/lechappeeclose.it\/it\/wp-json\/wp\/v2\/product_brand?post=3459"},{"taxonomy":"product_cat","embeddable":true,"href":"http:\/\/lechappeeclose.it\/it\/wp-json\/wp\/v2\/product_cat?post=3459"},{"taxonomy":"product_tag","embeddable":true,"href":"http:\/\/lechappeeclose.it\/it\/wp-json\/wp\/v2\/product_tag?post=3459"}],"curies":[{"name":"wp","href":"https:\/\/api.w.org\/{rel}","templated":true}]}}