{"id":3447,"date":"2025-01-30T15:26:08","date_gmt":"2025-01-30T14:26:08","guid":{"rendered":"https:\/\/lechappeeclose.it\/produit\/sur-les-traces-de-nos-peurs\/"},"modified":"2026-01-16T19:00:57","modified_gmt":"2026-01-16T18:00:57","slug":"sur-les-traces-de-nos-peurs","status":"publish","type":"product","link":"http:\/\/lechappeeclose.it\/it\/boutique\/livres\/arts\/essais\/sur-les-traces-de-nos-peurs\/","title":{"rendered":"Sur les traces de nos peurs"},"content":{"rendered":"<p>Plong\u00e9e dans les mentalit\u00e9s du Moyen \u00c2ge et les peurs de nos anc\u00eatres, au premier chef desquelles : les \u00e9pid\u00e9mies. C\u2019est une plong\u00e9e dans les peurs du Moyen \u00c2ge, en \u00e9cho \u00e0 nos peurs contemporaines, qu\u2019offre cet entretien avec le grand m\u00e9di\u00e9viste Georges Duby. Angoiss\u00e9s par leur survie, menac\u00e9s par les \u00e9pid\u00e9mies et familiers de la mort, nos anc\u00eatres, violents mais solidaires, ne connaissaient pas la solitude qui accompagne la mis\u00e8re d\u2019aujourd\u2019hui. D\u00e9livr\u00e9s \u00e0 l\u2019aube du troisi\u00e8me mill\u00e9naire, le r\u00e9cit et l\u2019analyse de Duby demeurent d\u2019une \u00e9tonnante actualit\u00e9 et nous frappent autant par les diff\u00e9rences que les concordances avec les mentalit\u00e9s m\u00e9di\u00e9vales au travers de cinq grandes peurs\u2009: de la mis\u00e8re, de l\u2019autre, de la violence, de l\u2019au-del\u00e0, et bien s\u00fbr, peur des \u00e9pid\u00e9mies. \u00ab Explorer les mentalit\u00e9s d\u2019hier permet d\u2019affronter plus lucides les dangers d\u2019aujourd\u2019hui \u00bb : le message de l\u2019historien fait de cet ouvrage un pr\u00e9cieux viatique.<\/p>","protected":false},"excerpt":{"rendered":"<p>Plong\u00e9e dans les mentalit\u00e9s du Moyen \u00c2ge et les peurs de nos anc\u00eatres, au premier chef desquelles : les \u00e9pid\u00e9mies. C\u2019est une plong\u00e9e dans les peurs du Moyen \u00c2ge, en \u00e9cho \u00e0 nos peurs contemporaines, qu\u2019offre cet entretien avec le grand m\u00e9di\u00e9viste Georges Duby. Angoiss\u00e9s par leur survie, menac\u00e9s par les \u00e9pid\u00e9mies et familiers de [&hellip;]<\/p>","protected":false},"featured_media":3446,"comment_status":"open","ping_status":"closed","template":"","meta":[],"product_brand":[],"product_cat":[208],"product_tag":[],"class_list":{"0":"post-3447","1":"product","2":"type-product","3":"status-publish","4":"has-post-thumbnail","6":"product_cat-essais","8":"first","9":"onbackorder","10":"taxable","11":"shipping-taxable","12":"purchasable","13":"product-type-simple"},"yoast_head":"<!-- This site is optimized with the Yoast SEO plugin v27.3 - https:\/\/yoast.com\/product\/yoast-seo-wordpress\/ -->\n<title>Sur les traces de nos peurs - l&#039;\u00e9chapp\u00e9e close<\/title>\n<meta name=\"robots\" content=\"index, follow, max-snippet:-1, max-image-preview:large, max-video-preview:-1\" \/>\n<link rel=\"canonical\" href=\"https:\/\/lechappeeclose.it\/it\/boutique\/livres\/arts\/essais\/sur-les-traces-de-nos-peurs\/\" \/>\n<meta property=\"og:locale\" content=\"it_IT\" \/>\n<meta property=\"og:type\" content=\"article\" \/>\n<meta property=\"og:title\" content=\"Sur les traces de nos peurs - l&#039;\u00e9chapp\u00e9e close\" \/>\n<meta property=\"og:description\" content=\"Plong\u00e9e dans les mentalit\u00e9s du Moyen \u00c2ge et les peurs de nos anc\u00eatres, au premier chef desquelles : les \u00e9pid\u00e9mies. C\u2019est une plong\u00e9e dans les peurs du Moyen \u00c2ge, en \u00e9cho \u00e0 nos peurs contemporaines, qu\u2019offre cet entretien avec le grand m\u00e9di\u00e9viste Georges Duby. Angoiss\u00e9s par leur survie, menac\u00e9s par les \u00e9pid\u00e9mies et familiers de [&hellip;]\" \/>\n<meta property=\"og:url\" content=\"https:\/\/lechappeeclose.it\/it\/boutique\/livres\/arts\/essais\/sur-les-traces-de-nos-peurs\/\" \/>\n<meta property=\"og:site_name\" content=\"l&#039;\u00e9chapp\u00e9e close\" \/>\n<meta property=\"article:modified_time\" content=\"2026-01-16T18:00:57+00:00\" \/>\n<meta property=\"og:image\" content=\"https:\/\/lechappeeclose.it\/wp-content\/uploads\/2025\/01\/Sur-les-traces-de-nos-peurs.jpg\" \/>\n\t<meta property=\"og:image:width\" content=\"1681\" \/>\n\t<meta property=\"og:image:height\" content=\"2560\" \/>\n\t<meta property=\"og:image:type\" content=\"image\/jpeg\" \/>\n<meta name=\"twitter:card\" content=\"summary_large_image\" \/>\n<meta name=\"twitter:label1\" content=\"Tempo di lettura stimato\" \/>\n\t<meta name=\"twitter:data1\" content=\"1 minuto\" \/>\n<script type=\"application\/ld+json\" class=\"yoast-schema-graph\">{\"@context\":\"https:\\\/\\\/schema.org\",\"@graph\":[{\"@type\":\"WebPage\",\"@id\":\"https:\\\/\\\/lechappeeclose.it\\\/boutique\\\/livres\\\/arts\\\/essais\\\/sur-les-traces-de-nos-peurs\\\/\",\"url\":\"https:\\\/\\\/lechappeeclose.it\\\/boutique\\\/livres\\\/arts\\\/essais\\\/sur-les-traces-de-nos-peurs\\\/\",\"name\":\"Sur les traces de nos peurs - l&#039;\u00e9chapp\u00e9e close\",\"isPartOf\":{\"@id\":\"https:\\\/\\\/lechappeeclose.it\\\/it\\\/#website\"},\"primaryImageOfPage\":{\"@id\":\"https:\\\/\\\/lechappeeclose.it\\\/boutique\\\/livres\\\/arts\\\/essais\\\/sur-les-traces-de-nos-peurs\\\/#primaryimage\"},\"image\":{\"@id\":\"https:\\\/\\\/lechappeeclose.it\\\/boutique\\\/livres\\\/arts\\\/essais\\\/sur-les-traces-de-nos-peurs\\\/#primaryimage\"},\"thumbnailUrl\":\"http:\\\/\\\/lechappeeclose.it\\\/wp-content\\\/uploads\\\/2025\\\/01\\\/Sur-les-traces-de-nos-peurs.jpg\",\"datePublished\":\"2025-01-30T14:26:08+00:00\",\"dateModified\":\"2026-01-16T18:00:57+00:00\",\"breadcrumb\":{\"@id\":\"https:\\\/\\\/lechappeeclose.it\\\/boutique\\\/livres\\\/arts\\\/essais\\\/sur-les-traces-de-nos-peurs\\\/#breadcrumb\"},\"inLanguage\":\"it-IT\",\"potentialAction\":[{\"@type\":\"ReadAction\",\"target\":[\"https:\\\/\\\/lechappeeclose.it\\\/boutique\\\/livres\\\/arts\\\/essais\\\/sur-les-traces-de-nos-peurs\\\/\"]}]},{\"@type\":\"ImageObject\",\"inLanguage\":\"it-IT\",\"@id\":\"https:\\\/\\\/lechappeeclose.it\\\/boutique\\\/livres\\\/arts\\\/essais\\\/sur-les-traces-de-nos-peurs\\\/#primaryimage\",\"url\":\"http:\\\/\\\/lechappeeclose.it\\\/wp-content\\\/uploads\\\/2025\\\/01\\\/Sur-les-traces-de-nos-peurs.jpg\",\"contentUrl\":\"http:\\\/\\\/lechappeeclose.it\\\/wp-content\\\/uploads\\\/2025\\\/01\\\/Sur-les-traces-de-nos-peurs.jpg\",\"width\":1681,\"height\":2560},{\"@type\":\"BreadcrumbList\",\"@id\":\"https:\\\/\\\/lechappeeclose.it\\\/boutique\\\/livres\\\/arts\\\/essais\\\/sur-les-traces-de-nos-peurs\\\/#breadcrumb\",\"itemListElement\":[{\"@type\":\"ListItem\",\"position\":1,\"name\":\"Accueil\",\"item\":\"https:\\\/\\\/lechappeeclose.it\\\/it\\\/\"},{\"@type\":\"ListItem\",\"position\":2,\"name\":\"Boutique\",\"item\":\"https:\\\/\\\/lechappeeclose.it\\\/it\\\/boutique\\\/\"},{\"@type\":\"ListItem\",\"position\":3,\"name\":\"Sur les traces de nos peurs\"}]},{\"@type\":\"WebSite\",\"@id\":\"https:\\\/\\\/lechappeeclose.it\\\/it\\\/#website\",\"url\":\"https:\\\/\\\/lechappeeclose.it\\\/it\\\/\",\"name\":\"l&#039;\u00e9chapp\u00e9e close\",\"description\":\"la librairie fran\u00e7aise de Milan\",\"publisher\":{\"@id\":\"https:\\\/\\\/lechappeeclose.it\\\/it\\\/#organization\"},\"alternateName\":\"La librairie fran\u00e7aise de Milan\",\"potentialAction\":[{\"@type\":\"SearchAction\",\"target\":{\"@type\":\"EntryPoint\",\"urlTemplate\":\"https:\\\/\\\/lechappeeclose.it\\\/it\\\/?s={search_term_string}\"},\"query-input\":{\"@type\":\"PropertyValueSpecification\",\"valueRequired\":true,\"valueName\":\"search_term_string\"}}],\"inLanguage\":\"it-IT\"},{\"@type\":\"Organization\",\"@id\":\"https:\\\/\\\/lechappeeclose.it\\\/it\\\/#organization\",\"name\":\"l&#039;\u00e9chapp\u00e9e close\",\"url\":\"https:\\\/\\\/lechappeeclose.it\\\/it\\\/\",\"logo\":{\"@type\":\"ImageObject\",\"inLanguage\":\"it-IT\",\"@id\":\"https:\\\/\\\/lechappeeclose.it\\\/it\\\/#\\\/schema\\\/logo\\\/image\\\/\",\"url\":\"http:\\\/\\\/lechappeeclose.it\\\/wp-content\\\/uploads\\\/2025\\\/02\\\/cropped-logo-rond.png\",\"contentUrl\":\"http:\\\/\\\/lechappeeclose.it\\\/wp-content\\\/uploads\\\/2025\\\/02\\\/cropped-logo-rond.png\",\"width\":1080,\"height\":1080,\"caption\":\"l&#039;\u00e9chapp\u00e9e close\"},\"image\":{\"@id\":\"https:\\\/\\\/lechappeeclose.it\\\/it\\\/#\\\/schema\\\/logo\\\/image\\\/\"},\"sameAs\":[\"https:\\\/\\\/www.instagram.com\\\/lechappeeclose\\\/\"]}]}<\/script>\n<!-- \/ Yoast SEO plugin. -->","yoast_head_json":{"title":"Sur les traces de nos peurs - l&#039;\u00e9chapp\u00e9e close","robots":{"index":"index","follow":"follow","max-snippet":"max-snippet:-1","max-image-preview":"max-image-preview:large","max-video-preview":"max-video-preview:-1"},"canonical":"https:\/\/lechappeeclose.it\/it\/boutique\/livres\/arts\/essais\/sur-les-traces-de-nos-peurs\/","og_locale":"it_IT","og_type":"article","og_title":"Sur les traces de nos peurs - l&#039;\u00e9chapp\u00e9e close","og_description":"Plong\u00e9e dans les mentalit\u00e9s du Moyen \u00c2ge et les peurs de nos anc\u00eatres, au premier chef desquelles : les \u00e9pid\u00e9mies. C\u2019est une plong\u00e9e dans les peurs du Moyen \u00c2ge, en \u00e9cho \u00e0 nos peurs contemporaines, qu\u2019offre cet entretien avec le grand m\u00e9di\u00e9viste Georges Duby. Angoiss\u00e9s par leur survie, menac\u00e9s par les \u00e9pid\u00e9mies et familiers de [&hellip;]","og_url":"https:\/\/lechappeeclose.it\/it\/boutique\/livres\/arts\/essais\/sur-les-traces-de-nos-peurs\/","og_site_name":"l&#039;\u00e9chapp\u00e9e close","article_modified_time":"2026-01-16T18:00:57+00:00","og_image":[{"width":1681,"height":2560,"url":"https:\/\/lechappeeclose.it\/wp-content\/uploads\/2025\/01\/Sur-les-traces-de-nos-peurs.jpg","type":"image\/jpeg"}],"twitter_card":"summary_large_image","twitter_misc":{"Tempo di lettura stimato":"1 minuto"},"schema":{"@context":"https:\/\/schema.org","@graph":[{"@type":"WebPage","@id":"https:\/\/lechappeeclose.it\/boutique\/livres\/arts\/essais\/sur-les-traces-de-nos-peurs\/","url":"https:\/\/lechappeeclose.it\/boutique\/livres\/arts\/essais\/sur-les-traces-de-nos-peurs\/","name":"Sur les traces de nos peurs - l&#039;\u00e9chapp\u00e9e close","isPartOf":{"@id":"https:\/\/lechappeeclose.it\/it\/#website"},"primaryImageOfPage":{"@id":"https:\/\/lechappeeclose.it\/boutique\/livres\/arts\/essais\/sur-les-traces-de-nos-peurs\/#primaryimage"},"image":{"@id":"https:\/\/lechappeeclose.it\/boutique\/livres\/arts\/essais\/sur-les-traces-de-nos-peurs\/#primaryimage"},"thumbnailUrl":"http:\/\/lechappeeclose.it\/wp-content\/uploads\/2025\/01\/Sur-les-traces-de-nos-peurs.jpg","datePublished":"2025-01-30T14:26:08+00:00","dateModified":"2026-01-16T18:00:57+00:00","breadcrumb":{"@id":"https:\/\/lechappeeclose.it\/boutique\/livres\/arts\/essais\/sur-les-traces-de-nos-peurs\/#breadcrumb"},"inLanguage":"it-IT","potentialAction":[{"@type":"ReadAction","target":["https:\/\/lechappeeclose.it\/boutique\/livres\/arts\/essais\/sur-les-traces-de-nos-peurs\/"]}]},{"@type":"ImageObject","inLanguage":"it-IT","@id":"https:\/\/lechappeeclose.it\/boutique\/livres\/arts\/essais\/sur-les-traces-de-nos-peurs\/#primaryimage","url":"http:\/\/lechappeeclose.it\/wp-content\/uploads\/2025\/01\/Sur-les-traces-de-nos-peurs.jpg","contentUrl":"http:\/\/lechappeeclose.it\/wp-content\/uploads\/2025\/01\/Sur-les-traces-de-nos-peurs.jpg","width":1681,"height":2560},{"@type":"BreadcrumbList","@id":"https:\/\/lechappeeclose.it\/boutique\/livres\/arts\/essais\/sur-les-traces-de-nos-peurs\/#breadcrumb","itemListElement":[{"@type":"ListItem","position":1,"name":"Accueil","item":"https:\/\/lechappeeclose.it\/it\/"},{"@type":"ListItem","position":2,"name":"Boutique","item":"https:\/\/lechappeeclose.it\/it\/boutique\/"},{"@type":"ListItem","position":3,"name":"Sur les traces de nos peurs"}]},{"@type":"WebSite","@id":"https:\/\/lechappeeclose.it\/it\/#website","url":"https:\/\/lechappeeclose.it\/it\/","name":"l&#039;\u00e9chapp\u00e9e close","description":"La libreria francese di Milano","publisher":{"@id":"https:\/\/lechappeeclose.it\/it\/#organization"},"alternateName":"La librairie fran\u00e7aise de Milan","potentialAction":[{"@type":"SearchAction","target":{"@type":"EntryPoint","urlTemplate":"https:\/\/lechappeeclose.it\/it\/?s={search_term_string}"},"query-input":{"@type":"PropertyValueSpecification","valueRequired":true,"valueName":"search_term_string"}}],"inLanguage":"it-IT"},{"@type":"Organization","@id":"https:\/\/lechappeeclose.it\/it\/#organization","name":"l&#039;\u00e9chapp\u00e9e close","url":"https:\/\/lechappeeclose.it\/it\/","logo":{"@type":"ImageObject","inLanguage":"it-IT","@id":"https:\/\/lechappeeclose.it\/it\/#\/schema\/logo\/image\/","url":"http:\/\/lechappeeclose.it\/wp-content\/uploads\/2025\/02\/cropped-logo-rond.png","contentUrl":"http:\/\/lechappeeclose.it\/wp-content\/uploads\/2025\/02\/cropped-logo-rond.png","width":1080,"height":1080,"caption":"l&#039;\u00e9chapp\u00e9e close"},"image":{"@id":"https:\/\/lechappeeclose.it\/it\/#\/schema\/logo\/image\/"},"sameAs":["https:\/\/www.instagram.com\/lechappeeclose\/"]}]}},"_links":{"self":[{"href":"http:\/\/lechappeeclose.it\/it\/wp-json\/wp\/v2\/product\/3447","targetHints":{"allow":["GET"]}}],"collection":[{"href":"http:\/\/lechappeeclose.it\/it\/wp-json\/wp\/v2\/product"}],"about":[{"href":"http:\/\/lechappeeclose.it\/it\/wp-json\/wp\/v2\/types\/product"}],"replies":[{"embeddable":true,"href":"http:\/\/lechappeeclose.it\/it\/wp-json\/wp\/v2\/comments?post=3447"}],"wp:featuredmedia":[{"embeddable":true,"href":"http:\/\/lechappeeclose.it\/it\/wp-json\/wp\/v2\/media\/3446"}],"wp:attachment":[{"href":"http:\/\/lechappeeclose.it\/it\/wp-json\/wp\/v2\/media?parent=3447"}],"wp:term":[{"taxonomy":"product_brand","embeddable":true,"href":"http:\/\/lechappeeclose.it\/it\/wp-json\/wp\/v2\/product_brand?post=3447"},{"taxonomy":"product_cat","embeddable":true,"href":"http:\/\/lechappeeclose.it\/it\/wp-json\/wp\/v2\/product_cat?post=3447"},{"taxonomy":"product_tag","embeddable":true,"href":"http:\/\/lechappeeclose.it\/it\/wp-json\/wp\/v2\/product_tag?post=3447"}],"curies":[{"name":"wp","href":"https:\/\/api.w.org\/{rel}","templated":true}]}}