{"id":3434,"date":"2025-01-30T15:16:32","date_gmt":"2025-01-30T14:16:32","guid":{"rendered":"https:\/\/lechappeeclose.it\/produit\/introduction-a-lhistoire-de-lart-francais\/"},"modified":"2025-01-30T15:16:32","modified_gmt":"2025-01-30T14:16:32","slug":"introduction-a-lhistoire-de-lart-francais","status":"publish","type":"product","link":"http:\/\/lechappeeclose.it\/it\/boutique\/livres\/arts\/essais\/introduction-a-lhistoire-de-lart-francais\/","title":{"rendered":"Introduction \u00e0 l&#8217;histoire de l&#8217;art fran\u00e7ais"},"content":{"rendered":"<p>&#8220;La France filtre. Elle re\u00e7oit et elle tamise. De tous les c\u00f4t\u00e9s, elle est p\u00e9n\u00e9trable. Ses ouvriers, s\u00fbrs d&#8217;eux-m\u00eames, se servent \u00e0 droite et \u00e0 gauche, comme si tout leur appartenait de droit. En art, il n&#8217;y a jamais lieu d&#8217;\u00e9tablir des factures et de s&#8217;inqui\u00e9ter de ses dus. On va de l&#8217;avant, outil en main. Cette d\u00e9marche est constante dans le pays composite et riche de contraires qu&#8217;est la France. Si on la n\u00e9glige, si on cherche une d\u00e9finition de l&#8217;art fran\u00e7ais en dehors de ces mouvements d&#8217;acquisitions et de filtrage, on n&#8217;arrive qu&#8217;\u00e0 une notion pauvre et plut\u00f4t d\u00e9cevante, qui s&#8217;\u00e9puise vite dans la c\u00e9l\u00e9bration de la finesse et de la clart\u00e9.&#8221;Si le temps a manqu\u00e9 \u00e0 Andr\u00e9 Chastel pour achever son introduction \u00e0 l&#8217;Art fran\u00e7ais, son manuscrit, qui nous est parvenu sous la forme de fragments et de notes, constitue une contribution irrempla\u00e7able \u00e0 notre connaissance de l&#8217;art fran\u00e7ais et, en d\u00e9pit de son inach\u00e8vement, un des ouvrages les plus accomplis et peut \u00eatre les plus novateurs du grand historien.<\/p>","protected":false},"excerpt":{"rendered":"<p>&#8220;La France filtre. Elle re\u00e7oit et elle tamise. De tous les c\u00f4t\u00e9s, elle est p\u00e9n\u00e9trable. Ses ouvriers, s\u00fbrs d&#8217;eux-m\u00eames, se servent \u00e0 droite et \u00e0 gauche, comme si tout leur appartenait de droit. En art, il n&#8217;y a jamais lieu d&#8217;\u00e9tablir des factures et de s&#8217;inqui\u00e9ter de ses dus. On va de l&#8217;avant, outil en [&hellip;]<\/p>","protected":false},"featured_media":3433,"comment_status":"open","ping_status":"closed","template":"","meta":[],"product_brand":[],"product_cat":[208],"product_tag":[],"class_list":{"0":"post-3434","1":"product","2":"type-product","3":"status-publish","4":"has-post-thumbnail","6":"product_cat-essais","8":"first","9":"instock","10":"taxable","11":"shipping-taxable","12":"purchasable","13":"product-type-simple"},"yoast_head":"<!-- This site is optimized with the Yoast SEO plugin v27.4 - https:\/\/yoast.com\/product\/yoast-seo-wordpress\/ -->\n<title>Introduction \u00e0 l&#039;histoire de l&#039;art fran\u00e7ais - l&#039;\u00e9chapp\u00e9e close<\/title>\n<meta name=\"robots\" content=\"index, follow, max-snippet:-1, max-image-preview:large, max-video-preview:-1\" \/>\n<link rel=\"canonical\" href=\"http:\/\/lechappeeclose.it\/it\/boutique\/livres\/arts\/essais\/introduction-a-lhistoire-de-lart-francais\/\" \/>\n<meta property=\"og:locale\" content=\"it_IT\" \/>\n<meta property=\"og:type\" content=\"article\" \/>\n<meta property=\"og:title\" content=\"Introduction \u00e0 l&#039;histoire de l&#039;art fran\u00e7ais - l&#039;\u00e9chapp\u00e9e close\" \/>\n<meta property=\"og:description\" content=\"&#8220;La France filtre. Elle re\u00e7oit et elle tamise. De tous les c\u00f4t\u00e9s, elle est p\u00e9n\u00e9trable. Ses ouvriers, s\u00fbrs d&#8217;eux-m\u00eames, se servent \u00e0 droite et \u00e0 gauche, comme si tout leur appartenait de droit. En art, il n&#8217;y a jamais lieu d&#8217;\u00e9tablir des factures et de s&#8217;inqui\u00e9ter de ses dus. On va de l&#8217;avant, outil en [&hellip;]\" \/>\n<meta property=\"og:url\" content=\"http:\/\/lechappeeclose.it\/it\/boutique\/livres\/arts\/essais\/introduction-a-lhistoire-de-lart-francais\/\" \/>\n<meta property=\"og:site_name\" content=\"l&#039;\u00e9chapp\u00e9e close\" \/>\n<meta property=\"og:image\" content=\"http:\/\/lechappeeclose.it\/wp-content\/uploads\/2025\/01\/Introduction-a-lhistoire-de-lart-francais.jpg\" \/>\n\t<meta property=\"og:image:width\" content=\"304\" \/>\n\t<meta property=\"og:image:height\" content=\"500\" \/>\n\t<meta property=\"og:image:type\" content=\"image\/jpeg\" \/>\n<meta name=\"twitter:card\" content=\"summary_large_image\" \/>\n<meta name=\"twitter:label1\" content=\"Tempo di lettura stimato\" \/>\n\t<meta name=\"twitter:data1\" content=\"1 minuto\" \/>\n<script type=\"application\/ld+json\" class=\"yoast-schema-graph\">{\"@context\":\"https:\\\/\\\/schema.org\",\"@graph\":[{\"@type\":\"WebPage\",\"@id\":\"http:\\\/\\\/lechappeeclose.it\\\/boutique\\\/livres\\\/arts\\\/essais\\\/introduction-a-lhistoire-de-lart-francais\\\/\",\"url\":\"http:\\\/\\\/lechappeeclose.it\\\/boutique\\\/livres\\\/arts\\\/essais\\\/introduction-a-lhistoire-de-lart-francais\\\/\",\"name\":\"Introduction \u00e0 l'histoire de l'art fran\u00e7ais - l&#039;\u00e9chapp\u00e9e close\",\"isPartOf\":{\"@id\":\"http:\\\/\\\/lechappeeclose.it\\\/#website\"},\"primaryImageOfPage\":{\"@id\":\"http:\\\/\\\/lechappeeclose.it\\\/boutique\\\/livres\\\/arts\\\/essais\\\/introduction-a-lhistoire-de-lart-francais\\\/#primaryimage\"},\"image\":{\"@id\":\"http:\\\/\\\/lechappeeclose.it\\\/boutique\\\/livres\\\/arts\\\/essais\\\/introduction-a-lhistoire-de-lart-francais\\\/#primaryimage\"},\"thumbnailUrl\":\"http:\\\/\\\/lechappeeclose.it\\\/wp-content\\\/uploads\\\/2025\\\/01\\\/Introduction-a-lhistoire-de-lart-francais.jpg\",\"datePublished\":\"2025-01-30T14:16:32+00:00\",\"breadcrumb\":{\"@id\":\"http:\\\/\\\/lechappeeclose.it\\\/boutique\\\/livres\\\/arts\\\/essais\\\/introduction-a-lhistoire-de-lart-francais\\\/#breadcrumb\"},\"inLanguage\":\"it-IT\",\"potentialAction\":[{\"@type\":\"ReadAction\",\"target\":[\"http:\\\/\\\/lechappeeclose.it\\\/boutique\\\/livres\\\/arts\\\/essais\\\/introduction-a-lhistoire-de-lart-francais\\\/\"]}]},{\"@type\":\"ImageObject\",\"inLanguage\":\"it-IT\",\"@id\":\"http:\\\/\\\/lechappeeclose.it\\\/boutique\\\/livres\\\/arts\\\/essais\\\/introduction-a-lhistoire-de-lart-francais\\\/#primaryimage\",\"url\":\"http:\\\/\\\/lechappeeclose.it\\\/wp-content\\\/uploads\\\/2025\\\/01\\\/Introduction-a-lhistoire-de-lart-francais.jpg\",\"contentUrl\":\"http:\\\/\\\/lechappeeclose.it\\\/wp-content\\\/uploads\\\/2025\\\/01\\\/Introduction-a-lhistoire-de-lart-francais.jpg\",\"width\":304,\"height\":500},{\"@type\":\"BreadcrumbList\",\"@id\":\"http:\\\/\\\/lechappeeclose.it\\\/boutique\\\/livres\\\/arts\\\/essais\\\/introduction-a-lhistoire-de-lart-francais\\\/#breadcrumb\",\"itemListElement\":[{\"@type\":\"ListItem\",\"position\":1,\"name\":\"Accueil\",\"item\":\"http:\\\/\\\/lechappeeclose.it\\\/\"},{\"@type\":\"ListItem\",\"position\":2,\"name\":\"Boutique\",\"item\":\"http:\\\/\\\/lechappeeclose.it\\\/it\\\/boutique\\\/\"},{\"@type\":\"ListItem\",\"position\":3,\"name\":\"Introduction \u00e0 l&#8217;histoire de l&#8217;art fran\u00e7ais\"}]},{\"@type\":\"WebSite\",\"@id\":\"http:\\\/\\\/lechappeeclose.it\\\/#website\",\"url\":\"http:\\\/\\\/lechappeeclose.it\\\/\",\"name\":\"l&#039;\u00e9chapp\u00e9e close\",\"description\":\"la librairie fran\u00e7aise de Milan\",\"publisher\":{\"@id\":\"http:\\\/\\\/lechappeeclose.it\\\/#organization\"},\"alternateName\":\"La librairie fran\u00e7aise de Milan\",\"potentialAction\":[{\"@type\":\"SearchAction\",\"target\":{\"@type\":\"EntryPoint\",\"urlTemplate\":\"http:\\\/\\\/lechappeeclose.it\\\/?s={search_term_string}\"},\"query-input\":{\"@type\":\"PropertyValueSpecification\",\"valueRequired\":true,\"valueName\":\"search_term_string\"}}],\"inLanguage\":\"it-IT\"},{\"@type\":\"Organization\",\"@id\":\"http:\\\/\\\/lechappeeclose.it\\\/#organization\",\"name\":\"l&#039;\u00e9chapp\u00e9e close\",\"url\":\"http:\\\/\\\/lechappeeclose.it\\\/\",\"logo\":{\"@type\":\"ImageObject\",\"inLanguage\":\"it-IT\",\"@id\":\"http:\\\/\\\/lechappeeclose.it\\\/#\\\/schema\\\/logo\\\/image\\\/\",\"url\":\"http:\\\/\\\/lechappeeclose.it\\\/wp-content\\\/uploads\\\/2025\\\/02\\\/cropped-logo-rond.png\",\"contentUrl\":\"http:\\\/\\\/lechappeeclose.it\\\/wp-content\\\/uploads\\\/2025\\\/02\\\/cropped-logo-rond.png\",\"width\":1080,\"height\":1080,\"caption\":\"l&#039;\u00e9chapp\u00e9e close\"},\"image\":{\"@id\":\"http:\\\/\\\/lechappeeclose.it\\\/#\\\/schema\\\/logo\\\/image\\\/\"},\"sameAs\":[\"https:\\\/\\\/www.instagram.com\\\/lechappeeclose\\\/\"]}]}<\/script>\n<!-- \/ Yoast SEO plugin. -->","yoast_head_json":{"title":"Introduction \u00e0 l'histoire de l'art fran\u00e7ais - l&#039;\u00e9chapp\u00e9e close","robots":{"index":"index","follow":"follow","max-snippet":"max-snippet:-1","max-image-preview":"max-image-preview:large","max-video-preview":"max-video-preview:-1"},"canonical":"http:\/\/lechappeeclose.it\/it\/boutique\/livres\/arts\/essais\/introduction-a-lhistoire-de-lart-francais\/","og_locale":"it_IT","og_type":"article","og_title":"Introduction \u00e0 l'histoire de l'art fran\u00e7ais - l&#039;\u00e9chapp\u00e9e close","og_description":"&#8220;La France filtre. Elle re\u00e7oit et elle tamise. De tous les c\u00f4t\u00e9s, elle est p\u00e9n\u00e9trable. Ses ouvriers, s\u00fbrs d&#8217;eux-m\u00eames, se servent \u00e0 droite et \u00e0 gauche, comme si tout leur appartenait de droit. En art, il n&#8217;y a jamais lieu d&#8217;\u00e9tablir des factures et de s&#8217;inqui\u00e9ter de ses dus. On va de l&#8217;avant, outil en [&hellip;]","og_url":"http:\/\/lechappeeclose.it\/it\/boutique\/livres\/arts\/essais\/introduction-a-lhistoire-de-lart-francais\/","og_site_name":"l&#039;\u00e9chapp\u00e9e close","og_image":[{"width":304,"height":500,"url":"http:\/\/lechappeeclose.it\/wp-content\/uploads\/2025\/01\/Introduction-a-lhistoire-de-lart-francais.jpg","type":"image\/jpeg"}],"twitter_card":"summary_large_image","twitter_misc":{"Tempo di lettura stimato":"1 minuto"},"schema":{"@context":"https:\/\/schema.org","@graph":[{"@type":"WebPage","@id":"http:\/\/lechappeeclose.it\/boutique\/livres\/arts\/essais\/introduction-a-lhistoire-de-lart-francais\/","url":"http:\/\/lechappeeclose.it\/boutique\/livres\/arts\/essais\/introduction-a-lhistoire-de-lart-francais\/","name":"Introduction \u00e0 l'histoire de l'art fran\u00e7ais - l&#039;\u00e9chapp\u00e9e close","isPartOf":{"@id":"http:\/\/lechappeeclose.it\/#website"},"primaryImageOfPage":{"@id":"http:\/\/lechappeeclose.it\/boutique\/livres\/arts\/essais\/introduction-a-lhistoire-de-lart-francais\/#primaryimage"},"image":{"@id":"http:\/\/lechappeeclose.it\/boutique\/livres\/arts\/essais\/introduction-a-lhistoire-de-lart-francais\/#primaryimage"},"thumbnailUrl":"http:\/\/lechappeeclose.it\/wp-content\/uploads\/2025\/01\/Introduction-a-lhistoire-de-lart-francais.jpg","datePublished":"2025-01-30T14:16:32+00:00","breadcrumb":{"@id":"http:\/\/lechappeeclose.it\/boutique\/livres\/arts\/essais\/introduction-a-lhistoire-de-lart-francais\/#breadcrumb"},"inLanguage":"it-IT","potentialAction":[{"@type":"ReadAction","target":["http:\/\/lechappeeclose.it\/boutique\/livres\/arts\/essais\/introduction-a-lhistoire-de-lart-francais\/"]}]},{"@type":"ImageObject","inLanguage":"it-IT","@id":"http:\/\/lechappeeclose.it\/boutique\/livres\/arts\/essais\/introduction-a-lhistoire-de-lart-francais\/#primaryimage","url":"http:\/\/lechappeeclose.it\/wp-content\/uploads\/2025\/01\/Introduction-a-lhistoire-de-lart-francais.jpg","contentUrl":"http:\/\/lechappeeclose.it\/wp-content\/uploads\/2025\/01\/Introduction-a-lhistoire-de-lart-francais.jpg","width":304,"height":500},{"@type":"BreadcrumbList","@id":"http:\/\/lechappeeclose.it\/boutique\/livres\/arts\/essais\/introduction-a-lhistoire-de-lart-francais\/#breadcrumb","itemListElement":[{"@type":"ListItem","position":1,"name":"Accueil","item":"http:\/\/lechappeeclose.it\/"},{"@type":"ListItem","position":2,"name":"Boutique","item":"http:\/\/lechappeeclose.it\/it\/boutique\/"},{"@type":"ListItem","position":3,"name":"Introduction \u00e0 l&#8217;histoire de l&#8217;art fran\u00e7ais"}]},{"@type":"WebSite","@id":"http:\/\/lechappeeclose.it\/#website","url":"http:\/\/lechappeeclose.it\/","name":"l&#039;\u00e9chapp\u00e9e close","description":"La libreria francese di Milano","publisher":{"@id":"http:\/\/lechappeeclose.it\/#organization"},"alternateName":"La librairie fran\u00e7aise de Milan","potentialAction":[{"@type":"SearchAction","target":{"@type":"EntryPoint","urlTemplate":"http:\/\/lechappeeclose.it\/?s={search_term_string}"},"query-input":{"@type":"PropertyValueSpecification","valueRequired":true,"valueName":"search_term_string"}}],"inLanguage":"it-IT"},{"@type":"Organization","@id":"http:\/\/lechappeeclose.it\/#organization","name":"l&#039;\u00e9chapp\u00e9e close","url":"http:\/\/lechappeeclose.it\/","logo":{"@type":"ImageObject","inLanguage":"it-IT","@id":"http:\/\/lechappeeclose.it\/#\/schema\/logo\/image\/","url":"http:\/\/lechappeeclose.it\/wp-content\/uploads\/2025\/02\/cropped-logo-rond.png","contentUrl":"http:\/\/lechappeeclose.it\/wp-content\/uploads\/2025\/02\/cropped-logo-rond.png","width":1080,"height":1080,"caption":"l&#039;\u00e9chapp\u00e9e close"},"image":{"@id":"http:\/\/lechappeeclose.it\/#\/schema\/logo\/image\/"},"sameAs":["https:\/\/www.instagram.com\/lechappeeclose\/"]}]}},"_links":{"self":[{"href":"http:\/\/lechappeeclose.it\/it\/wp-json\/wp\/v2\/product\/3434","targetHints":{"allow":["GET"]}}],"collection":[{"href":"http:\/\/lechappeeclose.it\/it\/wp-json\/wp\/v2\/product"}],"about":[{"href":"http:\/\/lechappeeclose.it\/it\/wp-json\/wp\/v2\/types\/product"}],"replies":[{"embeddable":true,"href":"http:\/\/lechappeeclose.it\/it\/wp-json\/wp\/v2\/comments?post=3434"}],"wp:featuredmedia":[{"embeddable":true,"href":"http:\/\/lechappeeclose.it\/it\/wp-json\/wp\/v2\/media\/3433"}],"wp:attachment":[{"href":"http:\/\/lechappeeclose.it\/it\/wp-json\/wp\/v2\/media?parent=3434"}],"wp:term":[{"taxonomy":"product_brand","embeddable":true,"href":"http:\/\/lechappeeclose.it\/it\/wp-json\/wp\/v2\/product_brand?post=3434"},{"taxonomy":"product_cat","embeddable":true,"href":"http:\/\/lechappeeclose.it\/it\/wp-json\/wp\/v2\/product_cat?post=3434"},{"taxonomy":"product_tag","embeddable":true,"href":"http:\/\/lechappeeclose.it\/it\/wp-json\/wp\/v2\/product_tag?post=3434"}],"curies":[{"name":"wp","href":"https:\/\/api.w.org\/{rel}","templated":true}]}}