{"id":3418,"date":"2025-01-30T15:12:56","date_gmt":"2025-01-30T14:12:56","guid":{"rendered":"https:\/\/lechappeeclose.it\/produit\/la-lecon-de-tenebres\/"},"modified":"2025-01-30T15:12:56","modified_gmt":"2025-01-30T14:12:56","slug":"la-lecon-de-tenebres","status":"publish","type":"product","link":"http:\/\/lechappeeclose.it\/it\/boutique\/livres\/arts\/essais\/la-lecon-de-tenebres\/","title":{"rendered":"La le\u00e7on de t\u00e9n\u00e8bres"},"content":{"rendered":"<p>Le\u00e7on de T\u00e9n\u00e8bres : \u00ab Genre musical fran\u00e7ais du XVIIe qui accompagne les offices des t\u00e9n\u00e8bres pour voix et basse continue. Se jouait donc la nuit \u00e0 l&#8217;\u00c9glise, les jeudi, vendredi et samedi saints. \u00bbLe Mus\u00e9e Greco \u00e0 Tol\u00e8de n\u2019est certes pas une \u00c9glise, et L\u00e9onor de Recondo, quoique violoniste, n\u2019y va pas pour jouer, dans cette nuit affolante de chaleur, de d\u00e9sir rentr\u00e9, de beaut\u00e9 fulgurante, mais pour rencontrer, enfin, le peintre qu\u2019elle admire, Dominikos Theotokopoulos, dit le Greco, l\u2019un des artistes les plus originaux du XVIe si\u00e8cle, le fondateur de l\u2019\u00e9cole Espagnole.Oui, L\u00e9onor doit le rencontrer et passer une nuit enti\u00e8re avec lui, dans ce mus\u00e9e surchauff\u00e9 et ombreux, qui fut sa maison. Le Greco doit quitter sa Candie, natale, en Cr\u00e8te et traverser Venise, Rome et Madrid, o\u00f9 il fut de ces peintres-errants, au service de l\u2019\u00c9glise et des puissants du temps. Mais Le Greco est mort en 1614 \u00e0 Tol\u00e8de. Viendra-t-il au rendez-vous ?<\/p>","protected":false},"excerpt":{"rendered":"<p>Le\u00e7on de T\u00e9n\u00e8bres : \u00ab Genre musical fran\u00e7ais du XVIIe qui accompagne les offices des t\u00e9n\u00e8bres pour voix et basse continue. Se jouait donc la nuit \u00e0 l&#8217;\u00c9glise, les jeudi, vendredi et samedi saints. \u00bbLe Mus\u00e9e Greco \u00e0 Tol\u00e8de n\u2019est certes pas une \u00c9glise, et L\u00e9onor de Recondo, quoique violoniste, n\u2019y va pas pour jouer, [&hellip;]<\/p>","protected":false},"featured_media":3417,"comment_status":"open","ping_status":"closed","template":"","meta":[],"product_brand":[],"product_cat":[208],"product_tag":[],"class_list":{"0":"post-3418","1":"product","2":"type-product","3":"status-publish","4":"has-post-thumbnail","6":"product_cat-essais","8":"first","9":"instock","10":"taxable","11":"shipping-taxable","12":"purchasable","13":"product-type-simple"},"yoast_head":"<!-- This site is optimized with the Yoast SEO plugin v27.5 - https:\/\/yoast.com\/product\/yoast-seo-wordpress\/ -->\n<title>La le\u00e7on de t\u00e9n\u00e8bres - l&#039;\u00e9chapp\u00e9e close<\/title>\n<meta name=\"robots\" content=\"index, follow, max-snippet:-1, max-image-preview:large, max-video-preview:-1\" \/>\n<link rel=\"canonical\" href=\"http:\/\/lechappeeclose.it\/it\/boutique\/livres\/arts\/essais\/la-lecon-de-tenebres\/\" \/>\n<meta property=\"og:locale\" content=\"it_IT\" \/>\n<meta property=\"og:type\" content=\"article\" \/>\n<meta property=\"og:title\" content=\"La le\u00e7on de t\u00e9n\u00e8bres - l&#039;\u00e9chapp\u00e9e close\" \/>\n<meta property=\"og:description\" content=\"Le\u00e7on de T\u00e9n\u00e8bres : \u00ab Genre musical fran\u00e7ais du XVIIe qui accompagne les offices des t\u00e9n\u00e8bres pour voix et basse continue. Se jouait donc la nuit \u00e0 l&#8217;\u00c9glise, les jeudi, vendredi et samedi saints. \u00bbLe Mus\u00e9e Greco \u00e0 Tol\u00e8de n\u2019est certes pas une \u00c9glise, et L\u00e9onor de Recondo, quoique violoniste, n\u2019y va pas pour jouer, [&hellip;]\" \/>\n<meta property=\"og:url\" content=\"http:\/\/lechappeeclose.it\/it\/boutique\/livres\/arts\/essais\/la-lecon-de-tenebres\/\" \/>\n<meta property=\"og:site_name\" content=\"l&#039;\u00e9chapp\u00e9e close\" \/>\n<meta property=\"og:image\" content=\"http:\/\/lechappeeclose.it\/wp-content\/uploads\/2025\/01\/La-lecon-de-tenebres.jpg\" \/>\n\t<meta property=\"og:image:width\" content=\"623\" \/>\n\t<meta property=\"og:image:height\" content=\"945\" \/>\n\t<meta property=\"og:image:type\" content=\"image\/jpeg\" \/>\n<meta name=\"twitter:card\" content=\"summary_large_image\" \/>\n<meta name=\"twitter:label1\" content=\"Tempo di lettura stimato\" \/>\n\t<meta name=\"twitter:data1\" content=\"1 minuto\" \/>\n<script type=\"application\/ld+json\" class=\"yoast-schema-graph\">{\"@context\":\"https:\\\/\\\/schema.org\",\"@graph\":[{\"@type\":\"WebPage\",\"@id\":\"http:\\\/\\\/lechappeeclose.it\\\/boutique\\\/livres\\\/arts\\\/essais\\\/la-lecon-de-tenebres\\\/\",\"url\":\"http:\\\/\\\/lechappeeclose.it\\\/boutique\\\/livres\\\/arts\\\/essais\\\/la-lecon-de-tenebres\\\/\",\"name\":\"La le\u00e7on de t\u00e9n\u00e8bres - l&#039;\u00e9chapp\u00e9e close\",\"isPartOf\":{\"@id\":\"http:\\\/\\\/lechappeeclose.it\\\/it\\\/#website\"},\"primaryImageOfPage\":{\"@id\":\"http:\\\/\\\/lechappeeclose.it\\\/boutique\\\/livres\\\/arts\\\/essais\\\/la-lecon-de-tenebres\\\/#primaryimage\"},\"image\":{\"@id\":\"http:\\\/\\\/lechappeeclose.it\\\/boutique\\\/livres\\\/arts\\\/essais\\\/la-lecon-de-tenebres\\\/#primaryimage\"},\"thumbnailUrl\":\"http:\\\/\\\/lechappeeclose.it\\\/wp-content\\\/uploads\\\/2025\\\/01\\\/La-lecon-de-tenebres.jpg\",\"datePublished\":\"2025-01-30T14:12:56+00:00\",\"breadcrumb\":{\"@id\":\"http:\\\/\\\/lechappeeclose.it\\\/boutique\\\/livres\\\/arts\\\/essais\\\/la-lecon-de-tenebres\\\/#breadcrumb\"},\"inLanguage\":\"it-IT\",\"potentialAction\":[{\"@type\":\"ReadAction\",\"target\":[\"http:\\\/\\\/lechappeeclose.it\\\/boutique\\\/livres\\\/arts\\\/essais\\\/la-lecon-de-tenebres\\\/\"]}]},{\"@type\":\"ImageObject\",\"inLanguage\":\"it-IT\",\"@id\":\"http:\\\/\\\/lechappeeclose.it\\\/boutique\\\/livres\\\/arts\\\/essais\\\/la-lecon-de-tenebres\\\/#primaryimage\",\"url\":\"http:\\\/\\\/lechappeeclose.it\\\/wp-content\\\/uploads\\\/2025\\\/01\\\/La-lecon-de-tenebres.jpg\",\"contentUrl\":\"http:\\\/\\\/lechappeeclose.it\\\/wp-content\\\/uploads\\\/2025\\\/01\\\/La-lecon-de-tenebres.jpg\",\"width\":623,\"height\":945},{\"@type\":\"BreadcrumbList\",\"@id\":\"http:\\\/\\\/lechappeeclose.it\\\/boutique\\\/livres\\\/arts\\\/essais\\\/la-lecon-de-tenebres\\\/#breadcrumb\",\"itemListElement\":[{\"@type\":\"ListItem\",\"position\":1,\"name\":\"Accueil\",\"item\":\"http:\\\/\\\/lechappeeclose.it\\\/it\\\/\"},{\"@type\":\"ListItem\",\"position\":2,\"name\":\"Boutique\",\"item\":\"http:\\\/\\\/lechappeeclose.it\\\/it\\\/boutique\\\/\"},{\"@type\":\"ListItem\",\"position\":3,\"name\":\"La le\u00e7on de t\u00e9n\u00e8bres\"}]},{\"@type\":\"WebSite\",\"@id\":\"http:\\\/\\\/lechappeeclose.it\\\/it\\\/#website\",\"url\":\"http:\\\/\\\/lechappeeclose.it\\\/it\\\/\",\"name\":\"l&#039;\u00e9chapp\u00e9e close\",\"description\":\"la librairie fran\u00e7aise de Milan\",\"publisher\":{\"@id\":\"http:\\\/\\\/lechappeeclose.it\\\/it\\\/#organization\"},\"alternateName\":\"La librairie fran\u00e7aise de Milan\",\"potentialAction\":[{\"@type\":\"SearchAction\",\"target\":{\"@type\":\"EntryPoint\",\"urlTemplate\":\"http:\\\/\\\/lechappeeclose.it\\\/it\\\/?s={search_term_string}\"},\"query-input\":{\"@type\":\"PropertyValueSpecification\",\"valueRequired\":true,\"valueName\":\"search_term_string\"}}],\"inLanguage\":\"it-IT\"},{\"@type\":\"Organization\",\"@id\":\"http:\\\/\\\/lechappeeclose.it\\\/it\\\/#organization\",\"name\":\"l&#039;\u00e9chapp\u00e9e close\",\"url\":\"http:\\\/\\\/lechappeeclose.it\\\/it\\\/\",\"logo\":{\"@type\":\"ImageObject\",\"inLanguage\":\"it-IT\",\"@id\":\"http:\\\/\\\/lechappeeclose.it\\\/it\\\/#\\\/schema\\\/logo\\\/image\\\/\",\"url\":\"http:\\\/\\\/lechappeeclose.it\\\/wp-content\\\/uploads\\\/2025\\\/02\\\/cropped-logo-rond.png\",\"contentUrl\":\"http:\\\/\\\/lechappeeclose.it\\\/wp-content\\\/uploads\\\/2025\\\/02\\\/cropped-logo-rond.png\",\"width\":1080,\"height\":1080,\"caption\":\"l&#039;\u00e9chapp\u00e9e close\"},\"image\":{\"@id\":\"http:\\\/\\\/lechappeeclose.it\\\/it\\\/#\\\/schema\\\/logo\\\/image\\\/\"},\"sameAs\":[\"https:\\\/\\\/www.instagram.com\\\/lechappeeclose\\\/\"]}]}<\/script>\n<!-- \/ Yoast SEO plugin. -->","yoast_head_json":{"title":"La le\u00e7on de t\u00e9n\u00e8bres - l&#039;\u00e9chapp\u00e9e close","robots":{"index":"index","follow":"follow","max-snippet":"max-snippet:-1","max-image-preview":"max-image-preview:large","max-video-preview":"max-video-preview:-1"},"canonical":"http:\/\/lechappeeclose.it\/it\/boutique\/livres\/arts\/essais\/la-lecon-de-tenebres\/","og_locale":"it_IT","og_type":"article","og_title":"La le\u00e7on de t\u00e9n\u00e8bres - l&#039;\u00e9chapp\u00e9e close","og_description":"Le\u00e7on de T\u00e9n\u00e8bres : \u00ab Genre musical fran\u00e7ais du XVIIe qui accompagne les offices des t\u00e9n\u00e8bres pour voix et basse continue. Se jouait donc la nuit \u00e0 l&#8217;\u00c9glise, les jeudi, vendredi et samedi saints. \u00bbLe Mus\u00e9e Greco \u00e0 Tol\u00e8de n\u2019est certes pas une \u00c9glise, et L\u00e9onor de Recondo, quoique violoniste, n\u2019y va pas pour jouer, [&hellip;]","og_url":"http:\/\/lechappeeclose.it\/it\/boutique\/livres\/arts\/essais\/la-lecon-de-tenebres\/","og_site_name":"l&#039;\u00e9chapp\u00e9e close","og_image":[{"width":623,"height":945,"url":"http:\/\/lechappeeclose.it\/wp-content\/uploads\/2025\/01\/La-lecon-de-tenebres.jpg","type":"image\/jpeg"}],"twitter_card":"summary_large_image","twitter_misc":{"Tempo di lettura stimato":"1 minuto"},"schema":{"@context":"https:\/\/schema.org","@graph":[{"@type":"WebPage","@id":"http:\/\/lechappeeclose.it\/boutique\/livres\/arts\/essais\/la-lecon-de-tenebres\/","url":"http:\/\/lechappeeclose.it\/boutique\/livres\/arts\/essais\/la-lecon-de-tenebres\/","name":"La le\u00e7on de t\u00e9n\u00e8bres - l&#039;\u00e9chapp\u00e9e close","isPartOf":{"@id":"http:\/\/lechappeeclose.it\/it\/#website"},"primaryImageOfPage":{"@id":"http:\/\/lechappeeclose.it\/boutique\/livres\/arts\/essais\/la-lecon-de-tenebres\/#primaryimage"},"image":{"@id":"http:\/\/lechappeeclose.it\/boutique\/livres\/arts\/essais\/la-lecon-de-tenebres\/#primaryimage"},"thumbnailUrl":"http:\/\/lechappeeclose.it\/wp-content\/uploads\/2025\/01\/La-lecon-de-tenebres.jpg","datePublished":"2025-01-30T14:12:56+00:00","breadcrumb":{"@id":"http:\/\/lechappeeclose.it\/boutique\/livres\/arts\/essais\/la-lecon-de-tenebres\/#breadcrumb"},"inLanguage":"it-IT","potentialAction":[{"@type":"ReadAction","target":["http:\/\/lechappeeclose.it\/boutique\/livres\/arts\/essais\/la-lecon-de-tenebres\/"]}]},{"@type":"ImageObject","inLanguage":"it-IT","@id":"http:\/\/lechappeeclose.it\/boutique\/livres\/arts\/essais\/la-lecon-de-tenebres\/#primaryimage","url":"http:\/\/lechappeeclose.it\/wp-content\/uploads\/2025\/01\/La-lecon-de-tenebres.jpg","contentUrl":"http:\/\/lechappeeclose.it\/wp-content\/uploads\/2025\/01\/La-lecon-de-tenebres.jpg","width":623,"height":945},{"@type":"BreadcrumbList","@id":"http:\/\/lechappeeclose.it\/boutique\/livres\/arts\/essais\/la-lecon-de-tenebres\/#breadcrumb","itemListElement":[{"@type":"ListItem","position":1,"name":"Accueil","item":"http:\/\/lechappeeclose.it\/it\/"},{"@type":"ListItem","position":2,"name":"Boutique","item":"http:\/\/lechappeeclose.it\/it\/boutique\/"},{"@type":"ListItem","position":3,"name":"La le\u00e7on de t\u00e9n\u00e8bres"}]},{"@type":"WebSite","@id":"http:\/\/lechappeeclose.it\/it\/#website","url":"http:\/\/lechappeeclose.it\/it\/","name":"l&#039;\u00e9chapp\u00e9e close","description":"La libreria francese di Milano","publisher":{"@id":"http:\/\/lechappeeclose.it\/it\/#organization"},"alternateName":"La librairie fran\u00e7aise de Milan","potentialAction":[{"@type":"SearchAction","target":{"@type":"EntryPoint","urlTemplate":"http:\/\/lechappeeclose.it\/it\/?s={search_term_string}"},"query-input":{"@type":"PropertyValueSpecification","valueRequired":true,"valueName":"search_term_string"}}],"inLanguage":"it-IT"},{"@type":"Organization","@id":"http:\/\/lechappeeclose.it\/it\/#organization","name":"l&#039;\u00e9chapp\u00e9e close","url":"http:\/\/lechappeeclose.it\/it\/","logo":{"@type":"ImageObject","inLanguage":"it-IT","@id":"http:\/\/lechappeeclose.it\/it\/#\/schema\/logo\/image\/","url":"http:\/\/lechappeeclose.it\/wp-content\/uploads\/2025\/02\/cropped-logo-rond.png","contentUrl":"http:\/\/lechappeeclose.it\/wp-content\/uploads\/2025\/02\/cropped-logo-rond.png","width":1080,"height":1080,"caption":"l&#039;\u00e9chapp\u00e9e close"},"image":{"@id":"http:\/\/lechappeeclose.it\/it\/#\/schema\/logo\/image\/"},"sameAs":["https:\/\/www.instagram.com\/lechappeeclose\/"]}]}},"_links":{"self":[{"href":"http:\/\/lechappeeclose.it\/it\/wp-json\/wp\/v2\/product\/3418","targetHints":{"allow":["GET"]}}],"collection":[{"href":"http:\/\/lechappeeclose.it\/it\/wp-json\/wp\/v2\/product"}],"about":[{"href":"http:\/\/lechappeeclose.it\/it\/wp-json\/wp\/v2\/types\/product"}],"replies":[{"embeddable":true,"href":"http:\/\/lechappeeclose.it\/it\/wp-json\/wp\/v2\/comments?post=3418"}],"wp:featuredmedia":[{"embeddable":true,"href":"http:\/\/lechappeeclose.it\/it\/wp-json\/wp\/v2\/media\/3417"}],"wp:attachment":[{"href":"http:\/\/lechappeeclose.it\/it\/wp-json\/wp\/v2\/media?parent=3418"}],"wp:term":[{"taxonomy":"product_brand","embeddable":true,"href":"http:\/\/lechappeeclose.it\/it\/wp-json\/wp\/v2\/product_brand?post=3418"},{"taxonomy":"product_cat","embeddable":true,"href":"http:\/\/lechappeeclose.it\/it\/wp-json\/wp\/v2\/product_cat?post=3418"},{"taxonomy":"product_tag","embeddable":true,"href":"http:\/\/lechappeeclose.it\/it\/wp-json\/wp\/v2\/product_tag?post=3418"}],"curies":[{"name":"wp","href":"https:\/\/api.w.org\/{rel}","templated":true}]}}