{"id":3400,"date":"2025-01-30T15:05:16","date_gmt":"2025-01-30T14:05:16","guid":{"rendered":"https:\/\/lechappeeclose.it\/produit\/renoir-pere-et-fils\/"},"modified":"2026-01-16T17:36:39","modified_gmt":"2026-01-16T16:36:39","slug":"renoir-pere-et-fils","status":"publish","type":"product","link":"http:\/\/lechappeeclose.it\/it\/boutique\/livres\/arts\/beaux-arts\/renoir-pere-et-fils\/","title":{"rendered":"Renoir, p\u00e8re et fils"},"content":{"rendered":"<p>&#8220;Jean Renoir, deuxi\u00e8me fils du grand peintre Pierre-Auguste Renoir, fut l&#8217;un des cin\u00e9astes les plus influents du XXe si\u00e8cle et m\u00eame, selon Orson Welles, le plus grand de tous les r\u00e9alisateurs. Cette situation exceptionnelle est le point de d\u00e9part de Renoir p\u00e8re et fils \/ Peinture et cin\u00e9ma. La pr\u00e9sente exposition, la premi\u00e8re consacr\u00e9e par un mus\u00e9e \u00e0 la relation artistique complexe et fructueuse qu&#8217;ont entretenue Pierre-Auguste et Jean, se propose d&#8217;examiner, dans une perspective nouvelle et nuanc\u00e9e, la fa\u00e7on dont l&#8217;oeuvre du p\u00e8re et celle du fils ont pu s&#8217;entrecroiser. \u00c0 travers tout ce que les deux hommes ont partag\u00e9 &#8211; des mod\u00e8les et des lieux, une palette vibrante et les effets de lumi\u00e8re dans la nature -, elle se penche sur la production artistique d&#8217;un grand cin\u00e9aste et d&#8217;un grand peintre sous l&#8217;angle fascinant de la lign\u00e9e familiale. Cette approche intime et particuli\u00e8re du sujet met au premier plan les moments importants de la carri\u00e8re et de la vie de famille d&#8217;un p\u00e8re et d&#8217;un fils. Elle pose plus g\u00e9n\u00e9ralement la question du difficile dialogue entre deux modes d&#8217;expression artistique, la peinture et le cin\u00e9ma. [&#8230;]&#8221;Laurence des Cars, Thomas Collins.<\/p>","protected":false},"excerpt":{"rendered":"<p>&#8220;Jean Renoir, deuxi\u00e8me fils du grand peintre Pierre-Auguste Renoir, fut l&#8217;un des cin\u00e9astes les plus influents du XXe si\u00e8cle et m\u00eame, selon Orson Welles, le plus grand de tous les r\u00e9alisateurs. Cette situation exceptionnelle est le point de d\u00e9part de Renoir p\u00e8re et fils \/ Peinture et cin\u00e9ma. La pr\u00e9sente exposition, la premi\u00e8re consacr\u00e9e par [&hellip;]<\/p>","protected":false},"featured_media":3399,"comment_status":"open","ping_status":"closed","template":"","meta":[],"product_brand":[],"product_cat":[41],"product_tag":[],"class_list":{"0":"post-3400","1":"product","2":"type-product","3":"status-publish","4":"has-post-thumbnail","6":"product_cat-beaux-arts","8":"first","9":"instock","10":"taxable","11":"shipping-taxable","12":"purchasable","13":"product-type-simple"},"yoast_head":"<!-- This site is optimized with the Yoast SEO plugin v27.4 - https:\/\/yoast.com\/product\/yoast-seo-wordpress\/ -->\n<title>Renoir, p\u00e8re et fils - l&#039;\u00e9chapp\u00e9e close<\/title>\n<meta name=\"robots\" content=\"index, follow, max-snippet:-1, max-image-preview:large, max-video-preview:-1\" \/>\n<link rel=\"canonical\" href=\"http:\/\/lechappeeclose.it\/it\/boutique\/livres\/arts\/beaux-arts\/renoir-pere-et-fils\/\" \/>\n<meta property=\"og:locale\" content=\"it_IT\" \/>\n<meta property=\"og:type\" content=\"article\" \/>\n<meta property=\"og:title\" content=\"Renoir, p\u00e8re et fils - l&#039;\u00e9chapp\u00e9e close\" \/>\n<meta property=\"og:description\" content=\"&#8220;Jean Renoir, deuxi\u00e8me fils du grand peintre Pierre-Auguste Renoir, fut l&#8217;un des cin\u00e9astes les plus influents du XXe si\u00e8cle et m\u00eame, selon Orson Welles, le plus grand de tous les r\u00e9alisateurs. Cette situation exceptionnelle est le point de d\u00e9part de Renoir p\u00e8re et fils \/ Peinture et cin\u00e9ma. La pr\u00e9sente exposition, la premi\u00e8re consacr\u00e9e par [&hellip;]\" \/>\n<meta property=\"og:url\" content=\"http:\/\/lechappeeclose.it\/it\/boutique\/livres\/arts\/beaux-arts\/renoir-pere-et-fils\/\" \/>\n<meta property=\"og:site_name\" content=\"l&#039;\u00e9chapp\u00e9e close\" \/>\n<meta property=\"article:modified_time\" content=\"2026-01-16T16:36:39+00:00\" \/>\n<meta property=\"og:image\" content=\"http:\/\/lechappeeclose.it\/wp-content\/uploads\/2025\/01\/Renoir-pere-et-fils.jpg\" \/>\n\t<meta property=\"og:image:width\" content=\"323\" \/>\n\t<meta property=\"og:image:height\" content=\"400\" \/>\n\t<meta property=\"og:image:type\" content=\"image\/jpeg\" \/>\n<meta name=\"twitter:card\" content=\"summary_large_image\" \/>\n<meta name=\"twitter:label1\" content=\"Tempo di lettura stimato\" \/>\n\t<meta name=\"twitter:data1\" content=\"1 minuto\" \/>\n<script type=\"application\/ld+json\" class=\"yoast-schema-graph\">{\"@context\":\"https:\\\/\\\/schema.org\",\"@graph\":[{\"@type\":\"WebPage\",\"@id\":\"http:\\\/\\\/lechappeeclose.it\\\/it\\\/boutique\\\/livres\\\/arts\\\/beaux-arts\\\/renoir-pere-et-fils\\\/\",\"url\":\"http:\\\/\\\/lechappeeclose.it\\\/it\\\/boutique\\\/livres\\\/arts\\\/beaux-arts\\\/renoir-pere-et-fils\\\/\",\"name\":\"Renoir, p\u00e8re et fils - l&#039;\u00e9chapp\u00e9e close\",\"isPartOf\":{\"@id\":\"http:\\\/\\\/lechappeeclose.it\\\/#website\"},\"primaryImageOfPage\":{\"@id\":\"http:\\\/\\\/lechappeeclose.it\\\/it\\\/boutique\\\/livres\\\/arts\\\/beaux-arts\\\/renoir-pere-et-fils\\\/#primaryimage\"},\"image\":{\"@id\":\"http:\\\/\\\/lechappeeclose.it\\\/it\\\/boutique\\\/livres\\\/arts\\\/beaux-arts\\\/renoir-pere-et-fils\\\/#primaryimage\"},\"thumbnailUrl\":\"http:\\\/\\\/lechappeeclose.it\\\/wp-content\\\/uploads\\\/2025\\\/01\\\/Renoir-pere-et-fils.jpg\",\"datePublished\":\"2025-01-30T14:05:16+00:00\",\"dateModified\":\"2026-01-16T16:36:39+00:00\",\"breadcrumb\":{\"@id\":\"http:\\\/\\\/lechappeeclose.it\\\/it\\\/boutique\\\/livres\\\/arts\\\/beaux-arts\\\/renoir-pere-et-fils\\\/#breadcrumb\"},\"inLanguage\":\"it-IT\",\"potentialAction\":[{\"@type\":\"ReadAction\",\"target\":[\"http:\\\/\\\/lechappeeclose.it\\\/it\\\/boutique\\\/livres\\\/arts\\\/beaux-arts\\\/renoir-pere-et-fils\\\/\"]}]},{\"@type\":\"ImageObject\",\"inLanguage\":\"it-IT\",\"@id\":\"http:\\\/\\\/lechappeeclose.it\\\/it\\\/boutique\\\/livres\\\/arts\\\/beaux-arts\\\/renoir-pere-et-fils\\\/#primaryimage\",\"url\":\"http:\\\/\\\/lechappeeclose.it\\\/wp-content\\\/uploads\\\/2025\\\/01\\\/Renoir-pere-et-fils.jpg\",\"contentUrl\":\"http:\\\/\\\/lechappeeclose.it\\\/wp-content\\\/uploads\\\/2025\\\/01\\\/Renoir-pere-et-fils.jpg\",\"width\":323,\"height\":400},{\"@type\":\"BreadcrumbList\",\"@id\":\"http:\\\/\\\/lechappeeclose.it\\\/it\\\/boutique\\\/livres\\\/arts\\\/beaux-arts\\\/renoir-pere-et-fils\\\/#breadcrumb\",\"itemListElement\":[{\"@type\":\"ListItem\",\"position\":1,\"name\":\"Accueil\",\"item\":\"http:\\\/\\\/lechappeeclose.it\\\/\"},{\"@type\":\"ListItem\",\"position\":2,\"name\":\"Boutique\",\"item\":\"http:\\\/\\\/lechappeeclose.it\\\/it\\\/boutique\\\/\"},{\"@type\":\"ListItem\",\"position\":3,\"name\":\"Renoir, p\u00e8re et fils\"}]},{\"@type\":\"WebSite\",\"@id\":\"http:\\\/\\\/lechappeeclose.it\\\/#website\",\"url\":\"http:\\\/\\\/lechappeeclose.it\\\/\",\"name\":\"l&#039;\u00e9chapp\u00e9e close\",\"description\":\"la librairie fran\u00e7aise de Milan\",\"publisher\":{\"@id\":\"http:\\\/\\\/lechappeeclose.it\\\/#organization\"},\"alternateName\":\"La librairie fran\u00e7aise de Milan\",\"potentialAction\":[{\"@type\":\"SearchAction\",\"target\":{\"@type\":\"EntryPoint\",\"urlTemplate\":\"http:\\\/\\\/lechappeeclose.it\\\/?s={search_term_string}\"},\"query-input\":{\"@type\":\"PropertyValueSpecification\",\"valueRequired\":true,\"valueName\":\"search_term_string\"}}],\"inLanguage\":\"it-IT\"},{\"@type\":\"Organization\",\"@id\":\"http:\\\/\\\/lechappeeclose.it\\\/#organization\",\"name\":\"l&#039;\u00e9chapp\u00e9e close\",\"url\":\"http:\\\/\\\/lechappeeclose.it\\\/\",\"logo\":{\"@type\":\"ImageObject\",\"inLanguage\":\"it-IT\",\"@id\":\"http:\\\/\\\/lechappeeclose.it\\\/#\\\/schema\\\/logo\\\/image\\\/\",\"url\":\"http:\\\/\\\/lechappeeclose.it\\\/wp-content\\\/uploads\\\/2025\\\/02\\\/cropped-logo-rond.png\",\"contentUrl\":\"http:\\\/\\\/lechappeeclose.it\\\/wp-content\\\/uploads\\\/2025\\\/02\\\/cropped-logo-rond.png\",\"width\":1080,\"height\":1080,\"caption\":\"l&#039;\u00e9chapp\u00e9e close\"},\"image\":{\"@id\":\"http:\\\/\\\/lechappeeclose.it\\\/#\\\/schema\\\/logo\\\/image\\\/\"},\"sameAs\":[\"https:\\\/\\\/www.instagram.com\\\/lechappeeclose\\\/\"]}]}<\/script>\n<!-- \/ Yoast SEO plugin. -->","yoast_head_json":{"title":"Renoir, p\u00e8re et fils - l&#039;\u00e9chapp\u00e9e close","robots":{"index":"index","follow":"follow","max-snippet":"max-snippet:-1","max-image-preview":"max-image-preview:large","max-video-preview":"max-video-preview:-1"},"canonical":"http:\/\/lechappeeclose.it\/it\/boutique\/livres\/arts\/beaux-arts\/renoir-pere-et-fils\/","og_locale":"it_IT","og_type":"article","og_title":"Renoir, p\u00e8re et fils - l&#039;\u00e9chapp\u00e9e close","og_description":"&#8220;Jean Renoir, deuxi\u00e8me fils du grand peintre Pierre-Auguste Renoir, fut l&#8217;un des cin\u00e9astes les plus influents du XXe si\u00e8cle et m\u00eame, selon Orson Welles, le plus grand de tous les r\u00e9alisateurs. Cette situation exceptionnelle est le point de d\u00e9part de Renoir p\u00e8re et fils \/ Peinture et cin\u00e9ma. La pr\u00e9sente exposition, la premi\u00e8re consacr\u00e9e par [&hellip;]","og_url":"http:\/\/lechappeeclose.it\/it\/boutique\/livres\/arts\/beaux-arts\/renoir-pere-et-fils\/","og_site_name":"l&#039;\u00e9chapp\u00e9e close","article_modified_time":"2026-01-16T16:36:39+00:00","og_image":[{"width":323,"height":400,"url":"http:\/\/lechappeeclose.it\/wp-content\/uploads\/2025\/01\/Renoir-pere-et-fils.jpg","type":"image\/jpeg"}],"twitter_card":"summary_large_image","twitter_misc":{"Tempo di lettura stimato":"1 minuto"},"schema":{"@context":"https:\/\/schema.org","@graph":[{"@type":"WebPage","@id":"http:\/\/lechappeeclose.it\/it\/boutique\/livres\/arts\/beaux-arts\/renoir-pere-et-fils\/","url":"http:\/\/lechappeeclose.it\/it\/boutique\/livres\/arts\/beaux-arts\/renoir-pere-et-fils\/","name":"Renoir, p\u00e8re et fils - l&#039;\u00e9chapp\u00e9e close","isPartOf":{"@id":"http:\/\/lechappeeclose.it\/#website"},"primaryImageOfPage":{"@id":"http:\/\/lechappeeclose.it\/it\/boutique\/livres\/arts\/beaux-arts\/renoir-pere-et-fils\/#primaryimage"},"image":{"@id":"http:\/\/lechappeeclose.it\/it\/boutique\/livres\/arts\/beaux-arts\/renoir-pere-et-fils\/#primaryimage"},"thumbnailUrl":"http:\/\/lechappeeclose.it\/wp-content\/uploads\/2025\/01\/Renoir-pere-et-fils.jpg","datePublished":"2025-01-30T14:05:16+00:00","dateModified":"2026-01-16T16:36:39+00:00","breadcrumb":{"@id":"http:\/\/lechappeeclose.it\/it\/boutique\/livres\/arts\/beaux-arts\/renoir-pere-et-fils\/#breadcrumb"},"inLanguage":"it-IT","potentialAction":[{"@type":"ReadAction","target":["http:\/\/lechappeeclose.it\/it\/boutique\/livres\/arts\/beaux-arts\/renoir-pere-et-fils\/"]}]},{"@type":"ImageObject","inLanguage":"it-IT","@id":"http:\/\/lechappeeclose.it\/it\/boutique\/livres\/arts\/beaux-arts\/renoir-pere-et-fils\/#primaryimage","url":"http:\/\/lechappeeclose.it\/wp-content\/uploads\/2025\/01\/Renoir-pere-et-fils.jpg","contentUrl":"http:\/\/lechappeeclose.it\/wp-content\/uploads\/2025\/01\/Renoir-pere-et-fils.jpg","width":323,"height":400},{"@type":"BreadcrumbList","@id":"http:\/\/lechappeeclose.it\/it\/boutique\/livres\/arts\/beaux-arts\/renoir-pere-et-fils\/#breadcrumb","itemListElement":[{"@type":"ListItem","position":1,"name":"Accueil","item":"http:\/\/lechappeeclose.it\/"},{"@type":"ListItem","position":2,"name":"Boutique","item":"http:\/\/lechappeeclose.it\/it\/boutique\/"},{"@type":"ListItem","position":3,"name":"Renoir, p\u00e8re et fils"}]},{"@type":"WebSite","@id":"http:\/\/lechappeeclose.it\/#website","url":"http:\/\/lechappeeclose.it\/","name":"l&#039;\u00e9chapp\u00e9e close","description":"La libreria francese di Milano","publisher":{"@id":"http:\/\/lechappeeclose.it\/#organization"},"alternateName":"La librairie fran\u00e7aise de Milan","potentialAction":[{"@type":"SearchAction","target":{"@type":"EntryPoint","urlTemplate":"http:\/\/lechappeeclose.it\/?s={search_term_string}"},"query-input":{"@type":"PropertyValueSpecification","valueRequired":true,"valueName":"search_term_string"}}],"inLanguage":"it-IT"},{"@type":"Organization","@id":"http:\/\/lechappeeclose.it\/#organization","name":"l&#039;\u00e9chapp\u00e9e close","url":"http:\/\/lechappeeclose.it\/","logo":{"@type":"ImageObject","inLanguage":"it-IT","@id":"http:\/\/lechappeeclose.it\/#\/schema\/logo\/image\/","url":"http:\/\/lechappeeclose.it\/wp-content\/uploads\/2025\/02\/cropped-logo-rond.png","contentUrl":"http:\/\/lechappeeclose.it\/wp-content\/uploads\/2025\/02\/cropped-logo-rond.png","width":1080,"height":1080,"caption":"l&#039;\u00e9chapp\u00e9e close"},"image":{"@id":"http:\/\/lechappeeclose.it\/#\/schema\/logo\/image\/"},"sameAs":["https:\/\/www.instagram.com\/lechappeeclose\/"]}]}},"_links":{"self":[{"href":"http:\/\/lechappeeclose.it\/it\/wp-json\/wp\/v2\/product\/3400","targetHints":{"allow":["GET"]}}],"collection":[{"href":"http:\/\/lechappeeclose.it\/it\/wp-json\/wp\/v2\/product"}],"about":[{"href":"http:\/\/lechappeeclose.it\/it\/wp-json\/wp\/v2\/types\/product"}],"replies":[{"embeddable":true,"href":"http:\/\/lechappeeclose.it\/it\/wp-json\/wp\/v2\/comments?post=3400"}],"wp:featuredmedia":[{"embeddable":true,"href":"http:\/\/lechappeeclose.it\/it\/wp-json\/wp\/v2\/media\/3399"}],"wp:attachment":[{"href":"http:\/\/lechappeeclose.it\/it\/wp-json\/wp\/v2\/media?parent=3400"}],"wp:term":[{"taxonomy":"product_brand","embeddable":true,"href":"http:\/\/lechappeeclose.it\/it\/wp-json\/wp\/v2\/product_brand?post=3400"},{"taxonomy":"product_cat","embeddable":true,"href":"http:\/\/lechappeeclose.it\/it\/wp-json\/wp\/v2\/product_cat?post=3400"},{"taxonomy":"product_tag","embeddable":true,"href":"http:\/\/lechappeeclose.it\/it\/wp-json\/wp\/v2\/product_tag?post=3400"}],"curies":[{"name":"wp","href":"https:\/\/api.w.org\/{rel}","templated":true}]}}