{"id":3363,"date":"2025-01-30T14:53:56","date_gmt":"2025-01-30T13:53:56","guid":{"rendered":"https:\/\/lechappeeclose.it\/produit\/le-temps-de-giacometti-1946-1966\/"},"modified":"2025-01-30T14:53:56","modified_gmt":"2025-01-30T13:53:56","slug":"le-temps-de-giacometti-1946-1966","status":"publish","type":"product","link":"http:\/\/lechappeeclose.it\/it\/boutique\/livres\/arts\/beaux-arts\/le-temps-de-giacometti-1946-1966\/","title":{"rendered":"Le temps de Giacometti: 1946-1966"},"content":{"rendered":"<p>Alberto Giacometti (1901-1966), artiste embl\u00e9matique du XX\u1d49 si\u00e8cle, fr\u00e9quente, dans le contexte de l&#8217;apr\u00e8s-guerre et jusqu&#8217;\u00e0 la fin de sa vie, diff\u00e9rents cercles artistiques, des photographes, des \u00e9crivains et des philosophes, \u00e9changeant avec toute une nouvelle g\u00e9n\u00e9ration d&#8217;intellectuels, du surr\u00e9alisme finissant \u00e0 l&#8217;engagement existentialiste naissant. Ouvert sur son \u00e9poque, sociable, actif et cr\u00e9atif dans la diffusion de son oeuvre, il est ainsi regard\u00e9 par ses contemporains et admir\u00e9 pour sa sculpture et sa peinture, d&#8217;une figuration expressive, qui semblent rendre compte d&#8217;un monde meurtri, en reconstruction mais aussi en plein questionnement. M\u00ealant sculptures, peintures, gravures, photographies et documents d&#8217;archives, cet ouvrage invite \u00e0 une plong\u00e9e dans ces ann\u00e9es essentielles pour la compr\u00e9hension des mutations artistiques et intellectuelles de l&#8217;apr\u00e8s-guerre. Giacometti y appara\u00eet comme un homme pleinement de son temps.<\/p>","protected":false},"excerpt":{"rendered":"<p>Alberto Giacometti (1901-1966), artiste embl\u00e9matique du XX\u1d49 si\u00e8cle, fr\u00e9quente, dans le contexte de l&#8217;apr\u00e8s-guerre et jusqu&#8217;\u00e0 la fin de sa vie, diff\u00e9rents cercles artistiques, des photographes, des \u00e9crivains et des philosophes, \u00e9changeant avec toute une nouvelle g\u00e9n\u00e9ration d&#8217;intellectuels, du surr\u00e9alisme finissant \u00e0 l&#8217;engagement existentialiste naissant. Ouvert sur son \u00e9poque, sociable, actif et cr\u00e9atif dans la [&hellip;]<\/p>","protected":false},"featured_media":3362,"comment_status":"open","ping_status":"closed","template":"","meta":[],"product_brand":[],"product_cat":[41],"product_tag":[],"class_list":{"0":"post-3363","1":"product","2":"type-product","3":"status-publish","4":"has-post-thumbnail","6":"product_cat-beaux-arts","8":"first","9":"instock","10":"taxable","11":"shipping-taxable","12":"purchasable","13":"product-type-simple"},"yoast_head":"<!-- This site is optimized with the Yoast SEO plugin v27.4 - https:\/\/yoast.com\/product\/yoast-seo-wordpress\/ -->\n<title>Le temps de Giacometti: 1946-1966 - l&#039;\u00e9chapp\u00e9e close<\/title>\n<meta name=\"robots\" content=\"index, follow, max-snippet:-1, max-image-preview:large, max-video-preview:-1\" \/>\n<link rel=\"canonical\" href=\"https:\/\/lechappeeclose.it\/it\/boutique\/livres\/arts\/beaux-arts\/le-temps-de-giacometti-1946-1966\/\" \/>\n<meta property=\"og:locale\" content=\"it_IT\" \/>\n<meta property=\"og:type\" content=\"article\" \/>\n<meta property=\"og:title\" content=\"Le temps de Giacometti: 1946-1966 - l&#039;\u00e9chapp\u00e9e close\" \/>\n<meta property=\"og:description\" content=\"Alberto Giacometti (1901-1966), artiste embl\u00e9matique du XX\u1d49 si\u00e8cle, fr\u00e9quente, dans le contexte de l&#8217;apr\u00e8s-guerre et jusqu&#8217;\u00e0 la fin de sa vie, diff\u00e9rents cercles artistiques, des photographes, des \u00e9crivains et des philosophes, \u00e9changeant avec toute une nouvelle g\u00e9n\u00e9ration d&#8217;intellectuels, du surr\u00e9alisme finissant \u00e0 l&#8217;engagement existentialiste naissant. Ouvert sur son \u00e9poque, sociable, actif et cr\u00e9atif dans la [&hellip;]\" \/>\n<meta property=\"og:url\" content=\"https:\/\/lechappeeclose.it\/it\/boutique\/livres\/arts\/beaux-arts\/le-temps-de-giacometti-1946-1966\/\" \/>\n<meta property=\"og:site_name\" content=\"l&#039;\u00e9chapp\u00e9e close\" \/>\n<meta property=\"og:image\" content=\"https:\/\/lechappeeclose.it\/wp-content\/uploads\/2025\/01\/Le-temps-de-Giacometti-1946-1966.jpg\" \/>\n\t<meta property=\"og:image:width\" content=\"1993\" \/>\n\t<meta property=\"og:image:height\" content=\"2560\" \/>\n\t<meta property=\"og:image:type\" content=\"image\/jpeg\" \/>\n<meta name=\"twitter:card\" content=\"summary_large_image\" \/>\n<meta name=\"twitter:label1\" content=\"Tempo di lettura stimato\" \/>\n\t<meta name=\"twitter:data1\" content=\"1 minuto\" \/>\n<script type=\"application\/ld+json\" class=\"yoast-schema-graph\">{\"@context\":\"https:\\\/\\\/schema.org\",\"@graph\":[{\"@type\":\"WebPage\",\"@id\":\"https:\\\/\\\/lechappeeclose.it\\\/boutique\\\/livres\\\/arts\\\/beaux-arts\\\/le-temps-de-giacometti-1946-1966\\\/\",\"url\":\"https:\\\/\\\/lechappeeclose.it\\\/boutique\\\/livres\\\/arts\\\/beaux-arts\\\/le-temps-de-giacometti-1946-1966\\\/\",\"name\":\"Le temps de Giacometti: 1946-1966 - l&#039;\u00e9chapp\u00e9e close\",\"isPartOf\":{\"@id\":\"http:\\\/\\\/lechappeeclose.it\\\/#website\"},\"primaryImageOfPage\":{\"@id\":\"https:\\\/\\\/lechappeeclose.it\\\/boutique\\\/livres\\\/arts\\\/beaux-arts\\\/le-temps-de-giacometti-1946-1966\\\/#primaryimage\"},\"image\":{\"@id\":\"https:\\\/\\\/lechappeeclose.it\\\/boutique\\\/livres\\\/arts\\\/beaux-arts\\\/le-temps-de-giacometti-1946-1966\\\/#primaryimage\"},\"thumbnailUrl\":\"http:\\\/\\\/lechappeeclose.it\\\/wp-content\\\/uploads\\\/2025\\\/01\\\/Le-temps-de-Giacometti-1946-1966.jpg\",\"datePublished\":\"2025-01-30T13:53:56+00:00\",\"breadcrumb\":{\"@id\":\"https:\\\/\\\/lechappeeclose.it\\\/boutique\\\/livres\\\/arts\\\/beaux-arts\\\/le-temps-de-giacometti-1946-1966\\\/#breadcrumb\"},\"inLanguage\":\"it-IT\",\"potentialAction\":[{\"@type\":\"ReadAction\",\"target\":[\"https:\\\/\\\/lechappeeclose.it\\\/boutique\\\/livres\\\/arts\\\/beaux-arts\\\/le-temps-de-giacometti-1946-1966\\\/\"]}]},{\"@type\":\"ImageObject\",\"inLanguage\":\"it-IT\",\"@id\":\"https:\\\/\\\/lechappeeclose.it\\\/boutique\\\/livres\\\/arts\\\/beaux-arts\\\/le-temps-de-giacometti-1946-1966\\\/#primaryimage\",\"url\":\"http:\\\/\\\/lechappeeclose.it\\\/wp-content\\\/uploads\\\/2025\\\/01\\\/Le-temps-de-Giacometti-1946-1966.jpg\",\"contentUrl\":\"http:\\\/\\\/lechappeeclose.it\\\/wp-content\\\/uploads\\\/2025\\\/01\\\/Le-temps-de-Giacometti-1946-1966.jpg\",\"width\":1993,\"height\":2560},{\"@type\":\"BreadcrumbList\",\"@id\":\"https:\\\/\\\/lechappeeclose.it\\\/boutique\\\/livres\\\/arts\\\/beaux-arts\\\/le-temps-de-giacometti-1946-1966\\\/#breadcrumb\",\"itemListElement\":[{\"@type\":\"ListItem\",\"position\":1,\"name\":\"Accueil\",\"item\":\"http:\\\/\\\/lechappeeclose.it\\\/\"},{\"@type\":\"ListItem\",\"position\":2,\"name\":\"Boutique\",\"item\":\"http:\\\/\\\/lechappeeclose.it\\\/boutique\\\/\"},{\"@type\":\"ListItem\",\"position\":3,\"name\":\"Le temps de Giacometti: 1946-1966\"}]},{\"@type\":\"WebSite\",\"@id\":\"http:\\\/\\\/lechappeeclose.it\\\/#website\",\"url\":\"http:\\\/\\\/lechappeeclose.it\\\/\",\"name\":\"l&#039;\u00e9chapp\u00e9e close\",\"description\":\"la librairie fran\u00e7aise de Milan\",\"publisher\":{\"@id\":\"http:\\\/\\\/lechappeeclose.it\\\/#organization\"},\"alternateName\":\"La librairie fran\u00e7aise de Milan\",\"potentialAction\":[{\"@type\":\"SearchAction\",\"target\":{\"@type\":\"EntryPoint\",\"urlTemplate\":\"http:\\\/\\\/lechappeeclose.it\\\/?s={search_term_string}\"},\"query-input\":{\"@type\":\"PropertyValueSpecification\",\"valueRequired\":true,\"valueName\":\"search_term_string\"}}],\"inLanguage\":\"it-IT\"},{\"@type\":\"Organization\",\"@id\":\"http:\\\/\\\/lechappeeclose.it\\\/#organization\",\"name\":\"l&#039;\u00e9chapp\u00e9e close\",\"url\":\"http:\\\/\\\/lechappeeclose.it\\\/\",\"logo\":{\"@type\":\"ImageObject\",\"inLanguage\":\"it-IT\",\"@id\":\"http:\\\/\\\/lechappeeclose.it\\\/#\\\/schema\\\/logo\\\/image\\\/\",\"url\":\"http:\\\/\\\/lechappeeclose.it\\\/wp-content\\\/uploads\\\/2025\\\/02\\\/cropped-logo-rond.png\",\"contentUrl\":\"http:\\\/\\\/lechappeeclose.it\\\/wp-content\\\/uploads\\\/2025\\\/02\\\/cropped-logo-rond.png\",\"width\":1080,\"height\":1080,\"caption\":\"l&#039;\u00e9chapp\u00e9e close\"},\"image\":{\"@id\":\"http:\\\/\\\/lechappeeclose.it\\\/#\\\/schema\\\/logo\\\/image\\\/\"},\"sameAs\":[\"https:\\\/\\\/www.instagram.com\\\/lechappeeclose\\\/\"]}]}<\/script>\n<!-- \/ Yoast SEO plugin. -->","yoast_head_json":{"title":"Le temps de Giacometti: 1946-1966 - l&#039;\u00e9chapp\u00e9e close","robots":{"index":"index","follow":"follow","max-snippet":"max-snippet:-1","max-image-preview":"max-image-preview:large","max-video-preview":"max-video-preview:-1"},"canonical":"https:\/\/lechappeeclose.it\/it\/boutique\/livres\/arts\/beaux-arts\/le-temps-de-giacometti-1946-1966\/","og_locale":"it_IT","og_type":"article","og_title":"Le temps de Giacometti: 1946-1966 - l&#039;\u00e9chapp\u00e9e close","og_description":"Alberto Giacometti (1901-1966), artiste embl\u00e9matique du XX\u1d49 si\u00e8cle, fr\u00e9quente, dans le contexte de l&#8217;apr\u00e8s-guerre et jusqu&#8217;\u00e0 la fin de sa vie, diff\u00e9rents cercles artistiques, des photographes, des \u00e9crivains et des philosophes, \u00e9changeant avec toute une nouvelle g\u00e9n\u00e9ration d&#8217;intellectuels, du surr\u00e9alisme finissant \u00e0 l&#8217;engagement existentialiste naissant. Ouvert sur son \u00e9poque, sociable, actif et cr\u00e9atif dans la [&hellip;]","og_url":"https:\/\/lechappeeclose.it\/it\/boutique\/livres\/arts\/beaux-arts\/le-temps-de-giacometti-1946-1966\/","og_site_name":"l&#039;\u00e9chapp\u00e9e close","og_image":[{"width":1993,"height":2560,"url":"https:\/\/lechappeeclose.it\/wp-content\/uploads\/2025\/01\/Le-temps-de-Giacometti-1946-1966.jpg","type":"image\/jpeg"}],"twitter_card":"summary_large_image","twitter_misc":{"Tempo di lettura stimato":"1 minuto"},"schema":{"@context":"https:\/\/schema.org","@graph":[{"@type":"WebPage","@id":"https:\/\/lechappeeclose.it\/boutique\/livres\/arts\/beaux-arts\/le-temps-de-giacometti-1946-1966\/","url":"https:\/\/lechappeeclose.it\/boutique\/livres\/arts\/beaux-arts\/le-temps-de-giacometti-1946-1966\/","name":"Le temps de Giacometti: 1946-1966 - l&#039;\u00e9chapp\u00e9e close","isPartOf":{"@id":"http:\/\/lechappeeclose.it\/#website"},"primaryImageOfPage":{"@id":"https:\/\/lechappeeclose.it\/boutique\/livres\/arts\/beaux-arts\/le-temps-de-giacometti-1946-1966\/#primaryimage"},"image":{"@id":"https:\/\/lechappeeclose.it\/boutique\/livres\/arts\/beaux-arts\/le-temps-de-giacometti-1946-1966\/#primaryimage"},"thumbnailUrl":"http:\/\/lechappeeclose.it\/wp-content\/uploads\/2025\/01\/Le-temps-de-Giacometti-1946-1966.jpg","datePublished":"2025-01-30T13:53:56+00:00","breadcrumb":{"@id":"https:\/\/lechappeeclose.it\/boutique\/livres\/arts\/beaux-arts\/le-temps-de-giacometti-1946-1966\/#breadcrumb"},"inLanguage":"it-IT","potentialAction":[{"@type":"ReadAction","target":["https:\/\/lechappeeclose.it\/boutique\/livres\/arts\/beaux-arts\/le-temps-de-giacometti-1946-1966\/"]}]},{"@type":"ImageObject","inLanguage":"it-IT","@id":"https:\/\/lechappeeclose.it\/boutique\/livres\/arts\/beaux-arts\/le-temps-de-giacometti-1946-1966\/#primaryimage","url":"http:\/\/lechappeeclose.it\/wp-content\/uploads\/2025\/01\/Le-temps-de-Giacometti-1946-1966.jpg","contentUrl":"http:\/\/lechappeeclose.it\/wp-content\/uploads\/2025\/01\/Le-temps-de-Giacometti-1946-1966.jpg","width":1993,"height":2560},{"@type":"BreadcrumbList","@id":"https:\/\/lechappeeclose.it\/boutique\/livres\/arts\/beaux-arts\/le-temps-de-giacometti-1946-1966\/#breadcrumb","itemListElement":[{"@type":"ListItem","position":1,"name":"Accueil","item":"http:\/\/lechappeeclose.it\/"},{"@type":"ListItem","position":2,"name":"Boutique","item":"http:\/\/lechappeeclose.it\/boutique\/"},{"@type":"ListItem","position":3,"name":"Le temps de Giacometti: 1946-1966"}]},{"@type":"WebSite","@id":"http:\/\/lechappeeclose.it\/#website","url":"http:\/\/lechappeeclose.it\/","name":"l&#039;\u00e9chapp\u00e9e close","description":"La libreria francese di Milano","publisher":{"@id":"http:\/\/lechappeeclose.it\/#organization"},"alternateName":"La librairie fran\u00e7aise de Milan","potentialAction":[{"@type":"SearchAction","target":{"@type":"EntryPoint","urlTemplate":"http:\/\/lechappeeclose.it\/?s={search_term_string}"},"query-input":{"@type":"PropertyValueSpecification","valueRequired":true,"valueName":"search_term_string"}}],"inLanguage":"it-IT"},{"@type":"Organization","@id":"http:\/\/lechappeeclose.it\/#organization","name":"l&#039;\u00e9chapp\u00e9e close","url":"http:\/\/lechappeeclose.it\/","logo":{"@type":"ImageObject","inLanguage":"it-IT","@id":"http:\/\/lechappeeclose.it\/#\/schema\/logo\/image\/","url":"http:\/\/lechappeeclose.it\/wp-content\/uploads\/2025\/02\/cropped-logo-rond.png","contentUrl":"http:\/\/lechappeeclose.it\/wp-content\/uploads\/2025\/02\/cropped-logo-rond.png","width":1080,"height":1080,"caption":"l&#039;\u00e9chapp\u00e9e close"},"image":{"@id":"http:\/\/lechappeeclose.it\/#\/schema\/logo\/image\/"},"sameAs":["https:\/\/www.instagram.com\/lechappeeclose\/"]}]}},"_links":{"self":[{"href":"http:\/\/lechappeeclose.it\/it\/wp-json\/wp\/v2\/product\/3363","targetHints":{"allow":["GET"]}}],"collection":[{"href":"http:\/\/lechappeeclose.it\/it\/wp-json\/wp\/v2\/product"}],"about":[{"href":"http:\/\/lechappeeclose.it\/it\/wp-json\/wp\/v2\/types\/product"}],"replies":[{"embeddable":true,"href":"http:\/\/lechappeeclose.it\/it\/wp-json\/wp\/v2\/comments?post=3363"}],"wp:featuredmedia":[{"embeddable":true,"href":"http:\/\/lechappeeclose.it\/it\/wp-json\/wp\/v2\/media\/3362"}],"wp:attachment":[{"href":"http:\/\/lechappeeclose.it\/it\/wp-json\/wp\/v2\/media?parent=3363"}],"wp:term":[{"taxonomy":"product_brand","embeddable":true,"href":"http:\/\/lechappeeclose.it\/it\/wp-json\/wp\/v2\/product_brand?post=3363"},{"taxonomy":"product_cat","embeddable":true,"href":"http:\/\/lechappeeclose.it\/it\/wp-json\/wp\/v2\/product_cat?post=3363"},{"taxonomy":"product_tag","embeddable":true,"href":"http:\/\/lechappeeclose.it\/it\/wp-json\/wp\/v2\/product_tag?post=3363"}],"curies":[{"name":"wp","href":"https:\/\/api.w.org\/{rel}","templated":true}]}}