{"id":3352,"date":"2025-01-30T14:48:21","date_gmt":"2025-01-30T13:48:21","guid":{"rendered":"https:\/\/lechappeeclose.it\/produit\/picasso-tout-contre-cocteau\/"},"modified":"2025-01-30T14:49:12","modified_gmt":"2025-01-30T13:49:12","slug":"picasso-tout-contre-cocteau","status":"publish","type":"product","link":"http:\/\/lechappeeclose.it\/it\/boutique\/livres\/arts\/essais\/picasso-tout-contre-cocteau\/","title":{"rendered":"Picasso tout contre Cocteau"},"content":{"rendered":"<p>Mon premier est espagnol : trapu comme un taureau, peintre pr\u00e9coce et surdou\u00e9, il arrive \u00e0 Paris en 1900. Il y travaille d&#8217;arrache-pied, invente des formes nouvelles, s\u2019en lasse vite aussi. Charismatique, il s&#8217;entoure de rapins fascin\u00e9s et de po\u00e8tes qui chantent ses louanges et font de lui le proph\u00e8te du mouvement moderne. Il n\u2019a en apparence besoin de personne et impressionne tout le monde. Mon second est fran\u00e7ais : silhouette d&#8217;elfe et talents multiples, il \u00e9crit, dessine, coud des costumes et fabrique des d\u00e9cors d\u00e8s l&#8217;enfance. Lui \u00e9volue plus lentement et fr\u00e9quente les salons pour trouver les mod\u00e8les qui l&#8217;aident \u00e0 s\u2019inventer par imitation. Survient la guerre de 14. Le cam\u00e9l\u00e9on de 26 ans comprend que plus rien ne sera comme avant et fait tout pour approcher l&#8217;Espagnol de dix ans son a\u00een\u00e9. Ainsi Cocteau rencontra Picasso. Ce livre est l&#8217;histoire de leur longue amiti\u00e9.De leur premier rendez-vous en 1915 \u00e0 la publication de Picasso de 1916 \u00e0 1961 , l&#8217;un des tous derniers livres de l&#8217;\u00e9crivain, de leur premi\u00e8re dispute qui leur servira de sch\u00e9ma directeur (Picasso blesse un Cocteau incapable de ne pas lui pardonner) \u00e0 la mort de ce dernier en 1963, et de Paris \u00e0 Vallauris en passant par Rome et la villa Santo-Sospir, Claude Arnaud survole cinquante ans de leurs vies en \u00e9clairant les liens intimes qui les unirent. Deux cr\u00e9ateurs peuvent-ils \u0153uvrer ensemble en s&#8217;aimant ? Comment un \u00eatre aussi laconique et cruel que Picasso aurait-il gard\u00e9 pr\u00e8s de lui Cocteau s&#8217;il n&#8217;avait \u00e9t\u00e9 \u00e9bloui par son intelligence ? En 10 chapitres serr\u00e9s, men\u00e9s tambour battant, Claude Arnaud r\u00e9pond avec virtuosit\u00e9, intelligence et affection, et montre comment l\u2019un l\u2019autre se sont soutenus, nourris, aim\u00e9s et d\u00e9test\u00e9s, avec sinc\u00e9rit\u00e9.<\/p>","protected":false},"excerpt":{"rendered":"<p>Mon premier est espagnol : trapu comme un taureau, peintre pr\u00e9coce et surdou\u00e9, il arrive \u00e0 Paris en 1900. Il y travaille d&#8217;arrache-pied, invente des formes nouvelles, s\u2019en lasse vite aussi. Charismatique, il s&#8217;entoure de rapins fascin\u00e9s et de po\u00e8tes qui chantent ses louanges et font de lui le proph\u00e8te du mouvement moderne. Il n\u2019a [&hellip;]<\/p>","protected":false},"featured_media":3351,"comment_status":"open","ping_status":"closed","template":"","meta":[],"product_brand":[],"product_cat":[208],"product_tag":[],"class_list":{"0":"post-3352","1":"product","2":"type-product","3":"status-publish","4":"has-post-thumbnail","6":"product_cat-essais","8":"first","9":"instock","10":"taxable","11":"shipping-taxable","12":"purchasable","13":"product-type-simple"},"yoast_head":"<!-- This site is optimized with the Yoast SEO plugin v27.4 - https:\/\/yoast.com\/product\/yoast-seo-wordpress\/ -->\n<title>Picasso tout contre Cocteau - l&#039;\u00e9chapp\u00e9e close<\/title>\n<meta name=\"robots\" content=\"index, follow, max-snippet:-1, max-image-preview:large, max-video-preview:-1\" \/>\n<link rel=\"canonical\" href=\"https:\/\/lechappeeclose.it\/it\/boutique\/livres\/arts\/essais\/picasso-tout-contre-cocteau\/\" \/>\n<meta property=\"og:locale\" content=\"it_IT\" \/>\n<meta property=\"og:type\" content=\"article\" \/>\n<meta property=\"og:title\" content=\"Picasso tout contre Cocteau - l&#039;\u00e9chapp\u00e9e close\" \/>\n<meta property=\"og:description\" content=\"Mon premier est espagnol : trapu comme un taureau, peintre pr\u00e9coce et surdou\u00e9, il arrive \u00e0 Paris en 1900. Il y travaille d&#8217;arrache-pied, invente des formes nouvelles, s\u2019en lasse vite aussi. Charismatique, il s&#8217;entoure de rapins fascin\u00e9s et de po\u00e8tes qui chantent ses louanges et font de lui le proph\u00e8te du mouvement moderne. Il n\u2019a [&hellip;]\" \/>\n<meta property=\"og:url\" content=\"https:\/\/lechappeeclose.it\/it\/boutique\/livres\/arts\/essais\/picasso-tout-contre-cocteau\/\" \/>\n<meta property=\"og:site_name\" content=\"l&#039;\u00e9chapp\u00e9e close\" \/>\n<meta property=\"article:modified_time\" content=\"2025-01-30T13:49:12+00:00\" \/>\n<meta property=\"og:image\" content=\"https:\/\/lechappeeclose.it\/wp-content\/uploads\/2025\/01\/Picasso-tout-contre-Cocteau.jpg\" \/>\n\t<meta property=\"og:image:width\" content=\"342\" \/>\n\t<meta property=\"og:image:height\" content=\"500\" \/>\n\t<meta property=\"og:image:type\" content=\"image\/jpeg\" \/>\n<meta name=\"twitter:card\" content=\"summary_large_image\" \/>\n<meta name=\"twitter:label1\" content=\"Tempo di lettura stimato\" \/>\n\t<meta name=\"twitter:data1\" content=\"1 minuto\" \/>\n<script type=\"application\/ld+json\" class=\"yoast-schema-graph\">{\"@context\":\"https:\\\/\\\/schema.org\",\"@graph\":[{\"@type\":\"WebPage\",\"@id\":\"https:\\\/\\\/lechappeeclose.it\\\/boutique\\\/livres\\\/arts\\\/essais\\\/picasso-tout-contre-cocteau\\\/\",\"url\":\"https:\\\/\\\/lechappeeclose.it\\\/boutique\\\/livres\\\/arts\\\/essais\\\/picasso-tout-contre-cocteau\\\/\",\"name\":\"Picasso tout contre Cocteau - l&#039;\u00e9chapp\u00e9e close\",\"isPartOf\":{\"@id\":\"http:\\\/\\\/lechappeeclose.it\\\/#website\"},\"primaryImageOfPage\":{\"@id\":\"https:\\\/\\\/lechappeeclose.it\\\/boutique\\\/livres\\\/arts\\\/essais\\\/picasso-tout-contre-cocteau\\\/#primaryimage\"},\"image\":{\"@id\":\"https:\\\/\\\/lechappeeclose.it\\\/boutique\\\/livres\\\/arts\\\/essais\\\/picasso-tout-contre-cocteau\\\/#primaryimage\"},\"thumbnailUrl\":\"http:\\\/\\\/lechappeeclose.it\\\/wp-content\\\/uploads\\\/2025\\\/01\\\/Picasso-tout-contre-Cocteau.jpg\",\"datePublished\":\"2025-01-30T13:48:21+00:00\",\"dateModified\":\"2025-01-30T13:49:12+00:00\",\"breadcrumb\":{\"@id\":\"https:\\\/\\\/lechappeeclose.it\\\/boutique\\\/livres\\\/arts\\\/essais\\\/picasso-tout-contre-cocteau\\\/#breadcrumb\"},\"inLanguage\":\"it-IT\",\"potentialAction\":[{\"@type\":\"ReadAction\",\"target\":[\"https:\\\/\\\/lechappeeclose.it\\\/boutique\\\/livres\\\/arts\\\/essais\\\/picasso-tout-contre-cocteau\\\/\"]}]},{\"@type\":\"ImageObject\",\"inLanguage\":\"it-IT\",\"@id\":\"https:\\\/\\\/lechappeeclose.it\\\/boutique\\\/livres\\\/arts\\\/essais\\\/picasso-tout-contre-cocteau\\\/#primaryimage\",\"url\":\"http:\\\/\\\/lechappeeclose.it\\\/wp-content\\\/uploads\\\/2025\\\/01\\\/Picasso-tout-contre-Cocteau.jpg\",\"contentUrl\":\"http:\\\/\\\/lechappeeclose.it\\\/wp-content\\\/uploads\\\/2025\\\/01\\\/Picasso-tout-contre-Cocteau.jpg\",\"width\":342,\"height\":500},{\"@type\":\"BreadcrumbList\",\"@id\":\"https:\\\/\\\/lechappeeclose.it\\\/boutique\\\/livres\\\/arts\\\/essais\\\/picasso-tout-contre-cocteau\\\/#breadcrumb\",\"itemListElement\":[{\"@type\":\"ListItem\",\"position\":1,\"name\":\"Accueil\",\"item\":\"http:\\\/\\\/lechappeeclose.it\\\/\"},{\"@type\":\"ListItem\",\"position\":2,\"name\":\"Boutique\",\"item\":\"http:\\\/\\\/lechappeeclose.it\\\/it\\\/boutique\\\/\"},{\"@type\":\"ListItem\",\"position\":3,\"name\":\"Picasso tout contre Cocteau\"}]},{\"@type\":\"WebSite\",\"@id\":\"http:\\\/\\\/lechappeeclose.it\\\/#website\",\"url\":\"http:\\\/\\\/lechappeeclose.it\\\/\",\"name\":\"l&#039;\u00e9chapp\u00e9e close\",\"description\":\"la librairie fran\u00e7aise de Milan\",\"publisher\":{\"@id\":\"http:\\\/\\\/lechappeeclose.it\\\/#organization\"},\"alternateName\":\"La librairie fran\u00e7aise de Milan\",\"potentialAction\":[{\"@type\":\"SearchAction\",\"target\":{\"@type\":\"EntryPoint\",\"urlTemplate\":\"http:\\\/\\\/lechappeeclose.it\\\/?s={search_term_string}\"},\"query-input\":{\"@type\":\"PropertyValueSpecification\",\"valueRequired\":true,\"valueName\":\"search_term_string\"}}],\"inLanguage\":\"it-IT\"},{\"@type\":\"Organization\",\"@id\":\"http:\\\/\\\/lechappeeclose.it\\\/#organization\",\"name\":\"l&#039;\u00e9chapp\u00e9e close\",\"url\":\"http:\\\/\\\/lechappeeclose.it\\\/\",\"logo\":{\"@type\":\"ImageObject\",\"inLanguage\":\"it-IT\",\"@id\":\"http:\\\/\\\/lechappeeclose.it\\\/#\\\/schema\\\/logo\\\/image\\\/\",\"url\":\"http:\\\/\\\/lechappeeclose.it\\\/wp-content\\\/uploads\\\/2025\\\/02\\\/cropped-logo-rond.png\",\"contentUrl\":\"http:\\\/\\\/lechappeeclose.it\\\/wp-content\\\/uploads\\\/2025\\\/02\\\/cropped-logo-rond.png\",\"width\":1080,\"height\":1080,\"caption\":\"l&#039;\u00e9chapp\u00e9e close\"},\"image\":{\"@id\":\"http:\\\/\\\/lechappeeclose.it\\\/#\\\/schema\\\/logo\\\/image\\\/\"},\"sameAs\":[\"https:\\\/\\\/www.instagram.com\\\/lechappeeclose\\\/\"]}]}<\/script>\n<!-- \/ Yoast SEO plugin. -->","yoast_head_json":{"title":"Picasso tout contre Cocteau - l&#039;\u00e9chapp\u00e9e close","robots":{"index":"index","follow":"follow","max-snippet":"max-snippet:-1","max-image-preview":"max-image-preview:large","max-video-preview":"max-video-preview:-1"},"canonical":"https:\/\/lechappeeclose.it\/it\/boutique\/livres\/arts\/essais\/picasso-tout-contre-cocteau\/","og_locale":"it_IT","og_type":"article","og_title":"Picasso tout contre Cocteau - l&#039;\u00e9chapp\u00e9e close","og_description":"Mon premier est espagnol : trapu comme un taureau, peintre pr\u00e9coce et surdou\u00e9, il arrive \u00e0 Paris en 1900. Il y travaille d&#8217;arrache-pied, invente des formes nouvelles, s\u2019en lasse vite aussi. Charismatique, il s&#8217;entoure de rapins fascin\u00e9s et de po\u00e8tes qui chantent ses louanges et font de lui le proph\u00e8te du mouvement moderne. Il n\u2019a [&hellip;]","og_url":"https:\/\/lechappeeclose.it\/it\/boutique\/livres\/arts\/essais\/picasso-tout-contre-cocteau\/","og_site_name":"l&#039;\u00e9chapp\u00e9e close","article_modified_time":"2025-01-30T13:49:12+00:00","og_image":[{"width":342,"height":500,"url":"https:\/\/lechappeeclose.it\/wp-content\/uploads\/2025\/01\/Picasso-tout-contre-Cocteau.jpg","type":"image\/jpeg"}],"twitter_card":"summary_large_image","twitter_misc":{"Tempo di lettura stimato":"1 minuto"},"schema":{"@context":"https:\/\/schema.org","@graph":[{"@type":"WebPage","@id":"https:\/\/lechappeeclose.it\/boutique\/livres\/arts\/essais\/picasso-tout-contre-cocteau\/","url":"https:\/\/lechappeeclose.it\/boutique\/livres\/arts\/essais\/picasso-tout-contre-cocteau\/","name":"Picasso tout contre Cocteau - l&#039;\u00e9chapp\u00e9e close","isPartOf":{"@id":"http:\/\/lechappeeclose.it\/#website"},"primaryImageOfPage":{"@id":"https:\/\/lechappeeclose.it\/boutique\/livres\/arts\/essais\/picasso-tout-contre-cocteau\/#primaryimage"},"image":{"@id":"https:\/\/lechappeeclose.it\/boutique\/livres\/arts\/essais\/picasso-tout-contre-cocteau\/#primaryimage"},"thumbnailUrl":"http:\/\/lechappeeclose.it\/wp-content\/uploads\/2025\/01\/Picasso-tout-contre-Cocteau.jpg","datePublished":"2025-01-30T13:48:21+00:00","dateModified":"2025-01-30T13:49:12+00:00","breadcrumb":{"@id":"https:\/\/lechappeeclose.it\/boutique\/livres\/arts\/essais\/picasso-tout-contre-cocteau\/#breadcrumb"},"inLanguage":"it-IT","potentialAction":[{"@type":"ReadAction","target":["https:\/\/lechappeeclose.it\/boutique\/livres\/arts\/essais\/picasso-tout-contre-cocteau\/"]}]},{"@type":"ImageObject","inLanguage":"it-IT","@id":"https:\/\/lechappeeclose.it\/boutique\/livres\/arts\/essais\/picasso-tout-contre-cocteau\/#primaryimage","url":"http:\/\/lechappeeclose.it\/wp-content\/uploads\/2025\/01\/Picasso-tout-contre-Cocteau.jpg","contentUrl":"http:\/\/lechappeeclose.it\/wp-content\/uploads\/2025\/01\/Picasso-tout-contre-Cocteau.jpg","width":342,"height":500},{"@type":"BreadcrumbList","@id":"https:\/\/lechappeeclose.it\/boutique\/livres\/arts\/essais\/picasso-tout-contre-cocteau\/#breadcrumb","itemListElement":[{"@type":"ListItem","position":1,"name":"Accueil","item":"http:\/\/lechappeeclose.it\/"},{"@type":"ListItem","position":2,"name":"Boutique","item":"http:\/\/lechappeeclose.it\/it\/boutique\/"},{"@type":"ListItem","position":3,"name":"Picasso tout contre Cocteau"}]},{"@type":"WebSite","@id":"http:\/\/lechappeeclose.it\/#website","url":"http:\/\/lechappeeclose.it\/","name":"l&#039;\u00e9chapp\u00e9e close","description":"La libreria francese di Milano","publisher":{"@id":"http:\/\/lechappeeclose.it\/#organization"},"alternateName":"La librairie fran\u00e7aise de Milan","potentialAction":[{"@type":"SearchAction","target":{"@type":"EntryPoint","urlTemplate":"http:\/\/lechappeeclose.it\/?s={search_term_string}"},"query-input":{"@type":"PropertyValueSpecification","valueRequired":true,"valueName":"search_term_string"}}],"inLanguage":"it-IT"},{"@type":"Organization","@id":"http:\/\/lechappeeclose.it\/#organization","name":"l&#039;\u00e9chapp\u00e9e close","url":"http:\/\/lechappeeclose.it\/","logo":{"@type":"ImageObject","inLanguage":"it-IT","@id":"http:\/\/lechappeeclose.it\/#\/schema\/logo\/image\/","url":"http:\/\/lechappeeclose.it\/wp-content\/uploads\/2025\/02\/cropped-logo-rond.png","contentUrl":"http:\/\/lechappeeclose.it\/wp-content\/uploads\/2025\/02\/cropped-logo-rond.png","width":1080,"height":1080,"caption":"l&#039;\u00e9chapp\u00e9e close"},"image":{"@id":"http:\/\/lechappeeclose.it\/#\/schema\/logo\/image\/"},"sameAs":["https:\/\/www.instagram.com\/lechappeeclose\/"]}]}},"_links":{"self":[{"href":"http:\/\/lechappeeclose.it\/it\/wp-json\/wp\/v2\/product\/3352","targetHints":{"allow":["GET"]}}],"collection":[{"href":"http:\/\/lechappeeclose.it\/it\/wp-json\/wp\/v2\/product"}],"about":[{"href":"http:\/\/lechappeeclose.it\/it\/wp-json\/wp\/v2\/types\/product"}],"replies":[{"embeddable":true,"href":"http:\/\/lechappeeclose.it\/it\/wp-json\/wp\/v2\/comments?post=3352"}],"wp:featuredmedia":[{"embeddable":true,"href":"http:\/\/lechappeeclose.it\/it\/wp-json\/wp\/v2\/media\/3351"}],"wp:attachment":[{"href":"http:\/\/lechappeeclose.it\/it\/wp-json\/wp\/v2\/media?parent=3352"}],"wp:term":[{"taxonomy":"product_brand","embeddable":true,"href":"http:\/\/lechappeeclose.it\/it\/wp-json\/wp\/v2\/product_brand?post=3352"},{"taxonomy":"product_cat","embeddable":true,"href":"http:\/\/lechappeeclose.it\/it\/wp-json\/wp\/v2\/product_cat?post=3352"},{"taxonomy":"product_tag","embeddable":true,"href":"http:\/\/lechappeeclose.it\/it\/wp-json\/wp\/v2\/product_tag?post=3352"}],"curies":[{"name":"wp","href":"https:\/\/api.w.org\/{rel}","templated":true}]}}