{"id":3350,"date":"2025-01-30T14:47:49","date_gmt":"2025-01-30T13:47:49","guid":{"rendered":"https:\/\/lechappeeclose.it\/produit\/pierre-auguste-renoir-mon-pere\/"},"modified":"2026-01-16T12:15:38","modified_gmt":"2026-01-16T11:15:38","slug":"pierre-auguste-renoir-mon-pere","status":"publish","type":"product","link":"http:\/\/lechappeeclose.it\/it\/boutique\/livres\/arts\/cinema\/pierre-auguste-renoir-mon-pere\/","title":{"rendered":"Pierre-Auguste Renoir, mon p\u00e8re"},"content":{"rendered":"<p>La vie d&#8217;un des plus grands peintres racont\u00e9e par un des plus grands cin\u00e9astes. Il est vrai que l&#8217;un \u00e9tait le p\u00e8re de l&#8217;autre, et que Jean Renoir est n\u00e9 au &#8221; ch\u00e2teau des Brouillards &#8220;, sur la butte Montartre, \u00e0 deux pas du Moulin de la Galette immortalis\u00e9 par un tableau de Pierre-Auguste. Cette biographie fait revivre avec amour un homme, une \u0153uvre, un monde. C&#8217;est pourquoi elle a connu un succ\u00e8s mondial.<\/p>","protected":false},"excerpt":{"rendered":"<p>La vie d&#8217;un des plus grands peintres racont\u00e9e par un des plus grands cin\u00e9astes. Il est vrai que l&#8217;un \u00e9tait le p\u00e8re de l&#8217;autre, et que Jean Renoir est n\u00e9 au &#8221; ch\u00e2teau des Brouillards &#8220;, sur la butte Montartre, \u00e0 deux pas du Moulin de la Galette immortalis\u00e9 par un tableau de Pierre-Auguste. Cette [&hellip;]<\/p>","protected":false},"featured_media":9216,"comment_status":"open","ping_status":"closed","template":"","meta":[],"product_brand":[],"product_cat":[40,208],"product_tag":[],"class_list":{"0":"post-3350","1":"product","2":"type-product","3":"status-publish","4":"has-post-thumbnail","6":"product_cat-cinema","7":"product_cat-essais","9":"first","10":"onbackorder","11":"taxable","12":"shipping-taxable","13":"purchasable","14":"product-type-simple"},"yoast_head":"<!-- This site is optimized with the Yoast SEO plugin v27.3 - https:\/\/yoast.com\/product\/yoast-seo-wordpress\/ -->\n<title>Pierre-Auguste Renoir, mon p\u00e8re - l&#039;\u00e9chapp\u00e9e close<\/title>\n<meta name=\"robots\" content=\"index, follow, max-snippet:-1, max-image-preview:large, max-video-preview:-1\" \/>\n<link rel=\"canonical\" href=\"https:\/\/lechappeeclose.it\/it\/boutique\/livres\/arts\/cinema\/pierre-auguste-renoir-mon-pere\/\" \/>\n<meta property=\"og:locale\" content=\"it_IT\" \/>\n<meta property=\"og:type\" content=\"article\" \/>\n<meta property=\"og:title\" content=\"Pierre-Auguste Renoir, mon p\u00e8re - l&#039;\u00e9chapp\u00e9e close\" \/>\n<meta property=\"og:description\" content=\"La vie d&#8217;un des plus grands peintres racont\u00e9e par un des plus grands cin\u00e9astes. Il est vrai que l&#8217;un \u00e9tait le p\u00e8re de l&#8217;autre, et que Jean Renoir est n\u00e9 au &#8221; ch\u00e2teau des Brouillards &#8220;, sur la butte Montartre, \u00e0 deux pas du Moulin de la Galette immortalis\u00e9 par un tableau de Pierre-Auguste. Cette [&hellip;]\" \/>\n<meta property=\"og:url\" content=\"https:\/\/lechappeeclose.it\/it\/boutique\/livres\/arts\/cinema\/pierre-auguste-renoir-mon-pere\/\" \/>\n<meta property=\"og:site_name\" content=\"l&#039;\u00e9chapp\u00e9e close\" \/>\n<meta property=\"article:modified_time\" content=\"2026-01-16T11:15:38+00:00\" \/>\n<meta property=\"og:image\" content=\"https:\/\/lechappeeclose.it\/wp-content\/uploads\/2025\/02\/Pierre-Auguste-Renoir-mon-pere.jpeg\" \/>\n\t<meta property=\"og:image:width\" content=\"642\" \/>\n\t<meta property=\"og:image:height\" content=\"1000\" \/>\n\t<meta property=\"og:image:type\" content=\"image\/jpeg\" \/>\n<meta name=\"twitter:card\" content=\"summary_large_image\" \/>\n<script type=\"application\/ld+json\" class=\"yoast-schema-graph\">{\"@context\":\"https:\\\/\\\/schema.org\",\"@graph\":[{\"@type\":\"WebPage\",\"@id\":\"https:\\\/\\\/lechappeeclose.it\\\/boutique\\\/livres\\\/arts\\\/cinema\\\/pierre-auguste-renoir-mon-pere\\\/\",\"url\":\"https:\\\/\\\/lechappeeclose.it\\\/boutique\\\/livres\\\/arts\\\/cinema\\\/pierre-auguste-renoir-mon-pere\\\/\",\"name\":\"Pierre-Auguste Renoir, mon p\u00e8re - l&#039;\u00e9chapp\u00e9e close\",\"isPartOf\":{\"@id\":\"http:\\\/\\\/lechappeeclose.it\\\/#website\"},\"primaryImageOfPage\":{\"@id\":\"https:\\\/\\\/lechappeeclose.it\\\/boutique\\\/livres\\\/arts\\\/cinema\\\/pierre-auguste-renoir-mon-pere\\\/#primaryimage\"},\"image\":{\"@id\":\"https:\\\/\\\/lechappeeclose.it\\\/boutique\\\/livres\\\/arts\\\/cinema\\\/pierre-auguste-renoir-mon-pere\\\/#primaryimage\"},\"thumbnailUrl\":\"http:\\\/\\\/lechappeeclose.it\\\/wp-content\\\/uploads\\\/2025\\\/02\\\/Pierre-Auguste-Renoir-mon-pere.jpeg\",\"datePublished\":\"2025-01-30T13:47:49+00:00\",\"dateModified\":\"2026-01-16T11:15:38+00:00\",\"breadcrumb\":{\"@id\":\"https:\\\/\\\/lechappeeclose.it\\\/boutique\\\/livres\\\/arts\\\/cinema\\\/pierre-auguste-renoir-mon-pere\\\/#breadcrumb\"},\"inLanguage\":\"it-IT\",\"potentialAction\":[{\"@type\":\"ReadAction\",\"target\":[\"https:\\\/\\\/lechappeeclose.it\\\/boutique\\\/livres\\\/arts\\\/cinema\\\/pierre-auguste-renoir-mon-pere\\\/\"]}]},{\"@type\":\"ImageObject\",\"inLanguage\":\"it-IT\",\"@id\":\"https:\\\/\\\/lechappeeclose.it\\\/boutique\\\/livres\\\/arts\\\/cinema\\\/pierre-auguste-renoir-mon-pere\\\/#primaryimage\",\"url\":\"http:\\\/\\\/lechappeeclose.it\\\/wp-content\\\/uploads\\\/2025\\\/02\\\/Pierre-Auguste-Renoir-mon-pere.jpeg\",\"contentUrl\":\"http:\\\/\\\/lechappeeclose.it\\\/wp-content\\\/uploads\\\/2025\\\/02\\\/Pierre-Auguste-Renoir-mon-pere.jpeg\",\"width\":642,\"height\":1000},{\"@type\":\"BreadcrumbList\",\"@id\":\"https:\\\/\\\/lechappeeclose.it\\\/boutique\\\/livres\\\/arts\\\/cinema\\\/pierre-auguste-renoir-mon-pere\\\/#breadcrumb\",\"itemListElement\":[{\"@type\":\"ListItem\",\"position\":1,\"name\":\"Accueil\",\"item\":\"http:\\\/\\\/lechappeeclose.it\\\/\"},{\"@type\":\"ListItem\",\"position\":2,\"name\":\"Boutique\",\"item\":\"https:\\\/\\\/lechappeeclose.it\\\/boutique\\\/\"},{\"@type\":\"ListItem\",\"position\":3,\"name\":\"Pierre-Auguste Renoir, mon p\u00e8re\"}]},{\"@type\":\"WebSite\",\"@id\":\"http:\\\/\\\/lechappeeclose.it\\\/#website\",\"url\":\"http:\\\/\\\/lechappeeclose.it\\\/\",\"name\":\"l&#039;\u00e9chapp\u00e9e close\",\"description\":\"la librairie fran\u00e7aise de Milan\",\"publisher\":{\"@id\":\"http:\\\/\\\/lechappeeclose.it\\\/#organization\"},\"alternateName\":\"La librairie fran\u00e7aise de Milan\",\"potentialAction\":[{\"@type\":\"SearchAction\",\"target\":{\"@type\":\"EntryPoint\",\"urlTemplate\":\"http:\\\/\\\/lechappeeclose.it\\\/?s={search_term_string}\"},\"query-input\":{\"@type\":\"PropertyValueSpecification\",\"valueRequired\":true,\"valueName\":\"search_term_string\"}}],\"inLanguage\":\"it-IT\"},{\"@type\":\"Organization\",\"@id\":\"http:\\\/\\\/lechappeeclose.it\\\/#organization\",\"name\":\"l&#039;\u00e9chapp\u00e9e close\",\"url\":\"http:\\\/\\\/lechappeeclose.it\\\/\",\"logo\":{\"@type\":\"ImageObject\",\"inLanguage\":\"it-IT\",\"@id\":\"http:\\\/\\\/lechappeeclose.it\\\/#\\\/schema\\\/logo\\\/image\\\/\",\"url\":\"http:\\\/\\\/lechappeeclose.it\\\/wp-content\\\/uploads\\\/2025\\\/02\\\/cropped-logo-rond.png\",\"contentUrl\":\"http:\\\/\\\/lechappeeclose.it\\\/wp-content\\\/uploads\\\/2025\\\/02\\\/cropped-logo-rond.png\",\"width\":1080,\"height\":1080,\"caption\":\"l&#039;\u00e9chapp\u00e9e close\"},\"image\":{\"@id\":\"http:\\\/\\\/lechappeeclose.it\\\/#\\\/schema\\\/logo\\\/image\\\/\"},\"sameAs\":[\"https:\\\/\\\/www.instagram.com\\\/lechappeeclose\\\/\"]}]}<\/script>\n<!-- \/ Yoast SEO plugin. -->","yoast_head_json":{"title":"Pierre-Auguste Renoir, mon p\u00e8re - l&#039;\u00e9chapp\u00e9e close","robots":{"index":"index","follow":"follow","max-snippet":"max-snippet:-1","max-image-preview":"max-image-preview:large","max-video-preview":"max-video-preview:-1"},"canonical":"https:\/\/lechappeeclose.it\/it\/boutique\/livres\/arts\/cinema\/pierre-auguste-renoir-mon-pere\/","og_locale":"it_IT","og_type":"article","og_title":"Pierre-Auguste Renoir, mon p\u00e8re - l&#039;\u00e9chapp\u00e9e close","og_description":"La vie d&#8217;un des plus grands peintres racont\u00e9e par un des plus grands cin\u00e9astes. Il est vrai que l&#8217;un \u00e9tait le p\u00e8re de l&#8217;autre, et que Jean Renoir est n\u00e9 au &#8221; ch\u00e2teau des Brouillards &#8220;, sur la butte Montartre, \u00e0 deux pas du Moulin de la Galette immortalis\u00e9 par un tableau de Pierre-Auguste. Cette [&hellip;]","og_url":"https:\/\/lechappeeclose.it\/it\/boutique\/livres\/arts\/cinema\/pierre-auguste-renoir-mon-pere\/","og_site_name":"l&#039;\u00e9chapp\u00e9e close","article_modified_time":"2026-01-16T11:15:38+00:00","og_image":[{"width":642,"height":1000,"url":"https:\/\/lechappeeclose.it\/wp-content\/uploads\/2025\/02\/Pierre-Auguste-Renoir-mon-pere.jpeg","type":"image\/jpeg"}],"twitter_card":"summary_large_image","schema":{"@context":"https:\/\/schema.org","@graph":[{"@type":"WebPage","@id":"https:\/\/lechappeeclose.it\/boutique\/livres\/arts\/cinema\/pierre-auguste-renoir-mon-pere\/","url":"https:\/\/lechappeeclose.it\/boutique\/livres\/arts\/cinema\/pierre-auguste-renoir-mon-pere\/","name":"Pierre-Auguste Renoir, mon p\u00e8re - l&#039;\u00e9chapp\u00e9e close","isPartOf":{"@id":"http:\/\/lechappeeclose.it\/#website"},"primaryImageOfPage":{"@id":"https:\/\/lechappeeclose.it\/boutique\/livres\/arts\/cinema\/pierre-auguste-renoir-mon-pere\/#primaryimage"},"image":{"@id":"https:\/\/lechappeeclose.it\/boutique\/livres\/arts\/cinema\/pierre-auguste-renoir-mon-pere\/#primaryimage"},"thumbnailUrl":"http:\/\/lechappeeclose.it\/wp-content\/uploads\/2025\/02\/Pierre-Auguste-Renoir-mon-pere.jpeg","datePublished":"2025-01-30T13:47:49+00:00","dateModified":"2026-01-16T11:15:38+00:00","breadcrumb":{"@id":"https:\/\/lechappeeclose.it\/boutique\/livres\/arts\/cinema\/pierre-auguste-renoir-mon-pere\/#breadcrumb"},"inLanguage":"it-IT","potentialAction":[{"@type":"ReadAction","target":["https:\/\/lechappeeclose.it\/boutique\/livres\/arts\/cinema\/pierre-auguste-renoir-mon-pere\/"]}]},{"@type":"ImageObject","inLanguage":"it-IT","@id":"https:\/\/lechappeeclose.it\/boutique\/livres\/arts\/cinema\/pierre-auguste-renoir-mon-pere\/#primaryimage","url":"http:\/\/lechappeeclose.it\/wp-content\/uploads\/2025\/02\/Pierre-Auguste-Renoir-mon-pere.jpeg","contentUrl":"http:\/\/lechappeeclose.it\/wp-content\/uploads\/2025\/02\/Pierre-Auguste-Renoir-mon-pere.jpeg","width":642,"height":1000},{"@type":"BreadcrumbList","@id":"https:\/\/lechappeeclose.it\/boutique\/livres\/arts\/cinema\/pierre-auguste-renoir-mon-pere\/#breadcrumb","itemListElement":[{"@type":"ListItem","position":1,"name":"Accueil","item":"http:\/\/lechappeeclose.it\/"},{"@type":"ListItem","position":2,"name":"Boutique","item":"https:\/\/lechappeeclose.it\/boutique\/"},{"@type":"ListItem","position":3,"name":"Pierre-Auguste Renoir, mon p\u00e8re"}]},{"@type":"WebSite","@id":"http:\/\/lechappeeclose.it\/#website","url":"http:\/\/lechappeeclose.it\/","name":"l&#039;\u00e9chapp\u00e9e close","description":"La libreria francese di Milano","publisher":{"@id":"http:\/\/lechappeeclose.it\/#organization"},"alternateName":"La librairie fran\u00e7aise de Milan","potentialAction":[{"@type":"SearchAction","target":{"@type":"EntryPoint","urlTemplate":"http:\/\/lechappeeclose.it\/?s={search_term_string}"},"query-input":{"@type":"PropertyValueSpecification","valueRequired":true,"valueName":"search_term_string"}}],"inLanguage":"it-IT"},{"@type":"Organization","@id":"http:\/\/lechappeeclose.it\/#organization","name":"l&#039;\u00e9chapp\u00e9e close","url":"http:\/\/lechappeeclose.it\/","logo":{"@type":"ImageObject","inLanguage":"it-IT","@id":"http:\/\/lechappeeclose.it\/#\/schema\/logo\/image\/","url":"http:\/\/lechappeeclose.it\/wp-content\/uploads\/2025\/02\/cropped-logo-rond.png","contentUrl":"http:\/\/lechappeeclose.it\/wp-content\/uploads\/2025\/02\/cropped-logo-rond.png","width":1080,"height":1080,"caption":"l&#039;\u00e9chapp\u00e9e close"},"image":{"@id":"http:\/\/lechappeeclose.it\/#\/schema\/logo\/image\/"},"sameAs":["https:\/\/www.instagram.com\/lechappeeclose\/"]}]}},"_links":{"self":[{"href":"http:\/\/lechappeeclose.it\/it\/wp-json\/wp\/v2\/product\/3350","targetHints":{"allow":["GET"]}}],"collection":[{"href":"http:\/\/lechappeeclose.it\/it\/wp-json\/wp\/v2\/product"}],"about":[{"href":"http:\/\/lechappeeclose.it\/it\/wp-json\/wp\/v2\/types\/product"}],"replies":[{"embeddable":true,"href":"http:\/\/lechappeeclose.it\/it\/wp-json\/wp\/v2\/comments?post=3350"}],"wp:featuredmedia":[{"embeddable":true,"href":"http:\/\/lechappeeclose.it\/it\/wp-json\/wp\/v2\/media\/9216"}],"wp:attachment":[{"href":"http:\/\/lechappeeclose.it\/it\/wp-json\/wp\/v2\/media?parent=3350"}],"wp:term":[{"taxonomy":"product_brand","embeddable":true,"href":"http:\/\/lechappeeclose.it\/it\/wp-json\/wp\/v2\/product_brand?post=3350"},{"taxonomy":"product_cat","embeddable":true,"href":"http:\/\/lechappeeclose.it\/it\/wp-json\/wp\/v2\/product_cat?post=3350"},{"taxonomy":"product_tag","embeddable":true,"href":"http:\/\/lechappeeclose.it\/it\/wp-json\/wp\/v2\/product_tag?post=3350"}],"curies":[{"name":"wp","href":"https:\/\/api.w.org\/{rel}","templated":true}]}}