{"id":3334,"date":"2025-01-30T14:43:36","date_gmt":"2025-01-30T13:43:36","guid":{"rendered":"https:\/\/lechappeeclose.it\/produit\/paolo-uccello-et-la-representation-du-mouvement\/"},"modified":"2025-01-30T14:43:36","modified_gmt":"2025-01-30T13:43:36","slug":"paolo-uccello-et-la-representation-du-mouvement","status":"publish","type":"product","link":"http:\/\/lechappeeclose.it\/it\/boutique\/livres\/arts\/essais\/paolo-uccello-et-la-representation-du-mouvement\/","title":{"rendered":"Paolo Uccello et la repr\u00e9sentation du mouvement"},"content":{"rendered":"<p>James Bloed\u00e9 porte depuis plusieurs d\u00e9cennies son regard sur l\u2019un des plus grands chefs-d\u2019oeuvre du XVe si\u00e8cle italien, La Bataille de San Romano, de Paolo Uccello (Florence, 1397-1475). Sans jamais quitter des yeux les tableaux, l\u2019auteur, peintre et professeur d\u2019analyse des oeuvres \u00e0 l\u2019Ecole nationale sup\u00e9rieure des beaux-arts de Paris, se livre \u00e0 une analyse tr\u00e8s pr\u00e9cise de la composition, l\u2019une des plus fascinantes et complexes jamais con\u00e7ues. Il montre qu\u2019au contraire des id\u00e9es re\u00e7ues, la repr\u00e9sentation du mouvement en constitue le th\u00e8me fondamental. De l\u00e0, l\u2019invention de syst\u00e8mes perspectifs tout particuliers, qui prennent en charge non seulement l\u2019espace mais aussi le temps. Uccello d\u00e9peint diff\u00e9rentes phases de la bataille mais s\u2019attache aussi \u00e0 repr\u00e9senter les actions des protagonistes, allant m\u00eame jusqu\u2019\u00e0 d\u00e9composer cin\u00e9tiquement certains de leurs mouvements. Dans cet exercice du regard, \u00abtout se passe comme si le spectateur pr\u00eatait aux figures repr\u00e9sent\u00e9es la dynamique de sa propre activit\u00e9 perceptive\u00bb.<\/p>","protected":false},"excerpt":{"rendered":"<p>James Bloed\u00e9 porte depuis plusieurs d\u00e9cennies son regard sur l\u2019un des plus grands chefs-d\u2019oeuvre du XVe si\u00e8cle italien, La Bataille de San Romano, de Paolo Uccello (Florence, 1397-1475). Sans jamais quitter des yeux les tableaux, l\u2019auteur, peintre et professeur d\u2019analyse des oeuvres \u00e0 l\u2019Ecole nationale sup\u00e9rieure des beaux-arts de Paris, se livre \u00e0 une analyse [&hellip;]<\/p>","protected":false},"featured_media":3333,"comment_status":"open","ping_status":"closed","template":"","meta":[],"product_brand":[],"product_cat":[208],"product_tag":[],"class_list":{"0":"post-3334","1":"product","2":"type-product","3":"status-publish","4":"has-post-thumbnail","6":"product_cat-essais","8":"first","9":"instock","10":"taxable","11":"shipping-taxable","12":"purchasable","13":"product-type-simple"},"yoast_head":"<!-- This site is optimized with the Yoast SEO plugin v27.3 - https:\/\/yoast.com\/product\/yoast-seo-wordpress\/ -->\n<title>Paolo Uccello et la repr\u00e9sentation du mouvement - l&#039;\u00e9chapp\u00e9e close<\/title>\n<meta name=\"robots\" content=\"index, follow, max-snippet:-1, max-image-preview:large, max-video-preview:-1\" \/>\n<link rel=\"canonical\" href=\"http:\/\/lechappeeclose.it\/it\/boutique\/livres\/arts\/essais\/paolo-uccello-et-la-representation-du-mouvement\/\" \/>\n<meta property=\"og:locale\" content=\"it_IT\" \/>\n<meta property=\"og:type\" content=\"article\" \/>\n<meta property=\"og:title\" content=\"Paolo Uccello et la repr\u00e9sentation du mouvement - l&#039;\u00e9chapp\u00e9e close\" \/>\n<meta property=\"og:description\" content=\"James Bloed\u00e9 porte depuis plusieurs d\u00e9cennies son regard sur l\u2019un des plus grands chefs-d\u2019oeuvre du XVe si\u00e8cle italien, La Bataille de San Romano, de Paolo Uccello (Florence, 1397-1475). Sans jamais quitter des yeux les tableaux, l\u2019auteur, peintre et professeur d\u2019analyse des oeuvres \u00e0 l\u2019Ecole nationale sup\u00e9rieure des beaux-arts de Paris, se livre \u00e0 une analyse [&hellip;]\" \/>\n<meta property=\"og:url\" content=\"http:\/\/lechappeeclose.it\/it\/boutique\/livres\/arts\/essais\/paolo-uccello-et-la-representation-du-mouvement\/\" \/>\n<meta property=\"og:site_name\" content=\"l&#039;\u00e9chapp\u00e9e close\" \/>\n<meta property=\"og:image\" content=\"http:\/\/lechappeeclose.it\/wp-content\/uploads\/2025\/01\/Paolo-Uccello-et-la-representation-du-mouvement.jpg\" \/>\n\t<meta property=\"og:image:width\" content=\"326\" \/>\n\t<meta property=\"og:image:height\" content=\"500\" \/>\n\t<meta property=\"og:image:type\" content=\"image\/jpeg\" \/>\n<meta name=\"twitter:card\" content=\"summary_large_image\" \/>\n<meta name=\"twitter:label1\" content=\"Tempo di lettura stimato\" \/>\n\t<meta name=\"twitter:data1\" content=\"1 minuto\" \/>\n<script type=\"application\/ld+json\" class=\"yoast-schema-graph\">{\"@context\":\"https:\\\/\\\/schema.org\",\"@graph\":[{\"@type\":\"WebPage\",\"@id\":\"http:\\\/\\\/lechappeeclose.it\\\/boutique\\\/livres\\\/arts\\\/essais\\\/paolo-uccello-et-la-representation-du-mouvement\\\/\",\"url\":\"http:\\\/\\\/lechappeeclose.it\\\/boutique\\\/livres\\\/arts\\\/essais\\\/paolo-uccello-et-la-representation-du-mouvement\\\/\",\"name\":\"Paolo Uccello et la repr\u00e9sentation du mouvement - l&#039;\u00e9chapp\u00e9e close\",\"isPartOf\":{\"@id\":\"http:\\\/\\\/lechappeeclose.it\\\/#website\"},\"primaryImageOfPage\":{\"@id\":\"http:\\\/\\\/lechappeeclose.it\\\/boutique\\\/livres\\\/arts\\\/essais\\\/paolo-uccello-et-la-representation-du-mouvement\\\/#primaryimage\"},\"image\":{\"@id\":\"http:\\\/\\\/lechappeeclose.it\\\/boutique\\\/livres\\\/arts\\\/essais\\\/paolo-uccello-et-la-representation-du-mouvement\\\/#primaryimage\"},\"thumbnailUrl\":\"http:\\\/\\\/lechappeeclose.it\\\/wp-content\\\/uploads\\\/2025\\\/01\\\/Paolo-Uccello-et-la-representation-du-mouvement.jpg\",\"datePublished\":\"2025-01-30T13:43:36+00:00\",\"breadcrumb\":{\"@id\":\"http:\\\/\\\/lechappeeclose.it\\\/boutique\\\/livres\\\/arts\\\/essais\\\/paolo-uccello-et-la-representation-du-mouvement\\\/#breadcrumb\"},\"inLanguage\":\"it-IT\",\"potentialAction\":[{\"@type\":\"ReadAction\",\"target\":[\"http:\\\/\\\/lechappeeclose.it\\\/boutique\\\/livres\\\/arts\\\/essais\\\/paolo-uccello-et-la-representation-du-mouvement\\\/\"]}]},{\"@type\":\"ImageObject\",\"inLanguage\":\"it-IT\",\"@id\":\"http:\\\/\\\/lechappeeclose.it\\\/boutique\\\/livres\\\/arts\\\/essais\\\/paolo-uccello-et-la-representation-du-mouvement\\\/#primaryimage\",\"url\":\"http:\\\/\\\/lechappeeclose.it\\\/wp-content\\\/uploads\\\/2025\\\/01\\\/Paolo-Uccello-et-la-representation-du-mouvement.jpg\",\"contentUrl\":\"http:\\\/\\\/lechappeeclose.it\\\/wp-content\\\/uploads\\\/2025\\\/01\\\/Paolo-Uccello-et-la-representation-du-mouvement.jpg\",\"width\":326,\"height\":500},{\"@type\":\"BreadcrumbList\",\"@id\":\"http:\\\/\\\/lechappeeclose.it\\\/boutique\\\/livres\\\/arts\\\/essais\\\/paolo-uccello-et-la-representation-du-mouvement\\\/#breadcrumb\",\"itemListElement\":[{\"@type\":\"ListItem\",\"position\":1,\"name\":\"Accueil\",\"item\":\"http:\\\/\\\/lechappeeclose.it\\\/\"},{\"@type\":\"ListItem\",\"position\":2,\"name\":\"Boutique\",\"item\":\"http:\\\/\\\/lechappeeclose.it\\\/it\\\/boutique\\\/\"},{\"@type\":\"ListItem\",\"position\":3,\"name\":\"Paolo Uccello et la repr\u00e9sentation du mouvement\"}]},{\"@type\":\"WebSite\",\"@id\":\"http:\\\/\\\/lechappeeclose.it\\\/#website\",\"url\":\"http:\\\/\\\/lechappeeclose.it\\\/\",\"name\":\"l&#039;\u00e9chapp\u00e9e close\",\"description\":\"la librairie fran\u00e7aise de Milan\",\"publisher\":{\"@id\":\"http:\\\/\\\/lechappeeclose.it\\\/#organization\"},\"alternateName\":\"La librairie fran\u00e7aise de Milan\",\"potentialAction\":[{\"@type\":\"SearchAction\",\"target\":{\"@type\":\"EntryPoint\",\"urlTemplate\":\"http:\\\/\\\/lechappeeclose.it\\\/?s={search_term_string}\"},\"query-input\":{\"@type\":\"PropertyValueSpecification\",\"valueRequired\":true,\"valueName\":\"search_term_string\"}}],\"inLanguage\":\"it-IT\"},{\"@type\":\"Organization\",\"@id\":\"http:\\\/\\\/lechappeeclose.it\\\/#organization\",\"name\":\"l&#039;\u00e9chapp\u00e9e close\",\"url\":\"http:\\\/\\\/lechappeeclose.it\\\/\",\"logo\":{\"@type\":\"ImageObject\",\"inLanguage\":\"it-IT\",\"@id\":\"http:\\\/\\\/lechappeeclose.it\\\/#\\\/schema\\\/logo\\\/image\\\/\",\"url\":\"http:\\\/\\\/lechappeeclose.it\\\/wp-content\\\/uploads\\\/2025\\\/02\\\/cropped-logo-rond.png\",\"contentUrl\":\"http:\\\/\\\/lechappeeclose.it\\\/wp-content\\\/uploads\\\/2025\\\/02\\\/cropped-logo-rond.png\",\"width\":1080,\"height\":1080,\"caption\":\"l&#039;\u00e9chapp\u00e9e close\"},\"image\":{\"@id\":\"http:\\\/\\\/lechappeeclose.it\\\/#\\\/schema\\\/logo\\\/image\\\/\"},\"sameAs\":[\"https:\\\/\\\/www.instagram.com\\\/lechappeeclose\\\/\"]}]}<\/script>\n<!-- \/ Yoast SEO plugin. -->","yoast_head_json":{"title":"Paolo Uccello et la repr\u00e9sentation du mouvement - l&#039;\u00e9chapp\u00e9e close","robots":{"index":"index","follow":"follow","max-snippet":"max-snippet:-1","max-image-preview":"max-image-preview:large","max-video-preview":"max-video-preview:-1"},"canonical":"http:\/\/lechappeeclose.it\/it\/boutique\/livres\/arts\/essais\/paolo-uccello-et-la-representation-du-mouvement\/","og_locale":"it_IT","og_type":"article","og_title":"Paolo Uccello et la repr\u00e9sentation du mouvement - l&#039;\u00e9chapp\u00e9e close","og_description":"James Bloed\u00e9 porte depuis plusieurs d\u00e9cennies son regard sur l\u2019un des plus grands chefs-d\u2019oeuvre du XVe si\u00e8cle italien, La Bataille de San Romano, de Paolo Uccello (Florence, 1397-1475). Sans jamais quitter des yeux les tableaux, l\u2019auteur, peintre et professeur d\u2019analyse des oeuvres \u00e0 l\u2019Ecole nationale sup\u00e9rieure des beaux-arts de Paris, se livre \u00e0 une analyse [&hellip;]","og_url":"http:\/\/lechappeeclose.it\/it\/boutique\/livres\/arts\/essais\/paolo-uccello-et-la-representation-du-mouvement\/","og_site_name":"l&#039;\u00e9chapp\u00e9e close","og_image":[{"width":326,"height":500,"url":"http:\/\/lechappeeclose.it\/wp-content\/uploads\/2025\/01\/Paolo-Uccello-et-la-representation-du-mouvement.jpg","type":"image\/jpeg"}],"twitter_card":"summary_large_image","twitter_misc":{"Tempo di lettura stimato":"1 minuto"},"schema":{"@context":"https:\/\/schema.org","@graph":[{"@type":"WebPage","@id":"http:\/\/lechappeeclose.it\/boutique\/livres\/arts\/essais\/paolo-uccello-et-la-representation-du-mouvement\/","url":"http:\/\/lechappeeclose.it\/boutique\/livres\/arts\/essais\/paolo-uccello-et-la-representation-du-mouvement\/","name":"Paolo Uccello et la repr\u00e9sentation du mouvement - l&#039;\u00e9chapp\u00e9e close","isPartOf":{"@id":"http:\/\/lechappeeclose.it\/#website"},"primaryImageOfPage":{"@id":"http:\/\/lechappeeclose.it\/boutique\/livres\/arts\/essais\/paolo-uccello-et-la-representation-du-mouvement\/#primaryimage"},"image":{"@id":"http:\/\/lechappeeclose.it\/boutique\/livres\/arts\/essais\/paolo-uccello-et-la-representation-du-mouvement\/#primaryimage"},"thumbnailUrl":"http:\/\/lechappeeclose.it\/wp-content\/uploads\/2025\/01\/Paolo-Uccello-et-la-representation-du-mouvement.jpg","datePublished":"2025-01-30T13:43:36+00:00","breadcrumb":{"@id":"http:\/\/lechappeeclose.it\/boutique\/livres\/arts\/essais\/paolo-uccello-et-la-representation-du-mouvement\/#breadcrumb"},"inLanguage":"it-IT","potentialAction":[{"@type":"ReadAction","target":["http:\/\/lechappeeclose.it\/boutique\/livres\/arts\/essais\/paolo-uccello-et-la-representation-du-mouvement\/"]}]},{"@type":"ImageObject","inLanguage":"it-IT","@id":"http:\/\/lechappeeclose.it\/boutique\/livres\/arts\/essais\/paolo-uccello-et-la-representation-du-mouvement\/#primaryimage","url":"http:\/\/lechappeeclose.it\/wp-content\/uploads\/2025\/01\/Paolo-Uccello-et-la-representation-du-mouvement.jpg","contentUrl":"http:\/\/lechappeeclose.it\/wp-content\/uploads\/2025\/01\/Paolo-Uccello-et-la-representation-du-mouvement.jpg","width":326,"height":500},{"@type":"BreadcrumbList","@id":"http:\/\/lechappeeclose.it\/boutique\/livres\/arts\/essais\/paolo-uccello-et-la-representation-du-mouvement\/#breadcrumb","itemListElement":[{"@type":"ListItem","position":1,"name":"Accueil","item":"http:\/\/lechappeeclose.it\/"},{"@type":"ListItem","position":2,"name":"Boutique","item":"http:\/\/lechappeeclose.it\/it\/boutique\/"},{"@type":"ListItem","position":3,"name":"Paolo Uccello et la repr\u00e9sentation du mouvement"}]},{"@type":"WebSite","@id":"http:\/\/lechappeeclose.it\/#website","url":"http:\/\/lechappeeclose.it\/","name":"l&#039;\u00e9chapp\u00e9e close","description":"La libreria francese di Milano","publisher":{"@id":"http:\/\/lechappeeclose.it\/#organization"},"alternateName":"La librairie fran\u00e7aise de Milan","potentialAction":[{"@type":"SearchAction","target":{"@type":"EntryPoint","urlTemplate":"http:\/\/lechappeeclose.it\/?s={search_term_string}"},"query-input":{"@type":"PropertyValueSpecification","valueRequired":true,"valueName":"search_term_string"}}],"inLanguage":"it-IT"},{"@type":"Organization","@id":"http:\/\/lechappeeclose.it\/#organization","name":"l&#039;\u00e9chapp\u00e9e close","url":"http:\/\/lechappeeclose.it\/","logo":{"@type":"ImageObject","inLanguage":"it-IT","@id":"http:\/\/lechappeeclose.it\/#\/schema\/logo\/image\/","url":"http:\/\/lechappeeclose.it\/wp-content\/uploads\/2025\/02\/cropped-logo-rond.png","contentUrl":"http:\/\/lechappeeclose.it\/wp-content\/uploads\/2025\/02\/cropped-logo-rond.png","width":1080,"height":1080,"caption":"l&#039;\u00e9chapp\u00e9e close"},"image":{"@id":"http:\/\/lechappeeclose.it\/#\/schema\/logo\/image\/"},"sameAs":["https:\/\/www.instagram.com\/lechappeeclose\/"]}]}},"_links":{"self":[{"href":"http:\/\/lechappeeclose.it\/it\/wp-json\/wp\/v2\/product\/3334","targetHints":{"allow":["GET"]}}],"collection":[{"href":"http:\/\/lechappeeclose.it\/it\/wp-json\/wp\/v2\/product"}],"about":[{"href":"http:\/\/lechappeeclose.it\/it\/wp-json\/wp\/v2\/types\/product"}],"replies":[{"embeddable":true,"href":"http:\/\/lechappeeclose.it\/it\/wp-json\/wp\/v2\/comments?post=3334"}],"wp:featuredmedia":[{"embeddable":true,"href":"http:\/\/lechappeeclose.it\/it\/wp-json\/wp\/v2\/media\/3333"}],"wp:attachment":[{"href":"http:\/\/lechappeeclose.it\/it\/wp-json\/wp\/v2\/media?parent=3334"}],"wp:term":[{"taxonomy":"product_brand","embeddable":true,"href":"http:\/\/lechappeeclose.it\/it\/wp-json\/wp\/v2\/product_brand?post=3334"},{"taxonomy":"product_cat","embeddable":true,"href":"http:\/\/lechappeeclose.it\/it\/wp-json\/wp\/v2\/product_cat?post=3334"},{"taxonomy":"product_tag","embeddable":true,"href":"http:\/\/lechappeeclose.it\/it\/wp-json\/wp\/v2\/product_tag?post=3334"}],"curies":[{"name":"wp","href":"https:\/\/api.w.org\/{rel}","templated":true}]}}