{"id":3305,"date":"2025-01-30T14:36:49","date_gmt":"2025-01-30T13:36:49","guid":{"rendered":"https:\/\/lechappeeclose.it\/produit\/palais-n-23-rester-vivant-to-stay-alive\/"},"modified":"2025-01-30T14:36:49","modified_gmt":"2025-01-30T13:36:49","slug":"palais-n-23-rester-vivant-to-stay-alive","status":"publish","type":"product","link":"http:\/\/lechappeeclose.it\/it\/boutique\/livres\/arts\/beaux-arts\/palais-n-23-rester-vivant-to-stay-alive\/","title":{"rendered":"PALAIS n\u00b0 23: Rester vivant \/ To stay alive"},"content":{"rendered":"<p>Exhibition catalog; based on the exhibition &#8220;Rester vivant&#8221; held at the Palais de Tokyo, Paris, 23 June &#8211; 12 September 2016. Text in French with parallel translation in English.Ouvrage publi\u00e9 \u00e0 l&#8217;occasion de l&#8217;exposition \u00e9v\u00e8nement pr\u00e9sent\u00e9e au Palais de Tokyo, du 23 juin au 11 septembre 2016. Textes en fran\u00e7ais et en anglais.RESTER VIVANT, exposition \u00e9v\u00e8nement dont le catalogue \u00e9ponyme est enti\u00e8rement con\u00e7u par Michel Houellebecq. Rester vivant, titre de son premier recueil de po\u00e8mes, est une reconstitution de l&#8217;univers mental de l&#8217;\u00e9crivain. 120 photographies de Michel Houellebecq seront reproduites ainsi que des oeuvres d&#8217;artistes invit\u00e9s comme Robert Combas, Renaud Marchand &#8230; Seront reproduits des extraits de La Carte et le Territoire, d&#8217;Approches du d\u00e9sarroi (essai th\u00e9orique, r\u00e9flexion sur le monde contemporain, l&#8217;art, l&#8217;\u00e9criture, le travail, la conversation, la politique &#8230;), de La Possibilit\u00e9 d&#8217;une \u00eele et des po\u00e8mes extraits des recueils La Poursuite du bonheur et Le Sens du combat.PALAIS magazine is dedicating its issue 23 to Michel Houellebecq\u2019s exhibition \u201cRester vivant\u201d, presented at the Palais de Tokyo from 23 June to 12 September 2016.This is an exceptional event, because it is the first large-scale show devoted to Michel Houellebecq as an artist. This is also a special issue of PALAIS magazine with Michel Houellebecq as guest editor-in-chief.This issue of PALAIS magazine follows the organisation of the exhibition in chapters. Thanks to a series of unpublished interviews with Michel Houellebecq, a selection of his writings (essays, poems, novel extracts) and texts by guest authors, the issue provides a discovery of his visual universe, and its intertwining with the many creative forms which the writer uses (music, cinema, performance\u2026).Contents of this issue: photographs and a selection of texts by Michel Houellebecq as well as a series of interviews between Michel Houellebecq and Jean de Loisy, Yan C\u00e9h, Robert Combas (edited by Richard Leydier), Beno\u00eet Del\u00e9pine, Nelly Kapri\u00e8lian, an essay by St\u00e9phanie Moisdon and portfolios by Robert Combas, Marie-Pierre Gauthier and Renaud Marchand.This issue of PALAIS magazine has been co-published with Flammarion.Alternative ISBN: 978-2-84711-061-6 \/ ISSN: 1 951-672X<\/p>","protected":false},"excerpt":{"rendered":"<p>Exhibition catalog; based on the exhibition &#8220;Rester vivant&#8221; held at the Palais de Tokyo, Paris, 23 June &#8211; 12 September 2016. Text in French with parallel translation in English.Ouvrage publi\u00e9 \u00e0 l&#8217;occasion de l&#8217;exposition \u00e9v\u00e8nement pr\u00e9sent\u00e9e au Palais de Tokyo, du 23 juin au 11 septembre 2016. Textes en fran\u00e7ais et en anglais.RESTER VIVANT, exposition [&hellip;]<\/p>","protected":false},"featured_media":3304,"comment_status":"open","ping_status":"closed","template":"","meta":[],"product_brand":[],"product_cat":[41],"product_tag":[],"class_list":{"0":"post-3305","1":"product","2":"type-product","3":"status-publish","4":"has-post-thumbnail","6":"product_cat-beaux-arts","8":"first","9":"instock","10":"taxable","11":"shipping-taxable","12":"purchasable","13":"product-type-simple"},"yoast_head":"<!-- This site is optimized with the Yoast SEO plugin v27.4 - https:\/\/yoast.com\/product\/yoast-seo-wordpress\/ -->\n<title>PALAIS n\u00b0 23: Rester vivant \/ To stay alive - l&#039;\u00e9chapp\u00e9e close<\/title>\n<meta name=\"robots\" content=\"index, follow, max-snippet:-1, max-image-preview:large, max-video-preview:-1\" \/>\n<link rel=\"canonical\" href=\"http:\/\/lechappeeclose.it\/it\/boutique\/livres\/arts\/beaux-arts\/palais-n-23-rester-vivant-to-stay-alive\/\" \/>\n<meta property=\"og:locale\" content=\"it_IT\" \/>\n<meta property=\"og:type\" content=\"article\" \/>\n<meta property=\"og:title\" content=\"PALAIS n\u00b0 23: Rester vivant \/ To stay alive - l&#039;\u00e9chapp\u00e9e close\" \/>\n<meta property=\"og:description\" content=\"Exhibition catalog; based on the exhibition &#8220;Rester vivant&#8221; held at the Palais de Tokyo, Paris, 23 June &#8211; 12 September 2016. Text in French with parallel translation in English.Ouvrage publi\u00e9 \u00e0 l&#8217;occasion de l&#8217;exposition \u00e9v\u00e8nement pr\u00e9sent\u00e9e au Palais de Tokyo, du 23 juin au 11 septembre 2016. Textes en fran\u00e7ais et en anglais.RESTER VIVANT, exposition [&hellip;]\" \/>\n<meta property=\"og:url\" content=\"http:\/\/lechappeeclose.it\/it\/boutique\/livres\/arts\/beaux-arts\/palais-n-23-rester-vivant-to-stay-alive\/\" \/>\n<meta property=\"og:site_name\" content=\"l&#039;\u00e9chapp\u00e9e close\" \/>\n<meta property=\"og:image\" content=\"http:\/\/lechappeeclose.it\/wp-content\/uploads\/2025\/01\/PALAIS-n\u00b0-23-Rester-vivant-To-stay-alive.jpg\" \/>\n\t<meta property=\"og:image:width\" content=\"1150\" \/>\n\t<meta property=\"og:image:height\" content=\"1458\" \/>\n\t<meta property=\"og:image:type\" content=\"image\/jpeg\" \/>\n<meta name=\"twitter:card\" content=\"summary_large_image\" \/>\n<meta name=\"twitter:label1\" content=\"Tempo di lettura stimato\" \/>\n\t<meta name=\"twitter:data1\" content=\"2 minuti\" \/>\n<script type=\"application\/ld+json\" class=\"yoast-schema-graph\">{\"@context\":\"https:\\\/\\\/schema.org\",\"@graph\":[{\"@type\":\"WebPage\",\"@id\":\"http:\\\/\\\/lechappeeclose.it\\\/boutique\\\/livres\\\/arts\\\/beaux-arts\\\/palais-n-23-rester-vivant-to-stay-alive\\\/\",\"url\":\"http:\\\/\\\/lechappeeclose.it\\\/boutique\\\/livres\\\/arts\\\/beaux-arts\\\/palais-n-23-rester-vivant-to-stay-alive\\\/\",\"name\":\"PALAIS n\u00b0 23: Rester vivant \\\/ To stay alive - l&#039;\u00e9chapp\u00e9e close\",\"isPartOf\":{\"@id\":\"http:\\\/\\\/lechappeeclose.it\\\/#website\"},\"primaryImageOfPage\":{\"@id\":\"http:\\\/\\\/lechappeeclose.it\\\/boutique\\\/livres\\\/arts\\\/beaux-arts\\\/palais-n-23-rester-vivant-to-stay-alive\\\/#primaryimage\"},\"image\":{\"@id\":\"http:\\\/\\\/lechappeeclose.it\\\/boutique\\\/livres\\\/arts\\\/beaux-arts\\\/palais-n-23-rester-vivant-to-stay-alive\\\/#primaryimage\"},\"thumbnailUrl\":\"http:\\\/\\\/lechappeeclose.it\\\/wp-content\\\/uploads\\\/2025\\\/01\\\/PALAIS-n\u00b0-23-Rester-vivant-To-stay-alive.jpg\",\"datePublished\":\"2025-01-30T13:36:49+00:00\",\"breadcrumb\":{\"@id\":\"http:\\\/\\\/lechappeeclose.it\\\/boutique\\\/livres\\\/arts\\\/beaux-arts\\\/palais-n-23-rester-vivant-to-stay-alive\\\/#breadcrumb\"},\"inLanguage\":\"it-IT\",\"potentialAction\":[{\"@type\":\"ReadAction\",\"target\":[\"http:\\\/\\\/lechappeeclose.it\\\/boutique\\\/livres\\\/arts\\\/beaux-arts\\\/palais-n-23-rester-vivant-to-stay-alive\\\/\"]}]},{\"@type\":\"ImageObject\",\"inLanguage\":\"it-IT\",\"@id\":\"http:\\\/\\\/lechappeeclose.it\\\/boutique\\\/livres\\\/arts\\\/beaux-arts\\\/palais-n-23-rester-vivant-to-stay-alive\\\/#primaryimage\",\"url\":\"http:\\\/\\\/lechappeeclose.it\\\/wp-content\\\/uploads\\\/2025\\\/01\\\/PALAIS-n\u00b0-23-Rester-vivant-To-stay-alive.jpg\",\"contentUrl\":\"http:\\\/\\\/lechappeeclose.it\\\/wp-content\\\/uploads\\\/2025\\\/01\\\/PALAIS-n\u00b0-23-Rester-vivant-To-stay-alive.jpg\",\"width\":1150,\"height\":1458},{\"@type\":\"BreadcrumbList\",\"@id\":\"http:\\\/\\\/lechappeeclose.it\\\/boutique\\\/livres\\\/arts\\\/beaux-arts\\\/palais-n-23-rester-vivant-to-stay-alive\\\/#breadcrumb\",\"itemListElement\":[{\"@type\":\"ListItem\",\"position\":1,\"name\":\"Accueil\",\"item\":\"http:\\\/\\\/lechappeeclose.it\\\/\"},{\"@type\":\"ListItem\",\"position\":2,\"name\":\"Boutique\",\"item\":\"http:\\\/\\\/lechappeeclose.it\\\/it\\\/boutique\\\/\"},{\"@type\":\"ListItem\",\"position\":3,\"name\":\"PALAIS n\u00b0 23: Rester vivant \\\/ To stay alive\"}]},{\"@type\":\"WebSite\",\"@id\":\"http:\\\/\\\/lechappeeclose.it\\\/#website\",\"url\":\"http:\\\/\\\/lechappeeclose.it\\\/\",\"name\":\"l&#039;\u00e9chapp\u00e9e close\",\"description\":\"la librairie fran\u00e7aise de Milan\",\"publisher\":{\"@id\":\"http:\\\/\\\/lechappeeclose.it\\\/#organization\"},\"alternateName\":\"La librairie fran\u00e7aise de Milan\",\"potentialAction\":[{\"@type\":\"SearchAction\",\"target\":{\"@type\":\"EntryPoint\",\"urlTemplate\":\"http:\\\/\\\/lechappeeclose.it\\\/?s={search_term_string}\"},\"query-input\":{\"@type\":\"PropertyValueSpecification\",\"valueRequired\":true,\"valueName\":\"search_term_string\"}}],\"inLanguage\":\"it-IT\"},{\"@type\":\"Organization\",\"@id\":\"http:\\\/\\\/lechappeeclose.it\\\/#organization\",\"name\":\"l&#039;\u00e9chapp\u00e9e close\",\"url\":\"http:\\\/\\\/lechappeeclose.it\\\/\",\"logo\":{\"@type\":\"ImageObject\",\"inLanguage\":\"it-IT\",\"@id\":\"http:\\\/\\\/lechappeeclose.it\\\/#\\\/schema\\\/logo\\\/image\\\/\",\"url\":\"http:\\\/\\\/lechappeeclose.it\\\/wp-content\\\/uploads\\\/2025\\\/02\\\/cropped-logo-rond.png\",\"contentUrl\":\"http:\\\/\\\/lechappeeclose.it\\\/wp-content\\\/uploads\\\/2025\\\/02\\\/cropped-logo-rond.png\",\"width\":1080,\"height\":1080,\"caption\":\"l&#039;\u00e9chapp\u00e9e close\"},\"image\":{\"@id\":\"http:\\\/\\\/lechappeeclose.it\\\/#\\\/schema\\\/logo\\\/image\\\/\"},\"sameAs\":[\"https:\\\/\\\/www.instagram.com\\\/lechappeeclose\\\/\"]}]}<\/script>\n<!-- \/ Yoast SEO plugin. -->","yoast_head_json":{"title":"PALAIS n\u00b0 23: Rester vivant \/ To stay alive - l&#039;\u00e9chapp\u00e9e close","robots":{"index":"index","follow":"follow","max-snippet":"max-snippet:-1","max-image-preview":"max-image-preview:large","max-video-preview":"max-video-preview:-1"},"canonical":"http:\/\/lechappeeclose.it\/it\/boutique\/livres\/arts\/beaux-arts\/palais-n-23-rester-vivant-to-stay-alive\/","og_locale":"it_IT","og_type":"article","og_title":"PALAIS n\u00b0 23: Rester vivant \/ To stay alive - l&#039;\u00e9chapp\u00e9e close","og_description":"Exhibition catalog; based on the exhibition &#8220;Rester vivant&#8221; held at the Palais de Tokyo, Paris, 23 June &#8211; 12 September 2016. Text in French with parallel translation in English.Ouvrage publi\u00e9 \u00e0 l&#8217;occasion de l&#8217;exposition \u00e9v\u00e8nement pr\u00e9sent\u00e9e au Palais de Tokyo, du 23 juin au 11 septembre 2016. Textes en fran\u00e7ais et en anglais.RESTER VIVANT, exposition [&hellip;]","og_url":"http:\/\/lechappeeclose.it\/it\/boutique\/livres\/arts\/beaux-arts\/palais-n-23-rester-vivant-to-stay-alive\/","og_site_name":"l&#039;\u00e9chapp\u00e9e close","og_image":[{"width":1150,"height":1458,"url":"http:\/\/lechappeeclose.it\/wp-content\/uploads\/2025\/01\/PALAIS-n\u00b0-23-Rester-vivant-To-stay-alive.jpg","type":"image\/jpeg"}],"twitter_card":"summary_large_image","twitter_misc":{"Tempo di lettura stimato":"2 minuti"},"schema":{"@context":"https:\/\/schema.org","@graph":[{"@type":"WebPage","@id":"http:\/\/lechappeeclose.it\/boutique\/livres\/arts\/beaux-arts\/palais-n-23-rester-vivant-to-stay-alive\/","url":"http:\/\/lechappeeclose.it\/boutique\/livres\/arts\/beaux-arts\/palais-n-23-rester-vivant-to-stay-alive\/","name":"PALAIS n\u00b0 23: Rester vivant \/ To stay alive - l&#039;\u00e9chapp\u00e9e close","isPartOf":{"@id":"http:\/\/lechappeeclose.it\/#website"},"primaryImageOfPage":{"@id":"http:\/\/lechappeeclose.it\/boutique\/livres\/arts\/beaux-arts\/palais-n-23-rester-vivant-to-stay-alive\/#primaryimage"},"image":{"@id":"http:\/\/lechappeeclose.it\/boutique\/livres\/arts\/beaux-arts\/palais-n-23-rester-vivant-to-stay-alive\/#primaryimage"},"thumbnailUrl":"http:\/\/lechappeeclose.it\/wp-content\/uploads\/2025\/01\/PALAIS-n\u00b0-23-Rester-vivant-To-stay-alive.jpg","datePublished":"2025-01-30T13:36:49+00:00","breadcrumb":{"@id":"http:\/\/lechappeeclose.it\/boutique\/livres\/arts\/beaux-arts\/palais-n-23-rester-vivant-to-stay-alive\/#breadcrumb"},"inLanguage":"it-IT","potentialAction":[{"@type":"ReadAction","target":["http:\/\/lechappeeclose.it\/boutique\/livres\/arts\/beaux-arts\/palais-n-23-rester-vivant-to-stay-alive\/"]}]},{"@type":"ImageObject","inLanguage":"it-IT","@id":"http:\/\/lechappeeclose.it\/boutique\/livres\/arts\/beaux-arts\/palais-n-23-rester-vivant-to-stay-alive\/#primaryimage","url":"http:\/\/lechappeeclose.it\/wp-content\/uploads\/2025\/01\/PALAIS-n\u00b0-23-Rester-vivant-To-stay-alive.jpg","contentUrl":"http:\/\/lechappeeclose.it\/wp-content\/uploads\/2025\/01\/PALAIS-n\u00b0-23-Rester-vivant-To-stay-alive.jpg","width":1150,"height":1458},{"@type":"BreadcrumbList","@id":"http:\/\/lechappeeclose.it\/boutique\/livres\/arts\/beaux-arts\/palais-n-23-rester-vivant-to-stay-alive\/#breadcrumb","itemListElement":[{"@type":"ListItem","position":1,"name":"Accueil","item":"http:\/\/lechappeeclose.it\/"},{"@type":"ListItem","position":2,"name":"Boutique","item":"http:\/\/lechappeeclose.it\/it\/boutique\/"},{"@type":"ListItem","position":3,"name":"PALAIS n\u00b0 23: Rester vivant \/ To stay alive"}]},{"@type":"WebSite","@id":"http:\/\/lechappeeclose.it\/#website","url":"http:\/\/lechappeeclose.it\/","name":"l&#039;\u00e9chapp\u00e9e close","description":"La libreria francese di Milano","publisher":{"@id":"http:\/\/lechappeeclose.it\/#organization"},"alternateName":"La librairie fran\u00e7aise de Milan","potentialAction":[{"@type":"SearchAction","target":{"@type":"EntryPoint","urlTemplate":"http:\/\/lechappeeclose.it\/?s={search_term_string}"},"query-input":{"@type":"PropertyValueSpecification","valueRequired":true,"valueName":"search_term_string"}}],"inLanguage":"it-IT"},{"@type":"Organization","@id":"http:\/\/lechappeeclose.it\/#organization","name":"l&#039;\u00e9chapp\u00e9e close","url":"http:\/\/lechappeeclose.it\/","logo":{"@type":"ImageObject","inLanguage":"it-IT","@id":"http:\/\/lechappeeclose.it\/#\/schema\/logo\/image\/","url":"http:\/\/lechappeeclose.it\/wp-content\/uploads\/2025\/02\/cropped-logo-rond.png","contentUrl":"http:\/\/lechappeeclose.it\/wp-content\/uploads\/2025\/02\/cropped-logo-rond.png","width":1080,"height":1080,"caption":"l&#039;\u00e9chapp\u00e9e close"},"image":{"@id":"http:\/\/lechappeeclose.it\/#\/schema\/logo\/image\/"},"sameAs":["https:\/\/www.instagram.com\/lechappeeclose\/"]}]}},"_links":{"self":[{"href":"http:\/\/lechappeeclose.it\/it\/wp-json\/wp\/v2\/product\/3305","targetHints":{"allow":["GET"]}}],"collection":[{"href":"http:\/\/lechappeeclose.it\/it\/wp-json\/wp\/v2\/product"}],"about":[{"href":"http:\/\/lechappeeclose.it\/it\/wp-json\/wp\/v2\/types\/product"}],"replies":[{"embeddable":true,"href":"http:\/\/lechappeeclose.it\/it\/wp-json\/wp\/v2\/comments?post=3305"}],"wp:featuredmedia":[{"embeddable":true,"href":"http:\/\/lechappeeclose.it\/it\/wp-json\/wp\/v2\/media\/3304"}],"wp:attachment":[{"href":"http:\/\/lechappeeclose.it\/it\/wp-json\/wp\/v2\/media?parent=3305"}],"wp:term":[{"taxonomy":"product_brand","embeddable":true,"href":"http:\/\/lechappeeclose.it\/it\/wp-json\/wp\/v2\/product_brand?post=3305"},{"taxonomy":"product_cat","embeddable":true,"href":"http:\/\/lechappeeclose.it\/it\/wp-json\/wp\/v2\/product_cat?post=3305"},{"taxonomy":"product_tag","embeddable":true,"href":"http:\/\/lechappeeclose.it\/it\/wp-json\/wp\/v2\/product_tag?post=3305"}],"curies":[{"name":"wp","href":"https:\/\/api.w.org\/{rel}","templated":true}]}}