{"id":3268,"date":"2025-01-30T13:45:29","date_gmt":"2025-01-30T12:45:29","guid":{"rendered":"https:\/\/lechappeeclose.it\/produit\/le-prince-foudroye-la-vie-de-nicolas-de-stael\/"},"modified":"2025-01-30T13:45:29","modified_gmt":"2025-01-30T12:45:29","slug":"le-prince-foudroye-la-vie-de-nicolas-de-stael","status":"publish","type":"product","link":"http:\/\/lechappeeclose.it\/it\/boutique\/livres\/arts\/essais\/le-prince-foudroye-la-vie-de-nicolas-de-stael\/","title":{"rendered":"Le Prince foudroy\u00e9 : la vie de Nicolas de Sta\u00ebl"},"content":{"rendered":"<p>Son unique obsession \u00e9tait la peinture : elle \u00e9tait son souffle, son sang. Quand Nicolas de Sta\u00ebl (1914-1955) se donna la mort, \u00e0 quarante et un ans, il laissait plus de mille tableaux, autant de dessins, et l&#8217;\u00e9nigme d&#8217;une vie men\u00e9e au galop. Insolent et g\u00e9n\u00e9reux, Sta\u00ebl savait masquer sous le rire les failles d&#8217;une enfance bris\u00e9e par la r\u00e9volution russe de 1917 et les rigueurs d&#8217;un exil polonais. La reconnaissance arriva des \u00c9tats-Unis, alors qu&#8217;il avait trente-neuf ans. Trop t\u00f4t ou trop tard : il s&#8217;\u00e9tait d\u00e9j\u00e0 r\u00e9fugi\u00e9 en Provence, \u00e9cras\u00e9 de gloire, fraternisant avec Ren\u00e9 Char, br\u00fblant sa vie. Sa morale tenait en quelques mots : &#8221; Il faut travailler beaucoup, une tonne de passion et cent grammes de patience. &#8221; Voici la chevauch\u00e9e de ce prince foudroy\u00e9.<\/p>","protected":false},"excerpt":{"rendered":"<p>Son unique obsession \u00e9tait la peinture : elle \u00e9tait son souffle, son sang. Quand Nicolas de Sta\u00ebl (1914-1955) se donna la mort, \u00e0 quarante et un ans, il laissait plus de mille tableaux, autant de dessins, et l&#8217;\u00e9nigme d&#8217;une vie men\u00e9e au galop. Insolent et g\u00e9n\u00e9reux, Sta\u00ebl savait masquer sous le rire les failles d&#8217;une [&hellip;]<\/p>","protected":false},"featured_media":3267,"comment_status":"open","ping_status":"closed","template":"","meta":[],"product_brand":[],"product_cat":[208],"product_tag":[],"class_list":{"0":"post-3268","1":"product","2":"type-product","3":"status-publish","4":"has-post-thumbnail","6":"product_cat-essais","8":"first","9":"instock","10":"taxable","11":"shipping-taxable","12":"purchasable","13":"product-type-simple"},"yoast_head":"<!-- This site is optimized with the Yoast SEO plugin v27.4 - https:\/\/yoast.com\/product\/yoast-seo-wordpress\/ -->\n<title>Le Prince foudroy\u00e9 : la vie de Nicolas de Sta\u00ebl - l&#039;\u00e9chapp\u00e9e close<\/title>\n<meta name=\"robots\" content=\"index, follow, max-snippet:-1, max-image-preview:large, max-video-preview:-1\" \/>\n<link rel=\"canonical\" href=\"http:\/\/lechappeeclose.it\/it\/boutique\/livres\/arts\/essais\/le-prince-foudroye-la-vie-de-nicolas-de-stael\/\" \/>\n<meta property=\"og:locale\" content=\"it_IT\" \/>\n<meta property=\"og:type\" content=\"article\" \/>\n<meta property=\"og:title\" content=\"Le Prince foudroy\u00e9 : la vie de Nicolas de Sta\u00ebl - l&#039;\u00e9chapp\u00e9e close\" \/>\n<meta property=\"og:description\" content=\"Son unique obsession \u00e9tait la peinture : elle \u00e9tait son souffle, son sang. Quand Nicolas de Sta\u00ebl (1914-1955) se donna la mort, \u00e0 quarante et un ans, il laissait plus de mille tableaux, autant de dessins, et l&#8217;\u00e9nigme d&#8217;une vie men\u00e9e au galop. Insolent et g\u00e9n\u00e9reux, Sta\u00ebl savait masquer sous le rire les failles d&#8217;une [&hellip;]\" \/>\n<meta property=\"og:url\" content=\"http:\/\/lechappeeclose.it\/it\/boutique\/livres\/arts\/essais\/le-prince-foudroye-la-vie-de-nicolas-de-stael\/\" \/>\n<meta property=\"og:site_name\" content=\"l&#039;\u00e9chapp\u00e9e close\" \/>\n<meta property=\"og:image\" content=\"http:\/\/lechappeeclose.it\/wp-content\/uploads\/2025\/01\/Le-Prince-foudroye-la-vie-de-Nicolas-de-Stael.jpg\" \/>\n\t<meta property=\"og:image:width\" content=\"297\" \/>\n\t<meta property=\"og:image:height\" content=\"500\" \/>\n\t<meta property=\"og:image:type\" content=\"image\/jpeg\" \/>\n<meta name=\"twitter:card\" content=\"summary_large_image\" \/>\n<meta name=\"twitter:label1\" content=\"Tempo di lettura stimato\" \/>\n\t<meta name=\"twitter:data1\" content=\"1 minuto\" \/>\n<script type=\"application\/ld+json\" class=\"yoast-schema-graph\">{\"@context\":\"https:\\\/\\\/schema.org\",\"@graph\":[{\"@type\":\"WebPage\",\"@id\":\"http:\\\/\\\/lechappeeclose.it\\\/boutique\\\/livres\\\/arts\\\/essais\\\/le-prince-foudroye-la-vie-de-nicolas-de-stael\\\/\",\"url\":\"http:\\\/\\\/lechappeeclose.it\\\/boutique\\\/livres\\\/arts\\\/essais\\\/le-prince-foudroye-la-vie-de-nicolas-de-stael\\\/\",\"name\":\"Le Prince foudroy\u00e9 : la vie de Nicolas de Sta\u00ebl - l&#039;\u00e9chapp\u00e9e close\",\"isPartOf\":{\"@id\":\"http:\\\/\\\/lechappeeclose.it\\\/#website\"},\"primaryImageOfPage\":{\"@id\":\"http:\\\/\\\/lechappeeclose.it\\\/boutique\\\/livres\\\/arts\\\/essais\\\/le-prince-foudroye-la-vie-de-nicolas-de-stael\\\/#primaryimage\"},\"image\":{\"@id\":\"http:\\\/\\\/lechappeeclose.it\\\/boutique\\\/livres\\\/arts\\\/essais\\\/le-prince-foudroye-la-vie-de-nicolas-de-stael\\\/#primaryimage\"},\"thumbnailUrl\":\"http:\\\/\\\/lechappeeclose.it\\\/wp-content\\\/uploads\\\/2025\\\/01\\\/Le-Prince-foudroye-la-vie-de-Nicolas-de-Stael.jpg\",\"datePublished\":\"2025-01-30T12:45:29+00:00\",\"breadcrumb\":{\"@id\":\"http:\\\/\\\/lechappeeclose.it\\\/boutique\\\/livres\\\/arts\\\/essais\\\/le-prince-foudroye-la-vie-de-nicolas-de-stael\\\/#breadcrumb\"},\"inLanguage\":\"it-IT\",\"potentialAction\":[{\"@type\":\"ReadAction\",\"target\":[\"http:\\\/\\\/lechappeeclose.it\\\/boutique\\\/livres\\\/arts\\\/essais\\\/le-prince-foudroye-la-vie-de-nicolas-de-stael\\\/\"]}]},{\"@type\":\"ImageObject\",\"inLanguage\":\"it-IT\",\"@id\":\"http:\\\/\\\/lechappeeclose.it\\\/boutique\\\/livres\\\/arts\\\/essais\\\/le-prince-foudroye-la-vie-de-nicolas-de-stael\\\/#primaryimage\",\"url\":\"http:\\\/\\\/lechappeeclose.it\\\/wp-content\\\/uploads\\\/2025\\\/01\\\/Le-Prince-foudroye-la-vie-de-Nicolas-de-Stael.jpg\",\"contentUrl\":\"http:\\\/\\\/lechappeeclose.it\\\/wp-content\\\/uploads\\\/2025\\\/01\\\/Le-Prince-foudroye-la-vie-de-Nicolas-de-Stael.jpg\",\"width\":297,\"height\":500},{\"@type\":\"BreadcrumbList\",\"@id\":\"http:\\\/\\\/lechappeeclose.it\\\/boutique\\\/livres\\\/arts\\\/essais\\\/le-prince-foudroye-la-vie-de-nicolas-de-stael\\\/#breadcrumb\",\"itemListElement\":[{\"@type\":\"ListItem\",\"position\":1,\"name\":\"Accueil\",\"item\":\"http:\\\/\\\/lechappeeclose.it\\\/\"},{\"@type\":\"ListItem\",\"position\":2,\"name\":\"Boutique\",\"item\":\"http:\\\/\\\/lechappeeclose.it\\\/it\\\/boutique\\\/\"},{\"@type\":\"ListItem\",\"position\":3,\"name\":\"Le Prince foudroy\u00e9 : la vie de Nicolas de Sta\u00ebl\"}]},{\"@type\":\"WebSite\",\"@id\":\"http:\\\/\\\/lechappeeclose.it\\\/#website\",\"url\":\"http:\\\/\\\/lechappeeclose.it\\\/\",\"name\":\"l&#039;\u00e9chapp\u00e9e close\",\"description\":\"la librairie fran\u00e7aise de Milan\",\"publisher\":{\"@id\":\"http:\\\/\\\/lechappeeclose.it\\\/#organization\"},\"alternateName\":\"La librairie fran\u00e7aise de Milan\",\"potentialAction\":[{\"@type\":\"SearchAction\",\"target\":{\"@type\":\"EntryPoint\",\"urlTemplate\":\"http:\\\/\\\/lechappeeclose.it\\\/?s={search_term_string}\"},\"query-input\":{\"@type\":\"PropertyValueSpecification\",\"valueRequired\":true,\"valueName\":\"search_term_string\"}}],\"inLanguage\":\"it-IT\"},{\"@type\":\"Organization\",\"@id\":\"http:\\\/\\\/lechappeeclose.it\\\/#organization\",\"name\":\"l&#039;\u00e9chapp\u00e9e close\",\"url\":\"http:\\\/\\\/lechappeeclose.it\\\/\",\"logo\":{\"@type\":\"ImageObject\",\"inLanguage\":\"it-IT\",\"@id\":\"http:\\\/\\\/lechappeeclose.it\\\/#\\\/schema\\\/logo\\\/image\\\/\",\"url\":\"http:\\\/\\\/lechappeeclose.it\\\/wp-content\\\/uploads\\\/2025\\\/02\\\/cropped-logo-rond.png\",\"contentUrl\":\"http:\\\/\\\/lechappeeclose.it\\\/wp-content\\\/uploads\\\/2025\\\/02\\\/cropped-logo-rond.png\",\"width\":1080,\"height\":1080,\"caption\":\"l&#039;\u00e9chapp\u00e9e close\"},\"image\":{\"@id\":\"http:\\\/\\\/lechappeeclose.it\\\/#\\\/schema\\\/logo\\\/image\\\/\"},\"sameAs\":[\"https:\\\/\\\/www.instagram.com\\\/lechappeeclose\\\/\"]}]}<\/script>\n<!-- \/ Yoast SEO plugin. -->","yoast_head_json":{"title":"Le Prince foudroy\u00e9 : la vie de Nicolas de Sta\u00ebl - l&#039;\u00e9chapp\u00e9e close","robots":{"index":"index","follow":"follow","max-snippet":"max-snippet:-1","max-image-preview":"max-image-preview:large","max-video-preview":"max-video-preview:-1"},"canonical":"http:\/\/lechappeeclose.it\/it\/boutique\/livres\/arts\/essais\/le-prince-foudroye-la-vie-de-nicolas-de-stael\/","og_locale":"it_IT","og_type":"article","og_title":"Le Prince foudroy\u00e9 : la vie de Nicolas de Sta\u00ebl - l&#039;\u00e9chapp\u00e9e close","og_description":"Son unique obsession \u00e9tait la peinture : elle \u00e9tait son souffle, son sang. Quand Nicolas de Sta\u00ebl (1914-1955) se donna la mort, \u00e0 quarante et un ans, il laissait plus de mille tableaux, autant de dessins, et l&#8217;\u00e9nigme d&#8217;une vie men\u00e9e au galop. Insolent et g\u00e9n\u00e9reux, Sta\u00ebl savait masquer sous le rire les failles d&#8217;une [&hellip;]","og_url":"http:\/\/lechappeeclose.it\/it\/boutique\/livres\/arts\/essais\/le-prince-foudroye-la-vie-de-nicolas-de-stael\/","og_site_name":"l&#039;\u00e9chapp\u00e9e close","og_image":[{"width":297,"height":500,"url":"http:\/\/lechappeeclose.it\/wp-content\/uploads\/2025\/01\/Le-Prince-foudroye-la-vie-de-Nicolas-de-Stael.jpg","type":"image\/jpeg"}],"twitter_card":"summary_large_image","twitter_misc":{"Tempo di lettura stimato":"1 minuto"},"schema":{"@context":"https:\/\/schema.org","@graph":[{"@type":"WebPage","@id":"http:\/\/lechappeeclose.it\/boutique\/livres\/arts\/essais\/le-prince-foudroye-la-vie-de-nicolas-de-stael\/","url":"http:\/\/lechappeeclose.it\/boutique\/livres\/arts\/essais\/le-prince-foudroye-la-vie-de-nicolas-de-stael\/","name":"Le Prince foudroy\u00e9 : la vie de Nicolas de Sta\u00ebl - l&#039;\u00e9chapp\u00e9e close","isPartOf":{"@id":"http:\/\/lechappeeclose.it\/#website"},"primaryImageOfPage":{"@id":"http:\/\/lechappeeclose.it\/boutique\/livres\/arts\/essais\/le-prince-foudroye-la-vie-de-nicolas-de-stael\/#primaryimage"},"image":{"@id":"http:\/\/lechappeeclose.it\/boutique\/livres\/arts\/essais\/le-prince-foudroye-la-vie-de-nicolas-de-stael\/#primaryimage"},"thumbnailUrl":"http:\/\/lechappeeclose.it\/wp-content\/uploads\/2025\/01\/Le-Prince-foudroye-la-vie-de-Nicolas-de-Stael.jpg","datePublished":"2025-01-30T12:45:29+00:00","breadcrumb":{"@id":"http:\/\/lechappeeclose.it\/boutique\/livres\/arts\/essais\/le-prince-foudroye-la-vie-de-nicolas-de-stael\/#breadcrumb"},"inLanguage":"it-IT","potentialAction":[{"@type":"ReadAction","target":["http:\/\/lechappeeclose.it\/boutique\/livres\/arts\/essais\/le-prince-foudroye-la-vie-de-nicolas-de-stael\/"]}]},{"@type":"ImageObject","inLanguage":"it-IT","@id":"http:\/\/lechappeeclose.it\/boutique\/livres\/arts\/essais\/le-prince-foudroye-la-vie-de-nicolas-de-stael\/#primaryimage","url":"http:\/\/lechappeeclose.it\/wp-content\/uploads\/2025\/01\/Le-Prince-foudroye-la-vie-de-Nicolas-de-Stael.jpg","contentUrl":"http:\/\/lechappeeclose.it\/wp-content\/uploads\/2025\/01\/Le-Prince-foudroye-la-vie-de-Nicolas-de-Stael.jpg","width":297,"height":500},{"@type":"BreadcrumbList","@id":"http:\/\/lechappeeclose.it\/boutique\/livres\/arts\/essais\/le-prince-foudroye-la-vie-de-nicolas-de-stael\/#breadcrumb","itemListElement":[{"@type":"ListItem","position":1,"name":"Accueil","item":"http:\/\/lechappeeclose.it\/"},{"@type":"ListItem","position":2,"name":"Boutique","item":"http:\/\/lechappeeclose.it\/it\/boutique\/"},{"@type":"ListItem","position":3,"name":"Le Prince foudroy\u00e9 : la vie de Nicolas de Sta\u00ebl"}]},{"@type":"WebSite","@id":"http:\/\/lechappeeclose.it\/#website","url":"http:\/\/lechappeeclose.it\/","name":"l&#039;\u00e9chapp\u00e9e close","description":"La libreria francese di Milano","publisher":{"@id":"http:\/\/lechappeeclose.it\/#organization"},"alternateName":"La librairie fran\u00e7aise de Milan","potentialAction":[{"@type":"SearchAction","target":{"@type":"EntryPoint","urlTemplate":"http:\/\/lechappeeclose.it\/?s={search_term_string}"},"query-input":{"@type":"PropertyValueSpecification","valueRequired":true,"valueName":"search_term_string"}}],"inLanguage":"it-IT"},{"@type":"Organization","@id":"http:\/\/lechappeeclose.it\/#organization","name":"l&#039;\u00e9chapp\u00e9e close","url":"http:\/\/lechappeeclose.it\/","logo":{"@type":"ImageObject","inLanguage":"it-IT","@id":"http:\/\/lechappeeclose.it\/#\/schema\/logo\/image\/","url":"http:\/\/lechappeeclose.it\/wp-content\/uploads\/2025\/02\/cropped-logo-rond.png","contentUrl":"http:\/\/lechappeeclose.it\/wp-content\/uploads\/2025\/02\/cropped-logo-rond.png","width":1080,"height":1080,"caption":"l&#039;\u00e9chapp\u00e9e close"},"image":{"@id":"http:\/\/lechappeeclose.it\/#\/schema\/logo\/image\/"},"sameAs":["https:\/\/www.instagram.com\/lechappeeclose\/"]}]}},"_links":{"self":[{"href":"http:\/\/lechappeeclose.it\/it\/wp-json\/wp\/v2\/product\/3268","targetHints":{"allow":["GET"]}}],"collection":[{"href":"http:\/\/lechappeeclose.it\/it\/wp-json\/wp\/v2\/product"}],"about":[{"href":"http:\/\/lechappeeclose.it\/it\/wp-json\/wp\/v2\/types\/product"}],"replies":[{"embeddable":true,"href":"http:\/\/lechappeeclose.it\/it\/wp-json\/wp\/v2\/comments?post=3268"}],"wp:featuredmedia":[{"embeddable":true,"href":"http:\/\/lechappeeclose.it\/it\/wp-json\/wp\/v2\/media\/3267"}],"wp:attachment":[{"href":"http:\/\/lechappeeclose.it\/it\/wp-json\/wp\/v2\/media?parent=3268"}],"wp:term":[{"taxonomy":"product_brand","embeddable":true,"href":"http:\/\/lechappeeclose.it\/it\/wp-json\/wp\/v2\/product_brand?post=3268"},{"taxonomy":"product_cat","embeddable":true,"href":"http:\/\/lechappeeclose.it\/it\/wp-json\/wp\/v2\/product_cat?post=3268"},{"taxonomy":"product_tag","embeddable":true,"href":"http:\/\/lechappeeclose.it\/it\/wp-json\/wp\/v2\/product_tag?post=3268"}],"curies":[{"name":"wp","href":"https:\/\/api.w.org\/{rel}","templated":true}]}}