{"id":3128,"date":"2025-01-30T12:38:50","date_gmt":"2025-01-30T11:38:50","guid":{"rendered":"https:\/\/lechappeeclose.it\/produit\/paris-dans-les-pas-de-patrick-modiano\/"},"modified":"2025-01-30T12:38:50","modified_gmt":"2025-01-30T11:38:50","slug":"paris-dans-les-pas-de-patrick-modiano","status":"publish","type":"product","link":"http:\/\/lechappeeclose.it\/it\/boutique\/livres\/arts\/paris\/paris-dans-les-pas-de-patrick-modiano\/","title":{"rendered":"Paris dans les pas de Patrick Modiano"},"content":{"rendered":"<p>Le Paris de Patrick Modiano est une ville int\u00e9rieure, \u00e0 la fois pr\u00e9cise et floue. Les \u00e9poques s&#8217;y superposent, de la nuit de l&#8217;Occupation aux ombres des ann\u00e9es 1960 et de la fin de la guerre d&#8217;Alg\u00e9rie. Dans ces d\u00e9cors brumeux \u00e9voluent des personnages en apesanteur, toujours en qu\u00eate de quelque chose ou de quelqu&#8217;un, s&#8217;effor\u00e7ant de brouiller les pistes en s&#8217;\u00e9loignant du centre pour trouver refuge dans des zones neutres, aux confins de la ville. Grand ma\u00eetre des illusions et des enqu\u00eates inabouties, g\u00e9om\u00e8tre expert, Patrick Modiano fait de Paris un immense jeu de piste spatial et temporel : &#8220;La topographie d&#8217;une ville, c&#8217;est toute votre vie qui vous revient \u00e0 la m\u00e9moire par couches successives, comme si vous pouviez d\u00e9chiffrer les \u00e9critures superpos\u00e9es d&#8217;un palimpseste.&#8221;<\/p>","protected":false},"excerpt":{"rendered":"<p>Le Paris de Patrick Modiano est une ville int\u00e9rieure, \u00e0 la fois pr\u00e9cise et floue. Les \u00e9poques s&#8217;y superposent, de la nuit de l&#8217;Occupation aux ombres des ann\u00e9es 1960 et de la fin de la guerre d&#8217;Alg\u00e9rie. Dans ces d\u00e9cors brumeux \u00e9voluent des personnages en apesanteur, toujours en qu\u00eate de quelque chose ou de quelqu&#8217;un, [&hellip;]<\/p>","protected":false},"featured_media":3127,"comment_status":"open","ping_status":"closed","template":"","meta":[],"product_brand":[],"product_cat":[42],"product_tag":[],"class_list":{"0":"post-3128","1":"product","2":"type-product","3":"status-publish","4":"has-post-thumbnail","6":"product_cat-paris","8":"first","9":"instock","10":"taxable","11":"shipping-taxable","12":"purchasable","13":"product-type-simple"},"yoast_head":"<!-- This site is optimized with the Yoast SEO plugin v27.4 - https:\/\/yoast.com\/product\/yoast-seo-wordpress\/ -->\n<title>Paris dans les pas de Patrick Modiano - l&#039;\u00e9chapp\u00e9e close<\/title>\n<meta name=\"robots\" content=\"index, follow, max-snippet:-1, max-image-preview:large, max-video-preview:-1\" \/>\n<link rel=\"canonical\" href=\"https:\/\/lechappeeclose.it\/it\/boutique\/livres\/arts\/paris\/paris-dans-les-pas-de-patrick-modiano\/\" \/>\n<meta property=\"og:locale\" content=\"it_IT\" \/>\n<meta property=\"og:type\" content=\"article\" \/>\n<meta property=\"og:title\" content=\"Paris dans les pas de Patrick Modiano - l&#039;\u00e9chapp\u00e9e close\" \/>\n<meta property=\"og:description\" content=\"Le Paris de Patrick Modiano est une ville int\u00e9rieure, \u00e0 la fois pr\u00e9cise et floue. Les \u00e9poques s&#8217;y superposent, de la nuit de l&#8217;Occupation aux ombres des ann\u00e9es 1960 et de la fin de la guerre d&#8217;Alg\u00e9rie. Dans ces d\u00e9cors brumeux \u00e9voluent des personnages en apesanteur, toujours en qu\u00eate de quelque chose ou de quelqu&#8217;un, [&hellip;]\" \/>\n<meta property=\"og:url\" content=\"https:\/\/lechappeeclose.it\/it\/boutique\/livres\/arts\/paris\/paris-dans-les-pas-de-patrick-modiano\/\" \/>\n<meta property=\"og:site_name\" content=\"l&#039;\u00e9chapp\u00e9e close\" \/>\n<meta property=\"og:image\" content=\"https:\/\/lechappeeclose.it\/wp-content\/uploads\/2025\/01\/Paris-dans-les-pas-de-Patrick-Modiano.jpg\" \/>\n\t<meta property=\"og:image:width\" content=\"800\" \/>\n\t<meta property=\"og:image:height\" content=\"1120\" \/>\n\t<meta property=\"og:image:type\" content=\"image\/jpeg\" \/>\n<meta name=\"twitter:card\" content=\"summary_large_image\" \/>\n<meta name=\"twitter:label1\" content=\"Tempo di lettura stimato\" \/>\n\t<meta name=\"twitter:data1\" content=\"1 minuto\" \/>\n<script type=\"application\/ld+json\" class=\"yoast-schema-graph\">{\"@context\":\"https:\\\/\\\/schema.org\",\"@graph\":[{\"@type\":\"WebPage\",\"@id\":\"https:\\\/\\\/lechappeeclose.it\\\/boutique\\\/livres\\\/arts\\\/paris\\\/paris-dans-les-pas-de-patrick-modiano\\\/\",\"url\":\"https:\\\/\\\/lechappeeclose.it\\\/boutique\\\/livres\\\/arts\\\/paris\\\/paris-dans-les-pas-de-patrick-modiano\\\/\",\"name\":\"Paris dans les pas de Patrick Modiano - l&#039;\u00e9chapp\u00e9e close\",\"isPartOf\":{\"@id\":\"http:\\\/\\\/lechappeeclose.it\\\/#website\"},\"primaryImageOfPage\":{\"@id\":\"https:\\\/\\\/lechappeeclose.it\\\/boutique\\\/livres\\\/arts\\\/paris\\\/paris-dans-les-pas-de-patrick-modiano\\\/#primaryimage\"},\"image\":{\"@id\":\"https:\\\/\\\/lechappeeclose.it\\\/boutique\\\/livres\\\/arts\\\/paris\\\/paris-dans-les-pas-de-patrick-modiano\\\/#primaryimage\"},\"thumbnailUrl\":\"http:\\\/\\\/lechappeeclose.it\\\/wp-content\\\/uploads\\\/2025\\\/01\\\/Paris-dans-les-pas-de-Patrick-Modiano.jpg\",\"datePublished\":\"2025-01-30T11:38:50+00:00\",\"breadcrumb\":{\"@id\":\"https:\\\/\\\/lechappeeclose.it\\\/boutique\\\/livres\\\/arts\\\/paris\\\/paris-dans-les-pas-de-patrick-modiano\\\/#breadcrumb\"},\"inLanguage\":\"it-IT\",\"potentialAction\":[{\"@type\":\"ReadAction\",\"target\":[\"https:\\\/\\\/lechappeeclose.it\\\/boutique\\\/livres\\\/arts\\\/paris\\\/paris-dans-les-pas-de-patrick-modiano\\\/\"]}]},{\"@type\":\"ImageObject\",\"inLanguage\":\"it-IT\",\"@id\":\"https:\\\/\\\/lechappeeclose.it\\\/boutique\\\/livres\\\/arts\\\/paris\\\/paris-dans-les-pas-de-patrick-modiano\\\/#primaryimage\",\"url\":\"http:\\\/\\\/lechappeeclose.it\\\/wp-content\\\/uploads\\\/2025\\\/01\\\/Paris-dans-les-pas-de-Patrick-Modiano.jpg\",\"contentUrl\":\"http:\\\/\\\/lechappeeclose.it\\\/wp-content\\\/uploads\\\/2025\\\/01\\\/Paris-dans-les-pas-de-Patrick-Modiano.jpg\",\"width\":800,\"height\":1120},{\"@type\":\"BreadcrumbList\",\"@id\":\"https:\\\/\\\/lechappeeclose.it\\\/boutique\\\/livres\\\/arts\\\/paris\\\/paris-dans-les-pas-de-patrick-modiano\\\/#breadcrumb\",\"itemListElement\":[{\"@type\":\"ListItem\",\"position\":1,\"name\":\"Accueil\",\"item\":\"http:\\\/\\\/lechappeeclose.it\\\/\"},{\"@type\":\"ListItem\",\"position\":2,\"name\":\"Boutique\",\"item\":\"http:\\\/\\\/lechappeeclose.it\\\/boutique\\\/\"},{\"@type\":\"ListItem\",\"position\":3,\"name\":\"Paris dans les pas de Patrick Modiano\"}]},{\"@type\":\"WebSite\",\"@id\":\"http:\\\/\\\/lechappeeclose.it\\\/#website\",\"url\":\"http:\\\/\\\/lechappeeclose.it\\\/\",\"name\":\"l&#039;\u00e9chapp\u00e9e close\",\"description\":\"la librairie fran\u00e7aise de Milan\",\"publisher\":{\"@id\":\"http:\\\/\\\/lechappeeclose.it\\\/#organization\"},\"alternateName\":\"La librairie fran\u00e7aise de Milan\",\"potentialAction\":[{\"@type\":\"SearchAction\",\"target\":{\"@type\":\"EntryPoint\",\"urlTemplate\":\"http:\\\/\\\/lechappeeclose.it\\\/?s={search_term_string}\"},\"query-input\":{\"@type\":\"PropertyValueSpecification\",\"valueRequired\":true,\"valueName\":\"search_term_string\"}}],\"inLanguage\":\"it-IT\"},{\"@type\":\"Organization\",\"@id\":\"http:\\\/\\\/lechappeeclose.it\\\/#organization\",\"name\":\"l&#039;\u00e9chapp\u00e9e close\",\"url\":\"http:\\\/\\\/lechappeeclose.it\\\/\",\"logo\":{\"@type\":\"ImageObject\",\"inLanguage\":\"it-IT\",\"@id\":\"http:\\\/\\\/lechappeeclose.it\\\/#\\\/schema\\\/logo\\\/image\\\/\",\"url\":\"http:\\\/\\\/lechappeeclose.it\\\/wp-content\\\/uploads\\\/2025\\\/02\\\/cropped-logo-rond.png\",\"contentUrl\":\"http:\\\/\\\/lechappeeclose.it\\\/wp-content\\\/uploads\\\/2025\\\/02\\\/cropped-logo-rond.png\",\"width\":1080,\"height\":1080,\"caption\":\"l&#039;\u00e9chapp\u00e9e close\"},\"image\":{\"@id\":\"http:\\\/\\\/lechappeeclose.it\\\/#\\\/schema\\\/logo\\\/image\\\/\"},\"sameAs\":[\"https:\\\/\\\/www.instagram.com\\\/lechappeeclose\\\/\"]}]}<\/script>\n<!-- \/ Yoast SEO plugin. -->","yoast_head_json":{"title":"Paris dans les pas de Patrick Modiano - l&#039;\u00e9chapp\u00e9e close","robots":{"index":"index","follow":"follow","max-snippet":"max-snippet:-1","max-image-preview":"max-image-preview:large","max-video-preview":"max-video-preview:-1"},"canonical":"https:\/\/lechappeeclose.it\/it\/boutique\/livres\/arts\/paris\/paris-dans-les-pas-de-patrick-modiano\/","og_locale":"it_IT","og_type":"article","og_title":"Paris dans les pas de Patrick Modiano - l&#039;\u00e9chapp\u00e9e close","og_description":"Le Paris de Patrick Modiano est une ville int\u00e9rieure, \u00e0 la fois pr\u00e9cise et floue. Les \u00e9poques s&#8217;y superposent, de la nuit de l&#8217;Occupation aux ombres des ann\u00e9es 1960 et de la fin de la guerre d&#8217;Alg\u00e9rie. Dans ces d\u00e9cors brumeux \u00e9voluent des personnages en apesanteur, toujours en qu\u00eate de quelque chose ou de quelqu&#8217;un, [&hellip;]","og_url":"https:\/\/lechappeeclose.it\/it\/boutique\/livres\/arts\/paris\/paris-dans-les-pas-de-patrick-modiano\/","og_site_name":"l&#039;\u00e9chapp\u00e9e close","og_image":[{"width":800,"height":1120,"url":"https:\/\/lechappeeclose.it\/wp-content\/uploads\/2025\/01\/Paris-dans-les-pas-de-Patrick-Modiano.jpg","type":"image\/jpeg"}],"twitter_card":"summary_large_image","twitter_misc":{"Tempo di lettura stimato":"1 minuto"},"schema":{"@context":"https:\/\/schema.org","@graph":[{"@type":"WebPage","@id":"https:\/\/lechappeeclose.it\/boutique\/livres\/arts\/paris\/paris-dans-les-pas-de-patrick-modiano\/","url":"https:\/\/lechappeeclose.it\/boutique\/livres\/arts\/paris\/paris-dans-les-pas-de-patrick-modiano\/","name":"Paris dans les pas de Patrick Modiano - l&#039;\u00e9chapp\u00e9e close","isPartOf":{"@id":"http:\/\/lechappeeclose.it\/#website"},"primaryImageOfPage":{"@id":"https:\/\/lechappeeclose.it\/boutique\/livres\/arts\/paris\/paris-dans-les-pas-de-patrick-modiano\/#primaryimage"},"image":{"@id":"https:\/\/lechappeeclose.it\/boutique\/livres\/arts\/paris\/paris-dans-les-pas-de-patrick-modiano\/#primaryimage"},"thumbnailUrl":"http:\/\/lechappeeclose.it\/wp-content\/uploads\/2025\/01\/Paris-dans-les-pas-de-Patrick-Modiano.jpg","datePublished":"2025-01-30T11:38:50+00:00","breadcrumb":{"@id":"https:\/\/lechappeeclose.it\/boutique\/livres\/arts\/paris\/paris-dans-les-pas-de-patrick-modiano\/#breadcrumb"},"inLanguage":"it-IT","potentialAction":[{"@type":"ReadAction","target":["https:\/\/lechappeeclose.it\/boutique\/livres\/arts\/paris\/paris-dans-les-pas-de-patrick-modiano\/"]}]},{"@type":"ImageObject","inLanguage":"it-IT","@id":"https:\/\/lechappeeclose.it\/boutique\/livres\/arts\/paris\/paris-dans-les-pas-de-patrick-modiano\/#primaryimage","url":"http:\/\/lechappeeclose.it\/wp-content\/uploads\/2025\/01\/Paris-dans-les-pas-de-Patrick-Modiano.jpg","contentUrl":"http:\/\/lechappeeclose.it\/wp-content\/uploads\/2025\/01\/Paris-dans-les-pas-de-Patrick-Modiano.jpg","width":800,"height":1120},{"@type":"BreadcrumbList","@id":"https:\/\/lechappeeclose.it\/boutique\/livres\/arts\/paris\/paris-dans-les-pas-de-patrick-modiano\/#breadcrumb","itemListElement":[{"@type":"ListItem","position":1,"name":"Accueil","item":"http:\/\/lechappeeclose.it\/"},{"@type":"ListItem","position":2,"name":"Boutique","item":"http:\/\/lechappeeclose.it\/boutique\/"},{"@type":"ListItem","position":3,"name":"Paris dans les pas de Patrick Modiano"}]},{"@type":"WebSite","@id":"http:\/\/lechappeeclose.it\/#website","url":"http:\/\/lechappeeclose.it\/","name":"l&#039;\u00e9chapp\u00e9e close","description":"La libreria francese di Milano","publisher":{"@id":"http:\/\/lechappeeclose.it\/#organization"},"alternateName":"La librairie fran\u00e7aise de Milan","potentialAction":[{"@type":"SearchAction","target":{"@type":"EntryPoint","urlTemplate":"http:\/\/lechappeeclose.it\/?s={search_term_string}"},"query-input":{"@type":"PropertyValueSpecification","valueRequired":true,"valueName":"search_term_string"}}],"inLanguage":"it-IT"},{"@type":"Organization","@id":"http:\/\/lechappeeclose.it\/#organization","name":"l&#039;\u00e9chapp\u00e9e close","url":"http:\/\/lechappeeclose.it\/","logo":{"@type":"ImageObject","inLanguage":"it-IT","@id":"http:\/\/lechappeeclose.it\/#\/schema\/logo\/image\/","url":"http:\/\/lechappeeclose.it\/wp-content\/uploads\/2025\/02\/cropped-logo-rond.png","contentUrl":"http:\/\/lechappeeclose.it\/wp-content\/uploads\/2025\/02\/cropped-logo-rond.png","width":1080,"height":1080,"caption":"l&#039;\u00e9chapp\u00e9e close"},"image":{"@id":"http:\/\/lechappeeclose.it\/#\/schema\/logo\/image\/"},"sameAs":["https:\/\/www.instagram.com\/lechappeeclose\/"]}]}},"_links":{"self":[{"href":"http:\/\/lechappeeclose.it\/it\/wp-json\/wp\/v2\/product\/3128","targetHints":{"allow":["GET"]}}],"collection":[{"href":"http:\/\/lechappeeclose.it\/it\/wp-json\/wp\/v2\/product"}],"about":[{"href":"http:\/\/lechappeeclose.it\/it\/wp-json\/wp\/v2\/types\/product"}],"replies":[{"embeddable":true,"href":"http:\/\/lechappeeclose.it\/it\/wp-json\/wp\/v2\/comments?post=3128"}],"wp:featuredmedia":[{"embeddable":true,"href":"http:\/\/lechappeeclose.it\/it\/wp-json\/wp\/v2\/media\/3127"}],"wp:attachment":[{"href":"http:\/\/lechappeeclose.it\/it\/wp-json\/wp\/v2\/media?parent=3128"}],"wp:term":[{"taxonomy":"product_brand","embeddable":true,"href":"http:\/\/lechappeeclose.it\/it\/wp-json\/wp\/v2\/product_brand?post=3128"},{"taxonomy":"product_cat","embeddable":true,"href":"http:\/\/lechappeeclose.it\/it\/wp-json\/wp\/v2\/product_cat?post=3128"},{"taxonomy":"product_tag","embeddable":true,"href":"http:\/\/lechappeeclose.it\/it\/wp-json\/wp\/v2\/product_tag?post=3128"}],"curies":[{"name":"wp","href":"https:\/\/api.w.org\/{rel}","templated":true}]}}