{"id":3068,"date":"2025-01-30T12:11:04","date_gmt":"2025-01-30T11:11:04","guid":{"rendered":"https:\/\/lechappeeclose.it\/produit\/la-funambule-sur-le-fil-dune-tendre-geometrie\/"},"modified":"2026-01-30T11:54:43","modified_gmt":"2026-01-30T10:54:43","slug":"la-funambule-sur-le-fil-dune-tendre-geometrie","status":"publish","type":"product","link":"http:\/\/lechappeeclose.it\/it\/boutique\/livres\/arts\/design\/la-funambule-sur-le-fil-dune-tendre-geometrie\/","title":{"rendered":"La funambule sur le fil d&#8217;une tendre g\u00e9om\u00e9trie"},"content":{"rendered":"<p>Cet ouvrage revient sur les s\u00e9ries les plus r\u00e9centes r\u00e9alis\u00e9es par Sabine Finkenauer, et a \u00e9t\u00e9 publi\u00e9 \u00e0 l&#8217;occasion de son exposition au Studio Fotokino en juin 2021. N\u00e9e en 1961 \u00e0 Rockenhausen (Allemagne), Sabine Finkenauer a longtemps pratiqu\u00e9 la sculpture avant d?\u00e9largir son travail \u00e0 d?autres supports, notamment depuis 1993, date \u00e0 laquelle est s?est install\u00e9e \u00e0 Barcelone. Les formes que Sabine Finkenauer invente ont la simplicit\u00e9 de l?essentiel et la gr\u00e2ce de l?insouciance. Elle dessine sur papier, peint sur toile, r\u00e9alise des collages ou des sculptures, o\u00f9 se croisent couleurs, constructions, rythmes, qui parfois \u00e9voquent des ossatures architecturales, des objets familiers ou des structures v\u00e9g\u00e9tales sans jamais les d\u00e9signer avec certitude.00Exhibition: Studio Fotokino, Marseille, France (12.06-01.08.2021).<\/p>","protected":false},"excerpt":{"rendered":"<p>Cet ouvrage revient sur les s\u00e9ries les plus r\u00e9centes r\u00e9alis\u00e9es par Sabine Finkenauer, et a \u00e9t\u00e9 publi\u00e9 \u00e0 l&#8217;occasion de son exposition au Studio Fotokino en juin 2021. N\u00e9e en 1961 \u00e0 Rockenhausen (Allemagne), Sabine Finkenauer a longtemps pratiqu\u00e9 la sculpture avant d?\u00e9largir son travail \u00e0 d?autres supports, notamment depuis 1993, date \u00e0 laquelle est [&hellip;]<\/p>","protected":false},"featured_media":3067,"comment_status":"open","ping_status":"closed","template":"","meta":[],"product_brand":[],"product_cat":[38],"product_tag":[],"class_list":{"0":"post-3068","1":"product","2":"type-product","3":"status-publish","4":"has-post-thumbnail","6":"product_cat-design","8":"first","9":"onbackorder","10":"taxable","11":"shipping-taxable","12":"purchasable","13":"product-type-simple"},"yoast_head":"<!-- This site is optimized with the Yoast SEO plugin v27.4 - https:\/\/yoast.com\/product\/yoast-seo-wordpress\/ -->\n<title>La funambule sur le fil d&#039;une tendre g\u00e9om\u00e9trie - l&#039;\u00e9chapp\u00e9e close<\/title>\n<meta name=\"robots\" content=\"index, follow, max-snippet:-1, max-image-preview:large, max-video-preview:-1\" \/>\n<link rel=\"canonical\" href=\"http:\/\/lechappeeclose.it\/it\/boutique\/livres\/arts\/design\/la-funambule-sur-le-fil-dune-tendre-geometrie\/\" \/>\n<meta property=\"og:locale\" content=\"it_IT\" \/>\n<meta property=\"og:type\" content=\"article\" \/>\n<meta property=\"og:title\" content=\"La funambule sur le fil d&#039;une tendre g\u00e9om\u00e9trie - l&#039;\u00e9chapp\u00e9e close\" \/>\n<meta property=\"og:description\" content=\"Cet ouvrage revient sur les s\u00e9ries les plus r\u00e9centes r\u00e9alis\u00e9es par Sabine Finkenauer, et a \u00e9t\u00e9 publi\u00e9 \u00e0 l&#8217;occasion de son exposition au Studio Fotokino en juin 2021. N\u00e9e en 1961 \u00e0 Rockenhausen (Allemagne), Sabine Finkenauer a longtemps pratiqu\u00e9 la sculpture avant d?\u00e9largir son travail \u00e0 d?autres supports, notamment depuis 1993, date \u00e0 laquelle est [&hellip;]\" \/>\n<meta property=\"og:url\" content=\"http:\/\/lechappeeclose.it\/it\/boutique\/livres\/arts\/design\/la-funambule-sur-le-fil-dune-tendre-geometrie\/\" \/>\n<meta property=\"og:site_name\" content=\"l&#039;\u00e9chapp\u00e9e close\" \/>\n<meta property=\"article:modified_time\" content=\"2026-01-30T10:54:43+00:00\" \/>\n<meta property=\"og:image\" content=\"http:\/\/lechappeeclose.it\/wp-content\/uploads\/2025\/01\/La-funambule-sur-le-fil-dune-tendre-geometrie.jpg\" \/>\n\t<meta property=\"og:image:width\" content=\"402\" \/>\n\t<meta property=\"og:image:height\" content=\"500\" \/>\n\t<meta property=\"og:image:type\" content=\"image\/jpeg\" \/>\n<meta name=\"twitter:card\" content=\"summary_large_image\" \/>\n<meta name=\"twitter:label1\" content=\"Tempo di lettura stimato\" \/>\n\t<meta name=\"twitter:data1\" content=\"1 minuto\" \/>\n<script type=\"application\/ld+json\" class=\"yoast-schema-graph\">{\"@context\":\"https:\\\/\\\/schema.org\",\"@graph\":[{\"@type\":\"WebPage\",\"@id\":\"http:\\\/\\\/lechappeeclose.it\\\/it\\\/boutique\\\/livres\\\/arts\\\/design\\\/la-funambule-sur-le-fil-dune-tendre-geometrie\\\/\",\"url\":\"http:\\\/\\\/lechappeeclose.it\\\/it\\\/boutique\\\/livres\\\/arts\\\/design\\\/la-funambule-sur-le-fil-dune-tendre-geometrie\\\/\",\"name\":\"La funambule sur le fil d'une tendre g\u00e9om\u00e9trie - l&#039;\u00e9chapp\u00e9e close\",\"isPartOf\":{\"@id\":\"http:\\\/\\\/lechappeeclose.it\\\/#website\"},\"primaryImageOfPage\":{\"@id\":\"http:\\\/\\\/lechappeeclose.it\\\/it\\\/boutique\\\/livres\\\/arts\\\/design\\\/la-funambule-sur-le-fil-dune-tendre-geometrie\\\/#primaryimage\"},\"image\":{\"@id\":\"http:\\\/\\\/lechappeeclose.it\\\/it\\\/boutique\\\/livres\\\/arts\\\/design\\\/la-funambule-sur-le-fil-dune-tendre-geometrie\\\/#primaryimage\"},\"thumbnailUrl\":\"http:\\\/\\\/lechappeeclose.it\\\/wp-content\\\/uploads\\\/2025\\\/01\\\/La-funambule-sur-le-fil-dune-tendre-geometrie.jpg\",\"datePublished\":\"2025-01-30T11:11:04+00:00\",\"dateModified\":\"2026-01-30T10:54:43+00:00\",\"breadcrumb\":{\"@id\":\"http:\\\/\\\/lechappeeclose.it\\\/it\\\/boutique\\\/livres\\\/arts\\\/design\\\/la-funambule-sur-le-fil-dune-tendre-geometrie\\\/#breadcrumb\"},\"inLanguage\":\"it-IT\",\"potentialAction\":[{\"@type\":\"ReadAction\",\"target\":[\"http:\\\/\\\/lechappeeclose.it\\\/it\\\/boutique\\\/livres\\\/arts\\\/design\\\/la-funambule-sur-le-fil-dune-tendre-geometrie\\\/\"]}]},{\"@type\":\"ImageObject\",\"inLanguage\":\"it-IT\",\"@id\":\"http:\\\/\\\/lechappeeclose.it\\\/it\\\/boutique\\\/livres\\\/arts\\\/design\\\/la-funambule-sur-le-fil-dune-tendre-geometrie\\\/#primaryimage\",\"url\":\"http:\\\/\\\/lechappeeclose.it\\\/wp-content\\\/uploads\\\/2025\\\/01\\\/La-funambule-sur-le-fil-dune-tendre-geometrie.jpg\",\"contentUrl\":\"http:\\\/\\\/lechappeeclose.it\\\/wp-content\\\/uploads\\\/2025\\\/01\\\/La-funambule-sur-le-fil-dune-tendre-geometrie.jpg\",\"width\":402,\"height\":500},{\"@type\":\"BreadcrumbList\",\"@id\":\"http:\\\/\\\/lechappeeclose.it\\\/it\\\/boutique\\\/livres\\\/arts\\\/design\\\/la-funambule-sur-le-fil-dune-tendre-geometrie\\\/#breadcrumb\",\"itemListElement\":[{\"@type\":\"ListItem\",\"position\":1,\"name\":\"Accueil\",\"item\":\"http:\\\/\\\/lechappeeclose.it\\\/\"},{\"@type\":\"ListItem\",\"position\":2,\"name\":\"Boutique\",\"item\":\"http:\\\/\\\/lechappeeclose.it\\\/it\\\/boutique\\\/\"},{\"@type\":\"ListItem\",\"position\":3,\"name\":\"La funambule sur le fil d&#8217;une tendre g\u00e9om\u00e9trie\"}]},{\"@type\":\"WebSite\",\"@id\":\"http:\\\/\\\/lechappeeclose.it\\\/#website\",\"url\":\"http:\\\/\\\/lechappeeclose.it\\\/\",\"name\":\"l&#039;\u00e9chapp\u00e9e close\",\"description\":\"la librairie fran\u00e7aise de Milan\",\"publisher\":{\"@id\":\"http:\\\/\\\/lechappeeclose.it\\\/#organization\"},\"alternateName\":\"La librairie fran\u00e7aise de Milan\",\"potentialAction\":[{\"@type\":\"SearchAction\",\"target\":{\"@type\":\"EntryPoint\",\"urlTemplate\":\"http:\\\/\\\/lechappeeclose.it\\\/?s={search_term_string}\"},\"query-input\":{\"@type\":\"PropertyValueSpecification\",\"valueRequired\":true,\"valueName\":\"search_term_string\"}}],\"inLanguage\":\"it-IT\"},{\"@type\":\"Organization\",\"@id\":\"http:\\\/\\\/lechappeeclose.it\\\/#organization\",\"name\":\"l&#039;\u00e9chapp\u00e9e close\",\"url\":\"http:\\\/\\\/lechappeeclose.it\\\/\",\"logo\":{\"@type\":\"ImageObject\",\"inLanguage\":\"it-IT\",\"@id\":\"http:\\\/\\\/lechappeeclose.it\\\/#\\\/schema\\\/logo\\\/image\\\/\",\"url\":\"http:\\\/\\\/lechappeeclose.it\\\/wp-content\\\/uploads\\\/2025\\\/02\\\/cropped-logo-rond.png\",\"contentUrl\":\"http:\\\/\\\/lechappeeclose.it\\\/wp-content\\\/uploads\\\/2025\\\/02\\\/cropped-logo-rond.png\",\"width\":1080,\"height\":1080,\"caption\":\"l&#039;\u00e9chapp\u00e9e close\"},\"image\":{\"@id\":\"http:\\\/\\\/lechappeeclose.it\\\/#\\\/schema\\\/logo\\\/image\\\/\"},\"sameAs\":[\"https:\\\/\\\/www.instagram.com\\\/lechappeeclose\\\/\"]}]}<\/script>\n<!-- \/ Yoast SEO plugin. -->","yoast_head_json":{"title":"La funambule sur le fil d'une tendre g\u00e9om\u00e9trie - l&#039;\u00e9chapp\u00e9e close","robots":{"index":"index","follow":"follow","max-snippet":"max-snippet:-1","max-image-preview":"max-image-preview:large","max-video-preview":"max-video-preview:-1"},"canonical":"http:\/\/lechappeeclose.it\/it\/boutique\/livres\/arts\/design\/la-funambule-sur-le-fil-dune-tendre-geometrie\/","og_locale":"it_IT","og_type":"article","og_title":"La funambule sur le fil d'une tendre g\u00e9om\u00e9trie - l&#039;\u00e9chapp\u00e9e close","og_description":"Cet ouvrage revient sur les s\u00e9ries les plus r\u00e9centes r\u00e9alis\u00e9es par Sabine Finkenauer, et a \u00e9t\u00e9 publi\u00e9 \u00e0 l&#8217;occasion de son exposition au Studio Fotokino en juin 2021. N\u00e9e en 1961 \u00e0 Rockenhausen (Allemagne), Sabine Finkenauer a longtemps pratiqu\u00e9 la sculpture avant d?\u00e9largir son travail \u00e0 d?autres supports, notamment depuis 1993, date \u00e0 laquelle est [&hellip;]","og_url":"http:\/\/lechappeeclose.it\/it\/boutique\/livres\/arts\/design\/la-funambule-sur-le-fil-dune-tendre-geometrie\/","og_site_name":"l&#039;\u00e9chapp\u00e9e close","article_modified_time":"2026-01-30T10:54:43+00:00","og_image":[{"width":402,"height":500,"url":"http:\/\/lechappeeclose.it\/wp-content\/uploads\/2025\/01\/La-funambule-sur-le-fil-dune-tendre-geometrie.jpg","type":"image\/jpeg"}],"twitter_card":"summary_large_image","twitter_misc":{"Tempo di lettura stimato":"1 minuto"},"schema":{"@context":"https:\/\/schema.org","@graph":[{"@type":"WebPage","@id":"http:\/\/lechappeeclose.it\/it\/boutique\/livres\/arts\/design\/la-funambule-sur-le-fil-dune-tendre-geometrie\/","url":"http:\/\/lechappeeclose.it\/it\/boutique\/livres\/arts\/design\/la-funambule-sur-le-fil-dune-tendre-geometrie\/","name":"La funambule sur le fil d'une tendre g\u00e9om\u00e9trie - l&#039;\u00e9chapp\u00e9e close","isPartOf":{"@id":"http:\/\/lechappeeclose.it\/#website"},"primaryImageOfPage":{"@id":"http:\/\/lechappeeclose.it\/it\/boutique\/livres\/arts\/design\/la-funambule-sur-le-fil-dune-tendre-geometrie\/#primaryimage"},"image":{"@id":"http:\/\/lechappeeclose.it\/it\/boutique\/livres\/arts\/design\/la-funambule-sur-le-fil-dune-tendre-geometrie\/#primaryimage"},"thumbnailUrl":"http:\/\/lechappeeclose.it\/wp-content\/uploads\/2025\/01\/La-funambule-sur-le-fil-dune-tendre-geometrie.jpg","datePublished":"2025-01-30T11:11:04+00:00","dateModified":"2026-01-30T10:54:43+00:00","breadcrumb":{"@id":"http:\/\/lechappeeclose.it\/it\/boutique\/livres\/arts\/design\/la-funambule-sur-le-fil-dune-tendre-geometrie\/#breadcrumb"},"inLanguage":"it-IT","potentialAction":[{"@type":"ReadAction","target":["http:\/\/lechappeeclose.it\/it\/boutique\/livres\/arts\/design\/la-funambule-sur-le-fil-dune-tendre-geometrie\/"]}]},{"@type":"ImageObject","inLanguage":"it-IT","@id":"http:\/\/lechappeeclose.it\/it\/boutique\/livres\/arts\/design\/la-funambule-sur-le-fil-dune-tendre-geometrie\/#primaryimage","url":"http:\/\/lechappeeclose.it\/wp-content\/uploads\/2025\/01\/La-funambule-sur-le-fil-dune-tendre-geometrie.jpg","contentUrl":"http:\/\/lechappeeclose.it\/wp-content\/uploads\/2025\/01\/La-funambule-sur-le-fil-dune-tendre-geometrie.jpg","width":402,"height":500},{"@type":"BreadcrumbList","@id":"http:\/\/lechappeeclose.it\/it\/boutique\/livres\/arts\/design\/la-funambule-sur-le-fil-dune-tendre-geometrie\/#breadcrumb","itemListElement":[{"@type":"ListItem","position":1,"name":"Accueil","item":"http:\/\/lechappeeclose.it\/"},{"@type":"ListItem","position":2,"name":"Boutique","item":"http:\/\/lechappeeclose.it\/it\/boutique\/"},{"@type":"ListItem","position":3,"name":"La funambule sur le fil d&#8217;une tendre g\u00e9om\u00e9trie"}]},{"@type":"WebSite","@id":"http:\/\/lechappeeclose.it\/#website","url":"http:\/\/lechappeeclose.it\/","name":"l&#039;\u00e9chapp\u00e9e close","description":"La libreria francese di Milano","publisher":{"@id":"http:\/\/lechappeeclose.it\/#organization"},"alternateName":"La librairie fran\u00e7aise de Milan","potentialAction":[{"@type":"SearchAction","target":{"@type":"EntryPoint","urlTemplate":"http:\/\/lechappeeclose.it\/?s={search_term_string}"},"query-input":{"@type":"PropertyValueSpecification","valueRequired":true,"valueName":"search_term_string"}}],"inLanguage":"it-IT"},{"@type":"Organization","@id":"http:\/\/lechappeeclose.it\/#organization","name":"l&#039;\u00e9chapp\u00e9e close","url":"http:\/\/lechappeeclose.it\/","logo":{"@type":"ImageObject","inLanguage":"it-IT","@id":"http:\/\/lechappeeclose.it\/#\/schema\/logo\/image\/","url":"http:\/\/lechappeeclose.it\/wp-content\/uploads\/2025\/02\/cropped-logo-rond.png","contentUrl":"http:\/\/lechappeeclose.it\/wp-content\/uploads\/2025\/02\/cropped-logo-rond.png","width":1080,"height":1080,"caption":"l&#039;\u00e9chapp\u00e9e close"},"image":{"@id":"http:\/\/lechappeeclose.it\/#\/schema\/logo\/image\/"},"sameAs":["https:\/\/www.instagram.com\/lechappeeclose\/"]}]}},"_links":{"self":[{"href":"http:\/\/lechappeeclose.it\/it\/wp-json\/wp\/v2\/product\/3068","targetHints":{"allow":["GET"]}}],"collection":[{"href":"http:\/\/lechappeeclose.it\/it\/wp-json\/wp\/v2\/product"}],"about":[{"href":"http:\/\/lechappeeclose.it\/it\/wp-json\/wp\/v2\/types\/product"}],"replies":[{"embeddable":true,"href":"http:\/\/lechappeeclose.it\/it\/wp-json\/wp\/v2\/comments?post=3068"}],"wp:featuredmedia":[{"embeddable":true,"href":"http:\/\/lechappeeclose.it\/it\/wp-json\/wp\/v2\/media\/3067"}],"wp:attachment":[{"href":"http:\/\/lechappeeclose.it\/it\/wp-json\/wp\/v2\/media?parent=3068"}],"wp:term":[{"taxonomy":"product_brand","embeddable":true,"href":"http:\/\/lechappeeclose.it\/it\/wp-json\/wp\/v2\/product_brand?post=3068"},{"taxonomy":"product_cat","embeddable":true,"href":"http:\/\/lechappeeclose.it\/it\/wp-json\/wp\/v2\/product_cat?post=3068"},{"taxonomy":"product_tag","embeddable":true,"href":"http:\/\/lechappeeclose.it\/it\/wp-json\/wp\/v2\/product_tag?post=3068"}],"curies":[{"name":"wp","href":"https:\/\/api.w.org\/{rel}","templated":true}]}}