{"id":3044,"date":"2025-01-30T12:05:14","date_gmt":"2025-01-30T11:05:14","guid":{"rendered":"https:\/\/lechappeeclose.it\/produit\/natures-sauvages-julien-salaud-chateau-de-cadillac\/"},"modified":"2026-01-30T11:59:34","modified_gmt":"2026-01-30T10:59:34","slug":"natures-sauvages-julien-salaud-chateau-de-cadillac","status":"publish","type":"product","link":"http:\/\/lechappeeclose.it\/it\/boutique\/livres\/arts\/design\/natures-sauvages-julien-salaud-chateau-de-cadillac\/","title":{"rendered":"Natures sauvages &#8211; Julien Salaud \/ Ch\u00e2teau de Cadillac"},"content":{"rendered":"<p>Chaque ann\u00e9e, le Centre des monuments nationaux invite des artistes \u00e0 investir tel ou tel monument dont il assure la gestion. De ces rencontres entre l&#8217;art contemporain et le patrimoine, naissent des \u0153uvres profond\u00e9ment originales dont la trace sera d\u00e9sormais conserv\u00e9e dans chacun des titres d&#8217;une nouvelle collection : &#8221; Un artiste \/ un monument &#8220;.Pour cette collection, Philippe Bretelle a imagin\u00e9 un catalogue en plusieurs dimensions. Cette publication propose en effet deux niveaux de lecture. On d\u00e9couvre les textes et les notices sur un petit format 18 x 28 cm&#8230; qui se d\u00e9plie sur un format poster de 36 x 58 cm, o\u00f9 les images du monument et des \u0153uvres in situ prennent toute leur mesure. Une fois d\u00e9pli\u00e9, ce catalogue offre au lecteur une immersion totale dans l&#8217;exposition concern\u00e9e.Le prmier titre est Natures sauvages \/ Julien Salaud au ch\u00e2teau de Cadillac.L&#8217;exposition est en collaboration avec le mus\u00e9e de la chasse et de la nature \u00e0 Paris.N\u00e9 en 1977, Julien Salaud vit et travaille \u00e0 Orl\u00e9ans. Dipl\u00f4m\u00e9 de biochimie et d&#8217;histoire (option ethnologie), il obtient un master Arts plastiques et Nouveaux m\u00e9dias en 2009 \u00e0 l&#8217;universit\u00e9 Paris-VIII (Saint-Denis). Il est laur\u00e9at en 2010 du prix de Conseil g\u00e9n\u00e9ral des Hauts-de-Seine du 55e Salon de Montrouge et finaliste en 2016 du prix SAM pour l&#8217;art contemporain. Julien Salaud est repr\u00e9sent\u00e9 par la galerie Suzanne Tarasieve \u00e0 Paris.Depuis N\u00e9gritudes, \u00e0 l&#8217;Espace culturel Inini de Cayenne en 2006, il montre ses \u0153uvres dans des expositions personnelles. Parmi les plus r\u00e9centes : M\u00e9tamorphoses Arach\u00e9ennes (2016) ou Mythologies (2013).<\/p>","protected":false},"excerpt":{"rendered":"<p>Chaque ann\u00e9e, le Centre des monuments nationaux invite des artistes \u00e0 investir tel ou tel monument dont il assure la gestion. De ces rencontres entre l&#8217;art contemporain et le patrimoine, naissent des \u0153uvres profond\u00e9ment originales dont la trace sera d\u00e9sormais conserv\u00e9e dans chacun des titres d&#8217;une nouvelle collection : &#8221; Un artiste \/ un monument [&hellip;]<\/p>","protected":false},"featured_media":3043,"comment_status":"open","ping_status":"closed","template":"","meta":[],"product_brand":[],"product_cat":[38],"product_tag":[],"class_list":{"0":"post-3044","1":"product","2":"type-product","3":"status-publish","4":"has-post-thumbnail","6":"product_cat-design","8":"first","9":"onbackorder","10":"taxable","11":"shipping-taxable","12":"purchasable","13":"product-type-simple"},"yoast_head":"<!-- This site is optimized with the Yoast SEO plugin v27.4 - https:\/\/yoast.com\/product\/yoast-seo-wordpress\/ -->\n<title>Natures sauvages - Julien Salaud \/ Ch\u00e2teau de Cadillac - l&#039;\u00e9chapp\u00e9e close<\/title>\n<meta name=\"robots\" content=\"index, follow, max-snippet:-1, max-image-preview:large, max-video-preview:-1\" \/>\n<link rel=\"canonical\" href=\"http:\/\/lechappeeclose.it\/it\/boutique\/livres\/arts\/design\/natures-sauvages-julien-salaud-chateau-de-cadillac\/\" \/>\n<meta property=\"og:locale\" content=\"it_IT\" \/>\n<meta property=\"og:type\" content=\"article\" \/>\n<meta property=\"og:title\" content=\"Natures sauvages - Julien Salaud \/ Ch\u00e2teau de Cadillac - l&#039;\u00e9chapp\u00e9e close\" \/>\n<meta property=\"og:description\" content=\"Chaque ann\u00e9e, le Centre des monuments nationaux invite des artistes \u00e0 investir tel ou tel monument dont il assure la gestion. De ces rencontres entre l&#8217;art contemporain et le patrimoine, naissent des \u0153uvres profond\u00e9ment originales dont la trace sera d\u00e9sormais conserv\u00e9e dans chacun des titres d&#8217;une nouvelle collection : &#8221; Un artiste \/ un monument [&hellip;]\" \/>\n<meta property=\"og:url\" content=\"http:\/\/lechappeeclose.it\/it\/boutique\/livres\/arts\/design\/natures-sauvages-julien-salaud-chateau-de-cadillac\/\" \/>\n<meta property=\"og:site_name\" content=\"l&#039;\u00e9chapp\u00e9e close\" \/>\n<meta property=\"article:modified_time\" content=\"2026-01-30T10:59:34+00:00\" \/>\n<meta property=\"og:image\" content=\"http:\/\/lechappeeclose.it\/wp-content\/uploads\/2025\/01\/Natures-sauvages-Julien-Salaud-Chateau-de-Cadillac.jpg\" \/>\n\t<meta property=\"og:image:width\" content=\"321\" \/>\n\t<meta property=\"og:image:height\" content=\"500\" \/>\n\t<meta property=\"og:image:type\" content=\"image\/jpeg\" \/>\n<meta name=\"twitter:card\" content=\"summary_large_image\" \/>\n<meta name=\"twitter:label1\" content=\"Tempo di lettura stimato\" \/>\n\t<meta name=\"twitter:data1\" content=\"1 minuto\" \/>\n<script type=\"application\/ld+json\" class=\"yoast-schema-graph\">{\"@context\":\"https:\\\/\\\/schema.org\",\"@graph\":[{\"@type\":\"WebPage\",\"@id\":\"http:\\\/\\\/lechappeeclose.it\\\/it\\\/boutique\\\/livres\\\/arts\\\/design\\\/natures-sauvages-julien-salaud-chateau-de-cadillac\\\/\",\"url\":\"http:\\\/\\\/lechappeeclose.it\\\/it\\\/boutique\\\/livres\\\/arts\\\/design\\\/natures-sauvages-julien-salaud-chateau-de-cadillac\\\/\",\"name\":\"Natures sauvages - Julien Salaud \\\/ Ch\u00e2teau de Cadillac - l&#039;\u00e9chapp\u00e9e close\",\"isPartOf\":{\"@id\":\"http:\\\/\\\/lechappeeclose.it\\\/#website\"},\"primaryImageOfPage\":{\"@id\":\"http:\\\/\\\/lechappeeclose.it\\\/it\\\/boutique\\\/livres\\\/arts\\\/design\\\/natures-sauvages-julien-salaud-chateau-de-cadillac\\\/#primaryimage\"},\"image\":{\"@id\":\"http:\\\/\\\/lechappeeclose.it\\\/it\\\/boutique\\\/livres\\\/arts\\\/design\\\/natures-sauvages-julien-salaud-chateau-de-cadillac\\\/#primaryimage\"},\"thumbnailUrl\":\"http:\\\/\\\/lechappeeclose.it\\\/wp-content\\\/uploads\\\/2025\\\/01\\\/Natures-sauvages-Julien-Salaud-Chateau-de-Cadillac.jpg\",\"datePublished\":\"2025-01-30T11:05:14+00:00\",\"dateModified\":\"2026-01-30T10:59:34+00:00\",\"breadcrumb\":{\"@id\":\"http:\\\/\\\/lechappeeclose.it\\\/it\\\/boutique\\\/livres\\\/arts\\\/design\\\/natures-sauvages-julien-salaud-chateau-de-cadillac\\\/#breadcrumb\"},\"inLanguage\":\"it-IT\",\"potentialAction\":[{\"@type\":\"ReadAction\",\"target\":[\"http:\\\/\\\/lechappeeclose.it\\\/it\\\/boutique\\\/livres\\\/arts\\\/design\\\/natures-sauvages-julien-salaud-chateau-de-cadillac\\\/\"]}]},{\"@type\":\"ImageObject\",\"inLanguage\":\"it-IT\",\"@id\":\"http:\\\/\\\/lechappeeclose.it\\\/it\\\/boutique\\\/livres\\\/arts\\\/design\\\/natures-sauvages-julien-salaud-chateau-de-cadillac\\\/#primaryimage\",\"url\":\"http:\\\/\\\/lechappeeclose.it\\\/wp-content\\\/uploads\\\/2025\\\/01\\\/Natures-sauvages-Julien-Salaud-Chateau-de-Cadillac.jpg\",\"contentUrl\":\"http:\\\/\\\/lechappeeclose.it\\\/wp-content\\\/uploads\\\/2025\\\/01\\\/Natures-sauvages-Julien-Salaud-Chateau-de-Cadillac.jpg\",\"width\":321,\"height\":500},{\"@type\":\"BreadcrumbList\",\"@id\":\"http:\\\/\\\/lechappeeclose.it\\\/it\\\/boutique\\\/livres\\\/arts\\\/design\\\/natures-sauvages-julien-salaud-chateau-de-cadillac\\\/#breadcrumb\",\"itemListElement\":[{\"@type\":\"ListItem\",\"position\":1,\"name\":\"Accueil\",\"item\":\"http:\\\/\\\/lechappeeclose.it\\\/\"},{\"@type\":\"ListItem\",\"position\":2,\"name\":\"Boutique\",\"item\":\"http:\\\/\\\/lechappeeclose.it\\\/it\\\/boutique\\\/\"},{\"@type\":\"ListItem\",\"position\":3,\"name\":\"Natures sauvages &#8211; Julien Salaud \\\/ Ch\u00e2teau de Cadillac\"}]},{\"@type\":\"WebSite\",\"@id\":\"http:\\\/\\\/lechappeeclose.it\\\/#website\",\"url\":\"http:\\\/\\\/lechappeeclose.it\\\/\",\"name\":\"l&#039;\u00e9chapp\u00e9e close\",\"description\":\"la librairie fran\u00e7aise de Milan\",\"publisher\":{\"@id\":\"http:\\\/\\\/lechappeeclose.it\\\/#organization\"},\"alternateName\":\"La librairie fran\u00e7aise de Milan\",\"potentialAction\":[{\"@type\":\"SearchAction\",\"target\":{\"@type\":\"EntryPoint\",\"urlTemplate\":\"http:\\\/\\\/lechappeeclose.it\\\/?s={search_term_string}\"},\"query-input\":{\"@type\":\"PropertyValueSpecification\",\"valueRequired\":true,\"valueName\":\"search_term_string\"}}],\"inLanguage\":\"it-IT\"},{\"@type\":\"Organization\",\"@id\":\"http:\\\/\\\/lechappeeclose.it\\\/#organization\",\"name\":\"l&#039;\u00e9chapp\u00e9e close\",\"url\":\"http:\\\/\\\/lechappeeclose.it\\\/\",\"logo\":{\"@type\":\"ImageObject\",\"inLanguage\":\"it-IT\",\"@id\":\"http:\\\/\\\/lechappeeclose.it\\\/#\\\/schema\\\/logo\\\/image\\\/\",\"url\":\"http:\\\/\\\/lechappeeclose.it\\\/wp-content\\\/uploads\\\/2025\\\/02\\\/cropped-logo-rond.png\",\"contentUrl\":\"http:\\\/\\\/lechappeeclose.it\\\/wp-content\\\/uploads\\\/2025\\\/02\\\/cropped-logo-rond.png\",\"width\":1080,\"height\":1080,\"caption\":\"l&#039;\u00e9chapp\u00e9e close\"},\"image\":{\"@id\":\"http:\\\/\\\/lechappeeclose.it\\\/#\\\/schema\\\/logo\\\/image\\\/\"},\"sameAs\":[\"https:\\\/\\\/www.instagram.com\\\/lechappeeclose\\\/\"]}]}<\/script>\n<!-- \/ Yoast SEO plugin. -->","yoast_head_json":{"title":"Natures sauvages - Julien Salaud \/ Ch\u00e2teau de Cadillac - l&#039;\u00e9chapp\u00e9e close","robots":{"index":"index","follow":"follow","max-snippet":"max-snippet:-1","max-image-preview":"max-image-preview:large","max-video-preview":"max-video-preview:-1"},"canonical":"http:\/\/lechappeeclose.it\/it\/boutique\/livres\/arts\/design\/natures-sauvages-julien-salaud-chateau-de-cadillac\/","og_locale":"it_IT","og_type":"article","og_title":"Natures sauvages - Julien Salaud \/ Ch\u00e2teau de Cadillac - l&#039;\u00e9chapp\u00e9e close","og_description":"Chaque ann\u00e9e, le Centre des monuments nationaux invite des artistes \u00e0 investir tel ou tel monument dont il assure la gestion. De ces rencontres entre l&#8217;art contemporain et le patrimoine, naissent des \u0153uvres profond\u00e9ment originales dont la trace sera d\u00e9sormais conserv\u00e9e dans chacun des titres d&#8217;une nouvelle collection : &#8221; Un artiste \/ un monument [&hellip;]","og_url":"http:\/\/lechappeeclose.it\/it\/boutique\/livres\/arts\/design\/natures-sauvages-julien-salaud-chateau-de-cadillac\/","og_site_name":"l&#039;\u00e9chapp\u00e9e close","article_modified_time":"2026-01-30T10:59:34+00:00","og_image":[{"width":321,"height":500,"url":"http:\/\/lechappeeclose.it\/wp-content\/uploads\/2025\/01\/Natures-sauvages-Julien-Salaud-Chateau-de-Cadillac.jpg","type":"image\/jpeg"}],"twitter_card":"summary_large_image","twitter_misc":{"Tempo di lettura stimato":"1 minuto"},"schema":{"@context":"https:\/\/schema.org","@graph":[{"@type":"WebPage","@id":"http:\/\/lechappeeclose.it\/it\/boutique\/livres\/arts\/design\/natures-sauvages-julien-salaud-chateau-de-cadillac\/","url":"http:\/\/lechappeeclose.it\/it\/boutique\/livres\/arts\/design\/natures-sauvages-julien-salaud-chateau-de-cadillac\/","name":"Natures sauvages - Julien Salaud \/ Ch\u00e2teau de Cadillac - l&#039;\u00e9chapp\u00e9e close","isPartOf":{"@id":"http:\/\/lechappeeclose.it\/#website"},"primaryImageOfPage":{"@id":"http:\/\/lechappeeclose.it\/it\/boutique\/livres\/arts\/design\/natures-sauvages-julien-salaud-chateau-de-cadillac\/#primaryimage"},"image":{"@id":"http:\/\/lechappeeclose.it\/it\/boutique\/livres\/arts\/design\/natures-sauvages-julien-salaud-chateau-de-cadillac\/#primaryimage"},"thumbnailUrl":"http:\/\/lechappeeclose.it\/wp-content\/uploads\/2025\/01\/Natures-sauvages-Julien-Salaud-Chateau-de-Cadillac.jpg","datePublished":"2025-01-30T11:05:14+00:00","dateModified":"2026-01-30T10:59:34+00:00","breadcrumb":{"@id":"http:\/\/lechappeeclose.it\/it\/boutique\/livres\/arts\/design\/natures-sauvages-julien-salaud-chateau-de-cadillac\/#breadcrumb"},"inLanguage":"it-IT","potentialAction":[{"@type":"ReadAction","target":["http:\/\/lechappeeclose.it\/it\/boutique\/livres\/arts\/design\/natures-sauvages-julien-salaud-chateau-de-cadillac\/"]}]},{"@type":"ImageObject","inLanguage":"it-IT","@id":"http:\/\/lechappeeclose.it\/it\/boutique\/livres\/arts\/design\/natures-sauvages-julien-salaud-chateau-de-cadillac\/#primaryimage","url":"http:\/\/lechappeeclose.it\/wp-content\/uploads\/2025\/01\/Natures-sauvages-Julien-Salaud-Chateau-de-Cadillac.jpg","contentUrl":"http:\/\/lechappeeclose.it\/wp-content\/uploads\/2025\/01\/Natures-sauvages-Julien-Salaud-Chateau-de-Cadillac.jpg","width":321,"height":500},{"@type":"BreadcrumbList","@id":"http:\/\/lechappeeclose.it\/it\/boutique\/livres\/arts\/design\/natures-sauvages-julien-salaud-chateau-de-cadillac\/#breadcrumb","itemListElement":[{"@type":"ListItem","position":1,"name":"Accueil","item":"http:\/\/lechappeeclose.it\/"},{"@type":"ListItem","position":2,"name":"Boutique","item":"http:\/\/lechappeeclose.it\/it\/boutique\/"},{"@type":"ListItem","position":3,"name":"Natures sauvages &#8211; Julien Salaud \/ Ch\u00e2teau de Cadillac"}]},{"@type":"WebSite","@id":"http:\/\/lechappeeclose.it\/#website","url":"http:\/\/lechappeeclose.it\/","name":"l&#039;\u00e9chapp\u00e9e close","description":"La libreria francese di Milano","publisher":{"@id":"http:\/\/lechappeeclose.it\/#organization"},"alternateName":"La librairie fran\u00e7aise de Milan","potentialAction":[{"@type":"SearchAction","target":{"@type":"EntryPoint","urlTemplate":"http:\/\/lechappeeclose.it\/?s={search_term_string}"},"query-input":{"@type":"PropertyValueSpecification","valueRequired":true,"valueName":"search_term_string"}}],"inLanguage":"it-IT"},{"@type":"Organization","@id":"http:\/\/lechappeeclose.it\/#organization","name":"l&#039;\u00e9chapp\u00e9e close","url":"http:\/\/lechappeeclose.it\/","logo":{"@type":"ImageObject","inLanguage":"it-IT","@id":"http:\/\/lechappeeclose.it\/#\/schema\/logo\/image\/","url":"http:\/\/lechappeeclose.it\/wp-content\/uploads\/2025\/02\/cropped-logo-rond.png","contentUrl":"http:\/\/lechappeeclose.it\/wp-content\/uploads\/2025\/02\/cropped-logo-rond.png","width":1080,"height":1080,"caption":"l&#039;\u00e9chapp\u00e9e close"},"image":{"@id":"http:\/\/lechappeeclose.it\/#\/schema\/logo\/image\/"},"sameAs":["https:\/\/www.instagram.com\/lechappeeclose\/"]}]}},"_links":{"self":[{"href":"http:\/\/lechappeeclose.it\/it\/wp-json\/wp\/v2\/product\/3044","targetHints":{"allow":["GET"]}}],"collection":[{"href":"http:\/\/lechappeeclose.it\/it\/wp-json\/wp\/v2\/product"}],"about":[{"href":"http:\/\/lechappeeclose.it\/it\/wp-json\/wp\/v2\/types\/product"}],"replies":[{"embeddable":true,"href":"http:\/\/lechappeeclose.it\/it\/wp-json\/wp\/v2\/comments?post=3044"}],"wp:featuredmedia":[{"embeddable":true,"href":"http:\/\/lechappeeclose.it\/it\/wp-json\/wp\/v2\/media\/3043"}],"wp:attachment":[{"href":"http:\/\/lechappeeclose.it\/it\/wp-json\/wp\/v2\/media?parent=3044"}],"wp:term":[{"taxonomy":"product_brand","embeddable":true,"href":"http:\/\/lechappeeclose.it\/it\/wp-json\/wp\/v2\/product_brand?post=3044"},{"taxonomy":"product_cat","embeddable":true,"href":"http:\/\/lechappeeclose.it\/it\/wp-json\/wp\/v2\/product_cat?post=3044"},{"taxonomy":"product_tag","embeddable":true,"href":"http:\/\/lechappeeclose.it\/it\/wp-json\/wp\/v2\/product_tag?post=3044"}],"curies":[{"name":"wp","href":"https:\/\/api.w.org\/{rel}","templated":true}]}}