{"id":3038,"date":"2025-01-30T12:04:11","date_gmt":"2025-01-30T11:04:11","guid":{"rendered":"https:\/\/lechappeeclose.it\/produit\/brise-du-rouge-soleil\/"},"modified":"2026-01-30T12:03:16","modified_gmt":"2026-01-30T11:03:16","slug":"brise-du-rouge-soleil","status":"publish","type":"product","link":"http:\/\/lechappeeclose.it\/it\/boutique\/livres\/arts\/design\/brise-du-rouge-soleil\/","title":{"rendered":"Brise du rouge soleil"},"content":{"rendered":"<p>Dans le cadre d&#8217;Africa 2020, un artiste d&#8217;origine malgache , de renomm\u00e9e internationale, investit le monde endormi de la cit\u00e9 d&#8217;Aigues-Mortes, port englouti au milieu des marais salants. &#8221; La brise du rouge soleil &#8220;.Dans le cadre naturel de la cit\u00e9 d&#8217;Aigues-Mortes, au milieu des lagunes et des salins, Jo\u00ebl Andrianomearisoa est invit\u00e9 \u00e0 exposer l&#8217;une de ses cr\u00e9ations artistiques \u00e0 l&#8217;occasion de la saison &#8220;Africa 2020&#8221; (report\u00e9e en 2021, en raison du contexte sanitaire)..Cette commande est l&#8217;occasion de r\u00e9veiller l&#8217;imaginaire de l&#8217;ancien port et les aigues mortes (aquae mortuae, aigas mortas, eaux mortes). L&#8217;artiste \u00e9tudie les mati\u00e8res endog\u00e8nes ou en transit \u00e0 Aigues-Mortes : la sagne, le riz, le sel, les textiles, les \u00e9pices&#8230; Il travaille \u00e0 l&#8217;\u00e9criture d&#8217;une narration plastique d\u00e9clin\u00e9e sur le chemin des remparts, \u00e0 la cr\u00e9ation d&#8217;\u0153uvres textiles.Son travail mobilise diff\u00e9rents supports (papier, bois, textile) pour produire des \u0153uvres qui se mat\u00e9rialisent par le dessin, la sculpture, la photographie, la vid\u00e9o, ou l&#8217;installation artistique. Il privil\u00e9gie le noir qu&#8217;il d\u00e9cline en diff\u00e9rentes nuances et mati\u00e8res et l&#8217;usage du textile que l&#8217;on retrouve dans plusieurs de ses travaux.Fruit d&#8217;un travail de recherches et de plusieurs voyages d&#8217;\u00e9tudes, l&#8217;artiste s&#8217;est inspir\u00e9 de la m\u00e9moire de l&#8217;ancienne cit\u00e9 portuaire ouverte sur la M\u00e9diterran\u00e9e, mais aussi des \u00e9crits du po\u00e8te malgache Maurice Ramarozaka (1931-2010).<\/p>","protected":false},"excerpt":{"rendered":"<p>Dans le cadre d&#8217;Africa 2020, un artiste d&#8217;origine malgache , de renomm\u00e9e internationale, investit le monde endormi de la cit\u00e9 d&#8217;Aigues-Mortes, port englouti au milieu des marais salants. &#8221; La brise du rouge soleil &#8220;.Dans le cadre naturel de la cit\u00e9 d&#8217;Aigues-Mortes, au milieu des lagunes et des salins, Jo\u00ebl Andrianomearisoa est invit\u00e9 \u00e0 exposer [&hellip;]<\/p>","protected":false},"featured_media":3037,"comment_status":"open","ping_status":"closed","template":"","meta":[],"product_brand":[],"product_cat":[38],"product_tag":[],"class_list":{"0":"post-3038","1":"product","2":"type-product","3":"status-publish","4":"has-post-thumbnail","6":"product_cat-design","8":"first","9":"onbackorder","10":"taxable","11":"shipping-taxable","12":"purchasable","13":"product-type-simple"},"yoast_head":"<!-- This site is optimized with the Yoast SEO plugin v27.4 - https:\/\/yoast.com\/product\/yoast-seo-wordpress\/ -->\n<title>Brise du rouge soleil - l&#039;\u00e9chapp\u00e9e close<\/title>\n<meta name=\"robots\" content=\"index, follow, max-snippet:-1, max-image-preview:large, max-video-preview:-1\" \/>\n<link rel=\"canonical\" href=\"https:\/\/lechappeeclose.it\/it\/boutique\/livres\/arts\/design\/brise-du-rouge-soleil\/\" \/>\n<meta property=\"og:locale\" content=\"it_IT\" \/>\n<meta property=\"og:type\" content=\"article\" \/>\n<meta property=\"og:title\" content=\"Brise du rouge soleil - l&#039;\u00e9chapp\u00e9e close\" \/>\n<meta property=\"og:description\" content=\"Dans le cadre d&#8217;Africa 2020, un artiste d&#8217;origine malgache , de renomm\u00e9e internationale, investit le monde endormi de la cit\u00e9 d&#8217;Aigues-Mortes, port englouti au milieu des marais salants. &#8221; La brise du rouge soleil &#8220;.Dans le cadre naturel de la cit\u00e9 d&#8217;Aigues-Mortes, au milieu des lagunes et des salins, Jo\u00ebl Andrianomearisoa est invit\u00e9 \u00e0 exposer [&hellip;]\" \/>\n<meta property=\"og:url\" content=\"https:\/\/lechappeeclose.it\/it\/boutique\/livres\/arts\/design\/brise-du-rouge-soleil\/\" \/>\n<meta property=\"og:site_name\" content=\"l&#039;\u00e9chapp\u00e9e close\" \/>\n<meta property=\"article:modified_time\" content=\"2026-01-30T11:03:16+00:00\" \/>\n<meta property=\"og:image\" content=\"https:\/\/lechappeeclose.it\/wp-content\/uploads\/2025\/01\/Brise-du-rouge-soleil.jpg\" \/>\n\t<meta property=\"og:image:width\" content=\"321\" \/>\n\t<meta property=\"og:image:height\" content=\"500\" \/>\n\t<meta property=\"og:image:type\" content=\"image\/jpeg\" \/>\n<meta name=\"twitter:card\" content=\"summary_large_image\" \/>\n<meta name=\"twitter:label1\" content=\"Tempo di lettura stimato\" \/>\n\t<meta name=\"twitter:data1\" content=\"1 minuto\" \/>\n<script type=\"application\/ld+json\" class=\"yoast-schema-graph\">{\"@context\":\"https:\\\/\\\/schema.org\",\"@graph\":[{\"@type\":\"WebPage\",\"@id\":\"https:\\\/\\\/lechappeeclose.it\\\/it\\\/boutique\\\/livres\\\/arts\\\/design\\\/brise-du-rouge-soleil\\\/\",\"url\":\"https:\\\/\\\/lechappeeclose.it\\\/it\\\/boutique\\\/livres\\\/arts\\\/design\\\/brise-du-rouge-soleil\\\/\",\"name\":\"Brise du rouge soleil - l&#039;\u00e9chapp\u00e9e close\",\"isPartOf\":{\"@id\":\"http:\\\/\\\/lechappeeclose.it\\\/#website\"},\"primaryImageOfPage\":{\"@id\":\"https:\\\/\\\/lechappeeclose.it\\\/it\\\/boutique\\\/livres\\\/arts\\\/design\\\/brise-du-rouge-soleil\\\/#primaryimage\"},\"image\":{\"@id\":\"https:\\\/\\\/lechappeeclose.it\\\/it\\\/boutique\\\/livres\\\/arts\\\/design\\\/brise-du-rouge-soleil\\\/#primaryimage\"},\"thumbnailUrl\":\"http:\\\/\\\/lechappeeclose.it\\\/wp-content\\\/uploads\\\/2025\\\/01\\\/Brise-du-rouge-soleil.jpg\",\"datePublished\":\"2025-01-30T11:04:11+00:00\",\"dateModified\":\"2026-01-30T11:03:16+00:00\",\"breadcrumb\":{\"@id\":\"https:\\\/\\\/lechappeeclose.it\\\/it\\\/boutique\\\/livres\\\/arts\\\/design\\\/brise-du-rouge-soleil\\\/#breadcrumb\"},\"inLanguage\":\"it-IT\",\"potentialAction\":[{\"@type\":\"ReadAction\",\"target\":[\"https:\\\/\\\/lechappeeclose.it\\\/it\\\/boutique\\\/livres\\\/arts\\\/design\\\/brise-du-rouge-soleil\\\/\"]}]},{\"@type\":\"ImageObject\",\"inLanguage\":\"it-IT\",\"@id\":\"https:\\\/\\\/lechappeeclose.it\\\/it\\\/boutique\\\/livres\\\/arts\\\/design\\\/brise-du-rouge-soleil\\\/#primaryimage\",\"url\":\"http:\\\/\\\/lechappeeclose.it\\\/wp-content\\\/uploads\\\/2025\\\/01\\\/Brise-du-rouge-soleil.jpg\",\"contentUrl\":\"http:\\\/\\\/lechappeeclose.it\\\/wp-content\\\/uploads\\\/2025\\\/01\\\/Brise-du-rouge-soleil.jpg\",\"width\":321,\"height\":500},{\"@type\":\"BreadcrumbList\",\"@id\":\"https:\\\/\\\/lechappeeclose.it\\\/it\\\/boutique\\\/livres\\\/arts\\\/design\\\/brise-du-rouge-soleil\\\/#breadcrumb\",\"itemListElement\":[{\"@type\":\"ListItem\",\"position\":1,\"name\":\"Accueil\",\"item\":\"http:\\\/\\\/lechappeeclose.it\\\/\"},{\"@type\":\"ListItem\",\"position\":2,\"name\":\"Boutique\",\"item\":\"http:\\\/\\\/lechappeeclose.it\\\/boutique\\\/\"},{\"@type\":\"ListItem\",\"position\":3,\"name\":\"Brise du rouge soleil\"}]},{\"@type\":\"WebSite\",\"@id\":\"http:\\\/\\\/lechappeeclose.it\\\/#website\",\"url\":\"http:\\\/\\\/lechappeeclose.it\\\/\",\"name\":\"l&#039;\u00e9chapp\u00e9e close\",\"description\":\"la librairie fran\u00e7aise de Milan\",\"publisher\":{\"@id\":\"http:\\\/\\\/lechappeeclose.it\\\/#organization\"},\"alternateName\":\"La librairie fran\u00e7aise de Milan\",\"potentialAction\":[{\"@type\":\"SearchAction\",\"target\":{\"@type\":\"EntryPoint\",\"urlTemplate\":\"http:\\\/\\\/lechappeeclose.it\\\/?s={search_term_string}\"},\"query-input\":{\"@type\":\"PropertyValueSpecification\",\"valueRequired\":true,\"valueName\":\"search_term_string\"}}],\"inLanguage\":\"it-IT\"},{\"@type\":\"Organization\",\"@id\":\"http:\\\/\\\/lechappeeclose.it\\\/#organization\",\"name\":\"l&#039;\u00e9chapp\u00e9e close\",\"url\":\"http:\\\/\\\/lechappeeclose.it\\\/\",\"logo\":{\"@type\":\"ImageObject\",\"inLanguage\":\"it-IT\",\"@id\":\"http:\\\/\\\/lechappeeclose.it\\\/#\\\/schema\\\/logo\\\/image\\\/\",\"url\":\"http:\\\/\\\/lechappeeclose.it\\\/wp-content\\\/uploads\\\/2025\\\/02\\\/cropped-logo-rond.png\",\"contentUrl\":\"http:\\\/\\\/lechappeeclose.it\\\/wp-content\\\/uploads\\\/2025\\\/02\\\/cropped-logo-rond.png\",\"width\":1080,\"height\":1080,\"caption\":\"l&#039;\u00e9chapp\u00e9e close\"},\"image\":{\"@id\":\"http:\\\/\\\/lechappeeclose.it\\\/#\\\/schema\\\/logo\\\/image\\\/\"},\"sameAs\":[\"https:\\\/\\\/www.instagram.com\\\/lechappeeclose\\\/\"]}]}<\/script>\n<!-- \/ Yoast SEO plugin. -->","yoast_head_json":{"title":"Brise du rouge soleil - l&#039;\u00e9chapp\u00e9e close","robots":{"index":"index","follow":"follow","max-snippet":"max-snippet:-1","max-image-preview":"max-image-preview:large","max-video-preview":"max-video-preview:-1"},"canonical":"https:\/\/lechappeeclose.it\/it\/boutique\/livres\/arts\/design\/brise-du-rouge-soleil\/","og_locale":"it_IT","og_type":"article","og_title":"Brise du rouge soleil - l&#039;\u00e9chapp\u00e9e close","og_description":"Dans le cadre d&#8217;Africa 2020, un artiste d&#8217;origine malgache , de renomm\u00e9e internationale, investit le monde endormi de la cit\u00e9 d&#8217;Aigues-Mortes, port englouti au milieu des marais salants. &#8221; La brise du rouge soleil &#8220;.Dans le cadre naturel de la cit\u00e9 d&#8217;Aigues-Mortes, au milieu des lagunes et des salins, Jo\u00ebl Andrianomearisoa est invit\u00e9 \u00e0 exposer [&hellip;]","og_url":"https:\/\/lechappeeclose.it\/it\/boutique\/livres\/arts\/design\/brise-du-rouge-soleil\/","og_site_name":"l&#039;\u00e9chapp\u00e9e close","article_modified_time":"2026-01-30T11:03:16+00:00","og_image":[{"width":321,"height":500,"url":"https:\/\/lechappeeclose.it\/wp-content\/uploads\/2025\/01\/Brise-du-rouge-soleil.jpg","type":"image\/jpeg"}],"twitter_card":"summary_large_image","twitter_misc":{"Tempo di lettura stimato":"1 minuto"},"schema":{"@context":"https:\/\/schema.org","@graph":[{"@type":"WebPage","@id":"https:\/\/lechappeeclose.it\/it\/boutique\/livres\/arts\/design\/brise-du-rouge-soleil\/","url":"https:\/\/lechappeeclose.it\/it\/boutique\/livres\/arts\/design\/brise-du-rouge-soleil\/","name":"Brise du rouge soleil - l&#039;\u00e9chapp\u00e9e close","isPartOf":{"@id":"http:\/\/lechappeeclose.it\/#website"},"primaryImageOfPage":{"@id":"https:\/\/lechappeeclose.it\/it\/boutique\/livres\/arts\/design\/brise-du-rouge-soleil\/#primaryimage"},"image":{"@id":"https:\/\/lechappeeclose.it\/it\/boutique\/livres\/arts\/design\/brise-du-rouge-soleil\/#primaryimage"},"thumbnailUrl":"http:\/\/lechappeeclose.it\/wp-content\/uploads\/2025\/01\/Brise-du-rouge-soleil.jpg","datePublished":"2025-01-30T11:04:11+00:00","dateModified":"2026-01-30T11:03:16+00:00","breadcrumb":{"@id":"https:\/\/lechappeeclose.it\/it\/boutique\/livres\/arts\/design\/brise-du-rouge-soleil\/#breadcrumb"},"inLanguage":"it-IT","potentialAction":[{"@type":"ReadAction","target":["https:\/\/lechappeeclose.it\/it\/boutique\/livres\/arts\/design\/brise-du-rouge-soleil\/"]}]},{"@type":"ImageObject","inLanguage":"it-IT","@id":"https:\/\/lechappeeclose.it\/it\/boutique\/livres\/arts\/design\/brise-du-rouge-soleil\/#primaryimage","url":"http:\/\/lechappeeclose.it\/wp-content\/uploads\/2025\/01\/Brise-du-rouge-soleil.jpg","contentUrl":"http:\/\/lechappeeclose.it\/wp-content\/uploads\/2025\/01\/Brise-du-rouge-soleil.jpg","width":321,"height":500},{"@type":"BreadcrumbList","@id":"https:\/\/lechappeeclose.it\/it\/boutique\/livres\/arts\/design\/brise-du-rouge-soleil\/#breadcrumb","itemListElement":[{"@type":"ListItem","position":1,"name":"Accueil","item":"http:\/\/lechappeeclose.it\/"},{"@type":"ListItem","position":2,"name":"Boutique","item":"http:\/\/lechappeeclose.it\/boutique\/"},{"@type":"ListItem","position":3,"name":"Brise du rouge soleil"}]},{"@type":"WebSite","@id":"http:\/\/lechappeeclose.it\/#website","url":"http:\/\/lechappeeclose.it\/","name":"l&#039;\u00e9chapp\u00e9e close","description":"La libreria francese di Milano","publisher":{"@id":"http:\/\/lechappeeclose.it\/#organization"},"alternateName":"La librairie fran\u00e7aise de Milan","potentialAction":[{"@type":"SearchAction","target":{"@type":"EntryPoint","urlTemplate":"http:\/\/lechappeeclose.it\/?s={search_term_string}"},"query-input":{"@type":"PropertyValueSpecification","valueRequired":true,"valueName":"search_term_string"}}],"inLanguage":"it-IT"},{"@type":"Organization","@id":"http:\/\/lechappeeclose.it\/#organization","name":"l&#039;\u00e9chapp\u00e9e close","url":"http:\/\/lechappeeclose.it\/","logo":{"@type":"ImageObject","inLanguage":"it-IT","@id":"http:\/\/lechappeeclose.it\/#\/schema\/logo\/image\/","url":"http:\/\/lechappeeclose.it\/wp-content\/uploads\/2025\/02\/cropped-logo-rond.png","contentUrl":"http:\/\/lechappeeclose.it\/wp-content\/uploads\/2025\/02\/cropped-logo-rond.png","width":1080,"height":1080,"caption":"l&#039;\u00e9chapp\u00e9e close"},"image":{"@id":"http:\/\/lechappeeclose.it\/#\/schema\/logo\/image\/"},"sameAs":["https:\/\/www.instagram.com\/lechappeeclose\/"]}]}},"_links":{"self":[{"href":"http:\/\/lechappeeclose.it\/it\/wp-json\/wp\/v2\/product\/3038","targetHints":{"allow":["GET"]}}],"collection":[{"href":"http:\/\/lechappeeclose.it\/it\/wp-json\/wp\/v2\/product"}],"about":[{"href":"http:\/\/lechappeeclose.it\/it\/wp-json\/wp\/v2\/types\/product"}],"replies":[{"embeddable":true,"href":"http:\/\/lechappeeclose.it\/it\/wp-json\/wp\/v2\/comments?post=3038"}],"wp:featuredmedia":[{"embeddable":true,"href":"http:\/\/lechappeeclose.it\/it\/wp-json\/wp\/v2\/media\/3037"}],"wp:attachment":[{"href":"http:\/\/lechappeeclose.it\/it\/wp-json\/wp\/v2\/media?parent=3038"}],"wp:term":[{"taxonomy":"product_brand","embeddable":true,"href":"http:\/\/lechappeeclose.it\/it\/wp-json\/wp\/v2\/product_brand?post=3038"},{"taxonomy":"product_cat","embeddable":true,"href":"http:\/\/lechappeeclose.it\/it\/wp-json\/wp\/v2\/product_cat?post=3038"},{"taxonomy":"product_tag","embeddable":true,"href":"http:\/\/lechappeeclose.it\/it\/wp-json\/wp\/v2\/product_tag?post=3038"}],"curies":[{"name":"wp","href":"https:\/\/api.w.org\/{rel}","templated":true}]}}