{"id":3036,"date":"2025-01-30T12:03:53","date_gmt":"2025-01-30T11:03:53","guid":{"rendered":"https:\/\/lechappeeclose.it\/produit\/cenotaphe-eva-jospin-a-montmajour\/"},"modified":"2025-01-30T12:03:53","modified_gmt":"2025-01-30T11:03:53","slug":"cenotaphe-eva-jospin-a-montmajour","status":"publish","type":"product","link":"http:\/\/lechappeeclose.it\/it\/boutique\/livres\/arts\/design\/cenotaphe-eva-jospin-a-montmajour\/","title":{"rendered":"Cenotaphe \/ Eva Jospin \u00e0 Montmajour"},"content":{"rendered":"<p>Dans le cadre des Rencontres de la photographie d&#8217;Arles, une cr\u00e9ation de la plasticienne \u00c9va Jospin. On se souvient de sa splendide installation dans la Cour carr\u00e9e du Louvre en 2016 : Panorama . Une publication \u00e0 l&#8217;occasion de l&#8217;invitation lanc\u00e9e par le Centre des monuments nationaux \u00e0 l&#8217;artiste plasticienne Eva Jospin \u00e0 l&#8217;abbaye de Montmajour, pendant l&#8217;\u00e9t\u00e9 2020.Au centre de l&#8217;\u00e9glise abbatiale de Montmajour, dans le majestueux volume d\u00e9pouill\u00e9 de son ch\u0153ur, Eva Jospin a con\u00e7u un c\u00e9notaphe, monument \u00e0 la m\u00e9moire des d\u00e9funts. Cette tour brune, haute de trois \u00e9tages, se compose de strates de carton sculpt\u00e9 et vein\u00e9 de feuilles de papier color\u00e9. Son style rappelle celui des capricci du XVIIIe si\u00e8cle \u2013 fantaisies picturales figurant des \u00e9difices authentiques export\u00e9s vers des paysages fictifs \u2013, mais en renverse le principe, puisqu&#8217;il s&#8217;agit ici d&#8217;une \u0153uvre invent\u00e9e dans un d\u00e9cor ancestral. Pens\u00e9 comme une chim\u00e8re, ce C\u00e9notaphe incorpore tout \u00e0 la fois des formes architecturales et organiques, v\u00e9g\u00e9tales ou min\u00e9rales. La roche m\u00eame semble prolif\u00e9rer sur les \u00e9l\u00e9ments, \u00e0 l&#8217;image de la nature troglodytique de l&#8217;ermitage de l&#8217;abbaye et du cimeti\u00e8re rupestre attenant. Par son caract\u00e8re immersif, l&#8217;ouvrage rend un hommage contemporain \u00e0 un lieu o\u00f9 le temps a fait son \u0153uvre et superpos\u00e9 son histoire dans la pierre, au c\u0153ur d&#8217;une nature r\u00e9solument souveraine.Support de pr\u00e9dilection d&#8217;Eva Jospin, le carton se fait \u00e0 travers ses mains roche, pierre, v\u00e9g\u00e9tal, et permet d&#8217;\u00e9voquer la mat\u00e9rialit\u00e9, la taille, la construction, l&#8217;\u00e9rosion, la ruine et la nature souveraine.<\/p>","protected":false},"excerpt":{"rendered":"<p>Dans le cadre des Rencontres de la photographie d&#8217;Arles, une cr\u00e9ation de la plasticienne \u00c9va Jospin. On se souvient de sa splendide installation dans la Cour carr\u00e9e du Louvre en 2016 : Panorama . Une publication \u00e0 l&#8217;occasion de l&#8217;invitation lanc\u00e9e par le Centre des monuments nationaux \u00e0 l&#8217;artiste plasticienne Eva Jospin \u00e0 l&#8217;abbaye de [&hellip;]<\/p>","protected":false},"featured_media":3035,"comment_status":"open","ping_status":"closed","template":"","meta":[],"product_brand":[],"product_cat":[38],"product_tag":[],"class_list":{"0":"post-3036","1":"product","2":"type-product","3":"status-publish","4":"has-post-thumbnail","6":"product_cat-design","8":"first","9":"instock","10":"taxable","11":"shipping-taxable","12":"purchasable","13":"product-type-simple"},"yoast_head":"<!-- This site is optimized with the Yoast SEO plugin v27.4 - https:\/\/yoast.com\/product\/yoast-seo-wordpress\/ -->\n<title>Cenotaphe \/ Eva Jospin \u00e0 Montmajour - l&#039;\u00e9chapp\u00e9e close<\/title>\n<meta name=\"robots\" content=\"index, follow, max-snippet:-1, max-image-preview:large, max-video-preview:-1\" \/>\n<link rel=\"canonical\" href=\"https:\/\/lechappeeclose.it\/it\/boutique\/livres\/arts\/design\/cenotaphe-eva-jospin-a-montmajour\/\" \/>\n<meta property=\"og:locale\" content=\"it_IT\" \/>\n<meta property=\"og:type\" content=\"article\" \/>\n<meta property=\"og:title\" content=\"Cenotaphe \/ Eva Jospin \u00e0 Montmajour - l&#039;\u00e9chapp\u00e9e close\" \/>\n<meta property=\"og:description\" content=\"Dans le cadre des Rencontres de la photographie d&#8217;Arles, une cr\u00e9ation de la plasticienne \u00c9va Jospin. On se souvient de sa splendide installation dans la Cour carr\u00e9e du Louvre en 2016 : Panorama . Une publication \u00e0 l&#8217;occasion de l&#8217;invitation lanc\u00e9e par le Centre des monuments nationaux \u00e0 l&#8217;artiste plasticienne Eva Jospin \u00e0 l&#8217;abbaye de [&hellip;]\" \/>\n<meta property=\"og:url\" content=\"https:\/\/lechappeeclose.it\/it\/boutique\/livres\/arts\/design\/cenotaphe-eva-jospin-a-montmajour\/\" \/>\n<meta property=\"og:site_name\" content=\"l&#039;\u00e9chapp\u00e9e close\" \/>\n<meta property=\"og:image\" content=\"https:\/\/lechappeeclose.it\/wp-content\/uploads\/2025\/01\/Cenotaphe-Eva-Jospin-a-Montmajour.jpg\" \/>\n\t<meta property=\"og:image:width\" content=\"323\" \/>\n\t<meta property=\"og:image:height\" content=\"500\" \/>\n\t<meta property=\"og:image:type\" content=\"image\/jpeg\" \/>\n<meta name=\"twitter:card\" content=\"summary_large_image\" \/>\n<meta name=\"twitter:label1\" content=\"Tempo di lettura stimato\" \/>\n\t<meta name=\"twitter:data1\" content=\"1 minuto\" \/>\n<script type=\"application\/ld+json\" class=\"yoast-schema-graph\">{\"@context\":\"https:\\\/\\\/schema.org\",\"@graph\":[{\"@type\":\"WebPage\",\"@id\":\"https:\\\/\\\/lechappeeclose.it\\\/boutique\\\/livres\\\/arts\\\/design\\\/cenotaphe-eva-jospin-a-montmajour\\\/\",\"url\":\"https:\\\/\\\/lechappeeclose.it\\\/boutique\\\/livres\\\/arts\\\/design\\\/cenotaphe-eva-jospin-a-montmajour\\\/\",\"name\":\"Cenotaphe \\\/ Eva Jospin \u00e0 Montmajour - l&#039;\u00e9chapp\u00e9e close\",\"isPartOf\":{\"@id\":\"http:\\\/\\\/lechappeeclose.it\\\/#website\"},\"primaryImageOfPage\":{\"@id\":\"https:\\\/\\\/lechappeeclose.it\\\/boutique\\\/livres\\\/arts\\\/design\\\/cenotaphe-eva-jospin-a-montmajour\\\/#primaryimage\"},\"image\":{\"@id\":\"https:\\\/\\\/lechappeeclose.it\\\/boutique\\\/livres\\\/arts\\\/design\\\/cenotaphe-eva-jospin-a-montmajour\\\/#primaryimage\"},\"thumbnailUrl\":\"http:\\\/\\\/lechappeeclose.it\\\/wp-content\\\/uploads\\\/2025\\\/01\\\/Cenotaphe-Eva-Jospin-a-Montmajour.jpg\",\"datePublished\":\"2025-01-30T11:03:53+00:00\",\"breadcrumb\":{\"@id\":\"https:\\\/\\\/lechappeeclose.it\\\/boutique\\\/livres\\\/arts\\\/design\\\/cenotaphe-eva-jospin-a-montmajour\\\/#breadcrumb\"},\"inLanguage\":\"it-IT\",\"potentialAction\":[{\"@type\":\"ReadAction\",\"target\":[\"https:\\\/\\\/lechappeeclose.it\\\/boutique\\\/livres\\\/arts\\\/design\\\/cenotaphe-eva-jospin-a-montmajour\\\/\"]}]},{\"@type\":\"ImageObject\",\"inLanguage\":\"it-IT\",\"@id\":\"https:\\\/\\\/lechappeeclose.it\\\/boutique\\\/livres\\\/arts\\\/design\\\/cenotaphe-eva-jospin-a-montmajour\\\/#primaryimage\",\"url\":\"http:\\\/\\\/lechappeeclose.it\\\/wp-content\\\/uploads\\\/2025\\\/01\\\/Cenotaphe-Eva-Jospin-a-Montmajour.jpg\",\"contentUrl\":\"http:\\\/\\\/lechappeeclose.it\\\/wp-content\\\/uploads\\\/2025\\\/01\\\/Cenotaphe-Eva-Jospin-a-Montmajour.jpg\",\"width\":323,\"height\":500},{\"@type\":\"BreadcrumbList\",\"@id\":\"https:\\\/\\\/lechappeeclose.it\\\/boutique\\\/livres\\\/arts\\\/design\\\/cenotaphe-eva-jospin-a-montmajour\\\/#breadcrumb\",\"itemListElement\":[{\"@type\":\"ListItem\",\"position\":1,\"name\":\"Accueil\",\"item\":\"http:\\\/\\\/lechappeeclose.it\\\/\"},{\"@type\":\"ListItem\",\"position\":2,\"name\":\"Boutique\",\"item\":\"http:\\\/\\\/lechappeeclose.it\\\/boutique\\\/\"},{\"@type\":\"ListItem\",\"position\":3,\"name\":\"Cenotaphe \\\/ Eva Jospin \u00e0 Montmajour\"}]},{\"@type\":\"WebSite\",\"@id\":\"http:\\\/\\\/lechappeeclose.it\\\/#website\",\"url\":\"http:\\\/\\\/lechappeeclose.it\\\/\",\"name\":\"l&#039;\u00e9chapp\u00e9e close\",\"description\":\"la librairie fran\u00e7aise de Milan\",\"publisher\":{\"@id\":\"http:\\\/\\\/lechappeeclose.it\\\/#organization\"},\"alternateName\":\"La librairie fran\u00e7aise de Milan\",\"potentialAction\":[{\"@type\":\"SearchAction\",\"target\":{\"@type\":\"EntryPoint\",\"urlTemplate\":\"http:\\\/\\\/lechappeeclose.it\\\/?s={search_term_string}\"},\"query-input\":{\"@type\":\"PropertyValueSpecification\",\"valueRequired\":true,\"valueName\":\"search_term_string\"}}],\"inLanguage\":\"it-IT\"},{\"@type\":\"Organization\",\"@id\":\"http:\\\/\\\/lechappeeclose.it\\\/#organization\",\"name\":\"l&#039;\u00e9chapp\u00e9e close\",\"url\":\"http:\\\/\\\/lechappeeclose.it\\\/\",\"logo\":{\"@type\":\"ImageObject\",\"inLanguage\":\"it-IT\",\"@id\":\"http:\\\/\\\/lechappeeclose.it\\\/#\\\/schema\\\/logo\\\/image\\\/\",\"url\":\"http:\\\/\\\/lechappeeclose.it\\\/wp-content\\\/uploads\\\/2025\\\/02\\\/cropped-logo-rond.png\",\"contentUrl\":\"http:\\\/\\\/lechappeeclose.it\\\/wp-content\\\/uploads\\\/2025\\\/02\\\/cropped-logo-rond.png\",\"width\":1080,\"height\":1080,\"caption\":\"l&#039;\u00e9chapp\u00e9e close\"},\"image\":{\"@id\":\"http:\\\/\\\/lechappeeclose.it\\\/#\\\/schema\\\/logo\\\/image\\\/\"},\"sameAs\":[\"https:\\\/\\\/www.instagram.com\\\/lechappeeclose\\\/\"]}]}<\/script>\n<!-- \/ Yoast SEO plugin. -->","yoast_head_json":{"title":"Cenotaphe \/ Eva Jospin \u00e0 Montmajour - l&#039;\u00e9chapp\u00e9e close","robots":{"index":"index","follow":"follow","max-snippet":"max-snippet:-1","max-image-preview":"max-image-preview:large","max-video-preview":"max-video-preview:-1"},"canonical":"https:\/\/lechappeeclose.it\/it\/boutique\/livres\/arts\/design\/cenotaphe-eva-jospin-a-montmajour\/","og_locale":"it_IT","og_type":"article","og_title":"Cenotaphe \/ Eva Jospin \u00e0 Montmajour - l&#039;\u00e9chapp\u00e9e close","og_description":"Dans le cadre des Rencontres de la photographie d&#8217;Arles, une cr\u00e9ation de la plasticienne \u00c9va Jospin. On se souvient de sa splendide installation dans la Cour carr\u00e9e du Louvre en 2016 : Panorama . Une publication \u00e0 l&#8217;occasion de l&#8217;invitation lanc\u00e9e par le Centre des monuments nationaux \u00e0 l&#8217;artiste plasticienne Eva Jospin \u00e0 l&#8217;abbaye de [&hellip;]","og_url":"https:\/\/lechappeeclose.it\/it\/boutique\/livres\/arts\/design\/cenotaphe-eva-jospin-a-montmajour\/","og_site_name":"l&#039;\u00e9chapp\u00e9e close","og_image":[{"width":323,"height":500,"url":"https:\/\/lechappeeclose.it\/wp-content\/uploads\/2025\/01\/Cenotaphe-Eva-Jospin-a-Montmajour.jpg","type":"image\/jpeg"}],"twitter_card":"summary_large_image","twitter_misc":{"Tempo di lettura stimato":"1 minuto"},"schema":{"@context":"https:\/\/schema.org","@graph":[{"@type":"WebPage","@id":"https:\/\/lechappeeclose.it\/boutique\/livres\/arts\/design\/cenotaphe-eva-jospin-a-montmajour\/","url":"https:\/\/lechappeeclose.it\/boutique\/livres\/arts\/design\/cenotaphe-eva-jospin-a-montmajour\/","name":"Cenotaphe \/ Eva Jospin \u00e0 Montmajour - l&#039;\u00e9chapp\u00e9e close","isPartOf":{"@id":"http:\/\/lechappeeclose.it\/#website"},"primaryImageOfPage":{"@id":"https:\/\/lechappeeclose.it\/boutique\/livres\/arts\/design\/cenotaphe-eva-jospin-a-montmajour\/#primaryimage"},"image":{"@id":"https:\/\/lechappeeclose.it\/boutique\/livres\/arts\/design\/cenotaphe-eva-jospin-a-montmajour\/#primaryimage"},"thumbnailUrl":"http:\/\/lechappeeclose.it\/wp-content\/uploads\/2025\/01\/Cenotaphe-Eva-Jospin-a-Montmajour.jpg","datePublished":"2025-01-30T11:03:53+00:00","breadcrumb":{"@id":"https:\/\/lechappeeclose.it\/boutique\/livres\/arts\/design\/cenotaphe-eva-jospin-a-montmajour\/#breadcrumb"},"inLanguage":"it-IT","potentialAction":[{"@type":"ReadAction","target":["https:\/\/lechappeeclose.it\/boutique\/livres\/arts\/design\/cenotaphe-eva-jospin-a-montmajour\/"]}]},{"@type":"ImageObject","inLanguage":"it-IT","@id":"https:\/\/lechappeeclose.it\/boutique\/livres\/arts\/design\/cenotaphe-eva-jospin-a-montmajour\/#primaryimage","url":"http:\/\/lechappeeclose.it\/wp-content\/uploads\/2025\/01\/Cenotaphe-Eva-Jospin-a-Montmajour.jpg","contentUrl":"http:\/\/lechappeeclose.it\/wp-content\/uploads\/2025\/01\/Cenotaphe-Eva-Jospin-a-Montmajour.jpg","width":323,"height":500},{"@type":"BreadcrumbList","@id":"https:\/\/lechappeeclose.it\/boutique\/livres\/arts\/design\/cenotaphe-eva-jospin-a-montmajour\/#breadcrumb","itemListElement":[{"@type":"ListItem","position":1,"name":"Accueil","item":"http:\/\/lechappeeclose.it\/"},{"@type":"ListItem","position":2,"name":"Boutique","item":"http:\/\/lechappeeclose.it\/boutique\/"},{"@type":"ListItem","position":3,"name":"Cenotaphe \/ Eva Jospin \u00e0 Montmajour"}]},{"@type":"WebSite","@id":"http:\/\/lechappeeclose.it\/#website","url":"http:\/\/lechappeeclose.it\/","name":"l&#039;\u00e9chapp\u00e9e close","description":"La libreria francese di Milano","publisher":{"@id":"http:\/\/lechappeeclose.it\/#organization"},"alternateName":"La librairie fran\u00e7aise de Milan","potentialAction":[{"@type":"SearchAction","target":{"@type":"EntryPoint","urlTemplate":"http:\/\/lechappeeclose.it\/?s={search_term_string}"},"query-input":{"@type":"PropertyValueSpecification","valueRequired":true,"valueName":"search_term_string"}}],"inLanguage":"it-IT"},{"@type":"Organization","@id":"http:\/\/lechappeeclose.it\/#organization","name":"l&#039;\u00e9chapp\u00e9e close","url":"http:\/\/lechappeeclose.it\/","logo":{"@type":"ImageObject","inLanguage":"it-IT","@id":"http:\/\/lechappeeclose.it\/#\/schema\/logo\/image\/","url":"http:\/\/lechappeeclose.it\/wp-content\/uploads\/2025\/02\/cropped-logo-rond.png","contentUrl":"http:\/\/lechappeeclose.it\/wp-content\/uploads\/2025\/02\/cropped-logo-rond.png","width":1080,"height":1080,"caption":"l&#039;\u00e9chapp\u00e9e close"},"image":{"@id":"http:\/\/lechappeeclose.it\/#\/schema\/logo\/image\/"},"sameAs":["https:\/\/www.instagram.com\/lechappeeclose\/"]}]}},"_links":{"self":[{"href":"http:\/\/lechappeeclose.it\/it\/wp-json\/wp\/v2\/product\/3036","targetHints":{"allow":["GET"]}}],"collection":[{"href":"http:\/\/lechappeeclose.it\/it\/wp-json\/wp\/v2\/product"}],"about":[{"href":"http:\/\/lechappeeclose.it\/it\/wp-json\/wp\/v2\/types\/product"}],"replies":[{"embeddable":true,"href":"http:\/\/lechappeeclose.it\/it\/wp-json\/wp\/v2\/comments?post=3036"}],"wp:featuredmedia":[{"embeddable":true,"href":"http:\/\/lechappeeclose.it\/it\/wp-json\/wp\/v2\/media\/3035"}],"wp:attachment":[{"href":"http:\/\/lechappeeclose.it\/it\/wp-json\/wp\/v2\/media?parent=3036"}],"wp:term":[{"taxonomy":"product_brand","embeddable":true,"href":"http:\/\/lechappeeclose.it\/it\/wp-json\/wp\/v2\/product_brand?post=3036"},{"taxonomy":"product_cat","embeddable":true,"href":"http:\/\/lechappeeclose.it\/it\/wp-json\/wp\/v2\/product_cat?post=3036"},{"taxonomy":"product_tag","embeddable":true,"href":"http:\/\/lechappeeclose.it\/it\/wp-json\/wp\/v2\/product_tag?post=3036"}],"curies":[{"name":"wp","href":"https:\/\/api.w.org\/{rel}","templated":true}]}}