{"id":3030,"date":"2025-01-30T12:02:37","date_gmt":"2025-01-30T11:02:37","guid":{"rendered":"https:\/\/lechappeeclose.it\/produit\/detournement-stephane-thidet-conciergerie\/"},"modified":"2026-01-30T12:04:44","modified_gmt":"2026-01-30T11:04:44","slug":"detournement-stephane-thidet-conciergerie","status":"publish","type":"product","link":"http:\/\/lechappeeclose.it\/it\/boutique\/livres\/arts\/design\/detournement-stephane-thidet-conciergerie\/","title":{"rendered":"D\u00e9tournement &#8211; St\u00e9phane Thidet \/ Conciergerie"},"content":{"rendered":"<p>Avec \u00ab\u00a0D\u00e9tournement\u00a0\u00bb, St\u00e9phane Thidet s\u2019installe \u00e0 la Conciergerie de fin mars \u00e0 septembre pour proposer une installation rappelant que la Seine est entr\u00e9e dans le monument lors de la crue de 1910. Le fleuve, d\u00e9tourn\u00e9 de son lit, traversera \u00e0 nouveau la salle des Gens d\u2019armes, mais en suivant un parcours d\u00e9fini, avant de reprendre son cours, gr\u00e2ce \u00e0 une structure en bois. Cette communication avec l\u2019ext\u00e9rieur se veut aussi contraste avec le pass\u00e9 carc\u00e9ral du monument.\u00a0Chaque ann\u00e9e, le Centre des monuments nationaux invite des artistes \u00e0 investir tel ou tel monument dont il assure la gestion. De ces rencontres entre l\u2019art contemporain et le patrimoine, naissent des \u0153uvres profond\u00e9ment originales dont la trace est d\u00e9sormais conserv\u00e9e dans chacun des titres d\u2019une nouvelle collection\u00a0:\u00a0\u00ab\u00a0Un artiste \/ un monument\u00a0\u00bb.\u00a0Pour celle-ci, Philippe Bretelle a imagin\u00e9 un catalogue en plusieurs dimensions qui propose en effet deux niveaux de lecture. On d\u00e9couvre les textes et les notices sur un petit format 18 x 28 cm\u2026 qui se d\u00e9plie sur un format poster de 36 x 58 cm, o\u00f9 les images du monument et des \u0153uvres in situ prennent toute leur mesure. Une fois d\u00e9pli\u00e9, ce catalogue offre au lecteur une immersion totale dans l\u2019exposition concern\u00e9e.<\/p>","protected":false},"excerpt":{"rendered":"<p>Avec \u00ab\u00a0D\u00e9tournement\u00a0\u00bb, St\u00e9phane Thidet s\u2019installe \u00e0 la Conciergerie de fin mars \u00e0 septembre pour proposer une installation rappelant que la Seine est entr\u00e9e dans le monument lors de la crue de 1910. Le fleuve, d\u00e9tourn\u00e9 de son lit, traversera \u00e0 nouveau la salle des Gens d\u2019armes, mais en suivant un parcours d\u00e9fini, avant de reprendre [&hellip;]<\/p>","protected":false},"featured_media":3029,"comment_status":"open","ping_status":"closed","template":"","meta":[],"product_brand":[],"product_cat":[38],"product_tag":[],"class_list":{"0":"post-3030","1":"product","2":"type-product","3":"status-publish","4":"has-post-thumbnail","6":"product_cat-design","8":"first","9":"onbackorder","10":"taxable","11":"shipping-taxable","12":"purchasable","13":"product-type-simple"},"yoast_head":"<!-- This site is optimized with the Yoast SEO plugin v27.4 - https:\/\/yoast.com\/product\/yoast-seo-wordpress\/ -->\n<title>D\u00e9tournement - St\u00e9phane Thidet \/ Conciergerie - l&#039;\u00e9chapp\u00e9e close<\/title>\n<meta name=\"robots\" content=\"index, follow, max-snippet:-1, max-image-preview:large, max-video-preview:-1\" \/>\n<link rel=\"canonical\" href=\"https:\/\/lechappeeclose.it\/it\/boutique\/livres\/arts\/design\/detournement-stephane-thidet-conciergerie\/\" \/>\n<meta property=\"og:locale\" content=\"it_IT\" \/>\n<meta property=\"og:type\" content=\"article\" \/>\n<meta property=\"og:title\" content=\"D\u00e9tournement - St\u00e9phane Thidet \/ Conciergerie - l&#039;\u00e9chapp\u00e9e close\" \/>\n<meta property=\"og:description\" content=\"Avec \u00ab\u00a0D\u00e9tournement\u00a0\u00bb, St\u00e9phane Thidet s\u2019installe \u00e0 la Conciergerie de fin mars \u00e0 septembre pour proposer une installation rappelant que la Seine est entr\u00e9e dans le monument lors de la crue de 1910. Le fleuve, d\u00e9tourn\u00e9 de son lit, traversera \u00e0 nouveau la salle des Gens d\u2019armes, mais en suivant un parcours d\u00e9fini, avant de reprendre [&hellip;]\" \/>\n<meta property=\"og:url\" content=\"https:\/\/lechappeeclose.it\/it\/boutique\/livres\/arts\/design\/detournement-stephane-thidet-conciergerie\/\" \/>\n<meta property=\"og:site_name\" content=\"l&#039;\u00e9chapp\u00e9e close\" \/>\n<meta property=\"article:modified_time\" content=\"2026-01-30T11:04:44+00:00\" \/>\n<meta property=\"og:image\" content=\"https:\/\/lechappeeclose.it\/wp-content\/uploads\/2025\/01\/Detournement-Stephane-Thidet-Conciergerie.jpg\" \/>\n\t<meta property=\"og:image:width\" content=\"322\" \/>\n\t<meta property=\"og:image:height\" content=\"500\" \/>\n\t<meta property=\"og:image:type\" content=\"image\/jpeg\" \/>\n<meta name=\"twitter:card\" content=\"summary_large_image\" \/>\n<meta name=\"twitter:label1\" content=\"Tempo di lettura stimato\" \/>\n\t<meta name=\"twitter:data1\" content=\"1 minuto\" \/>\n<script type=\"application\/ld+json\" class=\"yoast-schema-graph\">{\"@context\":\"https:\\\/\\\/schema.org\",\"@graph\":[{\"@type\":\"WebPage\",\"@id\":\"https:\\\/\\\/lechappeeclose.it\\\/boutique\\\/livres\\\/arts\\\/design\\\/detournement-stephane-thidet-conciergerie\\\/\",\"url\":\"https:\\\/\\\/lechappeeclose.it\\\/boutique\\\/livres\\\/arts\\\/design\\\/detournement-stephane-thidet-conciergerie\\\/\",\"name\":\"D\u00e9tournement - St\u00e9phane Thidet \\\/ Conciergerie - l&#039;\u00e9chapp\u00e9e close\",\"isPartOf\":{\"@id\":\"http:\\\/\\\/lechappeeclose.it\\\/#website\"},\"primaryImageOfPage\":{\"@id\":\"https:\\\/\\\/lechappeeclose.it\\\/boutique\\\/livres\\\/arts\\\/design\\\/detournement-stephane-thidet-conciergerie\\\/#primaryimage\"},\"image\":{\"@id\":\"https:\\\/\\\/lechappeeclose.it\\\/boutique\\\/livres\\\/arts\\\/design\\\/detournement-stephane-thidet-conciergerie\\\/#primaryimage\"},\"thumbnailUrl\":\"http:\\\/\\\/lechappeeclose.it\\\/wp-content\\\/uploads\\\/2025\\\/01\\\/Detournement-Stephane-Thidet-Conciergerie.jpg\",\"datePublished\":\"2025-01-30T11:02:37+00:00\",\"dateModified\":\"2026-01-30T11:04:44+00:00\",\"breadcrumb\":{\"@id\":\"https:\\\/\\\/lechappeeclose.it\\\/boutique\\\/livres\\\/arts\\\/design\\\/detournement-stephane-thidet-conciergerie\\\/#breadcrumb\"},\"inLanguage\":\"it-IT\",\"potentialAction\":[{\"@type\":\"ReadAction\",\"target\":[\"https:\\\/\\\/lechappeeclose.it\\\/boutique\\\/livres\\\/arts\\\/design\\\/detournement-stephane-thidet-conciergerie\\\/\"]}]},{\"@type\":\"ImageObject\",\"inLanguage\":\"it-IT\",\"@id\":\"https:\\\/\\\/lechappeeclose.it\\\/boutique\\\/livres\\\/arts\\\/design\\\/detournement-stephane-thidet-conciergerie\\\/#primaryimage\",\"url\":\"http:\\\/\\\/lechappeeclose.it\\\/wp-content\\\/uploads\\\/2025\\\/01\\\/Detournement-Stephane-Thidet-Conciergerie.jpg\",\"contentUrl\":\"http:\\\/\\\/lechappeeclose.it\\\/wp-content\\\/uploads\\\/2025\\\/01\\\/Detournement-Stephane-Thidet-Conciergerie.jpg\",\"width\":322,\"height\":500},{\"@type\":\"BreadcrumbList\",\"@id\":\"https:\\\/\\\/lechappeeclose.it\\\/boutique\\\/livres\\\/arts\\\/design\\\/detournement-stephane-thidet-conciergerie\\\/#breadcrumb\",\"itemListElement\":[{\"@type\":\"ListItem\",\"position\":1,\"name\":\"Accueil\",\"item\":\"http:\\\/\\\/lechappeeclose.it\\\/\"},{\"@type\":\"ListItem\",\"position\":2,\"name\":\"Boutique\",\"item\":\"http:\\\/\\\/lechappeeclose.it\\\/boutique\\\/\"},{\"@type\":\"ListItem\",\"position\":3,\"name\":\"D\u00e9tournement &#8211; St\u00e9phane Thidet \\\/ Conciergerie\"}]},{\"@type\":\"WebSite\",\"@id\":\"http:\\\/\\\/lechappeeclose.it\\\/#website\",\"url\":\"http:\\\/\\\/lechappeeclose.it\\\/\",\"name\":\"l&#039;\u00e9chapp\u00e9e close\",\"description\":\"la librairie fran\u00e7aise de Milan\",\"publisher\":{\"@id\":\"http:\\\/\\\/lechappeeclose.it\\\/#organization\"},\"alternateName\":\"La librairie fran\u00e7aise de Milan\",\"potentialAction\":[{\"@type\":\"SearchAction\",\"target\":{\"@type\":\"EntryPoint\",\"urlTemplate\":\"http:\\\/\\\/lechappeeclose.it\\\/?s={search_term_string}\"},\"query-input\":{\"@type\":\"PropertyValueSpecification\",\"valueRequired\":true,\"valueName\":\"search_term_string\"}}],\"inLanguage\":\"it-IT\"},{\"@type\":\"Organization\",\"@id\":\"http:\\\/\\\/lechappeeclose.it\\\/#organization\",\"name\":\"l&#039;\u00e9chapp\u00e9e close\",\"url\":\"http:\\\/\\\/lechappeeclose.it\\\/\",\"logo\":{\"@type\":\"ImageObject\",\"inLanguage\":\"it-IT\",\"@id\":\"http:\\\/\\\/lechappeeclose.it\\\/#\\\/schema\\\/logo\\\/image\\\/\",\"url\":\"http:\\\/\\\/lechappeeclose.it\\\/wp-content\\\/uploads\\\/2025\\\/02\\\/cropped-logo-rond.png\",\"contentUrl\":\"http:\\\/\\\/lechappeeclose.it\\\/wp-content\\\/uploads\\\/2025\\\/02\\\/cropped-logo-rond.png\",\"width\":1080,\"height\":1080,\"caption\":\"l&#039;\u00e9chapp\u00e9e close\"},\"image\":{\"@id\":\"http:\\\/\\\/lechappeeclose.it\\\/#\\\/schema\\\/logo\\\/image\\\/\"},\"sameAs\":[\"https:\\\/\\\/www.instagram.com\\\/lechappeeclose\\\/\"]}]}<\/script>\n<!-- \/ Yoast SEO plugin. -->","yoast_head_json":{"title":"D\u00e9tournement - St\u00e9phane Thidet \/ Conciergerie - l&#039;\u00e9chapp\u00e9e close","robots":{"index":"index","follow":"follow","max-snippet":"max-snippet:-1","max-image-preview":"max-image-preview:large","max-video-preview":"max-video-preview:-1"},"canonical":"https:\/\/lechappeeclose.it\/it\/boutique\/livres\/arts\/design\/detournement-stephane-thidet-conciergerie\/","og_locale":"it_IT","og_type":"article","og_title":"D\u00e9tournement - St\u00e9phane Thidet \/ Conciergerie - l&#039;\u00e9chapp\u00e9e close","og_description":"Avec \u00ab\u00a0D\u00e9tournement\u00a0\u00bb, St\u00e9phane Thidet s\u2019installe \u00e0 la Conciergerie de fin mars \u00e0 septembre pour proposer une installation rappelant que la Seine est entr\u00e9e dans le monument lors de la crue de 1910. Le fleuve, d\u00e9tourn\u00e9 de son lit, traversera \u00e0 nouveau la salle des Gens d\u2019armes, mais en suivant un parcours d\u00e9fini, avant de reprendre [&hellip;]","og_url":"https:\/\/lechappeeclose.it\/it\/boutique\/livres\/arts\/design\/detournement-stephane-thidet-conciergerie\/","og_site_name":"l&#039;\u00e9chapp\u00e9e close","article_modified_time":"2026-01-30T11:04:44+00:00","og_image":[{"width":322,"height":500,"url":"https:\/\/lechappeeclose.it\/wp-content\/uploads\/2025\/01\/Detournement-Stephane-Thidet-Conciergerie.jpg","type":"image\/jpeg"}],"twitter_card":"summary_large_image","twitter_misc":{"Tempo di lettura stimato":"1 minuto"},"schema":{"@context":"https:\/\/schema.org","@graph":[{"@type":"WebPage","@id":"https:\/\/lechappeeclose.it\/boutique\/livres\/arts\/design\/detournement-stephane-thidet-conciergerie\/","url":"https:\/\/lechappeeclose.it\/boutique\/livres\/arts\/design\/detournement-stephane-thidet-conciergerie\/","name":"D\u00e9tournement - St\u00e9phane Thidet \/ Conciergerie - l&#039;\u00e9chapp\u00e9e close","isPartOf":{"@id":"http:\/\/lechappeeclose.it\/#website"},"primaryImageOfPage":{"@id":"https:\/\/lechappeeclose.it\/boutique\/livres\/arts\/design\/detournement-stephane-thidet-conciergerie\/#primaryimage"},"image":{"@id":"https:\/\/lechappeeclose.it\/boutique\/livres\/arts\/design\/detournement-stephane-thidet-conciergerie\/#primaryimage"},"thumbnailUrl":"http:\/\/lechappeeclose.it\/wp-content\/uploads\/2025\/01\/Detournement-Stephane-Thidet-Conciergerie.jpg","datePublished":"2025-01-30T11:02:37+00:00","dateModified":"2026-01-30T11:04:44+00:00","breadcrumb":{"@id":"https:\/\/lechappeeclose.it\/boutique\/livres\/arts\/design\/detournement-stephane-thidet-conciergerie\/#breadcrumb"},"inLanguage":"it-IT","potentialAction":[{"@type":"ReadAction","target":["https:\/\/lechappeeclose.it\/boutique\/livres\/arts\/design\/detournement-stephane-thidet-conciergerie\/"]}]},{"@type":"ImageObject","inLanguage":"it-IT","@id":"https:\/\/lechappeeclose.it\/boutique\/livres\/arts\/design\/detournement-stephane-thidet-conciergerie\/#primaryimage","url":"http:\/\/lechappeeclose.it\/wp-content\/uploads\/2025\/01\/Detournement-Stephane-Thidet-Conciergerie.jpg","contentUrl":"http:\/\/lechappeeclose.it\/wp-content\/uploads\/2025\/01\/Detournement-Stephane-Thidet-Conciergerie.jpg","width":322,"height":500},{"@type":"BreadcrumbList","@id":"https:\/\/lechappeeclose.it\/boutique\/livres\/arts\/design\/detournement-stephane-thidet-conciergerie\/#breadcrumb","itemListElement":[{"@type":"ListItem","position":1,"name":"Accueil","item":"http:\/\/lechappeeclose.it\/"},{"@type":"ListItem","position":2,"name":"Boutique","item":"http:\/\/lechappeeclose.it\/boutique\/"},{"@type":"ListItem","position":3,"name":"D\u00e9tournement &#8211; St\u00e9phane Thidet \/ Conciergerie"}]},{"@type":"WebSite","@id":"http:\/\/lechappeeclose.it\/#website","url":"http:\/\/lechappeeclose.it\/","name":"l&#039;\u00e9chapp\u00e9e close","description":"La libreria francese di Milano","publisher":{"@id":"http:\/\/lechappeeclose.it\/#organization"},"alternateName":"La librairie fran\u00e7aise de Milan","potentialAction":[{"@type":"SearchAction","target":{"@type":"EntryPoint","urlTemplate":"http:\/\/lechappeeclose.it\/?s={search_term_string}"},"query-input":{"@type":"PropertyValueSpecification","valueRequired":true,"valueName":"search_term_string"}}],"inLanguage":"it-IT"},{"@type":"Organization","@id":"http:\/\/lechappeeclose.it\/#organization","name":"l&#039;\u00e9chapp\u00e9e close","url":"http:\/\/lechappeeclose.it\/","logo":{"@type":"ImageObject","inLanguage":"it-IT","@id":"http:\/\/lechappeeclose.it\/#\/schema\/logo\/image\/","url":"http:\/\/lechappeeclose.it\/wp-content\/uploads\/2025\/02\/cropped-logo-rond.png","contentUrl":"http:\/\/lechappeeclose.it\/wp-content\/uploads\/2025\/02\/cropped-logo-rond.png","width":1080,"height":1080,"caption":"l&#039;\u00e9chapp\u00e9e close"},"image":{"@id":"http:\/\/lechappeeclose.it\/#\/schema\/logo\/image\/"},"sameAs":["https:\/\/www.instagram.com\/lechappeeclose\/"]}]}},"_links":{"self":[{"href":"http:\/\/lechappeeclose.it\/it\/wp-json\/wp\/v2\/product\/3030","targetHints":{"allow":["GET"]}}],"collection":[{"href":"http:\/\/lechappeeclose.it\/it\/wp-json\/wp\/v2\/product"}],"about":[{"href":"http:\/\/lechappeeclose.it\/it\/wp-json\/wp\/v2\/types\/product"}],"replies":[{"embeddable":true,"href":"http:\/\/lechappeeclose.it\/it\/wp-json\/wp\/v2\/comments?post=3030"}],"wp:featuredmedia":[{"embeddable":true,"href":"http:\/\/lechappeeclose.it\/it\/wp-json\/wp\/v2\/media\/3029"}],"wp:attachment":[{"href":"http:\/\/lechappeeclose.it\/it\/wp-json\/wp\/v2\/media?parent=3030"}],"wp:term":[{"taxonomy":"product_brand","embeddable":true,"href":"http:\/\/lechappeeclose.it\/it\/wp-json\/wp\/v2\/product_brand?post=3030"},{"taxonomy":"product_cat","embeddable":true,"href":"http:\/\/lechappeeclose.it\/it\/wp-json\/wp\/v2\/product_cat?post=3030"},{"taxonomy":"product_tag","embeddable":true,"href":"http:\/\/lechappeeclose.it\/it\/wp-json\/wp\/v2\/product_tag?post=3030"}],"curies":[{"name":"wp","href":"https:\/\/api.w.org\/{rel}","templated":true}]}}