{"id":3028,"date":"2025-01-30T12:02:13","date_gmt":"2025-01-30T11:02:13","guid":{"rendered":"https:\/\/lechappeeclose.it\/produit\/habiter-la-villa-francoise-petrovitch-a-la-villa-savoye\/"},"modified":"2025-01-30T12:02:13","modified_gmt":"2025-01-30T11:02:13","slug":"habiter-la-villa-francoise-petrovitch-a-la-villa-savoye","status":"publish","type":"product","link":"http:\/\/lechappeeclose.it\/it\/boutique\/livres\/arts\/design\/habiter-la-villa-francoise-petrovitch-a-la-villa-savoye\/","title":{"rendered":"Habiter la villa \/ Fran\u00e7oise P\u00e9trovitch \u00e0 la Villa Savoye"},"content":{"rendered":"<p>Une artiste contemporaine investit la villa Savoye, chef d&#8217;\u0153uvre de Le Corbusier, en ravivant la m\u00e9moire de ses commanditaires : Eug\u00e9nie et Pierre Savoye. Habiter la villaLa &#8221; machine \u00e0 habiter &#8221; qu&#8217;est la Villa Savoye selon les termes de son architecte, aussi consid\u00e9r\u00e9e comme l&#8217;un des fleurons du Mouvement moderne, est un exemple remarquable de la Polychromie architecturale con\u00e7ue par Le Corbusier, soit la strat\u00e9gie de mise en relation des couleurs avec les espaces.L&#8217;artiste Fran\u00e7oise P\u00e9trovitch cr\u00e9e ici de nouvelles oeuvres nourries par l&#8217;\u00e9vocation de la personnalit\u00e9 d&#8217;Eug\u00e9nie Savoye, commanditaire de la villa en 1928, et en dialogue avec les recherches chromatiques de Le Corbusier.Ajustant les dimensions des toiles au format de l&#8217;architecture et employant la gamme des couleurs de Le Corbusier, Fran\u00e7oise P\u00e9trovitch prolonge le geste de l&#8217;architecte et ravive la pr\u00e9sence des habitants de la maison : toile au bouquet dans l&#8217;entr\u00e9e, c\u00e9ramique au chat allong\u00e9 dans la cuisine, bronze du gar\u00e7on \u00e0 la poup\u00e9e dans la salle de bain, lavis Etendu dans le grand salon, bronze de Jeanne dans le solarium&#8230;, les cr\u00e9ations de l&#8217;artiste repeupleront en d\u00e9licatesse et par touches, la villa &#8221; Les Heures claires &#8221; d&#8217;Eug\u00e9nie Savoye.<\/p>","protected":false},"excerpt":{"rendered":"<p>Une artiste contemporaine investit la villa Savoye, chef d&#8217;\u0153uvre de Le Corbusier, en ravivant la m\u00e9moire de ses commanditaires : Eug\u00e9nie et Pierre Savoye. Habiter la villaLa &#8221; machine \u00e0 habiter &#8221; qu&#8217;est la Villa Savoye selon les termes de son architecte, aussi consid\u00e9r\u00e9e comme l&#8217;un des fleurons du Mouvement moderne, est un exemple remarquable [&hellip;]<\/p>","protected":false},"featured_media":3027,"comment_status":"open","ping_status":"closed","template":"","meta":[],"product_brand":[],"product_cat":[38],"product_tag":[],"class_list":{"0":"post-3028","1":"product","2":"type-product","3":"status-publish","4":"has-post-thumbnail","6":"product_cat-design","8":"first","9":"instock","10":"taxable","11":"shipping-taxable","12":"purchasable","13":"product-type-simple"},"yoast_head":"<!-- This site is optimized with the Yoast SEO plugin v27.4 - https:\/\/yoast.com\/product\/yoast-seo-wordpress\/ -->\n<title>Habiter la villa \/ Fran\u00e7oise P\u00e9trovitch \u00e0 la Villa Savoye - l&#039;\u00e9chapp\u00e9e close<\/title>\n<meta name=\"robots\" content=\"index, follow, max-snippet:-1, max-image-preview:large, max-video-preview:-1\" \/>\n<link rel=\"canonical\" href=\"http:\/\/lechappeeclose.it\/it\/boutique\/livres\/arts\/design\/habiter-la-villa-francoise-petrovitch-a-la-villa-savoye\/\" \/>\n<meta property=\"og:locale\" content=\"it_IT\" \/>\n<meta property=\"og:type\" content=\"article\" \/>\n<meta property=\"og:title\" content=\"Habiter la villa \/ Fran\u00e7oise P\u00e9trovitch \u00e0 la Villa Savoye - l&#039;\u00e9chapp\u00e9e close\" \/>\n<meta property=\"og:description\" content=\"Une artiste contemporaine investit la villa Savoye, chef d&#8217;\u0153uvre de Le Corbusier, en ravivant la m\u00e9moire de ses commanditaires : Eug\u00e9nie et Pierre Savoye. Habiter la villaLa &#8221; machine \u00e0 habiter &#8221; qu&#8217;est la Villa Savoye selon les termes de son architecte, aussi consid\u00e9r\u00e9e comme l&#8217;un des fleurons du Mouvement moderne, est un exemple remarquable [&hellip;]\" \/>\n<meta property=\"og:url\" content=\"http:\/\/lechappeeclose.it\/it\/boutique\/livres\/arts\/design\/habiter-la-villa-francoise-petrovitch-a-la-villa-savoye\/\" \/>\n<meta property=\"og:site_name\" content=\"l&#039;\u00e9chapp\u00e9e close\" \/>\n<meta property=\"og:image\" content=\"http:\/\/lechappeeclose.it\/wp-content\/uploads\/2025\/01\/Habiter-la-villa-Francoise-Petrovitch-a-la-Villa-Savoye.jpg\" \/>\n\t<meta property=\"og:image:width\" content=\"321\" \/>\n\t<meta property=\"og:image:height\" content=\"500\" \/>\n\t<meta property=\"og:image:type\" content=\"image\/jpeg\" \/>\n<meta name=\"twitter:card\" content=\"summary_large_image\" \/>\n<meta name=\"twitter:label1\" content=\"Tempo di lettura stimato\" \/>\n\t<meta name=\"twitter:data1\" content=\"1 minuto\" \/>\n<script type=\"application\/ld+json\" class=\"yoast-schema-graph\">{\"@context\":\"https:\\\/\\\/schema.org\",\"@graph\":[{\"@type\":\"WebPage\",\"@id\":\"http:\\\/\\\/lechappeeclose.it\\\/it\\\/boutique\\\/livres\\\/arts\\\/design\\\/habiter-la-villa-francoise-petrovitch-a-la-villa-savoye\\\/\",\"url\":\"http:\\\/\\\/lechappeeclose.it\\\/it\\\/boutique\\\/livres\\\/arts\\\/design\\\/habiter-la-villa-francoise-petrovitch-a-la-villa-savoye\\\/\",\"name\":\"Habiter la villa \\\/ Fran\u00e7oise P\u00e9trovitch \u00e0 la Villa Savoye - l&#039;\u00e9chapp\u00e9e close\",\"isPartOf\":{\"@id\":\"http:\\\/\\\/lechappeeclose.it\\\/#website\"},\"primaryImageOfPage\":{\"@id\":\"http:\\\/\\\/lechappeeclose.it\\\/it\\\/boutique\\\/livres\\\/arts\\\/design\\\/habiter-la-villa-francoise-petrovitch-a-la-villa-savoye\\\/#primaryimage\"},\"image\":{\"@id\":\"http:\\\/\\\/lechappeeclose.it\\\/it\\\/boutique\\\/livres\\\/arts\\\/design\\\/habiter-la-villa-francoise-petrovitch-a-la-villa-savoye\\\/#primaryimage\"},\"thumbnailUrl\":\"http:\\\/\\\/lechappeeclose.it\\\/wp-content\\\/uploads\\\/2025\\\/01\\\/Habiter-la-villa-Francoise-Petrovitch-a-la-Villa-Savoye.jpg\",\"datePublished\":\"2025-01-30T11:02:13+00:00\",\"breadcrumb\":{\"@id\":\"http:\\\/\\\/lechappeeclose.it\\\/it\\\/boutique\\\/livres\\\/arts\\\/design\\\/habiter-la-villa-francoise-petrovitch-a-la-villa-savoye\\\/#breadcrumb\"},\"inLanguage\":\"it-IT\",\"potentialAction\":[{\"@type\":\"ReadAction\",\"target\":[\"http:\\\/\\\/lechappeeclose.it\\\/it\\\/boutique\\\/livres\\\/arts\\\/design\\\/habiter-la-villa-francoise-petrovitch-a-la-villa-savoye\\\/\"]}]},{\"@type\":\"ImageObject\",\"inLanguage\":\"it-IT\",\"@id\":\"http:\\\/\\\/lechappeeclose.it\\\/it\\\/boutique\\\/livres\\\/arts\\\/design\\\/habiter-la-villa-francoise-petrovitch-a-la-villa-savoye\\\/#primaryimage\",\"url\":\"http:\\\/\\\/lechappeeclose.it\\\/wp-content\\\/uploads\\\/2025\\\/01\\\/Habiter-la-villa-Francoise-Petrovitch-a-la-Villa-Savoye.jpg\",\"contentUrl\":\"http:\\\/\\\/lechappeeclose.it\\\/wp-content\\\/uploads\\\/2025\\\/01\\\/Habiter-la-villa-Francoise-Petrovitch-a-la-Villa-Savoye.jpg\",\"width\":321,\"height\":500},{\"@type\":\"BreadcrumbList\",\"@id\":\"http:\\\/\\\/lechappeeclose.it\\\/it\\\/boutique\\\/livres\\\/arts\\\/design\\\/habiter-la-villa-francoise-petrovitch-a-la-villa-savoye\\\/#breadcrumb\",\"itemListElement\":[{\"@type\":\"ListItem\",\"position\":1,\"name\":\"Accueil\",\"item\":\"http:\\\/\\\/lechappeeclose.it\\\/\"},{\"@type\":\"ListItem\",\"position\":2,\"name\":\"Boutique\",\"item\":\"http:\\\/\\\/lechappeeclose.it\\\/it\\\/boutique\\\/\"},{\"@type\":\"ListItem\",\"position\":3,\"name\":\"Habiter la villa \\\/ Fran\u00e7oise P\u00e9trovitch \u00e0 la Villa Savoye\"}]},{\"@type\":\"WebSite\",\"@id\":\"http:\\\/\\\/lechappeeclose.it\\\/#website\",\"url\":\"http:\\\/\\\/lechappeeclose.it\\\/\",\"name\":\"l&#039;\u00e9chapp\u00e9e close\",\"description\":\"la librairie fran\u00e7aise de Milan\",\"publisher\":{\"@id\":\"http:\\\/\\\/lechappeeclose.it\\\/#organization\"},\"alternateName\":\"La librairie fran\u00e7aise de Milan\",\"potentialAction\":[{\"@type\":\"SearchAction\",\"target\":{\"@type\":\"EntryPoint\",\"urlTemplate\":\"http:\\\/\\\/lechappeeclose.it\\\/?s={search_term_string}\"},\"query-input\":{\"@type\":\"PropertyValueSpecification\",\"valueRequired\":true,\"valueName\":\"search_term_string\"}}],\"inLanguage\":\"it-IT\"},{\"@type\":\"Organization\",\"@id\":\"http:\\\/\\\/lechappeeclose.it\\\/#organization\",\"name\":\"l&#039;\u00e9chapp\u00e9e close\",\"url\":\"http:\\\/\\\/lechappeeclose.it\\\/\",\"logo\":{\"@type\":\"ImageObject\",\"inLanguage\":\"it-IT\",\"@id\":\"http:\\\/\\\/lechappeeclose.it\\\/#\\\/schema\\\/logo\\\/image\\\/\",\"url\":\"http:\\\/\\\/lechappeeclose.it\\\/wp-content\\\/uploads\\\/2025\\\/02\\\/cropped-logo-rond.png\",\"contentUrl\":\"http:\\\/\\\/lechappeeclose.it\\\/wp-content\\\/uploads\\\/2025\\\/02\\\/cropped-logo-rond.png\",\"width\":1080,\"height\":1080,\"caption\":\"l&#039;\u00e9chapp\u00e9e close\"},\"image\":{\"@id\":\"http:\\\/\\\/lechappeeclose.it\\\/#\\\/schema\\\/logo\\\/image\\\/\"},\"sameAs\":[\"https:\\\/\\\/www.instagram.com\\\/lechappeeclose\\\/\"]}]}<\/script>\n<!-- \/ Yoast SEO plugin. -->","yoast_head_json":{"title":"Habiter la villa \/ Fran\u00e7oise P\u00e9trovitch \u00e0 la Villa Savoye - l&#039;\u00e9chapp\u00e9e close","robots":{"index":"index","follow":"follow","max-snippet":"max-snippet:-1","max-image-preview":"max-image-preview:large","max-video-preview":"max-video-preview:-1"},"canonical":"http:\/\/lechappeeclose.it\/it\/boutique\/livres\/arts\/design\/habiter-la-villa-francoise-petrovitch-a-la-villa-savoye\/","og_locale":"it_IT","og_type":"article","og_title":"Habiter la villa \/ Fran\u00e7oise P\u00e9trovitch \u00e0 la Villa Savoye - l&#039;\u00e9chapp\u00e9e close","og_description":"Une artiste contemporaine investit la villa Savoye, chef d&#8217;\u0153uvre de Le Corbusier, en ravivant la m\u00e9moire de ses commanditaires : Eug\u00e9nie et Pierre Savoye. Habiter la villaLa &#8221; machine \u00e0 habiter &#8221; qu&#8217;est la Villa Savoye selon les termes de son architecte, aussi consid\u00e9r\u00e9e comme l&#8217;un des fleurons du Mouvement moderne, est un exemple remarquable [&hellip;]","og_url":"http:\/\/lechappeeclose.it\/it\/boutique\/livres\/arts\/design\/habiter-la-villa-francoise-petrovitch-a-la-villa-savoye\/","og_site_name":"l&#039;\u00e9chapp\u00e9e close","og_image":[{"width":321,"height":500,"url":"http:\/\/lechappeeclose.it\/wp-content\/uploads\/2025\/01\/Habiter-la-villa-Francoise-Petrovitch-a-la-Villa-Savoye.jpg","type":"image\/jpeg"}],"twitter_card":"summary_large_image","twitter_misc":{"Tempo di lettura stimato":"1 minuto"},"schema":{"@context":"https:\/\/schema.org","@graph":[{"@type":"WebPage","@id":"http:\/\/lechappeeclose.it\/it\/boutique\/livres\/arts\/design\/habiter-la-villa-francoise-petrovitch-a-la-villa-savoye\/","url":"http:\/\/lechappeeclose.it\/it\/boutique\/livres\/arts\/design\/habiter-la-villa-francoise-petrovitch-a-la-villa-savoye\/","name":"Habiter la villa \/ Fran\u00e7oise P\u00e9trovitch \u00e0 la Villa Savoye - l&#039;\u00e9chapp\u00e9e close","isPartOf":{"@id":"http:\/\/lechappeeclose.it\/#website"},"primaryImageOfPage":{"@id":"http:\/\/lechappeeclose.it\/it\/boutique\/livres\/arts\/design\/habiter-la-villa-francoise-petrovitch-a-la-villa-savoye\/#primaryimage"},"image":{"@id":"http:\/\/lechappeeclose.it\/it\/boutique\/livres\/arts\/design\/habiter-la-villa-francoise-petrovitch-a-la-villa-savoye\/#primaryimage"},"thumbnailUrl":"http:\/\/lechappeeclose.it\/wp-content\/uploads\/2025\/01\/Habiter-la-villa-Francoise-Petrovitch-a-la-Villa-Savoye.jpg","datePublished":"2025-01-30T11:02:13+00:00","breadcrumb":{"@id":"http:\/\/lechappeeclose.it\/it\/boutique\/livres\/arts\/design\/habiter-la-villa-francoise-petrovitch-a-la-villa-savoye\/#breadcrumb"},"inLanguage":"it-IT","potentialAction":[{"@type":"ReadAction","target":["http:\/\/lechappeeclose.it\/it\/boutique\/livres\/arts\/design\/habiter-la-villa-francoise-petrovitch-a-la-villa-savoye\/"]}]},{"@type":"ImageObject","inLanguage":"it-IT","@id":"http:\/\/lechappeeclose.it\/it\/boutique\/livres\/arts\/design\/habiter-la-villa-francoise-petrovitch-a-la-villa-savoye\/#primaryimage","url":"http:\/\/lechappeeclose.it\/wp-content\/uploads\/2025\/01\/Habiter-la-villa-Francoise-Petrovitch-a-la-Villa-Savoye.jpg","contentUrl":"http:\/\/lechappeeclose.it\/wp-content\/uploads\/2025\/01\/Habiter-la-villa-Francoise-Petrovitch-a-la-Villa-Savoye.jpg","width":321,"height":500},{"@type":"BreadcrumbList","@id":"http:\/\/lechappeeclose.it\/it\/boutique\/livres\/arts\/design\/habiter-la-villa-francoise-petrovitch-a-la-villa-savoye\/#breadcrumb","itemListElement":[{"@type":"ListItem","position":1,"name":"Accueil","item":"http:\/\/lechappeeclose.it\/"},{"@type":"ListItem","position":2,"name":"Boutique","item":"http:\/\/lechappeeclose.it\/it\/boutique\/"},{"@type":"ListItem","position":3,"name":"Habiter la villa \/ Fran\u00e7oise P\u00e9trovitch \u00e0 la Villa Savoye"}]},{"@type":"WebSite","@id":"http:\/\/lechappeeclose.it\/#website","url":"http:\/\/lechappeeclose.it\/","name":"l&#039;\u00e9chapp\u00e9e close","description":"La libreria francese di Milano","publisher":{"@id":"http:\/\/lechappeeclose.it\/#organization"},"alternateName":"La librairie fran\u00e7aise de Milan","potentialAction":[{"@type":"SearchAction","target":{"@type":"EntryPoint","urlTemplate":"http:\/\/lechappeeclose.it\/?s={search_term_string}"},"query-input":{"@type":"PropertyValueSpecification","valueRequired":true,"valueName":"search_term_string"}}],"inLanguage":"it-IT"},{"@type":"Organization","@id":"http:\/\/lechappeeclose.it\/#organization","name":"l&#039;\u00e9chapp\u00e9e close","url":"http:\/\/lechappeeclose.it\/","logo":{"@type":"ImageObject","inLanguage":"it-IT","@id":"http:\/\/lechappeeclose.it\/#\/schema\/logo\/image\/","url":"http:\/\/lechappeeclose.it\/wp-content\/uploads\/2025\/02\/cropped-logo-rond.png","contentUrl":"http:\/\/lechappeeclose.it\/wp-content\/uploads\/2025\/02\/cropped-logo-rond.png","width":1080,"height":1080,"caption":"l&#039;\u00e9chapp\u00e9e close"},"image":{"@id":"http:\/\/lechappeeclose.it\/#\/schema\/logo\/image\/"},"sameAs":["https:\/\/www.instagram.com\/lechappeeclose\/"]}]}},"_links":{"self":[{"href":"http:\/\/lechappeeclose.it\/it\/wp-json\/wp\/v2\/product\/3028","targetHints":{"allow":["GET"]}}],"collection":[{"href":"http:\/\/lechappeeclose.it\/it\/wp-json\/wp\/v2\/product"}],"about":[{"href":"http:\/\/lechappeeclose.it\/it\/wp-json\/wp\/v2\/types\/product"}],"replies":[{"embeddable":true,"href":"http:\/\/lechappeeclose.it\/it\/wp-json\/wp\/v2\/comments?post=3028"}],"wp:featuredmedia":[{"embeddable":true,"href":"http:\/\/lechappeeclose.it\/it\/wp-json\/wp\/v2\/media\/3027"}],"wp:attachment":[{"href":"http:\/\/lechappeeclose.it\/it\/wp-json\/wp\/v2\/media?parent=3028"}],"wp:term":[{"taxonomy":"product_brand","embeddable":true,"href":"http:\/\/lechappeeclose.it\/it\/wp-json\/wp\/v2\/product_brand?post=3028"},{"taxonomy":"product_cat","embeddable":true,"href":"http:\/\/lechappeeclose.it\/it\/wp-json\/wp\/v2\/product_cat?post=3028"},{"taxonomy":"product_tag","embeddable":true,"href":"http:\/\/lechappeeclose.it\/it\/wp-json\/wp\/v2\/product_tag?post=3028"}],"curies":[{"name":"wp","href":"https:\/\/api.w.org\/{rel}","templated":true}]}}