{"id":3008,"date":"2025-01-30T11:56:51","date_gmt":"2025-01-30T10:56:51","guid":{"rendered":"https:\/\/lechappeeclose.it\/produit\/made-in-kreo-le-laboratoire-du-design-contemporain\/"},"modified":"2025-01-30T11:56:51","modified_gmt":"2025-01-30T10:56:51","slug":"made-in-kreo-le-laboratoire-du-design-contemporain","status":"publish","type":"product","link":"http:\/\/lechappeeclose.it\/it\/boutique\/livres\/arts\/design\/made-in-kreo-le-laboratoire-du-design-contemporain\/","title":{"rendered":"Made in kreo: Le laboratoire du design contemporain"},"content":{"rendered":"<p>&#8220;Publi\u00e9 \u00e0 l&#8217;occasion des vingt ans de la Galerie kreo, cet ouvrage retrace les activit\u00e9s visionnaires de ce laboratoire d\u00e9di\u00e9 au design contemporain. R\u00e9unissant un entretien avec ses fondateurs, Cl\u00e9mence &#038; Didier Krzentowski, des essais de compagnons de route de l&#8217;aventure kreo, des contributions in\u00e9dites de designers et une chronologie mettant en regard les activit\u00e9s des designers de la galerie avec le monde du design contemporain, le coeur de cette publication est l&#8217;Almanach, r\u00e9pertoriant la totalit\u00e9 des expositions made in kreo organis\u00e9es, depuis 1999, \u00e0 Paris et, depuis 2014, \u00e0 Londres. Pour cette partie, nous avons fait le choix de reproduire, autant que possible, des photographies, documents et textes contemporains des expositions.Quinze collectionneurs, proches de la Galerie kreo, t\u00e9moignent \u00e9galement de leur relation aux designers qu&#8217;ils ont pu y rencontrer.Depuis 2010, je collabore avec la Galerie kreo pour l&#8217;\u00e9dition d&#8217;ouvrages et l&#8217;\u00e9criture de textes. Se plonger dans les archives, \u00e9voquer avec les designers les origines et contextes de leurs expositions, prendre la mesure de la singularit\u00e9 de chacun d&#8217;entre eux, tout comme de la coh\u00e9rence de la vision du design d\u00e9fendue par Cl\u00e9mence &#038; Didier Krzentowski, fut une source de plaisir intellectuel &#8211; le meilleur alliage possible &#8211; qui, j&#8217;en suis s\u00fbr, sera renouvel\u00e9 \u00e0 chaque future exposition.&#8221;Cl\u00e9ment Diri\u00e9.<\/p>","protected":false},"excerpt":{"rendered":"<p>&#8220;Publi\u00e9 \u00e0 l&#8217;occasion des vingt ans de la Galerie kreo, cet ouvrage retrace les activit\u00e9s visionnaires de ce laboratoire d\u00e9di\u00e9 au design contemporain. R\u00e9unissant un entretien avec ses fondateurs, Cl\u00e9mence &#038; Didier Krzentowski, des essais de compagnons de route de l&#8217;aventure kreo, des contributions in\u00e9dites de designers et une chronologie mettant en regard les activit\u00e9s [&hellip;]<\/p>","protected":false},"featured_media":3007,"comment_status":"open","ping_status":"closed","template":"","meta":[],"product_brand":[],"product_cat":[38],"product_tag":[],"class_list":{"0":"post-3008","1":"product","2":"type-product","3":"status-publish","4":"has-post-thumbnail","6":"product_cat-design","8":"first","9":"instock","10":"taxable","11":"shipping-taxable","12":"purchasable","13":"product-type-simple"},"yoast_head":"<!-- This site is optimized with the Yoast SEO plugin v27.4 - https:\/\/yoast.com\/product\/yoast-seo-wordpress\/ -->\n<title>Made in kreo: Le laboratoire du design contemporain - l&#039;\u00e9chapp\u00e9e close<\/title>\n<meta name=\"robots\" content=\"index, follow, max-snippet:-1, max-image-preview:large, max-video-preview:-1\" \/>\n<link rel=\"canonical\" href=\"http:\/\/lechappeeclose.it\/it\/boutique\/livres\/arts\/design\/made-in-kreo-le-laboratoire-du-design-contemporain\/\" \/>\n<meta property=\"og:locale\" content=\"it_IT\" \/>\n<meta property=\"og:type\" content=\"article\" \/>\n<meta property=\"og:title\" content=\"Made in kreo: Le laboratoire du design contemporain - l&#039;\u00e9chapp\u00e9e close\" \/>\n<meta property=\"og:description\" content=\"&#8220;Publi\u00e9 \u00e0 l&#8217;occasion des vingt ans de la Galerie kreo, cet ouvrage retrace les activit\u00e9s visionnaires de ce laboratoire d\u00e9di\u00e9 au design contemporain. R\u00e9unissant un entretien avec ses fondateurs, Cl\u00e9mence &#038; Didier Krzentowski, des essais de compagnons de route de l&#8217;aventure kreo, des contributions in\u00e9dites de designers et une chronologie mettant en regard les activit\u00e9s [&hellip;]\" \/>\n<meta property=\"og:url\" content=\"http:\/\/lechappeeclose.it\/it\/boutique\/livres\/arts\/design\/made-in-kreo-le-laboratoire-du-design-contemporain\/\" \/>\n<meta property=\"og:site_name\" content=\"l&#039;\u00e9chapp\u00e9e close\" \/>\n<meta property=\"og:image\" content=\"http:\/\/lechappeeclose.it\/wp-content\/uploads\/2025\/01\/Made-in-kreo-Le-laboratoire-du-design-contemporain.jpg\" \/>\n\t<meta property=\"og:image:width\" content=\"417\" \/>\n\t<meta property=\"og:image:height\" content=\"500\" \/>\n\t<meta property=\"og:image:type\" content=\"image\/jpeg\" \/>\n<meta name=\"twitter:card\" content=\"summary_large_image\" \/>\n<meta name=\"twitter:label1\" content=\"Tempo di lettura stimato\" \/>\n\t<meta name=\"twitter:data1\" content=\"1 minuto\" \/>\n<script type=\"application\/ld+json\" class=\"yoast-schema-graph\">{\"@context\":\"https:\\\/\\\/schema.org\",\"@graph\":[{\"@type\":\"WebPage\",\"@id\":\"http:\\\/\\\/lechappeeclose.it\\\/boutique\\\/livres\\\/arts\\\/design\\\/made-in-kreo-le-laboratoire-du-design-contemporain\\\/\",\"url\":\"http:\\\/\\\/lechappeeclose.it\\\/boutique\\\/livres\\\/arts\\\/design\\\/made-in-kreo-le-laboratoire-du-design-contemporain\\\/\",\"name\":\"Made in kreo: Le laboratoire du design contemporain - l&#039;\u00e9chapp\u00e9e close\",\"isPartOf\":{\"@id\":\"http:\\\/\\\/lechappeeclose.it\\\/#website\"},\"primaryImageOfPage\":{\"@id\":\"http:\\\/\\\/lechappeeclose.it\\\/boutique\\\/livres\\\/arts\\\/design\\\/made-in-kreo-le-laboratoire-du-design-contemporain\\\/#primaryimage\"},\"image\":{\"@id\":\"http:\\\/\\\/lechappeeclose.it\\\/boutique\\\/livres\\\/arts\\\/design\\\/made-in-kreo-le-laboratoire-du-design-contemporain\\\/#primaryimage\"},\"thumbnailUrl\":\"http:\\\/\\\/lechappeeclose.it\\\/wp-content\\\/uploads\\\/2025\\\/01\\\/Made-in-kreo-Le-laboratoire-du-design-contemporain.jpg\",\"datePublished\":\"2025-01-30T10:56:51+00:00\",\"breadcrumb\":{\"@id\":\"http:\\\/\\\/lechappeeclose.it\\\/boutique\\\/livres\\\/arts\\\/design\\\/made-in-kreo-le-laboratoire-du-design-contemporain\\\/#breadcrumb\"},\"inLanguage\":\"it-IT\",\"potentialAction\":[{\"@type\":\"ReadAction\",\"target\":[\"http:\\\/\\\/lechappeeclose.it\\\/boutique\\\/livres\\\/arts\\\/design\\\/made-in-kreo-le-laboratoire-du-design-contemporain\\\/\"]}]},{\"@type\":\"ImageObject\",\"inLanguage\":\"it-IT\",\"@id\":\"http:\\\/\\\/lechappeeclose.it\\\/boutique\\\/livres\\\/arts\\\/design\\\/made-in-kreo-le-laboratoire-du-design-contemporain\\\/#primaryimage\",\"url\":\"http:\\\/\\\/lechappeeclose.it\\\/wp-content\\\/uploads\\\/2025\\\/01\\\/Made-in-kreo-Le-laboratoire-du-design-contemporain.jpg\",\"contentUrl\":\"http:\\\/\\\/lechappeeclose.it\\\/wp-content\\\/uploads\\\/2025\\\/01\\\/Made-in-kreo-Le-laboratoire-du-design-contemporain.jpg\",\"width\":417,\"height\":500},{\"@type\":\"BreadcrumbList\",\"@id\":\"http:\\\/\\\/lechappeeclose.it\\\/boutique\\\/livres\\\/arts\\\/design\\\/made-in-kreo-le-laboratoire-du-design-contemporain\\\/#breadcrumb\",\"itemListElement\":[{\"@type\":\"ListItem\",\"position\":1,\"name\":\"Accueil\",\"item\":\"http:\\\/\\\/lechappeeclose.it\\\/\"},{\"@type\":\"ListItem\",\"position\":2,\"name\":\"Boutique\",\"item\":\"http:\\\/\\\/lechappeeclose.it\\\/it\\\/boutique\\\/\"},{\"@type\":\"ListItem\",\"position\":3,\"name\":\"Made in kreo: Le laboratoire du design contemporain\"}]},{\"@type\":\"WebSite\",\"@id\":\"http:\\\/\\\/lechappeeclose.it\\\/#website\",\"url\":\"http:\\\/\\\/lechappeeclose.it\\\/\",\"name\":\"l&#039;\u00e9chapp\u00e9e close\",\"description\":\"la librairie fran\u00e7aise de Milan\",\"publisher\":{\"@id\":\"http:\\\/\\\/lechappeeclose.it\\\/#organization\"},\"alternateName\":\"La librairie fran\u00e7aise de Milan\",\"potentialAction\":[{\"@type\":\"SearchAction\",\"target\":{\"@type\":\"EntryPoint\",\"urlTemplate\":\"http:\\\/\\\/lechappeeclose.it\\\/?s={search_term_string}\"},\"query-input\":{\"@type\":\"PropertyValueSpecification\",\"valueRequired\":true,\"valueName\":\"search_term_string\"}}],\"inLanguage\":\"it-IT\"},{\"@type\":\"Organization\",\"@id\":\"http:\\\/\\\/lechappeeclose.it\\\/#organization\",\"name\":\"l&#039;\u00e9chapp\u00e9e close\",\"url\":\"http:\\\/\\\/lechappeeclose.it\\\/\",\"logo\":{\"@type\":\"ImageObject\",\"inLanguage\":\"it-IT\",\"@id\":\"http:\\\/\\\/lechappeeclose.it\\\/#\\\/schema\\\/logo\\\/image\\\/\",\"url\":\"http:\\\/\\\/lechappeeclose.it\\\/wp-content\\\/uploads\\\/2025\\\/02\\\/cropped-logo-rond.png\",\"contentUrl\":\"http:\\\/\\\/lechappeeclose.it\\\/wp-content\\\/uploads\\\/2025\\\/02\\\/cropped-logo-rond.png\",\"width\":1080,\"height\":1080,\"caption\":\"l&#039;\u00e9chapp\u00e9e close\"},\"image\":{\"@id\":\"http:\\\/\\\/lechappeeclose.it\\\/#\\\/schema\\\/logo\\\/image\\\/\"},\"sameAs\":[\"https:\\\/\\\/www.instagram.com\\\/lechappeeclose\\\/\"]}]}<\/script>\n<!-- \/ Yoast SEO plugin. -->","yoast_head_json":{"title":"Made in kreo: Le laboratoire du design contemporain - l&#039;\u00e9chapp\u00e9e close","robots":{"index":"index","follow":"follow","max-snippet":"max-snippet:-1","max-image-preview":"max-image-preview:large","max-video-preview":"max-video-preview:-1"},"canonical":"http:\/\/lechappeeclose.it\/it\/boutique\/livres\/arts\/design\/made-in-kreo-le-laboratoire-du-design-contemporain\/","og_locale":"it_IT","og_type":"article","og_title":"Made in kreo: Le laboratoire du design contemporain - l&#039;\u00e9chapp\u00e9e close","og_description":"&#8220;Publi\u00e9 \u00e0 l&#8217;occasion des vingt ans de la Galerie kreo, cet ouvrage retrace les activit\u00e9s visionnaires de ce laboratoire d\u00e9di\u00e9 au design contemporain. R\u00e9unissant un entretien avec ses fondateurs, Cl\u00e9mence &#038; Didier Krzentowski, des essais de compagnons de route de l&#8217;aventure kreo, des contributions in\u00e9dites de designers et une chronologie mettant en regard les activit\u00e9s [&hellip;]","og_url":"http:\/\/lechappeeclose.it\/it\/boutique\/livres\/arts\/design\/made-in-kreo-le-laboratoire-du-design-contemporain\/","og_site_name":"l&#039;\u00e9chapp\u00e9e close","og_image":[{"width":417,"height":500,"url":"http:\/\/lechappeeclose.it\/wp-content\/uploads\/2025\/01\/Made-in-kreo-Le-laboratoire-du-design-contemporain.jpg","type":"image\/jpeg"}],"twitter_card":"summary_large_image","twitter_misc":{"Tempo di lettura stimato":"1 minuto"},"schema":{"@context":"https:\/\/schema.org","@graph":[{"@type":"WebPage","@id":"http:\/\/lechappeeclose.it\/boutique\/livres\/arts\/design\/made-in-kreo-le-laboratoire-du-design-contemporain\/","url":"http:\/\/lechappeeclose.it\/boutique\/livres\/arts\/design\/made-in-kreo-le-laboratoire-du-design-contemporain\/","name":"Made in kreo: Le laboratoire du design contemporain - l&#039;\u00e9chapp\u00e9e close","isPartOf":{"@id":"http:\/\/lechappeeclose.it\/#website"},"primaryImageOfPage":{"@id":"http:\/\/lechappeeclose.it\/boutique\/livres\/arts\/design\/made-in-kreo-le-laboratoire-du-design-contemporain\/#primaryimage"},"image":{"@id":"http:\/\/lechappeeclose.it\/boutique\/livres\/arts\/design\/made-in-kreo-le-laboratoire-du-design-contemporain\/#primaryimage"},"thumbnailUrl":"http:\/\/lechappeeclose.it\/wp-content\/uploads\/2025\/01\/Made-in-kreo-Le-laboratoire-du-design-contemporain.jpg","datePublished":"2025-01-30T10:56:51+00:00","breadcrumb":{"@id":"http:\/\/lechappeeclose.it\/boutique\/livres\/arts\/design\/made-in-kreo-le-laboratoire-du-design-contemporain\/#breadcrumb"},"inLanguage":"it-IT","potentialAction":[{"@type":"ReadAction","target":["http:\/\/lechappeeclose.it\/boutique\/livres\/arts\/design\/made-in-kreo-le-laboratoire-du-design-contemporain\/"]}]},{"@type":"ImageObject","inLanguage":"it-IT","@id":"http:\/\/lechappeeclose.it\/boutique\/livres\/arts\/design\/made-in-kreo-le-laboratoire-du-design-contemporain\/#primaryimage","url":"http:\/\/lechappeeclose.it\/wp-content\/uploads\/2025\/01\/Made-in-kreo-Le-laboratoire-du-design-contemporain.jpg","contentUrl":"http:\/\/lechappeeclose.it\/wp-content\/uploads\/2025\/01\/Made-in-kreo-Le-laboratoire-du-design-contemporain.jpg","width":417,"height":500},{"@type":"BreadcrumbList","@id":"http:\/\/lechappeeclose.it\/boutique\/livres\/arts\/design\/made-in-kreo-le-laboratoire-du-design-contemporain\/#breadcrumb","itemListElement":[{"@type":"ListItem","position":1,"name":"Accueil","item":"http:\/\/lechappeeclose.it\/"},{"@type":"ListItem","position":2,"name":"Boutique","item":"http:\/\/lechappeeclose.it\/it\/boutique\/"},{"@type":"ListItem","position":3,"name":"Made in kreo: Le laboratoire du design contemporain"}]},{"@type":"WebSite","@id":"http:\/\/lechappeeclose.it\/#website","url":"http:\/\/lechappeeclose.it\/","name":"l&#039;\u00e9chapp\u00e9e close","description":"La libreria francese di Milano","publisher":{"@id":"http:\/\/lechappeeclose.it\/#organization"},"alternateName":"La librairie fran\u00e7aise de Milan","potentialAction":[{"@type":"SearchAction","target":{"@type":"EntryPoint","urlTemplate":"http:\/\/lechappeeclose.it\/?s={search_term_string}"},"query-input":{"@type":"PropertyValueSpecification","valueRequired":true,"valueName":"search_term_string"}}],"inLanguage":"it-IT"},{"@type":"Organization","@id":"http:\/\/lechappeeclose.it\/#organization","name":"l&#039;\u00e9chapp\u00e9e close","url":"http:\/\/lechappeeclose.it\/","logo":{"@type":"ImageObject","inLanguage":"it-IT","@id":"http:\/\/lechappeeclose.it\/#\/schema\/logo\/image\/","url":"http:\/\/lechappeeclose.it\/wp-content\/uploads\/2025\/02\/cropped-logo-rond.png","contentUrl":"http:\/\/lechappeeclose.it\/wp-content\/uploads\/2025\/02\/cropped-logo-rond.png","width":1080,"height":1080,"caption":"l&#039;\u00e9chapp\u00e9e close"},"image":{"@id":"http:\/\/lechappeeclose.it\/#\/schema\/logo\/image\/"},"sameAs":["https:\/\/www.instagram.com\/lechappeeclose\/"]}]}},"_links":{"self":[{"href":"http:\/\/lechappeeclose.it\/it\/wp-json\/wp\/v2\/product\/3008","targetHints":{"allow":["GET"]}}],"collection":[{"href":"http:\/\/lechappeeclose.it\/it\/wp-json\/wp\/v2\/product"}],"about":[{"href":"http:\/\/lechappeeclose.it\/it\/wp-json\/wp\/v2\/types\/product"}],"replies":[{"embeddable":true,"href":"http:\/\/lechappeeclose.it\/it\/wp-json\/wp\/v2\/comments?post=3008"}],"wp:featuredmedia":[{"embeddable":true,"href":"http:\/\/lechappeeclose.it\/it\/wp-json\/wp\/v2\/media\/3007"}],"wp:attachment":[{"href":"http:\/\/lechappeeclose.it\/it\/wp-json\/wp\/v2\/media?parent=3008"}],"wp:term":[{"taxonomy":"product_brand","embeddable":true,"href":"http:\/\/lechappeeclose.it\/it\/wp-json\/wp\/v2\/product_brand?post=3008"},{"taxonomy":"product_cat","embeddable":true,"href":"http:\/\/lechappeeclose.it\/it\/wp-json\/wp\/v2\/product_cat?post=3008"},{"taxonomy":"product_tag","embeddable":true,"href":"http:\/\/lechappeeclose.it\/it\/wp-json\/wp\/v2\/product_tag?post=3008"}],"curies":[{"name":"wp","href":"https:\/\/api.w.org\/{rel}","templated":true}]}}