{"id":2996,"date":"2025-01-30T11:53:38","date_gmt":"2025-01-30T10:53:38","guid":{"rendered":"https:\/\/lechappeeclose.it\/produit\/modeles-deposes-1-000-dessins-et-modeles-deposes\/"},"modified":"2026-01-30T12:16:52","modified_gmt":"2026-01-30T11:16:52","slug":"modeles-deposes-1-000-dessins-et-modeles-deposes","status":"publish","type":"product","link":"http:\/\/lechappeeclose.it\/it\/boutique\/livres\/arts\/design\/modeles-deposes-1-000-dessins-et-modeles-deposes\/","title":{"rendered":"Mod\u00e8les d\u00e9pos\u00e9s: 1 000 dessins et mod\u00e8les d\u00e9pos\u00e9s"},"content":{"rendered":"<p>Fabricants : Alfa Romeo, AT&#038;T, Atari, B&#038;B Italia, Bang &#038; Olufsen, Black &#038; Decker, BMW, Braun, Canon, Chrysler, Coca-Cola, DaimlerChrvsler, Duracell, Dyson, Eastman Kodak, Electrolux, Fitbit, Fujifilm, General Motors, Gillette, Harley-Davidson, Herman Miller, Hewlett-Packard, Hoover, Knoll, Le Creuset, Motorola, Nikon, Nintendo, Nokia, Olivetti, Panasonic, Polaroid, Porsche, Rolodex, Segway, SodaStream, Sony, Starbucks, Vitra, Volkswagen, Wilkinson Sword, Zenith Radio. Inventeurs : Alberto Alessi, Ron Arad, Gae Aulenti, Saul Bass, Yves Bhar, Norman Bel Geddes, Mario Bellini, Ward Bennett, Harry Bertoia, Achille Castiglioni, Antonio Citterio, Francis Ford Coppola, Donald Deskey, Tom Dixon, Henry Dreyfuss, James Dyson, Charles Eames, Naoto Fukasawa, Buckminster Fuller, Frank Gehry, Walter Gropius, Zaha Hadid, Irving Harper, Jonathan Ive, Arne Jacobsen, Steve Jobs, Florence Knoll, Piero Lissoni, Raymond Loewy, Ross Lovegrove, Enzo Mari, Lszl Moholy-Nagy, Elon Musk, Vico Magistretti, Issey Miyake, Jasper Morrison, George Nelson, Marc Newson, Isamu Noguchi, Eliot Noyes, Verner Panton, Warren Platner, Gio Ponti, Prince, Jens Quistgaard, Dieter Rams, Jens Risom, Gilbert Rohde, Eero Saarinen, Richard Sapper, Ettore Sottsass, Philippe Starck, Earl S. Tupper, Patricia Urquiola, Marcel Wanders, Frank Lloyd Wright, Russel Wright, Marco Zanuso. Objets : agrafeuses, appareils photo, aspirateurs, automobiles, avions, barbecues, blenders, bouilloires, briquets, bus, cafetires, calculatrices, casques audio, cendriers, consoles de jeux, dictaphones, distributeurs de billets, distributeurs de ruban adhsif, drones, enceintes, pluche-lgumes, fax, fours micro-ondes, grille-pain, horloges, lave-linge, locomotives, machines coudre, machines crire, magntophones, masques, motos, ordinateurs, ouvre-botes, radios, rfrigrateurs, sche-cheveux, shakers cocktails, taille-crayons, tlcommandes, tlphones, tlviseurs, vlos.<\/p>","protected":false},"excerpt":{"rendered":"<p>Fabricants : Alfa Romeo, AT&#038;T, Atari, B&#038;B Italia, Bang &#038; Olufsen, Black &#038; Decker, BMW, Braun, Canon, Chrysler, Coca-Cola, DaimlerChrvsler, Duracell, Dyson, Eastman Kodak, Electrolux, Fitbit, Fujifilm, General Motors, Gillette, Harley-Davidson, Herman Miller, Hewlett-Packard, Hoover, Knoll, Le Creuset, Motorola, Nikon, Nintendo, Nokia, Olivetti, Panasonic, Polaroid, Porsche, Rolodex, Segway, SodaStream, Sony, Starbucks, Vitra, Volkswagen, Wilkinson Sword, [&hellip;]<\/p>","protected":false},"featured_media":2995,"comment_status":"open","ping_status":"closed","template":"","meta":[],"product_brand":[],"product_cat":[38],"product_tag":[],"class_list":{"0":"post-2996","1":"product","2":"type-product","3":"status-publish","4":"has-post-thumbnail","6":"product_cat-design","8":"first","9":"onbackorder","10":"taxable","11":"shipping-taxable","12":"purchasable","13":"product-type-simple"},"yoast_head":"<!-- This site is optimized with the Yoast SEO plugin v27.4 - https:\/\/yoast.com\/product\/yoast-seo-wordpress\/ -->\n<title>Mod\u00e8les d\u00e9pos\u00e9s: 1 000 dessins et mod\u00e8les d\u00e9pos\u00e9s - l&#039;\u00e9chapp\u00e9e close<\/title>\n<meta name=\"robots\" content=\"index, follow, max-snippet:-1, max-image-preview:large, max-video-preview:-1\" \/>\n<link rel=\"canonical\" href=\"https:\/\/lechappeeclose.it\/it\/boutique\/livres\/arts\/design\/modeles-deposes-1-000-dessins-et-modeles-deposes\/\" \/>\n<meta property=\"og:locale\" content=\"it_IT\" \/>\n<meta property=\"og:type\" content=\"article\" \/>\n<meta property=\"og:title\" content=\"Mod\u00e8les d\u00e9pos\u00e9s: 1 000 dessins et mod\u00e8les d\u00e9pos\u00e9s - l&#039;\u00e9chapp\u00e9e close\" \/>\n<meta property=\"og:description\" content=\"Fabricants : Alfa Romeo, AT&#038;T, Atari, B&#038;B Italia, Bang &#038; Olufsen, Black &#038; Decker, BMW, Braun, Canon, Chrysler, Coca-Cola, DaimlerChrvsler, Duracell, Dyson, Eastman Kodak, Electrolux, Fitbit, Fujifilm, General Motors, Gillette, Harley-Davidson, Herman Miller, Hewlett-Packard, Hoover, Knoll, Le Creuset, Motorola, Nikon, Nintendo, Nokia, Olivetti, Panasonic, Polaroid, Porsche, Rolodex, Segway, SodaStream, Sony, Starbucks, Vitra, Volkswagen, Wilkinson Sword, [&hellip;]\" \/>\n<meta property=\"og:url\" content=\"https:\/\/lechappeeclose.it\/it\/boutique\/livres\/arts\/design\/modeles-deposes-1-000-dessins-et-modeles-deposes\/\" \/>\n<meta property=\"og:site_name\" content=\"l&#039;\u00e9chapp\u00e9e close\" \/>\n<meta property=\"article:modified_time\" content=\"2026-01-30T11:16:52+00:00\" \/>\n<meta property=\"og:image\" content=\"https:\/\/lechappeeclose.it\/wp-content\/uploads\/2025\/01\/Modeles-deposes-1-000-dessins-et-modeles-deposes.jpg\" \/>\n\t<meta property=\"og:image:width\" content=\"387\" \/>\n\t<meta property=\"og:image:height\" content=\"500\" \/>\n\t<meta property=\"og:image:type\" content=\"image\/jpeg\" \/>\n<meta name=\"twitter:card\" content=\"summary_large_image\" \/>\n<meta name=\"twitter:label1\" content=\"Tempo di lettura stimato\" \/>\n\t<meta name=\"twitter:data1\" content=\"1 minuto\" \/>\n<script type=\"application\/ld+json\" class=\"yoast-schema-graph\">{\"@context\":\"https:\\\/\\\/schema.org\",\"@graph\":[{\"@type\":\"WebPage\",\"@id\":\"https:\\\/\\\/lechappeeclose.it\\\/boutique\\\/livres\\\/arts\\\/design\\\/modeles-deposes-1-000-dessins-et-modeles-deposes\\\/\",\"url\":\"https:\\\/\\\/lechappeeclose.it\\\/boutique\\\/livres\\\/arts\\\/design\\\/modeles-deposes-1-000-dessins-et-modeles-deposes\\\/\",\"name\":\"Mod\u00e8les d\u00e9pos\u00e9s: 1 000 dessins et mod\u00e8les d\u00e9pos\u00e9s - l&#039;\u00e9chapp\u00e9e close\",\"isPartOf\":{\"@id\":\"http:\\\/\\\/lechappeeclose.it\\\/#website\"},\"primaryImageOfPage\":{\"@id\":\"https:\\\/\\\/lechappeeclose.it\\\/boutique\\\/livres\\\/arts\\\/design\\\/modeles-deposes-1-000-dessins-et-modeles-deposes\\\/#primaryimage\"},\"image\":{\"@id\":\"https:\\\/\\\/lechappeeclose.it\\\/boutique\\\/livres\\\/arts\\\/design\\\/modeles-deposes-1-000-dessins-et-modeles-deposes\\\/#primaryimage\"},\"thumbnailUrl\":\"http:\\\/\\\/lechappeeclose.it\\\/wp-content\\\/uploads\\\/2025\\\/01\\\/Modeles-deposes-1-000-dessins-et-modeles-deposes.jpg\",\"datePublished\":\"2025-01-30T10:53:38+00:00\",\"dateModified\":\"2026-01-30T11:16:52+00:00\",\"breadcrumb\":{\"@id\":\"https:\\\/\\\/lechappeeclose.it\\\/boutique\\\/livres\\\/arts\\\/design\\\/modeles-deposes-1-000-dessins-et-modeles-deposes\\\/#breadcrumb\"},\"inLanguage\":\"it-IT\",\"potentialAction\":[{\"@type\":\"ReadAction\",\"target\":[\"https:\\\/\\\/lechappeeclose.it\\\/boutique\\\/livres\\\/arts\\\/design\\\/modeles-deposes-1-000-dessins-et-modeles-deposes\\\/\"]}]},{\"@type\":\"ImageObject\",\"inLanguage\":\"it-IT\",\"@id\":\"https:\\\/\\\/lechappeeclose.it\\\/boutique\\\/livres\\\/arts\\\/design\\\/modeles-deposes-1-000-dessins-et-modeles-deposes\\\/#primaryimage\",\"url\":\"http:\\\/\\\/lechappeeclose.it\\\/wp-content\\\/uploads\\\/2025\\\/01\\\/Modeles-deposes-1-000-dessins-et-modeles-deposes.jpg\",\"contentUrl\":\"http:\\\/\\\/lechappeeclose.it\\\/wp-content\\\/uploads\\\/2025\\\/01\\\/Modeles-deposes-1-000-dessins-et-modeles-deposes.jpg\",\"width\":387,\"height\":500},{\"@type\":\"BreadcrumbList\",\"@id\":\"https:\\\/\\\/lechappeeclose.it\\\/boutique\\\/livres\\\/arts\\\/design\\\/modeles-deposes-1-000-dessins-et-modeles-deposes\\\/#breadcrumb\",\"itemListElement\":[{\"@type\":\"ListItem\",\"position\":1,\"name\":\"Accueil\",\"item\":\"http:\\\/\\\/lechappeeclose.it\\\/\"},{\"@type\":\"ListItem\",\"position\":2,\"name\":\"Boutique\",\"item\":\"http:\\\/\\\/lechappeeclose.it\\\/it\\\/boutique\\\/\"},{\"@type\":\"ListItem\",\"position\":3,\"name\":\"Mod\u00e8les d\u00e9pos\u00e9s: 1 000 dessins et mod\u00e8les d\u00e9pos\u00e9s\"}]},{\"@type\":\"WebSite\",\"@id\":\"http:\\\/\\\/lechappeeclose.it\\\/#website\",\"url\":\"http:\\\/\\\/lechappeeclose.it\\\/\",\"name\":\"l&#039;\u00e9chapp\u00e9e close\",\"description\":\"la librairie fran\u00e7aise de Milan\",\"publisher\":{\"@id\":\"http:\\\/\\\/lechappeeclose.it\\\/#organization\"},\"alternateName\":\"La librairie fran\u00e7aise de Milan\",\"potentialAction\":[{\"@type\":\"SearchAction\",\"target\":{\"@type\":\"EntryPoint\",\"urlTemplate\":\"http:\\\/\\\/lechappeeclose.it\\\/?s={search_term_string}\"},\"query-input\":{\"@type\":\"PropertyValueSpecification\",\"valueRequired\":true,\"valueName\":\"search_term_string\"}}],\"inLanguage\":\"it-IT\"},{\"@type\":\"Organization\",\"@id\":\"http:\\\/\\\/lechappeeclose.it\\\/#organization\",\"name\":\"l&#039;\u00e9chapp\u00e9e close\",\"url\":\"http:\\\/\\\/lechappeeclose.it\\\/\",\"logo\":{\"@type\":\"ImageObject\",\"inLanguage\":\"it-IT\",\"@id\":\"http:\\\/\\\/lechappeeclose.it\\\/#\\\/schema\\\/logo\\\/image\\\/\",\"url\":\"http:\\\/\\\/lechappeeclose.it\\\/wp-content\\\/uploads\\\/2025\\\/02\\\/cropped-logo-rond.png\",\"contentUrl\":\"http:\\\/\\\/lechappeeclose.it\\\/wp-content\\\/uploads\\\/2025\\\/02\\\/cropped-logo-rond.png\",\"width\":1080,\"height\":1080,\"caption\":\"l&#039;\u00e9chapp\u00e9e close\"},\"image\":{\"@id\":\"http:\\\/\\\/lechappeeclose.it\\\/#\\\/schema\\\/logo\\\/image\\\/\"},\"sameAs\":[\"https:\\\/\\\/www.instagram.com\\\/lechappeeclose\\\/\"]}]}<\/script>\n<!-- \/ Yoast SEO plugin. -->","yoast_head_json":{"title":"Mod\u00e8les d\u00e9pos\u00e9s: 1 000 dessins et mod\u00e8les d\u00e9pos\u00e9s - l&#039;\u00e9chapp\u00e9e close","robots":{"index":"index","follow":"follow","max-snippet":"max-snippet:-1","max-image-preview":"max-image-preview:large","max-video-preview":"max-video-preview:-1"},"canonical":"https:\/\/lechappeeclose.it\/it\/boutique\/livres\/arts\/design\/modeles-deposes-1-000-dessins-et-modeles-deposes\/","og_locale":"it_IT","og_type":"article","og_title":"Mod\u00e8les d\u00e9pos\u00e9s: 1 000 dessins et mod\u00e8les d\u00e9pos\u00e9s - l&#039;\u00e9chapp\u00e9e close","og_description":"Fabricants : Alfa Romeo, AT&#038;T, Atari, B&#038;B Italia, Bang &#038; Olufsen, Black &#038; Decker, BMW, Braun, Canon, Chrysler, Coca-Cola, DaimlerChrvsler, Duracell, Dyson, Eastman Kodak, Electrolux, Fitbit, Fujifilm, General Motors, Gillette, Harley-Davidson, Herman Miller, Hewlett-Packard, Hoover, Knoll, Le Creuset, Motorola, Nikon, Nintendo, Nokia, Olivetti, Panasonic, Polaroid, Porsche, Rolodex, Segway, SodaStream, Sony, Starbucks, Vitra, Volkswagen, Wilkinson Sword, [&hellip;]","og_url":"https:\/\/lechappeeclose.it\/it\/boutique\/livres\/arts\/design\/modeles-deposes-1-000-dessins-et-modeles-deposes\/","og_site_name":"l&#039;\u00e9chapp\u00e9e close","article_modified_time":"2026-01-30T11:16:52+00:00","og_image":[{"width":387,"height":500,"url":"https:\/\/lechappeeclose.it\/wp-content\/uploads\/2025\/01\/Modeles-deposes-1-000-dessins-et-modeles-deposes.jpg","type":"image\/jpeg"}],"twitter_card":"summary_large_image","twitter_misc":{"Tempo di lettura stimato":"1 minuto"},"schema":{"@context":"https:\/\/schema.org","@graph":[{"@type":"WebPage","@id":"https:\/\/lechappeeclose.it\/boutique\/livres\/arts\/design\/modeles-deposes-1-000-dessins-et-modeles-deposes\/","url":"https:\/\/lechappeeclose.it\/boutique\/livres\/arts\/design\/modeles-deposes-1-000-dessins-et-modeles-deposes\/","name":"Mod\u00e8les d\u00e9pos\u00e9s: 1 000 dessins et mod\u00e8les d\u00e9pos\u00e9s - l&#039;\u00e9chapp\u00e9e close","isPartOf":{"@id":"http:\/\/lechappeeclose.it\/#website"},"primaryImageOfPage":{"@id":"https:\/\/lechappeeclose.it\/boutique\/livres\/arts\/design\/modeles-deposes-1-000-dessins-et-modeles-deposes\/#primaryimage"},"image":{"@id":"https:\/\/lechappeeclose.it\/boutique\/livres\/arts\/design\/modeles-deposes-1-000-dessins-et-modeles-deposes\/#primaryimage"},"thumbnailUrl":"http:\/\/lechappeeclose.it\/wp-content\/uploads\/2025\/01\/Modeles-deposes-1-000-dessins-et-modeles-deposes.jpg","datePublished":"2025-01-30T10:53:38+00:00","dateModified":"2026-01-30T11:16:52+00:00","breadcrumb":{"@id":"https:\/\/lechappeeclose.it\/boutique\/livres\/arts\/design\/modeles-deposes-1-000-dessins-et-modeles-deposes\/#breadcrumb"},"inLanguage":"it-IT","potentialAction":[{"@type":"ReadAction","target":["https:\/\/lechappeeclose.it\/boutique\/livres\/arts\/design\/modeles-deposes-1-000-dessins-et-modeles-deposes\/"]}]},{"@type":"ImageObject","inLanguage":"it-IT","@id":"https:\/\/lechappeeclose.it\/boutique\/livres\/arts\/design\/modeles-deposes-1-000-dessins-et-modeles-deposes\/#primaryimage","url":"http:\/\/lechappeeclose.it\/wp-content\/uploads\/2025\/01\/Modeles-deposes-1-000-dessins-et-modeles-deposes.jpg","contentUrl":"http:\/\/lechappeeclose.it\/wp-content\/uploads\/2025\/01\/Modeles-deposes-1-000-dessins-et-modeles-deposes.jpg","width":387,"height":500},{"@type":"BreadcrumbList","@id":"https:\/\/lechappeeclose.it\/boutique\/livres\/arts\/design\/modeles-deposes-1-000-dessins-et-modeles-deposes\/#breadcrumb","itemListElement":[{"@type":"ListItem","position":1,"name":"Accueil","item":"http:\/\/lechappeeclose.it\/"},{"@type":"ListItem","position":2,"name":"Boutique","item":"http:\/\/lechappeeclose.it\/it\/boutique\/"},{"@type":"ListItem","position":3,"name":"Mod\u00e8les d\u00e9pos\u00e9s: 1 000 dessins et mod\u00e8les d\u00e9pos\u00e9s"}]},{"@type":"WebSite","@id":"http:\/\/lechappeeclose.it\/#website","url":"http:\/\/lechappeeclose.it\/","name":"l&#039;\u00e9chapp\u00e9e close","description":"La libreria francese di Milano","publisher":{"@id":"http:\/\/lechappeeclose.it\/#organization"},"alternateName":"La librairie fran\u00e7aise de Milan","potentialAction":[{"@type":"SearchAction","target":{"@type":"EntryPoint","urlTemplate":"http:\/\/lechappeeclose.it\/?s={search_term_string}"},"query-input":{"@type":"PropertyValueSpecification","valueRequired":true,"valueName":"search_term_string"}}],"inLanguage":"it-IT"},{"@type":"Organization","@id":"http:\/\/lechappeeclose.it\/#organization","name":"l&#039;\u00e9chapp\u00e9e close","url":"http:\/\/lechappeeclose.it\/","logo":{"@type":"ImageObject","inLanguage":"it-IT","@id":"http:\/\/lechappeeclose.it\/#\/schema\/logo\/image\/","url":"http:\/\/lechappeeclose.it\/wp-content\/uploads\/2025\/02\/cropped-logo-rond.png","contentUrl":"http:\/\/lechappeeclose.it\/wp-content\/uploads\/2025\/02\/cropped-logo-rond.png","width":1080,"height":1080,"caption":"l&#039;\u00e9chapp\u00e9e close"},"image":{"@id":"http:\/\/lechappeeclose.it\/#\/schema\/logo\/image\/"},"sameAs":["https:\/\/www.instagram.com\/lechappeeclose\/"]}]}},"_links":{"self":[{"href":"http:\/\/lechappeeclose.it\/it\/wp-json\/wp\/v2\/product\/2996","targetHints":{"allow":["GET"]}}],"collection":[{"href":"http:\/\/lechappeeclose.it\/it\/wp-json\/wp\/v2\/product"}],"about":[{"href":"http:\/\/lechappeeclose.it\/it\/wp-json\/wp\/v2\/types\/product"}],"replies":[{"embeddable":true,"href":"http:\/\/lechappeeclose.it\/it\/wp-json\/wp\/v2\/comments?post=2996"}],"wp:featuredmedia":[{"embeddable":true,"href":"http:\/\/lechappeeclose.it\/it\/wp-json\/wp\/v2\/media\/2995"}],"wp:attachment":[{"href":"http:\/\/lechappeeclose.it\/it\/wp-json\/wp\/v2\/media?parent=2996"}],"wp:term":[{"taxonomy":"product_brand","embeddable":true,"href":"http:\/\/lechappeeclose.it\/it\/wp-json\/wp\/v2\/product_brand?post=2996"},{"taxonomy":"product_cat","embeddable":true,"href":"http:\/\/lechappeeclose.it\/it\/wp-json\/wp\/v2\/product_cat?post=2996"},{"taxonomy":"product_tag","embeddable":true,"href":"http:\/\/lechappeeclose.it\/it\/wp-json\/wp\/v2\/product_tag?post=2996"}],"curies":[{"name":"wp","href":"https:\/\/api.w.org\/{rel}","templated":true}]}}