{"id":2964,"date":"2025-01-30T11:44:09","date_gmt":"2025-01-30T10:44:09","guid":{"rendered":"https:\/\/lechappeeclose.it\/produit\/le-service-shell-a-travers-le-sahara\/"},"modified":"2025-01-30T11:44:09","modified_gmt":"2025-01-30T10:44:09","slug":"le-service-shell-a-travers-le-sahara","status":"publish","type":"product","link":"http:\/\/lechappeeclose.it\/it\/boutique\/livres\/arts\/architecture\/le-service-shell-a-travers-le-sahara\/","title":{"rendered":"Le service Shell \u00e0 travers le Sahara"},"content":{"rendered":"<p>La plupart du temps, les dessins de Philippe Weisbecker documentent des s\u00e9ries d\u02bcobjets ou d\u02bcarchitectures. Souvent, ces s\u00e9ries sont consign\u00e9es dans de vieux cahiers d\u02bc\u00e9colier ou de croquis. Ce nouveau fac-simil\u00e9 ne d\u00e9roge pas \u00e0 la r\u00e8gle : b\u00e2timents administratifs, camions, mosqu\u00e9es et pompes habitent un d\u00e9sert de papier \u00e0 la logique \u00e9nigmatique. Pour ce nouvel ouvrage, l\u02bcauteur s\u02bcest inspir\u00e9 d\u02bcun \u00ab Guide du Tourisme Automobile et A\u00e9rien du Sahara \u00bb, destin\u00e9 \u00e0 une client\u00e8le ais\u00e9e avide d\u02bcaventures. L\u02bcoccasion pour Weisbecker de se replonger dans les ambiances qui lui \u00e9taient d\u00e9crites alors qu\u02bcil \u00e9tait enfant, par son p\u00e8re qui y v\u00e9cut dans les ann\u00e9es 1930.<\/p>","protected":false},"excerpt":{"rendered":"<p>La plupart du temps, les dessins de Philippe Weisbecker documentent des s\u00e9ries d\u02bcobjets ou d\u02bcarchitectures. Souvent, ces s\u00e9ries sont consign\u00e9es dans de vieux cahiers d\u02bc\u00e9colier ou de croquis. Ce nouveau fac-simil\u00e9 ne d\u00e9roge pas \u00e0 la r\u00e8gle : b\u00e2timents administratifs, camions, mosqu\u00e9es et pompes habitent un d\u00e9sert de papier \u00e0 la logique \u00e9nigmatique. Pour ce [&hellip;]<\/p>","protected":false},"featured_media":2963,"comment_status":"open","ping_status":"closed","template":"","meta":[],"product_brand":[],"product_cat":[37],"product_tag":[],"class_list":{"0":"post-2964","1":"product","2":"type-product","3":"status-publish","4":"has-post-thumbnail","6":"product_cat-architecture","8":"first","9":"instock","10":"taxable","11":"shipping-taxable","12":"purchasable","13":"product-type-simple"},"yoast_head":"<!-- This site is optimized with the Yoast SEO plugin v27.4 - https:\/\/yoast.com\/product\/yoast-seo-wordpress\/ -->\n<title>Le service Shell \u00e0 travers le Sahara - l&#039;\u00e9chapp\u00e9e close<\/title>\n<meta name=\"robots\" content=\"index, follow, max-snippet:-1, max-image-preview:large, max-video-preview:-1\" \/>\n<link rel=\"canonical\" href=\"https:\/\/lechappeeclose.it\/it\/boutique\/livres\/arts\/architecture\/le-service-shell-a-travers-le-sahara\/\" \/>\n<meta property=\"og:locale\" content=\"it_IT\" \/>\n<meta property=\"og:type\" content=\"article\" \/>\n<meta property=\"og:title\" content=\"Le service Shell \u00e0 travers le Sahara - l&#039;\u00e9chapp\u00e9e close\" \/>\n<meta property=\"og:description\" content=\"La plupart du temps, les dessins de Philippe Weisbecker documentent des s\u00e9ries d\u02bcobjets ou d\u02bcarchitectures. Souvent, ces s\u00e9ries sont consign\u00e9es dans de vieux cahiers d\u02bc\u00e9colier ou de croquis. Ce nouveau fac-simil\u00e9 ne d\u00e9roge pas \u00e0 la r\u00e8gle : b\u00e2timents administratifs, camions, mosqu\u00e9es et pompes habitent un d\u00e9sert de papier \u00e0 la logique \u00e9nigmatique. Pour ce [&hellip;]\" \/>\n<meta property=\"og:url\" content=\"https:\/\/lechappeeclose.it\/it\/boutique\/livres\/arts\/architecture\/le-service-shell-a-travers-le-sahara\/\" \/>\n<meta property=\"og:site_name\" content=\"l&#039;\u00e9chapp\u00e9e close\" \/>\n<meta property=\"og:image\" content=\"https:\/\/lechappeeclose.it\/wp-content\/uploads\/2025\/01\/Le-service-Shell-a-travers-le-Sahara.jpg\" \/>\n\t<meta property=\"og:image:width\" content=\"2545\" \/>\n\t<meta property=\"og:image:height\" content=\"1829\" \/>\n\t<meta property=\"og:image:type\" content=\"image\/jpeg\" \/>\n<meta name=\"twitter:card\" content=\"summary_large_image\" \/>\n<meta name=\"twitter:label1\" content=\"Tempo di lettura stimato\" \/>\n\t<meta name=\"twitter:data1\" content=\"1 minuto\" \/>\n<script type=\"application\/ld+json\" class=\"yoast-schema-graph\">{\"@context\":\"https:\\\/\\\/schema.org\",\"@graph\":[{\"@type\":\"WebPage\",\"@id\":\"https:\\\/\\\/lechappeeclose.it\\\/boutique\\\/livres\\\/arts\\\/architecture\\\/le-service-shell-a-travers-le-sahara\\\/\",\"url\":\"https:\\\/\\\/lechappeeclose.it\\\/boutique\\\/livres\\\/arts\\\/architecture\\\/le-service-shell-a-travers-le-sahara\\\/\",\"name\":\"Le service Shell \u00e0 travers le Sahara - l&#039;\u00e9chapp\u00e9e close\",\"isPartOf\":{\"@id\":\"http:\\\/\\\/lechappeeclose.it\\\/#website\"},\"primaryImageOfPage\":{\"@id\":\"https:\\\/\\\/lechappeeclose.it\\\/boutique\\\/livres\\\/arts\\\/architecture\\\/le-service-shell-a-travers-le-sahara\\\/#primaryimage\"},\"image\":{\"@id\":\"https:\\\/\\\/lechappeeclose.it\\\/boutique\\\/livres\\\/arts\\\/architecture\\\/le-service-shell-a-travers-le-sahara\\\/#primaryimage\"},\"thumbnailUrl\":\"http:\\\/\\\/lechappeeclose.it\\\/wp-content\\\/uploads\\\/2025\\\/01\\\/Le-service-Shell-a-travers-le-Sahara.jpg\",\"datePublished\":\"2025-01-30T10:44:09+00:00\",\"breadcrumb\":{\"@id\":\"https:\\\/\\\/lechappeeclose.it\\\/boutique\\\/livres\\\/arts\\\/architecture\\\/le-service-shell-a-travers-le-sahara\\\/#breadcrumb\"},\"inLanguage\":\"it-IT\",\"potentialAction\":[{\"@type\":\"ReadAction\",\"target\":[\"https:\\\/\\\/lechappeeclose.it\\\/boutique\\\/livres\\\/arts\\\/architecture\\\/le-service-shell-a-travers-le-sahara\\\/\"]}]},{\"@type\":\"ImageObject\",\"inLanguage\":\"it-IT\",\"@id\":\"https:\\\/\\\/lechappeeclose.it\\\/boutique\\\/livres\\\/arts\\\/architecture\\\/le-service-shell-a-travers-le-sahara\\\/#primaryimage\",\"url\":\"http:\\\/\\\/lechappeeclose.it\\\/wp-content\\\/uploads\\\/2025\\\/01\\\/Le-service-Shell-a-travers-le-Sahara.jpg\",\"contentUrl\":\"http:\\\/\\\/lechappeeclose.it\\\/wp-content\\\/uploads\\\/2025\\\/01\\\/Le-service-Shell-a-travers-le-Sahara.jpg\",\"width\":2545,\"height\":1829},{\"@type\":\"BreadcrumbList\",\"@id\":\"https:\\\/\\\/lechappeeclose.it\\\/boutique\\\/livres\\\/arts\\\/architecture\\\/le-service-shell-a-travers-le-sahara\\\/#breadcrumb\",\"itemListElement\":[{\"@type\":\"ListItem\",\"position\":1,\"name\":\"Accueil\",\"item\":\"http:\\\/\\\/lechappeeclose.it\\\/\"},{\"@type\":\"ListItem\",\"position\":2,\"name\":\"Boutique\",\"item\":\"http:\\\/\\\/lechappeeclose.it\\\/boutique\\\/\"},{\"@type\":\"ListItem\",\"position\":3,\"name\":\"Le service Shell \u00e0 travers le Sahara\"}]},{\"@type\":\"WebSite\",\"@id\":\"http:\\\/\\\/lechappeeclose.it\\\/#website\",\"url\":\"http:\\\/\\\/lechappeeclose.it\\\/\",\"name\":\"l&#039;\u00e9chapp\u00e9e close\",\"description\":\"la librairie fran\u00e7aise de Milan\",\"publisher\":{\"@id\":\"http:\\\/\\\/lechappeeclose.it\\\/#organization\"},\"alternateName\":\"La librairie fran\u00e7aise de Milan\",\"potentialAction\":[{\"@type\":\"SearchAction\",\"target\":{\"@type\":\"EntryPoint\",\"urlTemplate\":\"http:\\\/\\\/lechappeeclose.it\\\/?s={search_term_string}\"},\"query-input\":{\"@type\":\"PropertyValueSpecification\",\"valueRequired\":true,\"valueName\":\"search_term_string\"}}],\"inLanguage\":\"it-IT\"},{\"@type\":\"Organization\",\"@id\":\"http:\\\/\\\/lechappeeclose.it\\\/#organization\",\"name\":\"l&#039;\u00e9chapp\u00e9e close\",\"url\":\"http:\\\/\\\/lechappeeclose.it\\\/\",\"logo\":{\"@type\":\"ImageObject\",\"inLanguage\":\"it-IT\",\"@id\":\"http:\\\/\\\/lechappeeclose.it\\\/#\\\/schema\\\/logo\\\/image\\\/\",\"url\":\"http:\\\/\\\/lechappeeclose.it\\\/wp-content\\\/uploads\\\/2025\\\/02\\\/cropped-logo-rond.png\",\"contentUrl\":\"http:\\\/\\\/lechappeeclose.it\\\/wp-content\\\/uploads\\\/2025\\\/02\\\/cropped-logo-rond.png\",\"width\":1080,\"height\":1080,\"caption\":\"l&#039;\u00e9chapp\u00e9e close\"},\"image\":{\"@id\":\"http:\\\/\\\/lechappeeclose.it\\\/#\\\/schema\\\/logo\\\/image\\\/\"},\"sameAs\":[\"https:\\\/\\\/www.instagram.com\\\/lechappeeclose\\\/\"]}]}<\/script>\n<!-- \/ Yoast SEO plugin. -->","yoast_head_json":{"title":"Le service Shell \u00e0 travers le Sahara - l&#039;\u00e9chapp\u00e9e close","robots":{"index":"index","follow":"follow","max-snippet":"max-snippet:-1","max-image-preview":"max-image-preview:large","max-video-preview":"max-video-preview:-1"},"canonical":"https:\/\/lechappeeclose.it\/it\/boutique\/livres\/arts\/architecture\/le-service-shell-a-travers-le-sahara\/","og_locale":"it_IT","og_type":"article","og_title":"Le service Shell \u00e0 travers le Sahara - l&#039;\u00e9chapp\u00e9e close","og_description":"La plupart du temps, les dessins de Philippe Weisbecker documentent des s\u00e9ries d\u02bcobjets ou d\u02bcarchitectures. Souvent, ces s\u00e9ries sont consign\u00e9es dans de vieux cahiers d\u02bc\u00e9colier ou de croquis. Ce nouveau fac-simil\u00e9 ne d\u00e9roge pas \u00e0 la r\u00e8gle : b\u00e2timents administratifs, camions, mosqu\u00e9es et pompes habitent un d\u00e9sert de papier \u00e0 la logique \u00e9nigmatique. Pour ce [&hellip;]","og_url":"https:\/\/lechappeeclose.it\/it\/boutique\/livres\/arts\/architecture\/le-service-shell-a-travers-le-sahara\/","og_site_name":"l&#039;\u00e9chapp\u00e9e close","og_image":[{"width":2545,"height":1829,"url":"https:\/\/lechappeeclose.it\/wp-content\/uploads\/2025\/01\/Le-service-Shell-a-travers-le-Sahara.jpg","type":"image\/jpeg"}],"twitter_card":"summary_large_image","twitter_misc":{"Tempo di lettura stimato":"1 minuto"},"schema":{"@context":"https:\/\/schema.org","@graph":[{"@type":"WebPage","@id":"https:\/\/lechappeeclose.it\/boutique\/livres\/arts\/architecture\/le-service-shell-a-travers-le-sahara\/","url":"https:\/\/lechappeeclose.it\/boutique\/livres\/arts\/architecture\/le-service-shell-a-travers-le-sahara\/","name":"Le service Shell \u00e0 travers le Sahara - l&#039;\u00e9chapp\u00e9e close","isPartOf":{"@id":"http:\/\/lechappeeclose.it\/#website"},"primaryImageOfPage":{"@id":"https:\/\/lechappeeclose.it\/boutique\/livres\/arts\/architecture\/le-service-shell-a-travers-le-sahara\/#primaryimage"},"image":{"@id":"https:\/\/lechappeeclose.it\/boutique\/livres\/arts\/architecture\/le-service-shell-a-travers-le-sahara\/#primaryimage"},"thumbnailUrl":"http:\/\/lechappeeclose.it\/wp-content\/uploads\/2025\/01\/Le-service-Shell-a-travers-le-Sahara.jpg","datePublished":"2025-01-30T10:44:09+00:00","breadcrumb":{"@id":"https:\/\/lechappeeclose.it\/boutique\/livres\/arts\/architecture\/le-service-shell-a-travers-le-sahara\/#breadcrumb"},"inLanguage":"it-IT","potentialAction":[{"@type":"ReadAction","target":["https:\/\/lechappeeclose.it\/boutique\/livres\/arts\/architecture\/le-service-shell-a-travers-le-sahara\/"]}]},{"@type":"ImageObject","inLanguage":"it-IT","@id":"https:\/\/lechappeeclose.it\/boutique\/livres\/arts\/architecture\/le-service-shell-a-travers-le-sahara\/#primaryimage","url":"http:\/\/lechappeeclose.it\/wp-content\/uploads\/2025\/01\/Le-service-Shell-a-travers-le-Sahara.jpg","contentUrl":"http:\/\/lechappeeclose.it\/wp-content\/uploads\/2025\/01\/Le-service-Shell-a-travers-le-Sahara.jpg","width":2545,"height":1829},{"@type":"BreadcrumbList","@id":"https:\/\/lechappeeclose.it\/boutique\/livres\/arts\/architecture\/le-service-shell-a-travers-le-sahara\/#breadcrumb","itemListElement":[{"@type":"ListItem","position":1,"name":"Accueil","item":"http:\/\/lechappeeclose.it\/"},{"@type":"ListItem","position":2,"name":"Boutique","item":"http:\/\/lechappeeclose.it\/boutique\/"},{"@type":"ListItem","position":3,"name":"Le service Shell \u00e0 travers le Sahara"}]},{"@type":"WebSite","@id":"http:\/\/lechappeeclose.it\/#website","url":"http:\/\/lechappeeclose.it\/","name":"l&#039;\u00e9chapp\u00e9e close","description":"La libreria francese di Milano","publisher":{"@id":"http:\/\/lechappeeclose.it\/#organization"},"alternateName":"La librairie fran\u00e7aise de Milan","potentialAction":[{"@type":"SearchAction","target":{"@type":"EntryPoint","urlTemplate":"http:\/\/lechappeeclose.it\/?s={search_term_string}"},"query-input":{"@type":"PropertyValueSpecification","valueRequired":true,"valueName":"search_term_string"}}],"inLanguage":"it-IT"},{"@type":"Organization","@id":"http:\/\/lechappeeclose.it\/#organization","name":"l&#039;\u00e9chapp\u00e9e close","url":"http:\/\/lechappeeclose.it\/","logo":{"@type":"ImageObject","inLanguage":"it-IT","@id":"http:\/\/lechappeeclose.it\/#\/schema\/logo\/image\/","url":"http:\/\/lechappeeclose.it\/wp-content\/uploads\/2025\/02\/cropped-logo-rond.png","contentUrl":"http:\/\/lechappeeclose.it\/wp-content\/uploads\/2025\/02\/cropped-logo-rond.png","width":1080,"height":1080,"caption":"l&#039;\u00e9chapp\u00e9e close"},"image":{"@id":"http:\/\/lechappeeclose.it\/#\/schema\/logo\/image\/"},"sameAs":["https:\/\/www.instagram.com\/lechappeeclose\/"]}]}},"_links":{"self":[{"href":"http:\/\/lechappeeclose.it\/it\/wp-json\/wp\/v2\/product\/2964","targetHints":{"allow":["GET"]}}],"collection":[{"href":"http:\/\/lechappeeclose.it\/it\/wp-json\/wp\/v2\/product"}],"about":[{"href":"http:\/\/lechappeeclose.it\/it\/wp-json\/wp\/v2\/types\/product"}],"replies":[{"embeddable":true,"href":"http:\/\/lechappeeclose.it\/it\/wp-json\/wp\/v2\/comments?post=2964"}],"wp:featuredmedia":[{"embeddable":true,"href":"http:\/\/lechappeeclose.it\/it\/wp-json\/wp\/v2\/media\/2963"}],"wp:attachment":[{"href":"http:\/\/lechappeeclose.it\/it\/wp-json\/wp\/v2\/media?parent=2964"}],"wp:term":[{"taxonomy":"product_brand","embeddable":true,"href":"http:\/\/lechappeeclose.it\/it\/wp-json\/wp\/v2\/product_brand?post=2964"},{"taxonomy":"product_cat","embeddable":true,"href":"http:\/\/lechappeeclose.it\/it\/wp-json\/wp\/v2\/product_cat?post=2964"},{"taxonomy":"product_tag","embeddable":true,"href":"http:\/\/lechappeeclose.it\/it\/wp-json\/wp\/v2\/product_tag?post=2964"}],"curies":[{"name":"wp","href":"https:\/\/api.w.org\/{rel}","templated":true}]}}