{"id":2960,"date":"2025-01-30T11:32:01","date_gmt":"2025-01-30T10:32:01","guid":{"rendered":"https:\/\/lechappeeclose.it\/produit\/charlotte-perriand-une-architecte-francaise-au-japon\/"},"modified":"2026-02-13T17:28:58","modified_gmt":"2026-02-13T16:28:58","slug":"charlotte-perriand-une-architecte-francaise-au-japon","status":"publish","type":"product","link":"http:\/\/lechappeeclose.it\/it\/boutique\/livres\/arts\/architecture\/charlotte-perriand-une-architecte-francaise-au-japon\/","title":{"rendered":"Charlotte Perriand: Une architecte fran\u00e7aise au Japon"},"content":{"rendered":"<p>Charles Berberian, de son crayon, raconte ce moment cl\u00e9 dans la carri\u00e8re de cette ic\u00f4ne du design. Dans un carnet en fin d\u2019ouvrage, son entretien avec Pernette Perriand, fille de Charlotte, apporte un nouvel \u00e9clairage sur la vie de cette artiste.Juin 1940, \u00e0 bord du Hakusan Maru, Charlotte Perriand quitte la France. Endormie dans sa cabine, elle fait un cauchemar. Le Corbusier, sous les traits d\u2019un corbeau, lui fait des reproches : \u00ab Tu auras tout le temps de m\u00e9diter le mal que tu m\u2019as fait.\u00bbEn route vers le Japon, cette architecte avant-gardiste et non conventionnelle va vivre une p\u00e9riode fondamentale dans sa vie. L\u2019immersion dans la culture et les traditions nippones sera pour elle une v\u00e9ritable r\u00e9v\u00e9lation. Cette exp\u00e9rience lui permettra de d\u00e9velopper sa vision de l\u2019architecture d\u2019int\u00e9rieur : r\u00e9formatrice, alliant tradition et modernit\u00e9, adapt\u00e9e au confort et \u00e0 la vie moderne.<\/p>","protected":false},"excerpt":{"rendered":"<p>Charles Berberian, de son crayon, raconte ce moment cl\u00e9 dans la carri\u00e8re de cette ic\u00f4ne du design. Dans un carnet en fin d\u2019ouvrage, son entretien avec Pernette Perriand, fille de Charlotte, apporte un nouvel \u00e9clairage sur la vie de cette artiste.Juin 1940, \u00e0 bord du Hakusan Maru, Charlotte Perriand quitte la France. Endormie dans sa [&hellip;]<\/p>","protected":false},"featured_media":2959,"comment_status":"open","ping_status":"closed","template":"","meta":[],"product_brand":[],"product_cat":[37],"product_tag":[],"class_list":{"0":"post-2960","1":"product","2":"type-product","3":"status-publish","4":"has-post-thumbnail","6":"product_cat-architecture","8":"first","9":"instock","10":"taxable","11":"shipping-taxable","12":"purchasable","13":"product-type-simple"},"yoast_head":"<!-- This site is optimized with the Yoast SEO plugin v27.4 - https:\/\/yoast.com\/product\/yoast-seo-wordpress\/ -->\n<title>Charlotte Perriand: Une architecte fran\u00e7aise au Japon - l&#039;\u00e9chapp\u00e9e close<\/title>\n<meta name=\"robots\" content=\"index, follow, max-snippet:-1, max-image-preview:large, max-video-preview:-1\" \/>\n<link rel=\"canonical\" href=\"http:\/\/lechappeeclose.it\/it\/boutique\/livres\/arts\/architecture\/charlotte-perriand-une-architecte-francaise-au-japon\/\" \/>\n<meta property=\"og:locale\" content=\"it_IT\" \/>\n<meta property=\"og:type\" content=\"article\" \/>\n<meta property=\"og:title\" content=\"Charlotte Perriand: Une architecte fran\u00e7aise au Japon - l&#039;\u00e9chapp\u00e9e close\" \/>\n<meta property=\"og:description\" content=\"Charles Berberian, de son crayon, raconte ce moment cl\u00e9 dans la carri\u00e8re de cette ic\u00f4ne du design. Dans un carnet en fin d\u2019ouvrage, son entretien avec Pernette Perriand, fille de Charlotte, apporte un nouvel \u00e9clairage sur la vie de cette artiste.Juin 1940, \u00e0 bord du Hakusan Maru, Charlotte Perriand quitte la France. Endormie dans sa [&hellip;]\" \/>\n<meta property=\"og:url\" content=\"http:\/\/lechappeeclose.it\/it\/boutique\/livres\/arts\/architecture\/charlotte-perriand-une-architecte-francaise-au-japon\/\" \/>\n<meta property=\"og:site_name\" content=\"l&#039;\u00e9chapp\u00e9e close\" \/>\n<meta property=\"article:modified_time\" content=\"2026-02-13T16:28:58+00:00\" \/>\n<meta property=\"og:image\" content=\"http:\/\/lechappeeclose.it\/wp-content\/uploads\/2025\/01\/Charlotte-Perriand-Une-architecte-francaise-au-Japon.jpg\" \/>\n\t<meta property=\"og:image:width\" content=\"400\" \/>\n\t<meta property=\"og:image:height\" content=\"567\" \/>\n\t<meta property=\"og:image:type\" content=\"image\/jpeg\" \/>\n<meta name=\"twitter:card\" content=\"summary_large_image\" \/>\n<meta name=\"twitter:label1\" content=\"Tempo di lettura stimato\" \/>\n\t<meta name=\"twitter:data1\" content=\"1 minuto\" \/>\n<script type=\"application\/ld+json\" class=\"yoast-schema-graph\">{\"@context\":\"https:\\\/\\\/schema.org\",\"@graph\":[{\"@type\":\"WebPage\",\"@id\":\"http:\\\/\\\/lechappeeclose.it\\\/it\\\/boutique\\\/livres\\\/arts\\\/architecture\\\/charlotte-perriand-une-architecte-francaise-au-japon\\\/\",\"url\":\"http:\\\/\\\/lechappeeclose.it\\\/it\\\/boutique\\\/livres\\\/arts\\\/architecture\\\/charlotte-perriand-une-architecte-francaise-au-japon\\\/\",\"name\":\"Charlotte Perriand: Une architecte fran\u00e7aise au Japon - l&#039;\u00e9chapp\u00e9e close\",\"isPartOf\":{\"@id\":\"http:\\\/\\\/lechappeeclose.it\\\/#website\"},\"primaryImageOfPage\":{\"@id\":\"http:\\\/\\\/lechappeeclose.it\\\/it\\\/boutique\\\/livres\\\/arts\\\/architecture\\\/charlotte-perriand-une-architecte-francaise-au-japon\\\/#primaryimage\"},\"image\":{\"@id\":\"http:\\\/\\\/lechappeeclose.it\\\/it\\\/boutique\\\/livres\\\/arts\\\/architecture\\\/charlotte-perriand-une-architecte-francaise-au-japon\\\/#primaryimage\"},\"thumbnailUrl\":\"http:\\\/\\\/lechappeeclose.it\\\/wp-content\\\/uploads\\\/2025\\\/01\\\/Charlotte-Perriand-Une-architecte-francaise-au-Japon.jpg\",\"datePublished\":\"2025-01-30T10:32:01+00:00\",\"dateModified\":\"2026-02-13T16:28:58+00:00\",\"breadcrumb\":{\"@id\":\"http:\\\/\\\/lechappeeclose.it\\\/it\\\/boutique\\\/livres\\\/arts\\\/architecture\\\/charlotte-perriand-une-architecte-francaise-au-japon\\\/#breadcrumb\"},\"inLanguage\":\"it-IT\",\"potentialAction\":[{\"@type\":\"ReadAction\",\"target\":[\"http:\\\/\\\/lechappeeclose.it\\\/it\\\/boutique\\\/livres\\\/arts\\\/architecture\\\/charlotte-perriand-une-architecte-francaise-au-japon\\\/\"]}]},{\"@type\":\"ImageObject\",\"inLanguage\":\"it-IT\",\"@id\":\"http:\\\/\\\/lechappeeclose.it\\\/it\\\/boutique\\\/livres\\\/arts\\\/architecture\\\/charlotte-perriand-une-architecte-francaise-au-japon\\\/#primaryimage\",\"url\":\"http:\\\/\\\/lechappeeclose.it\\\/wp-content\\\/uploads\\\/2025\\\/01\\\/Charlotte-Perriand-Une-architecte-francaise-au-Japon.jpg\",\"contentUrl\":\"http:\\\/\\\/lechappeeclose.it\\\/wp-content\\\/uploads\\\/2025\\\/01\\\/Charlotte-Perriand-Une-architecte-francaise-au-Japon.jpg\",\"width\":400,\"height\":567},{\"@type\":\"BreadcrumbList\",\"@id\":\"http:\\\/\\\/lechappeeclose.it\\\/it\\\/boutique\\\/livres\\\/arts\\\/architecture\\\/charlotte-perriand-une-architecte-francaise-au-japon\\\/#breadcrumb\",\"itemListElement\":[{\"@type\":\"ListItem\",\"position\":1,\"name\":\"Accueil\",\"item\":\"http:\\\/\\\/lechappeeclose.it\\\/\"},{\"@type\":\"ListItem\",\"position\":2,\"name\":\"Boutique\",\"item\":\"http:\\\/\\\/lechappeeclose.it\\\/it\\\/boutique\\\/\"},{\"@type\":\"ListItem\",\"position\":3,\"name\":\"Charlotte Perriand: Une architecte fran\u00e7aise au Japon\"}]},{\"@type\":\"WebSite\",\"@id\":\"http:\\\/\\\/lechappeeclose.it\\\/#website\",\"url\":\"http:\\\/\\\/lechappeeclose.it\\\/\",\"name\":\"l&#039;\u00e9chapp\u00e9e close\",\"description\":\"la librairie fran\u00e7aise de Milan\",\"publisher\":{\"@id\":\"http:\\\/\\\/lechappeeclose.it\\\/#organization\"},\"alternateName\":\"La librairie fran\u00e7aise de Milan\",\"potentialAction\":[{\"@type\":\"SearchAction\",\"target\":{\"@type\":\"EntryPoint\",\"urlTemplate\":\"http:\\\/\\\/lechappeeclose.it\\\/?s={search_term_string}\"},\"query-input\":{\"@type\":\"PropertyValueSpecification\",\"valueRequired\":true,\"valueName\":\"search_term_string\"}}],\"inLanguage\":\"it-IT\"},{\"@type\":\"Organization\",\"@id\":\"http:\\\/\\\/lechappeeclose.it\\\/#organization\",\"name\":\"l&#039;\u00e9chapp\u00e9e close\",\"url\":\"http:\\\/\\\/lechappeeclose.it\\\/\",\"logo\":{\"@type\":\"ImageObject\",\"inLanguage\":\"it-IT\",\"@id\":\"http:\\\/\\\/lechappeeclose.it\\\/#\\\/schema\\\/logo\\\/image\\\/\",\"url\":\"http:\\\/\\\/lechappeeclose.it\\\/wp-content\\\/uploads\\\/2025\\\/02\\\/cropped-logo-rond.png\",\"contentUrl\":\"http:\\\/\\\/lechappeeclose.it\\\/wp-content\\\/uploads\\\/2025\\\/02\\\/cropped-logo-rond.png\",\"width\":1080,\"height\":1080,\"caption\":\"l&#039;\u00e9chapp\u00e9e close\"},\"image\":{\"@id\":\"http:\\\/\\\/lechappeeclose.it\\\/#\\\/schema\\\/logo\\\/image\\\/\"},\"sameAs\":[\"https:\\\/\\\/www.instagram.com\\\/lechappeeclose\\\/\"]}]}<\/script>\n<!-- \/ Yoast SEO plugin. -->","yoast_head_json":{"title":"Charlotte Perriand: Une architecte fran\u00e7aise au Japon - l&#039;\u00e9chapp\u00e9e close","robots":{"index":"index","follow":"follow","max-snippet":"max-snippet:-1","max-image-preview":"max-image-preview:large","max-video-preview":"max-video-preview:-1"},"canonical":"http:\/\/lechappeeclose.it\/it\/boutique\/livres\/arts\/architecture\/charlotte-perriand-une-architecte-francaise-au-japon\/","og_locale":"it_IT","og_type":"article","og_title":"Charlotte Perriand: Une architecte fran\u00e7aise au Japon - l&#039;\u00e9chapp\u00e9e close","og_description":"Charles Berberian, de son crayon, raconte ce moment cl\u00e9 dans la carri\u00e8re de cette ic\u00f4ne du design. Dans un carnet en fin d\u2019ouvrage, son entretien avec Pernette Perriand, fille de Charlotte, apporte un nouvel \u00e9clairage sur la vie de cette artiste.Juin 1940, \u00e0 bord du Hakusan Maru, Charlotte Perriand quitte la France. Endormie dans sa [&hellip;]","og_url":"http:\/\/lechappeeclose.it\/it\/boutique\/livres\/arts\/architecture\/charlotte-perriand-une-architecte-francaise-au-japon\/","og_site_name":"l&#039;\u00e9chapp\u00e9e close","article_modified_time":"2026-02-13T16:28:58+00:00","og_image":[{"width":400,"height":567,"url":"http:\/\/lechappeeclose.it\/wp-content\/uploads\/2025\/01\/Charlotte-Perriand-Une-architecte-francaise-au-Japon.jpg","type":"image\/jpeg"}],"twitter_card":"summary_large_image","twitter_misc":{"Tempo di lettura stimato":"1 minuto"},"schema":{"@context":"https:\/\/schema.org","@graph":[{"@type":"WebPage","@id":"http:\/\/lechappeeclose.it\/it\/boutique\/livres\/arts\/architecture\/charlotte-perriand-une-architecte-francaise-au-japon\/","url":"http:\/\/lechappeeclose.it\/it\/boutique\/livres\/arts\/architecture\/charlotte-perriand-une-architecte-francaise-au-japon\/","name":"Charlotte Perriand: Une architecte fran\u00e7aise au Japon - l&#039;\u00e9chapp\u00e9e close","isPartOf":{"@id":"http:\/\/lechappeeclose.it\/#website"},"primaryImageOfPage":{"@id":"http:\/\/lechappeeclose.it\/it\/boutique\/livres\/arts\/architecture\/charlotte-perriand-une-architecte-francaise-au-japon\/#primaryimage"},"image":{"@id":"http:\/\/lechappeeclose.it\/it\/boutique\/livres\/arts\/architecture\/charlotte-perriand-une-architecte-francaise-au-japon\/#primaryimage"},"thumbnailUrl":"http:\/\/lechappeeclose.it\/wp-content\/uploads\/2025\/01\/Charlotte-Perriand-Une-architecte-francaise-au-Japon.jpg","datePublished":"2025-01-30T10:32:01+00:00","dateModified":"2026-02-13T16:28:58+00:00","breadcrumb":{"@id":"http:\/\/lechappeeclose.it\/it\/boutique\/livres\/arts\/architecture\/charlotte-perriand-une-architecte-francaise-au-japon\/#breadcrumb"},"inLanguage":"it-IT","potentialAction":[{"@type":"ReadAction","target":["http:\/\/lechappeeclose.it\/it\/boutique\/livres\/arts\/architecture\/charlotte-perriand-une-architecte-francaise-au-japon\/"]}]},{"@type":"ImageObject","inLanguage":"it-IT","@id":"http:\/\/lechappeeclose.it\/it\/boutique\/livres\/arts\/architecture\/charlotte-perriand-une-architecte-francaise-au-japon\/#primaryimage","url":"http:\/\/lechappeeclose.it\/wp-content\/uploads\/2025\/01\/Charlotte-Perriand-Une-architecte-francaise-au-Japon.jpg","contentUrl":"http:\/\/lechappeeclose.it\/wp-content\/uploads\/2025\/01\/Charlotte-Perriand-Une-architecte-francaise-au-Japon.jpg","width":400,"height":567},{"@type":"BreadcrumbList","@id":"http:\/\/lechappeeclose.it\/it\/boutique\/livres\/arts\/architecture\/charlotte-perriand-une-architecte-francaise-au-japon\/#breadcrumb","itemListElement":[{"@type":"ListItem","position":1,"name":"Accueil","item":"http:\/\/lechappeeclose.it\/"},{"@type":"ListItem","position":2,"name":"Boutique","item":"http:\/\/lechappeeclose.it\/it\/boutique\/"},{"@type":"ListItem","position":3,"name":"Charlotte Perriand: Une architecte fran\u00e7aise au Japon"}]},{"@type":"WebSite","@id":"http:\/\/lechappeeclose.it\/#website","url":"http:\/\/lechappeeclose.it\/","name":"l&#039;\u00e9chapp\u00e9e close","description":"La libreria francese di Milano","publisher":{"@id":"http:\/\/lechappeeclose.it\/#organization"},"alternateName":"La librairie fran\u00e7aise de Milan","potentialAction":[{"@type":"SearchAction","target":{"@type":"EntryPoint","urlTemplate":"http:\/\/lechappeeclose.it\/?s={search_term_string}"},"query-input":{"@type":"PropertyValueSpecification","valueRequired":true,"valueName":"search_term_string"}}],"inLanguage":"it-IT"},{"@type":"Organization","@id":"http:\/\/lechappeeclose.it\/#organization","name":"l&#039;\u00e9chapp\u00e9e close","url":"http:\/\/lechappeeclose.it\/","logo":{"@type":"ImageObject","inLanguage":"it-IT","@id":"http:\/\/lechappeeclose.it\/#\/schema\/logo\/image\/","url":"http:\/\/lechappeeclose.it\/wp-content\/uploads\/2025\/02\/cropped-logo-rond.png","contentUrl":"http:\/\/lechappeeclose.it\/wp-content\/uploads\/2025\/02\/cropped-logo-rond.png","width":1080,"height":1080,"caption":"l&#039;\u00e9chapp\u00e9e close"},"image":{"@id":"http:\/\/lechappeeclose.it\/#\/schema\/logo\/image\/"},"sameAs":["https:\/\/www.instagram.com\/lechappeeclose\/"]}]}},"_links":{"self":[{"href":"http:\/\/lechappeeclose.it\/it\/wp-json\/wp\/v2\/product\/2960","targetHints":{"allow":["GET"]}}],"collection":[{"href":"http:\/\/lechappeeclose.it\/it\/wp-json\/wp\/v2\/product"}],"about":[{"href":"http:\/\/lechappeeclose.it\/it\/wp-json\/wp\/v2\/types\/product"}],"replies":[{"embeddable":true,"href":"http:\/\/lechappeeclose.it\/it\/wp-json\/wp\/v2\/comments?post=2960"}],"wp:featuredmedia":[{"embeddable":true,"href":"http:\/\/lechappeeclose.it\/it\/wp-json\/wp\/v2\/media\/2959"}],"wp:attachment":[{"href":"http:\/\/lechappeeclose.it\/it\/wp-json\/wp\/v2\/media?parent=2960"}],"wp:term":[{"taxonomy":"product_brand","embeddable":true,"href":"http:\/\/lechappeeclose.it\/it\/wp-json\/wp\/v2\/product_brand?post=2960"},{"taxonomy":"product_cat","embeddable":true,"href":"http:\/\/lechappeeclose.it\/it\/wp-json\/wp\/v2\/product_cat?post=2960"},{"taxonomy":"product_tag","embeddable":true,"href":"http:\/\/lechappeeclose.it\/it\/wp-json\/wp\/v2\/product_tag?post=2960"}],"curies":[{"name":"wp","href":"https:\/\/api.w.org\/{rel}","templated":true}]}}