{"id":2948,"date":"2025-01-30T11:28:03","date_gmt":"2025-01-30T10:28:03","guid":{"rendered":"https:\/\/lechappeeclose.it\/produit\/chiens-inventaire-graphique-authentique-et-fictif\/"},"modified":"2025-02-11T17:57:42","modified_gmt":"2025-02-11T16:57:42","slug":"chiens-inventaire-graphique-authentique-et-fictif","status":"publish","type":"product","link":"http:\/\/lechappeeclose.it\/it\/boutique\/livres\/jeunesse\/elementaire\/chiens-inventaire-graphique-authentique-et-fictif\/","title":{"rendered":"Chiens: Inventaire graphique authentique et fictif"},"content":{"rendered":"<p>Chiens rassemble 200 dessins de Jochen Gerner con\u00e7us dans la lign\u00e9e de son \u00e9tude sur les oiseaux parue en 2021. Usant d\u2019une technique similaire, le feutre \u00e0 encre de Chine pigment\u00e9e sur des cahiers d\u2019\u00e9coliers, cette nouvelle s\u00e9rie de dessins poursuit l\u2019exp\u00e9rimentation graphique visant \u00e0 explorer les potentialit\u00e9s de la trame dans la repr\u00e9sentation des textures. De simples formes souples quasi-abstraites, ponctu\u00e9es de deux ou trois points (\u0153il et truffe), composent les silhouettes de chiens des premiers dessins de cette collection. Poursuivie sur plusieurs mois, elle dresse aujourd\u2019hui un inventaire vari\u00e9 de races canines, r\u00e9elles, semi-r\u00e9elles ou chim\u00e9riques. Le chien, mammif\u00e8re domestique descendant du loup, d\u00e9compos\u00e9 en races multiples issues de croisements et d\u2019\u00e9volutions, comporte la particularit\u00e9 de se singulariser par des dimensions, contours, textures et robes aux d\u00e9clinaisons innombrables : Bouvier bichrome en robe moir\u00e9e, Braque slovaque \u00e0 poil dur, Chow-chow \u00e9lectrostatique, Bichon fris\u00e9, L\u00e9vrier Barzo\u00ef \u00e0 toison sinueuse, Chien d\u2019eau irlandais trouble, \u00c9pagneul bleu de Picardie, Scottish-terrier \u00e0 pelage en \u00e9pines de conif\u00e8res, Spitz Mikado\u2026 Trames, traits, r\u00e9seaux de lignes, nuances, taches et masses, l\u2019esp\u00e8ce offre un catalogue de variations graphiques infinies. Ces dessins, de pens\u00e9e ou d\u2019observation, ont \u00e9t\u00e9 r\u00e9alis\u00e9s de mars 2022 \u00e0 avril 2023 sur les fines lignes horizontales et verticales, \u00e0 carreaux ou millim\u00e9tr\u00e9es, de carnets de g\u00e9om\u00e9trie chinois ou de cahiers d\u2019\u00e9criture de provinces indiennes. Avec ce nouveau bestiaire tenant autant de l\u2019illustration r\u00e9aliste que du dessin prospectif, Jochen Gerner nous invite \u00e0 porter un regard fantaisiste sur le monde et prouve une fois de plus la singularit\u00e9 de l\u2019observation qu\u2019il en fait.<\/p>","protected":false},"excerpt":{"rendered":"<p>Chiens rassemble 200 dessins de Jochen Gerner con\u00e7us dans la lign\u00e9e de son \u00e9tude sur les oiseaux parue en 2021. Usant d\u2019une technique similaire, le feutre \u00e0 encre de Chine pigment\u00e9e sur des cahiers d\u2019\u00e9coliers, cette nouvelle s\u00e9rie de dessins poursuit l\u2019exp\u00e9rimentation graphique visant \u00e0 explorer les potentialit\u00e9s de la trame dans la repr\u00e9sentation des [&hellip;]<\/p>","protected":false},"featured_media":2947,"comment_status":"open","ping_status":"closed","template":"","meta":[],"product_brand":[],"product_cat":[41,53],"product_tag":[],"class_list":{"0":"post-2948","1":"product","2":"type-product","3":"status-publish","4":"has-post-thumbnail","6":"product_cat-beaux-arts","7":"product_cat-elementaire","9":"first","10":"instock","11":"taxable","12":"shipping-taxable","13":"purchasable","14":"product-type-simple"},"yoast_head":"<!-- This site is optimized with the Yoast SEO plugin v27.3 - https:\/\/yoast.com\/product\/yoast-seo-wordpress\/ -->\n<title>Chiens: Inventaire graphique authentique et fictif - l&#039;\u00e9chapp\u00e9e close<\/title>\n<meta name=\"robots\" content=\"index, follow, max-snippet:-1, max-image-preview:large, max-video-preview:-1\" \/>\n<link rel=\"canonical\" href=\"http:\/\/lechappeeclose.it\/it\/boutique\/livres\/jeunesse\/elementaire\/chiens-inventaire-graphique-authentique-et-fictif\/\" \/>\n<meta property=\"og:locale\" content=\"it_IT\" \/>\n<meta property=\"og:type\" content=\"article\" \/>\n<meta property=\"og:title\" content=\"Chiens: Inventaire graphique authentique et fictif - l&#039;\u00e9chapp\u00e9e close\" \/>\n<meta property=\"og:description\" content=\"Chiens rassemble 200 dessins de Jochen Gerner con\u00e7us dans la lign\u00e9e de son \u00e9tude sur les oiseaux parue en 2021. Usant d\u2019une technique similaire, le feutre \u00e0 encre de Chine pigment\u00e9e sur des cahiers d\u2019\u00e9coliers, cette nouvelle s\u00e9rie de dessins poursuit l\u2019exp\u00e9rimentation graphique visant \u00e0 explorer les potentialit\u00e9s de la trame dans la repr\u00e9sentation des [&hellip;]\" \/>\n<meta property=\"og:url\" content=\"http:\/\/lechappeeclose.it\/it\/boutique\/livres\/jeunesse\/elementaire\/chiens-inventaire-graphique-authentique-et-fictif\/\" \/>\n<meta property=\"og:site_name\" content=\"l&#039;\u00e9chapp\u00e9e close\" \/>\n<meta property=\"article:modified_time\" content=\"2025-02-11T16:57:42+00:00\" \/>\n<meta property=\"og:image\" content=\"http:\/\/lechappeeclose.it\/wp-content\/uploads\/2025\/01\/Chiens-Inventaire-graphique-authentique-et-fictif.jpg\" \/>\n\t<meta property=\"og:image:width\" content=\"1016\" \/>\n\t<meta property=\"og:image:height\" content=\"1394\" \/>\n\t<meta property=\"og:image:type\" content=\"image\/jpeg\" \/>\n<meta name=\"twitter:card\" content=\"summary_large_image\" \/>\n<meta name=\"twitter:label1\" content=\"Tempo di lettura stimato\" \/>\n\t<meta name=\"twitter:data1\" content=\"2 minuti\" \/>\n<script type=\"application\/ld+json\" class=\"yoast-schema-graph\">{\"@context\":\"https:\\\/\\\/schema.org\",\"@graph\":[{\"@type\":\"WebPage\",\"@id\":\"http:\\\/\\\/lechappeeclose.it\\\/boutique\\\/livres\\\/jeunesse\\\/elementaire\\\/chiens-inventaire-graphique-authentique-et-fictif\\\/\",\"url\":\"http:\\\/\\\/lechappeeclose.it\\\/boutique\\\/livres\\\/jeunesse\\\/elementaire\\\/chiens-inventaire-graphique-authentique-et-fictif\\\/\",\"name\":\"Chiens: Inventaire graphique authentique et fictif - l&#039;\u00e9chapp\u00e9e close\",\"isPartOf\":{\"@id\":\"https:\\\/\\\/lechappeeclose.it\\\/it\\\/#website\"},\"primaryImageOfPage\":{\"@id\":\"http:\\\/\\\/lechappeeclose.it\\\/boutique\\\/livres\\\/jeunesse\\\/elementaire\\\/chiens-inventaire-graphique-authentique-et-fictif\\\/#primaryimage\"},\"image\":{\"@id\":\"http:\\\/\\\/lechappeeclose.it\\\/boutique\\\/livres\\\/jeunesse\\\/elementaire\\\/chiens-inventaire-graphique-authentique-et-fictif\\\/#primaryimage\"},\"thumbnailUrl\":\"http:\\\/\\\/lechappeeclose.it\\\/wp-content\\\/uploads\\\/2025\\\/01\\\/Chiens-Inventaire-graphique-authentique-et-fictif.jpg\",\"datePublished\":\"2025-01-30T10:28:03+00:00\",\"dateModified\":\"2025-02-11T16:57:42+00:00\",\"breadcrumb\":{\"@id\":\"http:\\\/\\\/lechappeeclose.it\\\/boutique\\\/livres\\\/jeunesse\\\/elementaire\\\/chiens-inventaire-graphique-authentique-et-fictif\\\/#breadcrumb\"},\"inLanguage\":\"it-IT\",\"potentialAction\":[{\"@type\":\"ReadAction\",\"target\":[\"http:\\\/\\\/lechappeeclose.it\\\/boutique\\\/livres\\\/jeunesse\\\/elementaire\\\/chiens-inventaire-graphique-authentique-et-fictif\\\/\"]}]},{\"@type\":\"ImageObject\",\"inLanguage\":\"it-IT\",\"@id\":\"http:\\\/\\\/lechappeeclose.it\\\/boutique\\\/livres\\\/jeunesse\\\/elementaire\\\/chiens-inventaire-graphique-authentique-et-fictif\\\/#primaryimage\",\"url\":\"http:\\\/\\\/lechappeeclose.it\\\/wp-content\\\/uploads\\\/2025\\\/01\\\/Chiens-Inventaire-graphique-authentique-et-fictif.jpg\",\"contentUrl\":\"http:\\\/\\\/lechappeeclose.it\\\/wp-content\\\/uploads\\\/2025\\\/01\\\/Chiens-Inventaire-graphique-authentique-et-fictif.jpg\",\"width\":1016,\"height\":1394},{\"@type\":\"BreadcrumbList\",\"@id\":\"http:\\\/\\\/lechappeeclose.it\\\/boutique\\\/livres\\\/jeunesse\\\/elementaire\\\/chiens-inventaire-graphique-authentique-et-fictif\\\/#breadcrumb\",\"itemListElement\":[{\"@type\":\"ListItem\",\"position\":1,\"name\":\"Accueil\",\"item\":\"https:\\\/\\\/lechappeeclose.it\\\/it\\\/\"},{\"@type\":\"ListItem\",\"position\":2,\"name\":\"Boutique\",\"item\":\"https:\\\/\\\/lechappeeclose.it\\\/it\\\/boutique\\\/\"},{\"@type\":\"ListItem\",\"position\":3,\"name\":\"Chiens: Inventaire graphique authentique et fictif\"}]},{\"@type\":\"WebSite\",\"@id\":\"https:\\\/\\\/lechappeeclose.it\\\/it\\\/#website\",\"url\":\"https:\\\/\\\/lechappeeclose.it\\\/it\\\/\",\"name\":\"l&#039;\u00e9chapp\u00e9e close\",\"description\":\"la librairie fran\u00e7aise de Milan\",\"publisher\":{\"@id\":\"https:\\\/\\\/lechappeeclose.it\\\/it\\\/#organization\"},\"alternateName\":\"La librairie fran\u00e7aise de Milan\",\"potentialAction\":[{\"@type\":\"SearchAction\",\"target\":{\"@type\":\"EntryPoint\",\"urlTemplate\":\"https:\\\/\\\/lechappeeclose.it\\\/it\\\/?s={search_term_string}\"},\"query-input\":{\"@type\":\"PropertyValueSpecification\",\"valueRequired\":true,\"valueName\":\"search_term_string\"}}],\"inLanguage\":\"it-IT\"},{\"@type\":\"Organization\",\"@id\":\"https:\\\/\\\/lechappeeclose.it\\\/it\\\/#organization\",\"name\":\"l&#039;\u00e9chapp\u00e9e close\",\"url\":\"https:\\\/\\\/lechappeeclose.it\\\/it\\\/\",\"logo\":{\"@type\":\"ImageObject\",\"inLanguage\":\"it-IT\",\"@id\":\"https:\\\/\\\/lechappeeclose.it\\\/it\\\/#\\\/schema\\\/logo\\\/image\\\/\",\"url\":\"http:\\\/\\\/lechappeeclose.it\\\/wp-content\\\/uploads\\\/2025\\\/02\\\/cropped-logo-rond.png\",\"contentUrl\":\"http:\\\/\\\/lechappeeclose.it\\\/wp-content\\\/uploads\\\/2025\\\/02\\\/cropped-logo-rond.png\",\"width\":1080,\"height\":1080,\"caption\":\"l&#039;\u00e9chapp\u00e9e close\"},\"image\":{\"@id\":\"https:\\\/\\\/lechappeeclose.it\\\/it\\\/#\\\/schema\\\/logo\\\/image\\\/\"},\"sameAs\":[\"https:\\\/\\\/www.instagram.com\\\/lechappeeclose\\\/\"]}]}<\/script>\n<!-- \/ Yoast SEO plugin. -->","yoast_head_json":{"title":"Chiens: Inventaire graphique authentique et fictif - l&#039;\u00e9chapp\u00e9e close","robots":{"index":"index","follow":"follow","max-snippet":"max-snippet:-1","max-image-preview":"max-image-preview:large","max-video-preview":"max-video-preview:-1"},"canonical":"http:\/\/lechappeeclose.it\/it\/boutique\/livres\/jeunesse\/elementaire\/chiens-inventaire-graphique-authentique-et-fictif\/","og_locale":"it_IT","og_type":"article","og_title":"Chiens: Inventaire graphique authentique et fictif - l&#039;\u00e9chapp\u00e9e close","og_description":"Chiens rassemble 200 dessins de Jochen Gerner con\u00e7us dans la lign\u00e9e de son \u00e9tude sur les oiseaux parue en 2021. Usant d\u2019une technique similaire, le feutre \u00e0 encre de Chine pigment\u00e9e sur des cahiers d\u2019\u00e9coliers, cette nouvelle s\u00e9rie de dessins poursuit l\u2019exp\u00e9rimentation graphique visant \u00e0 explorer les potentialit\u00e9s de la trame dans la repr\u00e9sentation des [&hellip;]","og_url":"http:\/\/lechappeeclose.it\/it\/boutique\/livres\/jeunesse\/elementaire\/chiens-inventaire-graphique-authentique-et-fictif\/","og_site_name":"l&#039;\u00e9chapp\u00e9e close","article_modified_time":"2025-02-11T16:57:42+00:00","og_image":[{"width":1016,"height":1394,"url":"http:\/\/lechappeeclose.it\/wp-content\/uploads\/2025\/01\/Chiens-Inventaire-graphique-authentique-et-fictif.jpg","type":"image\/jpeg"}],"twitter_card":"summary_large_image","twitter_misc":{"Tempo di lettura stimato":"2 minuti"},"schema":{"@context":"https:\/\/schema.org","@graph":[{"@type":"WebPage","@id":"http:\/\/lechappeeclose.it\/boutique\/livres\/jeunesse\/elementaire\/chiens-inventaire-graphique-authentique-et-fictif\/","url":"http:\/\/lechappeeclose.it\/boutique\/livres\/jeunesse\/elementaire\/chiens-inventaire-graphique-authentique-et-fictif\/","name":"Chiens: Inventaire graphique authentique et fictif - l&#039;\u00e9chapp\u00e9e close","isPartOf":{"@id":"https:\/\/lechappeeclose.it\/it\/#website"},"primaryImageOfPage":{"@id":"http:\/\/lechappeeclose.it\/boutique\/livres\/jeunesse\/elementaire\/chiens-inventaire-graphique-authentique-et-fictif\/#primaryimage"},"image":{"@id":"http:\/\/lechappeeclose.it\/boutique\/livres\/jeunesse\/elementaire\/chiens-inventaire-graphique-authentique-et-fictif\/#primaryimage"},"thumbnailUrl":"http:\/\/lechappeeclose.it\/wp-content\/uploads\/2025\/01\/Chiens-Inventaire-graphique-authentique-et-fictif.jpg","datePublished":"2025-01-30T10:28:03+00:00","dateModified":"2025-02-11T16:57:42+00:00","breadcrumb":{"@id":"http:\/\/lechappeeclose.it\/boutique\/livres\/jeunesse\/elementaire\/chiens-inventaire-graphique-authentique-et-fictif\/#breadcrumb"},"inLanguage":"it-IT","potentialAction":[{"@type":"ReadAction","target":["http:\/\/lechappeeclose.it\/boutique\/livres\/jeunesse\/elementaire\/chiens-inventaire-graphique-authentique-et-fictif\/"]}]},{"@type":"ImageObject","inLanguage":"it-IT","@id":"http:\/\/lechappeeclose.it\/boutique\/livres\/jeunesse\/elementaire\/chiens-inventaire-graphique-authentique-et-fictif\/#primaryimage","url":"http:\/\/lechappeeclose.it\/wp-content\/uploads\/2025\/01\/Chiens-Inventaire-graphique-authentique-et-fictif.jpg","contentUrl":"http:\/\/lechappeeclose.it\/wp-content\/uploads\/2025\/01\/Chiens-Inventaire-graphique-authentique-et-fictif.jpg","width":1016,"height":1394},{"@type":"BreadcrumbList","@id":"http:\/\/lechappeeclose.it\/boutique\/livres\/jeunesse\/elementaire\/chiens-inventaire-graphique-authentique-et-fictif\/#breadcrumb","itemListElement":[{"@type":"ListItem","position":1,"name":"Accueil","item":"https:\/\/lechappeeclose.it\/it\/"},{"@type":"ListItem","position":2,"name":"Boutique","item":"https:\/\/lechappeeclose.it\/it\/boutique\/"},{"@type":"ListItem","position":3,"name":"Chiens: Inventaire graphique authentique et fictif"}]},{"@type":"WebSite","@id":"https:\/\/lechappeeclose.it\/it\/#website","url":"https:\/\/lechappeeclose.it\/it\/","name":"l&#039;\u00e9chapp\u00e9e close","description":"La libreria francese di Milano","publisher":{"@id":"https:\/\/lechappeeclose.it\/it\/#organization"},"alternateName":"La librairie fran\u00e7aise de Milan","potentialAction":[{"@type":"SearchAction","target":{"@type":"EntryPoint","urlTemplate":"https:\/\/lechappeeclose.it\/it\/?s={search_term_string}"},"query-input":{"@type":"PropertyValueSpecification","valueRequired":true,"valueName":"search_term_string"}}],"inLanguage":"it-IT"},{"@type":"Organization","@id":"https:\/\/lechappeeclose.it\/it\/#organization","name":"l&#039;\u00e9chapp\u00e9e close","url":"https:\/\/lechappeeclose.it\/it\/","logo":{"@type":"ImageObject","inLanguage":"it-IT","@id":"https:\/\/lechappeeclose.it\/it\/#\/schema\/logo\/image\/","url":"http:\/\/lechappeeclose.it\/wp-content\/uploads\/2025\/02\/cropped-logo-rond.png","contentUrl":"http:\/\/lechappeeclose.it\/wp-content\/uploads\/2025\/02\/cropped-logo-rond.png","width":1080,"height":1080,"caption":"l&#039;\u00e9chapp\u00e9e close"},"image":{"@id":"https:\/\/lechappeeclose.it\/it\/#\/schema\/logo\/image\/"},"sameAs":["https:\/\/www.instagram.com\/lechappeeclose\/"]}]}},"_links":{"self":[{"href":"http:\/\/lechappeeclose.it\/it\/wp-json\/wp\/v2\/product\/2948","targetHints":{"allow":["GET"]}}],"collection":[{"href":"http:\/\/lechappeeclose.it\/it\/wp-json\/wp\/v2\/product"}],"about":[{"href":"http:\/\/lechappeeclose.it\/it\/wp-json\/wp\/v2\/types\/product"}],"replies":[{"embeddable":true,"href":"http:\/\/lechappeeclose.it\/it\/wp-json\/wp\/v2\/comments?post=2948"}],"wp:featuredmedia":[{"embeddable":true,"href":"http:\/\/lechappeeclose.it\/it\/wp-json\/wp\/v2\/media\/2947"}],"wp:attachment":[{"href":"http:\/\/lechappeeclose.it\/it\/wp-json\/wp\/v2\/media?parent=2948"}],"wp:term":[{"taxonomy":"product_brand","embeddable":true,"href":"http:\/\/lechappeeclose.it\/it\/wp-json\/wp\/v2\/product_brand?post=2948"},{"taxonomy":"product_cat","embeddable":true,"href":"http:\/\/lechappeeclose.it\/it\/wp-json\/wp\/v2\/product_cat?post=2948"},{"taxonomy":"product_tag","embeddable":true,"href":"http:\/\/lechappeeclose.it\/it\/wp-json\/wp\/v2\/product_tag?post=2948"}],"curies":[{"name":"wp","href":"https:\/\/api.w.org\/{rel}","templated":true}]}}