{"id":2896,"date":"2025-01-30T11:12:11","date_gmt":"2025-01-30T10:12:11","guid":{"rendered":"https:\/\/lechappeeclose.it\/produit\/belle-mediterranee\/"},"modified":"2026-01-30T12:51:05","modified_gmt":"2026-01-30T11:51:05","slug":"belle-mediterranee","status":"publish","type":"product","link":"http:\/\/lechappeeclose.it\/it\/boutique\/livres\/arts\/architecture\/belle-mediterranee\/","title":{"rendered":"Belle M\u00e9diterran\u00e9e"},"content":{"rendered":"<p>Chacun a en t\u00eate une image particuli\u00e8re de la ville m\u00e9diterran\u00e9enne. C&#8217;est, avant tout, une s\u00e9rie de sensations : le bleu intense du ciel, le scintillement de la mer, le balancement d&#8217;un pin, les linges qui s\u00e8chent aux fen\u00eatres, mais aussi la tonalit\u00e9 particuli\u00e8re du vent, le claquement des boules de p\u00e9tanque, les deux-roues trop bruyants, les conversations qui meurent tard dans la nuit, les odeurs qui envahissent la rue&#8230; Toutes ces impressions trouvent difficilement leur place dans un manuel d&#8217;urbanisme. Elles sont pourtant ce qui fait la singularit\u00e9 et la beaut\u00e9 de la ville m\u00e9diterran\u00e9enne. Bien au-del\u00e0 des d\u00e9coupages territoriaux et administratifs, les villes de l&#8217;arc m\u00e9diterran\u00e9en partagent, peu ou prou, une culture et des exp\u00e9riences communes. De G\u00eanes \u00e0 Barcelone en passant par Nice, Marseille et Montpellier, ces 10 millions d&#8217;habitants vivent dans un m\u00eame paysage, face \u00e0 la mer et le plus souvent adoss\u00e9 aux reliefs marqu\u00e9s de l&#8217;arri\u00e8re-pays. Ils sont baign\u00e9s par le m\u00eame climat qui cr\u00e9e des similarit\u00e9s dans les rythmes et les occupations journali\u00e8res. Sensual City Studio propose d&#8217;examiner cet ensemble urbain \u00e0 travers les usages, les sensations, les atmosph\u00e8res et souligne la n\u00e9cessit\u00e9 de r\u00e9introduire ces crit\u00e8res dits subjectifs dans l&#8217;\u00e9laboration de la strat\u00e9gie urbaine, \u00e9conomique et sociale de ce territoire. Il est urgent de donner une r\u00e9alit\u00e9 \u00e0 l&#8217;arc m\u00e9diterran\u00e9en, cette m\u00e9tropole vivante et innovante \u00e0 la pointe d&#8217;une \u00e9conomie urbaine durable, id\u00e9alement situ\u00e9e entre Europe et Afrique. Enrichi d&#8217;une contribution du g\u00e9ographe Michel Lussault, le livre Belle M\u00e9diterran\u00e9e, la m\u00e9tropole sensible dessine les outils pour une fa\u00e7on radicalement nouvelle d&#8217;am\u00e9nager la ville au XXIe si\u00e8cle.<\/p>","protected":false},"excerpt":{"rendered":"<p>Chacun a en t\u00eate une image particuli\u00e8re de la ville m\u00e9diterran\u00e9enne. C&#8217;est, avant tout, une s\u00e9rie de sensations : le bleu intense du ciel, le scintillement de la mer, le balancement d&#8217;un pin, les linges qui s\u00e8chent aux fen\u00eatres, mais aussi la tonalit\u00e9 particuli\u00e8re du vent, le claquement des boules de p\u00e9tanque, les deux-roues trop [&hellip;]<\/p>","protected":false},"featured_media":2895,"comment_status":"open","ping_status":"closed","template":"","meta":[],"product_brand":[],"product_cat":[37],"product_tag":[],"class_list":{"0":"post-2896","1":"product","2":"type-product","3":"status-publish","4":"has-post-thumbnail","6":"product_cat-architecture","8":"first","9":"onbackorder","10":"taxable","11":"shipping-taxable","12":"purchasable","13":"product-type-simple"},"yoast_head":"<!-- This site is optimized with the Yoast SEO plugin v27.5 - https:\/\/yoast.com\/product\/yoast-seo-wordpress\/ -->\n<title>Belle M\u00e9diterran\u00e9e - l&#039;\u00e9chapp\u00e9e close<\/title>\n<meta name=\"robots\" content=\"index, follow, max-snippet:-1, max-image-preview:large, max-video-preview:-1\" \/>\n<link rel=\"canonical\" href=\"http:\/\/lechappeeclose.it\/it\/boutique\/livres\/arts\/architecture\/belle-mediterranee\/\" \/>\n<meta property=\"og:locale\" content=\"it_IT\" \/>\n<meta property=\"og:type\" content=\"article\" \/>\n<meta property=\"og:title\" content=\"Belle M\u00e9diterran\u00e9e - l&#039;\u00e9chapp\u00e9e close\" \/>\n<meta property=\"og:description\" content=\"Chacun a en t\u00eate une image particuli\u00e8re de la ville m\u00e9diterran\u00e9enne. C&#8217;est, avant tout, une s\u00e9rie de sensations : le bleu intense du ciel, le scintillement de la mer, le balancement d&#8217;un pin, les linges qui s\u00e8chent aux fen\u00eatres, mais aussi la tonalit\u00e9 particuli\u00e8re du vent, le claquement des boules de p\u00e9tanque, les deux-roues trop [&hellip;]\" \/>\n<meta property=\"og:url\" content=\"http:\/\/lechappeeclose.it\/it\/boutique\/livres\/arts\/architecture\/belle-mediterranee\/\" \/>\n<meta property=\"og:site_name\" content=\"l&#039;\u00e9chapp\u00e9e close\" \/>\n<meta property=\"article:modified_time\" content=\"2026-01-30T11:51:05+00:00\" \/>\n<meta property=\"og:image\" content=\"http:\/\/lechappeeclose.it\/wp-content\/uploads\/2025\/01\/Belle-Mediterranee.jpg\" \/>\n\t<meta property=\"og:image:width\" content=\"375\" \/>\n\t<meta property=\"og:image:height\" content=\"500\" \/>\n\t<meta property=\"og:image:type\" content=\"image\/jpeg\" \/>\n<meta name=\"twitter:card\" content=\"summary_large_image\" \/>\n<meta name=\"twitter:label1\" content=\"Tempo di lettura stimato\" \/>\n\t<meta name=\"twitter:data1\" content=\"2 minuti\" \/>\n<script type=\"application\/ld+json\" class=\"yoast-schema-graph\">{\"@context\":\"https:\\\/\\\/schema.org\",\"@graph\":[{\"@type\":\"WebPage\",\"@id\":\"http:\\\/\\\/lechappeeclose.it\\\/boutique\\\/livres\\\/arts\\\/architecture\\\/belle-mediterranee\\\/\",\"url\":\"http:\\\/\\\/lechappeeclose.it\\\/boutique\\\/livres\\\/arts\\\/architecture\\\/belle-mediterranee\\\/\",\"name\":\"Belle M\u00e9diterran\u00e9e - l&#039;\u00e9chapp\u00e9e close\",\"isPartOf\":{\"@id\":\"http:\\\/\\\/lechappeeclose.it\\\/it\\\/#website\"},\"primaryImageOfPage\":{\"@id\":\"http:\\\/\\\/lechappeeclose.it\\\/boutique\\\/livres\\\/arts\\\/architecture\\\/belle-mediterranee\\\/#primaryimage\"},\"image\":{\"@id\":\"http:\\\/\\\/lechappeeclose.it\\\/boutique\\\/livres\\\/arts\\\/architecture\\\/belle-mediterranee\\\/#primaryimage\"},\"thumbnailUrl\":\"http:\\\/\\\/lechappeeclose.it\\\/wp-content\\\/uploads\\\/2025\\\/01\\\/Belle-Mediterranee.jpg\",\"datePublished\":\"2025-01-30T10:12:11+00:00\",\"dateModified\":\"2026-01-30T11:51:05+00:00\",\"breadcrumb\":{\"@id\":\"http:\\\/\\\/lechappeeclose.it\\\/boutique\\\/livres\\\/arts\\\/architecture\\\/belle-mediterranee\\\/#breadcrumb\"},\"inLanguage\":\"it-IT\",\"potentialAction\":[{\"@type\":\"ReadAction\",\"target\":[\"http:\\\/\\\/lechappeeclose.it\\\/boutique\\\/livres\\\/arts\\\/architecture\\\/belle-mediterranee\\\/\"]}]},{\"@type\":\"ImageObject\",\"inLanguage\":\"it-IT\",\"@id\":\"http:\\\/\\\/lechappeeclose.it\\\/boutique\\\/livres\\\/arts\\\/architecture\\\/belle-mediterranee\\\/#primaryimage\",\"url\":\"http:\\\/\\\/lechappeeclose.it\\\/wp-content\\\/uploads\\\/2025\\\/01\\\/Belle-Mediterranee.jpg\",\"contentUrl\":\"http:\\\/\\\/lechappeeclose.it\\\/wp-content\\\/uploads\\\/2025\\\/01\\\/Belle-Mediterranee.jpg\",\"width\":375,\"height\":500},{\"@type\":\"BreadcrumbList\",\"@id\":\"http:\\\/\\\/lechappeeclose.it\\\/boutique\\\/livres\\\/arts\\\/architecture\\\/belle-mediterranee\\\/#breadcrumb\",\"itemListElement\":[{\"@type\":\"ListItem\",\"position\":1,\"name\":\"Accueil\",\"item\":\"http:\\\/\\\/lechappeeclose.it\\\/it\\\/\"},{\"@type\":\"ListItem\",\"position\":2,\"name\":\"Boutique\",\"item\":\"http:\\\/\\\/lechappeeclose.it\\\/it\\\/boutique\\\/\"},{\"@type\":\"ListItem\",\"position\":3,\"name\":\"Belle M\u00e9diterran\u00e9e\"}]},{\"@type\":\"WebSite\",\"@id\":\"http:\\\/\\\/lechappeeclose.it\\\/it\\\/#website\",\"url\":\"http:\\\/\\\/lechappeeclose.it\\\/it\\\/\",\"name\":\"l&#039;\u00e9chapp\u00e9e close\",\"description\":\"la librairie fran\u00e7aise de Milan\",\"publisher\":{\"@id\":\"http:\\\/\\\/lechappeeclose.it\\\/it\\\/#organization\"},\"alternateName\":\"La librairie fran\u00e7aise de Milan\",\"potentialAction\":[{\"@type\":\"SearchAction\",\"target\":{\"@type\":\"EntryPoint\",\"urlTemplate\":\"http:\\\/\\\/lechappeeclose.it\\\/it\\\/?s={search_term_string}\"},\"query-input\":{\"@type\":\"PropertyValueSpecification\",\"valueRequired\":true,\"valueName\":\"search_term_string\"}}],\"inLanguage\":\"it-IT\"},{\"@type\":\"Organization\",\"@id\":\"http:\\\/\\\/lechappeeclose.it\\\/it\\\/#organization\",\"name\":\"l&#039;\u00e9chapp\u00e9e close\",\"url\":\"http:\\\/\\\/lechappeeclose.it\\\/it\\\/\",\"logo\":{\"@type\":\"ImageObject\",\"inLanguage\":\"it-IT\",\"@id\":\"http:\\\/\\\/lechappeeclose.it\\\/it\\\/#\\\/schema\\\/logo\\\/image\\\/\",\"url\":\"http:\\\/\\\/lechappeeclose.it\\\/wp-content\\\/uploads\\\/2025\\\/02\\\/cropped-logo-rond.png\",\"contentUrl\":\"http:\\\/\\\/lechappeeclose.it\\\/wp-content\\\/uploads\\\/2025\\\/02\\\/cropped-logo-rond.png\",\"width\":1080,\"height\":1080,\"caption\":\"l&#039;\u00e9chapp\u00e9e close\"},\"image\":{\"@id\":\"http:\\\/\\\/lechappeeclose.it\\\/it\\\/#\\\/schema\\\/logo\\\/image\\\/\"},\"sameAs\":[\"https:\\\/\\\/www.instagram.com\\\/lechappeeclose\\\/\"]}]}<\/script>\n<!-- \/ Yoast SEO plugin. -->","yoast_head_json":{"title":"Belle M\u00e9diterran\u00e9e - l&#039;\u00e9chapp\u00e9e close","robots":{"index":"index","follow":"follow","max-snippet":"max-snippet:-1","max-image-preview":"max-image-preview:large","max-video-preview":"max-video-preview:-1"},"canonical":"http:\/\/lechappeeclose.it\/it\/boutique\/livres\/arts\/architecture\/belle-mediterranee\/","og_locale":"it_IT","og_type":"article","og_title":"Belle M\u00e9diterran\u00e9e - l&#039;\u00e9chapp\u00e9e close","og_description":"Chacun a en t\u00eate une image particuli\u00e8re de la ville m\u00e9diterran\u00e9enne. C&#8217;est, avant tout, une s\u00e9rie de sensations : le bleu intense du ciel, le scintillement de la mer, le balancement d&#8217;un pin, les linges qui s\u00e8chent aux fen\u00eatres, mais aussi la tonalit\u00e9 particuli\u00e8re du vent, le claquement des boules de p\u00e9tanque, les deux-roues trop [&hellip;]","og_url":"http:\/\/lechappeeclose.it\/it\/boutique\/livres\/arts\/architecture\/belle-mediterranee\/","og_site_name":"l&#039;\u00e9chapp\u00e9e close","article_modified_time":"2026-01-30T11:51:05+00:00","og_image":[{"width":375,"height":500,"url":"http:\/\/lechappeeclose.it\/wp-content\/uploads\/2025\/01\/Belle-Mediterranee.jpg","type":"image\/jpeg"}],"twitter_card":"summary_large_image","twitter_misc":{"Tempo di lettura stimato":"2 minuti"},"schema":{"@context":"https:\/\/schema.org","@graph":[{"@type":"WebPage","@id":"http:\/\/lechappeeclose.it\/boutique\/livres\/arts\/architecture\/belle-mediterranee\/","url":"http:\/\/lechappeeclose.it\/boutique\/livres\/arts\/architecture\/belle-mediterranee\/","name":"Belle M\u00e9diterran\u00e9e - l&#039;\u00e9chapp\u00e9e close","isPartOf":{"@id":"http:\/\/lechappeeclose.it\/it\/#website"},"primaryImageOfPage":{"@id":"http:\/\/lechappeeclose.it\/boutique\/livres\/arts\/architecture\/belle-mediterranee\/#primaryimage"},"image":{"@id":"http:\/\/lechappeeclose.it\/boutique\/livres\/arts\/architecture\/belle-mediterranee\/#primaryimage"},"thumbnailUrl":"http:\/\/lechappeeclose.it\/wp-content\/uploads\/2025\/01\/Belle-Mediterranee.jpg","datePublished":"2025-01-30T10:12:11+00:00","dateModified":"2026-01-30T11:51:05+00:00","breadcrumb":{"@id":"http:\/\/lechappeeclose.it\/boutique\/livres\/arts\/architecture\/belle-mediterranee\/#breadcrumb"},"inLanguage":"it-IT","potentialAction":[{"@type":"ReadAction","target":["http:\/\/lechappeeclose.it\/boutique\/livres\/arts\/architecture\/belle-mediterranee\/"]}]},{"@type":"ImageObject","inLanguage":"it-IT","@id":"http:\/\/lechappeeclose.it\/boutique\/livres\/arts\/architecture\/belle-mediterranee\/#primaryimage","url":"http:\/\/lechappeeclose.it\/wp-content\/uploads\/2025\/01\/Belle-Mediterranee.jpg","contentUrl":"http:\/\/lechappeeclose.it\/wp-content\/uploads\/2025\/01\/Belle-Mediterranee.jpg","width":375,"height":500},{"@type":"BreadcrumbList","@id":"http:\/\/lechappeeclose.it\/boutique\/livres\/arts\/architecture\/belle-mediterranee\/#breadcrumb","itemListElement":[{"@type":"ListItem","position":1,"name":"Accueil","item":"http:\/\/lechappeeclose.it\/it\/"},{"@type":"ListItem","position":2,"name":"Boutique","item":"http:\/\/lechappeeclose.it\/it\/boutique\/"},{"@type":"ListItem","position":3,"name":"Belle M\u00e9diterran\u00e9e"}]},{"@type":"WebSite","@id":"http:\/\/lechappeeclose.it\/it\/#website","url":"http:\/\/lechappeeclose.it\/it\/","name":"l&#039;\u00e9chapp\u00e9e close","description":"La libreria francese di Milano","publisher":{"@id":"http:\/\/lechappeeclose.it\/it\/#organization"},"alternateName":"La librairie fran\u00e7aise de Milan","potentialAction":[{"@type":"SearchAction","target":{"@type":"EntryPoint","urlTemplate":"http:\/\/lechappeeclose.it\/it\/?s={search_term_string}"},"query-input":{"@type":"PropertyValueSpecification","valueRequired":true,"valueName":"search_term_string"}}],"inLanguage":"it-IT"},{"@type":"Organization","@id":"http:\/\/lechappeeclose.it\/it\/#organization","name":"l&#039;\u00e9chapp\u00e9e close","url":"http:\/\/lechappeeclose.it\/it\/","logo":{"@type":"ImageObject","inLanguage":"it-IT","@id":"http:\/\/lechappeeclose.it\/it\/#\/schema\/logo\/image\/","url":"http:\/\/lechappeeclose.it\/wp-content\/uploads\/2025\/02\/cropped-logo-rond.png","contentUrl":"http:\/\/lechappeeclose.it\/wp-content\/uploads\/2025\/02\/cropped-logo-rond.png","width":1080,"height":1080,"caption":"l&#039;\u00e9chapp\u00e9e close"},"image":{"@id":"http:\/\/lechappeeclose.it\/it\/#\/schema\/logo\/image\/"},"sameAs":["https:\/\/www.instagram.com\/lechappeeclose\/"]}]}},"_links":{"self":[{"href":"http:\/\/lechappeeclose.it\/it\/wp-json\/wp\/v2\/product\/2896","targetHints":{"allow":["GET"]}}],"collection":[{"href":"http:\/\/lechappeeclose.it\/it\/wp-json\/wp\/v2\/product"}],"about":[{"href":"http:\/\/lechappeeclose.it\/it\/wp-json\/wp\/v2\/types\/product"}],"replies":[{"embeddable":true,"href":"http:\/\/lechappeeclose.it\/it\/wp-json\/wp\/v2\/comments?post=2896"}],"wp:featuredmedia":[{"embeddable":true,"href":"http:\/\/lechappeeclose.it\/it\/wp-json\/wp\/v2\/media\/2895"}],"wp:attachment":[{"href":"http:\/\/lechappeeclose.it\/it\/wp-json\/wp\/v2\/media?parent=2896"}],"wp:term":[{"taxonomy":"product_brand","embeddable":true,"href":"http:\/\/lechappeeclose.it\/it\/wp-json\/wp\/v2\/product_brand?post=2896"},{"taxonomy":"product_cat","embeddable":true,"href":"http:\/\/lechappeeclose.it\/it\/wp-json\/wp\/v2\/product_cat?post=2896"},{"taxonomy":"product_tag","embeddable":true,"href":"http:\/\/lechappeeclose.it\/it\/wp-json\/wp\/v2\/product_tag?post=2896"}],"curies":[{"name":"wp","href":"https:\/\/api.w.org\/{rel}","templated":true}]}}