{"id":2862,"date":"2025-01-29T18:25:36","date_gmt":"2025-01-29T17:25:36","guid":{"rendered":"https:\/\/lechappeeclose.it\/produit\/la-glass-house-de-serguei-eisenstein\/"},"modified":"2025-01-29T18:25:36","modified_gmt":"2025-01-29T17:25:36","slug":"la-glass-house-de-serguei-eisenstein","status":"publish","type":"product","link":"http:\/\/lechappeeclose.it\/it\/boutique\/livres\/arts\/architecture\/la-glass-house-de-serguei-eisenstein\/","title":{"rendered":"La glass house de Serguei Eisenstein"},"content":{"rendered":"<p>H\u00e9ritier des contreplong\u00e9es spiral\u00e9es du Monument \u00e0 la IIIe Internationale de Tatline (1919-1920) et contemporain de la cr\u00e9ativit\u00e9 filmique d&#8217;Octobre (1927), de La Ligne g\u00e9n\u00e9rale (1929) et de deux projets inachev\u00e9s, Capital (1927-1928) et Glass House (1926-1930), ce dernier aurait d\u00fb mettre en abyme l&#8217;Architecture et le Cin\u00e9ma. Fils de l&#8217;architecte Mikha\u00efl Eisenstein (1867-1920),0Sergue\u00ef Eisenstein (1898-1948) r\u00e9invente la transparence de l?\u00b1 espace cin\u00e9matographique? (le tournage d&#8217;int\u00e9rieurs, la pellicule, la projection). Mais comme constructiviste et homme de th\u00e9\u00e2tre, il entendait \u00e9galement sc\u00e9nariser la dystopie capitaliste par le biais d?une transformation sociale inspir\u00e9e par les tours de verre de Mies van der Rohe et Frank Lloyd Wright.<\/p>","protected":false},"excerpt":{"rendered":"<p>H\u00e9ritier des contreplong\u00e9es spiral\u00e9es du Monument \u00e0 la IIIe Internationale de Tatline (1919-1920) et contemporain de la cr\u00e9ativit\u00e9 filmique d&#8217;Octobre (1927), de La Ligne g\u00e9n\u00e9rale (1929) et de deux projets inachev\u00e9s, Capital (1927-1928) et Glass House (1926-1930), ce dernier aurait d\u00fb mettre en abyme l&#8217;Architecture et le Cin\u00e9ma. Fils de l&#8217;architecte Mikha\u00efl Eisenstein (1867-1920),0Sergue\u00ef Eisenstein [&hellip;]<\/p>","protected":false},"featured_media":2861,"comment_status":"open","ping_status":"closed","template":"","meta":[],"product_brand":[],"product_cat":[37],"product_tag":[],"class_list":{"0":"post-2862","1":"product","2":"type-product","3":"status-publish","4":"has-post-thumbnail","6":"product_cat-architecture","8":"first","9":"instock","10":"taxable","11":"shipping-taxable","12":"purchasable","13":"product-type-simple"},"yoast_head":"<!-- This site is optimized with the Yoast SEO plugin v27.4 - https:\/\/yoast.com\/product\/yoast-seo-wordpress\/ -->\n<title>La glass house de Serguei Eisenstein - l&#039;\u00e9chapp\u00e9e close<\/title>\n<meta name=\"robots\" content=\"index, follow, max-snippet:-1, max-image-preview:large, max-video-preview:-1\" \/>\n<link rel=\"canonical\" href=\"http:\/\/lechappeeclose.it\/it\/boutique\/livres\/arts\/architecture\/la-glass-house-de-serguei-eisenstein\/\" \/>\n<meta property=\"og:locale\" content=\"it_IT\" \/>\n<meta property=\"og:type\" content=\"article\" \/>\n<meta property=\"og:title\" content=\"La glass house de Serguei Eisenstein - l&#039;\u00e9chapp\u00e9e close\" \/>\n<meta property=\"og:description\" content=\"H\u00e9ritier des contreplong\u00e9es spiral\u00e9es du Monument \u00e0 la IIIe Internationale de Tatline (1919-1920) et contemporain de la cr\u00e9ativit\u00e9 filmique d&#8217;Octobre (1927), de La Ligne g\u00e9n\u00e9rale (1929) et de deux projets inachev\u00e9s, Capital (1927-1928) et Glass House (1926-1930), ce dernier aurait d\u00fb mettre en abyme l&#8217;Architecture et le Cin\u00e9ma. Fils de l&#8217;architecte Mikha\u00efl Eisenstein (1867-1920),0Sergue\u00ef Eisenstein [&hellip;]\" \/>\n<meta property=\"og:url\" content=\"http:\/\/lechappeeclose.it\/it\/boutique\/livres\/arts\/architecture\/la-glass-house-de-serguei-eisenstein\/\" \/>\n<meta property=\"og:site_name\" content=\"l&#039;\u00e9chapp\u00e9e close\" \/>\n<meta property=\"og:image\" content=\"http:\/\/lechappeeclose.it\/wp-content\/uploads\/2025\/01\/La-glass-house-de-Serguei-Eisenstein.jpg\" \/>\n\t<meta property=\"og:image:width\" content=\"333\" \/>\n\t<meta property=\"og:image:height\" content=\"500\" \/>\n\t<meta property=\"og:image:type\" content=\"image\/jpeg\" \/>\n<meta name=\"twitter:card\" content=\"summary_large_image\" \/>\n<meta name=\"twitter:label1\" content=\"Tempo di lettura stimato\" \/>\n\t<meta name=\"twitter:data1\" content=\"1 minuto\" \/>\n<script type=\"application\/ld+json\" class=\"yoast-schema-graph\">{\"@context\":\"https:\\\/\\\/schema.org\",\"@graph\":[{\"@type\":\"WebPage\",\"@id\":\"http:\\\/\\\/lechappeeclose.it\\\/boutique\\\/livres\\\/arts\\\/architecture\\\/la-glass-house-de-serguei-eisenstein\\\/\",\"url\":\"http:\\\/\\\/lechappeeclose.it\\\/boutique\\\/livres\\\/arts\\\/architecture\\\/la-glass-house-de-serguei-eisenstein\\\/\",\"name\":\"La glass house de Serguei Eisenstein - l&#039;\u00e9chapp\u00e9e close\",\"isPartOf\":{\"@id\":\"http:\\\/\\\/lechappeeclose.it\\\/#website\"},\"primaryImageOfPage\":{\"@id\":\"http:\\\/\\\/lechappeeclose.it\\\/boutique\\\/livres\\\/arts\\\/architecture\\\/la-glass-house-de-serguei-eisenstein\\\/#primaryimage\"},\"image\":{\"@id\":\"http:\\\/\\\/lechappeeclose.it\\\/boutique\\\/livres\\\/arts\\\/architecture\\\/la-glass-house-de-serguei-eisenstein\\\/#primaryimage\"},\"thumbnailUrl\":\"http:\\\/\\\/lechappeeclose.it\\\/wp-content\\\/uploads\\\/2025\\\/01\\\/La-glass-house-de-Serguei-Eisenstein.jpg\",\"datePublished\":\"2025-01-29T17:25:36+00:00\",\"breadcrumb\":{\"@id\":\"http:\\\/\\\/lechappeeclose.it\\\/boutique\\\/livres\\\/arts\\\/architecture\\\/la-glass-house-de-serguei-eisenstein\\\/#breadcrumb\"},\"inLanguage\":\"it-IT\",\"potentialAction\":[{\"@type\":\"ReadAction\",\"target\":[\"http:\\\/\\\/lechappeeclose.it\\\/boutique\\\/livres\\\/arts\\\/architecture\\\/la-glass-house-de-serguei-eisenstein\\\/\"]}]},{\"@type\":\"ImageObject\",\"inLanguage\":\"it-IT\",\"@id\":\"http:\\\/\\\/lechappeeclose.it\\\/boutique\\\/livres\\\/arts\\\/architecture\\\/la-glass-house-de-serguei-eisenstein\\\/#primaryimage\",\"url\":\"http:\\\/\\\/lechappeeclose.it\\\/wp-content\\\/uploads\\\/2025\\\/01\\\/La-glass-house-de-Serguei-Eisenstein.jpg\",\"contentUrl\":\"http:\\\/\\\/lechappeeclose.it\\\/wp-content\\\/uploads\\\/2025\\\/01\\\/La-glass-house-de-Serguei-Eisenstein.jpg\",\"width\":333,\"height\":500},{\"@type\":\"BreadcrumbList\",\"@id\":\"http:\\\/\\\/lechappeeclose.it\\\/boutique\\\/livres\\\/arts\\\/architecture\\\/la-glass-house-de-serguei-eisenstein\\\/#breadcrumb\",\"itemListElement\":[{\"@type\":\"ListItem\",\"position\":1,\"name\":\"Accueil\",\"item\":\"http:\\\/\\\/lechappeeclose.it\\\/\"},{\"@type\":\"ListItem\",\"position\":2,\"name\":\"Boutique\",\"item\":\"http:\\\/\\\/lechappeeclose.it\\\/it\\\/boutique\\\/\"},{\"@type\":\"ListItem\",\"position\":3,\"name\":\"La glass house de Serguei Eisenstein\"}]},{\"@type\":\"WebSite\",\"@id\":\"http:\\\/\\\/lechappeeclose.it\\\/#website\",\"url\":\"http:\\\/\\\/lechappeeclose.it\\\/\",\"name\":\"l&#039;\u00e9chapp\u00e9e close\",\"description\":\"la librairie fran\u00e7aise de Milan\",\"publisher\":{\"@id\":\"http:\\\/\\\/lechappeeclose.it\\\/#organization\"},\"alternateName\":\"La librairie fran\u00e7aise de Milan\",\"potentialAction\":[{\"@type\":\"SearchAction\",\"target\":{\"@type\":\"EntryPoint\",\"urlTemplate\":\"http:\\\/\\\/lechappeeclose.it\\\/?s={search_term_string}\"},\"query-input\":{\"@type\":\"PropertyValueSpecification\",\"valueRequired\":true,\"valueName\":\"search_term_string\"}}],\"inLanguage\":\"it-IT\"},{\"@type\":\"Organization\",\"@id\":\"http:\\\/\\\/lechappeeclose.it\\\/#organization\",\"name\":\"l&#039;\u00e9chapp\u00e9e close\",\"url\":\"http:\\\/\\\/lechappeeclose.it\\\/\",\"logo\":{\"@type\":\"ImageObject\",\"inLanguage\":\"it-IT\",\"@id\":\"http:\\\/\\\/lechappeeclose.it\\\/#\\\/schema\\\/logo\\\/image\\\/\",\"url\":\"http:\\\/\\\/lechappeeclose.it\\\/wp-content\\\/uploads\\\/2025\\\/02\\\/cropped-logo-rond.png\",\"contentUrl\":\"http:\\\/\\\/lechappeeclose.it\\\/wp-content\\\/uploads\\\/2025\\\/02\\\/cropped-logo-rond.png\",\"width\":1080,\"height\":1080,\"caption\":\"l&#039;\u00e9chapp\u00e9e close\"},\"image\":{\"@id\":\"http:\\\/\\\/lechappeeclose.it\\\/#\\\/schema\\\/logo\\\/image\\\/\"},\"sameAs\":[\"https:\\\/\\\/www.instagram.com\\\/lechappeeclose\\\/\"]}]}<\/script>\n<!-- \/ Yoast SEO plugin. -->","yoast_head_json":{"title":"La glass house de Serguei Eisenstein - l&#039;\u00e9chapp\u00e9e close","robots":{"index":"index","follow":"follow","max-snippet":"max-snippet:-1","max-image-preview":"max-image-preview:large","max-video-preview":"max-video-preview:-1"},"canonical":"http:\/\/lechappeeclose.it\/it\/boutique\/livres\/arts\/architecture\/la-glass-house-de-serguei-eisenstein\/","og_locale":"it_IT","og_type":"article","og_title":"La glass house de Serguei Eisenstein - l&#039;\u00e9chapp\u00e9e close","og_description":"H\u00e9ritier des contreplong\u00e9es spiral\u00e9es du Monument \u00e0 la IIIe Internationale de Tatline (1919-1920) et contemporain de la cr\u00e9ativit\u00e9 filmique d&#8217;Octobre (1927), de La Ligne g\u00e9n\u00e9rale (1929) et de deux projets inachev\u00e9s, Capital (1927-1928) et Glass House (1926-1930), ce dernier aurait d\u00fb mettre en abyme l&#8217;Architecture et le Cin\u00e9ma. Fils de l&#8217;architecte Mikha\u00efl Eisenstein (1867-1920),0Sergue\u00ef Eisenstein [&hellip;]","og_url":"http:\/\/lechappeeclose.it\/it\/boutique\/livres\/arts\/architecture\/la-glass-house-de-serguei-eisenstein\/","og_site_name":"l&#039;\u00e9chapp\u00e9e close","og_image":[{"width":333,"height":500,"url":"http:\/\/lechappeeclose.it\/wp-content\/uploads\/2025\/01\/La-glass-house-de-Serguei-Eisenstein.jpg","type":"image\/jpeg"}],"twitter_card":"summary_large_image","twitter_misc":{"Tempo di lettura stimato":"1 minuto"},"schema":{"@context":"https:\/\/schema.org","@graph":[{"@type":"WebPage","@id":"http:\/\/lechappeeclose.it\/boutique\/livres\/arts\/architecture\/la-glass-house-de-serguei-eisenstein\/","url":"http:\/\/lechappeeclose.it\/boutique\/livres\/arts\/architecture\/la-glass-house-de-serguei-eisenstein\/","name":"La glass house de Serguei Eisenstein - l&#039;\u00e9chapp\u00e9e close","isPartOf":{"@id":"http:\/\/lechappeeclose.it\/#website"},"primaryImageOfPage":{"@id":"http:\/\/lechappeeclose.it\/boutique\/livres\/arts\/architecture\/la-glass-house-de-serguei-eisenstein\/#primaryimage"},"image":{"@id":"http:\/\/lechappeeclose.it\/boutique\/livres\/arts\/architecture\/la-glass-house-de-serguei-eisenstein\/#primaryimage"},"thumbnailUrl":"http:\/\/lechappeeclose.it\/wp-content\/uploads\/2025\/01\/La-glass-house-de-Serguei-Eisenstein.jpg","datePublished":"2025-01-29T17:25:36+00:00","breadcrumb":{"@id":"http:\/\/lechappeeclose.it\/boutique\/livres\/arts\/architecture\/la-glass-house-de-serguei-eisenstein\/#breadcrumb"},"inLanguage":"it-IT","potentialAction":[{"@type":"ReadAction","target":["http:\/\/lechappeeclose.it\/boutique\/livres\/arts\/architecture\/la-glass-house-de-serguei-eisenstein\/"]}]},{"@type":"ImageObject","inLanguage":"it-IT","@id":"http:\/\/lechappeeclose.it\/boutique\/livres\/arts\/architecture\/la-glass-house-de-serguei-eisenstein\/#primaryimage","url":"http:\/\/lechappeeclose.it\/wp-content\/uploads\/2025\/01\/La-glass-house-de-Serguei-Eisenstein.jpg","contentUrl":"http:\/\/lechappeeclose.it\/wp-content\/uploads\/2025\/01\/La-glass-house-de-Serguei-Eisenstein.jpg","width":333,"height":500},{"@type":"BreadcrumbList","@id":"http:\/\/lechappeeclose.it\/boutique\/livres\/arts\/architecture\/la-glass-house-de-serguei-eisenstein\/#breadcrumb","itemListElement":[{"@type":"ListItem","position":1,"name":"Accueil","item":"http:\/\/lechappeeclose.it\/"},{"@type":"ListItem","position":2,"name":"Boutique","item":"http:\/\/lechappeeclose.it\/it\/boutique\/"},{"@type":"ListItem","position":3,"name":"La glass house de Serguei Eisenstein"}]},{"@type":"WebSite","@id":"http:\/\/lechappeeclose.it\/#website","url":"http:\/\/lechappeeclose.it\/","name":"l&#039;\u00e9chapp\u00e9e close","description":"La libreria francese di Milano","publisher":{"@id":"http:\/\/lechappeeclose.it\/#organization"},"alternateName":"La librairie fran\u00e7aise de Milan","potentialAction":[{"@type":"SearchAction","target":{"@type":"EntryPoint","urlTemplate":"http:\/\/lechappeeclose.it\/?s={search_term_string}"},"query-input":{"@type":"PropertyValueSpecification","valueRequired":true,"valueName":"search_term_string"}}],"inLanguage":"it-IT"},{"@type":"Organization","@id":"http:\/\/lechappeeclose.it\/#organization","name":"l&#039;\u00e9chapp\u00e9e close","url":"http:\/\/lechappeeclose.it\/","logo":{"@type":"ImageObject","inLanguage":"it-IT","@id":"http:\/\/lechappeeclose.it\/#\/schema\/logo\/image\/","url":"http:\/\/lechappeeclose.it\/wp-content\/uploads\/2025\/02\/cropped-logo-rond.png","contentUrl":"http:\/\/lechappeeclose.it\/wp-content\/uploads\/2025\/02\/cropped-logo-rond.png","width":1080,"height":1080,"caption":"l&#039;\u00e9chapp\u00e9e close"},"image":{"@id":"http:\/\/lechappeeclose.it\/#\/schema\/logo\/image\/"},"sameAs":["https:\/\/www.instagram.com\/lechappeeclose\/"]}]}},"_links":{"self":[{"href":"http:\/\/lechappeeclose.it\/it\/wp-json\/wp\/v2\/product\/2862","targetHints":{"allow":["GET"]}}],"collection":[{"href":"http:\/\/lechappeeclose.it\/it\/wp-json\/wp\/v2\/product"}],"about":[{"href":"http:\/\/lechappeeclose.it\/it\/wp-json\/wp\/v2\/types\/product"}],"replies":[{"embeddable":true,"href":"http:\/\/lechappeeclose.it\/it\/wp-json\/wp\/v2\/comments?post=2862"}],"wp:featuredmedia":[{"embeddable":true,"href":"http:\/\/lechappeeclose.it\/it\/wp-json\/wp\/v2\/media\/2861"}],"wp:attachment":[{"href":"http:\/\/lechappeeclose.it\/it\/wp-json\/wp\/v2\/media?parent=2862"}],"wp:term":[{"taxonomy":"product_brand","embeddable":true,"href":"http:\/\/lechappeeclose.it\/it\/wp-json\/wp\/v2\/product_brand?post=2862"},{"taxonomy":"product_cat","embeddable":true,"href":"http:\/\/lechappeeclose.it\/it\/wp-json\/wp\/v2\/product_cat?post=2862"},{"taxonomy":"product_tag","embeddable":true,"href":"http:\/\/lechappeeclose.it\/it\/wp-json\/wp\/v2\/product_tag?post=2862"}],"curies":[{"name":"wp","href":"https:\/\/api.w.org\/{rel}","templated":true}]}}