{"id":2853,"date":"2025-01-29T18:23:27","date_gmt":"2025-01-29T17:23:27","guid":{"rendered":"https:\/\/lechappeeclose.it\/produit\/le-tour-des-materiaux-dune-maison-ecologique\/"},"modified":"2025-01-29T18:23:27","modified_gmt":"2025-01-29T17:23:27","slug":"le-tour-des-materiaux-dune-maison-ecologique","status":"publish","type":"product","link":"http:\/\/lechappeeclose.it\/it\/boutique\/livres\/arts\/architecture\/le-tour-des-materiaux-dune-maison-ecologique\/","title":{"rendered":"Le tour des mat\u00e9riaux d&#8217;une maison \u00e9cologique"},"content":{"rendered":"<p>\u00c9cor\u00e9nover une maison en ruine avec 0% de b\u00e9ton, 0% plastique et presque 100% de mat\u00e9riaux naturels provenant d&#8217;un rayon de moins de 100km, voil\u00e0 le d\u00e9fi que s&#8217;est lanc\u00e9 Anatomies d&#8217;Architecture, une coop\u00e9rative cr\u00e9\u00e9e par trois jeunes architectes et un anthropologue, en partenariat avec les propri\u00e9taires des lieux. Le Tour des mat\u00e9riaux d&#8217;une maison \u00e9cologique raconte ainsi l&#8217;aventure d&#8217;un chantier unique en son genre en s&#8217;attachant aux nombreux acteurs qui ont permis sa r\u00e9alisation gr\u00e2ce \u00e0 leur engagement et leurs savoir-faire. Mais les v\u00e9ritables h\u00e9ros de ce r\u00e9cit sont bien les mat\u00e9riaux \u00e9cologiques ayant servi \u00e0 la r\u00e9novation qui sont ici d\u00e9crits en d\u00e9tail, de leur lieu de production ultra local jusqu&#8217;\u00e0 celui de leur mise en oeuvre. Isolation en chanvre, enduits de terre, colombages en bois local, r\u00e9emploi de vieilles briques anciennes, bouchons de li\u00e8ge recycl\u00e9s, fondations sur pieux de robinier&#8230; ce livre, richement illustr\u00e9 (dessins, photos, vid\u00e9os&#8230;) pr\u00e9sente des techniques constructives avec des mat\u00e9riaux biosourc\u00e9s, g\u00e9osourc\u00e9s et de r\u00e9emploi pour d\u00e9carboner nos constructions, et donne \u00e9galement des clefs pour s&#8217;approprier cette d\u00e9marche afin de pouvoir la r\u00e9pliquer partout en France. Une exp\u00e9rience in\u00e9dite pour d\u00e9montrer qu&#8217;une petite habitation de 83 m2 peut s&#8217;affirmer en contre-mod\u00e8le \u00e9cologique cr\u00e9dible face \u00e0 la gigantesque machinerie hyperpolluante du b\u00e2timent industriel mondialis\u00e9 !<\/p>","protected":false},"excerpt":{"rendered":"<p>\u00c9cor\u00e9nover une maison en ruine avec 0% de b\u00e9ton, 0% plastique et presque 100% de mat\u00e9riaux naturels provenant d&#8217;un rayon de moins de 100km, voil\u00e0 le d\u00e9fi que s&#8217;est lanc\u00e9 Anatomies d&#8217;Architecture, une coop\u00e9rative cr\u00e9\u00e9e par trois jeunes architectes et un anthropologue, en partenariat avec les propri\u00e9taires des lieux. Le Tour des mat\u00e9riaux d&#8217;une maison [&hellip;]<\/p>","protected":false},"featured_media":2852,"comment_status":"open","ping_status":"closed","template":"","meta":[],"product_brand":[],"product_cat":[37],"product_tag":[],"class_list":{"0":"post-2853","1":"product","2":"type-product","3":"status-publish","4":"has-post-thumbnail","6":"product_cat-architecture","8":"first","9":"instock","10":"taxable","11":"shipping-taxable","12":"purchasable","13":"product-type-simple"},"yoast_head":"<!-- This site is optimized with the Yoast SEO plugin v27.4 - https:\/\/yoast.com\/product\/yoast-seo-wordpress\/ -->\n<title>Le tour des mat\u00e9riaux d&#039;une maison \u00e9cologique - l&#039;\u00e9chapp\u00e9e close<\/title>\n<meta name=\"robots\" content=\"index, follow, max-snippet:-1, max-image-preview:large, max-video-preview:-1\" \/>\n<link rel=\"canonical\" href=\"http:\/\/lechappeeclose.it\/it\/boutique\/livres\/arts\/architecture\/le-tour-des-materiaux-dune-maison-ecologique\/\" \/>\n<meta property=\"og:locale\" content=\"it_IT\" \/>\n<meta property=\"og:type\" content=\"article\" \/>\n<meta property=\"og:title\" content=\"Le tour des mat\u00e9riaux d&#039;une maison \u00e9cologique - l&#039;\u00e9chapp\u00e9e close\" \/>\n<meta property=\"og:description\" content=\"\u00c9cor\u00e9nover une maison en ruine avec 0% de b\u00e9ton, 0% plastique et presque 100% de mat\u00e9riaux naturels provenant d&#8217;un rayon de moins de 100km, voil\u00e0 le d\u00e9fi que s&#8217;est lanc\u00e9 Anatomies d&#8217;Architecture, une coop\u00e9rative cr\u00e9\u00e9e par trois jeunes architectes et un anthropologue, en partenariat avec les propri\u00e9taires des lieux. Le Tour des mat\u00e9riaux d&#8217;une maison [&hellip;]\" \/>\n<meta property=\"og:url\" content=\"http:\/\/lechappeeclose.it\/it\/boutique\/livres\/arts\/architecture\/le-tour-des-materiaux-dune-maison-ecologique\/\" \/>\n<meta property=\"og:site_name\" content=\"l&#039;\u00e9chapp\u00e9e close\" \/>\n<meta property=\"og:image\" content=\"http:\/\/lechappeeclose.it\/wp-content\/uploads\/2025\/01\/Le-tour-des-materiaux-dune-maison-ecologique.jpg\" \/>\n\t<meta property=\"og:image:width\" content=\"1824\" \/>\n\t<meta property=\"og:image:height\" content=\"2560\" \/>\n\t<meta property=\"og:image:type\" content=\"image\/jpeg\" \/>\n<meta name=\"twitter:card\" content=\"summary_large_image\" \/>\n<meta name=\"twitter:label1\" content=\"Tempo di lettura stimato\" \/>\n\t<meta name=\"twitter:data1\" content=\"1 minuto\" \/>\n<script type=\"application\/ld+json\" class=\"yoast-schema-graph\">{\"@context\":\"https:\\\/\\\/schema.org\",\"@graph\":[{\"@type\":\"WebPage\",\"@id\":\"http:\\\/\\\/lechappeeclose.it\\\/boutique\\\/livres\\\/arts\\\/architecture\\\/le-tour-des-materiaux-dune-maison-ecologique\\\/\",\"url\":\"http:\\\/\\\/lechappeeclose.it\\\/boutique\\\/livres\\\/arts\\\/architecture\\\/le-tour-des-materiaux-dune-maison-ecologique\\\/\",\"name\":\"Le tour des mat\u00e9riaux d'une maison \u00e9cologique - l&#039;\u00e9chapp\u00e9e close\",\"isPartOf\":{\"@id\":\"http:\\\/\\\/lechappeeclose.it\\\/#website\"},\"primaryImageOfPage\":{\"@id\":\"http:\\\/\\\/lechappeeclose.it\\\/boutique\\\/livres\\\/arts\\\/architecture\\\/le-tour-des-materiaux-dune-maison-ecologique\\\/#primaryimage\"},\"image\":{\"@id\":\"http:\\\/\\\/lechappeeclose.it\\\/boutique\\\/livres\\\/arts\\\/architecture\\\/le-tour-des-materiaux-dune-maison-ecologique\\\/#primaryimage\"},\"thumbnailUrl\":\"http:\\\/\\\/lechappeeclose.it\\\/wp-content\\\/uploads\\\/2025\\\/01\\\/Le-tour-des-materiaux-dune-maison-ecologique.jpg\",\"datePublished\":\"2025-01-29T17:23:27+00:00\",\"breadcrumb\":{\"@id\":\"http:\\\/\\\/lechappeeclose.it\\\/boutique\\\/livres\\\/arts\\\/architecture\\\/le-tour-des-materiaux-dune-maison-ecologique\\\/#breadcrumb\"},\"inLanguage\":\"it-IT\",\"potentialAction\":[{\"@type\":\"ReadAction\",\"target\":[\"http:\\\/\\\/lechappeeclose.it\\\/boutique\\\/livres\\\/arts\\\/architecture\\\/le-tour-des-materiaux-dune-maison-ecologique\\\/\"]}]},{\"@type\":\"ImageObject\",\"inLanguage\":\"it-IT\",\"@id\":\"http:\\\/\\\/lechappeeclose.it\\\/boutique\\\/livres\\\/arts\\\/architecture\\\/le-tour-des-materiaux-dune-maison-ecologique\\\/#primaryimage\",\"url\":\"http:\\\/\\\/lechappeeclose.it\\\/wp-content\\\/uploads\\\/2025\\\/01\\\/Le-tour-des-materiaux-dune-maison-ecologique.jpg\",\"contentUrl\":\"http:\\\/\\\/lechappeeclose.it\\\/wp-content\\\/uploads\\\/2025\\\/01\\\/Le-tour-des-materiaux-dune-maison-ecologique.jpg\",\"width\":1824,\"height\":2560},{\"@type\":\"BreadcrumbList\",\"@id\":\"http:\\\/\\\/lechappeeclose.it\\\/boutique\\\/livres\\\/arts\\\/architecture\\\/le-tour-des-materiaux-dune-maison-ecologique\\\/#breadcrumb\",\"itemListElement\":[{\"@type\":\"ListItem\",\"position\":1,\"name\":\"Accueil\",\"item\":\"http:\\\/\\\/lechappeeclose.it\\\/\"},{\"@type\":\"ListItem\",\"position\":2,\"name\":\"Boutique\",\"item\":\"http:\\\/\\\/lechappeeclose.it\\\/it\\\/boutique\\\/\"},{\"@type\":\"ListItem\",\"position\":3,\"name\":\"Le tour des mat\u00e9riaux d&#8217;une maison \u00e9cologique\"}]},{\"@type\":\"WebSite\",\"@id\":\"http:\\\/\\\/lechappeeclose.it\\\/#website\",\"url\":\"http:\\\/\\\/lechappeeclose.it\\\/\",\"name\":\"l&#039;\u00e9chapp\u00e9e close\",\"description\":\"la librairie fran\u00e7aise de Milan\",\"publisher\":{\"@id\":\"http:\\\/\\\/lechappeeclose.it\\\/#organization\"},\"alternateName\":\"La librairie fran\u00e7aise de Milan\",\"potentialAction\":[{\"@type\":\"SearchAction\",\"target\":{\"@type\":\"EntryPoint\",\"urlTemplate\":\"http:\\\/\\\/lechappeeclose.it\\\/?s={search_term_string}\"},\"query-input\":{\"@type\":\"PropertyValueSpecification\",\"valueRequired\":true,\"valueName\":\"search_term_string\"}}],\"inLanguage\":\"it-IT\"},{\"@type\":\"Organization\",\"@id\":\"http:\\\/\\\/lechappeeclose.it\\\/#organization\",\"name\":\"l&#039;\u00e9chapp\u00e9e close\",\"url\":\"http:\\\/\\\/lechappeeclose.it\\\/\",\"logo\":{\"@type\":\"ImageObject\",\"inLanguage\":\"it-IT\",\"@id\":\"http:\\\/\\\/lechappeeclose.it\\\/#\\\/schema\\\/logo\\\/image\\\/\",\"url\":\"http:\\\/\\\/lechappeeclose.it\\\/wp-content\\\/uploads\\\/2025\\\/02\\\/cropped-logo-rond.png\",\"contentUrl\":\"http:\\\/\\\/lechappeeclose.it\\\/wp-content\\\/uploads\\\/2025\\\/02\\\/cropped-logo-rond.png\",\"width\":1080,\"height\":1080,\"caption\":\"l&#039;\u00e9chapp\u00e9e close\"},\"image\":{\"@id\":\"http:\\\/\\\/lechappeeclose.it\\\/#\\\/schema\\\/logo\\\/image\\\/\"},\"sameAs\":[\"https:\\\/\\\/www.instagram.com\\\/lechappeeclose\\\/\"]}]}<\/script>\n<!-- \/ Yoast SEO plugin. -->","yoast_head_json":{"title":"Le tour des mat\u00e9riaux d'une maison \u00e9cologique - l&#039;\u00e9chapp\u00e9e close","robots":{"index":"index","follow":"follow","max-snippet":"max-snippet:-1","max-image-preview":"max-image-preview:large","max-video-preview":"max-video-preview:-1"},"canonical":"http:\/\/lechappeeclose.it\/it\/boutique\/livres\/arts\/architecture\/le-tour-des-materiaux-dune-maison-ecologique\/","og_locale":"it_IT","og_type":"article","og_title":"Le tour des mat\u00e9riaux d'une maison \u00e9cologique - l&#039;\u00e9chapp\u00e9e close","og_description":"\u00c9cor\u00e9nover une maison en ruine avec 0% de b\u00e9ton, 0% plastique et presque 100% de mat\u00e9riaux naturels provenant d&#8217;un rayon de moins de 100km, voil\u00e0 le d\u00e9fi que s&#8217;est lanc\u00e9 Anatomies d&#8217;Architecture, une coop\u00e9rative cr\u00e9\u00e9e par trois jeunes architectes et un anthropologue, en partenariat avec les propri\u00e9taires des lieux. Le Tour des mat\u00e9riaux d&#8217;une maison [&hellip;]","og_url":"http:\/\/lechappeeclose.it\/it\/boutique\/livres\/arts\/architecture\/le-tour-des-materiaux-dune-maison-ecologique\/","og_site_name":"l&#039;\u00e9chapp\u00e9e close","og_image":[{"width":1824,"height":2560,"url":"http:\/\/lechappeeclose.it\/wp-content\/uploads\/2025\/01\/Le-tour-des-materiaux-dune-maison-ecologique.jpg","type":"image\/jpeg"}],"twitter_card":"summary_large_image","twitter_misc":{"Tempo di lettura stimato":"1 minuto"},"schema":{"@context":"https:\/\/schema.org","@graph":[{"@type":"WebPage","@id":"http:\/\/lechappeeclose.it\/boutique\/livres\/arts\/architecture\/le-tour-des-materiaux-dune-maison-ecologique\/","url":"http:\/\/lechappeeclose.it\/boutique\/livres\/arts\/architecture\/le-tour-des-materiaux-dune-maison-ecologique\/","name":"Le tour des mat\u00e9riaux d'une maison \u00e9cologique - l&#039;\u00e9chapp\u00e9e close","isPartOf":{"@id":"http:\/\/lechappeeclose.it\/#website"},"primaryImageOfPage":{"@id":"http:\/\/lechappeeclose.it\/boutique\/livres\/arts\/architecture\/le-tour-des-materiaux-dune-maison-ecologique\/#primaryimage"},"image":{"@id":"http:\/\/lechappeeclose.it\/boutique\/livres\/arts\/architecture\/le-tour-des-materiaux-dune-maison-ecologique\/#primaryimage"},"thumbnailUrl":"http:\/\/lechappeeclose.it\/wp-content\/uploads\/2025\/01\/Le-tour-des-materiaux-dune-maison-ecologique.jpg","datePublished":"2025-01-29T17:23:27+00:00","breadcrumb":{"@id":"http:\/\/lechappeeclose.it\/boutique\/livres\/arts\/architecture\/le-tour-des-materiaux-dune-maison-ecologique\/#breadcrumb"},"inLanguage":"it-IT","potentialAction":[{"@type":"ReadAction","target":["http:\/\/lechappeeclose.it\/boutique\/livres\/arts\/architecture\/le-tour-des-materiaux-dune-maison-ecologique\/"]}]},{"@type":"ImageObject","inLanguage":"it-IT","@id":"http:\/\/lechappeeclose.it\/boutique\/livres\/arts\/architecture\/le-tour-des-materiaux-dune-maison-ecologique\/#primaryimage","url":"http:\/\/lechappeeclose.it\/wp-content\/uploads\/2025\/01\/Le-tour-des-materiaux-dune-maison-ecologique.jpg","contentUrl":"http:\/\/lechappeeclose.it\/wp-content\/uploads\/2025\/01\/Le-tour-des-materiaux-dune-maison-ecologique.jpg","width":1824,"height":2560},{"@type":"BreadcrumbList","@id":"http:\/\/lechappeeclose.it\/boutique\/livres\/arts\/architecture\/le-tour-des-materiaux-dune-maison-ecologique\/#breadcrumb","itemListElement":[{"@type":"ListItem","position":1,"name":"Accueil","item":"http:\/\/lechappeeclose.it\/"},{"@type":"ListItem","position":2,"name":"Boutique","item":"http:\/\/lechappeeclose.it\/it\/boutique\/"},{"@type":"ListItem","position":3,"name":"Le tour des mat\u00e9riaux d&#8217;une maison \u00e9cologique"}]},{"@type":"WebSite","@id":"http:\/\/lechappeeclose.it\/#website","url":"http:\/\/lechappeeclose.it\/","name":"l&#039;\u00e9chapp\u00e9e close","description":"La libreria francese di Milano","publisher":{"@id":"http:\/\/lechappeeclose.it\/#organization"},"alternateName":"La librairie fran\u00e7aise de Milan","potentialAction":[{"@type":"SearchAction","target":{"@type":"EntryPoint","urlTemplate":"http:\/\/lechappeeclose.it\/?s={search_term_string}"},"query-input":{"@type":"PropertyValueSpecification","valueRequired":true,"valueName":"search_term_string"}}],"inLanguage":"it-IT"},{"@type":"Organization","@id":"http:\/\/lechappeeclose.it\/#organization","name":"l&#039;\u00e9chapp\u00e9e close","url":"http:\/\/lechappeeclose.it\/","logo":{"@type":"ImageObject","inLanguage":"it-IT","@id":"http:\/\/lechappeeclose.it\/#\/schema\/logo\/image\/","url":"http:\/\/lechappeeclose.it\/wp-content\/uploads\/2025\/02\/cropped-logo-rond.png","contentUrl":"http:\/\/lechappeeclose.it\/wp-content\/uploads\/2025\/02\/cropped-logo-rond.png","width":1080,"height":1080,"caption":"l&#039;\u00e9chapp\u00e9e close"},"image":{"@id":"http:\/\/lechappeeclose.it\/#\/schema\/logo\/image\/"},"sameAs":["https:\/\/www.instagram.com\/lechappeeclose\/"]}]}},"_links":{"self":[{"href":"http:\/\/lechappeeclose.it\/it\/wp-json\/wp\/v2\/product\/2853","targetHints":{"allow":["GET"]}}],"collection":[{"href":"http:\/\/lechappeeclose.it\/it\/wp-json\/wp\/v2\/product"}],"about":[{"href":"http:\/\/lechappeeclose.it\/it\/wp-json\/wp\/v2\/types\/product"}],"replies":[{"embeddable":true,"href":"http:\/\/lechappeeclose.it\/it\/wp-json\/wp\/v2\/comments?post=2853"}],"wp:featuredmedia":[{"embeddable":true,"href":"http:\/\/lechappeeclose.it\/it\/wp-json\/wp\/v2\/media\/2852"}],"wp:attachment":[{"href":"http:\/\/lechappeeclose.it\/it\/wp-json\/wp\/v2\/media?parent=2853"}],"wp:term":[{"taxonomy":"product_brand","embeddable":true,"href":"http:\/\/lechappeeclose.it\/it\/wp-json\/wp\/v2\/product_brand?post=2853"},{"taxonomy":"product_cat","embeddable":true,"href":"http:\/\/lechappeeclose.it\/it\/wp-json\/wp\/v2\/product_cat?post=2853"},{"taxonomy":"product_tag","embeddable":true,"href":"http:\/\/lechappeeclose.it\/it\/wp-json\/wp\/v2\/product_tag?post=2853"}],"curies":[{"name":"wp","href":"https:\/\/api.w.org\/{rel}","templated":true}]}}