{"id":2825,"date":"2025-01-29T18:07:07","date_gmt":"2025-01-29T17:07:07","guid":{"rendered":"https:\/\/lechappeeclose.it\/produit\/simone-guillissen-hoa\/"},"modified":"2025-01-29T18:07:07","modified_gmt":"2025-01-29T17:07:07","slug":"simone-guillissen-hoa","status":"publish","type":"product","link":"http:\/\/lechappeeclose.it\/it\/boutique\/livres\/arts\/architecture\/simone-guillissen-hoa\/","title":{"rendered":"Simone Guillissen-Hoa"},"content":{"rendered":"<p>N\u00e9e \u00e0 P\u00e9kin en 1916, d\u2019un p\u00e8re chinois, ing\u00e9nieur, et d\u2019une m\u00e8re polonaise, \u00e9crivaine ; scolaris\u00e9e \u00e0 Paris \u00e0 l\u2019\u00e2ge de 12 ans, \u00e9tudiante en Angleterre puis en Belgique, dipl\u00f4m\u00e9e \u00e0 Bruxelles en 1938, Simone Guillissen-Hoa participe \u00e0 l\u2019aventure architecturale du XXe si\u00e8cle.Caroline Mierop raconte la vie hors normes de cette femme, eurasienne, militante, r\u00e9sistante, d\u00e9port\u00e9e, m\u00e8re c\u00e9libataire, auto-entrepreneuse. Elle \u00e9voque ses amis et ses amours, ses doutes et ses avanc\u00e9es, ses clients et ses r\u00e9alisations. Elle pr\u00e9sente la premi\u00e8re monographie de cette \u00ab grande dame de l\u2019architecture \u00bb \u00e0 laquelle, jusqu\u2019ici, aucune publication n\u2019a \u00e9t\u00e9 consacr\u00e9e.Plume avertie et souple, l\u2019auteure propose \u00e0 la fois un r\u00e9cit intense et un travail fouill\u00e9, rassemblant de nombreux t\u00e9moignages et documents d\u2019archives in\u00e9dits, et sept \u00ab portraits-souvenirs \u00bb sign\u00e9s Jean-Pierre Hoa.<\/p>","protected":false},"excerpt":{"rendered":"<p>N\u00e9e \u00e0 P\u00e9kin en 1916, d\u2019un p\u00e8re chinois, ing\u00e9nieur, et d\u2019une m\u00e8re polonaise, \u00e9crivaine ; scolaris\u00e9e \u00e0 Paris \u00e0 l\u2019\u00e2ge de 12 ans, \u00e9tudiante en Angleterre puis en Belgique, dipl\u00f4m\u00e9e \u00e0 Bruxelles en 1938, Simone Guillissen-Hoa participe \u00e0 l\u2019aventure architecturale du XXe si\u00e8cle.Caroline Mierop raconte la vie hors normes de cette femme, eurasienne, militante, r\u00e9sistante, [&hellip;]<\/p>","protected":false},"featured_media":2824,"comment_status":"open","ping_status":"closed","template":"","meta":[],"product_brand":[],"product_cat":[37],"product_tag":[],"class_list":{"0":"post-2825","1":"product","2":"type-product","3":"status-publish","4":"has-post-thumbnail","6":"product_cat-architecture","8":"first","9":"instock","10":"taxable","11":"shipping-taxable","12":"purchasable","13":"product-type-simple"},"yoast_head":"<!-- This site is optimized with the Yoast SEO plugin v27.4 - https:\/\/yoast.com\/product\/yoast-seo-wordpress\/ -->\n<title>Simone Guillissen-Hoa - l&#039;\u00e9chapp\u00e9e close<\/title>\n<meta name=\"robots\" content=\"index, follow, max-snippet:-1, max-image-preview:large, max-video-preview:-1\" \/>\n<link rel=\"canonical\" href=\"http:\/\/lechappeeclose.it\/it\/boutique\/livres\/arts\/architecture\/simone-guillissen-hoa\/\" \/>\n<meta property=\"og:locale\" content=\"it_IT\" \/>\n<meta property=\"og:type\" content=\"article\" \/>\n<meta property=\"og:title\" content=\"Simone Guillissen-Hoa - l&#039;\u00e9chapp\u00e9e close\" \/>\n<meta property=\"og:description\" content=\"N\u00e9e \u00e0 P\u00e9kin en 1916, d\u2019un p\u00e8re chinois, ing\u00e9nieur, et d\u2019une m\u00e8re polonaise, \u00e9crivaine ; scolaris\u00e9e \u00e0 Paris \u00e0 l\u2019\u00e2ge de 12 ans, \u00e9tudiante en Angleterre puis en Belgique, dipl\u00f4m\u00e9e \u00e0 Bruxelles en 1938, Simone Guillissen-Hoa participe \u00e0 l\u2019aventure architecturale du XXe si\u00e8cle.Caroline Mierop raconte la vie hors normes de cette femme, eurasienne, militante, r\u00e9sistante, [&hellip;]\" \/>\n<meta property=\"og:url\" content=\"http:\/\/lechappeeclose.it\/it\/boutique\/livres\/arts\/architecture\/simone-guillissen-hoa\/\" \/>\n<meta property=\"og:site_name\" content=\"l&#039;\u00e9chapp\u00e9e close\" \/>\n<meta property=\"og:image\" content=\"http:\/\/lechappeeclose.it\/wp-content\/uploads\/2025\/01\/Simone-Guillissen-Hoa.jpg\" \/>\n\t<meta property=\"og:image:width\" content=\"454\" \/>\n\t<meta property=\"og:image:height\" content=\"640\" \/>\n\t<meta property=\"og:image:type\" content=\"image\/jpeg\" \/>\n<meta name=\"twitter:card\" content=\"summary_large_image\" \/>\n<meta name=\"twitter:label1\" content=\"Tempo di lettura stimato\" \/>\n\t<meta name=\"twitter:data1\" content=\"1 minuto\" \/>\n<script type=\"application\/ld+json\" class=\"yoast-schema-graph\">{\"@context\":\"https:\\\/\\\/schema.org\",\"@graph\":[{\"@type\":\"WebPage\",\"@id\":\"http:\\\/\\\/lechappeeclose.it\\\/boutique\\\/livres\\\/arts\\\/architecture\\\/simone-guillissen-hoa\\\/\",\"url\":\"http:\\\/\\\/lechappeeclose.it\\\/boutique\\\/livres\\\/arts\\\/architecture\\\/simone-guillissen-hoa\\\/\",\"name\":\"Simone Guillissen-Hoa - l&#039;\u00e9chapp\u00e9e close\",\"isPartOf\":{\"@id\":\"http:\\\/\\\/lechappeeclose.it\\\/#website\"},\"primaryImageOfPage\":{\"@id\":\"http:\\\/\\\/lechappeeclose.it\\\/boutique\\\/livres\\\/arts\\\/architecture\\\/simone-guillissen-hoa\\\/#primaryimage\"},\"image\":{\"@id\":\"http:\\\/\\\/lechappeeclose.it\\\/boutique\\\/livres\\\/arts\\\/architecture\\\/simone-guillissen-hoa\\\/#primaryimage\"},\"thumbnailUrl\":\"http:\\\/\\\/lechappeeclose.it\\\/wp-content\\\/uploads\\\/2025\\\/01\\\/Simone-Guillissen-Hoa.jpg\",\"datePublished\":\"2025-01-29T17:07:07+00:00\",\"breadcrumb\":{\"@id\":\"http:\\\/\\\/lechappeeclose.it\\\/boutique\\\/livres\\\/arts\\\/architecture\\\/simone-guillissen-hoa\\\/#breadcrumb\"},\"inLanguage\":\"it-IT\",\"potentialAction\":[{\"@type\":\"ReadAction\",\"target\":[\"http:\\\/\\\/lechappeeclose.it\\\/boutique\\\/livres\\\/arts\\\/architecture\\\/simone-guillissen-hoa\\\/\"]}]},{\"@type\":\"ImageObject\",\"inLanguage\":\"it-IT\",\"@id\":\"http:\\\/\\\/lechappeeclose.it\\\/boutique\\\/livres\\\/arts\\\/architecture\\\/simone-guillissen-hoa\\\/#primaryimage\",\"url\":\"http:\\\/\\\/lechappeeclose.it\\\/wp-content\\\/uploads\\\/2025\\\/01\\\/Simone-Guillissen-Hoa.jpg\",\"contentUrl\":\"http:\\\/\\\/lechappeeclose.it\\\/wp-content\\\/uploads\\\/2025\\\/01\\\/Simone-Guillissen-Hoa.jpg\",\"width\":454,\"height\":640},{\"@type\":\"BreadcrumbList\",\"@id\":\"http:\\\/\\\/lechappeeclose.it\\\/boutique\\\/livres\\\/arts\\\/architecture\\\/simone-guillissen-hoa\\\/#breadcrumb\",\"itemListElement\":[{\"@type\":\"ListItem\",\"position\":1,\"name\":\"Accueil\",\"item\":\"http:\\\/\\\/lechappeeclose.it\\\/\"},{\"@type\":\"ListItem\",\"position\":2,\"name\":\"Boutique\",\"item\":\"http:\\\/\\\/lechappeeclose.it\\\/it\\\/boutique\\\/\"},{\"@type\":\"ListItem\",\"position\":3,\"name\":\"Simone Guillissen-Hoa\"}]},{\"@type\":\"WebSite\",\"@id\":\"http:\\\/\\\/lechappeeclose.it\\\/#website\",\"url\":\"http:\\\/\\\/lechappeeclose.it\\\/\",\"name\":\"l&#039;\u00e9chapp\u00e9e close\",\"description\":\"la librairie fran\u00e7aise de Milan\",\"publisher\":{\"@id\":\"http:\\\/\\\/lechappeeclose.it\\\/#organization\"},\"alternateName\":\"La librairie fran\u00e7aise de Milan\",\"potentialAction\":[{\"@type\":\"SearchAction\",\"target\":{\"@type\":\"EntryPoint\",\"urlTemplate\":\"http:\\\/\\\/lechappeeclose.it\\\/?s={search_term_string}\"},\"query-input\":{\"@type\":\"PropertyValueSpecification\",\"valueRequired\":true,\"valueName\":\"search_term_string\"}}],\"inLanguage\":\"it-IT\"},{\"@type\":\"Organization\",\"@id\":\"http:\\\/\\\/lechappeeclose.it\\\/#organization\",\"name\":\"l&#039;\u00e9chapp\u00e9e close\",\"url\":\"http:\\\/\\\/lechappeeclose.it\\\/\",\"logo\":{\"@type\":\"ImageObject\",\"inLanguage\":\"it-IT\",\"@id\":\"http:\\\/\\\/lechappeeclose.it\\\/#\\\/schema\\\/logo\\\/image\\\/\",\"url\":\"http:\\\/\\\/lechappeeclose.it\\\/wp-content\\\/uploads\\\/2025\\\/02\\\/cropped-logo-rond.png\",\"contentUrl\":\"http:\\\/\\\/lechappeeclose.it\\\/wp-content\\\/uploads\\\/2025\\\/02\\\/cropped-logo-rond.png\",\"width\":1080,\"height\":1080,\"caption\":\"l&#039;\u00e9chapp\u00e9e close\"},\"image\":{\"@id\":\"http:\\\/\\\/lechappeeclose.it\\\/#\\\/schema\\\/logo\\\/image\\\/\"},\"sameAs\":[\"https:\\\/\\\/www.instagram.com\\\/lechappeeclose\\\/\"]}]}<\/script>\n<!-- \/ Yoast SEO plugin. -->","yoast_head_json":{"title":"Simone Guillissen-Hoa - l&#039;\u00e9chapp\u00e9e close","robots":{"index":"index","follow":"follow","max-snippet":"max-snippet:-1","max-image-preview":"max-image-preview:large","max-video-preview":"max-video-preview:-1"},"canonical":"http:\/\/lechappeeclose.it\/it\/boutique\/livres\/arts\/architecture\/simone-guillissen-hoa\/","og_locale":"it_IT","og_type":"article","og_title":"Simone Guillissen-Hoa - l&#039;\u00e9chapp\u00e9e close","og_description":"N\u00e9e \u00e0 P\u00e9kin en 1916, d\u2019un p\u00e8re chinois, ing\u00e9nieur, et d\u2019une m\u00e8re polonaise, \u00e9crivaine ; scolaris\u00e9e \u00e0 Paris \u00e0 l\u2019\u00e2ge de 12 ans, \u00e9tudiante en Angleterre puis en Belgique, dipl\u00f4m\u00e9e \u00e0 Bruxelles en 1938, Simone Guillissen-Hoa participe \u00e0 l\u2019aventure architecturale du XXe si\u00e8cle.Caroline Mierop raconte la vie hors normes de cette femme, eurasienne, militante, r\u00e9sistante, [&hellip;]","og_url":"http:\/\/lechappeeclose.it\/it\/boutique\/livres\/arts\/architecture\/simone-guillissen-hoa\/","og_site_name":"l&#039;\u00e9chapp\u00e9e close","og_image":[{"width":454,"height":640,"url":"http:\/\/lechappeeclose.it\/wp-content\/uploads\/2025\/01\/Simone-Guillissen-Hoa.jpg","type":"image\/jpeg"}],"twitter_card":"summary_large_image","twitter_misc":{"Tempo di lettura stimato":"1 minuto"},"schema":{"@context":"https:\/\/schema.org","@graph":[{"@type":"WebPage","@id":"http:\/\/lechappeeclose.it\/boutique\/livres\/arts\/architecture\/simone-guillissen-hoa\/","url":"http:\/\/lechappeeclose.it\/boutique\/livres\/arts\/architecture\/simone-guillissen-hoa\/","name":"Simone Guillissen-Hoa - l&#039;\u00e9chapp\u00e9e close","isPartOf":{"@id":"http:\/\/lechappeeclose.it\/#website"},"primaryImageOfPage":{"@id":"http:\/\/lechappeeclose.it\/boutique\/livres\/arts\/architecture\/simone-guillissen-hoa\/#primaryimage"},"image":{"@id":"http:\/\/lechappeeclose.it\/boutique\/livres\/arts\/architecture\/simone-guillissen-hoa\/#primaryimage"},"thumbnailUrl":"http:\/\/lechappeeclose.it\/wp-content\/uploads\/2025\/01\/Simone-Guillissen-Hoa.jpg","datePublished":"2025-01-29T17:07:07+00:00","breadcrumb":{"@id":"http:\/\/lechappeeclose.it\/boutique\/livres\/arts\/architecture\/simone-guillissen-hoa\/#breadcrumb"},"inLanguage":"it-IT","potentialAction":[{"@type":"ReadAction","target":["http:\/\/lechappeeclose.it\/boutique\/livres\/arts\/architecture\/simone-guillissen-hoa\/"]}]},{"@type":"ImageObject","inLanguage":"it-IT","@id":"http:\/\/lechappeeclose.it\/boutique\/livres\/arts\/architecture\/simone-guillissen-hoa\/#primaryimage","url":"http:\/\/lechappeeclose.it\/wp-content\/uploads\/2025\/01\/Simone-Guillissen-Hoa.jpg","contentUrl":"http:\/\/lechappeeclose.it\/wp-content\/uploads\/2025\/01\/Simone-Guillissen-Hoa.jpg","width":454,"height":640},{"@type":"BreadcrumbList","@id":"http:\/\/lechappeeclose.it\/boutique\/livres\/arts\/architecture\/simone-guillissen-hoa\/#breadcrumb","itemListElement":[{"@type":"ListItem","position":1,"name":"Accueil","item":"http:\/\/lechappeeclose.it\/"},{"@type":"ListItem","position":2,"name":"Boutique","item":"http:\/\/lechappeeclose.it\/it\/boutique\/"},{"@type":"ListItem","position":3,"name":"Simone Guillissen-Hoa"}]},{"@type":"WebSite","@id":"http:\/\/lechappeeclose.it\/#website","url":"http:\/\/lechappeeclose.it\/","name":"l&#039;\u00e9chapp\u00e9e close","description":"La libreria francese di Milano","publisher":{"@id":"http:\/\/lechappeeclose.it\/#organization"},"alternateName":"La librairie fran\u00e7aise de Milan","potentialAction":[{"@type":"SearchAction","target":{"@type":"EntryPoint","urlTemplate":"http:\/\/lechappeeclose.it\/?s={search_term_string}"},"query-input":{"@type":"PropertyValueSpecification","valueRequired":true,"valueName":"search_term_string"}}],"inLanguage":"it-IT"},{"@type":"Organization","@id":"http:\/\/lechappeeclose.it\/#organization","name":"l&#039;\u00e9chapp\u00e9e close","url":"http:\/\/lechappeeclose.it\/","logo":{"@type":"ImageObject","inLanguage":"it-IT","@id":"http:\/\/lechappeeclose.it\/#\/schema\/logo\/image\/","url":"http:\/\/lechappeeclose.it\/wp-content\/uploads\/2025\/02\/cropped-logo-rond.png","contentUrl":"http:\/\/lechappeeclose.it\/wp-content\/uploads\/2025\/02\/cropped-logo-rond.png","width":1080,"height":1080,"caption":"l&#039;\u00e9chapp\u00e9e close"},"image":{"@id":"http:\/\/lechappeeclose.it\/#\/schema\/logo\/image\/"},"sameAs":["https:\/\/www.instagram.com\/lechappeeclose\/"]}]}},"_links":{"self":[{"href":"http:\/\/lechappeeclose.it\/it\/wp-json\/wp\/v2\/product\/2825","targetHints":{"allow":["GET"]}}],"collection":[{"href":"http:\/\/lechappeeclose.it\/it\/wp-json\/wp\/v2\/product"}],"about":[{"href":"http:\/\/lechappeeclose.it\/it\/wp-json\/wp\/v2\/types\/product"}],"replies":[{"embeddable":true,"href":"http:\/\/lechappeeclose.it\/it\/wp-json\/wp\/v2\/comments?post=2825"}],"wp:featuredmedia":[{"embeddable":true,"href":"http:\/\/lechappeeclose.it\/it\/wp-json\/wp\/v2\/media\/2824"}],"wp:attachment":[{"href":"http:\/\/lechappeeclose.it\/it\/wp-json\/wp\/v2\/media?parent=2825"}],"wp:term":[{"taxonomy":"product_brand","embeddable":true,"href":"http:\/\/lechappeeclose.it\/it\/wp-json\/wp\/v2\/product_brand?post=2825"},{"taxonomy":"product_cat","embeddable":true,"href":"http:\/\/lechappeeclose.it\/it\/wp-json\/wp\/v2\/product_cat?post=2825"},{"taxonomy":"product_tag","embeddable":true,"href":"http:\/\/lechappeeclose.it\/it\/wp-json\/wp\/v2\/product_tag?post=2825"}],"curies":[{"name":"wp","href":"https:\/\/api.w.org\/{rel}","templated":true}]}}