{"id":2818,"date":"2025-01-29T18:06:00","date_gmt":"2025-01-29T17:06:00","guid":{"rendered":"https:\/\/lechappeeclose.it\/produit\/aldo-rossi-architecte-du-suspens\/"},"modified":"2025-01-29T18:06:00","modified_gmt":"2025-01-29T17:06:00","slug":"aldo-rossi-architecte-du-suspens","status":"publish","type":"product","link":"http:\/\/lechappeeclose.it\/it\/boutique\/livres\/arts\/architecture\/aldo-rossi-architecte-du-suspens\/","title":{"rendered":"Aldo Rossi architecte du suspens"},"content":{"rendered":"<p>\u00abPour Aldo Rossi l\u2019architecture se d\u00e9ploie comme un les signes architecturaux qui se r\u00e9p\u00e8tent,\u00a0les diff\u00e9rents types qui sont repris d\u2019un projet \u00e0 l\u2019autre, reproduisent la corporalit\u00e9\u00a0qui est\u00a0\u00e0 leur origine. Dans ce rituel, le monde\u00a0des sensations et des impulsions obscures que la rationalit\u00e9 moderne avait rejet\u00e9 refont surface de mani\u00e8re inattendue.\u00a0\u00c0 travers l\u2019identification de l\u2019architecture au corps animal ou humain, le d\u00e9sir\u00a0qui \u00e9tait mis \u00e0 l\u2019\u00e9cart de toute cr\u00e9ation\u00a0est r\u00e9introduit dans l\u2019architecture.\u00a0Il s\u2019agit d\u2019un d\u00e9sir latent, inquiet de\u00a0sa propre mort, un d\u00e9sir qui ne saurait s\u2019exprimer autrement qu\u2019\u00e0 travers\u00a0la r\u00e9p\u00e9tition d\u2019une typologie architecturale invariable. Parler de suspens en architecture revient ainsi, dans un premier temps, \u00e0 \u00e9voquer un \u00e9tat de figement\u00a0dont la finalit\u00e9 serait d\u2019acc\u00e9der \u00e0 une temporalit\u00e9 anhistorique o\u00f9 la fixit\u00e9 domine. Toutefois, parler de suspens\u00a0c\u2019est aussi sugg\u00e9rer qu\u2019il existe une attente et une latence au sein de cette fixit\u00e9.\u00a0C\u2019est dire que le temps du suspens\u00a0est corporel et inquiet.\u00bbNous entra\u00eenant dans une enqu\u00eate subtile qui traverse les \u00e9crits, projets et dessins r\u00e9alis\u00e9s entre 1959 et 1982 par l\u2019architecte italien, l\u2019ouvrage de Can Onaner permet de d\u00e9voiler sous un jour nouveau\u00a0les notions et th\u00e8mes fondamentaux\u00a0de l\u2019\u0153uvre d\u2019Aldo le type,\u00a0la r\u00e9p\u00e9tition, la permanence. Mais aussi\u00a0de fonder le concept de suspens comme une nouvelle approche th\u00e9orique\u00a0de l\u2019architecture, embl\u00e8me de tout projet architectural inquiet de sa p\u00e9rennit\u00e9\u00a0et mythe n\u00e9cessaire, sinon fondateur,\u00a0de toute urbanit\u00e9.<\/p>","protected":false},"excerpt":{"rendered":"<p>\u00abPour Aldo Rossi l\u2019architecture se d\u00e9ploie comme un les signes architecturaux qui se r\u00e9p\u00e8tent,\u00a0les diff\u00e9rents types qui sont repris d\u2019un projet \u00e0 l\u2019autre, reproduisent la corporalit\u00e9\u00a0qui est\u00a0\u00e0 leur origine. Dans ce rituel, le monde\u00a0des sensations et des impulsions obscures que la rationalit\u00e9 moderne avait rejet\u00e9 refont surface de mani\u00e8re inattendue.\u00a0\u00c0 travers l\u2019identification de l\u2019architecture au [&hellip;]<\/p>","protected":false},"featured_media":2817,"comment_status":"open","ping_status":"closed","template":"","meta":[],"product_brand":[],"product_cat":[37],"product_tag":[],"class_list":{"0":"post-2818","1":"product","2":"type-product","3":"status-publish","4":"has-post-thumbnail","6":"product_cat-architecture","8":"first","9":"instock","10":"taxable","11":"shipping-taxable","12":"purchasable","13":"product-type-simple"},"yoast_head":"<!-- This site is optimized with the Yoast SEO plugin v27.4 - https:\/\/yoast.com\/product\/yoast-seo-wordpress\/ -->\n<title>Aldo Rossi architecte du suspens - l&#039;\u00e9chapp\u00e9e close<\/title>\n<meta name=\"robots\" content=\"index, follow, max-snippet:-1, max-image-preview:large, max-video-preview:-1\" \/>\n<link rel=\"canonical\" href=\"http:\/\/lechappeeclose.it\/it\/boutique\/livres\/arts\/architecture\/aldo-rossi-architecte-du-suspens\/\" \/>\n<meta property=\"og:locale\" content=\"it_IT\" \/>\n<meta property=\"og:type\" content=\"article\" \/>\n<meta property=\"og:title\" content=\"Aldo Rossi architecte du suspens - l&#039;\u00e9chapp\u00e9e close\" \/>\n<meta property=\"og:description\" content=\"\u00abPour Aldo Rossi l\u2019architecture se d\u00e9ploie comme un les signes architecturaux qui se r\u00e9p\u00e8tent,\u00a0les diff\u00e9rents types qui sont repris d\u2019un projet \u00e0 l\u2019autre, reproduisent la corporalit\u00e9\u00a0qui est\u00a0\u00e0 leur origine. Dans ce rituel, le monde\u00a0des sensations et des impulsions obscures que la rationalit\u00e9 moderne avait rejet\u00e9 refont surface de mani\u00e8re inattendue.\u00a0\u00c0 travers l\u2019identification de l\u2019architecture au [&hellip;]\" \/>\n<meta property=\"og:url\" content=\"http:\/\/lechappeeclose.it\/it\/boutique\/livres\/arts\/architecture\/aldo-rossi-architecte-du-suspens\/\" \/>\n<meta property=\"og:site_name\" content=\"l&#039;\u00e9chapp\u00e9e close\" \/>\n<meta property=\"og:image\" content=\"http:\/\/lechappeeclose.it\/wp-content\/uploads\/2025\/01\/Aldo-Rossi-architecte-du-suspens.jpg\" \/>\n\t<meta property=\"og:image:width\" content=\"361\" \/>\n\t<meta property=\"og:image:height\" content=\"500\" \/>\n\t<meta property=\"og:image:type\" content=\"image\/jpeg\" \/>\n<meta name=\"twitter:card\" content=\"summary_large_image\" \/>\n<meta name=\"twitter:label1\" content=\"Tempo di lettura stimato\" \/>\n\t<meta name=\"twitter:data1\" content=\"1 minuto\" \/>\n<script type=\"application\/ld+json\" class=\"yoast-schema-graph\">{\"@context\":\"https:\\\/\\\/schema.org\",\"@graph\":[{\"@type\":\"WebPage\",\"@id\":\"http:\\\/\\\/lechappeeclose.it\\\/it\\\/boutique\\\/livres\\\/arts\\\/architecture\\\/aldo-rossi-architecte-du-suspens\\\/\",\"url\":\"http:\\\/\\\/lechappeeclose.it\\\/it\\\/boutique\\\/livres\\\/arts\\\/architecture\\\/aldo-rossi-architecte-du-suspens\\\/\",\"name\":\"Aldo Rossi architecte du suspens - l&#039;\u00e9chapp\u00e9e close\",\"isPartOf\":{\"@id\":\"http:\\\/\\\/lechappeeclose.it\\\/#website\"},\"primaryImageOfPage\":{\"@id\":\"http:\\\/\\\/lechappeeclose.it\\\/it\\\/boutique\\\/livres\\\/arts\\\/architecture\\\/aldo-rossi-architecte-du-suspens\\\/#primaryimage\"},\"image\":{\"@id\":\"http:\\\/\\\/lechappeeclose.it\\\/it\\\/boutique\\\/livres\\\/arts\\\/architecture\\\/aldo-rossi-architecte-du-suspens\\\/#primaryimage\"},\"thumbnailUrl\":\"http:\\\/\\\/lechappeeclose.it\\\/wp-content\\\/uploads\\\/2025\\\/01\\\/Aldo-Rossi-architecte-du-suspens.jpg\",\"datePublished\":\"2025-01-29T17:06:00+00:00\",\"breadcrumb\":{\"@id\":\"http:\\\/\\\/lechappeeclose.it\\\/it\\\/boutique\\\/livres\\\/arts\\\/architecture\\\/aldo-rossi-architecte-du-suspens\\\/#breadcrumb\"},\"inLanguage\":\"it-IT\",\"potentialAction\":[{\"@type\":\"ReadAction\",\"target\":[\"http:\\\/\\\/lechappeeclose.it\\\/it\\\/boutique\\\/livres\\\/arts\\\/architecture\\\/aldo-rossi-architecte-du-suspens\\\/\"]}]},{\"@type\":\"ImageObject\",\"inLanguage\":\"it-IT\",\"@id\":\"http:\\\/\\\/lechappeeclose.it\\\/it\\\/boutique\\\/livres\\\/arts\\\/architecture\\\/aldo-rossi-architecte-du-suspens\\\/#primaryimage\",\"url\":\"http:\\\/\\\/lechappeeclose.it\\\/wp-content\\\/uploads\\\/2025\\\/01\\\/Aldo-Rossi-architecte-du-suspens.jpg\",\"contentUrl\":\"http:\\\/\\\/lechappeeclose.it\\\/wp-content\\\/uploads\\\/2025\\\/01\\\/Aldo-Rossi-architecte-du-suspens.jpg\",\"width\":361,\"height\":500},{\"@type\":\"BreadcrumbList\",\"@id\":\"http:\\\/\\\/lechappeeclose.it\\\/it\\\/boutique\\\/livres\\\/arts\\\/architecture\\\/aldo-rossi-architecte-du-suspens\\\/#breadcrumb\",\"itemListElement\":[{\"@type\":\"ListItem\",\"position\":1,\"name\":\"Accueil\",\"item\":\"http:\\\/\\\/lechappeeclose.it\\\/\"},{\"@type\":\"ListItem\",\"position\":2,\"name\":\"Boutique\",\"item\":\"http:\\\/\\\/lechappeeclose.it\\\/it\\\/boutique\\\/\"},{\"@type\":\"ListItem\",\"position\":3,\"name\":\"Aldo Rossi architecte du suspens\"}]},{\"@type\":\"WebSite\",\"@id\":\"http:\\\/\\\/lechappeeclose.it\\\/#website\",\"url\":\"http:\\\/\\\/lechappeeclose.it\\\/\",\"name\":\"l&#039;\u00e9chapp\u00e9e close\",\"description\":\"la librairie fran\u00e7aise de Milan\",\"publisher\":{\"@id\":\"http:\\\/\\\/lechappeeclose.it\\\/#organization\"},\"alternateName\":\"La librairie fran\u00e7aise de Milan\",\"potentialAction\":[{\"@type\":\"SearchAction\",\"target\":{\"@type\":\"EntryPoint\",\"urlTemplate\":\"http:\\\/\\\/lechappeeclose.it\\\/?s={search_term_string}\"},\"query-input\":{\"@type\":\"PropertyValueSpecification\",\"valueRequired\":true,\"valueName\":\"search_term_string\"}}],\"inLanguage\":\"it-IT\"},{\"@type\":\"Organization\",\"@id\":\"http:\\\/\\\/lechappeeclose.it\\\/#organization\",\"name\":\"l&#039;\u00e9chapp\u00e9e close\",\"url\":\"http:\\\/\\\/lechappeeclose.it\\\/\",\"logo\":{\"@type\":\"ImageObject\",\"inLanguage\":\"it-IT\",\"@id\":\"http:\\\/\\\/lechappeeclose.it\\\/#\\\/schema\\\/logo\\\/image\\\/\",\"url\":\"http:\\\/\\\/lechappeeclose.it\\\/wp-content\\\/uploads\\\/2025\\\/02\\\/cropped-logo-rond.png\",\"contentUrl\":\"http:\\\/\\\/lechappeeclose.it\\\/wp-content\\\/uploads\\\/2025\\\/02\\\/cropped-logo-rond.png\",\"width\":1080,\"height\":1080,\"caption\":\"l&#039;\u00e9chapp\u00e9e close\"},\"image\":{\"@id\":\"http:\\\/\\\/lechappeeclose.it\\\/#\\\/schema\\\/logo\\\/image\\\/\"},\"sameAs\":[\"https:\\\/\\\/www.instagram.com\\\/lechappeeclose\\\/\"]}]}<\/script>\n<!-- \/ Yoast SEO plugin. -->","yoast_head_json":{"title":"Aldo Rossi architecte du suspens - l&#039;\u00e9chapp\u00e9e close","robots":{"index":"index","follow":"follow","max-snippet":"max-snippet:-1","max-image-preview":"max-image-preview:large","max-video-preview":"max-video-preview:-1"},"canonical":"http:\/\/lechappeeclose.it\/it\/boutique\/livres\/arts\/architecture\/aldo-rossi-architecte-du-suspens\/","og_locale":"it_IT","og_type":"article","og_title":"Aldo Rossi architecte du suspens - l&#039;\u00e9chapp\u00e9e close","og_description":"\u00abPour Aldo Rossi l\u2019architecture se d\u00e9ploie comme un les signes architecturaux qui se r\u00e9p\u00e8tent,\u00a0les diff\u00e9rents types qui sont repris d\u2019un projet \u00e0 l\u2019autre, reproduisent la corporalit\u00e9\u00a0qui est\u00a0\u00e0 leur origine. Dans ce rituel, le monde\u00a0des sensations et des impulsions obscures que la rationalit\u00e9 moderne avait rejet\u00e9 refont surface de mani\u00e8re inattendue.\u00a0\u00c0 travers l\u2019identification de l\u2019architecture au [&hellip;]","og_url":"http:\/\/lechappeeclose.it\/it\/boutique\/livres\/arts\/architecture\/aldo-rossi-architecte-du-suspens\/","og_site_name":"l&#039;\u00e9chapp\u00e9e close","og_image":[{"width":361,"height":500,"url":"http:\/\/lechappeeclose.it\/wp-content\/uploads\/2025\/01\/Aldo-Rossi-architecte-du-suspens.jpg","type":"image\/jpeg"}],"twitter_card":"summary_large_image","twitter_misc":{"Tempo di lettura stimato":"1 minuto"},"schema":{"@context":"https:\/\/schema.org","@graph":[{"@type":"WebPage","@id":"http:\/\/lechappeeclose.it\/it\/boutique\/livres\/arts\/architecture\/aldo-rossi-architecte-du-suspens\/","url":"http:\/\/lechappeeclose.it\/it\/boutique\/livres\/arts\/architecture\/aldo-rossi-architecte-du-suspens\/","name":"Aldo Rossi architecte du suspens - l&#039;\u00e9chapp\u00e9e close","isPartOf":{"@id":"http:\/\/lechappeeclose.it\/#website"},"primaryImageOfPage":{"@id":"http:\/\/lechappeeclose.it\/it\/boutique\/livres\/arts\/architecture\/aldo-rossi-architecte-du-suspens\/#primaryimage"},"image":{"@id":"http:\/\/lechappeeclose.it\/it\/boutique\/livres\/arts\/architecture\/aldo-rossi-architecte-du-suspens\/#primaryimage"},"thumbnailUrl":"http:\/\/lechappeeclose.it\/wp-content\/uploads\/2025\/01\/Aldo-Rossi-architecte-du-suspens.jpg","datePublished":"2025-01-29T17:06:00+00:00","breadcrumb":{"@id":"http:\/\/lechappeeclose.it\/it\/boutique\/livres\/arts\/architecture\/aldo-rossi-architecte-du-suspens\/#breadcrumb"},"inLanguage":"it-IT","potentialAction":[{"@type":"ReadAction","target":["http:\/\/lechappeeclose.it\/it\/boutique\/livres\/arts\/architecture\/aldo-rossi-architecte-du-suspens\/"]}]},{"@type":"ImageObject","inLanguage":"it-IT","@id":"http:\/\/lechappeeclose.it\/it\/boutique\/livres\/arts\/architecture\/aldo-rossi-architecte-du-suspens\/#primaryimage","url":"http:\/\/lechappeeclose.it\/wp-content\/uploads\/2025\/01\/Aldo-Rossi-architecte-du-suspens.jpg","contentUrl":"http:\/\/lechappeeclose.it\/wp-content\/uploads\/2025\/01\/Aldo-Rossi-architecte-du-suspens.jpg","width":361,"height":500},{"@type":"BreadcrumbList","@id":"http:\/\/lechappeeclose.it\/it\/boutique\/livres\/arts\/architecture\/aldo-rossi-architecte-du-suspens\/#breadcrumb","itemListElement":[{"@type":"ListItem","position":1,"name":"Accueil","item":"http:\/\/lechappeeclose.it\/"},{"@type":"ListItem","position":2,"name":"Boutique","item":"http:\/\/lechappeeclose.it\/it\/boutique\/"},{"@type":"ListItem","position":3,"name":"Aldo Rossi architecte du suspens"}]},{"@type":"WebSite","@id":"http:\/\/lechappeeclose.it\/#website","url":"http:\/\/lechappeeclose.it\/","name":"l&#039;\u00e9chapp\u00e9e close","description":"La libreria francese di Milano","publisher":{"@id":"http:\/\/lechappeeclose.it\/#organization"},"alternateName":"La librairie fran\u00e7aise de Milan","potentialAction":[{"@type":"SearchAction","target":{"@type":"EntryPoint","urlTemplate":"http:\/\/lechappeeclose.it\/?s={search_term_string}"},"query-input":{"@type":"PropertyValueSpecification","valueRequired":true,"valueName":"search_term_string"}}],"inLanguage":"it-IT"},{"@type":"Organization","@id":"http:\/\/lechappeeclose.it\/#organization","name":"l&#039;\u00e9chapp\u00e9e close","url":"http:\/\/lechappeeclose.it\/","logo":{"@type":"ImageObject","inLanguage":"it-IT","@id":"http:\/\/lechappeeclose.it\/#\/schema\/logo\/image\/","url":"http:\/\/lechappeeclose.it\/wp-content\/uploads\/2025\/02\/cropped-logo-rond.png","contentUrl":"http:\/\/lechappeeclose.it\/wp-content\/uploads\/2025\/02\/cropped-logo-rond.png","width":1080,"height":1080,"caption":"l&#039;\u00e9chapp\u00e9e close"},"image":{"@id":"http:\/\/lechappeeclose.it\/#\/schema\/logo\/image\/"},"sameAs":["https:\/\/www.instagram.com\/lechappeeclose\/"]}]}},"_links":{"self":[{"href":"http:\/\/lechappeeclose.it\/it\/wp-json\/wp\/v2\/product\/2818","targetHints":{"allow":["GET"]}}],"collection":[{"href":"http:\/\/lechappeeclose.it\/it\/wp-json\/wp\/v2\/product"}],"about":[{"href":"http:\/\/lechappeeclose.it\/it\/wp-json\/wp\/v2\/types\/product"}],"replies":[{"embeddable":true,"href":"http:\/\/lechappeeclose.it\/it\/wp-json\/wp\/v2\/comments?post=2818"}],"wp:featuredmedia":[{"embeddable":true,"href":"http:\/\/lechappeeclose.it\/it\/wp-json\/wp\/v2\/media\/2817"}],"wp:attachment":[{"href":"http:\/\/lechappeeclose.it\/it\/wp-json\/wp\/v2\/media?parent=2818"}],"wp:term":[{"taxonomy":"product_brand","embeddable":true,"href":"http:\/\/lechappeeclose.it\/it\/wp-json\/wp\/v2\/product_brand?post=2818"},{"taxonomy":"product_cat","embeddable":true,"href":"http:\/\/lechappeeclose.it\/it\/wp-json\/wp\/v2\/product_cat?post=2818"},{"taxonomy":"product_tag","embeddable":true,"href":"http:\/\/lechappeeclose.it\/it\/wp-json\/wp\/v2\/product_tag?post=2818"}],"curies":[{"name":"wp","href":"https:\/\/api.w.org\/{rel}","templated":true}]}}