{"id":2772,"date":"2025-01-29T11:09:43","date_gmt":"2025-01-29T10:09:43","guid":{"rendered":"https:\/\/lechappeeclose.it\/produit\/kirigami-darchitectures-frank-lloyd-wright-14-maquettes-a-couper-et-a-plier-accompagnees-des-plans-et-coupes-des-batiments\/"},"modified":"2026-01-30T13:24:54","modified_gmt":"2026-01-30T12:24:54","slug":"kirigami-darchitectures-frank-lloyd-wright-14-maquettes-a-couper-et-a-plier-accompagnees-des-plans-et-coupes-des-batiments","status":"publish","type":"product","link":"http:\/\/lechappeeclose.it\/it\/boutique\/livres\/arts\/architecture\/kirigami-darchitectures-frank-lloyd-wright-14-maquettes-a-couper-et-a-plier-accompagnees-des-plans-et-coupes-des-batiments\/","title":{"rendered":"Kirigami d&#8217;architectures"},"content":{"rendered":"<p>Frank Lloyd Wright (1867-1959) est connu comme le plus grand architecte am\u00e9ricain de l&#8217;histoire. Des oeuvres comme la Maison sur la cascade ou le mus\u00e9e Guggenheim \u00e0 New York sont aujourd&#8217;hui de v\u00e9ritables ic\u00f4nes. Ce livre vous donne la possibilit\u00e9 de r\u00e9aliser, selon la technique du kirigami, 14 maquettes de ses constructions les plus c\u00e9l\u00e8bres. Chaque projet inclut un gabarit d\u00e9tachable et des instructions pour la d\u00e9coupe et le pliage du papier, ainsi que pour la mise en volume. Il vous suffit de couper ou de plier suivant les lignes d\u00e9j\u00e0 trac\u00e9es sur le gabarit pour cr\u00e9er votre maquette. Le mat\u00e9riel n\u00e9cessaire se r\u00e9sume \u00e0 un cutter, un tapis de coupe et une r\u00e8gle. Pour vous faciliter la t\u00e2che, les parties les plus complexes sont pr\u00e9d\u00e9coup\u00e9es, et des photos de la maquette r\u00e9alis\u00e9e vous servent de guide. Les d\u00e9butants comme les passionn\u00e9s appr\u00e9cieront l&#8217;\u00e9chelle, la fid\u00e9lit\u00e9 au mod\u00e8le, la qualit\u00e9 du papier propos\u00e9es. Pour les plus curieux sont joints, pour chaque b\u00e2timent, un plan, une coupe et des informations sur son histoire et sa technique constructive.<\/p>","protected":false},"excerpt":{"rendered":"<p>Frank Lloyd Wright (1867-1959) est connu comme le plus grand architecte am\u00e9ricain de l&#8217;histoire. Des oeuvres comme la Maison sur la cascade ou le mus\u00e9e Guggenheim \u00e0 New York sont aujourd&#8217;hui de v\u00e9ritables ic\u00f4nes. Ce livre vous donne la possibilit\u00e9 de r\u00e9aliser, selon la technique du kirigami, 14 maquettes de ses constructions les plus c\u00e9l\u00e8bres. [&hellip;]<\/p>","protected":false},"featured_media":2771,"comment_status":"open","ping_status":"closed","template":"","meta":[],"product_brand":[],"product_cat":[37],"product_tag":[],"class_list":{"0":"post-2772","1":"product","2":"type-product","3":"status-publish","4":"has-post-thumbnail","6":"product_cat-architecture","8":"first","9":"onbackorder","10":"taxable","11":"shipping-taxable","12":"purchasable","13":"product-type-simple"},"yoast_head":"<!-- This site is optimized with the Yoast SEO plugin v27.5 - https:\/\/yoast.com\/product\/yoast-seo-wordpress\/ -->\n<title>Kirigami d&#039;architectures - l&#039;\u00e9chapp\u00e9e close<\/title>\n<meta name=\"robots\" content=\"index, follow, max-snippet:-1, max-image-preview:large, max-video-preview:-1\" \/>\n<link rel=\"canonical\" href=\"http:\/\/lechappeeclose.it\/it\/boutique\/livres\/arts\/architecture\/kirigami-darchitectures-frank-lloyd-wright-14-maquettes-a-couper-et-a-plier-accompagnees-des-plans-et-coupes-des-batiments\/\" \/>\n<meta property=\"og:locale\" content=\"it_IT\" \/>\n<meta property=\"og:type\" content=\"article\" \/>\n<meta property=\"og:title\" content=\"Kirigami d&#039;architectures - l&#039;\u00e9chapp\u00e9e close\" \/>\n<meta property=\"og:description\" content=\"Frank Lloyd Wright (1867-1959) est connu comme le plus grand architecte am\u00e9ricain de l&#8217;histoire. Des oeuvres comme la Maison sur la cascade ou le mus\u00e9e Guggenheim \u00e0 New York sont aujourd&#8217;hui de v\u00e9ritables ic\u00f4nes. Ce livre vous donne la possibilit\u00e9 de r\u00e9aliser, selon la technique du kirigami, 14 maquettes de ses constructions les plus c\u00e9l\u00e8bres. [&hellip;]\" \/>\n<meta property=\"og:url\" content=\"http:\/\/lechappeeclose.it\/it\/boutique\/livres\/arts\/architecture\/kirigami-darchitectures-frank-lloyd-wright-14-maquettes-a-couper-et-a-plier-accompagnees-des-plans-et-coupes-des-batiments\/\" \/>\n<meta property=\"og:site_name\" content=\"l&#039;\u00e9chapp\u00e9e close\" \/>\n<meta property=\"article:modified_time\" content=\"2026-01-30T12:24:54+00:00\" \/>\n<meta property=\"og:image\" content=\"http:\/\/lechappeeclose.it\/wp-content\/uploads\/2025\/01\/Kirigami-darchitectures-Frank-Lloyd-Wright-14-maquettes-a-couper-et-a-plier-accompagnees-des-plans-et-coupes-des-batiments.jpg\" \/>\n\t<meta property=\"og:image:width\" content=\"398\" \/>\n\t<meta property=\"og:image:height\" content=\"500\" \/>\n\t<meta property=\"og:image:type\" content=\"image\/jpeg\" \/>\n<meta name=\"twitter:card\" content=\"summary_large_image\" \/>\n<meta name=\"twitter:label1\" content=\"Tempo di lettura stimato\" \/>\n\t<meta name=\"twitter:data1\" content=\"2 minuti\" \/>\n<script type=\"application\/ld+json\" class=\"yoast-schema-graph\">{\"@context\":\"https:\\\/\\\/schema.org\",\"@graph\":[{\"@type\":\"WebPage\",\"@id\":\"http:\\\/\\\/lechappeeclose.it\\\/boutique\\\/livres\\\/arts\\\/architecture\\\/kirigami-darchitectures-frank-lloyd-wright-14-maquettes-a-couper-et-a-plier-accompagnees-des-plans-et-coupes-des-batiments\\\/\",\"url\":\"http:\\\/\\\/lechappeeclose.it\\\/boutique\\\/livres\\\/arts\\\/architecture\\\/kirigami-darchitectures-frank-lloyd-wright-14-maquettes-a-couper-et-a-plier-accompagnees-des-plans-et-coupes-des-batiments\\\/\",\"name\":\"Kirigami d'architectures - l&#039;\u00e9chapp\u00e9e close\",\"isPartOf\":{\"@id\":\"http:\\\/\\\/lechappeeclose.it\\\/it\\\/#website\"},\"primaryImageOfPage\":{\"@id\":\"http:\\\/\\\/lechappeeclose.it\\\/boutique\\\/livres\\\/arts\\\/architecture\\\/kirigami-darchitectures-frank-lloyd-wright-14-maquettes-a-couper-et-a-plier-accompagnees-des-plans-et-coupes-des-batiments\\\/#primaryimage\"},\"image\":{\"@id\":\"http:\\\/\\\/lechappeeclose.it\\\/boutique\\\/livres\\\/arts\\\/architecture\\\/kirigami-darchitectures-frank-lloyd-wright-14-maquettes-a-couper-et-a-plier-accompagnees-des-plans-et-coupes-des-batiments\\\/#primaryimage\"},\"thumbnailUrl\":\"http:\\\/\\\/lechappeeclose.it\\\/wp-content\\\/uploads\\\/2025\\\/01\\\/Kirigami-darchitectures-Frank-Lloyd-Wright-14-maquettes-a-couper-et-a-plier-accompagnees-des-plans-et-coupes-des-batiments.jpg\",\"datePublished\":\"2025-01-29T10:09:43+00:00\",\"dateModified\":\"2026-01-30T12:24:54+00:00\",\"breadcrumb\":{\"@id\":\"http:\\\/\\\/lechappeeclose.it\\\/boutique\\\/livres\\\/arts\\\/architecture\\\/kirigami-darchitectures-frank-lloyd-wright-14-maquettes-a-couper-et-a-plier-accompagnees-des-plans-et-coupes-des-batiments\\\/#breadcrumb\"},\"inLanguage\":\"it-IT\",\"potentialAction\":[{\"@type\":\"ReadAction\",\"target\":[\"http:\\\/\\\/lechappeeclose.it\\\/boutique\\\/livres\\\/arts\\\/architecture\\\/kirigami-darchitectures-frank-lloyd-wright-14-maquettes-a-couper-et-a-plier-accompagnees-des-plans-et-coupes-des-batiments\\\/\"]}]},{\"@type\":\"ImageObject\",\"inLanguage\":\"it-IT\",\"@id\":\"http:\\\/\\\/lechappeeclose.it\\\/boutique\\\/livres\\\/arts\\\/architecture\\\/kirigami-darchitectures-frank-lloyd-wright-14-maquettes-a-couper-et-a-plier-accompagnees-des-plans-et-coupes-des-batiments\\\/#primaryimage\",\"url\":\"http:\\\/\\\/lechappeeclose.it\\\/wp-content\\\/uploads\\\/2025\\\/01\\\/Kirigami-darchitectures-Frank-Lloyd-Wright-14-maquettes-a-couper-et-a-plier-accompagnees-des-plans-et-coupes-des-batiments.jpg\",\"contentUrl\":\"http:\\\/\\\/lechappeeclose.it\\\/wp-content\\\/uploads\\\/2025\\\/01\\\/Kirigami-darchitectures-Frank-Lloyd-Wright-14-maquettes-a-couper-et-a-plier-accompagnees-des-plans-et-coupes-des-batiments.jpg\",\"width\":398,\"height\":500},{\"@type\":\"BreadcrumbList\",\"@id\":\"http:\\\/\\\/lechappeeclose.it\\\/boutique\\\/livres\\\/arts\\\/architecture\\\/kirigami-darchitectures-frank-lloyd-wright-14-maquettes-a-couper-et-a-plier-accompagnees-des-plans-et-coupes-des-batiments\\\/#breadcrumb\",\"itemListElement\":[{\"@type\":\"ListItem\",\"position\":1,\"name\":\"Accueil\",\"item\":\"http:\\\/\\\/lechappeeclose.it\\\/it\\\/\"},{\"@type\":\"ListItem\",\"position\":2,\"name\":\"Boutique\",\"item\":\"http:\\\/\\\/lechappeeclose.it\\\/it\\\/boutique\\\/\"},{\"@type\":\"ListItem\",\"position\":3,\"name\":\"Kirigami d&#8217;architectures\"}]},{\"@type\":\"WebSite\",\"@id\":\"http:\\\/\\\/lechappeeclose.it\\\/it\\\/#website\",\"url\":\"http:\\\/\\\/lechappeeclose.it\\\/it\\\/\",\"name\":\"l&#039;\u00e9chapp\u00e9e close\",\"description\":\"la librairie fran\u00e7aise de Milan\",\"publisher\":{\"@id\":\"http:\\\/\\\/lechappeeclose.it\\\/it\\\/#organization\"},\"alternateName\":\"La librairie fran\u00e7aise de Milan\",\"potentialAction\":[{\"@type\":\"SearchAction\",\"target\":{\"@type\":\"EntryPoint\",\"urlTemplate\":\"http:\\\/\\\/lechappeeclose.it\\\/it\\\/?s={search_term_string}\"},\"query-input\":{\"@type\":\"PropertyValueSpecification\",\"valueRequired\":true,\"valueName\":\"search_term_string\"}}],\"inLanguage\":\"it-IT\"},{\"@type\":\"Organization\",\"@id\":\"http:\\\/\\\/lechappeeclose.it\\\/it\\\/#organization\",\"name\":\"l&#039;\u00e9chapp\u00e9e close\",\"url\":\"http:\\\/\\\/lechappeeclose.it\\\/it\\\/\",\"logo\":{\"@type\":\"ImageObject\",\"inLanguage\":\"it-IT\",\"@id\":\"http:\\\/\\\/lechappeeclose.it\\\/it\\\/#\\\/schema\\\/logo\\\/image\\\/\",\"url\":\"http:\\\/\\\/lechappeeclose.it\\\/wp-content\\\/uploads\\\/2025\\\/02\\\/cropped-logo-rond.png\",\"contentUrl\":\"http:\\\/\\\/lechappeeclose.it\\\/wp-content\\\/uploads\\\/2025\\\/02\\\/cropped-logo-rond.png\",\"width\":1080,\"height\":1080,\"caption\":\"l&#039;\u00e9chapp\u00e9e close\"},\"image\":{\"@id\":\"http:\\\/\\\/lechappeeclose.it\\\/it\\\/#\\\/schema\\\/logo\\\/image\\\/\"},\"sameAs\":[\"https:\\\/\\\/www.instagram.com\\\/lechappeeclose\\\/\"]}]}<\/script>\n<!-- \/ Yoast SEO plugin. -->","yoast_head_json":{"title":"Kirigami d'architectures - l&#039;\u00e9chapp\u00e9e close","robots":{"index":"index","follow":"follow","max-snippet":"max-snippet:-1","max-image-preview":"max-image-preview:large","max-video-preview":"max-video-preview:-1"},"canonical":"http:\/\/lechappeeclose.it\/it\/boutique\/livres\/arts\/architecture\/kirigami-darchitectures-frank-lloyd-wright-14-maquettes-a-couper-et-a-plier-accompagnees-des-plans-et-coupes-des-batiments\/","og_locale":"it_IT","og_type":"article","og_title":"Kirigami d'architectures - l&#039;\u00e9chapp\u00e9e close","og_description":"Frank Lloyd Wright (1867-1959) est connu comme le plus grand architecte am\u00e9ricain de l&#8217;histoire. Des oeuvres comme la Maison sur la cascade ou le mus\u00e9e Guggenheim \u00e0 New York sont aujourd&#8217;hui de v\u00e9ritables ic\u00f4nes. Ce livre vous donne la possibilit\u00e9 de r\u00e9aliser, selon la technique du kirigami, 14 maquettes de ses constructions les plus c\u00e9l\u00e8bres. [&hellip;]","og_url":"http:\/\/lechappeeclose.it\/it\/boutique\/livres\/arts\/architecture\/kirigami-darchitectures-frank-lloyd-wright-14-maquettes-a-couper-et-a-plier-accompagnees-des-plans-et-coupes-des-batiments\/","og_site_name":"l&#039;\u00e9chapp\u00e9e close","article_modified_time":"2026-01-30T12:24:54+00:00","og_image":[{"width":398,"height":500,"url":"http:\/\/lechappeeclose.it\/wp-content\/uploads\/2025\/01\/Kirigami-darchitectures-Frank-Lloyd-Wright-14-maquettes-a-couper-et-a-plier-accompagnees-des-plans-et-coupes-des-batiments.jpg","type":"image\/jpeg"}],"twitter_card":"summary_large_image","twitter_misc":{"Tempo di lettura stimato":"2 minuti"},"schema":{"@context":"https:\/\/schema.org","@graph":[{"@type":"WebPage","@id":"http:\/\/lechappeeclose.it\/boutique\/livres\/arts\/architecture\/kirigami-darchitectures-frank-lloyd-wright-14-maquettes-a-couper-et-a-plier-accompagnees-des-plans-et-coupes-des-batiments\/","url":"http:\/\/lechappeeclose.it\/boutique\/livres\/arts\/architecture\/kirigami-darchitectures-frank-lloyd-wright-14-maquettes-a-couper-et-a-plier-accompagnees-des-plans-et-coupes-des-batiments\/","name":"Kirigami d'architectures - l&#039;\u00e9chapp\u00e9e close","isPartOf":{"@id":"http:\/\/lechappeeclose.it\/it\/#website"},"primaryImageOfPage":{"@id":"http:\/\/lechappeeclose.it\/boutique\/livres\/arts\/architecture\/kirigami-darchitectures-frank-lloyd-wright-14-maquettes-a-couper-et-a-plier-accompagnees-des-plans-et-coupes-des-batiments\/#primaryimage"},"image":{"@id":"http:\/\/lechappeeclose.it\/boutique\/livres\/arts\/architecture\/kirigami-darchitectures-frank-lloyd-wright-14-maquettes-a-couper-et-a-plier-accompagnees-des-plans-et-coupes-des-batiments\/#primaryimage"},"thumbnailUrl":"http:\/\/lechappeeclose.it\/wp-content\/uploads\/2025\/01\/Kirigami-darchitectures-Frank-Lloyd-Wright-14-maquettes-a-couper-et-a-plier-accompagnees-des-plans-et-coupes-des-batiments.jpg","datePublished":"2025-01-29T10:09:43+00:00","dateModified":"2026-01-30T12:24:54+00:00","breadcrumb":{"@id":"http:\/\/lechappeeclose.it\/boutique\/livres\/arts\/architecture\/kirigami-darchitectures-frank-lloyd-wright-14-maquettes-a-couper-et-a-plier-accompagnees-des-plans-et-coupes-des-batiments\/#breadcrumb"},"inLanguage":"it-IT","potentialAction":[{"@type":"ReadAction","target":["http:\/\/lechappeeclose.it\/boutique\/livres\/arts\/architecture\/kirigami-darchitectures-frank-lloyd-wright-14-maquettes-a-couper-et-a-plier-accompagnees-des-plans-et-coupes-des-batiments\/"]}]},{"@type":"ImageObject","inLanguage":"it-IT","@id":"http:\/\/lechappeeclose.it\/boutique\/livres\/arts\/architecture\/kirigami-darchitectures-frank-lloyd-wright-14-maquettes-a-couper-et-a-plier-accompagnees-des-plans-et-coupes-des-batiments\/#primaryimage","url":"http:\/\/lechappeeclose.it\/wp-content\/uploads\/2025\/01\/Kirigami-darchitectures-Frank-Lloyd-Wright-14-maquettes-a-couper-et-a-plier-accompagnees-des-plans-et-coupes-des-batiments.jpg","contentUrl":"http:\/\/lechappeeclose.it\/wp-content\/uploads\/2025\/01\/Kirigami-darchitectures-Frank-Lloyd-Wright-14-maquettes-a-couper-et-a-plier-accompagnees-des-plans-et-coupes-des-batiments.jpg","width":398,"height":500},{"@type":"BreadcrumbList","@id":"http:\/\/lechappeeclose.it\/boutique\/livres\/arts\/architecture\/kirigami-darchitectures-frank-lloyd-wright-14-maquettes-a-couper-et-a-plier-accompagnees-des-plans-et-coupes-des-batiments\/#breadcrumb","itemListElement":[{"@type":"ListItem","position":1,"name":"Accueil","item":"http:\/\/lechappeeclose.it\/it\/"},{"@type":"ListItem","position":2,"name":"Boutique","item":"http:\/\/lechappeeclose.it\/it\/boutique\/"},{"@type":"ListItem","position":3,"name":"Kirigami d&#8217;architectures"}]},{"@type":"WebSite","@id":"http:\/\/lechappeeclose.it\/it\/#website","url":"http:\/\/lechappeeclose.it\/it\/","name":"l&#039;\u00e9chapp\u00e9e close","description":"La libreria francese di Milano","publisher":{"@id":"http:\/\/lechappeeclose.it\/it\/#organization"},"alternateName":"La librairie fran\u00e7aise de Milan","potentialAction":[{"@type":"SearchAction","target":{"@type":"EntryPoint","urlTemplate":"http:\/\/lechappeeclose.it\/it\/?s={search_term_string}"},"query-input":{"@type":"PropertyValueSpecification","valueRequired":true,"valueName":"search_term_string"}}],"inLanguage":"it-IT"},{"@type":"Organization","@id":"http:\/\/lechappeeclose.it\/it\/#organization","name":"l&#039;\u00e9chapp\u00e9e close","url":"http:\/\/lechappeeclose.it\/it\/","logo":{"@type":"ImageObject","inLanguage":"it-IT","@id":"http:\/\/lechappeeclose.it\/it\/#\/schema\/logo\/image\/","url":"http:\/\/lechappeeclose.it\/wp-content\/uploads\/2025\/02\/cropped-logo-rond.png","contentUrl":"http:\/\/lechappeeclose.it\/wp-content\/uploads\/2025\/02\/cropped-logo-rond.png","width":1080,"height":1080,"caption":"l&#039;\u00e9chapp\u00e9e close"},"image":{"@id":"http:\/\/lechappeeclose.it\/it\/#\/schema\/logo\/image\/"},"sameAs":["https:\/\/www.instagram.com\/lechappeeclose\/"]}]}},"_links":{"self":[{"href":"http:\/\/lechappeeclose.it\/it\/wp-json\/wp\/v2\/product\/2772","targetHints":{"allow":["GET"]}}],"collection":[{"href":"http:\/\/lechappeeclose.it\/it\/wp-json\/wp\/v2\/product"}],"about":[{"href":"http:\/\/lechappeeclose.it\/it\/wp-json\/wp\/v2\/types\/product"}],"replies":[{"embeddable":true,"href":"http:\/\/lechappeeclose.it\/it\/wp-json\/wp\/v2\/comments?post=2772"}],"wp:featuredmedia":[{"embeddable":true,"href":"http:\/\/lechappeeclose.it\/it\/wp-json\/wp\/v2\/media\/2771"}],"wp:attachment":[{"href":"http:\/\/lechappeeclose.it\/it\/wp-json\/wp\/v2\/media?parent=2772"}],"wp:term":[{"taxonomy":"product_brand","embeddable":true,"href":"http:\/\/lechappeeclose.it\/it\/wp-json\/wp\/v2\/product_brand?post=2772"},{"taxonomy":"product_cat","embeddable":true,"href":"http:\/\/lechappeeclose.it\/it\/wp-json\/wp\/v2\/product_cat?post=2772"},{"taxonomy":"product_tag","embeddable":true,"href":"http:\/\/lechappeeclose.it\/it\/wp-json\/wp\/v2\/product_tag?post=2772"}],"curies":[{"name":"wp","href":"https:\/\/api.w.org\/{rel}","templated":true}]}}