{"id":13242,"date":"2026-04-25T15:47:31","date_gmt":"2026-04-25T13:47:31","guid":{"rendered":"https:\/\/lechappeeclose.it\/boutique\/non class\u00e9\/jai-peche-peche-dans-le-plaisir-2\/"},"modified":"2026-04-25T15:47:31","modified_gmt":"2026-04-25T13:47:31","slug":"jai-peche-peche-dans-le-plaisir-2","status":"publish","type":"product","link":"http:\/\/lechappeeclose.it\/it\/boutique\/livres\/litterature\/romans\/jai-peche-peche-dans-le-plaisir-2\/","title":{"rendered":"J&#8217;ai p\u00e9ch\u00e9, p\u00e9ch\u00e9 dans le plaisir"},"content":{"rendered":"<p>T\u00e9h\u00e9ran, 1955. A la suite d\u2019une lecture de ses po\u00e8mes, le regard de Forough Farrokhzad (1934-1967), \u00e9g\u00e9rie des milieux litt\u00e9raires iraniens qui n\u2019a que vingt ans, est accroch\u00e9 par celui d\u2019un jeune homme. Elle s\u2019appr\u00eate \u00e0 repousser les avances de Cyrus, ou la Tortue, comme elle le surnomme, et ignore qu\u2019il va bouleverser son existence. Erudit, francophile, Cyrus lui traduit en persan les po\u00e8mes de Pierre Lou\u00ffs tout en lui racontant la vie du po\u00e8te et celle de son grand amour, Marie de R\u00e9gnier.A travers celle de Marie, Forough entrevoit la vie dont elle aurait r\u00eav\u00e9. Gr\u00e2cieuse, intelligente, perverse, la fille du grand po\u00e8te Jos\u00e9-Maria de Heredia est une des reines de la tr\u00e8s libre Belle Epoque, tout Paris se l\u2019arrache. Elle collectionne amants et ma\u00eetresses, publie sans cesse et s\u2019amuse dans les salons les plus prestigieux. La po\u00e9tesse iranienne, elle, mari\u00e9e \u00e0 16 ans \u00e0 un artiste sans fantaisie, est brid\u00e9e par sa famille, son militaire de p\u00e8re et les m\u0153urs de son pays. Tout le monde s\u2019\u00e9pie, tout se sait. Mais Forough ne sait qu\u2019\u00eatre libre et provoque scandale sur scandale au fil de la parution de ses recueils. Elle c\u00e9l\u00e8bre la chair, la vie, l\u2019\u00e9mancipation et ne se renie pas. Toute son existence, Forough cheminera avec l\u2019histoire de Marie de R\u00e9gnier et de Pierre Lou\u00ffs au c\u0153ur, au point de venir \u00e0 Paris avec Cyrus, sur les traces des deux amants et de leur cohorte d\u2019amis, Claude Debussy, Marcel Proust, L\u00e9on Blum, Liane de Pougy et Nathalie Clifford-Barney. Sa mort tragique, \u00e0 32 ans, mettra un terme \u00e0 son \u0153uvre d\u2019une immense intensit\u00e9, qui en fait sans aucun doute la plus grande po\u00e9tesse de l\u2019Iran contemporain.Dans ce roman puissant et subtil, au rythme effr\u00e9n\u00e9, Abnousse Shalmani met en regard les vies extraordinaires de ces deux \u00e9crivaines qui firent toujours le choix de la passion, amoureuse, po\u00e9tique ou purement sensuelle, au risque de s\u2019en br\u00fbler les doigts. Une ode tr\u00e8s contemporaine \u00e0 la libert\u00e9 artistique et \u00e0 celles qui ne renoncent jamais, en Occident comme en Orient.<\/p>","protected":false},"excerpt":{"rendered":"<p>T\u00e9h\u00e9ran, 1955. A la suite d\u2019une lecture de ses po\u00e8mes, le regard de Forough Farrokhzad (1934-1967), \u00e9g\u00e9rie des milieux litt\u00e9raires iraniens qui n\u2019a que vingt ans, est accroch\u00e9 par celui d\u2019un jeune homme. Elle s\u2019appr\u00eate \u00e0 repousser les avances de Cyrus, ou la Tortue, comme elle le surnomme, et ignore qu\u2019il va bouleverser son existence. [&hellip;]<\/p>","protected":false},"featured_media":13241,"comment_status":"open","ping_status":"closed","template":"","meta":[],"product_brand":[],"product_cat":[46],"product_tag":[],"class_list":{"0":"post-13242","1":"product","2":"type-product","3":"status-publish","4":"has-post-thumbnail","6":"product_cat-romans","8":"first","9":"instock","10":"taxable","11":"shipping-taxable","12":"purchasable","13":"product-type-simple"},"yoast_head":"<!-- This site is optimized with the Yoast SEO plugin v27.4 - https:\/\/yoast.com\/product\/yoast-seo-wordpress\/ -->\n<title>J&#039;ai p\u00e9ch\u00e9, p\u00e9ch\u00e9 dans le plaisir - l&#039;\u00e9chapp\u00e9e close<\/title>\n<meta name=\"robots\" content=\"index, follow, max-snippet:-1, max-image-preview:large, max-video-preview:-1\" \/>\n<link rel=\"canonical\" href=\"https:\/\/lechappeeclose.it\/it\/boutique\/non%20class\u00e9\/jai-peche-peche-dans-le-plaisir-2\/\" \/>\n<meta property=\"og:locale\" content=\"it_IT\" \/>\n<meta property=\"og:type\" content=\"article\" \/>\n<meta property=\"og:title\" content=\"J&#039;ai p\u00e9ch\u00e9, p\u00e9ch\u00e9 dans le plaisir - l&#039;\u00e9chapp\u00e9e close\" \/>\n<meta property=\"og:description\" content=\"T\u00e9h\u00e9ran, 1955. A la suite d\u2019une lecture de ses po\u00e8mes, le regard de Forough Farrokhzad (1934-1967), \u00e9g\u00e9rie des milieux litt\u00e9raires iraniens qui n\u2019a que vingt ans, est accroch\u00e9 par celui d\u2019un jeune homme. Elle s\u2019appr\u00eate \u00e0 repousser les avances de Cyrus, ou la Tortue, comme elle le surnomme, et ignore qu\u2019il va bouleverser son existence. [&hellip;]\" \/>\n<meta property=\"og:url\" content=\"https:\/\/lechappeeclose.it\/it\/boutique\/non class\u00e9\/jai-peche-peche-dans-le-plaisir-2\/\" \/>\n<meta property=\"og:site_name\" content=\"l&#039;\u00e9chapp\u00e9e close\" \/>\n<meta property=\"og:image\" content=\"http:\/\/lechappeeclose.it\/wp-content\/uploads\/2023\/02\/Les-romans-de-lechappee-close-scaled.jpg\" \/>\n\t<meta property=\"og:image:width\" content=\"2560\" \/>\n\t<meta property=\"og:image:height\" content=\"1440\" \/>\n\t<meta property=\"og:image:type\" content=\"image\/jpeg\" \/>\n<meta name=\"twitter:card\" content=\"summary_large_image\" \/>\n<meta name=\"twitter:label1\" content=\"Tempo di lettura stimato\" \/>\n\t<meta name=\"twitter:data1\" content=\"2 minuti\" \/>\n<script type=\"application\/ld+json\" class=\"yoast-schema-graph\">{\"@context\":\"https:\\\/\\\/schema.org\",\"@graph\":[{\"@type\":\"WebPage\",\"@id\":\"https:\\\/\\\/lechappeeclose.it\\\/boutique\\\/non class\u00e9\\\/jai-peche-peche-dans-le-plaisir-2\\\/\",\"url\":\"https:\\\/\\\/lechappeeclose.it\\\/boutique\\\/non class\u00e9\\\/jai-peche-peche-dans-le-plaisir-2\\\/\",\"name\":\"J'ai p\u00e9ch\u00e9, p\u00e9ch\u00e9 dans le plaisir - l&#039;\u00e9chapp\u00e9e close\",\"isPartOf\":{\"@id\":\"http:\\\/\\\/lechappeeclose.it\\\/#website\"},\"primaryImageOfPage\":{\"@id\":\"https:\\\/\\\/lechappeeclose.it\\\/boutique\\\/non class\u00e9\\\/jai-peche-peche-dans-le-plaisir-2\\\/#primaryimage\"},\"image\":{\"@id\":\"https:\\\/\\\/lechappeeclose.it\\\/boutique\\\/non class\u00e9\\\/jai-peche-peche-dans-le-plaisir-2\\\/#primaryimage\"},\"thumbnailUrl\":\"http:\\\/\\\/lechappeeclose.it\\\/wp-content\\\/uploads\\\/2026\\\/04\\\/Jai-peche-peche-dans-le-plaisir.jpeg\",\"datePublished\":\"2026-04-25T13:47:31+00:00\",\"breadcrumb\":{\"@id\":\"https:\\\/\\\/lechappeeclose.it\\\/boutique\\\/non class\u00e9\\\/jai-peche-peche-dans-le-plaisir-2\\\/#breadcrumb\"},\"inLanguage\":\"it-IT\",\"potentialAction\":[{\"@type\":\"ReadAction\",\"target\":[\"https:\\\/\\\/lechappeeclose.it\\\/boutique\\\/non class\u00e9\\\/jai-peche-peche-dans-le-plaisir-2\\\/\"]}]},{\"@type\":\"ImageObject\",\"inLanguage\":\"it-IT\",\"@id\":\"https:\\\/\\\/lechappeeclose.it\\\/boutique\\\/non class\u00e9\\\/jai-peche-peche-dans-le-plaisir-2\\\/#primaryimage\",\"url\":\"http:\\\/\\\/lechappeeclose.it\\\/wp-content\\\/uploads\\\/2026\\\/04\\\/Jai-peche-peche-dans-le-plaisir.jpeg\",\"contentUrl\":\"http:\\\/\\\/lechappeeclose.it\\\/wp-content\\\/uploads\\\/2026\\\/04\\\/Jai-peche-peche-dans-le-plaisir.jpeg\",\"width\":309,\"height\":500},{\"@type\":\"BreadcrumbList\",\"@id\":\"https:\\\/\\\/lechappeeclose.it\\\/boutique\\\/non class\u00e9\\\/jai-peche-peche-dans-le-plaisir-2\\\/#breadcrumb\",\"itemListElement\":[{\"@type\":\"ListItem\",\"position\":1,\"name\":\"Accueil\",\"item\":\"http:\\\/\\\/lechappeeclose.it\\\/\"},{\"@type\":\"ListItem\",\"position\":2,\"name\":\"Boutique\",\"item\":\"http:\\\/\\\/lechappeeclose.it\\\/it\\\/boutique\\\/\"},{\"@type\":\"ListItem\",\"position\":3,\"name\":\"J&#8217;ai p\u00e9ch\u00e9, p\u00e9ch\u00e9 dans le plaisir\"}]},{\"@type\":\"WebSite\",\"@id\":\"http:\\\/\\\/lechappeeclose.it\\\/#website\",\"url\":\"http:\\\/\\\/lechappeeclose.it\\\/\",\"name\":\"l&#039;\u00e9chapp\u00e9e close\",\"description\":\"la librairie fran\u00e7aise de Milan\",\"publisher\":{\"@id\":\"http:\\\/\\\/lechappeeclose.it\\\/#organization\"},\"alternateName\":\"La librairie fran\u00e7aise de Milan\",\"potentialAction\":[{\"@type\":\"SearchAction\",\"target\":{\"@type\":\"EntryPoint\",\"urlTemplate\":\"http:\\\/\\\/lechappeeclose.it\\\/?s={search_term_string}\"},\"query-input\":{\"@type\":\"PropertyValueSpecification\",\"valueRequired\":true,\"valueName\":\"search_term_string\"}}],\"inLanguage\":\"it-IT\"},{\"@type\":\"Organization\",\"@id\":\"http:\\\/\\\/lechappeeclose.it\\\/#organization\",\"name\":\"l&#039;\u00e9chapp\u00e9e close\",\"url\":\"http:\\\/\\\/lechappeeclose.it\\\/\",\"logo\":{\"@type\":\"ImageObject\",\"inLanguage\":\"it-IT\",\"@id\":\"http:\\\/\\\/lechappeeclose.it\\\/#\\\/schema\\\/logo\\\/image\\\/\",\"url\":\"http:\\\/\\\/lechappeeclose.it\\\/wp-content\\\/uploads\\\/2025\\\/02\\\/cropped-logo-rond.png\",\"contentUrl\":\"http:\\\/\\\/lechappeeclose.it\\\/wp-content\\\/uploads\\\/2025\\\/02\\\/cropped-logo-rond.png\",\"width\":1080,\"height\":1080,\"caption\":\"l&#039;\u00e9chapp\u00e9e close\"},\"image\":{\"@id\":\"http:\\\/\\\/lechappeeclose.it\\\/#\\\/schema\\\/logo\\\/image\\\/\"},\"sameAs\":[\"https:\\\/\\\/www.instagram.com\\\/lechappeeclose\\\/\"]}]}<\/script>\n<!-- \/ Yoast SEO plugin. -->","yoast_head_json":{"title":"J'ai p\u00e9ch\u00e9, p\u00e9ch\u00e9 dans le plaisir - l&#039;\u00e9chapp\u00e9e close","robots":{"index":"index","follow":"follow","max-snippet":"max-snippet:-1","max-image-preview":"max-image-preview:large","max-video-preview":"max-video-preview:-1"},"canonical":"https:\/\/lechappeeclose.it\/it\/boutique\/non class\u00e9\/jai-peche-peche-dans-le-plaisir-2\/","og_locale":"it_IT","og_type":"article","og_title":"J'ai p\u00e9ch\u00e9, p\u00e9ch\u00e9 dans le plaisir - l&#039;\u00e9chapp\u00e9e close","og_description":"T\u00e9h\u00e9ran, 1955. A la suite d\u2019une lecture de ses po\u00e8mes, le regard de Forough Farrokhzad (1934-1967), \u00e9g\u00e9rie des milieux litt\u00e9raires iraniens qui n\u2019a que vingt ans, est accroch\u00e9 par celui d\u2019un jeune homme. Elle s\u2019appr\u00eate \u00e0 repousser les avances de Cyrus, ou la Tortue, comme elle le surnomme, et ignore qu\u2019il va bouleverser son existence. [&hellip;]","og_url":"https:\/\/lechappeeclose.it\/it\/boutique\/non class\u00e9\/jai-peche-peche-dans-le-plaisir-2\/","og_site_name":"l&#039;\u00e9chapp\u00e9e close","og_image":[{"width":2560,"height":1440,"url":"http:\/\/lechappeeclose.it\/wp-content\/uploads\/2023\/02\/Les-romans-de-lechappee-close-scaled.jpg","type":"image\/jpeg"}],"twitter_card":"summary_large_image","twitter_misc":{"Tempo di lettura stimato":"2 minuti"},"schema":{"@context":"https:\/\/schema.org","@graph":[{"@type":"WebPage","@id":"https:\/\/lechappeeclose.it\/boutique\/non class\u00e9\/jai-peche-peche-dans-le-plaisir-2\/","url":"https:\/\/lechappeeclose.it\/boutique\/non class\u00e9\/jai-peche-peche-dans-le-plaisir-2\/","name":"J'ai p\u00e9ch\u00e9, p\u00e9ch\u00e9 dans le plaisir - l&#039;\u00e9chapp\u00e9e close","isPartOf":{"@id":"http:\/\/lechappeeclose.it\/#website"},"primaryImageOfPage":{"@id":"https:\/\/lechappeeclose.it\/boutique\/non class\u00e9\/jai-peche-peche-dans-le-plaisir-2\/#primaryimage"},"image":{"@id":"https:\/\/lechappeeclose.it\/boutique\/non class\u00e9\/jai-peche-peche-dans-le-plaisir-2\/#primaryimage"},"thumbnailUrl":"http:\/\/lechappeeclose.it\/wp-content\/uploads\/2026\/04\/Jai-peche-peche-dans-le-plaisir.jpeg","datePublished":"2026-04-25T13:47:31+00:00","breadcrumb":{"@id":"https:\/\/lechappeeclose.it\/boutique\/non class\u00e9\/jai-peche-peche-dans-le-plaisir-2\/#breadcrumb"},"inLanguage":"it-IT","potentialAction":[{"@type":"ReadAction","target":["https:\/\/lechappeeclose.it\/boutique\/non class\u00e9\/jai-peche-peche-dans-le-plaisir-2\/"]}]},{"@type":"ImageObject","inLanguage":"it-IT","@id":"https:\/\/lechappeeclose.it\/boutique\/non class\u00e9\/jai-peche-peche-dans-le-plaisir-2\/#primaryimage","url":"http:\/\/lechappeeclose.it\/wp-content\/uploads\/2026\/04\/Jai-peche-peche-dans-le-plaisir.jpeg","contentUrl":"http:\/\/lechappeeclose.it\/wp-content\/uploads\/2026\/04\/Jai-peche-peche-dans-le-plaisir.jpeg","width":309,"height":500},{"@type":"BreadcrumbList","@id":"https:\/\/lechappeeclose.it\/boutique\/non class\u00e9\/jai-peche-peche-dans-le-plaisir-2\/#breadcrumb","itemListElement":[{"@type":"ListItem","position":1,"name":"Accueil","item":"http:\/\/lechappeeclose.it\/"},{"@type":"ListItem","position":2,"name":"Boutique","item":"http:\/\/lechappeeclose.it\/it\/boutique\/"},{"@type":"ListItem","position":3,"name":"J&#8217;ai p\u00e9ch\u00e9, p\u00e9ch\u00e9 dans le plaisir"}]},{"@type":"WebSite","@id":"http:\/\/lechappeeclose.it\/#website","url":"http:\/\/lechappeeclose.it\/","name":"l&#039;\u00e9chapp\u00e9e close","description":"La libreria francese di Milano","publisher":{"@id":"http:\/\/lechappeeclose.it\/#organization"},"alternateName":"La librairie fran\u00e7aise de Milan","potentialAction":[{"@type":"SearchAction","target":{"@type":"EntryPoint","urlTemplate":"http:\/\/lechappeeclose.it\/?s={search_term_string}"},"query-input":{"@type":"PropertyValueSpecification","valueRequired":true,"valueName":"search_term_string"}}],"inLanguage":"it-IT"},{"@type":"Organization","@id":"http:\/\/lechappeeclose.it\/#organization","name":"l&#039;\u00e9chapp\u00e9e close","url":"http:\/\/lechappeeclose.it\/","logo":{"@type":"ImageObject","inLanguage":"it-IT","@id":"http:\/\/lechappeeclose.it\/#\/schema\/logo\/image\/","url":"http:\/\/lechappeeclose.it\/wp-content\/uploads\/2025\/02\/cropped-logo-rond.png","contentUrl":"http:\/\/lechappeeclose.it\/wp-content\/uploads\/2025\/02\/cropped-logo-rond.png","width":1080,"height":1080,"caption":"l&#039;\u00e9chapp\u00e9e close"},"image":{"@id":"http:\/\/lechappeeclose.it\/#\/schema\/logo\/image\/"},"sameAs":["https:\/\/www.instagram.com\/lechappeeclose\/"]}]}},"_links":{"self":[{"href":"http:\/\/lechappeeclose.it\/it\/wp-json\/wp\/v2\/product\/13242","targetHints":{"allow":["GET"]}}],"collection":[{"href":"http:\/\/lechappeeclose.it\/it\/wp-json\/wp\/v2\/product"}],"about":[{"href":"http:\/\/lechappeeclose.it\/it\/wp-json\/wp\/v2\/types\/product"}],"replies":[{"embeddable":true,"href":"http:\/\/lechappeeclose.it\/it\/wp-json\/wp\/v2\/comments?post=13242"}],"wp:featuredmedia":[{"embeddable":true,"href":"http:\/\/lechappeeclose.it\/it\/wp-json\/wp\/v2\/media\/13241"}],"wp:attachment":[{"href":"http:\/\/lechappeeclose.it\/it\/wp-json\/wp\/v2\/media?parent=13242"}],"wp:term":[{"taxonomy":"product_brand","embeddable":true,"href":"http:\/\/lechappeeclose.it\/it\/wp-json\/wp\/v2\/product_brand?post=13242"},{"taxonomy":"product_cat","embeddable":true,"href":"http:\/\/lechappeeclose.it\/it\/wp-json\/wp\/v2\/product_cat?post=13242"},{"taxonomy":"product_tag","embeddable":true,"href":"http:\/\/lechappeeclose.it\/it\/wp-json\/wp\/v2\/product_tag?post=13242"}],"curies":[{"name":"wp","href":"https:\/\/api.w.org\/{rel}","templated":true}]}}