{"id":13209,"date":"2026-04-21T17:19:47","date_gmt":"2026-04-21T15:19:47","guid":{"rendered":"https:\/\/lechappeeclose.it\/boutique\/non class\u00e9\/pas-perdu\/"},"modified":"2026-04-21T17:19:47","modified_gmt":"2026-04-21T15:19:47","slug":"pas-perdu","status":"publish","type":"product","link":"http:\/\/lechappeeclose.it\/it\/boutique\/livres\/litterature\/romans\/pas-perdu\/","title":{"rendered":"Pas perdu"},"content":{"rendered":"<p>Cette fois, c\u2019est foutu, la clef sous la porte. La ferme familiale est en faillite. Le jour o\u00f9 son p\u00e8re le lui annonce, Marlon propose une id\u00e9e saugrenue : transformer l\u2019un de ses champs de ma\u00efs en labyrinthe g\u00e9ant, \u00e0 la mani\u00e8re des corn mazes am\u00e9ricains, en guise d\u2019attraction estivale pour renflouer les caisses.\u00c0 bient\u00f4t 18 ans, Marlon cultive une \u00e9tonnante passion pour les labyrinthes, mais aussi pour la peinture classique et les anagrammes. D\u2019ailleurs, il s\u2019inqui\u00e8te du fait que les lettres de son pr\u00e9nom forment le mot normal, lui qui se sent si \u00e9trange, \u00e0 mesure que cro\u00eet son d\u00e9sir pour les hommes.\u00c9paul\u00e9 par sa meilleure amie Memel, Marlon con\u00e7oit, \u00e0 quelques m\u00e8tres de la d\u00e9partementale, un d\u00e9dale v\u00e9g\u00e9tal si complexe et fascinant que tout le monde y accourt. Peu \u00e0 peu, sa cr\u00e9ation devient le d\u00e9cor d\u2019un \u00e9t\u00e9 caniculaire fait de d\u00e9sir et de menace.Alliant r\u00e9cit queer et regard \u00e9cologique sur le monde agricole, ce roman, port\u00e9 par une \u00e9criture inventive et po\u00e9tique, revisite le mythe antique du labyrinthe pour en faire une fable contemporaine sur l\u2019\u00e9mancipation.<\/p>","protected":false},"excerpt":{"rendered":"<p>Cette fois, c\u2019est foutu, la clef sous la porte. La ferme familiale est en faillite. Le jour o\u00f9 son p\u00e8re le lui annonce, Marlon propose une id\u00e9e saugrenue : transformer l\u2019un de ses champs de ma\u00efs en labyrinthe g\u00e9ant, \u00e0 la mani\u00e8re des corn mazes am\u00e9ricains, en guise d\u2019attraction estivale pour renflouer les caisses.\u00c0 bient\u00f4t [&hellip;]<\/p>","protected":false},"featured_media":13208,"comment_status":"open","ping_status":"closed","template":"","meta":[],"product_brand":[],"product_cat":[46],"product_tag":[],"class_list":{"0":"post-13209","1":"product","2":"type-product","3":"status-publish","4":"has-post-thumbnail","6":"product_cat-romans","8":"first","9":"instock","10":"taxable","11":"shipping-taxable","12":"purchasable","13":"product-type-simple"},"yoast_head":"<!-- This site is optimized with the Yoast SEO plugin v27.4 - https:\/\/yoast.com\/product\/yoast-seo-wordpress\/ -->\n<title>Pas perdu - l&#039;\u00e9chapp\u00e9e close<\/title>\n<meta name=\"robots\" content=\"index, follow, max-snippet:-1, max-image-preview:large, max-video-preview:-1\" \/>\n<link rel=\"canonical\" href=\"https:\/\/lechappeeclose.it\/it\/boutique\/non%20class\u00e9\/pas-perdu\/\" \/>\n<meta property=\"og:locale\" content=\"it_IT\" \/>\n<meta property=\"og:type\" content=\"article\" \/>\n<meta property=\"og:title\" content=\"Pas perdu - l&#039;\u00e9chapp\u00e9e close\" \/>\n<meta property=\"og:description\" content=\"Cette fois, c\u2019est foutu, la clef sous la porte. La ferme familiale est en faillite. Le jour o\u00f9 son p\u00e8re le lui annonce, Marlon propose une id\u00e9e saugrenue : transformer l\u2019un de ses champs de ma\u00efs en labyrinthe g\u00e9ant, \u00e0 la mani\u00e8re des corn mazes am\u00e9ricains, en guise d\u2019attraction estivale pour renflouer les caisses.\u00c0 bient\u00f4t [&hellip;]\" \/>\n<meta property=\"og:url\" content=\"https:\/\/lechappeeclose.it\/it\/boutique\/non class\u00e9\/pas-perdu\/\" \/>\n<meta property=\"og:site_name\" content=\"l&#039;\u00e9chapp\u00e9e close\" \/>\n<meta property=\"og:image\" content=\"http:\/\/lechappeeclose.it\/wp-content\/uploads\/2023\/02\/Les-romans-de-lechappee-close-scaled.jpg\" \/>\n\t<meta property=\"og:image:width\" content=\"2560\" \/>\n\t<meta property=\"og:image:height\" content=\"1440\" \/>\n\t<meta property=\"og:image:type\" content=\"image\/jpeg\" \/>\n<meta name=\"twitter:card\" content=\"summary_large_image\" \/>\n<meta name=\"twitter:label1\" content=\"Tempo di lettura stimato\" \/>\n\t<meta name=\"twitter:data1\" content=\"1 minuto\" \/>\n<script type=\"application\/ld+json\" class=\"yoast-schema-graph\">{\"@context\":\"https:\\\/\\\/schema.org\",\"@graph\":[{\"@type\":\"WebPage\",\"@id\":\"https:\\\/\\\/lechappeeclose.it\\\/boutique\\\/non class\u00e9\\\/pas-perdu\\\/\",\"url\":\"https:\\\/\\\/lechappeeclose.it\\\/boutique\\\/non class\u00e9\\\/pas-perdu\\\/\",\"name\":\"Pas perdu - l&#039;\u00e9chapp\u00e9e close\",\"isPartOf\":{\"@id\":\"http:\\\/\\\/lechappeeclose.it\\\/#website\"},\"primaryImageOfPage\":{\"@id\":\"https:\\\/\\\/lechappeeclose.it\\\/boutique\\\/non class\u00e9\\\/pas-perdu\\\/#primaryimage\"},\"image\":{\"@id\":\"https:\\\/\\\/lechappeeclose.it\\\/boutique\\\/non class\u00e9\\\/pas-perdu\\\/#primaryimage\"},\"thumbnailUrl\":\"http:\\\/\\\/lechappeeclose.it\\\/wp-content\\\/uploads\\\/2026\\\/04\\\/Pas-perdu.jpeg\",\"datePublished\":\"2026-04-21T15:19:47+00:00\",\"breadcrumb\":{\"@id\":\"https:\\\/\\\/lechappeeclose.it\\\/boutique\\\/non class\u00e9\\\/pas-perdu\\\/#breadcrumb\"},\"inLanguage\":\"it-IT\",\"potentialAction\":[{\"@type\":\"ReadAction\",\"target\":[\"https:\\\/\\\/lechappeeclose.it\\\/boutique\\\/non class\u00e9\\\/pas-perdu\\\/\"]}]},{\"@type\":\"ImageObject\",\"inLanguage\":\"it-IT\",\"@id\":\"https:\\\/\\\/lechappeeclose.it\\\/boutique\\\/non class\u00e9\\\/pas-perdu\\\/#primaryimage\",\"url\":\"http:\\\/\\\/lechappeeclose.it\\\/wp-content\\\/uploads\\\/2026\\\/04\\\/Pas-perdu.jpeg\",\"contentUrl\":\"http:\\\/\\\/lechappeeclose.it\\\/wp-content\\\/uploads\\\/2026\\\/04\\\/Pas-perdu.jpeg\",\"width\":342,\"height\":500},{\"@type\":\"BreadcrumbList\",\"@id\":\"https:\\\/\\\/lechappeeclose.it\\\/boutique\\\/non class\u00e9\\\/pas-perdu\\\/#breadcrumb\",\"itemListElement\":[{\"@type\":\"ListItem\",\"position\":1,\"name\":\"Accueil\",\"item\":\"http:\\\/\\\/lechappeeclose.it\\\/\"},{\"@type\":\"ListItem\",\"position\":2,\"name\":\"Boutique\",\"item\":\"http:\\\/\\\/lechappeeclose.it\\\/it\\\/boutique\\\/\"},{\"@type\":\"ListItem\",\"position\":3,\"name\":\"Pas perdu\"}]},{\"@type\":\"WebSite\",\"@id\":\"http:\\\/\\\/lechappeeclose.it\\\/#website\",\"url\":\"http:\\\/\\\/lechappeeclose.it\\\/\",\"name\":\"l&#039;\u00e9chapp\u00e9e close\",\"description\":\"la librairie fran\u00e7aise de Milan\",\"publisher\":{\"@id\":\"http:\\\/\\\/lechappeeclose.it\\\/#organization\"},\"alternateName\":\"La librairie fran\u00e7aise de Milan\",\"potentialAction\":[{\"@type\":\"SearchAction\",\"target\":{\"@type\":\"EntryPoint\",\"urlTemplate\":\"http:\\\/\\\/lechappeeclose.it\\\/?s={search_term_string}\"},\"query-input\":{\"@type\":\"PropertyValueSpecification\",\"valueRequired\":true,\"valueName\":\"search_term_string\"}}],\"inLanguage\":\"it-IT\"},{\"@type\":\"Organization\",\"@id\":\"http:\\\/\\\/lechappeeclose.it\\\/#organization\",\"name\":\"l&#039;\u00e9chapp\u00e9e close\",\"url\":\"http:\\\/\\\/lechappeeclose.it\\\/\",\"logo\":{\"@type\":\"ImageObject\",\"inLanguage\":\"it-IT\",\"@id\":\"http:\\\/\\\/lechappeeclose.it\\\/#\\\/schema\\\/logo\\\/image\\\/\",\"url\":\"http:\\\/\\\/lechappeeclose.it\\\/wp-content\\\/uploads\\\/2025\\\/02\\\/cropped-logo-rond.png\",\"contentUrl\":\"http:\\\/\\\/lechappeeclose.it\\\/wp-content\\\/uploads\\\/2025\\\/02\\\/cropped-logo-rond.png\",\"width\":1080,\"height\":1080,\"caption\":\"l&#039;\u00e9chapp\u00e9e close\"},\"image\":{\"@id\":\"http:\\\/\\\/lechappeeclose.it\\\/#\\\/schema\\\/logo\\\/image\\\/\"},\"sameAs\":[\"https:\\\/\\\/www.instagram.com\\\/lechappeeclose\\\/\"]}]}<\/script>\n<!-- \/ Yoast SEO plugin. -->","yoast_head_json":{"title":"Pas perdu - l&#039;\u00e9chapp\u00e9e close","robots":{"index":"index","follow":"follow","max-snippet":"max-snippet:-1","max-image-preview":"max-image-preview:large","max-video-preview":"max-video-preview:-1"},"canonical":"https:\/\/lechappeeclose.it\/it\/boutique\/non class\u00e9\/pas-perdu\/","og_locale":"it_IT","og_type":"article","og_title":"Pas perdu - l&#039;\u00e9chapp\u00e9e close","og_description":"Cette fois, c\u2019est foutu, la clef sous la porte. La ferme familiale est en faillite. Le jour o\u00f9 son p\u00e8re le lui annonce, Marlon propose une id\u00e9e saugrenue : transformer l\u2019un de ses champs de ma\u00efs en labyrinthe g\u00e9ant, \u00e0 la mani\u00e8re des corn mazes am\u00e9ricains, en guise d\u2019attraction estivale pour renflouer les caisses.\u00c0 bient\u00f4t [&hellip;]","og_url":"https:\/\/lechappeeclose.it\/it\/boutique\/non class\u00e9\/pas-perdu\/","og_site_name":"l&#039;\u00e9chapp\u00e9e close","og_image":[{"width":2560,"height":1440,"url":"http:\/\/lechappeeclose.it\/wp-content\/uploads\/2023\/02\/Les-romans-de-lechappee-close-scaled.jpg","type":"image\/jpeg"}],"twitter_card":"summary_large_image","twitter_misc":{"Tempo di lettura stimato":"1 minuto"},"schema":{"@context":"https:\/\/schema.org","@graph":[{"@type":"WebPage","@id":"https:\/\/lechappeeclose.it\/boutique\/non class\u00e9\/pas-perdu\/","url":"https:\/\/lechappeeclose.it\/boutique\/non class\u00e9\/pas-perdu\/","name":"Pas perdu - l&#039;\u00e9chapp\u00e9e close","isPartOf":{"@id":"http:\/\/lechappeeclose.it\/#website"},"primaryImageOfPage":{"@id":"https:\/\/lechappeeclose.it\/boutique\/non class\u00e9\/pas-perdu\/#primaryimage"},"image":{"@id":"https:\/\/lechappeeclose.it\/boutique\/non class\u00e9\/pas-perdu\/#primaryimage"},"thumbnailUrl":"http:\/\/lechappeeclose.it\/wp-content\/uploads\/2026\/04\/Pas-perdu.jpeg","datePublished":"2026-04-21T15:19:47+00:00","breadcrumb":{"@id":"https:\/\/lechappeeclose.it\/boutique\/non class\u00e9\/pas-perdu\/#breadcrumb"},"inLanguage":"it-IT","potentialAction":[{"@type":"ReadAction","target":["https:\/\/lechappeeclose.it\/boutique\/non class\u00e9\/pas-perdu\/"]}]},{"@type":"ImageObject","inLanguage":"it-IT","@id":"https:\/\/lechappeeclose.it\/boutique\/non class\u00e9\/pas-perdu\/#primaryimage","url":"http:\/\/lechappeeclose.it\/wp-content\/uploads\/2026\/04\/Pas-perdu.jpeg","contentUrl":"http:\/\/lechappeeclose.it\/wp-content\/uploads\/2026\/04\/Pas-perdu.jpeg","width":342,"height":500},{"@type":"BreadcrumbList","@id":"https:\/\/lechappeeclose.it\/boutique\/non class\u00e9\/pas-perdu\/#breadcrumb","itemListElement":[{"@type":"ListItem","position":1,"name":"Accueil","item":"http:\/\/lechappeeclose.it\/"},{"@type":"ListItem","position":2,"name":"Boutique","item":"http:\/\/lechappeeclose.it\/it\/boutique\/"},{"@type":"ListItem","position":3,"name":"Pas perdu"}]},{"@type":"WebSite","@id":"http:\/\/lechappeeclose.it\/#website","url":"http:\/\/lechappeeclose.it\/","name":"l&#039;\u00e9chapp\u00e9e close","description":"La libreria francese di Milano","publisher":{"@id":"http:\/\/lechappeeclose.it\/#organization"},"alternateName":"La librairie fran\u00e7aise de Milan","potentialAction":[{"@type":"SearchAction","target":{"@type":"EntryPoint","urlTemplate":"http:\/\/lechappeeclose.it\/?s={search_term_string}"},"query-input":{"@type":"PropertyValueSpecification","valueRequired":true,"valueName":"search_term_string"}}],"inLanguage":"it-IT"},{"@type":"Organization","@id":"http:\/\/lechappeeclose.it\/#organization","name":"l&#039;\u00e9chapp\u00e9e close","url":"http:\/\/lechappeeclose.it\/","logo":{"@type":"ImageObject","inLanguage":"it-IT","@id":"http:\/\/lechappeeclose.it\/#\/schema\/logo\/image\/","url":"http:\/\/lechappeeclose.it\/wp-content\/uploads\/2025\/02\/cropped-logo-rond.png","contentUrl":"http:\/\/lechappeeclose.it\/wp-content\/uploads\/2025\/02\/cropped-logo-rond.png","width":1080,"height":1080,"caption":"l&#039;\u00e9chapp\u00e9e close"},"image":{"@id":"http:\/\/lechappeeclose.it\/#\/schema\/logo\/image\/"},"sameAs":["https:\/\/www.instagram.com\/lechappeeclose\/"]}]}},"_links":{"self":[{"href":"http:\/\/lechappeeclose.it\/it\/wp-json\/wp\/v2\/product\/13209","targetHints":{"allow":["GET"]}}],"collection":[{"href":"http:\/\/lechappeeclose.it\/it\/wp-json\/wp\/v2\/product"}],"about":[{"href":"http:\/\/lechappeeclose.it\/it\/wp-json\/wp\/v2\/types\/product"}],"replies":[{"embeddable":true,"href":"http:\/\/lechappeeclose.it\/it\/wp-json\/wp\/v2\/comments?post=13209"}],"wp:featuredmedia":[{"embeddable":true,"href":"http:\/\/lechappeeclose.it\/it\/wp-json\/wp\/v2\/media\/13208"}],"wp:attachment":[{"href":"http:\/\/lechappeeclose.it\/it\/wp-json\/wp\/v2\/media?parent=13209"}],"wp:term":[{"taxonomy":"product_brand","embeddable":true,"href":"http:\/\/lechappeeclose.it\/it\/wp-json\/wp\/v2\/product_brand?post=13209"},{"taxonomy":"product_cat","embeddable":true,"href":"http:\/\/lechappeeclose.it\/it\/wp-json\/wp\/v2\/product_cat?post=13209"},{"taxonomy":"product_tag","embeddable":true,"href":"http:\/\/lechappeeclose.it\/it\/wp-json\/wp\/v2\/product_tag?post=13209"}],"curies":[{"name":"wp","href":"https:\/\/api.w.org\/{rel}","templated":true}]}}