{"id":13189,"date":"2026-04-21T16:52:32","date_gmt":"2026-04-21T14:52:32","guid":{"rendered":"https:\/\/lechappeeclose.it\/boutique\/non class\u00e9\/dj-portrait-de-lartiste-en-animale-nocturne\/"},"modified":"2026-04-21T16:52:32","modified_gmt":"2026-04-21T14:52:32","slug":"dj-portrait-de-lartiste-en-animale-nocturne","status":"publish","type":"product","link":"http:\/\/lechappeeclose.it\/it\/boutique\/livres\/litterature\/romans\/dj-portrait-de-lartiste-en-animale-nocturne\/","title":{"rendered":"DJ: Portrait de l&#8217;artiste en animale nocturne"},"content":{"rendered":"<p>\u00abDevenir DJ, c&#8217;\u00e9tait fuir, me rebeller contre un ordre diurne du temps et des corps. D\u00e9serter la norme. Vivre quand les autres dorment. Me lever tard. Fl\u00e2ner dans la ville, sortir de bo\u00eete, me glisser dans une autre, prolonger les nuits jusque dans le jour. \u00c9chapper \u00e0 la classe, au bureau. \u00c9chapper \u00e0 ma classe, sortir de mon \u00e9tat, de mon milieu, pour plonger dans cet \u00e9trange milieu, le milieu de la nuit, le milieu des femmes.\u00bb Un voyage \u00e9blouissant dans la m\u00e9moire d&#8217;Anne F. Garr\u00e9ta qui revient sur les lieux de son premier livre \u00e9crit en 1986, \u00e0 l&#8217;\u00e2ge de 23 ans : Sphinx, roman virtuose devenu culte, diss\u00e9quait dans une langue classique la passion, sur fond de bo\u00eetes de nuit, entre deux personnages de sexe ind\u00e9cidable. Quarante ans apr\u00e8s, l&#8217;envers du d\u00e9cor se d\u00e9voile. Anne F. Garr\u00e9ta, nous plonge de fa\u00e7on abrupte et radicale dans la nuit des ann\u00e9es 1980, o\u00f9 elle fit l&#8217;apprentissage du m\u00e9tier de DJ au Katmandou, bo\u00eete de la rue du Vieux-Colombier. Vertige, beaut\u00e9, \u00e9clat de ce parcours initiatique entre Paris, New York et Berlin ; travers\u00e9e nocturne, nomade o\u00f9 les gestes de la DJ se diffractent avec \u00e9l\u00e9gance dans ceux de l&#8217;\u00e9criture, de la danse et de l&#8217;amour.<\/p>","protected":false},"excerpt":{"rendered":"<p>\u00abDevenir DJ, c&#8217;\u00e9tait fuir, me rebeller contre un ordre diurne du temps et des corps. D\u00e9serter la norme. Vivre quand les autres dorment. Me lever tard. Fl\u00e2ner dans la ville, sortir de bo\u00eete, me glisser dans une autre, prolonger les nuits jusque dans le jour. \u00c9chapper \u00e0 la classe, au bureau. \u00c9chapper \u00e0 ma classe, [&hellip;]<\/p>","protected":false},"featured_media":13188,"comment_status":"open","ping_status":"closed","template":"","meta":[],"product_brand":[],"product_cat":[46],"product_tag":[],"class_list":{"0":"post-13189","1":"product","2":"type-product","3":"status-publish","4":"has-post-thumbnail","6":"product_cat-romans","8":"first","9":"instock","10":"taxable","11":"shipping-taxable","12":"purchasable","13":"product-type-simple"},"yoast_head":"<!-- This site is optimized with the Yoast SEO plugin v27.4 - https:\/\/yoast.com\/product\/yoast-seo-wordpress\/ -->\n<title>DJ: Portrait de l&#039;artiste en animale nocturne - l&#039;\u00e9chapp\u00e9e close<\/title>\n<meta name=\"robots\" content=\"index, follow, max-snippet:-1, max-image-preview:large, max-video-preview:-1\" \/>\n<link rel=\"canonical\" href=\"https:\/\/lechappeeclose.it\/it\/boutique\/non%20class\u00e9\/dj-portrait-de-lartiste-en-animale-nocturne\/\" \/>\n<meta property=\"og:locale\" content=\"it_IT\" \/>\n<meta property=\"og:type\" content=\"article\" \/>\n<meta property=\"og:title\" content=\"DJ: Portrait de l&#039;artiste en animale nocturne - l&#039;\u00e9chapp\u00e9e close\" \/>\n<meta property=\"og:description\" content=\"\u00abDevenir DJ, c&#8217;\u00e9tait fuir, me rebeller contre un ordre diurne du temps et des corps. D\u00e9serter la norme. Vivre quand les autres dorment. Me lever tard. Fl\u00e2ner dans la ville, sortir de bo\u00eete, me glisser dans une autre, prolonger les nuits jusque dans le jour. \u00c9chapper \u00e0 la classe, au bureau. \u00c9chapper \u00e0 ma classe, [&hellip;]\" \/>\n<meta property=\"og:url\" content=\"https:\/\/lechappeeclose.it\/it\/boutique\/non class\u00e9\/dj-portrait-de-lartiste-en-animale-nocturne\/\" \/>\n<meta property=\"og:site_name\" content=\"l&#039;\u00e9chapp\u00e9e close\" \/>\n<meta property=\"og:image\" content=\"http:\/\/lechappeeclose.it\/wp-content\/uploads\/2023\/02\/Les-romans-de-lechappee-close-scaled.jpg\" \/>\n\t<meta property=\"og:image:width\" content=\"2560\" \/>\n\t<meta property=\"og:image:height\" content=\"1440\" \/>\n\t<meta property=\"og:image:type\" content=\"image\/jpeg\" \/>\n<meta name=\"twitter:card\" content=\"summary_large_image\" \/>\n<meta name=\"twitter:label1\" content=\"Tempo di lettura stimato\" \/>\n\t<meta name=\"twitter:data1\" content=\"1 minuto\" \/>\n<script type=\"application\/ld+json\" class=\"yoast-schema-graph\">{\"@context\":\"https:\\\/\\\/schema.org\",\"@graph\":[{\"@type\":\"WebPage\",\"@id\":\"https:\\\/\\\/lechappeeclose.it\\\/boutique\\\/non class\u00e9\\\/dj-portrait-de-lartiste-en-animale-nocturne\\\/\",\"url\":\"https:\\\/\\\/lechappeeclose.it\\\/boutique\\\/non class\u00e9\\\/dj-portrait-de-lartiste-en-animale-nocturne\\\/\",\"name\":\"DJ: Portrait de l'artiste en animale nocturne - l&#039;\u00e9chapp\u00e9e close\",\"isPartOf\":{\"@id\":\"http:\\\/\\\/lechappeeclose.it\\\/#website\"},\"primaryImageOfPage\":{\"@id\":\"https:\\\/\\\/lechappeeclose.it\\\/boutique\\\/non class\u00e9\\\/dj-portrait-de-lartiste-en-animale-nocturne\\\/#primaryimage\"},\"image\":{\"@id\":\"https:\\\/\\\/lechappeeclose.it\\\/boutique\\\/non class\u00e9\\\/dj-portrait-de-lartiste-en-animale-nocturne\\\/#primaryimage\"},\"thumbnailUrl\":\"http:\\\/\\\/lechappeeclose.it\\\/wp-content\\\/uploads\\\/2026\\\/04\\\/DJ-Portrait-de-lartiste-en-animale-nocturne.jpeg\",\"datePublished\":\"2026-04-21T14:52:32+00:00\",\"breadcrumb\":{\"@id\":\"https:\\\/\\\/lechappeeclose.it\\\/boutique\\\/non class\u00e9\\\/dj-portrait-de-lartiste-en-animale-nocturne\\\/#breadcrumb\"},\"inLanguage\":\"it-IT\",\"potentialAction\":[{\"@type\":\"ReadAction\",\"target\":[\"https:\\\/\\\/lechappeeclose.it\\\/boutique\\\/non class\u00e9\\\/dj-portrait-de-lartiste-en-animale-nocturne\\\/\"]}]},{\"@type\":\"ImageObject\",\"inLanguage\":\"it-IT\",\"@id\":\"https:\\\/\\\/lechappeeclose.it\\\/boutique\\\/non class\u00e9\\\/dj-portrait-de-lartiste-en-animale-nocturne\\\/#primaryimage\",\"url\":\"http:\\\/\\\/lechappeeclose.it\\\/wp-content\\\/uploads\\\/2026\\\/04\\\/DJ-Portrait-de-lartiste-en-animale-nocturne.jpeg\",\"contentUrl\":\"http:\\\/\\\/lechappeeclose.it\\\/wp-content\\\/uploads\\\/2026\\\/04\\\/DJ-Portrait-de-lartiste-en-animale-nocturne.jpeg\",\"width\":342,\"height\":500},{\"@type\":\"BreadcrumbList\",\"@id\":\"https:\\\/\\\/lechappeeclose.it\\\/boutique\\\/non class\u00e9\\\/dj-portrait-de-lartiste-en-animale-nocturne\\\/#breadcrumb\",\"itemListElement\":[{\"@type\":\"ListItem\",\"position\":1,\"name\":\"Accueil\",\"item\":\"http:\\\/\\\/lechappeeclose.it\\\/\"},{\"@type\":\"ListItem\",\"position\":2,\"name\":\"Boutique\",\"item\":\"http:\\\/\\\/lechappeeclose.it\\\/it\\\/boutique\\\/\"},{\"@type\":\"ListItem\",\"position\":3,\"name\":\"DJ: Portrait de l&#8217;artiste en animale nocturne\"}]},{\"@type\":\"WebSite\",\"@id\":\"http:\\\/\\\/lechappeeclose.it\\\/#website\",\"url\":\"http:\\\/\\\/lechappeeclose.it\\\/\",\"name\":\"l&#039;\u00e9chapp\u00e9e close\",\"description\":\"la librairie fran\u00e7aise de Milan\",\"publisher\":{\"@id\":\"http:\\\/\\\/lechappeeclose.it\\\/#organization\"},\"alternateName\":\"La librairie fran\u00e7aise de Milan\",\"potentialAction\":[{\"@type\":\"SearchAction\",\"target\":{\"@type\":\"EntryPoint\",\"urlTemplate\":\"http:\\\/\\\/lechappeeclose.it\\\/?s={search_term_string}\"},\"query-input\":{\"@type\":\"PropertyValueSpecification\",\"valueRequired\":true,\"valueName\":\"search_term_string\"}}],\"inLanguage\":\"it-IT\"},{\"@type\":\"Organization\",\"@id\":\"http:\\\/\\\/lechappeeclose.it\\\/#organization\",\"name\":\"l&#039;\u00e9chapp\u00e9e close\",\"url\":\"http:\\\/\\\/lechappeeclose.it\\\/\",\"logo\":{\"@type\":\"ImageObject\",\"inLanguage\":\"it-IT\",\"@id\":\"http:\\\/\\\/lechappeeclose.it\\\/#\\\/schema\\\/logo\\\/image\\\/\",\"url\":\"http:\\\/\\\/lechappeeclose.it\\\/wp-content\\\/uploads\\\/2025\\\/02\\\/cropped-logo-rond.png\",\"contentUrl\":\"http:\\\/\\\/lechappeeclose.it\\\/wp-content\\\/uploads\\\/2025\\\/02\\\/cropped-logo-rond.png\",\"width\":1080,\"height\":1080,\"caption\":\"l&#039;\u00e9chapp\u00e9e close\"},\"image\":{\"@id\":\"http:\\\/\\\/lechappeeclose.it\\\/#\\\/schema\\\/logo\\\/image\\\/\"},\"sameAs\":[\"https:\\\/\\\/www.instagram.com\\\/lechappeeclose\\\/\"]}]}<\/script>\n<!-- \/ Yoast SEO plugin. -->","yoast_head_json":{"title":"DJ: Portrait de l'artiste en animale nocturne - l&#039;\u00e9chapp\u00e9e close","robots":{"index":"index","follow":"follow","max-snippet":"max-snippet:-1","max-image-preview":"max-image-preview:large","max-video-preview":"max-video-preview:-1"},"canonical":"https:\/\/lechappeeclose.it\/it\/boutique\/non class\u00e9\/dj-portrait-de-lartiste-en-animale-nocturne\/","og_locale":"it_IT","og_type":"article","og_title":"DJ: Portrait de l'artiste en animale nocturne - l&#039;\u00e9chapp\u00e9e close","og_description":"\u00abDevenir DJ, c&#8217;\u00e9tait fuir, me rebeller contre un ordre diurne du temps et des corps. D\u00e9serter la norme. Vivre quand les autres dorment. Me lever tard. Fl\u00e2ner dans la ville, sortir de bo\u00eete, me glisser dans une autre, prolonger les nuits jusque dans le jour. \u00c9chapper \u00e0 la classe, au bureau. \u00c9chapper \u00e0 ma classe, [&hellip;]","og_url":"https:\/\/lechappeeclose.it\/it\/boutique\/non class\u00e9\/dj-portrait-de-lartiste-en-animale-nocturne\/","og_site_name":"l&#039;\u00e9chapp\u00e9e close","og_image":[{"width":2560,"height":1440,"url":"http:\/\/lechappeeclose.it\/wp-content\/uploads\/2023\/02\/Les-romans-de-lechappee-close-scaled.jpg","type":"image\/jpeg"}],"twitter_card":"summary_large_image","twitter_misc":{"Tempo di lettura stimato":"1 minuto"},"schema":{"@context":"https:\/\/schema.org","@graph":[{"@type":"WebPage","@id":"https:\/\/lechappeeclose.it\/boutique\/non class\u00e9\/dj-portrait-de-lartiste-en-animale-nocturne\/","url":"https:\/\/lechappeeclose.it\/boutique\/non class\u00e9\/dj-portrait-de-lartiste-en-animale-nocturne\/","name":"DJ: Portrait de l'artiste en animale nocturne - l&#039;\u00e9chapp\u00e9e close","isPartOf":{"@id":"http:\/\/lechappeeclose.it\/#website"},"primaryImageOfPage":{"@id":"https:\/\/lechappeeclose.it\/boutique\/non class\u00e9\/dj-portrait-de-lartiste-en-animale-nocturne\/#primaryimage"},"image":{"@id":"https:\/\/lechappeeclose.it\/boutique\/non class\u00e9\/dj-portrait-de-lartiste-en-animale-nocturne\/#primaryimage"},"thumbnailUrl":"http:\/\/lechappeeclose.it\/wp-content\/uploads\/2026\/04\/DJ-Portrait-de-lartiste-en-animale-nocturne.jpeg","datePublished":"2026-04-21T14:52:32+00:00","breadcrumb":{"@id":"https:\/\/lechappeeclose.it\/boutique\/non class\u00e9\/dj-portrait-de-lartiste-en-animale-nocturne\/#breadcrumb"},"inLanguage":"it-IT","potentialAction":[{"@type":"ReadAction","target":["https:\/\/lechappeeclose.it\/boutique\/non class\u00e9\/dj-portrait-de-lartiste-en-animale-nocturne\/"]}]},{"@type":"ImageObject","inLanguage":"it-IT","@id":"https:\/\/lechappeeclose.it\/boutique\/non class\u00e9\/dj-portrait-de-lartiste-en-animale-nocturne\/#primaryimage","url":"http:\/\/lechappeeclose.it\/wp-content\/uploads\/2026\/04\/DJ-Portrait-de-lartiste-en-animale-nocturne.jpeg","contentUrl":"http:\/\/lechappeeclose.it\/wp-content\/uploads\/2026\/04\/DJ-Portrait-de-lartiste-en-animale-nocturne.jpeg","width":342,"height":500},{"@type":"BreadcrumbList","@id":"https:\/\/lechappeeclose.it\/boutique\/non class\u00e9\/dj-portrait-de-lartiste-en-animale-nocturne\/#breadcrumb","itemListElement":[{"@type":"ListItem","position":1,"name":"Accueil","item":"http:\/\/lechappeeclose.it\/"},{"@type":"ListItem","position":2,"name":"Boutique","item":"http:\/\/lechappeeclose.it\/it\/boutique\/"},{"@type":"ListItem","position":3,"name":"DJ: Portrait de l&#8217;artiste en animale nocturne"}]},{"@type":"WebSite","@id":"http:\/\/lechappeeclose.it\/#website","url":"http:\/\/lechappeeclose.it\/","name":"l&#039;\u00e9chapp\u00e9e close","description":"La libreria francese di Milano","publisher":{"@id":"http:\/\/lechappeeclose.it\/#organization"},"alternateName":"La librairie fran\u00e7aise de Milan","potentialAction":[{"@type":"SearchAction","target":{"@type":"EntryPoint","urlTemplate":"http:\/\/lechappeeclose.it\/?s={search_term_string}"},"query-input":{"@type":"PropertyValueSpecification","valueRequired":true,"valueName":"search_term_string"}}],"inLanguage":"it-IT"},{"@type":"Organization","@id":"http:\/\/lechappeeclose.it\/#organization","name":"l&#039;\u00e9chapp\u00e9e close","url":"http:\/\/lechappeeclose.it\/","logo":{"@type":"ImageObject","inLanguage":"it-IT","@id":"http:\/\/lechappeeclose.it\/#\/schema\/logo\/image\/","url":"http:\/\/lechappeeclose.it\/wp-content\/uploads\/2025\/02\/cropped-logo-rond.png","contentUrl":"http:\/\/lechappeeclose.it\/wp-content\/uploads\/2025\/02\/cropped-logo-rond.png","width":1080,"height":1080,"caption":"l&#039;\u00e9chapp\u00e9e close"},"image":{"@id":"http:\/\/lechappeeclose.it\/#\/schema\/logo\/image\/"},"sameAs":["https:\/\/www.instagram.com\/lechappeeclose\/"]}]}},"_links":{"self":[{"href":"http:\/\/lechappeeclose.it\/it\/wp-json\/wp\/v2\/product\/13189","targetHints":{"allow":["GET"]}}],"collection":[{"href":"http:\/\/lechappeeclose.it\/it\/wp-json\/wp\/v2\/product"}],"about":[{"href":"http:\/\/lechappeeclose.it\/it\/wp-json\/wp\/v2\/types\/product"}],"replies":[{"embeddable":true,"href":"http:\/\/lechappeeclose.it\/it\/wp-json\/wp\/v2\/comments?post=13189"}],"wp:featuredmedia":[{"embeddable":true,"href":"http:\/\/lechappeeclose.it\/it\/wp-json\/wp\/v2\/media\/13188"}],"wp:attachment":[{"href":"http:\/\/lechappeeclose.it\/it\/wp-json\/wp\/v2\/media?parent=13189"}],"wp:term":[{"taxonomy":"product_brand","embeddable":true,"href":"http:\/\/lechappeeclose.it\/it\/wp-json\/wp\/v2\/product_brand?post=13189"},{"taxonomy":"product_cat","embeddable":true,"href":"http:\/\/lechappeeclose.it\/it\/wp-json\/wp\/v2\/product_cat?post=13189"},{"taxonomy":"product_tag","embeddable":true,"href":"http:\/\/lechappeeclose.it\/it\/wp-json\/wp\/v2\/product_tag?post=13189"}],"curies":[{"name":"wp","href":"https:\/\/api.w.org\/{rel}","templated":true}]}}