{"id":13182,"date":"2026-04-18T15:53:58","date_gmt":"2026-04-18T13:53:58","guid":{"rendered":"https:\/\/lechappeeclose.it\/boutique\/non class\u00e9\/la-trilogie-de-fleurville\/"},"modified":"2026-04-18T15:53:58","modified_gmt":"2026-04-18T13:53:58","slug":"la-trilogie-de-fleurville","status":"publish","type":"product","link":"http:\/\/lechappeeclose.it\/it\/boutique\/livres\/jeunesse\/la-trilogie-de-fleurville\/","title":{"rendered":"La trilogie de Fleurville"},"content":{"rendered":"<p>Trois r\u00e9cits dans lesquels la Comtesse de S\u00e9gur a donn\u00e9 vie \u00e0 Sophie, l&#8217;un des personnages enfantins les plus c\u00e9l\u00e8bres.Une int\u00e9grale enti\u00e8rement illustr\u00e9e r\u00e9unissant les trois r\u00e9cits qui forment La Trilogie de Fleurville : Les Malheurs de Sophie, Les petites filles mod\u00e8les et Les Vacances. Cette saga intemporelle de notre patrimoine litt\u00e9raire met en sc\u00e8ne l\u2019un des personnages enfantins les plus c\u00e9l\u00e8bres, adapt\u00e9e avec malice et justesse par Jean-Pierre Kerloc&#8217;h.Les illustrations en bichromie de Christophe Besse, Edith Chambon et Eglantine Ceulemans font \u00e9voluer les personnages avec brio et humour dans un univers graphique moderne et fantaisiste, m\u00ealant l&#8217;\u00e9nergie et la fra\u00eecheur de l&#8217;enfance c\u00e9l\u00e9br\u00e9e par la Comtesse de S\u00e9gur.<\/p>","protected":false},"excerpt":{"rendered":"<p>Trois r\u00e9cits dans lesquels la Comtesse de S\u00e9gur a donn\u00e9 vie \u00e0 Sophie, l&#8217;un des personnages enfantins les plus c\u00e9l\u00e8bres.Une int\u00e9grale enti\u00e8rement illustr\u00e9e r\u00e9unissant les trois r\u00e9cits qui forment La Trilogie de Fleurville : Les Malheurs de Sophie, Les petites filles mod\u00e8les et Les Vacances. Cette saga intemporelle de notre patrimoine litt\u00e9raire met en sc\u00e8ne [&hellip;]<\/p>","protected":false},"featured_media":13181,"comment_status":"open","ping_status":"closed","template":"","meta":[],"product_brand":[],"product_cat":[35],"product_tag":[],"class_list":{"0":"post-13182","1":"product","2":"type-product","3":"status-publish","4":"has-post-thumbnail","6":"product_cat-jeunesse","8":"first","9":"instock","10":"taxable","11":"shipping-taxable","12":"purchasable","13":"product-type-simple"},"yoast_head":"<!-- This site is optimized with the Yoast SEO plugin v27.4 - https:\/\/yoast.com\/product\/yoast-seo-wordpress\/ -->\n<title>La trilogie de Fleurville - l&#039;\u00e9chapp\u00e9e close<\/title>\n<meta name=\"robots\" content=\"index, follow, max-snippet:-1, max-image-preview:large, max-video-preview:-1\" \/>\n<link rel=\"canonical\" href=\"https:\/\/lechappeeclose.it\/it\/boutique\/non%20class\u00e9\/la-trilogie-de-fleurville\/\" \/>\n<meta property=\"og:locale\" content=\"it_IT\" \/>\n<meta property=\"og:type\" content=\"article\" \/>\n<meta property=\"og:title\" content=\"La trilogie de Fleurville - l&#039;\u00e9chapp\u00e9e close\" \/>\n<meta property=\"og:description\" content=\"Trois r\u00e9cits dans lesquels la Comtesse de S\u00e9gur a donn\u00e9 vie \u00e0 Sophie, l&#8217;un des personnages enfantins les plus c\u00e9l\u00e8bres.Une int\u00e9grale enti\u00e8rement illustr\u00e9e r\u00e9unissant les trois r\u00e9cits qui forment La Trilogie de Fleurville : Les Malheurs de Sophie, Les petites filles mod\u00e8les et Les Vacances. Cette saga intemporelle de notre patrimoine litt\u00e9raire met en sc\u00e8ne [&hellip;]\" \/>\n<meta property=\"og:url\" content=\"https:\/\/lechappeeclose.it\/it\/boutique\/non class\u00e9\/la-trilogie-de-fleurville\/\" \/>\n<meta property=\"og:site_name\" content=\"l&#039;\u00e9chapp\u00e9e close\" \/>\n<meta property=\"og:image\" content=\"http:\/\/lechappeeclose.it\/wp-content\/uploads\/2023\/02\/Les-romans-de-lechappee-close-scaled.jpg\" \/>\n\t<meta property=\"og:image:width\" content=\"2560\" \/>\n\t<meta property=\"og:image:height\" content=\"1440\" \/>\n\t<meta property=\"og:image:type\" content=\"image\/jpeg\" \/>\n<meta name=\"twitter:card\" content=\"summary_large_image\" \/>\n<meta name=\"twitter:label1\" content=\"Tempo di lettura stimato\" \/>\n\t<meta name=\"twitter:data1\" content=\"1 minuto\" \/>\n<script type=\"application\/ld+json\" class=\"yoast-schema-graph\">{\"@context\":\"https:\\\/\\\/schema.org\",\"@graph\":[{\"@type\":\"WebPage\",\"@id\":\"https:\\\/\\\/lechappeeclose.it\\\/boutique\\\/non class\u00e9\\\/la-trilogie-de-fleurville\\\/\",\"url\":\"https:\\\/\\\/lechappeeclose.it\\\/boutique\\\/non class\u00e9\\\/la-trilogie-de-fleurville\\\/\",\"name\":\"La trilogie de Fleurville - l&#039;\u00e9chapp\u00e9e close\",\"isPartOf\":{\"@id\":\"http:\\\/\\\/lechappeeclose.it\\\/#website\"},\"primaryImageOfPage\":{\"@id\":\"https:\\\/\\\/lechappeeclose.it\\\/boutique\\\/non class\u00e9\\\/la-trilogie-de-fleurville\\\/#primaryimage\"},\"image\":{\"@id\":\"https:\\\/\\\/lechappeeclose.it\\\/boutique\\\/non class\u00e9\\\/la-trilogie-de-fleurville\\\/#primaryimage\"},\"thumbnailUrl\":\"http:\\\/\\\/lechappeeclose.it\\\/wp-content\\\/uploads\\\/2026\\\/04\\\/La-trilogie-de-Fleurville.jpeg\",\"datePublished\":\"2026-04-18T13:53:58+00:00\",\"breadcrumb\":{\"@id\":\"https:\\\/\\\/lechappeeclose.it\\\/boutique\\\/non class\u00e9\\\/la-trilogie-de-fleurville\\\/#breadcrumb\"},\"inLanguage\":\"it-IT\",\"potentialAction\":[{\"@type\":\"ReadAction\",\"target\":[\"https:\\\/\\\/lechappeeclose.it\\\/boutique\\\/non class\u00e9\\\/la-trilogie-de-fleurville\\\/\"]}]},{\"@type\":\"ImageObject\",\"inLanguage\":\"it-IT\",\"@id\":\"https:\\\/\\\/lechappeeclose.it\\\/boutique\\\/non class\u00e9\\\/la-trilogie-de-fleurville\\\/#primaryimage\",\"url\":\"http:\\\/\\\/lechappeeclose.it\\\/wp-content\\\/uploads\\\/2026\\\/04\\\/La-trilogie-de-Fleurville.jpeg\",\"contentUrl\":\"http:\\\/\\\/lechappeeclose.it\\\/wp-content\\\/uploads\\\/2026\\\/04\\\/La-trilogie-de-Fleurville.jpeg\",\"width\":600,\"height\":817},{\"@type\":\"BreadcrumbList\",\"@id\":\"https:\\\/\\\/lechappeeclose.it\\\/boutique\\\/non class\u00e9\\\/la-trilogie-de-fleurville\\\/#breadcrumb\",\"itemListElement\":[{\"@type\":\"ListItem\",\"position\":1,\"name\":\"Accueil\",\"item\":\"http:\\\/\\\/lechappeeclose.it\\\/\"},{\"@type\":\"ListItem\",\"position\":2,\"name\":\"Boutique\",\"item\":\"http:\\\/\\\/lechappeeclose.it\\\/it\\\/boutique\\\/\"},{\"@type\":\"ListItem\",\"position\":3,\"name\":\"La trilogie de Fleurville\"}]},{\"@type\":\"WebSite\",\"@id\":\"http:\\\/\\\/lechappeeclose.it\\\/#website\",\"url\":\"http:\\\/\\\/lechappeeclose.it\\\/\",\"name\":\"l&#039;\u00e9chapp\u00e9e close\",\"description\":\"la librairie fran\u00e7aise de Milan\",\"publisher\":{\"@id\":\"http:\\\/\\\/lechappeeclose.it\\\/#organization\"},\"alternateName\":\"La librairie fran\u00e7aise de Milan\",\"potentialAction\":[{\"@type\":\"SearchAction\",\"target\":{\"@type\":\"EntryPoint\",\"urlTemplate\":\"http:\\\/\\\/lechappeeclose.it\\\/?s={search_term_string}\"},\"query-input\":{\"@type\":\"PropertyValueSpecification\",\"valueRequired\":true,\"valueName\":\"search_term_string\"}}],\"inLanguage\":\"it-IT\"},{\"@type\":\"Organization\",\"@id\":\"http:\\\/\\\/lechappeeclose.it\\\/#organization\",\"name\":\"l&#039;\u00e9chapp\u00e9e close\",\"url\":\"http:\\\/\\\/lechappeeclose.it\\\/\",\"logo\":{\"@type\":\"ImageObject\",\"inLanguage\":\"it-IT\",\"@id\":\"http:\\\/\\\/lechappeeclose.it\\\/#\\\/schema\\\/logo\\\/image\\\/\",\"url\":\"http:\\\/\\\/lechappeeclose.it\\\/wp-content\\\/uploads\\\/2025\\\/02\\\/cropped-logo-rond.png\",\"contentUrl\":\"http:\\\/\\\/lechappeeclose.it\\\/wp-content\\\/uploads\\\/2025\\\/02\\\/cropped-logo-rond.png\",\"width\":1080,\"height\":1080,\"caption\":\"l&#039;\u00e9chapp\u00e9e close\"},\"image\":{\"@id\":\"http:\\\/\\\/lechappeeclose.it\\\/#\\\/schema\\\/logo\\\/image\\\/\"},\"sameAs\":[\"https:\\\/\\\/www.instagram.com\\\/lechappeeclose\\\/\"]}]}<\/script>\n<!-- \/ Yoast SEO plugin. -->","yoast_head_json":{"title":"La trilogie de Fleurville - l&#039;\u00e9chapp\u00e9e close","robots":{"index":"index","follow":"follow","max-snippet":"max-snippet:-1","max-image-preview":"max-image-preview:large","max-video-preview":"max-video-preview:-1"},"canonical":"https:\/\/lechappeeclose.it\/it\/boutique\/non class\u00e9\/la-trilogie-de-fleurville\/","og_locale":"it_IT","og_type":"article","og_title":"La trilogie de Fleurville - l&#039;\u00e9chapp\u00e9e close","og_description":"Trois r\u00e9cits dans lesquels la Comtesse de S\u00e9gur a donn\u00e9 vie \u00e0 Sophie, l&#8217;un des personnages enfantins les plus c\u00e9l\u00e8bres.Une int\u00e9grale enti\u00e8rement illustr\u00e9e r\u00e9unissant les trois r\u00e9cits qui forment La Trilogie de Fleurville : Les Malheurs de Sophie, Les petites filles mod\u00e8les et Les Vacances. Cette saga intemporelle de notre patrimoine litt\u00e9raire met en sc\u00e8ne [&hellip;]","og_url":"https:\/\/lechappeeclose.it\/it\/boutique\/non class\u00e9\/la-trilogie-de-fleurville\/","og_site_name":"l&#039;\u00e9chapp\u00e9e close","og_image":[{"width":2560,"height":1440,"url":"http:\/\/lechappeeclose.it\/wp-content\/uploads\/2023\/02\/Les-romans-de-lechappee-close-scaled.jpg","type":"image\/jpeg"}],"twitter_card":"summary_large_image","twitter_misc":{"Tempo di lettura stimato":"1 minuto"},"schema":{"@context":"https:\/\/schema.org","@graph":[{"@type":"WebPage","@id":"https:\/\/lechappeeclose.it\/boutique\/non class\u00e9\/la-trilogie-de-fleurville\/","url":"https:\/\/lechappeeclose.it\/boutique\/non class\u00e9\/la-trilogie-de-fleurville\/","name":"La trilogie de Fleurville - l&#039;\u00e9chapp\u00e9e close","isPartOf":{"@id":"http:\/\/lechappeeclose.it\/#website"},"primaryImageOfPage":{"@id":"https:\/\/lechappeeclose.it\/boutique\/non class\u00e9\/la-trilogie-de-fleurville\/#primaryimage"},"image":{"@id":"https:\/\/lechappeeclose.it\/boutique\/non class\u00e9\/la-trilogie-de-fleurville\/#primaryimage"},"thumbnailUrl":"http:\/\/lechappeeclose.it\/wp-content\/uploads\/2026\/04\/La-trilogie-de-Fleurville.jpeg","datePublished":"2026-04-18T13:53:58+00:00","breadcrumb":{"@id":"https:\/\/lechappeeclose.it\/boutique\/non class\u00e9\/la-trilogie-de-fleurville\/#breadcrumb"},"inLanguage":"it-IT","potentialAction":[{"@type":"ReadAction","target":["https:\/\/lechappeeclose.it\/boutique\/non class\u00e9\/la-trilogie-de-fleurville\/"]}]},{"@type":"ImageObject","inLanguage":"it-IT","@id":"https:\/\/lechappeeclose.it\/boutique\/non class\u00e9\/la-trilogie-de-fleurville\/#primaryimage","url":"http:\/\/lechappeeclose.it\/wp-content\/uploads\/2026\/04\/La-trilogie-de-Fleurville.jpeg","contentUrl":"http:\/\/lechappeeclose.it\/wp-content\/uploads\/2026\/04\/La-trilogie-de-Fleurville.jpeg","width":600,"height":817},{"@type":"BreadcrumbList","@id":"https:\/\/lechappeeclose.it\/boutique\/non class\u00e9\/la-trilogie-de-fleurville\/#breadcrumb","itemListElement":[{"@type":"ListItem","position":1,"name":"Accueil","item":"http:\/\/lechappeeclose.it\/"},{"@type":"ListItem","position":2,"name":"Boutique","item":"http:\/\/lechappeeclose.it\/it\/boutique\/"},{"@type":"ListItem","position":3,"name":"La trilogie de Fleurville"}]},{"@type":"WebSite","@id":"http:\/\/lechappeeclose.it\/#website","url":"http:\/\/lechappeeclose.it\/","name":"l&#039;\u00e9chapp\u00e9e close","description":"La libreria francese di Milano","publisher":{"@id":"http:\/\/lechappeeclose.it\/#organization"},"alternateName":"La librairie fran\u00e7aise de Milan","potentialAction":[{"@type":"SearchAction","target":{"@type":"EntryPoint","urlTemplate":"http:\/\/lechappeeclose.it\/?s={search_term_string}"},"query-input":{"@type":"PropertyValueSpecification","valueRequired":true,"valueName":"search_term_string"}}],"inLanguage":"it-IT"},{"@type":"Organization","@id":"http:\/\/lechappeeclose.it\/#organization","name":"l&#039;\u00e9chapp\u00e9e close","url":"http:\/\/lechappeeclose.it\/","logo":{"@type":"ImageObject","inLanguage":"it-IT","@id":"http:\/\/lechappeeclose.it\/#\/schema\/logo\/image\/","url":"http:\/\/lechappeeclose.it\/wp-content\/uploads\/2025\/02\/cropped-logo-rond.png","contentUrl":"http:\/\/lechappeeclose.it\/wp-content\/uploads\/2025\/02\/cropped-logo-rond.png","width":1080,"height":1080,"caption":"l&#039;\u00e9chapp\u00e9e close"},"image":{"@id":"http:\/\/lechappeeclose.it\/#\/schema\/logo\/image\/"},"sameAs":["https:\/\/www.instagram.com\/lechappeeclose\/"]}]}},"_links":{"self":[{"href":"http:\/\/lechappeeclose.it\/it\/wp-json\/wp\/v2\/product\/13182","targetHints":{"allow":["GET"]}}],"collection":[{"href":"http:\/\/lechappeeclose.it\/it\/wp-json\/wp\/v2\/product"}],"about":[{"href":"http:\/\/lechappeeclose.it\/it\/wp-json\/wp\/v2\/types\/product"}],"replies":[{"embeddable":true,"href":"http:\/\/lechappeeclose.it\/it\/wp-json\/wp\/v2\/comments?post=13182"}],"wp:featuredmedia":[{"embeddable":true,"href":"http:\/\/lechappeeclose.it\/it\/wp-json\/wp\/v2\/media\/13181"}],"wp:attachment":[{"href":"http:\/\/lechappeeclose.it\/it\/wp-json\/wp\/v2\/media?parent=13182"}],"wp:term":[{"taxonomy":"product_brand","embeddable":true,"href":"http:\/\/lechappeeclose.it\/it\/wp-json\/wp\/v2\/product_brand?post=13182"},{"taxonomy":"product_cat","embeddable":true,"href":"http:\/\/lechappeeclose.it\/it\/wp-json\/wp\/v2\/product_cat?post=13182"},{"taxonomy":"product_tag","embeddable":true,"href":"http:\/\/lechappeeclose.it\/it\/wp-json\/wp\/v2\/product_tag?post=13182"}],"curies":[{"name":"wp","href":"https:\/\/api.w.org\/{rel}","templated":true}]}}