{"id":13137,"date":"2026-04-10T17:08:18","date_gmt":"2026-04-10T15:08:18","guid":{"rendered":"https:\/\/lechappeeclose.it\/boutique\/non class\u00e9\/voyage-au-temps-des-dinosaures\/"},"modified":"2026-04-10T17:08:18","modified_gmt":"2026-04-10T15:08:18","slug":"voyage-au-temps-des-dinosaures","status":"publish","type":"product","link":"http:\/\/lechappeeclose.it\/it\/boutique\/livres\/jeunesse\/elementaire\/voyage-au-temps-des-dinosaures\/","title":{"rendered":"Voyage au temps des dinosaures !"},"content":{"rendered":"<p>Catastrophe ! Ton chat a disparu\u2026 et il s\u2019est perdu dans le pass\u00e9 !<br \/>\nPour le retrouver, saute dans la machine \u00e0 remonter le temps et plonge dans le monde fascinant des dinosaures.<br \/>\nExplore les diff\u00e9rentes p\u00e9riodes de l\u2019\u00e8re des dinosaures, r\u00e9sous les \u00e9nigmes et navigue de page en page pour avancer dans ta qu\u00eate ! Feras-tu les bons choix ?<br \/>\nAvec des infos documentaires et des rep\u00e8res historiques au fil de l\u2019histoire.<\/p>","protected":false},"excerpt":{"rendered":"<p>Catastrophe ! Ton chat a disparu\u2026 et il s\u2019est perdu dans le pass\u00e9 ! Pour le retrouver, saute dans la machine \u00e0 remonter le temps et plonge dans le monde fascinant des dinosaures. Explore les diff\u00e9rentes p\u00e9riodes de l\u2019\u00e8re des dinosaures, r\u00e9sous les \u00e9nigmes et navigue de page en page pour avancer dans ta qu\u00eate [&hellip;]<\/p>","protected":false},"featured_media":13136,"comment_status":"open","ping_status":"closed","template":"","meta":[],"product_brand":[],"product_cat":[53],"product_tag":[],"class_list":{"0":"post-13137","1":"product","2":"type-product","3":"status-publish","4":"has-post-thumbnail","6":"product_cat-elementaire","8":"first","9":"instock","10":"taxable","11":"shipping-taxable","12":"purchasable","13":"product-type-simple"},"yoast_head":"<!-- This site is optimized with the Yoast SEO plugin v27.4 - https:\/\/yoast.com\/product\/yoast-seo-wordpress\/ -->\n<title>Voyage au temps des dinosaures ! - l&#039;\u00e9chapp\u00e9e close<\/title>\n<meta name=\"robots\" content=\"index, follow, max-snippet:-1, max-image-preview:large, max-video-preview:-1\" \/>\n<link rel=\"canonical\" href=\"https:\/\/lechappeeclose.it\/it\/boutique\/livres\/jeunesse\/elementaire\/voyage-au-temps-des-dinosaures\/\" \/>\n<meta property=\"og:locale\" content=\"it_IT\" \/>\n<meta property=\"og:type\" content=\"article\" \/>\n<meta property=\"og:title\" content=\"Voyage au temps des dinosaures ! - l&#039;\u00e9chapp\u00e9e close\" \/>\n<meta property=\"og:description\" content=\"Catastrophe ! Ton chat a disparu\u2026 et il s\u2019est perdu dans le pass\u00e9 ! Pour le retrouver, saute dans la machine \u00e0 remonter le temps et plonge dans le monde fascinant des dinosaures. Explore les diff\u00e9rentes p\u00e9riodes de l\u2019\u00e8re des dinosaures, r\u00e9sous les \u00e9nigmes et navigue de page en page pour avancer dans ta qu\u00eate [&hellip;]\" \/>\n<meta property=\"og:url\" content=\"https:\/\/lechappeeclose.it\/it\/boutique\/livres\/jeunesse\/elementaire\/voyage-au-temps-des-dinosaures\/\" \/>\n<meta property=\"og:site_name\" content=\"l&#039;\u00e9chapp\u00e9e close\" \/>\n<meta property=\"og:image\" content=\"https:\/\/lechappeeclose.it\/wp-content\/uploads\/2026\/04\/Voyage-au-temps-des-dinosaures.jpeg\" \/>\n\t<meta property=\"og:image:width\" content=\"379\" \/>\n\t<meta property=\"og:image:height\" content=\"500\" \/>\n\t<meta property=\"og:image:type\" content=\"image\/jpeg\" \/>\n<meta name=\"twitter:card\" content=\"summary_large_image\" \/>\n<script type=\"application\/ld+json\" class=\"yoast-schema-graph\">{\"@context\":\"https:\\\/\\\/schema.org\",\"@graph\":[{\"@type\":\"WebPage\",\"@id\":\"https:\\\/\\\/lechappeeclose.it\\\/boutique\\\/livres\\\/jeunesse\\\/elementaire\\\/voyage-au-temps-des-dinosaures\\\/\",\"url\":\"https:\\\/\\\/lechappeeclose.it\\\/boutique\\\/livres\\\/jeunesse\\\/elementaire\\\/voyage-au-temps-des-dinosaures\\\/\",\"name\":\"Voyage au temps des dinosaures ! - l&#039;\u00e9chapp\u00e9e close\",\"isPartOf\":{\"@id\":\"http:\\\/\\\/lechappeeclose.it\\\/#website\"},\"primaryImageOfPage\":{\"@id\":\"https:\\\/\\\/lechappeeclose.it\\\/boutique\\\/livres\\\/jeunesse\\\/elementaire\\\/voyage-au-temps-des-dinosaures\\\/#primaryimage\"},\"image\":{\"@id\":\"https:\\\/\\\/lechappeeclose.it\\\/boutique\\\/livres\\\/jeunesse\\\/elementaire\\\/voyage-au-temps-des-dinosaures\\\/#primaryimage\"},\"thumbnailUrl\":\"http:\\\/\\\/lechappeeclose.it\\\/wp-content\\\/uploads\\\/2026\\\/04\\\/Voyage-au-temps-des-dinosaures.jpeg\",\"datePublished\":\"2026-04-10T15:08:18+00:00\",\"breadcrumb\":{\"@id\":\"https:\\\/\\\/lechappeeclose.it\\\/boutique\\\/livres\\\/jeunesse\\\/elementaire\\\/voyage-au-temps-des-dinosaures\\\/#breadcrumb\"},\"inLanguage\":\"it-IT\",\"potentialAction\":[{\"@type\":\"ReadAction\",\"target\":[\"https:\\\/\\\/lechappeeclose.it\\\/boutique\\\/livres\\\/jeunesse\\\/elementaire\\\/voyage-au-temps-des-dinosaures\\\/\"]}]},{\"@type\":\"ImageObject\",\"inLanguage\":\"it-IT\",\"@id\":\"https:\\\/\\\/lechappeeclose.it\\\/boutique\\\/livres\\\/jeunesse\\\/elementaire\\\/voyage-au-temps-des-dinosaures\\\/#primaryimage\",\"url\":\"http:\\\/\\\/lechappeeclose.it\\\/wp-content\\\/uploads\\\/2026\\\/04\\\/Voyage-au-temps-des-dinosaures.jpeg\",\"contentUrl\":\"http:\\\/\\\/lechappeeclose.it\\\/wp-content\\\/uploads\\\/2026\\\/04\\\/Voyage-au-temps-des-dinosaures.jpeg\",\"width\":379,\"height\":500},{\"@type\":\"BreadcrumbList\",\"@id\":\"https:\\\/\\\/lechappeeclose.it\\\/boutique\\\/livres\\\/jeunesse\\\/elementaire\\\/voyage-au-temps-des-dinosaures\\\/#breadcrumb\",\"itemListElement\":[{\"@type\":\"ListItem\",\"position\":1,\"name\":\"Accueil\",\"item\":\"http:\\\/\\\/lechappeeclose.it\\\/\"},{\"@type\":\"ListItem\",\"position\":2,\"name\":\"Boutique\",\"item\":\"http:\\\/\\\/lechappeeclose.it\\\/it\\\/boutique\\\/\"},{\"@type\":\"ListItem\",\"position\":3,\"name\":\"Voyage au temps des dinosaures !\"}]},{\"@type\":\"WebSite\",\"@id\":\"http:\\\/\\\/lechappeeclose.it\\\/#website\",\"url\":\"http:\\\/\\\/lechappeeclose.it\\\/\",\"name\":\"l&#039;\u00e9chapp\u00e9e close\",\"description\":\"la librairie fran\u00e7aise de Milan\",\"publisher\":{\"@id\":\"http:\\\/\\\/lechappeeclose.it\\\/#organization\"},\"alternateName\":\"La librairie fran\u00e7aise de Milan\",\"potentialAction\":[{\"@type\":\"SearchAction\",\"target\":{\"@type\":\"EntryPoint\",\"urlTemplate\":\"http:\\\/\\\/lechappeeclose.it\\\/?s={search_term_string}\"},\"query-input\":{\"@type\":\"PropertyValueSpecification\",\"valueRequired\":true,\"valueName\":\"search_term_string\"}}],\"inLanguage\":\"it-IT\"},{\"@type\":\"Organization\",\"@id\":\"http:\\\/\\\/lechappeeclose.it\\\/#organization\",\"name\":\"l&#039;\u00e9chapp\u00e9e close\",\"url\":\"http:\\\/\\\/lechappeeclose.it\\\/\",\"logo\":{\"@type\":\"ImageObject\",\"inLanguage\":\"it-IT\",\"@id\":\"http:\\\/\\\/lechappeeclose.it\\\/#\\\/schema\\\/logo\\\/image\\\/\",\"url\":\"http:\\\/\\\/lechappeeclose.it\\\/wp-content\\\/uploads\\\/2025\\\/02\\\/cropped-logo-rond.png\",\"contentUrl\":\"http:\\\/\\\/lechappeeclose.it\\\/wp-content\\\/uploads\\\/2025\\\/02\\\/cropped-logo-rond.png\",\"width\":1080,\"height\":1080,\"caption\":\"l&#039;\u00e9chapp\u00e9e close\"},\"image\":{\"@id\":\"http:\\\/\\\/lechappeeclose.it\\\/#\\\/schema\\\/logo\\\/image\\\/\"},\"sameAs\":[\"https:\\\/\\\/www.instagram.com\\\/lechappeeclose\\\/\"]}]}<\/script>\n<!-- \/ Yoast SEO plugin. -->","yoast_head_json":{"title":"Voyage au temps des dinosaures ! - l&#039;\u00e9chapp\u00e9e close","robots":{"index":"index","follow":"follow","max-snippet":"max-snippet:-1","max-image-preview":"max-image-preview:large","max-video-preview":"max-video-preview:-1"},"canonical":"https:\/\/lechappeeclose.it\/it\/boutique\/livres\/jeunesse\/elementaire\/voyage-au-temps-des-dinosaures\/","og_locale":"it_IT","og_type":"article","og_title":"Voyage au temps des dinosaures ! - l&#039;\u00e9chapp\u00e9e close","og_description":"Catastrophe ! Ton chat a disparu\u2026 et il s\u2019est perdu dans le pass\u00e9 ! Pour le retrouver, saute dans la machine \u00e0 remonter le temps et plonge dans le monde fascinant des dinosaures. Explore les diff\u00e9rentes p\u00e9riodes de l\u2019\u00e8re des dinosaures, r\u00e9sous les \u00e9nigmes et navigue de page en page pour avancer dans ta qu\u00eate [&hellip;]","og_url":"https:\/\/lechappeeclose.it\/it\/boutique\/livres\/jeunesse\/elementaire\/voyage-au-temps-des-dinosaures\/","og_site_name":"l&#039;\u00e9chapp\u00e9e close","og_image":[{"width":379,"height":500,"url":"https:\/\/lechappeeclose.it\/wp-content\/uploads\/2026\/04\/Voyage-au-temps-des-dinosaures.jpeg","type":"image\/jpeg"}],"twitter_card":"summary_large_image","schema":{"@context":"https:\/\/schema.org","@graph":[{"@type":"WebPage","@id":"https:\/\/lechappeeclose.it\/boutique\/livres\/jeunesse\/elementaire\/voyage-au-temps-des-dinosaures\/","url":"https:\/\/lechappeeclose.it\/boutique\/livres\/jeunesse\/elementaire\/voyage-au-temps-des-dinosaures\/","name":"Voyage au temps des dinosaures ! - l&#039;\u00e9chapp\u00e9e close","isPartOf":{"@id":"http:\/\/lechappeeclose.it\/#website"},"primaryImageOfPage":{"@id":"https:\/\/lechappeeclose.it\/boutique\/livres\/jeunesse\/elementaire\/voyage-au-temps-des-dinosaures\/#primaryimage"},"image":{"@id":"https:\/\/lechappeeclose.it\/boutique\/livres\/jeunesse\/elementaire\/voyage-au-temps-des-dinosaures\/#primaryimage"},"thumbnailUrl":"http:\/\/lechappeeclose.it\/wp-content\/uploads\/2026\/04\/Voyage-au-temps-des-dinosaures.jpeg","datePublished":"2026-04-10T15:08:18+00:00","breadcrumb":{"@id":"https:\/\/lechappeeclose.it\/boutique\/livres\/jeunesse\/elementaire\/voyage-au-temps-des-dinosaures\/#breadcrumb"},"inLanguage":"it-IT","potentialAction":[{"@type":"ReadAction","target":["https:\/\/lechappeeclose.it\/boutique\/livres\/jeunesse\/elementaire\/voyage-au-temps-des-dinosaures\/"]}]},{"@type":"ImageObject","inLanguage":"it-IT","@id":"https:\/\/lechappeeclose.it\/boutique\/livres\/jeunesse\/elementaire\/voyage-au-temps-des-dinosaures\/#primaryimage","url":"http:\/\/lechappeeclose.it\/wp-content\/uploads\/2026\/04\/Voyage-au-temps-des-dinosaures.jpeg","contentUrl":"http:\/\/lechappeeclose.it\/wp-content\/uploads\/2026\/04\/Voyage-au-temps-des-dinosaures.jpeg","width":379,"height":500},{"@type":"BreadcrumbList","@id":"https:\/\/lechappeeclose.it\/boutique\/livres\/jeunesse\/elementaire\/voyage-au-temps-des-dinosaures\/#breadcrumb","itemListElement":[{"@type":"ListItem","position":1,"name":"Accueil","item":"http:\/\/lechappeeclose.it\/"},{"@type":"ListItem","position":2,"name":"Boutique","item":"http:\/\/lechappeeclose.it\/it\/boutique\/"},{"@type":"ListItem","position":3,"name":"Voyage au temps des dinosaures !"}]},{"@type":"WebSite","@id":"http:\/\/lechappeeclose.it\/#website","url":"http:\/\/lechappeeclose.it\/","name":"l&#039;\u00e9chapp\u00e9e close","description":"La libreria francese di Milano","publisher":{"@id":"http:\/\/lechappeeclose.it\/#organization"},"alternateName":"La librairie fran\u00e7aise de Milan","potentialAction":[{"@type":"SearchAction","target":{"@type":"EntryPoint","urlTemplate":"http:\/\/lechappeeclose.it\/?s={search_term_string}"},"query-input":{"@type":"PropertyValueSpecification","valueRequired":true,"valueName":"search_term_string"}}],"inLanguage":"it-IT"},{"@type":"Organization","@id":"http:\/\/lechappeeclose.it\/#organization","name":"l&#039;\u00e9chapp\u00e9e close","url":"http:\/\/lechappeeclose.it\/","logo":{"@type":"ImageObject","inLanguage":"it-IT","@id":"http:\/\/lechappeeclose.it\/#\/schema\/logo\/image\/","url":"http:\/\/lechappeeclose.it\/wp-content\/uploads\/2025\/02\/cropped-logo-rond.png","contentUrl":"http:\/\/lechappeeclose.it\/wp-content\/uploads\/2025\/02\/cropped-logo-rond.png","width":1080,"height":1080,"caption":"l&#039;\u00e9chapp\u00e9e close"},"image":{"@id":"http:\/\/lechappeeclose.it\/#\/schema\/logo\/image\/"},"sameAs":["https:\/\/www.instagram.com\/lechappeeclose\/"]}]}},"_links":{"self":[{"href":"http:\/\/lechappeeclose.it\/it\/wp-json\/wp\/v2\/product\/13137","targetHints":{"allow":["GET"]}}],"collection":[{"href":"http:\/\/lechappeeclose.it\/it\/wp-json\/wp\/v2\/product"}],"about":[{"href":"http:\/\/lechappeeclose.it\/it\/wp-json\/wp\/v2\/types\/product"}],"replies":[{"embeddable":true,"href":"http:\/\/lechappeeclose.it\/it\/wp-json\/wp\/v2\/comments?post=13137"}],"wp:featuredmedia":[{"embeddable":true,"href":"http:\/\/lechappeeclose.it\/it\/wp-json\/wp\/v2\/media\/13136"}],"wp:attachment":[{"href":"http:\/\/lechappeeclose.it\/it\/wp-json\/wp\/v2\/media?parent=13137"}],"wp:term":[{"taxonomy":"product_brand","embeddable":true,"href":"http:\/\/lechappeeclose.it\/it\/wp-json\/wp\/v2\/product_brand?post=13137"},{"taxonomy":"product_cat","embeddable":true,"href":"http:\/\/lechappeeclose.it\/it\/wp-json\/wp\/v2\/product_cat?post=13137"},{"taxonomy":"product_tag","embeddable":true,"href":"http:\/\/lechappeeclose.it\/it\/wp-json\/wp\/v2\/product_tag?post=13137"}],"curies":[{"name":"wp","href":"https:\/\/api.w.org\/{rel}","templated":true}]}}