{"id":12963,"date":"2026-03-05T12:12:25","date_gmt":"2026-03-05T11:12:25","guid":{"rendered":"https:\/\/lechappeeclose.it\/boutique\/non class\u00e9\/les-reveries-dagnes\/"},"modified":"2026-03-05T12:12:25","modified_gmt":"2026-03-05T11:12:25","slug":"les-reveries-dagnes","status":"publish","type":"product","link":"http:\/\/lechappeeclose.it\/it\/boutique\/livres\/arts\/cinema\/les-reveries-dagnes\/","title":{"rendered":"Les r\u00eaveries d&#8217;Agn\u00e8s"},"content":{"rendered":"<p>Ce livre, qui accompagne l&#8217;exposition du mus\u00e9e Soulages de Rodez, est une invitation \u00e0 la (re)d\u00e9couverte de l&#8217;univers enchant\u00e9 d&#8217;Agn\u00e8s Varda. Depuis les plages de son enfance \u00e0 S\u00e8te, la rencontre d\u00e9cisive avec la famille Schlegel et Linou (Valentine Schlegel) surnomm\u00e9e Linou-bliable&#8230; jusqu&#8217;\u00e0 Noirmoutier, l&#8217;\u00eele d&#8217;\u00e9lection o\u00f9 Agn\u00e8s, Jacques Demy et leurs enfants passent leurs vacances. Sans oublier les cabanes, le cirque, les r\u00eaveurs&#8230;<\/p>\n<p>Le livre est construit en quatre chapitres qui se r\u00e9pondent. Le premier chapitre nous entra\u00eene \u00e0 S\u00e8te o\u00f9 sont \u00e9voqu\u00e9s p\u00eale-m\u00eale, \u00e0 travers des photographies d&#8217;archives et les photographies d&#8217;Agn\u00e8s, les souvenirs de jeunesse, les amiti\u00e9s essentielles (Valentine et les soeurs Schlegel, Jean Vilar, Alexander Calder, Miquel Barcel\u00f3), l&#8217;amour de la plage, du bateau, et le tournage de son premier film, La Pointe Courte en 1954, connu pour avoir inspir\u00e9 la Nouvelle Vague.<br \/>\nLe deuxi\u00e8me chapitre fait la part belle aux cabanes, ces r\u00eaves d&#8217;enfants, faites de bric et de broc, de mat\u00e9riaux de r\u00e9cup. On retrouve ici l&#8217;Agn\u00e8s des Glaneurs et la glaneuse. L&#8217;artiste affectionne tellement ces refuges, propices aux r\u00eaveries en tout genre, qu&#8217;elle a inventori\u00e9 les cabanes de Noirmoutier, puis a fini par en construire avec la pellicule des copies de ses films devenues obsol\u00e8tes ! Cela sera ses \u00ab cabanes de cin\u00e9ma \u00bb dont elle disait \u00ab quand j&#8217;y suis, j&#8217;ai l&#8217;impression que j&#8217;habite le cin\u00e9ma \u00bb.<br \/>\nDe l\u00e0 on glisse vers le troisi\u00e8me chapitre consacr\u00e9 au bonheur, avec la plus embl\u00e9matique des cabanes : la Cabane du Bonheur, r\u00e9alis\u00e9e avec une copie 35 mm du film du m\u00eame nom (soit 2 500 m\u00e8tres). Le bonheur, ce sont aussi les bouquets de fleurs qu&#8217;Agn\u00e8s compose et photographie, le plus souvent dans les vases cr\u00e9\u00e9s par sa complice Valentine Schlegel.<br \/>\nLe dernier chapitre nous ram\u00e8ne au bord de mer avec plusieurs installations imagin\u00e9es par celle qui se d\u00e9finissait comme \u00ab vieille cin\u00e9aste et jeune plasticienne \u00bb comme celle des trap\u00e9zistes qu&#8217;elle a imagin\u00e9e pour son film Les plages d&#8217;Agn\u00e8s.<br \/>\nAgn\u00e8s, l&#8217;hyperactive, l&#8217;adepte du saut de puce, revendique le droit de r\u00eavasser, de contempler. Sa richesse d&#8217;invention sans pareille nous y entra\u00eene irr\u00e9m\u00e9diablement. Ses installations m\u00ealant musique, images fixes et anim\u00e9es, collages et objets du quotidien ont le pouvoir de nous rendre heureux, sinon philosophes.<\/p>","protected":false},"excerpt":{"rendered":"<p>Ce livre, qui accompagne l&#8217;exposition du mus\u00e9e Soulages de Rodez, est une invitation \u00e0 la (re)d\u00e9couverte de l&#8217;univers enchant\u00e9 d&#8217;Agn\u00e8s Varda. Depuis les plages de son enfance \u00e0 S\u00e8te, la rencontre d\u00e9cisive avec la famille Schlegel et Linou (Valentine Schlegel) surnomm\u00e9e Linou-bliable&#8230; jusqu&#8217;\u00e0 Noirmoutier, l&#8217;\u00eele d&#8217;\u00e9lection o\u00f9 Agn\u00e8s, Jacques Demy et leurs enfants passent leurs [&hellip;]<\/p>","protected":false},"featured_media":12962,"comment_status":"open","ping_status":"closed","template":"","meta":[],"product_brand":[],"product_cat":[40],"product_tag":[],"class_list":{"0":"post-12963","1":"product","2":"type-product","3":"status-publish","4":"has-post-thumbnail","6":"product_cat-cinema","8":"first","9":"instock","10":"taxable","11":"shipping-taxable","12":"purchasable","13":"product-type-simple"},"yoast_head":"<!-- This site is optimized with the Yoast SEO plugin v27.4 - https:\/\/yoast.com\/product\/yoast-seo-wordpress\/ -->\n<title>Les r\u00eaveries d&#039;Agn\u00e8s - l&#039;\u00e9chapp\u00e9e close<\/title>\n<meta name=\"robots\" content=\"index, follow, max-snippet:-1, max-image-preview:large, max-video-preview:-1\" \/>\n<link rel=\"canonical\" href=\"https:\/\/lechappeeclose.it\/it\/boutique\/livres\/arts\/cinema\/les-reveries-dagnes\/\" \/>\n<meta property=\"og:locale\" content=\"it_IT\" \/>\n<meta property=\"og:type\" content=\"article\" \/>\n<meta property=\"og:title\" content=\"Les r\u00eaveries d&#039;Agn\u00e8s - l&#039;\u00e9chapp\u00e9e close\" \/>\n<meta property=\"og:description\" content=\"Ce livre, qui accompagne l&#8217;exposition du mus\u00e9e Soulages de Rodez, est une invitation \u00e0 la (re)d\u00e9couverte de l&#8217;univers enchant\u00e9 d&#8217;Agn\u00e8s Varda. Depuis les plages de son enfance \u00e0 S\u00e8te, la rencontre d\u00e9cisive avec la famille Schlegel et Linou (Valentine Schlegel) surnomm\u00e9e Linou-bliable&#8230; jusqu&#8217;\u00e0 Noirmoutier, l&#8217;\u00eele d&#8217;\u00e9lection o\u00f9 Agn\u00e8s, Jacques Demy et leurs enfants passent leurs [&hellip;]\" \/>\n<meta property=\"og:url\" content=\"https:\/\/lechappeeclose.it\/it\/boutique\/livres\/arts\/cinema\/les-reveries-dagnes\/\" \/>\n<meta property=\"og:site_name\" content=\"l&#039;\u00e9chapp\u00e9e close\" \/>\n<meta property=\"og:image\" content=\"https:\/\/lechappeeclose.it\/wp-content\/uploads\/2026\/03\/Les-reveries-dAgnes.jpeg\" \/>\n\t<meta property=\"og:image:width\" content=\"399\" \/>\n\t<meta property=\"og:image:height\" content=\"500\" \/>\n\t<meta property=\"og:image:type\" content=\"image\/jpeg\" \/>\n<meta name=\"twitter:card\" content=\"summary_large_image\" \/>\n<meta name=\"twitter:label1\" content=\"Tempo di lettura stimato\" \/>\n\t<meta name=\"twitter:data1\" content=\"2 minuti\" \/>\n<script type=\"application\/ld+json\" class=\"yoast-schema-graph\">{\"@context\":\"https:\\\/\\\/schema.org\",\"@graph\":[{\"@type\":\"WebPage\",\"@id\":\"https:\\\/\\\/lechappeeclose.it\\\/boutique\\\/livres\\\/arts\\\/cinema\\\/les-reveries-dagnes\\\/\",\"url\":\"https:\\\/\\\/lechappeeclose.it\\\/boutique\\\/livres\\\/arts\\\/cinema\\\/les-reveries-dagnes\\\/\",\"name\":\"Les r\u00eaveries d'Agn\u00e8s - l&#039;\u00e9chapp\u00e9e close\",\"isPartOf\":{\"@id\":\"http:\\\/\\\/lechappeeclose.it\\\/#website\"},\"primaryImageOfPage\":{\"@id\":\"https:\\\/\\\/lechappeeclose.it\\\/boutique\\\/livres\\\/arts\\\/cinema\\\/les-reveries-dagnes\\\/#primaryimage\"},\"image\":{\"@id\":\"https:\\\/\\\/lechappeeclose.it\\\/boutique\\\/livres\\\/arts\\\/cinema\\\/les-reveries-dagnes\\\/#primaryimage\"},\"thumbnailUrl\":\"http:\\\/\\\/lechappeeclose.it\\\/wp-content\\\/uploads\\\/2026\\\/03\\\/Les-reveries-dAgnes.jpeg\",\"datePublished\":\"2026-03-05T11:12:25+00:00\",\"breadcrumb\":{\"@id\":\"https:\\\/\\\/lechappeeclose.it\\\/boutique\\\/livres\\\/arts\\\/cinema\\\/les-reveries-dagnes\\\/#breadcrumb\"},\"inLanguage\":\"it-IT\",\"potentialAction\":[{\"@type\":\"ReadAction\",\"target\":[\"https:\\\/\\\/lechappeeclose.it\\\/boutique\\\/livres\\\/arts\\\/cinema\\\/les-reveries-dagnes\\\/\"]}]},{\"@type\":\"ImageObject\",\"inLanguage\":\"it-IT\",\"@id\":\"https:\\\/\\\/lechappeeclose.it\\\/boutique\\\/livres\\\/arts\\\/cinema\\\/les-reveries-dagnes\\\/#primaryimage\",\"url\":\"http:\\\/\\\/lechappeeclose.it\\\/wp-content\\\/uploads\\\/2026\\\/03\\\/Les-reveries-dAgnes.jpeg\",\"contentUrl\":\"http:\\\/\\\/lechappeeclose.it\\\/wp-content\\\/uploads\\\/2026\\\/03\\\/Les-reveries-dAgnes.jpeg\",\"width\":399,\"height\":500},{\"@type\":\"BreadcrumbList\",\"@id\":\"https:\\\/\\\/lechappeeclose.it\\\/boutique\\\/livres\\\/arts\\\/cinema\\\/les-reveries-dagnes\\\/#breadcrumb\",\"itemListElement\":[{\"@type\":\"ListItem\",\"position\":1,\"name\":\"Accueil\",\"item\":\"http:\\\/\\\/lechappeeclose.it\\\/\"},{\"@type\":\"ListItem\",\"position\":2,\"name\":\"Boutique\",\"item\":\"http:\\\/\\\/lechappeeclose.it\\\/it\\\/boutique\\\/\"},{\"@type\":\"ListItem\",\"position\":3,\"name\":\"Les r\u00eaveries d&#8217;Agn\u00e8s\"}]},{\"@type\":\"WebSite\",\"@id\":\"http:\\\/\\\/lechappeeclose.it\\\/#website\",\"url\":\"http:\\\/\\\/lechappeeclose.it\\\/\",\"name\":\"l&#039;\u00e9chapp\u00e9e close\",\"description\":\"la librairie fran\u00e7aise de Milan\",\"publisher\":{\"@id\":\"http:\\\/\\\/lechappeeclose.it\\\/#organization\"},\"alternateName\":\"La librairie fran\u00e7aise de Milan\",\"potentialAction\":[{\"@type\":\"SearchAction\",\"target\":{\"@type\":\"EntryPoint\",\"urlTemplate\":\"http:\\\/\\\/lechappeeclose.it\\\/?s={search_term_string}\"},\"query-input\":{\"@type\":\"PropertyValueSpecification\",\"valueRequired\":true,\"valueName\":\"search_term_string\"}}],\"inLanguage\":\"it-IT\"},{\"@type\":\"Organization\",\"@id\":\"http:\\\/\\\/lechappeeclose.it\\\/#organization\",\"name\":\"l&#039;\u00e9chapp\u00e9e close\",\"url\":\"http:\\\/\\\/lechappeeclose.it\\\/\",\"logo\":{\"@type\":\"ImageObject\",\"inLanguage\":\"it-IT\",\"@id\":\"http:\\\/\\\/lechappeeclose.it\\\/#\\\/schema\\\/logo\\\/image\\\/\",\"url\":\"http:\\\/\\\/lechappeeclose.it\\\/wp-content\\\/uploads\\\/2025\\\/02\\\/cropped-logo-rond.png\",\"contentUrl\":\"http:\\\/\\\/lechappeeclose.it\\\/wp-content\\\/uploads\\\/2025\\\/02\\\/cropped-logo-rond.png\",\"width\":1080,\"height\":1080,\"caption\":\"l&#039;\u00e9chapp\u00e9e close\"},\"image\":{\"@id\":\"http:\\\/\\\/lechappeeclose.it\\\/#\\\/schema\\\/logo\\\/image\\\/\"},\"sameAs\":[\"https:\\\/\\\/www.instagram.com\\\/lechappeeclose\\\/\"]}]}<\/script>\n<!-- \/ Yoast SEO plugin. -->","yoast_head_json":{"title":"Les r\u00eaveries d'Agn\u00e8s - l&#039;\u00e9chapp\u00e9e close","robots":{"index":"index","follow":"follow","max-snippet":"max-snippet:-1","max-image-preview":"max-image-preview:large","max-video-preview":"max-video-preview:-1"},"canonical":"https:\/\/lechappeeclose.it\/it\/boutique\/livres\/arts\/cinema\/les-reveries-dagnes\/","og_locale":"it_IT","og_type":"article","og_title":"Les r\u00eaveries d'Agn\u00e8s - l&#039;\u00e9chapp\u00e9e close","og_description":"Ce livre, qui accompagne l&#8217;exposition du mus\u00e9e Soulages de Rodez, est une invitation \u00e0 la (re)d\u00e9couverte de l&#8217;univers enchant\u00e9 d&#8217;Agn\u00e8s Varda. Depuis les plages de son enfance \u00e0 S\u00e8te, la rencontre d\u00e9cisive avec la famille Schlegel et Linou (Valentine Schlegel) surnomm\u00e9e Linou-bliable&#8230; jusqu&#8217;\u00e0 Noirmoutier, l&#8217;\u00eele d&#8217;\u00e9lection o\u00f9 Agn\u00e8s, Jacques Demy et leurs enfants passent leurs [&hellip;]","og_url":"https:\/\/lechappeeclose.it\/it\/boutique\/livres\/arts\/cinema\/les-reveries-dagnes\/","og_site_name":"l&#039;\u00e9chapp\u00e9e close","og_image":[{"width":399,"height":500,"url":"https:\/\/lechappeeclose.it\/wp-content\/uploads\/2026\/03\/Les-reveries-dAgnes.jpeg","type":"image\/jpeg"}],"twitter_card":"summary_large_image","twitter_misc":{"Tempo di lettura stimato":"2 minuti"},"schema":{"@context":"https:\/\/schema.org","@graph":[{"@type":"WebPage","@id":"https:\/\/lechappeeclose.it\/boutique\/livres\/arts\/cinema\/les-reveries-dagnes\/","url":"https:\/\/lechappeeclose.it\/boutique\/livres\/arts\/cinema\/les-reveries-dagnes\/","name":"Les r\u00eaveries d'Agn\u00e8s - l&#039;\u00e9chapp\u00e9e close","isPartOf":{"@id":"http:\/\/lechappeeclose.it\/#website"},"primaryImageOfPage":{"@id":"https:\/\/lechappeeclose.it\/boutique\/livres\/arts\/cinema\/les-reveries-dagnes\/#primaryimage"},"image":{"@id":"https:\/\/lechappeeclose.it\/boutique\/livres\/arts\/cinema\/les-reveries-dagnes\/#primaryimage"},"thumbnailUrl":"http:\/\/lechappeeclose.it\/wp-content\/uploads\/2026\/03\/Les-reveries-dAgnes.jpeg","datePublished":"2026-03-05T11:12:25+00:00","breadcrumb":{"@id":"https:\/\/lechappeeclose.it\/boutique\/livres\/arts\/cinema\/les-reveries-dagnes\/#breadcrumb"},"inLanguage":"it-IT","potentialAction":[{"@type":"ReadAction","target":["https:\/\/lechappeeclose.it\/boutique\/livres\/arts\/cinema\/les-reveries-dagnes\/"]}]},{"@type":"ImageObject","inLanguage":"it-IT","@id":"https:\/\/lechappeeclose.it\/boutique\/livres\/arts\/cinema\/les-reveries-dagnes\/#primaryimage","url":"http:\/\/lechappeeclose.it\/wp-content\/uploads\/2026\/03\/Les-reveries-dAgnes.jpeg","contentUrl":"http:\/\/lechappeeclose.it\/wp-content\/uploads\/2026\/03\/Les-reveries-dAgnes.jpeg","width":399,"height":500},{"@type":"BreadcrumbList","@id":"https:\/\/lechappeeclose.it\/boutique\/livres\/arts\/cinema\/les-reveries-dagnes\/#breadcrumb","itemListElement":[{"@type":"ListItem","position":1,"name":"Accueil","item":"http:\/\/lechappeeclose.it\/"},{"@type":"ListItem","position":2,"name":"Boutique","item":"http:\/\/lechappeeclose.it\/it\/boutique\/"},{"@type":"ListItem","position":3,"name":"Les r\u00eaveries d&#8217;Agn\u00e8s"}]},{"@type":"WebSite","@id":"http:\/\/lechappeeclose.it\/#website","url":"http:\/\/lechappeeclose.it\/","name":"l&#039;\u00e9chapp\u00e9e close","description":"La libreria francese di Milano","publisher":{"@id":"http:\/\/lechappeeclose.it\/#organization"},"alternateName":"La librairie fran\u00e7aise de Milan","potentialAction":[{"@type":"SearchAction","target":{"@type":"EntryPoint","urlTemplate":"http:\/\/lechappeeclose.it\/?s={search_term_string}"},"query-input":{"@type":"PropertyValueSpecification","valueRequired":true,"valueName":"search_term_string"}}],"inLanguage":"it-IT"},{"@type":"Organization","@id":"http:\/\/lechappeeclose.it\/#organization","name":"l&#039;\u00e9chapp\u00e9e close","url":"http:\/\/lechappeeclose.it\/","logo":{"@type":"ImageObject","inLanguage":"it-IT","@id":"http:\/\/lechappeeclose.it\/#\/schema\/logo\/image\/","url":"http:\/\/lechappeeclose.it\/wp-content\/uploads\/2025\/02\/cropped-logo-rond.png","contentUrl":"http:\/\/lechappeeclose.it\/wp-content\/uploads\/2025\/02\/cropped-logo-rond.png","width":1080,"height":1080,"caption":"l&#039;\u00e9chapp\u00e9e close"},"image":{"@id":"http:\/\/lechappeeclose.it\/#\/schema\/logo\/image\/"},"sameAs":["https:\/\/www.instagram.com\/lechappeeclose\/"]}]}},"_links":{"self":[{"href":"http:\/\/lechappeeclose.it\/it\/wp-json\/wp\/v2\/product\/12963","targetHints":{"allow":["GET"]}}],"collection":[{"href":"http:\/\/lechappeeclose.it\/it\/wp-json\/wp\/v2\/product"}],"about":[{"href":"http:\/\/lechappeeclose.it\/it\/wp-json\/wp\/v2\/types\/product"}],"replies":[{"embeddable":true,"href":"http:\/\/lechappeeclose.it\/it\/wp-json\/wp\/v2\/comments?post=12963"}],"wp:featuredmedia":[{"embeddable":true,"href":"http:\/\/lechappeeclose.it\/it\/wp-json\/wp\/v2\/media\/12962"}],"wp:attachment":[{"href":"http:\/\/lechappeeclose.it\/it\/wp-json\/wp\/v2\/media?parent=12963"}],"wp:term":[{"taxonomy":"product_brand","embeddable":true,"href":"http:\/\/lechappeeclose.it\/it\/wp-json\/wp\/v2\/product_brand?post=12963"},{"taxonomy":"product_cat","embeddable":true,"href":"http:\/\/lechappeeclose.it\/it\/wp-json\/wp\/v2\/product_cat?post=12963"},{"taxonomy":"product_tag","embeddable":true,"href":"http:\/\/lechappeeclose.it\/it\/wp-json\/wp\/v2\/product_tag?post=12963"}],"curies":[{"name":"wp","href":"https:\/\/api.w.org\/{rel}","templated":true}]}}