{"id":12954,"date":"2026-03-05T11:57:11","date_gmt":"2026-03-05T10:57:11","guid":{"rendered":"https:\/\/lechappeeclose.it\/boutique\/non class\u00e9\/cartomancie\/"},"modified":"2026-03-05T11:57:11","modified_gmt":"2026-03-05T10:57:11","slug":"cartomancie","status":"publish","type":"product","link":"http:\/\/lechappeeclose.it\/it\/boutique\/livres\/arts\/design\/cartomancie\/","title":{"rendered":"Cartomancie"},"content":{"rendered":"<p>Art de la divination, la cartomancie est une pratique florissante depuis le XVIIIe si\u00e8cle. Cet ouvrage t\u00e9moigne de l&#8217;\u00e9volution graphique de ces jeux de cartes \u00e0 l&#8217;imagerie et aux messages all\u00e9goriques vari\u00e9s.<br \/>\nArriv\u00e9es d&#8217;Orient en Occident au XIVe si\u00e8cle, les cartes \u00e0 jouer s&#8217;y sont depuis d\u00e9clin\u00e9es en une multitude d&#8217;exemples et d&#8217;usages. Pr\u00e9sents dans les collections du d\u00e9partement des Estampes et de la photographie de la BnF d\u00e8s sa fondation, les jeux de cartes y repr\u00e9sentent aujourd&#8217;hui pr\u00e8s de 3 000 ensembles, parmi lesquels bon nombre de jeux de cartomancie, oracles et tarots divinatoires. De 1788 \u00e0 1930, vingt-deux jeux de cartes embl\u00e9matiques, employ\u00e9s pour la divination ou sp\u00e9cialement con\u00e7us pour cet usage, posent ici les jalons d&#8217;une histoire de la cartomancie et d&#8217;un succ\u00e8s croissant de ces images dont les symboles et les combinaisons ont, pour certains, le pouvoir d&#8217;\u00e9clairer le futur.<\/p>","protected":false},"excerpt":{"rendered":"<p>Art de la divination, la cartomancie est une pratique florissante depuis le XVIIIe si\u00e8cle. Cet ouvrage t\u00e9moigne de l&#8217;\u00e9volution graphique de ces jeux de cartes \u00e0 l&#8217;imagerie et aux messages all\u00e9goriques vari\u00e9s. Arriv\u00e9es d&#8217;Orient en Occident au XIVe si\u00e8cle, les cartes \u00e0 jouer s&#8217;y sont depuis d\u00e9clin\u00e9es en une multitude d&#8217;exemples et d&#8217;usages. Pr\u00e9sents dans [&hellip;]<\/p>","protected":false},"featured_media":12953,"comment_status":"open","ping_status":"closed","template":"","meta":[],"product_brand":[],"product_cat":[38],"product_tag":[],"class_list":{"0":"post-12954","1":"product","2":"type-product","3":"status-publish","4":"has-post-thumbnail","6":"product_cat-design","8":"first","9":"instock","10":"taxable","11":"shipping-taxable","12":"purchasable","13":"product-type-simple"},"yoast_head":"<!-- This site is optimized with the Yoast SEO plugin v27.4 - https:\/\/yoast.com\/product\/yoast-seo-wordpress\/ -->\n<title>Cartomancie - l&#039;\u00e9chapp\u00e9e close<\/title>\n<meta name=\"robots\" content=\"index, follow, max-snippet:-1, max-image-preview:large, max-video-preview:-1\" \/>\n<link rel=\"canonical\" href=\"https:\/\/lechappeeclose.it\/it\/boutique\/livres\/arts\/design\/cartomancie\/\" \/>\n<meta property=\"og:locale\" content=\"it_IT\" \/>\n<meta property=\"og:type\" content=\"article\" \/>\n<meta property=\"og:title\" content=\"Cartomancie - l&#039;\u00e9chapp\u00e9e close\" \/>\n<meta property=\"og:description\" content=\"Art de la divination, la cartomancie est une pratique florissante depuis le XVIIIe si\u00e8cle. Cet ouvrage t\u00e9moigne de l&#8217;\u00e9volution graphique de ces jeux de cartes \u00e0 l&#8217;imagerie et aux messages all\u00e9goriques vari\u00e9s. Arriv\u00e9es d&#8217;Orient en Occident au XIVe si\u00e8cle, les cartes \u00e0 jouer s&#8217;y sont depuis d\u00e9clin\u00e9es en une multitude d&#8217;exemples et d&#8217;usages. Pr\u00e9sents dans [&hellip;]\" \/>\n<meta property=\"og:url\" content=\"https:\/\/lechappeeclose.it\/it\/boutique\/livres\/arts\/design\/cartomancie\/\" \/>\n<meta property=\"og:site_name\" content=\"l&#039;\u00e9chapp\u00e9e close\" \/>\n<meta property=\"og:image\" content=\"https:\/\/lechappeeclose.it\/wp-content\/uploads\/2026\/03\/Cartomancie.jpeg\" \/>\n\t<meta property=\"og:image:width\" content=\"358\" \/>\n\t<meta property=\"og:image:height\" content=\"500\" \/>\n\t<meta property=\"og:image:type\" content=\"image\/jpeg\" \/>\n<meta name=\"twitter:card\" content=\"summary_large_image\" \/>\n<meta name=\"twitter:label1\" content=\"Tempo di lettura stimato\" \/>\n\t<meta name=\"twitter:data1\" content=\"1 minuto\" \/>\n<script type=\"application\/ld+json\" class=\"yoast-schema-graph\">{\"@context\":\"https:\\\/\\\/schema.org\",\"@graph\":[{\"@type\":\"WebPage\",\"@id\":\"https:\\\/\\\/lechappeeclose.it\\\/boutique\\\/livres\\\/arts\\\/design\\\/cartomancie\\\/\",\"url\":\"https:\\\/\\\/lechappeeclose.it\\\/boutique\\\/livres\\\/arts\\\/design\\\/cartomancie\\\/\",\"name\":\"Cartomancie - l&#039;\u00e9chapp\u00e9e close\",\"isPartOf\":{\"@id\":\"http:\\\/\\\/lechappeeclose.it\\\/#website\"},\"primaryImageOfPage\":{\"@id\":\"https:\\\/\\\/lechappeeclose.it\\\/boutique\\\/livres\\\/arts\\\/design\\\/cartomancie\\\/#primaryimage\"},\"image\":{\"@id\":\"https:\\\/\\\/lechappeeclose.it\\\/boutique\\\/livres\\\/arts\\\/design\\\/cartomancie\\\/#primaryimage\"},\"thumbnailUrl\":\"http:\\\/\\\/lechappeeclose.it\\\/wp-content\\\/uploads\\\/2026\\\/03\\\/Cartomancie.jpeg\",\"datePublished\":\"2026-03-05T10:57:11+00:00\",\"breadcrumb\":{\"@id\":\"https:\\\/\\\/lechappeeclose.it\\\/boutique\\\/livres\\\/arts\\\/design\\\/cartomancie\\\/#breadcrumb\"},\"inLanguage\":\"it-IT\",\"potentialAction\":[{\"@type\":\"ReadAction\",\"target\":[\"https:\\\/\\\/lechappeeclose.it\\\/boutique\\\/livres\\\/arts\\\/design\\\/cartomancie\\\/\"]}]},{\"@type\":\"ImageObject\",\"inLanguage\":\"it-IT\",\"@id\":\"https:\\\/\\\/lechappeeclose.it\\\/boutique\\\/livres\\\/arts\\\/design\\\/cartomancie\\\/#primaryimage\",\"url\":\"http:\\\/\\\/lechappeeclose.it\\\/wp-content\\\/uploads\\\/2026\\\/03\\\/Cartomancie.jpeg\",\"contentUrl\":\"http:\\\/\\\/lechappeeclose.it\\\/wp-content\\\/uploads\\\/2026\\\/03\\\/Cartomancie.jpeg\",\"width\":358,\"height\":500},{\"@type\":\"BreadcrumbList\",\"@id\":\"https:\\\/\\\/lechappeeclose.it\\\/boutique\\\/livres\\\/arts\\\/design\\\/cartomancie\\\/#breadcrumb\",\"itemListElement\":[{\"@type\":\"ListItem\",\"position\":1,\"name\":\"Accueil\",\"item\":\"http:\\\/\\\/lechappeeclose.it\\\/\"},{\"@type\":\"ListItem\",\"position\":2,\"name\":\"Boutique\",\"item\":\"http:\\\/\\\/lechappeeclose.it\\\/it\\\/boutique\\\/\"},{\"@type\":\"ListItem\",\"position\":3,\"name\":\"Cartomancie\"}]},{\"@type\":\"WebSite\",\"@id\":\"http:\\\/\\\/lechappeeclose.it\\\/#website\",\"url\":\"http:\\\/\\\/lechappeeclose.it\\\/\",\"name\":\"l&#039;\u00e9chapp\u00e9e close\",\"description\":\"la librairie fran\u00e7aise de Milan\",\"publisher\":{\"@id\":\"http:\\\/\\\/lechappeeclose.it\\\/#organization\"},\"alternateName\":\"La librairie fran\u00e7aise de Milan\",\"potentialAction\":[{\"@type\":\"SearchAction\",\"target\":{\"@type\":\"EntryPoint\",\"urlTemplate\":\"http:\\\/\\\/lechappeeclose.it\\\/?s={search_term_string}\"},\"query-input\":{\"@type\":\"PropertyValueSpecification\",\"valueRequired\":true,\"valueName\":\"search_term_string\"}}],\"inLanguage\":\"it-IT\"},{\"@type\":\"Organization\",\"@id\":\"http:\\\/\\\/lechappeeclose.it\\\/#organization\",\"name\":\"l&#039;\u00e9chapp\u00e9e close\",\"url\":\"http:\\\/\\\/lechappeeclose.it\\\/\",\"logo\":{\"@type\":\"ImageObject\",\"inLanguage\":\"it-IT\",\"@id\":\"http:\\\/\\\/lechappeeclose.it\\\/#\\\/schema\\\/logo\\\/image\\\/\",\"url\":\"http:\\\/\\\/lechappeeclose.it\\\/wp-content\\\/uploads\\\/2025\\\/02\\\/cropped-logo-rond.png\",\"contentUrl\":\"http:\\\/\\\/lechappeeclose.it\\\/wp-content\\\/uploads\\\/2025\\\/02\\\/cropped-logo-rond.png\",\"width\":1080,\"height\":1080,\"caption\":\"l&#039;\u00e9chapp\u00e9e close\"},\"image\":{\"@id\":\"http:\\\/\\\/lechappeeclose.it\\\/#\\\/schema\\\/logo\\\/image\\\/\"},\"sameAs\":[\"https:\\\/\\\/www.instagram.com\\\/lechappeeclose\\\/\"]}]}<\/script>\n<!-- \/ Yoast SEO plugin. -->","yoast_head_json":{"title":"Cartomancie - l&#039;\u00e9chapp\u00e9e close","robots":{"index":"index","follow":"follow","max-snippet":"max-snippet:-1","max-image-preview":"max-image-preview:large","max-video-preview":"max-video-preview:-1"},"canonical":"https:\/\/lechappeeclose.it\/it\/boutique\/livres\/arts\/design\/cartomancie\/","og_locale":"it_IT","og_type":"article","og_title":"Cartomancie - l&#039;\u00e9chapp\u00e9e close","og_description":"Art de la divination, la cartomancie est une pratique florissante depuis le XVIIIe si\u00e8cle. Cet ouvrage t\u00e9moigne de l&#8217;\u00e9volution graphique de ces jeux de cartes \u00e0 l&#8217;imagerie et aux messages all\u00e9goriques vari\u00e9s. Arriv\u00e9es d&#8217;Orient en Occident au XIVe si\u00e8cle, les cartes \u00e0 jouer s&#8217;y sont depuis d\u00e9clin\u00e9es en une multitude d&#8217;exemples et d&#8217;usages. Pr\u00e9sents dans [&hellip;]","og_url":"https:\/\/lechappeeclose.it\/it\/boutique\/livres\/arts\/design\/cartomancie\/","og_site_name":"l&#039;\u00e9chapp\u00e9e close","og_image":[{"width":358,"height":500,"url":"https:\/\/lechappeeclose.it\/wp-content\/uploads\/2026\/03\/Cartomancie.jpeg","type":"image\/jpeg"}],"twitter_card":"summary_large_image","twitter_misc":{"Tempo di lettura stimato":"1 minuto"},"schema":{"@context":"https:\/\/schema.org","@graph":[{"@type":"WebPage","@id":"https:\/\/lechappeeclose.it\/boutique\/livres\/arts\/design\/cartomancie\/","url":"https:\/\/lechappeeclose.it\/boutique\/livres\/arts\/design\/cartomancie\/","name":"Cartomancie - l&#039;\u00e9chapp\u00e9e close","isPartOf":{"@id":"http:\/\/lechappeeclose.it\/#website"},"primaryImageOfPage":{"@id":"https:\/\/lechappeeclose.it\/boutique\/livres\/arts\/design\/cartomancie\/#primaryimage"},"image":{"@id":"https:\/\/lechappeeclose.it\/boutique\/livres\/arts\/design\/cartomancie\/#primaryimage"},"thumbnailUrl":"http:\/\/lechappeeclose.it\/wp-content\/uploads\/2026\/03\/Cartomancie.jpeg","datePublished":"2026-03-05T10:57:11+00:00","breadcrumb":{"@id":"https:\/\/lechappeeclose.it\/boutique\/livres\/arts\/design\/cartomancie\/#breadcrumb"},"inLanguage":"it-IT","potentialAction":[{"@type":"ReadAction","target":["https:\/\/lechappeeclose.it\/boutique\/livres\/arts\/design\/cartomancie\/"]}]},{"@type":"ImageObject","inLanguage":"it-IT","@id":"https:\/\/lechappeeclose.it\/boutique\/livres\/arts\/design\/cartomancie\/#primaryimage","url":"http:\/\/lechappeeclose.it\/wp-content\/uploads\/2026\/03\/Cartomancie.jpeg","contentUrl":"http:\/\/lechappeeclose.it\/wp-content\/uploads\/2026\/03\/Cartomancie.jpeg","width":358,"height":500},{"@type":"BreadcrumbList","@id":"https:\/\/lechappeeclose.it\/boutique\/livres\/arts\/design\/cartomancie\/#breadcrumb","itemListElement":[{"@type":"ListItem","position":1,"name":"Accueil","item":"http:\/\/lechappeeclose.it\/"},{"@type":"ListItem","position":2,"name":"Boutique","item":"http:\/\/lechappeeclose.it\/it\/boutique\/"},{"@type":"ListItem","position":3,"name":"Cartomancie"}]},{"@type":"WebSite","@id":"http:\/\/lechappeeclose.it\/#website","url":"http:\/\/lechappeeclose.it\/","name":"l&#039;\u00e9chapp\u00e9e close","description":"La libreria francese di Milano","publisher":{"@id":"http:\/\/lechappeeclose.it\/#organization"},"alternateName":"La librairie fran\u00e7aise de Milan","potentialAction":[{"@type":"SearchAction","target":{"@type":"EntryPoint","urlTemplate":"http:\/\/lechappeeclose.it\/?s={search_term_string}"},"query-input":{"@type":"PropertyValueSpecification","valueRequired":true,"valueName":"search_term_string"}}],"inLanguage":"it-IT"},{"@type":"Organization","@id":"http:\/\/lechappeeclose.it\/#organization","name":"l&#039;\u00e9chapp\u00e9e close","url":"http:\/\/lechappeeclose.it\/","logo":{"@type":"ImageObject","inLanguage":"it-IT","@id":"http:\/\/lechappeeclose.it\/#\/schema\/logo\/image\/","url":"http:\/\/lechappeeclose.it\/wp-content\/uploads\/2025\/02\/cropped-logo-rond.png","contentUrl":"http:\/\/lechappeeclose.it\/wp-content\/uploads\/2025\/02\/cropped-logo-rond.png","width":1080,"height":1080,"caption":"l&#039;\u00e9chapp\u00e9e close"},"image":{"@id":"http:\/\/lechappeeclose.it\/#\/schema\/logo\/image\/"},"sameAs":["https:\/\/www.instagram.com\/lechappeeclose\/"]}]}},"_links":{"self":[{"href":"http:\/\/lechappeeclose.it\/it\/wp-json\/wp\/v2\/product\/12954","targetHints":{"allow":["GET"]}}],"collection":[{"href":"http:\/\/lechappeeclose.it\/it\/wp-json\/wp\/v2\/product"}],"about":[{"href":"http:\/\/lechappeeclose.it\/it\/wp-json\/wp\/v2\/types\/product"}],"replies":[{"embeddable":true,"href":"http:\/\/lechappeeclose.it\/it\/wp-json\/wp\/v2\/comments?post=12954"}],"wp:featuredmedia":[{"embeddable":true,"href":"http:\/\/lechappeeclose.it\/it\/wp-json\/wp\/v2\/media\/12953"}],"wp:attachment":[{"href":"http:\/\/lechappeeclose.it\/it\/wp-json\/wp\/v2\/media?parent=12954"}],"wp:term":[{"taxonomy":"product_brand","embeddable":true,"href":"http:\/\/lechappeeclose.it\/it\/wp-json\/wp\/v2\/product_brand?post=12954"},{"taxonomy":"product_cat","embeddable":true,"href":"http:\/\/lechappeeclose.it\/it\/wp-json\/wp\/v2\/product_cat?post=12954"},{"taxonomy":"product_tag","embeddable":true,"href":"http:\/\/lechappeeclose.it\/it\/wp-json\/wp\/v2\/product_tag?post=12954"}],"curies":[{"name":"wp","href":"https:\/\/api.w.org\/{rel}","templated":true}]}}