{"id":12946,"date":"2026-02-26T16:08:50","date_gmt":"2026-02-26T15:08:50","guid":{"rendered":"https:\/\/lechappeeclose.it\/boutique\/non class\u00e9\/au-galop\/"},"modified":"2026-02-26T16:08:50","modified_gmt":"2026-02-26T15:08:50","slug":"au-galop","status":"publish","type":"product","link":"http:\/\/lechappeeclose.it\/it\/boutique\/livres\/jeunesse\/petite-enfance\/au-galop\/","title":{"rendered":"Au galop !"},"content":{"rendered":"<p>Livre anim\u00e9 en scanimation : les images prennent vie \u00e0 chaque page tourn\u00e9e !<br \/>\nD\u00e9couvre 8 animaux pr\u00e9f\u00e9r\u00e9s des enfants : cheval, chat, chien, chimpanz\u00e9, et bien plus encore.<br \/>\nAdapt\u00e9 aux b\u00e9b\u00e9s d\u00e8s la naissance jusqu&#8217;\u00e0 3 ans : pages cartonn\u00e9es, manipulation facile;<br \/>\nStimule la vue, la motricit\u00e9 fine et l&#8217;\u00e9veil sensoriel gr\u00e2ce \u00e0 un proc\u00e9d\u00e9 visuel unique.<br \/>\nAvec &#8220;Au Galop&#8221;, les animaux prennent vie sous les yeux \u00e9merveill\u00e9s des tout-petits ! Gr\u00e2ce \u00e0 la scanimation, une technique innovante qui donne l&#8217;illusion du mouvement, ce livre anim\u00e9 propose une exp\u00e9rience visuelle magique et captivante pour les b\u00e9b\u00e9s de 0 \u00e0 3 ans.<br \/>\n Chaque page fait appara\u00eetre un animal en pleine action : le cheval galope, le chien court, le papillon bat des ailes&#8230; Des illustrations en noir et blanc dynamiques, parfaites pour stimuler la curiosit\u00e9 visuelle et le d\u00e9veloppement sensoriel d\u00e8s le plus jeune \u00e2ge.<br \/>\nCon\u00e7u en pages \u00e9paisses et r\u00e9sistantes, ce livre d&#8217;\u00e9veil est id\u00e9al pour les petites mains. Un format robuste, sans pile ni \u00e9cran, qui fait appel \u00e0 la m\u00e9canique pure et \u00e0 la magie du papier anim\u00e9.<br \/>\n Un cadeau de naissance ou d&#8217;anniversaire \u00e0 la fois po\u00e9tique, \u00e9ducatif et plein de surprises !<\/p>","protected":false},"excerpt":{"rendered":"<p>Livre anim\u00e9 en scanimation : les images prennent vie \u00e0 chaque page tourn\u00e9e ! D\u00e9couvre 8 animaux pr\u00e9f\u00e9r\u00e9s des enfants : cheval, chat, chien, chimpanz\u00e9, et bien plus encore. Adapt\u00e9 aux b\u00e9b\u00e9s d\u00e8s la naissance jusqu&#8217;\u00e0 3 ans : pages cartonn\u00e9es, manipulation facile; Stimule la vue, la motricit\u00e9 fine et l&#8217;\u00e9veil sensoriel gr\u00e2ce \u00e0 un [&hellip;]<\/p>","protected":false},"featured_media":12945,"comment_status":"open","ping_status":"closed","template":"","meta":[],"product_brand":[],"product_cat":[51],"product_tag":[],"class_list":{"0":"post-12946","1":"product","2":"type-product","3":"status-publish","4":"has-post-thumbnail","6":"product_cat-petite-enfance","8":"first","9":"instock","10":"taxable","11":"shipping-taxable","12":"purchasable","13":"product-type-simple"},"yoast_head":"<!-- This site is optimized with the Yoast SEO plugin v27.4 - https:\/\/yoast.com\/product\/yoast-seo-wordpress\/ -->\n<title>Au galop ! - l&#039;\u00e9chapp\u00e9e close<\/title>\n<meta name=\"robots\" content=\"index, follow, max-snippet:-1, max-image-preview:large, max-video-preview:-1\" \/>\n<link rel=\"canonical\" href=\"http:\/\/lechappeeclose.it\/it\/boutique\/livres\/jeunesse\/petite-enfance\/au-galop\/\" \/>\n<meta property=\"og:locale\" content=\"it_IT\" \/>\n<meta property=\"og:type\" content=\"article\" \/>\n<meta property=\"og:title\" content=\"Au galop ! - l&#039;\u00e9chapp\u00e9e close\" \/>\n<meta property=\"og:description\" content=\"Livre anim\u00e9 en scanimation : les images prennent vie \u00e0 chaque page tourn\u00e9e ! D\u00e9couvre 8 animaux pr\u00e9f\u00e9r\u00e9s des enfants : cheval, chat, chien, chimpanz\u00e9, et bien plus encore. Adapt\u00e9 aux b\u00e9b\u00e9s d\u00e8s la naissance jusqu&#8217;\u00e0 3 ans : pages cartonn\u00e9es, manipulation facile; Stimule la vue, la motricit\u00e9 fine et l&#8217;\u00e9veil sensoriel gr\u00e2ce \u00e0 un [&hellip;]\" \/>\n<meta property=\"og:url\" content=\"http:\/\/lechappeeclose.it\/it\/boutique\/livres\/jeunesse\/petite-enfance\/au-galop\/\" \/>\n<meta property=\"og:site_name\" content=\"l&#039;\u00e9chapp\u00e9e close\" \/>\n<meta property=\"og:image\" content=\"http:\/\/lechappeeclose.it\/wp-content\/uploads\/2026\/02\/Au-galop.jpeg\" \/>\n\t<meta property=\"og:image:width\" content=\"500\" \/>\n\t<meta property=\"og:image:height\" content=\"500\" \/>\n\t<meta property=\"og:image:type\" content=\"image\/jpeg\" \/>\n<meta name=\"twitter:card\" content=\"summary_large_image\" \/>\n<meta name=\"twitter:label1\" content=\"Tempo di lettura stimato\" \/>\n\t<meta name=\"twitter:data1\" content=\"1 minuto\" \/>\n<script type=\"application\/ld+json\" class=\"yoast-schema-graph\">{\"@context\":\"https:\\\/\\\/schema.org\",\"@graph\":[{\"@type\":\"WebPage\",\"@id\":\"http:\\\/\\\/lechappeeclose.it\\\/it\\\/boutique\\\/livres\\\/jeunesse\\\/petite-enfance\\\/au-galop\\\/\",\"url\":\"http:\\\/\\\/lechappeeclose.it\\\/it\\\/boutique\\\/livres\\\/jeunesse\\\/petite-enfance\\\/au-galop\\\/\",\"name\":\"Au galop ! - l&#039;\u00e9chapp\u00e9e close\",\"isPartOf\":{\"@id\":\"http:\\\/\\\/lechappeeclose.it\\\/#website\"},\"primaryImageOfPage\":{\"@id\":\"http:\\\/\\\/lechappeeclose.it\\\/it\\\/boutique\\\/livres\\\/jeunesse\\\/petite-enfance\\\/au-galop\\\/#primaryimage\"},\"image\":{\"@id\":\"http:\\\/\\\/lechappeeclose.it\\\/it\\\/boutique\\\/livres\\\/jeunesse\\\/petite-enfance\\\/au-galop\\\/#primaryimage\"},\"thumbnailUrl\":\"http:\\\/\\\/lechappeeclose.it\\\/wp-content\\\/uploads\\\/2026\\\/02\\\/Au-galop.jpeg\",\"datePublished\":\"2026-02-26T15:08:50+00:00\",\"breadcrumb\":{\"@id\":\"http:\\\/\\\/lechappeeclose.it\\\/it\\\/boutique\\\/livres\\\/jeunesse\\\/petite-enfance\\\/au-galop\\\/#breadcrumb\"},\"inLanguage\":\"it-IT\",\"potentialAction\":[{\"@type\":\"ReadAction\",\"target\":[\"http:\\\/\\\/lechappeeclose.it\\\/it\\\/boutique\\\/livres\\\/jeunesse\\\/petite-enfance\\\/au-galop\\\/\"]}]},{\"@type\":\"ImageObject\",\"inLanguage\":\"it-IT\",\"@id\":\"http:\\\/\\\/lechappeeclose.it\\\/it\\\/boutique\\\/livres\\\/jeunesse\\\/petite-enfance\\\/au-galop\\\/#primaryimage\",\"url\":\"http:\\\/\\\/lechappeeclose.it\\\/wp-content\\\/uploads\\\/2026\\\/02\\\/Au-galop.jpeg\",\"contentUrl\":\"http:\\\/\\\/lechappeeclose.it\\\/wp-content\\\/uploads\\\/2026\\\/02\\\/Au-galop.jpeg\",\"width\":500,\"height\":500},{\"@type\":\"BreadcrumbList\",\"@id\":\"http:\\\/\\\/lechappeeclose.it\\\/it\\\/boutique\\\/livres\\\/jeunesse\\\/petite-enfance\\\/au-galop\\\/#breadcrumb\",\"itemListElement\":[{\"@type\":\"ListItem\",\"position\":1,\"name\":\"Accueil\",\"item\":\"http:\\\/\\\/lechappeeclose.it\\\/\"},{\"@type\":\"ListItem\",\"position\":2,\"name\":\"Boutique\",\"item\":\"http:\\\/\\\/lechappeeclose.it\\\/it\\\/boutique\\\/\"},{\"@type\":\"ListItem\",\"position\":3,\"name\":\"Au galop !\"}]},{\"@type\":\"WebSite\",\"@id\":\"http:\\\/\\\/lechappeeclose.it\\\/#website\",\"url\":\"http:\\\/\\\/lechappeeclose.it\\\/\",\"name\":\"l&#039;\u00e9chapp\u00e9e close\",\"description\":\"la librairie fran\u00e7aise de Milan\",\"publisher\":{\"@id\":\"http:\\\/\\\/lechappeeclose.it\\\/#organization\"},\"alternateName\":\"La librairie fran\u00e7aise de Milan\",\"potentialAction\":[{\"@type\":\"SearchAction\",\"target\":{\"@type\":\"EntryPoint\",\"urlTemplate\":\"http:\\\/\\\/lechappeeclose.it\\\/?s={search_term_string}\"},\"query-input\":{\"@type\":\"PropertyValueSpecification\",\"valueRequired\":true,\"valueName\":\"search_term_string\"}}],\"inLanguage\":\"it-IT\"},{\"@type\":\"Organization\",\"@id\":\"http:\\\/\\\/lechappeeclose.it\\\/#organization\",\"name\":\"l&#039;\u00e9chapp\u00e9e close\",\"url\":\"http:\\\/\\\/lechappeeclose.it\\\/\",\"logo\":{\"@type\":\"ImageObject\",\"inLanguage\":\"it-IT\",\"@id\":\"http:\\\/\\\/lechappeeclose.it\\\/#\\\/schema\\\/logo\\\/image\\\/\",\"url\":\"http:\\\/\\\/lechappeeclose.it\\\/wp-content\\\/uploads\\\/2025\\\/02\\\/cropped-logo-rond.png\",\"contentUrl\":\"http:\\\/\\\/lechappeeclose.it\\\/wp-content\\\/uploads\\\/2025\\\/02\\\/cropped-logo-rond.png\",\"width\":1080,\"height\":1080,\"caption\":\"l&#039;\u00e9chapp\u00e9e close\"},\"image\":{\"@id\":\"http:\\\/\\\/lechappeeclose.it\\\/#\\\/schema\\\/logo\\\/image\\\/\"},\"sameAs\":[\"https:\\\/\\\/www.instagram.com\\\/lechappeeclose\\\/\"]}]}<\/script>\n<!-- \/ Yoast SEO plugin. -->","yoast_head_json":{"title":"Au galop ! - l&#039;\u00e9chapp\u00e9e close","robots":{"index":"index","follow":"follow","max-snippet":"max-snippet:-1","max-image-preview":"max-image-preview:large","max-video-preview":"max-video-preview:-1"},"canonical":"http:\/\/lechappeeclose.it\/it\/boutique\/livres\/jeunesse\/petite-enfance\/au-galop\/","og_locale":"it_IT","og_type":"article","og_title":"Au galop ! - l&#039;\u00e9chapp\u00e9e close","og_description":"Livre anim\u00e9 en scanimation : les images prennent vie \u00e0 chaque page tourn\u00e9e ! D\u00e9couvre 8 animaux pr\u00e9f\u00e9r\u00e9s des enfants : cheval, chat, chien, chimpanz\u00e9, et bien plus encore. Adapt\u00e9 aux b\u00e9b\u00e9s d\u00e8s la naissance jusqu&#8217;\u00e0 3 ans : pages cartonn\u00e9es, manipulation facile; Stimule la vue, la motricit\u00e9 fine et l&#8217;\u00e9veil sensoriel gr\u00e2ce \u00e0 un [&hellip;]","og_url":"http:\/\/lechappeeclose.it\/it\/boutique\/livres\/jeunesse\/petite-enfance\/au-galop\/","og_site_name":"l&#039;\u00e9chapp\u00e9e close","og_image":[{"width":500,"height":500,"url":"http:\/\/lechappeeclose.it\/wp-content\/uploads\/2026\/02\/Au-galop.jpeg","type":"image\/jpeg"}],"twitter_card":"summary_large_image","twitter_misc":{"Tempo di lettura stimato":"1 minuto"},"schema":{"@context":"https:\/\/schema.org","@graph":[{"@type":"WebPage","@id":"http:\/\/lechappeeclose.it\/it\/boutique\/livres\/jeunesse\/petite-enfance\/au-galop\/","url":"http:\/\/lechappeeclose.it\/it\/boutique\/livres\/jeunesse\/petite-enfance\/au-galop\/","name":"Au galop ! - l&#039;\u00e9chapp\u00e9e close","isPartOf":{"@id":"http:\/\/lechappeeclose.it\/#website"},"primaryImageOfPage":{"@id":"http:\/\/lechappeeclose.it\/it\/boutique\/livres\/jeunesse\/petite-enfance\/au-galop\/#primaryimage"},"image":{"@id":"http:\/\/lechappeeclose.it\/it\/boutique\/livres\/jeunesse\/petite-enfance\/au-galop\/#primaryimage"},"thumbnailUrl":"http:\/\/lechappeeclose.it\/wp-content\/uploads\/2026\/02\/Au-galop.jpeg","datePublished":"2026-02-26T15:08:50+00:00","breadcrumb":{"@id":"http:\/\/lechappeeclose.it\/it\/boutique\/livres\/jeunesse\/petite-enfance\/au-galop\/#breadcrumb"},"inLanguage":"it-IT","potentialAction":[{"@type":"ReadAction","target":["http:\/\/lechappeeclose.it\/it\/boutique\/livres\/jeunesse\/petite-enfance\/au-galop\/"]}]},{"@type":"ImageObject","inLanguage":"it-IT","@id":"http:\/\/lechappeeclose.it\/it\/boutique\/livres\/jeunesse\/petite-enfance\/au-galop\/#primaryimage","url":"http:\/\/lechappeeclose.it\/wp-content\/uploads\/2026\/02\/Au-galop.jpeg","contentUrl":"http:\/\/lechappeeclose.it\/wp-content\/uploads\/2026\/02\/Au-galop.jpeg","width":500,"height":500},{"@type":"BreadcrumbList","@id":"http:\/\/lechappeeclose.it\/it\/boutique\/livres\/jeunesse\/petite-enfance\/au-galop\/#breadcrumb","itemListElement":[{"@type":"ListItem","position":1,"name":"Accueil","item":"http:\/\/lechappeeclose.it\/"},{"@type":"ListItem","position":2,"name":"Boutique","item":"http:\/\/lechappeeclose.it\/it\/boutique\/"},{"@type":"ListItem","position":3,"name":"Au galop !"}]},{"@type":"WebSite","@id":"http:\/\/lechappeeclose.it\/#website","url":"http:\/\/lechappeeclose.it\/","name":"l&#039;\u00e9chapp\u00e9e close","description":"La libreria francese di Milano","publisher":{"@id":"http:\/\/lechappeeclose.it\/#organization"},"alternateName":"La librairie fran\u00e7aise de Milan","potentialAction":[{"@type":"SearchAction","target":{"@type":"EntryPoint","urlTemplate":"http:\/\/lechappeeclose.it\/?s={search_term_string}"},"query-input":{"@type":"PropertyValueSpecification","valueRequired":true,"valueName":"search_term_string"}}],"inLanguage":"it-IT"},{"@type":"Organization","@id":"http:\/\/lechappeeclose.it\/#organization","name":"l&#039;\u00e9chapp\u00e9e close","url":"http:\/\/lechappeeclose.it\/","logo":{"@type":"ImageObject","inLanguage":"it-IT","@id":"http:\/\/lechappeeclose.it\/#\/schema\/logo\/image\/","url":"http:\/\/lechappeeclose.it\/wp-content\/uploads\/2025\/02\/cropped-logo-rond.png","contentUrl":"http:\/\/lechappeeclose.it\/wp-content\/uploads\/2025\/02\/cropped-logo-rond.png","width":1080,"height":1080,"caption":"l&#039;\u00e9chapp\u00e9e close"},"image":{"@id":"http:\/\/lechappeeclose.it\/#\/schema\/logo\/image\/"},"sameAs":["https:\/\/www.instagram.com\/lechappeeclose\/"]}]}},"_links":{"self":[{"href":"http:\/\/lechappeeclose.it\/it\/wp-json\/wp\/v2\/product\/12946","targetHints":{"allow":["GET"]}}],"collection":[{"href":"http:\/\/lechappeeclose.it\/it\/wp-json\/wp\/v2\/product"}],"about":[{"href":"http:\/\/lechappeeclose.it\/it\/wp-json\/wp\/v2\/types\/product"}],"replies":[{"embeddable":true,"href":"http:\/\/lechappeeclose.it\/it\/wp-json\/wp\/v2\/comments?post=12946"}],"wp:featuredmedia":[{"embeddable":true,"href":"http:\/\/lechappeeclose.it\/it\/wp-json\/wp\/v2\/media\/12945"}],"wp:attachment":[{"href":"http:\/\/lechappeeclose.it\/it\/wp-json\/wp\/v2\/media?parent=12946"}],"wp:term":[{"taxonomy":"product_brand","embeddable":true,"href":"http:\/\/lechappeeclose.it\/it\/wp-json\/wp\/v2\/product_brand?post=12946"},{"taxonomy":"product_cat","embeddable":true,"href":"http:\/\/lechappeeclose.it\/it\/wp-json\/wp\/v2\/product_cat?post=12946"},{"taxonomy":"product_tag","embeddable":true,"href":"http:\/\/lechappeeclose.it\/it\/wp-json\/wp\/v2\/product_tag?post=12946"}],"curies":[{"name":"wp","href":"https:\/\/api.w.org\/{rel}","templated":true}]}}