{"id":12914,"date":"2026-02-20T14:41:23","date_gmt":"2026-02-20T13:41:23","guid":{"rendered":"https:\/\/lechappeeclose.it\/boutique\/non class\u00e9\/priere-aux-vivants-pour-leur-pardonner-detre-vivants\/"},"modified":"2026-02-20T14:41:23","modified_gmt":"2026-02-20T13:41:23","slug":"priere-aux-vivants-pour-leur-pardonner-detre-vivants","status":"publish","type":"product","link":"http:\/\/lechappeeclose.it\/it\/boutique\/livres\/litterature\/poesie\/priere-aux-vivants-pour-leur-pardonner-detre-vivants\/","title":{"rendered":"Pri\u00e8re aux vivants pour leur pardonner d&#8217;\u00eatre vivants"},"content":{"rendered":"<p>De son retour des camps \u00e0 sa disparition en 1985, Charlotte Delbo ne cesse d\u2019\u00e9crire des po\u00e8mes, qu\u2019elle compile dans des cahiers et ins\u00e8re dans la plupart de ses livres.Ce volume rassemble pour la premi\u00e8re fois ses po\u00e8mes complets, suivis de dix in\u00e9dits et un entretien.\u00ab Les po\u00e8tes voient au-del\u00e0 des choses. \u00bb \u00e9crit-elle dans Mesure de nos jours.<\/p>","protected":false},"excerpt":{"rendered":"<p>De son retour des camps \u00e0 sa disparition en 1985, Charlotte Delbo ne cesse d\u2019\u00e9crire des po\u00e8mes, qu\u2019elle compile dans des cahiers et ins\u00e8re dans la plupart de ses livres.Ce volume rassemble pour la premi\u00e8re fois ses po\u00e8mes complets, suivis de dix in\u00e9dits et un entretien.\u00ab Les po\u00e8tes voient au-del\u00e0 des choses. \u00bb \u00e9crit-elle dans [&hellip;]<\/p>","protected":false},"featured_media":12913,"comment_status":"open","ping_status":"closed","template":"","meta":[],"product_brand":[],"product_cat":[48],"product_tag":[],"class_list":{"0":"post-12914","1":"product","2":"type-product","3":"status-publish","4":"has-post-thumbnail","6":"product_cat-poesie","8":"first","9":"instock","10":"taxable","11":"shipping-taxable","12":"purchasable","13":"product-type-simple"},"yoast_head":"<!-- This site is optimized with the Yoast SEO plugin v27.4 - https:\/\/yoast.com\/product\/yoast-seo-wordpress\/ -->\n<title>Pri\u00e8re aux vivants pour leur pardonner d&#039;\u00eatre vivants - l&#039;\u00e9chapp\u00e9e close<\/title>\n<meta name=\"robots\" content=\"index, follow, max-snippet:-1, max-image-preview:large, max-video-preview:-1\" \/>\n<link rel=\"canonical\" href=\"https:\/\/lechappeeclose.it\/it\/boutique\/livres\/litterature\/poesie\/priere-aux-vivants-pour-leur-pardonner-detre-vivants\/\" \/>\n<meta property=\"og:locale\" content=\"it_IT\" \/>\n<meta property=\"og:type\" content=\"article\" \/>\n<meta property=\"og:title\" content=\"Pri\u00e8re aux vivants pour leur pardonner d&#039;\u00eatre vivants - l&#039;\u00e9chapp\u00e9e close\" \/>\n<meta property=\"og:description\" content=\"De son retour des camps \u00e0 sa disparition en 1985, Charlotte Delbo ne cesse d\u2019\u00e9crire des po\u00e8mes, qu\u2019elle compile dans des cahiers et ins\u00e8re dans la plupart de ses livres.Ce volume rassemble pour la premi\u00e8re fois ses po\u00e8mes complets, suivis de dix in\u00e9dits et un entretien.\u00ab Les po\u00e8tes voient au-del\u00e0 des choses. \u00bb \u00e9crit-elle dans [&hellip;]\" \/>\n<meta property=\"og:url\" content=\"https:\/\/lechappeeclose.it\/it\/boutique\/livres\/litterature\/poesie\/priere-aux-vivants-pour-leur-pardonner-detre-vivants\/\" \/>\n<meta property=\"og:site_name\" content=\"l&#039;\u00e9chapp\u00e9e close\" \/>\n<meta property=\"og:image\" content=\"https:\/\/lechappeeclose.it\/wp-content\/uploads\/2026\/02\/Priere-aux-vivants-pour-leur-pardonner-detre-vivants.jpeg\" \/>\n\t<meta property=\"og:image:width\" content=\"200\" \/>\n\t<meta property=\"og:image:height\" content=\"200\" \/>\n\t<meta property=\"og:image:type\" content=\"image\/jpeg\" \/>\n<meta name=\"twitter:card\" content=\"summary_large_image\" \/>\n<script type=\"application\/ld+json\" class=\"yoast-schema-graph\">{\"@context\":\"https:\\\/\\\/schema.org\",\"@graph\":[{\"@type\":\"WebPage\",\"@id\":\"https:\\\/\\\/lechappeeclose.it\\\/it\\\/boutique\\\/livres\\\/litterature\\\/poesie\\\/priere-aux-vivants-pour-leur-pardonner-detre-vivants\\\/\",\"url\":\"https:\\\/\\\/lechappeeclose.it\\\/it\\\/boutique\\\/livres\\\/litterature\\\/poesie\\\/priere-aux-vivants-pour-leur-pardonner-detre-vivants\\\/\",\"name\":\"Pri\u00e8re aux vivants pour leur pardonner d'\u00eatre vivants - l&#039;\u00e9chapp\u00e9e close\",\"isPartOf\":{\"@id\":\"http:\\\/\\\/lechappeeclose.it\\\/#website\"},\"primaryImageOfPage\":{\"@id\":\"https:\\\/\\\/lechappeeclose.it\\\/it\\\/boutique\\\/livres\\\/litterature\\\/poesie\\\/priere-aux-vivants-pour-leur-pardonner-detre-vivants\\\/#primaryimage\"},\"image\":{\"@id\":\"https:\\\/\\\/lechappeeclose.it\\\/it\\\/boutique\\\/livres\\\/litterature\\\/poesie\\\/priere-aux-vivants-pour-leur-pardonner-detre-vivants\\\/#primaryimage\"},\"thumbnailUrl\":\"http:\\\/\\\/lechappeeclose.it\\\/wp-content\\\/uploads\\\/2026\\\/02\\\/Priere-aux-vivants-pour-leur-pardonner-detre-vivants.jpeg\",\"datePublished\":\"2026-02-20T13:41:23+00:00\",\"breadcrumb\":{\"@id\":\"https:\\\/\\\/lechappeeclose.it\\\/it\\\/boutique\\\/livres\\\/litterature\\\/poesie\\\/priere-aux-vivants-pour-leur-pardonner-detre-vivants\\\/#breadcrumb\"},\"inLanguage\":\"it-IT\",\"potentialAction\":[{\"@type\":\"ReadAction\",\"target\":[\"https:\\\/\\\/lechappeeclose.it\\\/it\\\/boutique\\\/livres\\\/litterature\\\/poesie\\\/priere-aux-vivants-pour-leur-pardonner-detre-vivants\\\/\"]}]},{\"@type\":\"ImageObject\",\"inLanguage\":\"it-IT\",\"@id\":\"https:\\\/\\\/lechappeeclose.it\\\/it\\\/boutique\\\/livres\\\/litterature\\\/poesie\\\/priere-aux-vivants-pour-leur-pardonner-detre-vivants\\\/#primaryimage\",\"url\":\"http:\\\/\\\/lechappeeclose.it\\\/wp-content\\\/uploads\\\/2026\\\/02\\\/Priere-aux-vivants-pour-leur-pardonner-detre-vivants.jpeg\",\"contentUrl\":\"http:\\\/\\\/lechappeeclose.it\\\/wp-content\\\/uploads\\\/2026\\\/02\\\/Priere-aux-vivants-pour-leur-pardonner-detre-vivants.jpeg\",\"width\":200,\"height\":200},{\"@type\":\"BreadcrumbList\",\"@id\":\"https:\\\/\\\/lechappeeclose.it\\\/it\\\/boutique\\\/livres\\\/litterature\\\/poesie\\\/priere-aux-vivants-pour-leur-pardonner-detre-vivants\\\/#breadcrumb\",\"itemListElement\":[{\"@type\":\"ListItem\",\"position\":1,\"name\":\"Accueil\",\"item\":\"http:\\\/\\\/lechappeeclose.it\\\/\"},{\"@type\":\"ListItem\",\"position\":2,\"name\":\"Boutique\",\"item\":\"http:\\\/\\\/lechappeeclose.it\\\/it\\\/boutique\\\/\"},{\"@type\":\"ListItem\",\"position\":3,\"name\":\"Pri\u00e8re aux vivants pour leur pardonner d&#8217;\u00eatre vivants\"}]},{\"@type\":\"WebSite\",\"@id\":\"http:\\\/\\\/lechappeeclose.it\\\/#website\",\"url\":\"http:\\\/\\\/lechappeeclose.it\\\/\",\"name\":\"l&#039;\u00e9chapp\u00e9e close\",\"description\":\"la librairie fran\u00e7aise de Milan\",\"publisher\":{\"@id\":\"http:\\\/\\\/lechappeeclose.it\\\/#organization\"},\"alternateName\":\"La librairie fran\u00e7aise de Milan\",\"potentialAction\":[{\"@type\":\"SearchAction\",\"target\":{\"@type\":\"EntryPoint\",\"urlTemplate\":\"http:\\\/\\\/lechappeeclose.it\\\/?s={search_term_string}\"},\"query-input\":{\"@type\":\"PropertyValueSpecification\",\"valueRequired\":true,\"valueName\":\"search_term_string\"}}],\"inLanguage\":\"it-IT\"},{\"@type\":\"Organization\",\"@id\":\"http:\\\/\\\/lechappeeclose.it\\\/#organization\",\"name\":\"l&#039;\u00e9chapp\u00e9e close\",\"url\":\"http:\\\/\\\/lechappeeclose.it\\\/\",\"logo\":{\"@type\":\"ImageObject\",\"inLanguage\":\"it-IT\",\"@id\":\"http:\\\/\\\/lechappeeclose.it\\\/#\\\/schema\\\/logo\\\/image\\\/\",\"url\":\"http:\\\/\\\/lechappeeclose.it\\\/wp-content\\\/uploads\\\/2025\\\/02\\\/cropped-logo-rond.png\",\"contentUrl\":\"http:\\\/\\\/lechappeeclose.it\\\/wp-content\\\/uploads\\\/2025\\\/02\\\/cropped-logo-rond.png\",\"width\":1080,\"height\":1080,\"caption\":\"l&#039;\u00e9chapp\u00e9e close\"},\"image\":{\"@id\":\"http:\\\/\\\/lechappeeclose.it\\\/#\\\/schema\\\/logo\\\/image\\\/\"},\"sameAs\":[\"https:\\\/\\\/www.instagram.com\\\/lechappeeclose\\\/\"]}]}<\/script>\n<!-- \/ Yoast SEO plugin. -->","yoast_head_json":{"title":"Pri\u00e8re aux vivants pour leur pardonner d'\u00eatre vivants - l&#039;\u00e9chapp\u00e9e close","robots":{"index":"index","follow":"follow","max-snippet":"max-snippet:-1","max-image-preview":"max-image-preview:large","max-video-preview":"max-video-preview:-1"},"canonical":"https:\/\/lechappeeclose.it\/it\/boutique\/livres\/litterature\/poesie\/priere-aux-vivants-pour-leur-pardonner-detre-vivants\/","og_locale":"it_IT","og_type":"article","og_title":"Pri\u00e8re aux vivants pour leur pardonner d'\u00eatre vivants - l&#039;\u00e9chapp\u00e9e close","og_description":"De son retour des camps \u00e0 sa disparition en 1985, Charlotte Delbo ne cesse d\u2019\u00e9crire des po\u00e8mes, qu\u2019elle compile dans des cahiers et ins\u00e8re dans la plupart de ses livres.Ce volume rassemble pour la premi\u00e8re fois ses po\u00e8mes complets, suivis de dix in\u00e9dits et un entretien.\u00ab Les po\u00e8tes voient au-del\u00e0 des choses. \u00bb \u00e9crit-elle dans [&hellip;]","og_url":"https:\/\/lechappeeclose.it\/it\/boutique\/livres\/litterature\/poesie\/priere-aux-vivants-pour-leur-pardonner-detre-vivants\/","og_site_name":"l&#039;\u00e9chapp\u00e9e close","og_image":[{"width":200,"height":200,"url":"https:\/\/lechappeeclose.it\/wp-content\/uploads\/2026\/02\/Priere-aux-vivants-pour-leur-pardonner-detre-vivants.jpeg","type":"image\/jpeg"}],"twitter_card":"summary_large_image","schema":{"@context":"https:\/\/schema.org","@graph":[{"@type":"WebPage","@id":"https:\/\/lechappeeclose.it\/it\/boutique\/livres\/litterature\/poesie\/priere-aux-vivants-pour-leur-pardonner-detre-vivants\/","url":"https:\/\/lechappeeclose.it\/it\/boutique\/livres\/litterature\/poesie\/priere-aux-vivants-pour-leur-pardonner-detre-vivants\/","name":"Pri\u00e8re aux vivants pour leur pardonner d'\u00eatre vivants - l&#039;\u00e9chapp\u00e9e close","isPartOf":{"@id":"http:\/\/lechappeeclose.it\/#website"},"primaryImageOfPage":{"@id":"https:\/\/lechappeeclose.it\/it\/boutique\/livres\/litterature\/poesie\/priere-aux-vivants-pour-leur-pardonner-detre-vivants\/#primaryimage"},"image":{"@id":"https:\/\/lechappeeclose.it\/it\/boutique\/livres\/litterature\/poesie\/priere-aux-vivants-pour-leur-pardonner-detre-vivants\/#primaryimage"},"thumbnailUrl":"http:\/\/lechappeeclose.it\/wp-content\/uploads\/2026\/02\/Priere-aux-vivants-pour-leur-pardonner-detre-vivants.jpeg","datePublished":"2026-02-20T13:41:23+00:00","breadcrumb":{"@id":"https:\/\/lechappeeclose.it\/it\/boutique\/livres\/litterature\/poesie\/priere-aux-vivants-pour-leur-pardonner-detre-vivants\/#breadcrumb"},"inLanguage":"it-IT","potentialAction":[{"@type":"ReadAction","target":["https:\/\/lechappeeclose.it\/it\/boutique\/livres\/litterature\/poesie\/priere-aux-vivants-pour-leur-pardonner-detre-vivants\/"]}]},{"@type":"ImageObject","inLanguage":"it-IT","@id":"https:\/\/lechappeeclose.it\/it\/boutique\/livres\/litterature\/poesie\/priere-aux-vivants-pour-leur-pardonner-detre-vivants\/#primaryimage","url":"http:\/\/lechappeeclose.it\/wp-content\/uploads\/2026\/02\/Priere-aux-vivants-pour-leur-pardonner-detre-vivants.jpeg","contentUrl":"http:\/\/lechappeeclose.it\/wp-content\/uploads\/2026\/02\/Priere-aux-vivants-pour-leur-pardonner-detre-vivants.jpeg","width":200,"height":200},{"@type":"BreadcrumbList","@id":"https:\/\/lechappeeclose.it\/it\/boutique\/livres\/litterature\/poesie\/priere-aux-vivants-pour-leur-pardonner-detre-vivants\/#breadcrumb","itemListElement":[{"@type":"ListItem","position":1,"name":"Accueil","item":"http:\/\/lechappeeclose.it\/"},{"@type":"ListItem","position":2,"name":"Boutique","item":"http:\/\/lechappeeclose.it\/it\/boutique\/"},{"@type":"ListItem","position":3,"name":"Pri\u00e8re aux vivants pour leur pardonner d&#8217;\u00eatre vivants"}]},{"@type":"WebSite","@id":"http:\/\/lechappeeclose.it\/#website","url":"http:\/\/lechappeeclose.it\/","name":"l&#039;\u00e9chapp\u00e9e close","description":"La libreria francese di Milano","publisher":{"@id":"http:\/\/lechappeeclose.it\/#organization"},"alternateName":"La librairie fran\u00e7aise de Milan","potentialAction":[{"@type":"SearchAction","target":{"@type":"EntryPoint","urlTemplate":"http:\/\/lechappeeclose.it\/?s={search_term_string}"},"query-input":{"@type":"PropertyValueSpecification","valueRequired":true,"valueName":"search_term_string"}}],"inLanguage":"it-IT"},{"@type":"Organization","@id":"http:\/\/lechappeeclose.it\/#organization","name":"l&#039;\u00e9chapp\u00e9e close","url":"http:\/\/lechappeeclose.it\/","logo":{"@type":"ImageObject","inLanguage":"it-IT","@id":"http:\/\/lechappeeclose.it\/#\/schema\/logo\/image\/","url":"http:\/\/lechappeeclose.it\/wp-content\/uploads\/2025\/02\/cropped-logo-rond.png","contentUrl":"http:\/\/lechappeeclose.it\/wp-content\/uploads\/2025\/02\/cropped-logo-rond.png","width":1080,"height":1080,"caption":"l&#039;\u00e9chapp\u00e9e close"},"image":{"@id":"http:\/\/lechappeeclose.it\/#\/schema\/logo\/image\/"},"sameAs":["https:\/\/www.instagram.com\/lechappeeclose\/"]}]}},"_links":{"self":[{"href":"http:\/\/lechappeeclose.it\/it\/wp-json\/wp\/v2\/product\/12914","targetHints":{"allow":["GET"]}}],"collection":[{"href":"http:\/\/lechappeeclose.it\/it\/wp-json\/wp\/v2\/product"}],"about":[{"href":"http:\/\/lechappeeclose.it\/it\/wp-json\/wp\/v2\/types\/product"}],"replies":[{"embeddable":true,"href":"http:\/\/lechappeeclose.it\/it\/wp-json\/wp\/v2\/comments?post=12914"}],"wp:featuredmedia":[{"embeddable":true,"href":"http:\/\/lechappeeclose.it\/it\/wp-json\/wp\/v2\/media\/12913"}],"wp:attachment":[{"href":"http:\/\/lechappeeclose.it\/it\/wp-json\/wp\/v2\/media?parent=12914"}],"wp:term":[{"taxonomy":"product_brand","embeddable":true,"href":"http:\/\/lechappeeclose.it\/it\/wp-json\/wp\/v2\/product_brand?post=12914"},{"taxonomy":"product_cat","embeddable":true,"href":"http:\/\/lechappeeclose.it\/it\/wp-json\/wp\/v2\/product_cat?post=12914"},{"taxonomy":"product_tag","embeddable":true,"href":"http:\/\/lechappeeclose.it\/it\/wp-json\/wp\/v2\/product_tag?post=12914"}],"curies":[{"name":"wp","href":"https:\/\/api.w.org\/{rel}","templated":true}]}}