{"id":12902,"date":"2026-02-20T14:23:14","date_gmt":"2026-02-20T13:23:14","guid":{"rendered":"https:\/\/lechappeeclose.it\/boutique\/non class\u00e9\/ni-ce-quils-esperent-ni-ce-quils-croient\/"},"modified":"2026-02-20T17:42:44","modified_gmt":"2026-02-20T16:42:44","slug":"ni-ce-quils-esperent-ni-ce-quils-croient","status":"publish","type":"product","link":"http:\/\/lechappeeclose.it\/it\/boutique\/livres\/litterature\/romans\/ni-ce-quils-esperent-ni-ce-quils-croient\/","title":{"rendered":"Ni ce qu&#8217;ils esp\u00e8rent, ni ce qu&#8217;ils croient"},"content":{"rendered":"<p>Had\u00e8s, Maroubi, His Majesty et Low sifflent de longues rasades de gn\u00f4le avant de se diriger vers un chantier o\u00f9 voler du gasoil. Tr\u00e8s vite, une tension na\u00eet. Had\u00e8s est arm\u00e9 d\u2019un fusil\u2026 La gn\u00f4le continue de se d\u00e9verser d\u2019un gosier \u00e0 un autre\u2026 Les esprits s\u2019\u00e9chauffent\u2026 Had\u00e8s tient les portes de l\u2019Enfer, o\u00f9 les trois autres comparses se liguent contre ce semi-dieu d\u00e9chu par l\u2019alcool et l\u2019aigreur.\u00a0Mais lui est arm\u00e9 et ne tarde pas \u00e0 basculer dans la folie\u2026 On ne quittera ces personnages qu\u2019\u00e0 l\u2019aube. On aura pass\u00e9 avec eux une nuit, dans le silence de laquelle nulle r\u00e8gle de conduite ne peut \u00eatre observ\u00e9e\u2026\u00a0L\u2019auteur r\u00e9ussit le tour de force paradoxal de fonder son histoire sur des \u00e9changes verbaux sans dialogues explicites\u2026 Se m\u00ealent ici Faulkner, Beckett et ce qu\u2019il faut de C\u00e9line.<\/p>","protected":false},"excerpt":{"rendered":"<p>Had\u00e8s, Maroubi, His Majesty et Low sifflent de longues rasades de gn\u00f4le avant de se diriger vers un chantier o\u00f9 voler du gasoil. Tr\u00e8s vite, une tension na\u00eet. Had\u00e8s est arm\u00e9 d\u2019un fusil\u2026 La gn\u00f4le continue de se d\u00e9verser d\u2019un gosier \u00e0 un autre\u2026 Les esprits s\u2019\u00e9chauffent\u2026 Had\u00e8s tient les portes de l\u2019Enfer, o\u00f9 les [&hellip;]<\/p>","protected":false},"featured_media":12901,"comment_status":"open","ping_status":"closed","template":"","meta":[],"product_brand":[],"product_cat":[46],"product_tag":[],"class_list":{"0":"post-12902","1":"product","2":"type-product","3":"status-publish","4":"has-post-thumbnail","6":"product_cat-romans","8":"first","9":"instock","10":"taxable","11":"shipping-taxable","12":"purchasable","13":"product-type-simple"},"yoast_head":"<!-- This site is optimized with the Yoast SEO plugin v27.4 - https:\/\/yoast.com\/product\/yoast-seo-wordpress\/ -->\n<title>Ni ce qu&#039;ils esp\u00e8rent, ni ce qu&#039;ils croient - l&#039;\u00e9chapp\u00e9e close<\/title>\n<meta name=\"robots\" content=\"index, follow, max-snippet:-1, max-image-preview:large, max-video-preview:-1\" \/>\n<link rel=\"canonical\" href=\"http:\/\/lechappeeclose.it\/it\/boutique\/livres\/litterature\/romans\/ni-ce-quils-esperent-ni-ce-quils-croient\/\" \/>\n<meta property=\"og:locale\" content=\"it_IT\" \/>\n<meta property=\"og:type\" content=\"article\" \/>\n<meta property=\"og:title\" content=\"Ni ce qu&#039;ils esp\u00e8rent, ni ce qu&#039;ils croient - l&#039;\u00e9chapp\u00e9e close\" \/>\n<meta property=\"og:description\" content=\"Had\u00e8s, Maroubi, His Majesty et Low sifflent de longues rasades de gn\u00f4le avant de se diriger vers un chantier o\u00f9 voler du gasoil. Tr\u00e8s vite, une tension na\u00eet. Had\u00e8s est arm\u00e9 d\u2019un fusil\u2026 La gn\u00f4le continue de se d\u00e9verser d\u2019un gosier \u00e0 un autre\u2026 Les esprits s\u2019\u00e9chauffent\u2026 Had\u00e8s tient les portes de l\u2019Enfer, o\u00f9 les [&hellip;]\" \/>\n<meta property=\"og:url\" content=\"http:\/\/lechappeeclose.it\/it\/boutique\/livres\/litterature\/romans\/ni-ce-quils-esperent-ni-ce-quils-croient\/\" \/>\n<meta property=\"og:site_name\" content=\"l&#039;\u00e9chapp\u00e9e close\" \/>\n<meta property=\"article:modified_time\" content=\"2026-02-20T16:42:44+00:00\" \/>\n<meta property=\"og:image\" content=\"http:\/\/lechappeeclose.it\/wp-content\/uploads\/2026\/02\/Ni-ce-quils-esperent-ni-ce-quils-croient.jpeg\" \/>\n\t<meta property=\"og:image:width\" content=\"299\" \/>\n\t<meta property=\"og:image:height\" content=\"500\" \/>\n\t<meta property=\"og:image:type\" content=\"image\/jpeg\" \/>\n<meta name=\"twitter:card\" content=\"summary_large_image\" \/>\n<meta name=\"twitter:label1\" content=\"Tempo di lettura stimato\" \/>\n\t<meta name=\"twitter:data1\" content=\"1 minuto\" \/>\n<script type=\"application\/ld+json\" class=\"yoast-schema-graph\">{\"@context\":\"https:\\\/\\\/schema.org\",\"@graph\":[{\"@type\":\"WebPage\",\"@id\":\"http:\\\/\\\/lechappeeclose.it\\\/boutique\\\/livres\\\/litterature\\\/romans\\\/ni-ce-quils-esperent-ni-ce-quils-croient\\\/\",\"url\":\"http:\\\/\\\/lechappeeclose.it\\\/boutique\\\/livres\\\/litterature\\\/romans\\\/ni-ce-quils-esperent-ni-ce-quils-croient\\\/\",\"name\":\"Ni ce qu'ils esp\u00e8rent, ni ce qu'ils croient - l&#039;\u00e9chapp\u00e9e close\",\"isPartOf\":{\"@id\":\"http:\\\/\\\/lechappeeclose.it\\\/#website\"},\"primaryImageOfPage\":{\"@id\":\"http:\\\/\\\/lechappeeclose.it\\\/boutique\\\/livres\\\/litterature\\\/romans\\\/ni-ce-quils-esperent-ni-ce-quils-croient\\\/#primaryimage\"},\"image\":{\"@id\":\"http:\\\/\\\/lechappeeclose.it\\\/boutique\\\/livres\\\/litterature\\\/romans\\\/ni-ce-quils-esperent-ni-ce-quils-croient\\\/#primaryimage\"},\"thumbnailUrl\":\"http:\\\/\\\/lechappeeclose.it\\\/wp-content\\\/uploads\\\/2026\\\/02\\\/Ni-ce-quils-esperent-ni-ce-quils-croient.jpeg\",\"datePublished\":\"2026-02-20T13:23:14+00:00\",\"dateModified\":\"2026-02-20T16:42:44+00:00\",\"breadcrumb\":{\"@id\":\"http:\\\/\\\/lechappeeclose.it\\\/boutique\\\/livres\\\/litterature\\\/romans\\\/ni-ce-quils-esperent-ni-ce-quils-croient\\\/#breadcrumb\"},\"inLanguage\":\"it-IT\",\"potentialAction\":[{\"@type\":\"ReadAction\",\"target\":[\"http:\\\/\\\/lechappeeclose.it\\\/boutique\\\/livres\\\/litterature\\\/romans\\\/ni-ce-quils-esperent-ni-ce-quils-croient\\\/\"]}]},{\"@type\":\"ImageObject\",\"inLanguage\":\"it-IT\",\"@id\":\"http:\\\/\\\/lechappeeclose.it\\\/boutique\\\/livres\\\/litterature\\\/romans\\\/ni-ce-quils-esperent-ni-ce-quils-croient\\\/#primaryimage\",\"url\":\"http:\\\/\\\/lechappeeclose.it\\\/wp-content\\\/uploads\\\/2026\\\/02\\\/Ni-ce-quils-esperent-ni-ce-quils-croient.jpeg\",\"contentUrl\":\"http:\\\/\\\/lechappeeclose.it\\\/wp-content\\\/uploads\\\/2026\\\/02\\\/Ni-ce-quils-esperent-ni-ce-quils-croient.jpeg\",\"width\":299,\"height\":500},{\"@type\":\"BreadcrumbList\",\"@id\":\"http:\\\/\\\/lechappeeclose.it\\\/boutique\\\/livres\\\/litterature\\\/romans\\\/ni-ce-quils-esperent-ni-ce-quils-croient\\\/#breadcrumb\",\"itemListElement\":[{\"@type\":\"ListItem\",\"position\":1,\"name\":\"Accueil\",\"item\":\"http:\\\/\\\/lechappeeclose.it\\\/\"},{\"@type\":\"ListItem\",\"position\":2,\"name\":\"Boutique\",\"item\":\"http:\\\/\\\/lechappeeclose.it\\\/boutique\\\/\"},{\"@type\":\"ListItem\",\"position\":3,\"name\":\"Ni ce qu&#8217;ils esp\u00e8rent, ni ce qu&#8217;ils croient\"}]},{\"@type\":\"WebSite\",\"@id\":\"http:\\\/\\\/lechappeeclose.it\\\/#website\",\"url\":\"http:\\\/\\\/lechappeeclose.it\\\/\",\"name\":\"l&#039;\u00e9chapp\u00e9e close\",\"description\":\"la librairie fran\u00e7aise de Milan\",\"publisher\":{\"@id\":\"http:\\\/\\\/lechappeeclose.it\\\/#organization\"},\"alternateName\":\"La librairie fran\u00e7aise de Milan\",\"potentialAction\":[{\"@type\":\"SearchAction\",\"target\":{\"@type\":\"EntryPoint\",\"urlTemplate\":\"http:\\\/\\\/lechappeeclose.it\\\/?s={search_term_string}\"},\"query-input\":{\"@type\":\"PropertyValueSpecification\",\"valueRequired\":true,\"valueName\":\"search_term_string\"}}],\"inLanguage\":\"it-IT\"},{\"@type\":\"Organization\",\"@id\":\"http:\\\/\\\/lechappeeclose.it\\\/#organization\",\"name\":\"l&#039;\u00e9chapp\u00e9e close\",\"url\":\"http:\\\/\\\/lechappeeclose.it\\\/\",\"logo\":{\"@type\":\"ImageObject\",\"inLanguage\":\"it-IT\",\"@id\":\"http:\\\/\\\/lechappeeclose.it\\\/#\\\/schema\\\/logo\\\/image\\\/\",\"url\":\"http:\\\/\\\/lechappeeclose.it\\\/wp-content\\\/uploads\\\/2025\\\/02\\\/cropped-logo-rond.png\",\"contentUrl\":\"http:\\\/\\\/lechappeeclose.it\\\/wp-content\\\/uploads\\\/2025\\\/02\\\/cropped-logo-rond.png\",\"width\":1080,\"height\":1080,\"caption\":\"l&#039;\u00e9chapp\u00e9e close\"},\"image\":{\"@id\":\"http:\\\/\\\/lechappeeclose.it\\\/#\\\/schema\\\/logo\\\/image\\\/\"},\"sameAs\":[\"https:\\\/\\\/www.instagram.com\\\/lechappeeclose\\\/\"]}]}<\/script>\n<!-- \/ Yoast SEO plugin. -->","yoast_head_json":{"title":"Ni ce qu'ils esp\u00e8rent, ni ce qu'ils croient - l&#039;\u00e9chapp\u00e9e close","robots":{"index":"index","follow":"follow","max-snippet":"max-snippet:-1","max-image-preview":"max-image-preview:large","max-video-preview":"max-video-preview:-1"},"canonical":"http:\/\/lechappeeclose.it\/it\/boutique\/livres\/litterature\/romans\/ni-ce-quils-esperent-ni-ce-quils-croient\/","og_locale":"it_IT","og_type":"article","og_title":"Ni ce qu'ils esp\u00e8rent, ni ce qu'ils croient - l&#039;\u00e9chapp\u00e9e close","og_description":"Had\u00e8s, Maroubi, His Majesty et Low sifflent de longues rasades de gn\u00f4le avant de se diriger vers un chantier o\u00f9 voler du gasoil. Tr\u00e8s vite, une tension na\u00eet. Had\u00e8s est arm\u00e9 d\u2019un fusil\u2026 La gn\u00f4le continue de se d\u00e9verser d\u2019un gosier \u00e0 un autre\u2026 Les esprits s\u2019\u00e9chauffent\u2026 Had\u00e8s tient les portes de l\u2019Enfer, o\u00f9 les [&hellip;]","og_url":"http:\/\/lechappeeclose.it\/it\/boutique\/livres\/litterature\/romans\/ni-ce-quils-esperent-ni-ce-quils-croient\/","og_site_name":"l&#039;\u00e9chapp\u00e9e close","article_modified_time":"2026-02-20T16:42:44+00:00","og_image":[{"width":299,"height":500,"url":"http:\/\/lechappeeclose.it\/wp-content\/uploads\/2026\/02\/Ni-ce-quils-esperent-ni-ce-quils-croient.jpeg","type":"image\/jpeg"}],"twitter_card":"summary_large_image","twitter_misc":{"Tempo di lettura stimato":"1 minuto"},"schema":{"@context":"https:\/\/schema.org","@graph":[{"@type":"WebPage","@id":"http:\/\/lechappeeclose.it\/boutique\/livres\/litterature\/romans\/ni-ce-quils-esperent-ni-ce-quils-croient\/","url":"http:\/\/lechappeeclose.it\/boutique\/livres\/litterature\/romans\/ni-ce-quils-esperent-ni-ce-quils-croient\/","name":"Ni ce qu'ils esp\u00e8rent, ni ce qu'ils croient - l&#039;\u00e9chapp\u00e9e close","isPartOf":{"@id":"http:\/\/lechappeeclose.it\/#website"},"primaryImageOfPage":{"@id":"http:\/\/lechappeeclose.it\/boutique\/livres\/litterature\/romans\/ni-ce-quils-esperent-ni-ce-quils-croient\/#primaryimage"},"image":{"@id":"http:\/\/lechappeeclose.it\/boutique\/livres\/litterature\/romans\/ni-ce-quils-esperent-ni-ce-quils-croient\/#primaryimage"},"thumbnailUrl":"http:\/\/lechappeeclose.it\/wp-content\/uploads\/2026\/02\/Ni-ce-quils-esperent-ni-ce-quils-croient.jpeg","datePublished":"2026-02-20T13:23:14+00:00","dateModified":"2026-02-20T16:42:44+00:00","breadcrumb":{"@id":"http:\/\/lechappeeclose.it\/boutique\/livres\/litterature\/romans\/ni-ce-quils-esperent-ni-ce-quils-croient\/#breadcrumb"},"inLanguage":"it-IT","potentialAction":[{"@type":"ReadAction","target":["http:\/\/lechappeeclose.it\/boutique\/livres\/litterature\/romans\/ni-ce-quils-esperent-ni-ce-quils-croient\/"]}]},{"@type":"ImageObject","inLanguage":"it-IT","@id":"http:\/\/lechappeeclose.it\/boutique\/livres\/litterature\/romans\/ni-ce-quils-esperent-ni-ce-quils-croient\/#primaryimage","url":"http:\/\/lechappeeclose.it\/wp-content\/uploads\/2026\/02\/Ni-ce-quils-esperent-ni-ce-quils-croient.jpeg","contentUrl":"http:\/\/lechappeeclose.it\/wp-content\/uploads\/2026\/02\/Ni-ce-quils-esperent-ni-ce-quils-croient.jpeg","width":299,"height":500},{"@type":"BreadcrumbList","@id":"http:\/\/lechappeeclose.it\/boutique\/livres\/litterature\/romans\/ni-ce-quils-esperent-ni-ce-quils-croient\/#breadcrumb","itemListElement":[{"@type":"ListItem","position":1,"name":"Accueil","item":"http:\/\/lechappeeclose.it\/"},{"@type":"ListItem","position":2,"name":"Boutique","item":"http:\/\/lechappeeclose.it\/boutique\/"},{"@type":"ListItem","position":3,"name":"Ni ce qu&#8217;ils esp\u00e8rent, ni ce qu&#8217;ils croient"}]},{"@type":"WebSite","@id":"http:\/\/lechappeeclose.it\/#website","url":"http:\/\/lechappeeclose.it\/","name":"l&#039;\u00e9chapp\u00e9e close","description":"La libreria francese di Milano","publisher":{"@id":"http:\/\/lechappeeclose.it\/#organization"},"alternateName":"La librairie fran\u00e7aise de Milan","potentialAction":[{"@type":"SearchAction","target":{"@type":"EntryPoint","urlTemplate":"http:\/\/lechappeeclose.it\/?s={search_term_string}"},"query-input":{"@type":"PropertyValueSpecification","valueRequired":true,"valueName":"search_term_string"}}],"inLanguage":"it-IT"},{"@type":"Organization","@id":"http:\/\/lechappeeclose.it\/#organization","name":"l&#039;\u00e9chapp\u00e9e close","url":"http:\/\/lechappeeclose.it\/","logo":{"@type":"ImageObject","inLanguage":"it-IT","@id":"http:\/\/lechappeeclose.it\/#\/schema\/logo\/image\/","url":"http:\/\/lechappeeclose.it\/wp-content\/uploads\/2025\/02\/cropped-logo-rond.png","contentUrl":"http:\/\/lechappeeclose.it\/wp-content\/uploads\/2025\/02\/cropped-logo-rond.png","width":1080,"height":1080,"caption":"l&#039;\u00e9chapp\u00e9e close"},"image":{"@id":"http:\/\/lechappeeclose.it\/#\/schema\/logo\/image\/"},"sameAs":["https:\/\/www.instagram.com\/lechappeeclose\/"]}]}},"_links":{"self":[{"href":"http:\/\/lechappeeclose.it\/it\/wp-json\/wp\/v2\/product\/12902","targetHints":{"allow":["GET"]}}],"collection":[{"href":"http:\/\/lechappeeclose.it\/it\/wp-json\/wp\/v2\/product"}],"about":[{"href":"http:\/\/lechappeeclose.it\/it\/wp-json\/wp\/v2\/types\/product"}],"replies":[{"embeddable":true,"href":"http:\/\/lechappeeclose.it\/it\/wp-json\/wp\/v2\/comments?post=12902"}],"wp:featuredmedia":[{"embeddable":true,"href":"http:\/\/lechappeeclose.it\/it\/wp-json\/wp\/v2\/media\/12901"}],"wp:attachment":[{"href":"http:\/\/lechappeeclose.it\/it\/wp-json\/wp\/v2\/media?parent=12902"}],"wp:term":[{"taxonomy":"product_brand","embeddable":true,"href":"http:\/\/lechappeeclose.it\/it\/wp-json\/wp\/v2\/product_brand?post=12902"},{"taxonomy":"product_cat","embeddable":true,"href":"http:\/\/lechappeeclose.it\/it\/wp-json\/wp\/v2\/product_cat?post=12902"},{"taxonomy":"product_tag","embeddable":true,"href":"http:\/\/lechappeeclose.it\/it\/wp-json\/wp\/v2\/product_tag?post=12902"}],"curies":[{"name":"wp","href":"https:\/\/api.w.org\/{rel}","templated":true}]}}