{"id":12864,"date":"2026-02-18T18:50:26","date_gmt":"2026-02-18T17:50:26","guid":{"rendered":"https:\/\/lechappeeclose.it\/boutique\/non class\u00e9\/ou-vont-les-larmes-quand-elles-sechent\/"},"modified":"2026-02-18T18:50:26","modified_gmt":"2026-02-18T17:50:26","slug":"ou-vont-les-larmes-quand-elles-sechent","status":"publish","type":"product","link":"http:\/\/lechappeeclose.it\/it\/boutique\/livres\/litterature\/romans\/ou-vont-les-larmes-quand-elles-sechent\/","title":{"rendered":"O\u00f9 vont les larmes quand elles s\u00e8chent"},"content":{"rendered":"<p>&#8221; M\u00e9decin le jour, \u00e9crivain la nuit, Baptiste Beaulieu m\u00eale comme personne le drame et la dr\u00f4lerie. &#8221; Le Point Jean a trente-six ans. Il fume trop, m\u00e2che des chewing-gums \u00e0 la menthe et fait ses visites de m\u00e9decin de famille \u00e0 v\u00e9lo. Il a supprim\u00e9 son num\u00e9ro de portable sur ses ordonnances. Son cabinet m\u00e9dical n&#8217;a plus de site Internet. Il a trop de patients : jusqu&#8217;au soir, ils d\u00e9bordent de la salle d&#8217;attente, dans le couloir, sur le patio.Tous les jours, Jean entend des histoires. Parfois il les lit directement sur le corps des malades. Il lui arrive de se mettre en col\u00e8re. Mais il ne pleure jamais. Ses larmes sont coinc\u00e9es dans sa gorge. Il ne sait plus comment pleurer depuis cette nuit o\u00f9 il lui a manqu\u00e9 six minutes.<\/p>","protected":false},"excerpt":{"rendered":"<p>&#8221; M\u00e9decin le jour, \u00e9crivain la nuit, Baptiste Beaulieu m\u00eale comme personne le drame et la dr\u00f4lerie. &#8221; Le Point Jean a trente-six ans. Il fume trop, m\u00e2che des chewing-gums \u00e0 la menthe et fait ses visites de m\u00e9decin de famille \u00e0 v\u00e9lo. Il a supprim\u00e9 son num\u00e9ro de portable sur ses ordonnances. Son cabinet [&hellip;]<\/p>","protected":false},"featured_media":12863,"comment_status":"open","ping_status":"closed","template":"","meta":[],"product_brand":[],"product_cat":[46],"product_tag":[],"class_list":{"0":"post-12864","1":"product","2":"type-product","3":"status-publish","4":"has-post-thumbnail","6":"product_cat-romans","8":"first","9":"instock","10":"taxable","11":"shipping-taxable","12":"purchasable","13":"product-type-simple"},"yoast_head":"<!-- This site is optimized with the Yoast SEO plugin v27.4 - https:\/\/yoast.com\/product\/yoast-seo-wordpress\/ -->\n<title>O\u00f9 vont les larmes quand elles s\u00e8chent - l&#039;\u00e9chapp\u00e9e close<\/title>\n<meta name=\"robots\" content=\"index, follow, max-snippet:-1, max-image-preview:large, max-video-preview:-1\" \/>\n<link rel=\"canonical\" href=\"http:\/\/lechappeeclose.it\/it\/boutique\/livres\/litterature\/romans\/ou-vont-les-larmes-quand-elles-sechent\/\" \/>\n<meta property=\"og:locale\" content=\"it_IT\" \/>\n<meta property=\"og:type\" content=\"article\" \/>\n<meta property=\"og:title\" content=\"O\u00f9 vont les larmes quand elles s\u00e8chent - l&#039;\u00e9chapp\u00e9e close\" \/>\n<meta property=\"og:description\" content=\"&#8221; M\u00e9decin le jour, \u00e9crivain la nuit, Baptiste Beaulieu m\u00eale comme personne le drame et la dr\u00f4lerie. &#8221; Le Point Jean a trente-six ans. Il fume trop, m\u00e2che des chewing-gums \u00e0 la menthe et fait ses visites de m\u00e9decin de famille \u00e0 v\u00e9lo. Il a supprim\u00e9 son num\u00e9ro de portable sur ses ordonnances. Son cabinet [&hellip;]\" \/>\n<meta property=\"og:url\" content=\"http:\/\/lechappeeclose.it\/it\/boutique\/livres\/litterature\/romans\/ou-vont-les-larmes-quand-elles-sechent\/\" \/>\n<meta property=\"og:site_name\" content=\"l&#039;\u00e9chapp\u00e9e close\" \/>\n<meta property=\"og:image\" content=\"http:\/\/lechappeeclose.it\/wp-content\/uploads\/2026\/02\/Ou-vont-les-larmes-quand-elles-sechent.jpeg\" \/>\n\t<meta property=\"og:image:width\" content=\"340\" \/>\n\t<meta property=\"og:image:height\" content=\"340\" \/>\n\t<meta property=\"og:image:type\" content=\"image\/jpeg\" \/>\n<meta name=\"twitter:card\" content=\"summary_large_image\" \/>\n<meta name=\"twitter:label1\" content=\"Tempo di lettura stimato\" \/>\n\t<meta name=\"twitter:data1\" content=\"1 minuto\" \/>\n<script type=\"application\/ld+json\" class=\"yoast-schema-graph\">{\"@context\":\"https:\\\/\\\/schema.org\",\"@graph\":[{\"@type\":\"WebPage\",\"@id\":\"http:\\\/\\\/lechappeeclose.it\\\/boutique\\\/livres\\\/litterature\\\/romans\\\/ou-vont-les-larmes-quand-elles-sechent\\\/\",\"url\":\"http:\\\/\\\/lechappeeclose.it\\\/boutique\\\/livres\\\/litterature\\\/romans\\\/ou-vont-les-larmes-quand-elles-sechent\\\/\",\"name\":\"O\u00f9 vont les larmes quand elles s\u00e8chent - l&#039;\u00e9chapp\u00e9e close\",\"isPartOf\":{\"@id\":\"http:\\\/\\\/lechappeeclose.it\\\/#website\"},\"primaryImageOfPage\":{\"@id\":\"http:\\\/\\\/lechappeeclose.it\\\/boutique\\\/livres\\\/litterature\\\/romans\\\/ou-vont-les-larmes-quand-elles-sechent\\\/#primaryimage\"},\"image\":{\"@id\":\"http:\\\/\\\/lechappeeclose.it\\\/boutique\\\/livres\\\/litterature\\\/romans\\\/ou-vont-les-larmes-quand-elles-sechent\\\/#primaryimage\"},\"thumbnailUrl\":\"http:\\\/\\\/lechappeeclose.it\\\/wp-content\\\/uploads\\\/2026\\\/02\\\/Ou-vont-les-larmes-quand-elles-sechent.jpeg\",\"datePublished\":\"2026-02-18T17:50:26+00:00\",\"breadcrumb\":{\"@id\":\"http:\\\/\\\/lechappeeclose.it\\\/boutique\\\/livres\\\/litterature\\\/romans\\\/ou-vont-les-larmes-quand-elles-sechent\\\/#breadcrumb\"},\"inLanguage\":\"it-IT\",\"potentialAction\":[{\"@type\":\"ReadAction\",\"target\":[\"http:\\\/\\\/lechappeeclose.it\\\/boutique\\\/livres\\\/litterature\\\/romans\\\/ou-vont-les-larmes-quand-elles-sechent\\\/\"]}]},{\"@type\":\"ImageObject\",\"inLanguage\":\"it-IT\",\"@id\":\"http:\\\/\\\/lechappeeclose.it\\\/boutique\\\/livres\\\/litterature\\\/romans\\\/ou-vont-les-larmes-quand-elles-sechent\\\/#primaryimage\",\"url\":\"http:\\\/\\\/lechappeeclose.it\\\/wp-content\\\/uploads\\\/2026\\\/02\\\/Ou-vont-les-larmes-quand-elles-sechent.jpeg\",\"contentUrl\":\"http:\\\/\\\/lechappeeclose.it\\\/wp-content\\\/uploads\\\/2026\\\/02\\\/Ou-vont-les-larmes-quand-elles-sechent.jpeg\",\"width\":340,\"height\":340},{\"@type\":\"BreadcrumbList\",\"@id\":\"http:\\\/\\\/lechappeeclose.it\\\/boutique\\\/livres\\\/litterature\\\/romans\\\/ou-vont-les-larmes-quand-elles-sechent\\\/#breadcrumb\",\"itemListElement\":[{\"@type\":\"ListItem\",\"position\":1,\"name\":\"Accueil\",\"item\":\"http:\\\/\\\/lechappeeclose.it\\\/\"},{\"@type\":\"ListItem\",\"position\":2,\"name\":\"Boutique\",\"item\":\"http:\\\/\\\/lechappeeclose.it\\\/it\\\/boutique\\\/\"},{\"@type\":\"ListItem\",\"position\":3,\"name\":\"O\u00f9 vont les larmes quand elles s\u00e8chent\"}]},{\"@type\":\"WebSite\",\"@id\":\"http:\\\/\\\/lechappeeclose.it\\\/#website\",\"url\":\"http:\\\/\\\/lechappeeclose.it\\\/\",\"name\":\"l&#039;\u00e9chapp\u00e9e close\",\"description\":\"la librairie fran\u00e7aise de Milan\",\"publisher\":{\"@id\":\"http:\\\/\\\/lechappeeclose.it\\\/#organization\"},\"alternateName\":\"La librairie fran\u00e7aise de Milan\",\"potentialAction\":[{\"@type\":\"SearchAction\",\"target\":{\"@type\":\"EntryPoint\",\"urlTemplate\":\"http:\\\/\\\/lechappeeclose.it\\\/?s={search_term_string}\"},\"query-input\":{\"@type\":\"PropertyValueSpecification\",\"valueRequired\":true,\"valueName\":\"search_term_string\"}}],\"inLanguage\":\"it-IT\"},{\"@type\":\"Organization\",\"@id\":\"http:\\\/\\\/lechappeeclose.it\\\/#organization\",\"name\":\"l&#039;\u00e9chapp\u00e9e close\",\"url\":\"http:\\\/\\\/lechappeeclose.it\\\/\",\"logo\":{\"@type\":\"ImageObject\",\"inLanguage\":\"it-IT\",\"@id\":\"http:\\\/\\\/lechappeeclose.it\\\/#\\\/schema\\\/logo\\\/image\\\/\",\"url\":\"http:\\\/\\\/lechappeeclose.it\\\/wp-content\\\/uploads\\\/2025\\\/02\\\/cropped-logo-rond.png\",\"contentUrl\":\"http:\\\/\\\/lechappeeclose.it\\\/wp-content\\\/uploads\\\/2025\\\/02\\\/cropped-logo-rond.png\",\"width\":1080,\"height\":1080,\"caption\":\"l&#039;\u00e9chapp\u00e9e close\"},\"image\":{\"@id\":\"http:\\\/\\\/lechappeeclose.it\\\/#\\\/schema\\\/logo\\\/image\\\/\"},\"sameAs\":[\"https:\\\/\\\/www.instagram.com\\\/lechappeeclose\\\/\"]}]}<\/script>\n<!-- \/ Yoast SEO plugin. -->","yoast_head_json":{"title":"O\u00f9 vont les larmes quand elles s\u00e8chent - l&#039;\u00e9chapp\u00e9e close","robots":{"index":"index","follow":"follow","max-snippet":"max-snippet:-1","max-image-preview":"max-image-preview:large","max-video-preview":"max-video-preview:-1"},"canonical":"http:\/\/lechappeeclose.it\/it\/boutique\/livres\/litterature\/romans\/ou-vont-les-larmes-quand-elles-sechent\/","og_locale":"it_IT","og_type":"article","og_title":"O\u00f9 vont les larmes quand elles s\u00e8chent - l&#039;\u00e9chapp\u00e9e close","og_description":"&#8221; M\u00e9decin le jour, \u00e9crivain la nuit, Baptiste Beaulieu m\u00eale comme personne le drame et la dr\u00f4lerie. &#8221; Le Point Jean a trente-six ans. Il fume trop, m\u00e2che des chewing-gums \u00e0 la menthe et fait ses visites de m\u00e9decin de famille \u00e0 v\u00e9lo. Il a supprim\u00e9 son num\u00e9ro de portable sur ses ordonnances. Son cabinet [&hellip;]","og_url":"http:\/\/lechappeeclose.it\/it\/boutique\/livres\/litterature\/romans\/ou-vont-les-larmes-quand-elles-sechent\/","og_site_name":"l&#039;\u00e9chapp\u00e9e close","og_image":[{"width":340,"height":340,"url":"http:\/\/lechappeeclose.it\/wp-content\/uploads\/2026\/02\/Ou-vont-les-larmes-quand-elles-sechent.jpeg","type":"image\/jpeg"}],"twitter_card":"summary_large_image","twitter_misc":{"Tempo di lettura stimato":"1 minuto"},"schema":{"@context":"https:\/\/schema.org","@graph":[{"@type":"WebPage","@id":"http:\/\/lechappeeclose.it\/boutique\/livres\/litterature\/romans\/ou-vont-les-larmes-quand-elles-sechent\/","url":"http:\/\/lechappeeclose.it\/boutique\/livres\/litterature\/romans\/ou-vont-les-larmes-quand-elles-sechent\/","name":"O\u00f9 vont les larmes quand elles s\u00e8chent - l&#039;\u00e9chapp\u00e9e close","isPartOf":{"@id":"http:\/\/lechappeeclose.it\/#website"},"primaryImageOfPage":{"@id":"http:\/\/lechappeeclose.it\/boutique\/livres\/litterature\/romans\/ou-vont-les-larmes-quand-elles-sechent\/#primaryimage"},"image":{"@id":"http:\/\/lechappeeclose.it\/boutique\/livres\/litterature\/romans\/ou-vont-les-larmes-quand-elles-sechent\/#primaryimage"},"thumbnailUrl":"http:\/\/lechappeeclose.it\/wp-content\/uploads\/2026\/02\/Ou-vont-les-larmes-quand-elles-sechent.jpeg","datePublished":"2026-02-18T17:50:26+00:00","breadcrumb":{"@id":"http:\/\/lechappeeclose.it\/boutique\/livres\/litterature\/romans\/ou-vont-les-larmes-quand-elles-sechent\/#breadcrumb"},"inLanguage":"it-IT","potentialAction":[{"@type":"ReadAction","target":["http:\/\/lechappeeclose.it\/boutique\/livres\/litterature\/romans\/ou-vont-les-larmes-quand-elles-sechent\/"]}]},{"@type":"ImageObject","inLanguage":"it-IT","@id":"http:\/\/lechappeeclose.it\/boutique\/livres\/litterature\/romans\/ou-vont-les-larmes-quand-elles-sechent\/#primaryimage","url":"http:\/\/lechappeeclose.it\/wp-content\/uploads\/2026\/02\/Ou-vont-les-larmes-quand-elles-sechent.jpeg","contentUrl":"http:\/\/lechappeeclose.it\/wp-content\/uploads\/2026\/02\/Ou-vont-les-larmes-quand-elles-sechent.jpeg","width":340,"height":340},{"@type":"BreadcrumbList","@id":"http:\/\/lechappeeclose.it\/boutique\/livres\/litterature\/romans\/ou-vont-les-larmes-quand-elles-sechent\/#breadcrumb","itemListElement":[{"@type":"ListItem","position":1,"name":"Accueil","item":"http:\/\/lechappeeclose.it\/"},{"@type":"ListItem","position":2,"name":"Boutique","item":"http:\/\/lechappeeclose.it\/it\/boutique\/"},{"@type":"ListItem","position":3,"name":"O\u00f9 vont les larmes quand elles s\u00e8chent"}]},{"@type":"WebSite","@id":"http:\/\/lechappeeclose.it\/#website","url":"http:\/\/lechappeeclose.it\/","name":"l&#039;\u00e9chapp\u00e9e close","description":"La libreria francese di Milano","publisher":{"@id":"http:\/\/lechappeeclose.it\/#organization"},"alternateName":"La librairie fran\u00e7aise de Milan","potentialAction":[{"@type":"SearchAction","target":{"@type":"EntryPoint","urlTemplate":"http:\/\/lechappeeclose.it\/?s={search_term_string}"},"query-input":{"@type":"PropertyValueSpecification","valueRequired":true,"valueName":"search_term_string"}}],"inLanguage":"it-IT"},{"@type":"Organization","@id":"http:\/\/lechappeeclose.it\/#organization","name":"l&#039;\u00e9chapp\u00e9e close","url":"http:\/\/lechappeeclose.it\/","logo":{"@type":"ImageObject","inLanguage":"it-IT","@id":"http:\/\/lechappeeclose.it\/#\/schema\/logo\/image\/","url":"http:\/\/lechappeeclose.it\/wp-content\/uploads\/2025\/02\/cropped-logo-rond.png","contentUrl":"http:\/\/lechappeeclose.it\/wp-content\/uploads\/2025\/02\/cropped-logo-rond.png","width":1080,"height":1080,"caption":"l&#039;\u00e9chapp\u00e9e close"},"image":{"@id":"http:\/\/lechappeeclose.it\/#\/schema\/logo\/image\/"},"sameAs":["https:\/\/www.instagram.com\/lechappeeclose\/"]}]}},"_links":{"self":[{"href":"http:\/\/lechappeeclose.it\/it\/wp-json\/wp\/v2\/product\/12864","targetHints":{"allow":["GET"]}}],"collection":[{"href":"http:\/\/lechappeeclose.it\/it\/wp-json\/wp\/v2\/product"}],"about":[{"href":"http:\/\/lechappeeclose.it\/it\/wp-json\/wp\/v2\/types\/product"}],"replies":[{"embeddable":true,"href":"http:\/\/lechappeeclose.it\/it\/wp-json\/wp\/v2\/comments?post=12864"}],"wp:featuredmedia":[{"embeddable":true,"href":"http:\/\/lechappeeclose.it\/it\/wp-json\/wp\/v2\/media\/12863"}],"wp:attachment":[{"href":"http:\/\/lechappeeclose.it\/it\/wp-json\/wp\/v2\/media?parent=12864"}],"wp:term":[{"taxonomy":"product_brand","embeddable":true,"href":"http:\/\/lechappeeclose.it\/it\/wp-json\/wp\/v2\/product_brand?post=12864"},{"taxonomy":"product_cat","embeddable":true,"href":"http:\/\/lechappeeclose.it\/it\/wp-json\/wp\/v2\/product_cat?post=12864"},{"taxonomy":"product_tag","embeddable":true,"href":"http:\/\/lechappeeclose.it\/it\/wp-json\/wp\/v2\/product_tag?post=12864"}],"curies":[{"name":"wp","href":"https:\/\/api.w.org\/{rel}","templated":true}]}}